{"id":2015,"date":"2022-04-13T10:38:14","date_gmt":"2022-04-13T08:38:14","guid":{"rendered":"https:\/\/pistonaddict.com\/naidisleht\/"},"modified":"2022-05-04T18:00:15","modified_gmt":"2022-05-04T16:00:15","slug":"naidisleht","status":"publish","type":"page","link":"https:\/\/pistonaddict.com\/et\/naidisleht\/","title":{"rendered":"N\u00e4idisleht"},"content":{"rendered":"\n<p>See on n\u00e4idisleht. See erineb ajaveebi postitusest, kuna see j\u00e4\u00e4b \u00fchte kohta ja kuvatakse teie saidi navigeerimismen\u00fc\u00fcs (enamiku teemade puhul). Enamik inimesi alustab lehelt \u201eTeave\u201d, mis tutvustab neid saiti k\u00fclastavatele inimestele. See v\u00f5iks v\u00e4lja n\u00e4ha umbes selline:<\/p>\n\n<blockquote class=\"wp-block-quote\"><p>Tere hommikust ! Olen mehaanik, kes soovib saada n\u00e4itlejaks ja see on minu sait. Ma elan Bordeaux&#8217;s, mul on suurep\u00e4rane koer nimega Russell ja ma armastan viina (samuti \u00fcllatab mind \u00e4kiline vihm p\u00e4ikeseloojangul pikkadel jalutusk\u00e4ikudel rannas).<\/p><\/blockquote>\n\n<p>\u2026v\u00f5i midagi sellist:<\/p>\n\n<blockquote class=\"wp-block-quote\"><p>Ettev\u00f5te 123 Machin Truc loodi 1971. aastal ja on sellest ajast peale j\u00e4tkanud avalikkusele kvaliteetsete vidinate pakkumist. Saint-Remy-en-Bouzemont-Saint-Genest-et-Issonis asuv 123 Machin Truc annab t\u00f6\u00f6d 2000 inimesele ja toodab Bouzemonti kogukonnale igasuguseid suurep\u00e4raseid vidinaid.<\/p><\/blockquote>\n\n<p>Uue WordPressi kasutajana peaksite selle lehe kustutamiseks ja oma sisu jaoks uute lehtede loomiseks minema <a href=\"https:\/\/pistonaddict.com\/wp-admin\/\">oma juhtpaneelile<\/a> . L\u00f5butse h\u00e4sti !<\/p>\n","protected":false},"excerpt":{"rendered":"<p>See on n\u00e4idisleht. See erineb ajaveebi postitusest, kuna see j\u00e4\u00e4b \u00fchte kohta ja kuvatakse teie saidi navigeerimismen\u00fc\u00fcs (enamiku teemade puhul). Enamik inimesi alustab lehelt \u201eTeave\u201d, mis tutvustab neid saiti k\u00fclastavatele inimestele. See v\u00f5iks v\u00e4lja n\u00e4ha umbes selline: Tere hommikust ! Olen mehaanik, kes soovib saada n\u00e4itlejaks ja see on minu sait. Ma elan Bordeaux&#8217;s, mul &#8230; <a title=\"N\u00e4idisleht\" class=\"read-more\" href=\"https:\/\/pistonaddict.com\/et\/naidisleht\/\">Loe edasi<span class=\"screen-reader-text\">N\u00e4idisleht<\/span><\/a><\/p>\n","protected":false},"author":1,"featured_media":0,"parent":0,"menu_order":0,"comment_status":"closed","ping_status":"closed","template":"","meta":{"inline_featured_image":false,"footnotes":""},"acf":[],"yoast_head":"<!-- This site is optimized with the Yoast SEO plugin v22.5 - https:\/\/yoast.com\/wordpress\/plugins\/seo\/ -->\n<title>N\u00e4idisleht - Piston Addict<\/title>\n<meta name=\"robots\" content=\"index, follow, max-snippet:-1, max-image-preview:large, max-video-preview:-1\" \/>\n<link rel=\"canonical\" href=\"https:\/\/pistonaddict.com\/et\/naidisleht\/\" \/>\n<meta property=\"og:locale\" content=\"et_EE\" \/>\n<meta property=\"og:type\" content=\"article\" \/>\n<meta property=\"og:title\" content=\"N\u00e4idisleht - Piston Addict\" \/>\n<meta property=\"og:description\" content=\"See on n\u00e4idisleht. See erineb ajaveebi postitusest, kuna see j\u00e4\u00e4b \u00fchte kohta ja kuvatakse teie saidi navigeerimismen\u00fc\u00fcs (enamiku teemade puhul). Enamik inimesi alustab lehelt \u201eTeave\u201d, mis tutvustab neid saiti k\u00fclastavatele inimestele. See v\u00f5iks v\u00e4lja n\u00e4ha umbes selline: Tere hommikust ! Olen mehaanik, kes soovib saada n\u00e4itlejaks ja see on minu sait. Ma elan Bordeaux&#8217;s, mul ... Loe edasiN\u00e4idisleht\" \/>\n<meta property=\"og:url\" content=\"https:\/\/pistonaddict.com\/et\/naidisleht\/\" \/>\n<meta property=\"og:site_name\" content=\"Piston Addict\" \/>\n<meta property=\"article:modified_time\" content=\"2022-05-04T16:00:15+00:00\" \/>\n<meta name=\"twitter:card\" content=\"summary_large_image\" \/>\n<meta name=\"twitter:label1\" content=\"Est. reading time\" \/>\n\t<meta name=\"twitter:data1\" content=\"1 minut\" \/>\n<script type=\"application\/ld+json\" class=\"yoast-schema-graph\">{\"@context\":\"https:\/\/schema.org\",\"@graph\":[{\"@type\":\"WebPage\",\"@id\":\"https:\/\/pistonaddict.com\/et\/naidisleht\/\",\"url\":\"https:\/\/pistonaddict.com\/et\/naidisleht\/\",\"name\":\"N\u00e4idisleht - Piston Addict\",\"isPartOf\":{\"@id\":\"https:\/\/pistonaddict.com\/et\/#website\"},\"datePublished\":\"2022-04-13T08:38:14+00:00\",\"dateModified\":\"2022-05-04T16:00:15+00:00\",\"breadcrumb\":{\"@id\":\"https:\/\/pistonaddict.com\/et\/naidisleht\/#breadcrumb\"},\"inLanguage\":\"et\",\"potentialAction\":[{\"@type\":\"ReadAction\",\"target\":[\"https:\/\/pistonaddict.com\/et\/naidisleht\/\"]}]},{\"@type\":\"BreadcrumbList\",\"@id\":\"https:\/\/pistonaddict.com\/et\/naidisleht\/#breadcrumb\",\"itemListElement\":[{\"@type\":\"ListItem\",\"position\":1,\"name\":\"Koduleht\",\"item\":\"https:\/\/pistonaddict.com\/et\/koduleht-2\/\"},{\"@type\":\"ListItem\",\"position\":2,\"name\":\"N\u00e4idisleht\"}]},{\"@type\":\"WebSite\",\"@id\":\"https:\/\/pistonaddict.com\/et\/#website\",\"url\":\"https:\/\/pistonaddict.com\/et\/\",\"name\":\"Piston Addict\",\"description\":\"Only interesting vehicles\",\"publisher\":{\"@id\":\"https:\/\/pistonaddict.com\/et\/#organization\"},\"potentialAction\":[{\"@type\":\"SearchAction\",\"target\":{\"@type\":\"EntryPoint\",\"urlTemplate\":\"https:\/\/pistonaddict.com\/et\/?s={search_term_string}\"},\"query-input\":\"required name=search_term_string\"}],\"inLanguage\":\"et\"},{\"@type\":\"Organization\",\"@id\":\"https:\/\/pistonaddict.com\/et\/#organization\",\"name\":\"Piston Addict\",\"url\":\"https:\/\/pistonaddict.com\/et\/\",\"logo\":{\"@type\":\"ImageObject\",\"inLanguage\":\"et\",\"@id\":\"https:\/\/pistonaddict.com\/et\/#\/schema\/logo\/image\/\",\"url\":\"https:\/\/pistonaddict.com\/wp-content\/uploads\/2022\/07\/logo-6.png\",\"contentUrl\":\"https:\/\/pistonaddict.com\/wp-content\/uploads\/2022\/07\/logo-6.png\",\"width\":970,\"height\":200,\"caption\":\"Piston Addict\"},\"image\":{\"@id\":\"https:\/\/pistonaddict.com\/et\/#\/schema\/logo\/image\/\"}}]}<\/script>\n<!-- \/ Yoast SEO plugin. -->","yoast_head_json":{"title":"N\u00e4idisleht - Piston Addict","robots":{"index":"index","follow":"follow","max-snippet":"max-snippet:-1","max-image-preview":"max-image-preview:large","max-video-preview":"max-video-preview:-1"},"canonical":"https:\/\/pistonaddict.com\/et\/naidisleht\/","og_locale":"et_EE","og_type":"article","og_title":"N\u00e4idisleht - Piston Addict","og_description":"See on n\u00e4idisleht. See erineb ajaveebi postitusest, kuna see j\u00e4\u00e4b \u00fchte kohta ja kuvatakse teie saidi navigeerimismen\u00fc\u00fcs (enamiku teemade puhul). Enamik inimesi alustab lehelt \u201eTeave\u201d, mis tutvustab neid saiti k\u00fclastavatele inimestele. See v\u00f5iks v\u00e4lja n\u00e4ha umbes selline: Tere hommikust ! Olen mehaanik, kes soovib saada n\u00e4itlejaks ja see on minu sait. Ma elan Bordeaux&#8217;s, mul ... Loe edasiN\u00e4idisleht","og_url":"https:\/\/pistonaddict.com\/et\/naidisleht\/","og_site_name":"Piston Addict","article_modified_time":"2022-05-04T16:00:15+00:00","twitter_card":"summary_large_image","twitter_misc":{"Est. reading time":"1 minut"},"schema":{"@context":"https:\/\/schema.org","@graph":[{"@type":"WebPage","@id":"https:\/\/pistonaddict.com\/et\/naidisleht\/","url":"https:\/\/pistonaddict.com\/et\/naidisleht\/","name":"N\u00e4idisleht - Piston Addict","isPartOf":{"@id":"https:\/\/pistonaddict.com\/et\/#website"},"datePublished":"2022-04-13T08:38:14+00:00","dateModified":"2022-05-04T16:00:15+00:00","breadcrumb":{"@id":"https:\/\/pistonaddict.com\/et\/naidisleht\/#breadcrumb"},"inLanguage":"et","potentialAction":[{"@type":"ReadAction","target":["https:\/\/pistonaddict.com\/et\/naidisleht\/"]}]},{"@type":"BreadcrumbList","@id":"https:\/\/pistonaddict.com\/et\/naidisleht\/#breadcrumb","itemListElement":[{"@type":"ListItem","position":1,"name":"Koduleht","item":"https:\/\/pistonaddict.com\/et\/koduleht-2\/"},{"@type":"ListItem","position":2,"name":"N\u00e4idisleht"}]},{"@type":"WebSite","@id":"https:\/\/pistonaddict.com\/et\/#website","url":"https:\/\/pistonaddict.com\/et\/","name":"Piston Addict","description":"Only interesting vehicles","publisher":{"@id":"https:\/\/pistonaddict.com\/et\/#organization"},"potentialAction":[{"@type":"SearchAction","target":{"@type":"EntryPoint","urlTemplate":"https:\/\/pistonaddict.com\/et\/?s={search_term_string}"},"query-input":"required name=search_term_string"}],"inLanguage":"et"},{"@type":"Organization","@id":"https:\/\/pistonaddict.com\/et\/#organization","name":"Piston Addict","url":"https:\/\/pistonaddict.com\/et\/","logo":{"@type":"ImageObject","inLanguage":"et","@id":"https:\/\/pistonaddict.com\/et\/#\/schema\/logo\/image\/","url":"https:\/\/pistonaddict.com\/wp-content\/uploads\/2022\/07\/logo-6.png","contentUrl":"https:\/\/pistonaddict.com\/wp-content\/uploads\/2022\/07\/logo-6.png","width":970,"height":200,"caption":"Piston Addict"},"image":{"@id":"https:\/\/pistonaddict.com\/et\/#\/schema\/logo\/image\/"}}]}},"_links":{"self":[{"href":"https:\/\/pistonaddict.com\/et\/wp-json\/wp\/v2\/pages\/2015"}],"collection":[{"href":"https:\/\/pistonaddict.com\/et\/wp-json\/wp\/v2\/pages"}],"about":[{"href":"https:\/\/pistonaddict.com\/et\/wp-json\/wp\/v2\/types\/page"}],"author":[{"embeddable":true,"href":"https:\/\/pistonaddict.com\/et\/wp-json\/wp\/v2\/users\/1"}],"replies":[{"embeddable":true,"href":"https:\/\/pistonaddict.com\/et\/wp-json\/wp\/v2\/comments?post=2015"}],"version-history":[{"count":3,"href":"https:\/\/pistonaddict.com\/et\/wp-json\/wp\/v2\/pages\/2015\/revisions"}],"predecessor-version":[{"id":4370,"href":"https:\/\/pistonaddict.com\/et\/wp-json\/wp\/v2\/pages\/2015\/revisions\/4370"}],"wp:attachment":[{"href":"https:\/\/pistonaddict.com\/et\/wp-json\/wp\/v2\/media?parent=2015"}],"curies":[{"name":"wp","href":"https:\/\/api.w.org\/{rel}","templated":true}]}}