{"id":19016,"date":"2022-04-20T13:00:00","date_gmt":"2022-04-20T11:00:00","guid":{"rendered":"https:\/\/pistonaddict.com\/meie-kohta\/"},"modified":"2023-11-14T17:53:09","modified_gmt":"2023-11-14T16:53:09","slug":"meie-kohta","status":"publish","type":"page","link":"https:\/\/pistonaddict.com\/et\/meie-kohta\/","title":{"rendered":"Meie kohta"},"content":{"rendered":"\t\t<div data-elementor-type=\"wp-page\" data-elementor-id=\"19016\" class=\"elementor elementor-19016 elementor-2278\">\n\t\t\t\t\t\t<section class=\"elementor-section elementor-top-section elementor-element elementor-element-3668bb8 elementor-section-full_width elementor-section-content-middle banniere-page elementor-section-height-default elementor-section-height-default\" data-id=\"3668bb8\" data-element_type=\"section\" data-settings=\"{&quot;background_background&quot;:&quot;classic&quot;}\">\n\t\t\t\t\t\t<div class=\"elementor-container elementor-column-gap-default\">\n\t\t\t\t\t<div class=\"elementor-column elementor-col-100 elementor-top-column elementor-element elementor-element-b2088b2\" data-id=\"b2088b2\" data-element_type=\"column\">\n\t\t\t<div class=\"elementor-widget-wrap elementor-element-populated\">\n\t\t\t\t\t\t<div class=\"elementor-element elementor-element-26e06c0 elementor-widget elementor-widget-heading\" data-id=\"26e06c0\" data-element_type=\"widget\" data-widget_type=\"heading.default\">\n\t\t\t\t<div class=\"elementor-widget-container\">\n\t\t\t<style>\/*! elementor - v3.21.0 - 18-04-2024 *\/\n.elementor-heading-title{padding:0;margin:0;line-height:1}.elementor-widget-heading .elementor-heading-title[class*=elementor-size-]>a{color:inherit;font-size:inherit;line-height:inherit}.elementor-widget-heading .elementor-heading-title.elementor-size-small{font-size:15px}.elementor-widget-heading .elementor-heading-title.elementor-size-medium{font-size:19px}.elementor-widget-heading .elementor-heading-title.elementor-size-large{font-size:29px}.elementor-widget-heading .elementor-heading-title.elementor-size-xl{font-size:39px}.elementor-widget-heading .elementor-heading-title.elementor-size-xxl{font-size:59px}<\/style><h1 class=\"elementor-heading-title elementor-size-default\">Piston Addict'i kohta<\/h1>\t\t<\/div>\n\t\t\t\t<\/div>\n\t\t\t\t\t<\/div>\n\t\t<\/div>\n\t\t\t\t\t<\/div>\n\t\t<\/section>\n\t\t\t\t<section class=\"elementor-section elementor-top-section elementor-element elementor-element-62ecd00 elementor-section-full_width descs elementor-section-height-default elementor-section-height-default\" data-id=\"62ecd00\" data-element_type=\"section\">\n\t\t\t\t\t\t<div class=\"elementor-container elementor-column-gap-default\">\n\t\t\t\t\t<div class=\"elementor-column elementor-col-100 elementor-top-column elementor-element elementor-element-cae2e10\" data-id=\"cae2e10\" data-element_type=\"column\">\n\t\t\t<div class=\"elementor-widget-wrap elementor-element-populated\">\n\t\t\t\t\t\t<div class=\"elementor-element elementor-element-174bee4 elementor-widget elementor-widget-text-editor\" data-id=\"174bee4\" data-element_type=\"widget\" data-widget_type=\"text-editor.default\">\n\t\t\t\t<div class=\"elementor-widget-container\">\n\t\t\t<style>\/*! elementor - v3.21.0 - 18-04-2024 *\/\n.elementor-widget-text-editor.elementor-drop-cap-view-stacked .elementor-drop-cap{background-color:#69727d;color:#fff}.elementor-widget-text-editor.elementor-drop-cap-view-framed .elementor-drop-cap{color:#69727d;border:3px solid;background-color:transparent}.elementor-widget-text-editor:not(.elementor-drop-cap-view-default) .elementor-drop-cap{margin-top:8px}.elementor-widget-text-editor:not(.elementor-drop-cap-view-default) .elementor-drop-cap-letter{width:1em;height:1em}.elementor-widget-text-editor .elementor-drop-cap{float:left;text-align:center;line-height:1;font-size:50px}.elementor-widget-text-editor .elementor-drop-cap-letter{display:inline-block}<\/style>\t\t\t\t<h2>Meie ajalugu<\/h2>\nPiston Addict on erakordsetele s\u00f5idukitele spetsialiseerunud veebip\u00f5hine oksjoniplatvorm.\n\nKuna oleme autohuvilised juba varakult, oli meie jaoks oluline muuta autode ja mootorrataste m\u00fc\u00fck ja ostmine k\u00e4ttesaadavamaks, v\u00f5imaldades teil m\u00fc\u00fca v\u00f5i osta s\u00f5idukit, kus iganes te ka ei viibiksite.\n\nPiston Addict s\u00fcndis sooviga muuta kasutatud s\u00f5idukite turg k\u00f5ige lihtsamalt, sujuvamalt ja l\u00e4bipaistvamalt, k\u00f5ik, mida vajate p\u00f5nevate s\u00f5idukite omandamiseks ja m\u00fc\u00fcmiseks, on vaid \u00fcks kl\u00f5ps v\u00f5i oksjon.\n\n<b>K\u00e4ivitasid entusiastid, valdkonna professionaalid, kellel on enam kui 20-aastane kogemus autovaldkonnas.<\/b>, mille taga on kontsern, mille k\u00e4ive on viimase 10 aasta jooksul \u00fcletanud 500 miljonit eurot ja mille aktsion\u00e4rid on viimase 30 aasta jooksul kogunud erakordseid s\u00f5idukeid, kellel oli v\u00f5imalus omada legendaarseid autosid, nagu n\u00e4iteks  <a href=\"https:\/\/pistonaddict.com\/et\/muua-ferrari-250-gto\/\">Ferrari 250 GTO<\/a>,  <a href=\"https:\/\/pistonaddict.com\/et\/ferrari-250-gt-swb-muugiks-oksjonil\/\">Ferrari 250 GT SWB<\/a>, <a href=\"https:\/\/pistonaddict.com\/et\/muua-lamborghini-miura\/\">Lamborghini Miura SV<\/a>, <a href=\"https:\/\/pistonaddict.com\/et\/porsche-959-oksjonil-muugiks\/\">Porsche 959<\/a>, <a href=\"https:\/\/pistonaddict.com\/et\/muua-shelby-ac-cobra\/\">AC Cobra<\/a> v\u00f5i <a href=\"https:\/\/pistonaddict.com\/et\/maserati-5000-gt-oksjonil-muugiks\/\">Maserati 5000 GT<\/a>.\n\nSoov jagada oma kirge ajendab meid Piston Addict&#8217;i loomisel.\n<h2><\/h2>\n<h2>Kuidas me t\u00f6\u00f6tame<\/h2>\nPiston Addict leiutab uuesti klassikaliste, kollektsioneeritavate ja entusiastlike s\u00f5idukite m\u00fc\u00fcmise v\u00f5i ostmise viisi.\n\nMe uurime iga esitatud s\u00f5idukit suurima t\u00e4helepanuga: Piston Addictis on meeskond entusiaste, kes on vanade ja kaasaegsete mootors\u00f5idukite eksperdid.\n\nMeie oksjonid pakuvad t\u00e4ielikku l\u00e4bipaistvust, p\u00f5hjalikumaid nimekirju ja \u00f5iglasi tasusid v\u00f5rreldes traditsiooniliste platvormidega. Me valime laias valikus kaubam\u00e4rke, mudeleid ja s\u00f5idukit\u00fc\u00fcpe, me tahame n\u00e4ha nii palju kui v\u00f5imalik!\n\t<div id=\"hp-videos\" class=\"internal-page\">\n\t\t\t\t\t<div class=\"row\">\n\t\t\t\t\t\t\t\t\t\t\t\t\t\t\t<div class=\"col-2\">\n\t\t\t\t\t\t\t<div class=\"titre\">Kuidas m\u00fc\u00fca autot ?<\/div>\n\t\t\t\t\t\t\t<div class=\"video\"><iframe width=\"560\" height=\"315\" src=\"https:\/\/www.youtube.com\/embed\/O3Y_LGkk7SA?si=lrPDABSM1_VbMAty&#038;cc_load_policy=1&#038;cc_lang_pref=et\" title=\"YouTube video player\" frameborder=\"0\" allow=\"accelerometer; autoplay; clipboard-write; encrypted-media; gyroscope; picture-in-picture; web-share\" allowfullscreen><\/iframe><\/div>\n\t\t\t\t\t\t<\/div>\n\t\t\t\t\t\t\t\t\t\t\t\t\t\t\t\t\t\t\t\t<div class=\"col-2\">\n\t\t\t\t\t\t\t<div class=\"titre\">Kuidas osta autot ?<\/div>\n\t\t\t\t\t\t\t<div class=\"video\"><iframe width=\"560\" height=\"315\" src=\"https:\/\/www.youtube.com\/embed\/rpL_CWBVwKk?si=Inx_LsS68MsBiaVq&#038;cc_load_policy=1&#038;cc_lang_pref=et\" title=\"YouTube video player\" frameborder=\"0\" allow=\"accelerometer; autoplay; clipboard-write; encrypted-media; gyroscope; picture-in-picture; web-share\" allowfullscreen><\/iframe><\/div>\n\t\t\t\t\t\t<\/div>\n\t\t\t\t\t\t\t\t\t\t\t\t<\/div>\n\t\t\t<\/div>\n\t\t\n<div class=\"grid-container\" id=\"logos-mag\">\n\t    \t<h3>Esindatud j\u00e4rgmistes ajakirjades<\/h3>\n    \t<div class=\"c-logos-mag\">\n\t\t\t                                \t<div>\n                    \t<img \n                        \tsrc=\"https:\/\/pistonaddict.com\/wp-content\/uploads\/2023\/11\/1-logo-sport-auto-300x300-couleur.png\" \n                            alt=\"Sport Auto\" \n                        \ttitle=\"Sport Auto\" class=\"responsive-img\" \/>\n                    <\/div>\n                                                            \t<div>\n                    \t<img \n                        \tsrc=\"https:\/\/pistonaddict.com\/wp-content\/uploads\/2023\/11\/2-logo-auto-epca-300x300-couleur.png\" \n                            alt=\"Auto d\u2019Epoca\" \n                        \ttitle=\"Auto d\u2019Epoca\" class=\"responsive-img\" \/>\n                    <\/div>\n                                                            \t<div>\n                    \t<img \n                        \tsrc=\"https:\/\/pistonaddict.com\/wp-content\/uploads\/2023\/11\/3-logo-classic-300x300-couleur.png\" \n                            alt=\"Classic &amp; Sports Car\" \n                        \ttitle=\"Classic &amp; Sports Car\" class=\"responsive-img\" \/>\n                    <\/div>\n                                                            \t<div>\n                    \t<img \n                        \tsrc=\"https:\/\/pistonaddict.com\/wp-content\/uploads\/2023\/11\/4-logo-motor-klassik-300x300-couleur.png\" \n                            alt=\"Motor Klassik\" \n                        \ttitle=\"Motor Klassik\" class=\"responsive-img\" \/>\n                    <\/div>\n                                                            \t<div>\n                    \t<img \n                        \tsrc=\"https:\/\/pistonaddict.com\/wp-content\/uploads\/2023\/11\/5-logo-sport-auto-classiques-300x300-couleur.png\" \n                            alt=\"Sport Auto Classiques\" \n                        \ttitle=\"Sport Auto Classiques\" class=\"responsive-img\" \/>\n                    <\/div>\n                                    <\/div>\n    <\/div>\n\t\n<h2>Kas on k\u00fcsimusi ? <a href=\"https:\/\/pistonaddict.com\/et\/vota-meiega-uhendust\/\">V\u00f5tke meiega \u00fchendust<\/a>.<\/h2>\t\t\t\t\t\t<\/div>\n\t\t\t\t<\/div>\n\t\t\t\t\t<\/div>\n\t\t<\/div>\n\t\t\t\t\t<\/div>\n\t\t<\/section>\n\t\t\t\t<section class=\"elementor-section elementor-top-section elementor-element elementor-element-38f2e81 elementor-section-content-middle story elementor-section-boxed elementor-section-height-default elementor-section-height-default\" data-id=\"38f2e81\" data-element_type=\"section\" data-settings=\"{&quot;background_background&quot;:&quot;gradient&quot;}\">\n\t\t\t\t\t\t<div class=\"elementor-container elementor-column-gap-default\">\n\t\t\t\t\t<div class=\"elementor-column elementor-col-100 elementor-top-column elementor-element elementor-element-71b8e7e\" data-id=\"71b8e7e\" data-element_type=\"column\">\n\t\t\t<div class=\"elementor-widget-wrap elementor-element-populated\">\n\t\t\t\t\t\t<div class=\"elementor-element elementor-element-205cd4d elementor-widget elementor-widget-text-editor\" data-id=\"205cd4d\" data-element_type=\"widget\" data-widget_type=\"text-editor.default\">\n\t\t\t\t<div class=\"elementor-widget-container\">\n\t\t\t\t\t\t\t\n          <h3>Tunnistus<\/h3>\n          <p>Meile meeldib, kui ostjad ja m\u00fc\u00fcjad r\u00e4\u00e4givad meile headest kogemustest, mis neil on meie saidil olnud.<\/p>\n          <p>Saatke meile oma ostu- v\u00f5i m\u00fc\u00fcgilugu koos m\u00f5ne laheda fotoga ja me avaldame teie iseloomustuse.<\/p>\n          <p>\n            <a href=\"mailto:contact@pistonaddict.com\">Esitage oma iseloomustus<\/a>\n          <\/p>\n        \t\t\t\t\t\t<\/div>\n\t\t\t\t<\/div>\n\t\t\t\t\t<\/div>\n\t\t<\/div>\n\t\t\t\t\t<\/div>\n\t\t<\/section>\n\t\t\t\t<\/div>\n\t\t","protected":false},"excerpt":{"rendered":"<p>Piston Addict&#8217;i kohta Meie ajalugu Piston Addict on erakordsetele s\u00f5idukitele spetsialiseerunud veebip\u00f5hine oksjoniplatvorm. Kuna oleme autohuvilised juba varakult, oli meie jaoks oluline muuta autode ja mootorrataste m\u00fc\u00fck ja ostmine k\u00e4ttesaadavamaks, v\u00f5imaldades teil m\u00fc\u00fca v\u00f5i osta s\u00f5idukit, kus iganes te ka ei viibiksite. Piston Addict s\u00fcndis sooviga muuta kasutatud s\u00f5idukite turg k\u00f5ige lihtsamalt, sujuvamalt ja l\u00e4bipaistvamalt, &#8230; <a title=\"Meie kohta\" class=\"read-more\" href=\"https:\/\/pistonaddict.com\/et\/meie-kohta\/\">Loe edasi<span class=\"screen-reader-text\">Meie kohta<\/span><\/a><\/p>\n","protected":false},"author":1,"featured_media":0,"parent":0,"menu_order":0,"comment_status":"closed","ping_status":"closed","template":"","meta":{"inline_featured_image":false,"footnotes":""},"acf":[],"yoast_head":"<!-- This site is optimized with the Yoast SEO plugin v22.5 - https:\/\/yoast.com\/wordpress\/plugins\/seo\/ -->\n<title>Meie kohta - Piston Addict<\/title>\n<meta name=\"robots\" content=\"index, follow, max-snippet:-1, max-image-preview:large, max-video-preview:-1\" \/>\n<link rel=\"canonical\" href=\"https:\/\/pistonaddict.com\/et\/meie-kohta\/\" \/>\n<meta property=\"og:locale\" content=\"et_EE\" \/>\n<meta property=\"og:type\" content=\"article\" \/>\n<meta property=\"og:title\" content=\"Meie kohta - Piston Addict\" \/>\n<meta property=\"og:description\" content=\"Piston Addict&#8217;i kohta Meie ajalugu Piston Addict on erakordsetele s\u00f5idukitele spetsialiseerunud veebip\u00f5hine oksjoniplatvorm. Kuna oleme autohuvilised juba varakult, oli meie jaoks oluline muuta autode ja mootorrataste m\u00fc\u00fck ja ostmine k\u00e4ttesaadavamaks, v\u00f5imaldades teil m\u00fc\u00fca v\u00f5i osta s\u00f5idukit, kus iganes te ka ei viibiksite. Piston Addict s\u00fcndis sooviga muuta kasutatud s\u00f5idukite turg k\u00f5ige lihtsamalt, sujuvamalt ja l\u00e4bipaistvamalt, ... Loe edasiMeie kohta\" \/>\n<meta property=\"og:url\" content=\"https:\/\/pistonaddict.com\/et\/meie-kohta\/\" \/>\n<meta property=\"og:site_name\" content=\"Piston Addict\" \/>\n<meta property=\"article:modified_time\" content=\"2023-11-14T16:53:09+00:00\" \/>\n<meta name=\"twitter:card\" content=\"summary_large_image\" \/>\n<meta name=\"twitter:label1\" content=\"Est. reading time\" \/>\n\t<meta name=\"twitter:data1\" content=\"1 minut\" \/>\n<script type=\"application\/ld+json\" class=\"yoast-schema-graph\">{\"@context\":\"https:\/\/schema.org\",\"@graph\":[{\"@type\":\"WebPage\",\"@id\":\"https:\/\/pistonaddict.com\/et\/meie-kohta\/\",\"url\":\"https:\/\/pistonaddict.com\/et\/meie-kohta\/\",\"name\":\"Meie kohta - Piston Addict\",\"isPartOf\":{\"@id\":\"https:\/\/pistonaddict.com\/et\/#website\"},\"datePublished\":\"2022-04-20T11:00:00+00:00\",\"dateModified\":\"2023-11-14T16:53:09+00:00\",\"breadcrumb\":{\"@id\":\"https:\/\/pistonaddict.com\/et\/meie-kohta\/#breadcrumb\"},\"inLanguage\":\"et\",\"potentialAction\":[{\"@type\":\"ReadAction\",\"target\":[\"https:\/\/pistonaddict.com\/et\/meie-kohta\/\"]}]},{\"@type\":\"BreadcrumbList\",\"@id\":\"https:\/\/pistonaddict.com\/et\/meie-kohta\/#breadcrumb\",\"itemListElement\":[{\"@type\":\"ListItem\",\"position\":1,\"name\":\"Koduleht\",\"item\":\"https:\/\/pistonaddict.com\/et\/koduleht-2\/\"},{\"@type\":\"ListItem\",\"position\":2,\"name\":\"Meie kohta\"}]},{\"@type\":\"WebSite\",\"@id\":\"https:\/\/pistonaddict.com\/et\/#website\",\"url\":\"https:\/\/pistonaddict.com\/et\/\",\"name\":\"Piston Addict\",\"description\":\"Only interesting vehicles\",\"publisher\":{\"@id\":\"https:\/\/pistonaddict.com\/et\/#organization\"},\"potentialAction\":[{\"@type\":\"SearchAction\",\"target\":{\"@type\":\"EntryPoint\",\"urlTemplate\":\"https:\/\/pistonaddict.com\/et\/?s={search_term_string}\"},\"query-input\":\"required name=search_term_string\"}],\"inLanguage\":\"et\"},{\"@type\":\"Organization\",\"@id\":\"https:\/\/pistonaddict.com\/et\/#organization\",\"name\":\"Piston Addict\",\"url\":\"https:\/\/pistonaddict.com\/et\/\",\"logo\":{\"@type\":\"ImageObject\",\"inLanguage\":\"et\",\"@id\":\"https:\/\/pistonaddict.com\/et\/#\/schema\/logo\/image\/\",\"url\":\"https:\/\/pistonaddict.com\/wp-content\/uploads\/2022\/07\/logo-6.png\",\"contentUrl\":\"https:\/\/pistonaddict.com\/wp-content\/uploads\/2022\/07\/logo-6.png\",\"width\":970,\"height\":200,\"caption\":\"Piston Addict\"},\"image\":{\"@id\":\"https:\/\/pistonaddict.com\/et\/#\/schema\/logo\/image\/\"}}]}<\/script>\n<!-- \/ Yoast SEO plugin. -->","yoast_head_json":{"title":"Meie kohta - Piston Addict","robots":{"index":"index","follow":"follow","max-snippet":"max-snippet:-1","max-image-preview":"max-image-preview:large","max-video-preview":"max-video-preview:-1"},"canonical":"https:\/\/pistonaddict.com\/et\/meie-kohta\/","og_locale":"et_EE","og_type":"article","og_title":"Meie kohta - Piston Addict","og_description":"Piston Addict&#8217;i kohta Meie ajalugu Piston Addict on erakordsetele s\u00f5idukitele spetsialiseerunud veebip\u00f5hine oksjoniplatvorm. Kuna oleme autohuvilised juba varakult, oli meie jaoks oluline muuta autode ja mootorrataste m\u00fc\u00fck ja ostmine k\u00e4ttesaadavamaks, v\u00f5imaldades teil m\u00fc\u00fca v\u00f5i osta s\u00f5idukit, kus iganes te ka ei viibiksite. Piston Addict s\u00fcndis sooviga muuta kasutatud s\u00f5idukite turg k\u00f5ige lihtsamalt, sujuvamalt ja l\u00e4bipaistvamalt, ... Loe edasiMeie kohta","og_url":"https:\/\/pistonaddict.com\/et\/meie-kohta\/","og_site_name":"Piston Addict","article_modified_time":"2023-11-14T16:53:09+00:00","twitter_card":"summary_large_image","twitter_misc":{"Est. reading time":"1 minut"},"schema":{"@context":"https:\/\/schema.org","@graph":[{"@type":"WebPage","@id":"https:\/\/pistonaddict.com\/et\/meie-kohta\/","url":"https:\/\/pistonaddict.com\/et\/meie-kohta\/","name":"Meie kohta - Piston Addict","isPartOf":{"@id":"https:\/\/pistonaddict.com\/et\/#website"},"datePublished":"2022-04-20T11:00:00+00:00","dateModified":"2023-11-14T16:53:09+00:00","breadcrumb":{"@id":"https:\/\/pistonaddict.com\/et\/meie-kohta\/#breadcrumb"},"inLanguage":"et","potentialAction":[{"@type":"ReadAction","target":["https:\/\/pistonaddict.com\/et\/meie-kohta\/"]}]},{"@type":"BreadcrumbList","@id":"https:\/\/pistonaddict.com\/et\/meie-kohta\/#breadcrumb","itemListElement":[{"@type":"ListItem","position":1,"name":"Koduleht","item":"https:\/\/pistonaddict.com\/et\/koduleht-2\/"},{"@type":"ListItem","position":2,"name":"Meie kohta"}]},{"@type":"WebSite","@id":"https:\/\/pistonaddict.com\/et\/#website","url":"https:\/\/pistonaddict.com\/et\/","name":"Piston Addict","description":"Only interesting vehicles","publisher":{"@id":"https:\/\/pistonaddict.com\/et\/#organization"},"potentialAction":[{"@type":"SearchAction","target":{"@type":"EntryPoint","urlTemplate":"https:\/\/pistonaddict.com\/et\/?s={search_term_string}"},"query-input":"required name=search_term_string"}],"inLanguage":"et"},{"@type":"Organization","@id":"https:\/\/pistonaddict.com\/et\/#organization","name":"Piston Addict","url":"https:\/\/pistonaddict.com\/et\/","logo":{"@type":"ImageObject","inLanguage":"et","@id":"https:\/\/pistonaddict.com\/et\/#\/schema\/logo\/image\/","url":"https:\/\/pistonaddict.com\/wp-content\/uploads\/2022\/07\/logo-6.png","contentUrl":"https:\/\/pistonaddict.com\/wp-content\/uploads\/2022\/07\/logo-6.png","width":970,"height":200,"caption":"Piston Addict"},"image":{"@id":"https:\/\/pistonaddict.com\/et\/#\/schema\/logo\/image\/"}}]}},"_links":{"self":[{"href":"https:\/\/pistonaddict.com\/et\/wp-json\/wp\/v2\/pages\/19016"}],"collection":[{"href":"https:\/\/pistonaddict.com\/et\/wp-json\/wp\/v2\/pages"}],"about":[{"href":"https:\/\/pistonaddict.com\/et\/wp-json\/wp\/v2\/types\/page"}],"author":[{"embeddable":true,"href":"https:\/\/pistonaddict.com\/et\/wp-json\/wp\/v2\/users\/1"}],"replies":[{"embeddable":true,"href":"https:\/\/pistonaddict.com\/et\/wp-json\/wp\/v2\/comments?post=19016"}],"version-history":[{"count":17,"href":"https:\/\/pistonaddict.com\/et\/wp-json\/wp\/v2\/pages\/19016\/revisions"}],"predecessor-version":[{"id":70329,"href":"https:\/\/pistonaddict.com\/et\/wp-json\/wp\/v2\/pages\/19016\/revisions\/70329"}],"wp:attachment":[{"href":"https:\/\/pistonaddict.com\/et\/wp-json\/wp\/v2\/media?parent=19016"}],"curies":[{"name":"wp","href":"https:\/\/api.w.org\/{rel}","templated":true}]}}