{"id":10106,"date":"2022-06-12T14:30:57","date_gmt":"2022-06-12T12:30:57","guid":{"rendered":"https:\/\/pistonaddict.com\/tellimus\/"},"modified":"2023-10-03T14:38:03","modified_gmt":"2023-10-03T12:38:03","slug":"tellimus","status":"publish","type":"page","link":"https:\/\/pistonaddict.com\/et\/tellimus\/","title":{"rendered":"Esitamine"},"content":{"rendered":"\t\t<div data-elementor-type=\"wp-page\" data-elementor-id=\"10106\" class=\"elementor elementor-10106 elementor-10099\">\n\t\t\t\t\t\t<section class=\"elementor-section elementor-top-section elementor-element elementor-element-68d07eba elementor-section-full_width elementor-section-content-middle banniere-page elementor-section-height-default elementor-section-height-default\" data-id=\"68d07eba\" data-element_type=\"section\" data-settings=\"{&quot;background_background&quot;:&quot;classic&quot;}\">\n\t\t\t\t\t\t<div class=\"elementor-container elementor-column-gap-default\">\n\t\t\t\t\t<div class=\"elementor-column elementor-col-100 elementor-top-column elementor-element elementor-element-2f2c0a0f\" data-id=\"2f2c0a0f\" data-element_type=\"column\">\n\t\t\t<div class=\"elementor-widget-wrap elementor-element-populated\">\n\t\t\t\t\t\t<div class=\"elementor-element elementor-element-66f0411e elementor-widget elementor-widget-heading\" data-id=\"66f0411e\" data-element_type=\"widget\" data-widget_type=\"heading.default\">\n\t\t\t\t<div class=\"elementor-widget-container\">\n\t\t\t<style>\/*! elementor - v3.21.0 - 18-04-2024 *\/\n.elementor-heading-title{padding:0;margin:0;line-height:1}.elementor-widget-heading .elementor-heading-title[class*=elementor-size-]>a{color:inherit;font-size:inherit;line-height:inherit}.elementor-widget-heading .elementor-heading-title.elementor-size-small{font-size:15px}.elementor-widget-heading .elementor-heading-title.elementor-size-medium{font-size:19px}.elementor-widget-heading .elementor-heading-title.elementor-size-large{font-size:29px}.elementor-widget-heading .elementor-heading-title.elementor-size-xl{font-size:39px}.elementor-widget-heading .elementor-heading-title.elementor-size-xxl{font-size:59px}<\/style><h1 class=\"elementor-heading-title elementor-size-default\">Esitage s\u00f5iduk<\/h1>\t\t<\/div>\n\t\t\t\t<\/div>\n\t\t\t\t\t<\/div>\n\t\t<\/div>\n\t\t\t\t\t<\/div>\n\t\t<\/section>\n\t\t\t\t<section class=\"elementor-section elementor-top-section elementor-element elementor-element-7f312235 elementor-section-full_width descs elementor-section-height-default elementor-section-height-default\" data-id=\"7f312235\" data-element_type=\"section\">\n\t\t\t\t\t\t<div class=\"elementor-container elementor-column-gap-default\">\n\t\t\t\t\t<div class=\"elementor-column elementor-col-66 elementor-top-column elementor-element elementor-element-807d336\" data-id=\"807d336\" data-element_type=\"column\">\n\t\t\t<div class=\"elementor-widget-wrap elementor-element-populated\">\n\t\t\t\t\t\t<div class=\"elementor-element elementor-element-722c94a2 elementor-widget elementor-widget-text-editor\" data-id=\"722c94a2\" data-element_type=\"widget\" data-widget_type=\"text-editor.default\">\n\t\t\t\t<div class=\"elementor-widget-container\">\n\t\t\t<style>\/*! elementor - v3.21.0 - 18-04-2024 *\/\n.elementor-widget-text-editor.elementor-drop-cap-view-stacked .elementor-drop-cap{background-color:#69727d;color:#fff}.elementor-widget-text-editor.elementor-drop-cap-view-framed .elementor-drop-cap{color:#69727d;border:3px solid;background-color:transparent}.elementor-widget-text-editor:not(.elementor-drop-cap-view-default) .elementor-drop-cap{margin-top:8px}.elementor-widget-text-editor:not(.elementor-drop-cap-view-default) .elementor-drop-cap-letter{width:1em;height:1em}.elementor-widget-text-editor .elementor-drop-cap{float:left;text-align:center;line-height:1;font-size:50px}.elementor-widget-text-editor .elementor-drop-cap-letter{display:inline-block}<\/style>\t\t\t\t\n          <h2>Esitage oma kuulutus juba t\u00e4na!<\/h2>\n          <p>Piston Addict on lihtsalt parim viis parimate s\u00f5idukite ostmiseks ja m\u00fc\u00fcmiseks.<\/p>\n          <p>Aus pakkumine, madalad tasud ja entusiastide kogukond.<\/p>\n        \t\t\t\t\t\t<\/div>\n\t\t\t\t<\/div>\n\t\t\t\t\t<\/div>\n\t\t<\/div>\n\t\t\t\t<div class=\"elementor-column elementor-col-33 elementor-top-column elementor-element elementor-element-469c0a2f\" data-id=\"469c0a2f\" data-element_type=\"column\">\n\t\t\t<div class=\"elementor-widget-wrap elementor-element-populated\">\n\t\t\t\t\t\t<div class=\"elementor-element elementor-element-1c2c8f98 elementor-widget elementor-widget-text-editor\" data-id=\"1c2c8f98\" data-element_type=\"widget\" data-widget_type=\"text-editor.default\">\n\t\t\t\t<div class=\"elementor-widget-container\">\n\t\t\t\t\t\t\t\n          <h3>Kas teil on k\u00fcsimusi?<\/h3>\n          \n\n          <a class=\"btn-custom\" href=\"https:\/\/pistonaddict.com\/et\/kkk-d\/\">Kl\u00f5psake siin (KKK)<\/a>\n        \t\t\t\t\t\t<\/div>\n\t\t\t\t<\/div>\n\t\t\t\t\t<\/div>\n\t\t<\/div>\n\t\t\t\t\t<\/div>\n\t\t<\/section>\n\t\t\t\t<section class=\"elementor-section elementor-top-section elementor-element elementor-element-6fb804e2 elementor-section-full_width elementor-section-height-default elementor-section-height-default\" data-id=\"6fb804e2\" data-element_type=\"section\">\n\t\t\t\t\t\t<div class=\"elementor-container elementor-column-gap-default\">\n\t\t\t\t\t<div class=\"elementor-column elementor-col-100 elementor-top-column elementor-element elementor-element-3c8122a1\" data-id=\"3c8122a1\" data-element_type=\"column\">\n\t\t\t<div class=\"elementor-widget-wrap elementor-element-populated\">\n\t\t\t\t\t\t<div class=\"elementor-element elementor-element-935356a elementor-widget elementor-widget-shortcode\" data-id=\"935356a\" data-element_type=\"widget\" data-widget_type=\"shortcode.default\">\n\t\t\t\t<div class=\"elementor-widget-container\">\n\t\t\t\t\t<div class=\"elementor-shortcode\">\n        <div class=\"dokan-subscription-content\">\n            \n            \n            \n                \n                \n                <div class=\"pack_content_wrapper\">\n\t\t\t\t<section id=\"tarifs\">\n\t\t\t\t\t<div class=\"grid-container\">\n\t\t\t\t\t\t\n                    \t\t\t\t<div class=\"block  \">\n\t\t\t\t\t\t\t<div class=\"top\">\n\t\t\t\t\t\t\t\t<div class=\"titre\">Klassikaline<\/div>\n\t\t\t\t\t\t\t\t<div class=\"prix\"> <span class=\"woocommerce-Price-amount amount\"><bdi>99&nbsp;<span class=\"woocommerce-Price-currencySymbol\">&euro;<\/span><\/bdi><\/span>\t\t\t\t\t\t\t\t<br><span class=\"vat\">Kohaldada v\u00f5ib k\u00e4ibemaksu<\/span><\/div>\n\t\t\t\t\t\t\t\t<div class=\"desc\">\n\t\t\t\t\t\t\t\t\tParim koht s\u00f5iduki m\u00fc\u00fcgiks. 99\u20ac esitamiseks, ei mingeid muid m\u00fc\u00fcjatasusid ja kohandatud oksjon meie saidil.\t\t\t\t\t\t\t\t\t<\/div>\n\t\t\t\t\t\t\t\t\n                                                                                                                        <a href=\"\/et\/wp-json\/wp\/v2\/pages\/10106?add-to-cart=10055\" class=\"btn-custom dokan-btn dokan-btn-theme buy_product_pack\">Osta n\u00fc\u00fcd<\/a>\n                                        \n                                                                    \t\t\t\t\t\t\t<\/div>\n\t\t\t\t\t\t\t<div class=\"bottom\">\n\t\t\t\t\t\t\t\t<strong>Kuidas see t\u00f6\u00f6tab?<\/strong>\n<ol>\n \t<li>Tellige 99\u20ac eest<\/li>\n \t<li>Esitate oma s\u00f5iduki<\/li>\n \t<li>Aktsepteerime seda, kui see sobib<\/li>\n \t<li>Kirjutame teie kuulutuse<\/li>\n \t<li>Te redigeerite ja kinnitate oma reklaami<\/li>\n \t<li>Teie reklaam on v\u00f5rgus<\/li>\n<\/ol>\t\t\t\t\t\t\t<\/div>\n\t\t\t\t\t\t<\/div>\n\t\t\t\t\n\t\t\t\t\t\t \n                        \t\t\t\t<div class=\"block  \">\n\t\t\t\t\t\t\t<div class=\"top\">\n\t\t\t\t\t\t\t\t<div class=\"titre\">Premium<\/div>\n\t\t\t\t\t\t\t\t<div class=\"prix\"> <span class=\"woocommerce-Price-amount amount\"><bdi>349&nbsp;<span class=\"woocommerce-Price-currencySymbol\">&euro;<\/span><\/bdi><\/span>\t\t\t\t\t\t\t\t<br><span class=\"vat\">Kohaldada v\u00f5ib k\u00e4ibemaksu<\/span><\/div>\n\t\t\t\t\t\t\t\t<div class=\"desc\">\n\t\t\t\t\t\t\t\t\tSama suurep\u00e4rane teenus nagu Classic, kuid teie kuulutus on esitatud meie sotsiaalmeedias, partnerisaitidel ja meie uudiskirjades, et aidata ostjatel enesekindlalt ja entusiastlikult pakkumisi teha.\t\t\t\t\t\t\t\t\t<\/div>\n\t\t\t\t\t\t\t\t\n                                                                                                                        <a href=\"\/et\/wp-json\/wp\/v2\/pages\/10106?add-to-cart=10079\" class=\"btn-custom dokan-btn dokan-btn-theme buy_product_pack\">Osta n\u00fc\u00fcd<\/a>\n                                        \n                                                                    \t\t\t\t\t\t\t<\/div>\n\t\t\t\t\t\t\t<div class=\"bottom\">\n\t\t\t\t\t\t\t\t<strong>Kuidas see t\u00f6\u00f6tab?<\/strong>\n<ol>\n \t<li>Tellige 349\u20ac eest<\/li>\n \t<li>Esitate oma s\u00f5iduki<\/li>\n \t<li>Aktsepteerime seda, kui see sobib<\/li>\n \t<li>Kirjutame teie kuulutuse<\/li>\n \t<li>Te redigeerite ja kinnitate oma reklaami<\/li>\n \t<li>Teie reklaam on v\u00f5rgus<\/li>\n \t<li>Me edastame seda oma sotsiaalsetes v\u00f5rgustikes, partnerisaitidel ja meie uudiskirjades.<\/li>\n<\/ol>\t\t\t\t\t\t\t<\/div>\n\t\t\t\t\t\t<\/div>\n\t\t\t\t\n\t\t\t\t\t\t \n                                       <\/div><\/section><\/div><!-- .dokan-subscription-content -->\n                            <div class=\"clearfix\"><\/div>\n        <\/div><!-- .pack_content_wrapper -->\n        <\/div>\n\t\t\t\t<\/div>\n\t\t\t\t<\/div>\n\t\t\t\t<div class=\"elementor-element elementor-element-abecd62 elementor-widget elementor-widget-text-editor\" data-id=\"abecd62\" data-element_type=\"widget\" data-widget_type=\"text-editor.default\">\n\t\t\t\t<div class=\"elementor-widget-container\">\n\t\t\t\t\t\t\t<h2 style=\"text-align: center;color: #2d2d2d;font-size: 35px;margin-bottom: 15px;\">Kuidas m\u00fc\u00fca autot PistonAddict.com&#8217;is ?<\/h2>\n                    <div class=\"single-video\">\n                    \t                        <div class=\"video\"><iframe width=\"560\" height=\"315\" src=\"https:\/\/www.youtube.com\/embed\/O3Y_LGkk7SA?si=lrPDABSM1_VbMAty&#038;cc_load_policy=1&#038;cc_lang_pref=et\" title=\"YouTube video player\" frameborder=\"0\" allow=\"accelerometer; autoplay; clipboard-write; encrypted-media; gyroscope; picture-in-picture; web-share\" allowfullscreen><\/iframe><\/div>\n                    <\/div>\n                    \n\n&nbsp;\t\t\t\t\t\t<\/div>\n\t\t\t\t<\/div>\n\t\t\t\t\t<\/div>\n\t\t<\/div>\n\t\t\t\t\t<\/div>\n\t\t<\/section>\n\t\t\t\t<\/div>\n\t\t","protected":false},"excerpt":{"rendered":"<p>Esitage s\u00f5iduk Esitage oma kuulutus juba t\u00e4na! Piston Addict on lihtsalt parim viis parimate s\u00f5idukite ostmiseks ja m\u00fc\u00fcmiseks. Aus pakkumine, madalad tasud ja entusiastide kogukond. Kas teil on k\u00fcsimusi? Kl\u00f5psake siin (KKK) Kuidas m\u00fc\u00fca autot PistonAddict.com&#8217;is ? &nbsp;<\/p>\n","protected":false},"author":1,"featured_media":0,"parent":0,"menu_order":0,"comment_status":"closed","ping_status":"closed","template":"","meta":{"inline_featured_image":false,"footnotes":""},"acf":[],"yoast_head":"<!-- This site is optimized with the Yoast SEO plugin v22.5 - https:\/\/yoast.com\/wordpress\/plugins\/seo\/ -->\n<title>Esitamine - Piston Addict<\/title>\n<meta name=\"robots\" content=\"index, follow, max-snippet:-1, max-image-preview:large, max-video-preview:-1\" \/>\n<link rel=\"canonical\" href=\"https:\/\/pistonaddict.com\/et\/tellimus\/\" \/>\n<meta property=\"og:locale\" content=\"et_EE\" \/>\n<meta property=\"og:type\" content=\"article\" \/>\n<meta property=\"og:title\" content=\"Esitamine - Piston Addict\" \/>\n<meta property=\"og:description\" content=\"Esitage s\u00f5iduk Esitage oma kuulutus juba t\u00e4na! Piston Addict on lihtsalt parim viis parimate s\u00f5idukite ostmiseks ja m\u00fc\u00fcmiseks. Aus pakkumine, madalad tasud ja entusiastide kogukond. Kas teil on k\u00fcsimusi? Kl\u00f5psake siin (KKK) Kuidas m\u00fc\u00fca autot PistonAddict.com&#8217;is ? &nbsp;\" \/>\n<meta property=\"og:url\" content=\"https:\/\/pistonaddict.com\/et\/tellimus\/\" \/>\n<meta property=\"og:site_name\" content=\"Piston Addict\" \/>\n<meta property=\"article:modified_time\" content=\"2023-10-03T12:38:03+00:00\" \/>\n<meta name=\"twitter:card\" content=\"summary_large_image\" \/>\n<script type=\"application\/ld+json\" class=\"yoast-schema-graph\">{\"@context\":\"https:\/\/schema.org\",\"@graph\":[{\"@type\":\"WebPage\",\"@id\":\"https:\/\/pistonaddict.com\/et\/tellimus\/\",\"url\":\"https:\/\/pistonaddict.com\/et\/tellimus\/\",\"name\":\"Esitamine - Piston Addict\",\"isPartOf\":{\"@id\":\"https:\/\/pistonaddict.com\/et\/#website\"},\"datePublished\":\"2022-06-12T12:30:57+00:00\",\"dateModified\":\"2023-10-03T12:38:03+00:00\",\"breadcrumb\":{\"@id\":\"https:\/\/pistonaddict.com\/et\/tellimus\/#breadcrumb\"},\"inLanguage\":\"et\",\"potentialAction\":[{\"@type\":\"ReadAction\",\"target\":[\"https:\/\/pistonaddict.com\/et\/tellimus\/\"]}]},{\"@type\":\"BreadcrumbList\",\"@id\":\"https:\/\/pistonaddict.com\/et\/tellimus\/#breadcrumb\",\"itemListElement\":[{\"@type\":\"ListItem\",\"position\":1,\"name\":\"Koduleht\",\"item\":\"https:\/\/pistonaddict.com\/et\/koduleht-2\/\"},{\"@type\":\"ListItem\",\"position\":2,\"name\":\"Esitamine\"}]},{\"@type\":\"WebSite\",\"@id\":\"https:\/\/pistonaddict.com\/et\/#website\",\"url\":\"https:\/\/pistonaddict.com\/et\/\",\"name\":\"Piston Addict\",\"description\":\"Only interesting vehicles\",\"publisher\":{\"@id\":\"https:\/\/pistonaddict.com\/et\/#organization\"},\"potentialAction\":[{\"@type\":\"SearchAction\",\"target\":{\"@type\":\"EntryPoint\",\"urlTemplate\":\"https:\/\/pistonaddict.com\/et\/?s={search_term_string}\"},\"query-input\":\"required name=search_term_string\"}],\"inLanguage\":\"et\"},{\"@type\":\"Organization\",\"@id\":\"https:\/\/pistonaddict.com\/et\/#organization\",\"name\":\"Piston Addict\",\"url\":\"https:\/\/pistonaddict.com\/et\/\",\"logo\":{\"@type\":\"ImageObject\",\"inLanguage\":\"et\",\"@id\":\"https:\/\/pistonaddict.com\/et\/#\/schema\/logo\/image\/\",\"url\":\"https:\/\/pistonaddict.com\/wp-content\/uploads\/2022\/07\/logo-6.png\",\"contentUrl\":\"https:\/\/pistonaddict.com\/wp-content\/uploads\/2022\/07\/logo-6.png\",\"width\":970,\"height\":200,\"caption\":\"Piston Addict\"},\"image\":{\"@id\":\"https:\/\/pistonaddict.com\/et\/#\/schema\/logo\/image\/\"}}]}<\/script>\n<!-- \/ Yoast SEO plugin. -->","yoast_head_json":{"title":"Esitamine - Piston Addict","robots":{"index":"index","follow":"follow","max-snippet":"max-snippet:-1","max-image-preview":"max-image-preview:large","max-video-preview":"max-video-preview:-1"},"canonical":"https:\/\/pistonaddict.com\/et\/tellimus\/","og_locale":"et_EE","og_type":"article","og_title":"Esitamine - Piston Addict","og_description":"Esitage s\u00f5iduk Esitage oma kuulutus juba t\u00e4na! Piston Addict on lihtsalt parim viis parimate s\u00f5idukite ostmiseks ja m\u00fc\u00fcmiseks. Aus pakkumine, madalad tasud ja entusiastide kogukond. Kas teil on k\u00fcsimusi? Kl\u00f5psake siin (KKK) Kuidas m\u00fc\u00fca autot PistonAddict.com&#8217;is ? &nbsp;","og_url":"https:\/\/pistonaddict.com\/et\/tellimus\/","og_site_name":"Piston Addict","article_modified_time":"2023-10-03T12:38:03+00:00","twitter_card":"summary_large_image","schema":{"@context":"https:\/\/schema.org","@graph":[{"@type":"WebPage","@id":"https:\/\/pistonaddict.com\/et\/tellimus\/","url":"https:\/\/pistonaddict.com\/et\/tellimus\/","name":"Esitamine - Piston Addict","isPartOf":{"@id":"https:\/\/pistonaddict.com\/et\/#website"},"datePublished":"2022-06-12T12:30:57+00:00","dateModified":"2023-10-03T12:38:03+00:00","breadcrumb":{"@id":"https:\/\/pistonaddict.com\/et\/tellimus\/#breadcrumb"},"inLanguage":"et","potentialAction":[{"@type":"ReadAction","target":["https:\/\/pistonaddict.com\/et\/tellimus\/"]}]},{"@type":"BreadcrumbList","@id":"https:\/\/pistonaddict.com\/et\/tellimus\/#breadcrumb","itemListElement":[{"@type":"ListItem","position":1,"name":"Koduleht","item":"https:\/\/pistonaddict.com\/et\/koduleht-2\/"},{"@type":"ListItem","position":2,"name":"Esitamine"}]},{"@type":"WebSite","@id":"https:\/\/pistonaddict.com\/et\/#website","url":"https:\/\/pistonaddict.com\/et\/","name":"Piston Addict","description":"Only interesting vehicles","publisher":{"@id":"https:\/\/pistonaddict.com\/et\/#organization"},"potentialAction":[{"@type":"SearchAction","target":{"@type":"EntryPoint","urlTemplate":"https:\/\/pistonaddict.com\/et\/?s={search_term_string}"},"query-input":"required name=search_term_string"}],"inLanguage":"et"},{"@type":"Organization","@id":"https:\/\/pistonaddict.com\/et\/#organization","name":"Piston Addict","url":"https:\/\/pistonaddict.com\/et\/","logo":{"@type":"ImageObject","inLanguage":"et","@id":"https:\/\/pistonaddict.com\/et\/#\/schema\/logo\/image\/","url":"https:\/\/pistonaddict.com\/wp-content\/uploads\/2022\/07\/logo-6.png","contentUrl":"https:\/\/pistonaddict.com\/wp-content\/uploads\/2022\/07\/logo-6.png","width":970,"height":200,"caption":"Piston Addict"},"image":{"@id":"https:\/\/pistonaddict.com\/et\/#\/schema\/logo\/image\/"}}]}},"_links":{"self":[{"href":"https:\/\/pistonaddict.com\/et\/wp-json\/wp\/v2\/pages\/10106"}],"collection":[{"href":"https:\/\/pistonaddict.com\/et\/wp-json\/wp\/v2\/pages"}],"about":[{"href":"https:\/\/pistonaddict.com\/et\/wp-json\/wp\/v2\/types\/page"}],"author":[{"embeddable":true,"href":"https:\/\/pistonaddict.com\/et\/wp-json\/wp\/v2\/users\/1"}],"replies":[{"embeddable":true,"href":"https:\/\/pistonaddict.com\/et\/wp-json\/wp\/v2\/comments?post=10106"}],"version-history":[{"count":5,"href":"https:\/\/pistonaddict.com\/et\/wp-json\/wp\/v2\/pages\/10106\/revisions"}],"predecessor-version":[{"id":51783,"href":"https:\/\/pistonaddict.com\/et\/wp-json\/wp\/v2\/pages\/10106\/revisions\/51783"}],"wp:attachment":[{"href":"https:\/\/pistonaddict.com\/et\/wp-json\/wp\/v2\/media?parent=10106"}],"curies":[{"name":"wp","href":"https:\/\/api.w.org\/{rel}","templated":true}]}}