{"id":98276,"date":"2024-03-20T15:15:43","date_gmt":"2024-03-20T14:15:43","guid":{"rendered":"https:\/\/pistonaddict.com\/product\/porsche-997-targa\/"},"modified":"2024-03-20T15:23:59","modified_gmt":"2024-03-20T14:23:59","slug":"porsche-997-targa","status":"publish","type":"product","link":"https:\/\/pistonaddict.com\/es\/product\/porsche-997-targa\/","title":{"rendered":"Porsche 997 Targa 4S"},"content":{"rendered":"<p><strong>Historia del coche<\/strong><\/p>\n<p>La sexta generaci\u00f3n del ic\u00f3nico Porsche 911 se estren\u00f3 en 2004 y se conoci\u00f3 internamente como 997. Su predecesor, el 996, sigue siendo uno de los modelos 911 m\u00e1s controvertidos jam\u00e1s producidos, sobre todo por su dise\u00f1o y la introducci\u00f3n de los motores refrigerados por agua. Sin embargo, el 997 fue elogiado universalmente por sus l\u00edneas limpias y sus mejoras en tecnolog\u00eda y potencia. Aunque el 997 tiene algunas similitudes mec\u00e1nicas as\u00ed como la misma plataforma que el 996, era un coche mucho mejor y m\u00e1s competente, por no olvidar que era m\u00e1s moderno y bonito. No es de extra\u00f1ar que las cifras de ventas demostraran que el 997 fue un \u00e9xito de ventas, con m\u00e1s de 212.000 ejemplares fabricados en 9 a\u00f1os. Sin embargo, este ejemplo en particular es bastante raro, no s\u00f3lo porque es un modelo 997.1 anterior, sino tambi\u00e9n por su raro estilo de carrocer\u00eda Targa. En 2008, s\u00f3lo se entregaron 1426 ejemplares del Targa 4S, y muy pocos ten\u00edan transmisi\u00f3n manual de 6 velocidades. En total, s\u00f3lo se fabricaron unos 8.400 Targa 4S para la generaci\u00f3n 997. El motor de seis cilindros en l\u00ednea de 3,8 litros y aspiraci\u00f3n atmosf\u00e9rica entregaba 350 CV a las cuatro ruedas, lo que se traduc\u00eda en una aceleraci\u00f3n impresionante y un comportamiento en carretera estelar en cualquier condici\u00f3n. La combinaci\u00f3n de sus grandes prestaciones con la sensaci\u00f3n de ligereza del techo de cristal y la sensaci\u00f3n mec\u00e1nica de la transmisi\u00f3n manual hace que este ejemplar resulte incre\u00edblemente interesante para cualquier verdadero coleccionista.<\/p>\n<p><strong>Interior<\/strong><\/p>\n<p>Acabado en cuero negro con salpicadero de cuero raro y opcional, el interior del Porsche Targa 4S 2008 est\u00e1 en perfectas condiciones sin da\u00f1os y pocos signos de desgaste. Este ejemplo tiene un mont\u00f3n de equipamiento opcional deseable como control de crucero, sistema de audio premium, asientos deportivos de cuero el\u00e9ctricos y calefactables, volante multifunci\u00f3n, sistema de navegaci\u00f3n, etc. Todo funciona como debe, junto con el techo de cristal, y no hay modificaciones. Comparado con otros 911 de la \u00e9poca, el Targa es bastante \u00fanico, ya que ofrece la sensaci\u00f3n al aire libre de un descapotable pero con la comodidad de un coup\u00e9 y la posibilidad de uso durante todo el a\u00f1o.<\/p>\n<p><strong>Estado del coche<\/strong><\/p>\n<p>Con poco m\u00e1s de 110.000 kil\u00f3metros desde nuevo y dos cuidadosos propietarios, este Porsche 911 Targa 4S est\u00e1 en condiciones impresionantes y siendo cuidadosamente mantenido. Los registros muestran que el \u00faltimo servicio importante se realiz\u00f3 a finales de 2022, y que los frenos se revisaron hace apenas unos d\u00edas, en marzo de 2024. Todos los registros de mantenimiento est\u00e1n disponibles, lo que demuestra lo meticulosamente que el coche fue cuidado. Este coche en concreto se entreg\u00f3 en B\u00e9lgica.<\/p>\n<p><strong>Exterior Y Ruedas<\/strong><\/p>\n<p>Este ejemplar en particular fue repintado profesionalmente en su color gris oscuro original, que luce perfecto y combina con las llantas originales y el interior negro. Como se menciona en el CarVertical, el \u00fanico detalle digno de menci\u00f3n es un ligero da\u00f1o en el parachoques trasero, que fue reparado como se puede ver en las fotos. Los neum\u00e1ticos Bridgestone, de especificaciones correctas, datan de 2018 y solo est\u00e1n ligeramente desgastados.<\/p>\n<p><strong>Documentaci\u00f3n<\/strong><\/p>\n<p>El concesionario vende este coche con la documentaci\u00f3n adecuada y se encuentra en B\u00e9lgica. El <a href=\"https:\/\/pistonaddict.com\/wp-content\/uploads\/2024\/03\/CarVertical-Porsche.pdf\">informe de CarVertical<\/a> est\u00e1 limpio, la propiedad o problemas legales. Hay registros del mantenimiento peri\u00f3dico y recibos.<\/p>\n","protected":false},"excerpt":{"rendered":"<p>Como equilibrio perfecto entre la sensaci\u00f3n de un 911 cl\u00e1sico, dimensiones compactas, chasis comunicativo y tecnolog\u00eda y caracter\u00edsticas modernas, la generaci\u00f3n 997 ha sido cada vez m\u00e1s popular entre los entusiastas del 911. Esto significa que es la pr\u00f3xima gran novedad en el mundo del 911, con precios al alza. Supongamos que quiere subirse al carro de los 997. En ese caso, no hay nada mejor que un coche muy deseable en un estilo de carrocer\u00eda poco com\u00fan con una transmisi\u00f3n manual deseable, listo para ser disfrutado a fondo.<\/p>\n","protected":false},"featured_media":97685,"comment_status":"open","ping_status":"closed","template":"","meta":{"inline_featured_image":false},"product_cat":[715],"product_tag":[3961,3963,2317,3959,996],"acf":[],"yoast_head":"<!-- This site is optimized with the Yoast SEO plugin v22.5 - https:\/\/yoast.com\/wordpress\/plugins\/seo\/ -->\n<title>Porsche 997 Targa 4S - nombre del Piston Addict<\/title>\n<meta name=\"robots\" content=\"index, follow, max-snippet:-1, max-image-preview:large, max-video-preview:-1\" \/>\n<link rel=\"canonical\" href=\"https:\/\/pistonaddict.com\/es\/product\/porsche-997-targa\/\" \/>\n<meta property=\"og:locale\" content=\"es_ES\" \/>\n<meta property=\"og:type\" content=\"article\" \/>\n<meta property=\"og:title\" content=\"Porsche 997 Targa 4S - nombre del Piston Addict\" \/>\n<meta property=\"og:description\" content=\"Como equilibrio perfecto entre la sensaci\u00f3n de un 911 cl\u00e1sico, dimensiones compactas, chasis comunicativo y tecnolog\u00eda y caracter\u00edsticas modernas, la generaci\u00f3n 997 ha sido cada vez m\u00e1s popular entre los entusiastas del 911. Esto significa que es la pr\u00f3xima gran novedad en el mundo del 911, con precios al alza. Supongamos que quiere subirse al carro de los 997. En ese caso, no hay nada mejor que un coche muy deseable en un estilo de carrocer\u00eda poco com\u00fan con una transmisi\u00f3n manual deseable, listo para ser disfrutado a fondo.\" \/>\n<meta property=\"og:url\" content=\"https:\/\/pistonaddict.com\/es\/product\/porsche-997-targa\/\" \/>\n<meta property=\"og:site_name\" content=\"Piston Addict\" \/>\n<meta property=\"article:modified_time\" content=\"2024-03-20T14:23:59+00:00\" \/>\n<meta property=\"og:image\" content=\"https:\/\/pistonaddict.com\/wp-content\/uploads\/2024\/03\/1-1-1024x611.png\" \/>\n\t<meta property=\"og:image:width\" content=\"1024\" \/>\n\t<meta property=\"og:image:height\" content=\"611\" \/>\n\t<meta property=\"og:image:type\" content=\"image\/png\" \/>\n<meta name=\"twitter:card\" content=\"summary_large_image\" \/>\n<meta name=\"twitter:label1\" content=\"Tiempo de lectura\" \/>\n\t<meta name=\"twitter:data1\" content=\"3 minutos\" \/>\n<script type=\"application\/ld+json\" class=\"yoast-schema-graph\">{\"@context\":\"https:\/\/schema.org\",\"@graph\":[{\"@type\":\"WebPage\",\"@id\":\"https:\/\/pistonaddict.com\/es\/product\/porsche-997-targa\/\",\"url\":\"https:\/\/pistonaddict.com\/es\/product\/porsche-997-targa\/\",\"name\":\"Porsche 997 Targa 4S - nombre del Piston Addict\",\"isPartOf\":{\"@id\":\"https:\/\/pistonaddict.com\/es\/#website\"},\"primaryImageOfPage\":{\"@id\":\"https:\/\/pistonaddict.com\/es\/product\/porsche-997-targa\/#primaryimage\"},\"image\":{\"@id\":\"https:\/\/pistonaddict.com\/es\/product\/porsche-997-targa\/#primaryimage\"},\"thumbnailUrl\":\"https:\/\/pistonaddict.com\/wp-content\/uploads\/2024\/03\/1-1.png\",\"datePublished\":\"2024-03-20T14:15:43+00:00\",\"dateModified\":\"2024-03-20T14:23:59+00:00\",\"breadcrumb\":{\"@id\":\"https:\/\/pistonaddict.com\/es\/product\/porsche-997-targa\/#breadcrumb\"},\"inLanguage\":\"es\",\"potentialAction\":[{\"@type\":\"ReadAction\",\"target\":[\"https:\/\/pistonaddict.com\/es\/product\/porsche-997-targa\/\"]}]},{\"@type\":\"ImageObject\",\"inLanguage\":\"es\",\"@id\":\"https:\/\/pistonaddict.com\/es\/product\/porsche-997-targa\/#primaryimage\",\"url\":\"https:\/\/pistonaddict.com\/wp-content\/uploads\/2024\/03\/1-1.png\",\"contentUrl\":\"https:\/\/pistonaddict.com\/wp-content\/uploads\/2024\/03\/1-1.png\",\"width\":2778,\"height\":1657},{\"@type\":\"BreadcrumbList\",\"@id\":\"https:\/\/pistonaddict.com\/es\/product\/porsche-997-targa\/#breadcrumb\",\"itemListElement\":[{\"@type\":\"ListItem\",\"position\":1,\"name\":\"bienvenida\",\"item\":\"https:\/\/pistonaddict.com\/es\/pagina-web\/\"},{\"@type\":\"ListItem\",\"position\":2,\"name\":\"Auctions\",\"item\":\"https:\/\/pistonaddict.com\/auctions-listing\/\"},{\"@type\":\"ListItem\",\"position\":3,\"name\":\"Porsche 997 Targa 4S\"}]},{\"@type\":\"WebSite\",\"@id\":\"https:\/\/pistonaddict.com\/es\/#website\",\"url\":\"https:\/\/pistonaddict.com\/es\/\",\"name\":\"Piston Addict\",\"description\":\"Only interesting vehicles\",\"publisher\":{\"@id\":\"https:\/\/pistonaddict.com\/es\/#organization\"},\"potentialAction\":[{\"@type\":\"SearchAction\",\"target\":{\"@type\":\"EntryPoint\",\"urlTemplate\":\"https:\/\/pistonaddict.com\/es\/?s={search_term_string}\"},\"query-input\":\"required name=search_term_string\"}],\"inLanguage\":\"es\"},{\"@type\":\"Organization\",\"@id\":\"https:\/\/pistonaddict.com\/es\/#organization\",\"name\":\"Piston Addict\",\"url\":\"https:\/\/pistonaddict.com\/es\/\",\"logo\":{\"@type\":\"ImageObject\",\"inLanguage\":\"es\",\"@id\":\"https:\/\/pistonaddict.com\/es\/#\/schema\/logo\/image\/\",\"url\":\"https:\/\/pistonaddict.com\/wp-content\/uploads\/2022\/07\/logo-6.png\",\"contentUrl\":\"https:\/\/pistonaddict.com\/wp-content\/uploads\/2022\/07\/logo-6.png\",\"width\":970,\"height\":200,\"caption\":\"Piston Addict\"},\"image\":{\"@id\":\"https:\/\/pistonaddict.com\/es\/#\/schema\/logo\/image\/\"}}]}<\/script>\n<!-- \/ Yoast SEO plugin. -->","yoast_head_json":{"title":"Porsche 997 Targa 4S - nombre del Piston Addict","robots":{"index":"index","follow":"follow","max-snippet":"max-snippet:-1","max-image-preview":"max-image-preview:large","max-video-preview":"max-video-preview:-1"},"canonical":"https:\/\/pistonaddict.com\/es\/product\/porsche-997-targa\/","og_locale":"es_ES","og_type":"article","og_title":"Porsche 997 Targa 4S - nombre del Piston Addict","og_description":"Como equilibrio perfecto entre la sensaci\u00f3n de un 911 cl\u00e1sico, dimensiones compactas, chasis comunicativo y tecnolog\u00eda y caracter\u00edsticas modernas, la generaci\u00f3n 997 ha sido cada vez m\u00e1s popular entre los entusiastas del 911. Esto significa que es la pr\u00f3xima gran novedad en el mundo del 911, con precios al alza. Supongamos que quiere subirse al carro de los 997. En ese caso, no hay nada mejor que un coche muy deseable en un estilo de carrocer\u00eda poco com\u00fan con una transmisi\u00f3n manual deseable, listo para ser disfrutado a fondo.","og_url":"https:\/\/pistonaddict.com\/es\/product\/porsche-997-targa\/","og_site_name":"Piston Addict","article_modified_time":"2024-03-20T14:23:59+00:00","og_image":[{"width":1024,"height":611,"url":"https:\/\/pistonaddict.com\/wp-content\/uploads\/2024\/03\/1-1-1024x611.png","type":"image\/png"}],"twitter_card":"summary_large_image","twitter_misc":{"Tiempo de lectura":"3 minutos"},"schema":{"@context":"https:\/\/schema.org","@graph":[{"@type":"WebPage","@id":"https:\/\/pistonaddict.com\/es\/product\/porsche-997-targa\/","url":"https:\/\/pistonaddict.com\/es\/product\/porsche-997-targa\/","name":"Porsche 997 Targa 4S - nombre del Piston Addict","isPartOf":{"@id":"https:\/\/pistonaddict.com\/es\/#website"},"primaryImageOfPage":{"@id":"https:\/\/pistonaddict.com\/es\/product\/porsche-997-targa\/#primaryimage"},"image":{"@id":"https:\/\/pistonaddict.com\/es\/product\/porsche-997-targa\/#primaryimage"},"thumbnailUrl":"https:\/\/pistonaddict.com\/wp-content\/uploads\/2024\/03\/1-1.png","datePublished":"2024-03-20T14:15:43+00:00","dateModified":"2024-03-20T14:23:59+00:00","breadcrumb":{"@id":"https:\/\/pistonaddict.com\/es\/product\/porsche-997-targa\/#breadcrumb"},"inLanguage":"es","potentialAction":[{"@type":"ReadAction","target":["https:\/\/pistonaddict.com\/es\/product\/porsche-997-targa\/"]}]},{"@type":"ImageObject","inLanguage":"es","@id":"https:\/\/pistonaddict.com\/es\/product\/porsche-997-targa\/#primaryimage","url":"https:\/\/pistonaddict.com\/wp-content\/uploads\/2024\/03\/1-1.png","contentUrl":"https:\/\/pistonaddict.com\/wp-content\/uploads\/2024\/03\/1-1.png","width":2778,"height":1657},{"@type":"BreadcrumbList","@id":"https:\/\/pistonaddict.com\/es\/product\/porsche-997-targa\/#breadcrumb","itemListElement":[{"@type":"ListItem","position":1,"name":"bienvenida","item":"https:\/\/pistonaddict.com\/es\/pagina-web\/"},{"@type":"ListItem","position":2,"name":"Auctions","item":"https:\/\/pistonaddict.com\/auctions-listing\/"},{"@type":"ListItem","position":3,"name":"Porsche 997 Targa 4S"}]},{"@type":"WebSite","@id":"https:\/\/pistonaddict.com\/es\/#website","url":"https:\/\/pistonaddict.com\/es\/","name":"Piston Addict","description":"Only interesting vehicles","publisher":{"@id":"https:\/\/pistonaddict.com\/es\/#organization"},"potentialAction":[{"@type":"SearchAction","target":{"@type":"EntryPoint","urlTemplate":"https:\/\/pistonaddict.com\/es\/?s={search_term_string}"},"query-input":"required name=search_term_string"}],"inLanguage":"es"},{"@type":"Organization","@id":"https:\/\/pistonaddict.com\/es\/#organization","name":"Piston Addict","url":"https:\/\/pistonaddict.com\/es\/","logo":{"@type":"ImageObject","inLanguage":"es","@id":"https:\/\/pistonaddict.com\/es\/#\/schema\/logo\/image\/","url":"https:\/\/pistonaddict.com\/wp-content\/uploads\/2022\/07\/logo-6.png","contentUrl":"https:\/\/pistonaddict.com\/wp-content\/uploads\/2022\/07\/logo-6.png","width":970,"height":200,"caption":"Piston Addict"},"image":{"@id":"https:\/\/pistonaddict.com\/es\/#\/schema\/logo\/image\/"}}]}},"_links":{"self":[{"href":"https:\/\/pistonaddict.com\/es\/wp-json\/wp\/v2\/product\/98276"}],"collection":[{"href":"https:\/\/pistonaddict.com\/es\/wp-json\/wp\/v2\/product"}],"about":[{"href":"https:\/\/pistonaddict.com\/es\/wp-json\/wp\/v2\/types\/product"}],"replies":[{"embeddable":true,"href":"https:\/\/pistonaddict.com\/es\/wp-json\/wp\/v2\/comments?post=98276"}],"wp:featuredmedia":[{"embeddable":true,"href":"https:\/\/pistonaddict.com\/es\/wp-json\/wp\/v2\/media\/97685"}],"wp:attachment":[{"href":"https:\/\/pistonaddict.com\/es\/wp-json\/wp\/v2\/media?parent=98276"}],"wp:term":[{"taxonomy":"product_cat","embeddable":true,"href":"https:\/\/pistonaddict.com\/es\/wp-json\/wp\/v2\/product_cat?post=98276"},{"taxonomy":"product_tag","embeddable":true,"href":"https:\/\/pistonaddict.com\/es\/wp-json\/wp\/v2\/product_tag?post=98276"}],"curies":[{"name":"wp","href":"https:\/\/api.w.org\/{rel}","templated":true}]}}