{"id":97444,"date":"2024-03-15T18:51:57","date_gmt":"2024-03-15T17:51:57","guid":{"rendered":"https:\/\/pistonaddict.com\/product\/bmw-m4-competicion\/"},"modified":"2024-03-20T14:16:37","modified_gmt":"2024-03-20T13:16:37","slug":"bmw-m4-competicion","status":"publish","type":"product","link":"https:\/\/pistonaddict.com\/es\/product\/bmw-m4-competicion\/","title":{"rendered":"BMW M4 Competici\u00f3n"},"content":{"rendered":"<h2>Exterior<\/h2>\n<p>Empecemos por el color del coche: llamarlo marr\u00f3n ser\u00eda injusto, al menos por decirlo as\u00ed. BMW lo bautiz\u00f3 con el nombre de Bronce de Sepang, y para apreciarlo plenamente, hay que ver el coche bajo el sol. Pero la caracter\u00edstica m\u00e1s llamativa del M4 es su techo plegable de fibra de carbono, que lo hace a la vez ligero y resistente. Gracias a ella, este BMW puede convertirse de un deportivo tipo coup\u00e9 a un elegante coche urbano con s\u00f3lo pulsar un bot\u00f3n.<\/p>\n<p>Otros detalles destacables son los faros de xen\u00f3n en la parte delantera, las llantas de 19 pulgadas con neum\u00e1ticos Michelin Pilot Sport en el lateral y los tubos de escape dobles en la parte trasera. Y como cualquier otro M4, este coche tiene parachoques agresivos, rejillas de ventilaci\u00f3n en los guardabarros y un cap\u00f3 con una protuberancia en el centro.<\/p>\n<h2>Interior<\/h2>\n<p>En el interior, lo primero que llama la atenci\u00f3n son los asientos, tapizados en suave cuero marr\u00f3n con costuras blancas. Pero adem\u00e1s de ser deportivas y de apoyo, como su aspecto puede sugerir, tambi\u00e9n son muy c\u00f3modas. Una vez sentado, te encontrar\u00e1s tras el caracter\u00edstico volante de tres radios del BMW y un salpicadero con una sencilla disposici\u00f3n de los indicadores. Incluye un veloc\u00edmetro que termina en la marca de 330 km\/h, un cuentarrevoluciones que llega hasta las 8.000 RPM e indicadores para el nivel de combustible y la temperatura del motor. Y si no quieres mirar hacia abajo en las curvas m\u00e1s cerradas, hay una pantalla Head-Up que muestra toda la informaci\u00f3n vital en el parabrisas.<\/p>\n<h2>Mec\u00e1nica<\/h2>\n<p>Aparte de su impresionante aspecto, todo BMW tiene que ser una m\u00e1quina de conducci\u00f3n definitiva. Y este M4 tiene varios ases en la manga que le ayudar\u00e1n a estar a la altura de estas expectativas. Para empezar, bajo el cap\u00f3 hay un espectacular motor de seis cilindros en l\u00ednea con doble turbocompresor que desarrolla unos tranquilizadores 450 CV. La potencia llega a las ruedas traseras a trav\u00e9s de una transmisi\u00f3n de doble embrague de 7 velocidades y un diferencial de deslizamiento limitado controlado electr\u00f3nicamente.<\/p>\n<p>Con todo ese gru\u00f1ido y tecnolog\u00eda, el M4 alcanzar\u00e1 f\u00e1cilmente los 100 km\/h en aproximadamente 4 segundos y acelerar\u00e1 hasta los 250 km\/h. Y probablemente ir\u00eda mucho m\u00e1s r\u00e1pido si no fuera por el limitador electr\u00f3nico. Por \u00faltimo, para ayudar a mantener todo bajo control a alta velocidad, el coche est\u00e1 equipado con una suspensi\u00f3n endurecida y enormes frenos.<\/p>\n<h2>Historial del veh\u00edculo<\/h2>\n<p>Terminaremos con unas palabras sobre el estado actual del BMW M4, que el vendedor describe como inmaculado. Y a juzgar por las fotos y el v\u00eddeo proporcionado, definitivamente lo es, sin da\u00f1os visibles que se\u00f1alar. El coche fue revisado e inspeccionado regularmente por un concesionario autorizado BMW, siendo la \u00faltima revisi\u00f3n realizada en junio de 2022.<\/p>\n<p>El vendedor dice que el coche, que se encuentra actualmente en B\u00e9lgica, no se utiliz\u00f3 en pista ni estuvo involucrado en ning\u00fan accidente, con un <a href=\"https:\/\/pistonaddict.com\/wp-content\/uploads\/2024\/03\/CarVerticalBMWM4.pdf\">Informe del Historial del Veh\u00edculo de CarVertical<\/a> que lo confirma.<\/p>\n<p><strong>Echa un vistazo al v\u00eddeo de arranque en fr\u00edo de este gran<\/strong> <strong>BMW M4 Competition<\/strong>:<\/p>\n<p><iframe title=\"Cold Start Video of the BMW M4 Competition\" width=\"1200\" height=\"675\" src=\"https:\/\/www.youtube.com\/embed\/-weepN3iz9c?feature=oembed\" frameborder=\"0\" allow=\"accelerometer; autoplay; clipboard-write; encrypted-media; gyroscope; picture-in-picture; web-share\" allowfullscreen><\/iframe><\/p>\n","protected":false},"excerpt":{"rendered":"<p>Si buscas algo que recorra la pista a ritmo de r\u00e9cord, necesitas un deportivo. Por otro lado, si prefieres un c\u00f3modo crucero por la avenida en un d\u00eda soleado, un elegante descapotable ser\u00eda la mejor opci\u00f3n. Pero si quieres algo que haga ambas cosas, entonces seguro que te gusta este BMW M4 Competition que tenemos en subasta. Est\u00e1 en perfecto estado, tiene un propietario anterior y 74.000 km en el reloj.<\/p>\n","protected":false},"featured_media":96754,"comment_status":"open","ping_status":"closed","template":"","meta":{"inline_featured_image":false},"product_cat":[715],"product_tag":[3150,3111,3106,919],"acf":[],"yoast_head":"<!-- This site is optimized with the Yoast SEO plugin v22.5 - https:\/\/yoast.com\/wordpress\/plugins\/seo\/ -->\n<title>BMW M4 Competici\u00f3n - nombre del Piston Addict<\/title>\n<meta name=\"robots\" content=\"index, follow, max-snippet:-1, max-image-preview:large, max-video-preview:-1\" \/>\n<link rel=\"canonical\" href=\"https:\/\/pistonaddict.com\/es\/product\/bmw-m4-competicion\/\" \/>\n<meta property=\"og:locale\" content=\"es_ES\" \/>\n<meta property=\"og:type\" content=\"article\" \/>\n<meta property=\"og:title\" content=\"BMW M4 Competici\u00f3n - nombre del Piston Addict\" \/>\n<meta property=\"og:description\" content=\"Si buscas algo que recorra la pista a ritmo de r\u00e9cord, necesitas un deportivo. Por otro lado, si prefieres un c\u00f3modo crucero por la avenida en un d\u00eda soleado, un elegante descapotable ser\u00eda la mejor opci\u00f3n. Pero si quieres algo que haga ambas cosas, entonces seguro que te gusta este BMW M4 Competition que tenemos en subasta. Est\u00e1 en perfecto estado, tiene un propietario anterior y 74.000 km en el reloj.\" \/>\n<meta property=\"og:url\" content=\"https:\/\/pistonaddict.com\/es\/product\/bmw-m4-competicion\/\" \/>\n<meta property=\"og:site_name\" content=\"Piston Addict\" \/>\n<meta property=\"article:modified_time\" content=\"2024-03-20T13:16:37+00:00\" \/>\n<meta property=\"og:image\" content=\"https:\/\/pistonaddict.com\/wp-content\/uploads\/2024\/03\/1-1024x612.png\" \/>\n\t<meta property=\"og:image:width\" content=\"1024\" \/>\n\t<meta property=\"og:image:height\" content=\"612\" \/>\n\t<meta property=\"og:image:type\" content=\"image\/png\" \/>\n<meta name=\"twitter:card\" content=\"summary_large_image\" \/>\n<meta name=\"twitter:label1\" content=\"Tiempo de lectura\" \/>\n\t<meta name=\"twitter:data1\" content=\"3 minutos\" \/>\n<script type=\"application\/ld+json\" class=\"yoast-schema-graph\">{\"@context\":\"https:\/\/schema.org\",\"@graph\":[{\"@type\":\"WebPage\",\"@id\":\"https:\/\/pistonaddict.com\/es\/product\/bmw-m4-competicion\/\",\"url\":\"https:\/\/pistonaddict.com\/es\/product\/bmw-m4-competicion\/\",\"name\":\"BMW M4 Competici\u00f3n - nombre del Piston Addict\",\"isPartOf\":{\"@id\":\"https:\/\/pistonaddict.com\/es\/#website\"},\"primaryImageOfPage\":{\"@id\":\"https:\/\/pistonaddict.com\/es\/product\/bmw-m4-competicion\/#primaryimage\"},\"image\":{\"@id\":\"https:\/\/pistonaddict.com\/es\/product\/bmw-m4-competicion\/#primaryimage\"},\"thumbnailUrl\":\"https:\/\/pistonaddict.com\/wp-content\/uploads\/2024\/03\/1.png\",\"datePublished\":\"2024-03-15T17:51:57+00:00\",\"dateModified\":\"2024-03-20T13:16:37+00:00\",\"breadcrumb\":{\"@id\":\"https:\/\/pistonaddict.com\/es\/product\/bmw-m4-competicion\/#breadcrumb\"},\"inLanguage\":\"es\",\"potentialAction\":[{\"@type\":\"ReadAction\",\"target\":[\"https:\/\/pistonaddict.com\/es\/product\/bmw-m4-competicion\/\"]}]},{\"@type\":\"ImageObject\",\"inLanguage\":\"es\",\"@id\":\"https:\/\/pistonaddict.com\/es\/product\/bmw-m4-competicion\/#primaryimage\",\"url\":\"https:\/\/pistonaddict.com\/wp-content\/uploads\/2024\/03\/1.png\",\"contentUrl\":\"https:\/\/pistonaddict.com\/wp-content\/uploads\/2024\/03\/1.png\",\"width\":2778,\"height\":1660},{\"@type\":\"BreadcrumbList\",\"@id\":\"https:\/\/pistonaddict.com\/es\/product\/bmw-m4-competicion\/#breadcrumb\",\"itemListElement\":[{\"@type\":\"ListItem\",\"position\":1,\"name\":\"bienvenida\",\"item\":\"https:\/\/pistonaddict.com\/es\/pagina-web\/\"},{\"@type\":\"ListItem\",\"position\":2,\"name\":\"Auctions\",\"item\":\"https:\/\/pistonaddict.com\/auctions-listing\/\"},{\"@type\":\"ListItem\",\"position\":3,\"name\":\"BMW M4 Competici\u00f3n\"}]},{\"@type\":\"WebSite\",\"@id\":\"https:\/\/pistonaddict.com\/es\/#website\",\"url\":\"https:\/\/pistonaddict.com\/es\/\",\"name\":\"Piston Addict\",\"description\":\"Only interesting vehicles\",\"publisher\":{\"@id\":\"https:\/\/pistonaddict.com\/es\/#organization\"},\"potentialAction\":[{\"@type\":\"SearchAction\",\"target\":{\"@type\":\"EntryPoint\",\"urlTemplate\":\"https:\/\/pistonaddict.com\/es\/?s={search_term_string}\"},\"query-input\":\"required name=search_term_string\"}],\"inLanguage\":\"es\"},{\"@type\":\"Organization\",\"@id\":\"https:\/\/pistonaddict.com\/es\/#organization\",\"name\":\"Piston Addict\",\"url\":\"https:\/\/pistonaddict.com\/es\/\",\"logo\":{\"@type\":\"ImageObject\",\"inLanguage\":\"es\",\"@id\":\"https:\/\/pistonaddict.com\/es\/#\/schema\/logo\/image\/\",\"url\":\"https:\/\/pistonaddict.com\/wp-content\/uploads\/2022\/07\/logo-6.png\",\"contentUrl\":\"https:\/\/pistonaddict.com\/wp-content\/uploads\/2022\/07\/logo-6.png\",\"width\":970,\"height\":200,\"caption\":\"Piston Addict\"},\"image\":{\"@id\":\"https:\/\/pistonaddict.com\/es\/#\/schema\/logo\/image\/\"}}]}<\/script>\n<!-- \/ Yoast SEO plugin. -->","yoast_head_json":{"title":"BMW M4 Competici\u00f3n - nombre del Piston Addict","robots":{"index":"index","follow":"follow","max-snippet":"max-snippet:-1","max-image-preview":"max-image-preview:large","max-video-preview":"max-video-preview:-1"},"canonical":"https:\/\/pistonaddict.com\/es\/product\/bmw-m4-competicion\/","og_locale":"es_ES","og_type":"article","og_title":"BMW M4 Competici\u00f3n - nombre del Piston Addict","og_description":"Si buscas algo que recorra la pista a ritmo de r\u00e9cord, necesitas un deportivo. Por otro lado, si prefieres un c\u00f3modo crucero por la avenida en un d\u00eda soleado, un elegante descapotable ser\u00eda la mejor opci\u00f3n. Pero si quieres algo que haga ambas cosas, entonces seguro que te gusta este BMW M4 Competition que tenemos en subasta. Est\u00e1 en perfecto estado, tiene un propietario anterior y 74.000 km en el reloj.","og_url":"https:\/\/pistonaddict.com\/es\/product\/bmw-m4-competicion\/","og_site_name":"Piston Addict","article_modified_time":"2024-03-20T13:16:37+00:00","og_image":[{"width":1024,"height":612,"url":"https:\/\/pistonaddict.com\/wp-content\/uploads\/2024\/03\/1-1024x612.png","type":"image\/png"}],"twitter_card":"summary_large_image","twitter_misc":{"Tiempo de lectura":"3 minutos"},"schema":{"@context":"https:\/\/schema.org","@graph":[{"@type":"WebPage","@id":"https:\/\/pistonaddict.com\/es\/product\/bmw-m4-competicion\/","url":"https:\/\/pistonaddict.com\/es\/product\/bmw-m4-competicion\/","name":"BMW M4 Competici\u00f3n - nombre del Piston Addict","isPartOf":{"@id":"https:\/\/pistonaddict.com\/es\/#website"},"primaryImageOfPage":{"@id":"https:\/\/pistonaddict.com\/es\/product\/bmw-m4-competicion\/#primaryimage"},"image":{"@id":"https:\/\/pistonaddict.com\/es\/product\/bmw-m4-competicion\/#primaryimage"},"thumbnailUrl":"https:\/\/pistonaddict.com\/wp-content\/uploads\/2024\/03\/1.png","datePublished":"2024-03-15T17:51:57+00:00","dateModified":"2024-03-20T13:16:37+00:00","breadcrumb":{"@id":"https:\/\/pistonaddict.com\/es\/product\/bmw-m4-competicion\/#breadcrumb"},"inLanguage":"es","potentialAction":[{"@type":"ReadAction","target":["https:\/\/pistonaddict.com\/es\/product\/bmw-m4-competicion\/"]}]},{"@type":"ImageObject","inLanguage":"es","@id":"https:\/\/pistonaddict.com\/es\/product\/bmw-m4-competicion\/#primaryimage","url":"https:\/\/pistonaddict.com\/wp-content\/uploads\/2024\/03\/1.png","contentUrl":"https:\/\/pistonaddict.com\/wp-content\/uploads\/2024\/03\/1.png","width":2778,"height":1660},{"@type":"BreadcrumbList","@id":"https:\/\/pistonaddict.com\/es\/product\/bmw-m4-competicion\/#breadcrumb","itemListElement":[{"@type":"ListItem","position":1,"name":"bienvenida","item":"https:\/\/pistonaddict.com\/es\/pagina-web\/"},{"@type":"ListItem","position":2,"name":"Auctions","item":"https:\/\/pistonaddict.com\/auctions-listing\/"},{"@type":"ListItem","position":3,"name":"BMW M4 Competici\u00f3n"}]},{"@type":"WebSite","@id":"https:\/\/pistonaddict.com\/es\/#website","url":"https:\/\/pistonaddict.com\/es\/","name":"Piston Addict","description":"Only interesting vehicles","publisher":{"@id":"https:\/\/pistonaddict.com\/es\/#organization"},"potentialAction":[{"@type":"SearchAction","target":{"@type":"EntryPoint","urlTemplate":"https:\/\/pistonaddict.com\/es\/?s={search_term_string}"},"query-input":"required name=search_term_string"}],"inLanguage":"es"},{"@type":"Organization","@id":"https:\/\/pistonaddict.com\/es\/#organization","name":"Piston Addict","url":"https:\/\/pistonaddict.com\/es\/","logo":{"@type":"ImageObject","inLanguage":"es","@id":"https:\/\/pistonaddict.com\/es\/#\/schema\/logo\/image\/","url":"https:\/\/pistonaddict.com\/wp-content\/uploads\/2022\/07\/logo-6.png","contentUrl":"https:\/\/pistonaddict.com\/wp-content\/uploads\/2022\/07\/logo-6.png","width":970,"height":200,"caption":"Piston Addict"},"image":{"@id":"https:\/\/pistonaddict.com\/es\/#\/schema\/logo\/image\/"}}]}},"_links":{"self":[{"href":"https:\/\/pistonaddict.com\/es\/wp-json\/wp\/v2\/product\/97444"}],"collection":[{"href":"https:\/\/pistonaddict.com\/es\/wp-json\/wp\/v2\/product"}],"about":[{"href":"https:\/\/pistonaddict.com\/es\/wp-json\/wp\/v2\/types\/product"}],"replies":[{"embeddable":true,"href":"https:\/\/pistonaddict.com\/es\/wp-json\/wp\/v2\/comments?post=97444"}],"wp:featuredmedia":[{"embeddable":true,"href":"https:\/\/pistonaddict.com\/es\/wp-json\/wp\/v2\/media\/96754"}],"wp:attachment":[{"href":"https:\/\/pistonaddict.com\/es\/wp-json\/wp\/v2\/media?parent=97444"}],"wp:term":[{"taxonomy":"product_cat","embeddable":true,"href":"https:\/\/pistonaddict.com\/es\/wp-json\/wp\/v2\/product_cat?post=97444"},{"taxonomy":"product_tag","embeddable":true,"href":"https:\/\/pistonaddict.com\/es\/wp-json\/wp\/v2\/product_tag?post=97444"}],"curies":[{"name":"wp","href":"https:\/\/api.w.org\/{rel}","templated":true}]}}