{"id":96729,"date":"2024-03-15T17:17:18","date_gmt":"2024-03-15T16:17:18","guid":{"rendered":"https:\/\/pistonaddict.com\/product\/amg-sls-roadster\/"},"modified":"2024-03-19T16:40:21","modified_gmt":"2024-03-19T15:40:21","slug":"amg-sls-roadster","status":"publish","type":"product","link":"https:\/\/pistonaddict.com\/es\/product\/amg-sls-roadster\/","title":{"rendered":"AMG SLS Roadster"},"content":{"rendered":"<p><strong>Historia del coche<\/strong><\/p>\n<p>El mundo del autom\u00f3vil se qued\u00f3 at\u00f3nito cuando Mercedes present\u00f3 el ic\u00f3nico SLS AMG en 2010. Cl\u00e1sico en su planteamiento pero totalmente moderno en su ejecuci\u00f3n, se trataba de un deportivo de pura raza que se inspiraba claramente en el glorioso pasado de la marca y en el legendario 300 SL Gullwing. Aunque Mercedes mir\u00f3 al pasado al dise\u00f1arlo, la empresa apunt\u00f3 al futuro con una moderna construcci\u00f3n del chasis, caracter\u00edsticas interiores, confort y tren motriz. Bajo ese largo cap\u00f3 hab\u00eda un V8 de 6,2 litros (nombre en clave M156), que entregaba 571 CV de aspiraci\u00f3n natural enviados a las ruedas traseras a trav\u00e9s de una competente transmisi\u00f3n de doble embrague de 7 velocidades. El resultado es un coche con un aspecto incre\u00edble y una velocidad de supercoche. Con un tiempo de 0 a 100 km\/h de s\u00f3lo 3,8 segundos y una velocidad m\u00e1xima de m\u00e1s de 310 km\/h, se puede ver por qu\u00e9 el Mercedes SLS AMG se encuentra entre los coches m\u00e1s r\u00e1pidos de su \u00e9poca.<\/p>\n<p>Curiosamente, la tirada de producci\u00f3n de esta incre\u00edble m\u00e1quina fue relativamente corta, y el modelo se dej\u00f3 de fabricar en 2014. Algunos dicen que Mercedes lo hizo deliberadamente para garantizar la exclusividad y rareza de su mejor deportivo moderno. Estos rumores podr\u00edan ser ciertos, ya que la empresa nunca ha revelado oficialmente cifras exactas de producci\u00f3n. Se estima que se entregaron unos 8.000 cup\u00e9s y unos 4.000 roadsters. Este coche es uno de esos 4.000 ejemplares, lo que lo hace a\u00fan m\u00e1s exclusivo y m\u00edtico.<\/p>\n<p><strong>Interior<\/strong><\/p>\n<p>Acabado en cuero negro con salpicadero de cuero, el interior de este SLS AMG Roadster est\u00e1 en perfecto estado sin signos de uso. Los asientos y las tarjetas de las puertas no est\u00e1n marcados; todas las caracter\u00edsticas funcionan junto con el sistema de navegaci\u00f3n, el audio premium y los asientos deportivos calefactados y con control el\u00e9ctrico. El techo descapotable est\u00e1 como nuevo y se abre y cierra perfectamente.<\/p>\n<p><strong>Condici\u00f3n<\/strong><\/p>\n<p>Siempre estamos encantados de ofrecer veh\u00edculos que est\u00e1n en condiciones como nuevo, y este 2012 Mercedes SLS AMG Roadster es uno de ellos. Con s\u00f3lo 19.000 kil\u00f3metros desde nuevo, este veh\u00edculo fue muy poco utilizado en manos de su primer y \u00fanico propietario y promediaba menos de 2.000 km al a\u00f1o. Significa que est\u00e1 en plena forma mec\u00e1nica y est\u00e9ticamente, y es totalmente original de f\u00e1brica. La \u00faltima revisi\u00f3n importante se realiz\u00f3 en 2018, y los frenos se revisaron hace poco, en marzo de 2024. El coche fue cuidado meticulosamente por un concesionario Mercedes.<\/p>\n<p><strong>Exterior Y Ruedas<\/strong><\/p>\n<p>Con tan pocos kil\u00f3metros y un cuidado obsesivo, no es de extra\u00f1ar que la carrocer\u00eda est\u00e9 como nueva, sin ara\u00f1azos ni abolladuras. Acabado en un tono plateado cl\u00e1sico de Mercedes (que recuerda a los coches de carreras Silver Arrow), luce un aspecto impresionante con un interior negro en contraste. Las llantas originales de 19 pulgadas est\u00e1n presentes, envueltas en caucho de rendimiento Continental ContiSport Contact (DOT 2017) con alrededor del 50% de uso.<\/p>\n<p><strong>Documentaci\u00f3n<\/strong><\/p>\n<p>El concesionario vende este veh\u00edculo en nombre del propietario original, con la documentaci\u00f3n correspondiente, ubicado en B\u00e9lgica. El <a href=\"https:\/\/pistonaddict.com\/wp-content\/uploads\/2024\/03\/CarVerticalAMG.pdf\">informe de CarVertical<\/a> est\u00e1 limpio, sin pruebas de accidentes, reparaciones de accidentes, propiedad o problemas legales. Hay registros del mantenimiento peri\u00f3dico y recibos.<\/p>\n<p><strong>Vea el v\u00eddeo de arranque en fr\u00edo de este incre\u00edble AMG SLS Roadster :<\/strong><\/p>\n<p><iframe title=\"Cold Start Video of the AMG SLS Roadster\" width=\"1200\" height=\"675\" src=\"https:\/\/www.youtube.com\/embed\/vjLjXYVelXI?feature=oembed\" frameborder=\"0\" allow=\"accelerometer; autoplay; clipboard-write; encrypted-media; gyroscope; picture-in-picture; web-share\" allowfullscreen><\/iframe><\/p>\n","protected":false},"excerpt":{"rendered":"<p>Si nos fijamos en los cl\u00e1sicos modernos de Stuttgart, nada se acerca al Mercedes SLS AMG. Con su dise\u00f1o retrofuturista, su poderoso V8 de 6,2 litros en la parte delantera y sus sublimes prestaciones, el SLS es el deportivo m\u00e1s codiciado de Mercedes desde el original de los a\u00f1os 50 que inici\u00f3 el linaje. Exquisito en todos los aspectos, el SLS es un coche que rara vez sale a la venta, lo que hace que este ejemplo de bajo kilometraje, de un solo propietario y pr\u00e1cticamente nuevo sea m\u00e1s raro y a\u00fan m\u00e1s \u00fanico.<\/p>\n","protected":false},"featured_media":96005,"comment_status":"open","ping_status":"closed","template":"","meta":{"inline_featured_image":false},"product_cat":[715],"product_tag":[3086,2794,3085,919],"acf":[],"yoast_head":"<!-- This site is optimized with the Yoast SEO plugin v22.5 - https:\/\/yoast.com\/wordpress\/plugins\/seo\/ -->\n<title>AMG SLS Roadster - nombre del Piston Addict<\/title>\n<meta name=\"robots\" content=\"index, follow, max-snippet:-1, max-image-preview:large, max-video-preview:-1\" \/>\n<link rel=\"canonical\" href=\"https:\/\/pistonaddict.com\/es\/product\/amg-sls-roadster\/\" \/>\n<meta property=\"og:locale\" content=\"es_ES\" \/>\n<meta property=\"og:type\" content=\"article\" \/>\n<meta property=\"og:title\" content=\"AMG SLS Roadster - nombre del Piston Addict\" \/>\n<meta property=\"og:description\" content=\"Si nos fijamos en los cl\u00e1sicos modernos de Stuttgart, nada se acerca al Mercedes SLS AMG. Con su dise\u00f1o retrofuturista, su poderoso V8 de 6,2 litros en la parte delantera y sus sublimes prestaciones, el SLS es el deportivo m\u00e1s codiciado de Mercedes desde el original de los a\u00f1os 50 que inici\u00f3 el linaje. Exquisito en todos los aspectos, el SLS es un coche que rara vez sale a la venta, lo que hace que este ejemplo de bajo kilometraje, de un solo propietario y pr\u00e1cticamente nuevo sea m\u00e1s raro y a\u00fan m\u00e1s \u00fanico.\" \/>\n<meta property=\"og:url\" content=\"https:\/\/pistonaddict.com\/es\/product\/amg-sls-roadster\/\" \/>\n<meta property=\"og:site_name\" content=\"Piston Addict\" \/>\n<meta property=\"article:modified_time\" content=\"2024-03-19T15:40:21+00:00\" \/>\n<meta property=\"og:image\" content=\"https:\/\/pistonaddict.com\/wp-content\/uploads\/2024\/03\/1-scaled.jpg\" \/>\n\t<meta property=\"og:image:width\" content=\"2560\" \/>\n\t<meta property=\"og:image:height\" content=\"1527\" \/>\n\t<meta property=\"og:image:type\" content=\"image\/jpeg\" \/>\n<meta name=\"twitter:card\" content=\"summary_large_image\" \/>\n<meta name=\"twitter:label1\" content=\"Tiempo de lectura\" \/>\n\t<meta name=\"twitter:data1\" content=\"3 minutos\" \/>\n<script type=\"application\/ld+json\" class=\"yoast-schema-graph\">{\"@context\":\"https:\/\/schema.org\",\"@graph\":[{\"@type\":\"WebPage\",\"@id\":\"https:\/\/pistonaddict.com\/es\/product\/amg-sls-roadster\/\",\"url\":\"https:\/\/pistonaddict.com\/es\/product\/amg-sls-roadster\/\",\"name\":\"AMG SLS Roadster - nombre del Piston Addict\",\"isPartOf\":{\"@id\":\"https:\/\/pistonaddict.com\/es\/#website\"},\"primaryImageOfPage\":{\"@id\":\"https:\/\/pistonaddict.com\/es\/product\/amg-sls-roadster\/#primaryimage\"},\"image\":{\"@id\":\"https:\/\/pistonaddict.com\/es\/product\/amg-sls-roadster\/#primaryimage\"},\"thumbnailUrl\":\"https:\/\/pistonaddict.com\/wp-content\/uploads\/2024\/03\/1-scaled.jpg\",\"datePublished\":\"2024-03-15T16:17:18+00:00\",\"dateModified\":\"2024-03-19T15:40:21+00:00\",\"breadcrumb\":{\"@id\":\"https:\/\/pistonaddict.com\/es\/product\/amg-sls-roadster\/#breadcrumb\"},\"inLanguage\":\"es\",\"potentialAction\":[{\"@type\":\"ReadAction\",\"target\":[\"https:\/\/pistonaddict.com\/es\/product\/amg-sls-roadster\/\"]}]},{\"@type\":\"ImageObject\",\"inLanguage\":\"es\",\"@id\":\"https:\/\/pistonaddict.com\/es\/product\/amg-sls-roadster\/#primaryimage\",\"url\":\"https:\/\/pistonaddict.com\/wp-content\/uploads\/2024\/03\/1-scaled.jpg\",\"contentUrl\":\"https:\/\/pistonaddict.com\/wp-content\/uploads\/2024\/03\/1-scaled.jpg\",\"width\":2560,\"height\":1527},{\"@type\":\"BreadcrumbList\",\"@id\":\"https:\/\/pistonaddict.com\/es\/product\/amg-sls-roadster\/#breadcrumb\",\"itemListElement\":[{\"@type\":\"ListItem\",\"position\":1,\"name\":\"bienvenida\",\"item\":\"https:\/\/pistonaddict.com\/es\/pagina-web\/\"},{\"@type\":\"ListItem\",\"position\":2,\"name\":\"Auctions\",\"item\":\"https:\/\/pistonaddict.com\/auctions-listing\/\"},{\"@type\":\"ListItem\",\"position\":3,\"name\":\"AMG SLS Roadster\"}]},{\"@type\":\"WebSite\",\"@id\":\"https:\/\/pistonaddict.com\/es\/#website\",\"url\":\"https:\/\/pistonaddict.com\/es\/\",\"name\":\"Piston Addict\",\"description\":\"Only interesting vehicles\",\"publisher\":{\"@id\":\"https:\/\/pistonaddict.com\/es\/#organization\"},\"potentialAction\":[{\"@type\":\"SearchAction\",\"target\":{\"@type\":\"EntryPoint\",\"urlTemplate\":\"https:\/\/pistonaddict.com\/es\/?s={search_term_string}\"},\"query-input\":\"required name=search_term_string\"}],\"inLanguage\":\"es\"},{\"@type\":\"Organization\",\"@id\":\"https:\/\/pistonaddict.com\/es\/#organization\",\"name\":\"Piston Addict\",\"url\":\"https:\/\/pistonaddict.com\/es\/\",\"logo\":{\"@type\":\"ImageObject\",\"inLanguage\":\"es\",\"@id\":\"https:\/\/pistonaddict.com\/es\/#\/schema\/logo\/image\/\",\"url\":\"https:\/\/pistonaddict.com\/wp-content\/uploads\/2022\/07\/logo-6.png\",\"contentUrl\":\"https:\/\/pistonaddict.com\/wp-content\/uploads\/2022\/07\/logo-6.png\",\"width\":970,\"height\":200,\"caption\":\"Piston Addict\"},\"image\":{\"@id\":\"https:\/\/pistonaddict.com\/es\/#\/schema\/logo\/image\/\"}}]}<\/script>\n<!-- \/ Yoast SEO plugin. -->","yoast_head_json":{"title":"AMG SLS Roadster - nombre del Piston Addict","robots":{"index":"index","follow":"follow","max-snippet":"max-snippet:-1","max-image-preview":"max-image-preview:large","max-video-preview":"max-video-preview:-1"},"canonical":"https:\/\/pistonaddict.com\/es\/product\/amg-sls-roadster\/","og_locale":"es_ES","og_type":"article","og_title":"AMG SLS Roadster - nombre del Piston Addict","og_description":"Si nos fijamos en los cl\u00e1sicos modernos de Stuttgart, nada se acerca al Mercedes SLS AMG. Con su dise\u00f1o retrofuturista, su poderoso V8 de 6,2 litros en la parte delantera y sus sublimes prestaciones, el SLS es el deportivo m\u00e1s codiciado de Mercedes desde el original de los a\u00f1os 50 que inici\u00f3 el linaje. Exquisito en todos los aspectos, el SLS es un coche que rara vez sale a la venta, lo que hace que este ejemplo de bajo kilometraje, de un solo propietario y pr\u00e1cticamente nuevo sea m\u00e1s raro y a\u00fan m\u00e1s \u00fanico.","og_url":"https:\/\/pistonaddict.com\/es\/product\/amg-sls-roadster\/","og_site_name":"Piston Addict","article_modified_time":"2024-03-19T15:40:21+00:00","og_image":[{"width":2560,"height":1527,"url":"https:\/\/pistonaddict.com\/wp-content\/uploads\/2024\/03\/1-scaled.jpg","type":"image\/jpeg"}],"twitter_card":"summary_large_image","twitter_misc":{"Tiempo de lectura":"3 minutos"},"schema":{"@context":"https:\/\/schema.org","@graph":[{"@type":"WebPage","@id":"https:\/\/pistonaddict.com\/es\/product\/amg-sls-roadster\/","url":"https:\/\/pistonaddict.com\/es\/product\/amg-sls-roadster\/","name":"AMG SLS Roadster - nombre del Piston Addict","isPartOf":{"@id":"https:\/\/pistonaddict.com\/es\/#website"},"primaryImageOfPage":{"@id":"https:\/\/pistonaddict.com\/es\/product\/amg-sls-roadster\/#primaryimage"},"image":{"@id":"https:\/\/pistonaddict.com\/es\/product\/amg-sls-roadster\/#primaryimage"},"thumbnailUrl":"https:\/\/pistonaddict.com\/wp-content\/uploads\/2024\/03\/1-scaled.jpg","datePublished":"2024-03-15T16:17:18+00:00","dateModified":"2024-03-19T15:40:21+00:00","breadcrumb":{"@id":"https:\/\/pistonaddict.com\/es\/product\/amg-sls-roadster\/#breadcrumb"},"inLanguage":"es","potentialAction":[{"@type":"ReadAction","target":["https:\/\/pistonaddict.com\/es\/product\/amg-sls-roadster\/"]}]},{"@type":"ImageObject","inLanguage":"es","@id":"https:\/\/pistonaddict.com\/es\/product\/amg-sls-roadster\/#primaryimage","url":"https:\/\/pistonaddict.com\/wp-content\/uploads\/2024\/03\/1-scaled.jpg","contentUrl":"https:\/\/pistonaddict.com\/wp-content\/uploads\/2024\/03\/1-scaled.jpg","width":2560,"height":1527},{"@type":"BreadcrumbList","@id":"https:\/\/pistonaddict.com\/es\/product\/amg-sls-roadster\/#breadcrumb","itemListElement":[{"@type":"ListItem","position":1,"name":"bienvenida","item":"https:\/\/pistonaddict.com\/es\/pagina-web\/"},{"@type":"ListItem","position":2,"name":"Auctions","item":"https:\/\/pistonaddict.com\/auctions-listing\/"},{"@type":"ListItem","position":3,"name":"AMG SLS Roadster"}]},{"@type":"WebSite","@id":"https:\/\/pistonaddict.com\/es\/#website","url":"https:\/\/pistonaddict.com\/es\/","name":"Piston Addict","description":"Only interesting vehicles","publisher":{"@id":"https:\/\/pistonaddict.com\/es\/#organization"},"potentialAction":[{"@type":"SearchAction","target":{"@type":"EntryPoint","urlTemplate":"https:\/\/pistonaddict.com\/es\/?s={search_term_string}"},"query-input":"required name=search_term_string"}],"inLanguage":"es"},{"@type":"Organization","@id":"https:\/\/pistonaddict.com\/es\/#organization","name":"Piston Addict","url":"https:\/\/pistonaddict.com\/es\/","logo":{"@type":"ImageObject","inLanguage":"es","@id":"https:\/\/pistonaddict.com\/es\/#\/schema\/logo\/image\/","url":"https:\/\/pistonaddict.com\/wp-content\/uploads\/2022\/07\/logo-6.png","contentUrl":"https:\/\/pistonaddict.com\/wp-content\/uploads\/2022\/07\/logo-6.png","width":970,"height":200,"caption":"Piston Addict"},"image":{"@id":"https:\/\/pistonaddict.com\/es\/#\/schema\/logo\/image\/"}}]}},"_links":{"self":[{"href":"https:\/\/pistonaddict.com\/es\/wp-json\/wp\/v2\/product\/96729"}],"collection":[{"href":"https:\/\/pistonaddict.com\/es\/wp-json\/wp\/v2\/product"}],"about":[{"href":"https:\/\/pistonaddict.com\/es\/wp-json\/wp\/v2\/types\/product"}],"replies":[{"embeddable":true,"href":"https:\/\/pistonaddict.com\/es\/wp-json\/wp\/v2\/comments?post=96729"}],"wp:featuredmedia":[{"embeddable":true,"href":"https:\/\/pistonaddict.com\/es\/wp-json\/wp\/v2\/media\/96005"}],"wp:attachment":[{"href":"https:\/\/pistonaddict.com\/es\/wp-json\/wp\/v2\/media?parent=96729"}],"wp:term":[{"taxonomy":"product_cat","embeddable":true,"href":"https:\/\/pistonaddict.com\/es\/wp-json\/wp\/v2\/product_cat?post=96729"},{"taxonomy":"product_tag","embeddable":true,"href":"https:\/\/pistonaddict.com\/es\/wp-json\/wp\/v2\/product_tag?post=96729"}],"curies":[{"name":"wp","href":"https:\/\/api.w.org\/{rel}","templated":true}]}}