{"id":94120,"date":"2024-02-28T13:52:28","date_gmt":"2024-02-28T12:52:28","guid":{"rendered":"https:\/\/pistonaddict.com\/product\/fisker-karma\/"},"modified":"2024-03-19T16:38:33","modified_gmt":"2024-03-19T15:38:33","slug":"fisker-karma","status":"publish","type":"product","link":"https:\/\/pistonaddict.com\/es\/product\/fisker-karma\/","title":{"rendered":"Fisker Karma"},"content":{"rendered":"<h2>Exterior<\/h2>\n<p>En el exterior, empezando por el frontal, el Karma presenta un morro bajo con rejillas anchas y faros de xen\u00f3n alargados, que confieren al coche una postura agresiva. Este tema contin\u00faa a lo largo de los laterales, donde una silueta musculosa est\u00e1 dominada por enormes guardabarros envueltos alrededor de llantas de 22 pulgadas. En la amplia zaga del superdeportivo italiano, detalles como las elegantes luces traseras y los altavoces en el lugar donde cabr\u00eda esperar ver las puntas de escape con tapones cromados confieren al Karma un aspecto \u00fanico en carretera.<\/p>\n<p>El coche est\u00e1 pintado en azul Oc\u00e9ano Profundo, que luce espectacular en los d\u00edas despejados, cuando los rayos del sol resaltan su escamabilidad. Si hablamos del sol, el Karma tiene paneles solares integrados en el techo, lo que significa que puede recargarse solo con estar aparcado en el exterior.<\/p>\n<h2>Interior<\/h2>\n<p>Una vez dentro del coche, te encontrar\u00e1s detr\u00e1s de un volante de cuero de cuatro radios que enmarca un elegante y futurista cuadro de instrumentos. A la izquierda hay un veloc\u00edmetro que llega hasta 220 km\/h. Pero, a la derecha, en lugar de un cuentarrevoluciones, hay una pantalla que muestra la capacidad de la bater\u00eda y si se est\u00e1 cargando o si la electricidad se utiliza para acelerar. El salpicadero est\u00e1 equipado con una pantalla t\u00e1ctil que sirve de centro de mando para el equipo de m\u00fasica, la navegaci\u00f3n y el climatizador.<\/p>\n<p>Todo el interior est\u00e1 vestido con una combinaci\u00f3n de madera, cuero y suave Alc\u00e1ntara, que le confieren un tacto y un aspecto exquisitos. Una cosa que llama la atenci\u00f3n es el enorme t\u00fanel central, necesario ya que es donde se alojan las bater\u00edas.<\/p>\n<h2>Mec\u00e1nica<\/h2>\n<p>Por muy impresionante que parezca por dentro y por fuera, la base mec\u00e1nica del Fisker es lo m\u00e1s impresionante. Si levantas el cap\u00f3, encontrar\u00e1s un motor debajo, como en cualquier otro coche. Sin embargo, esta unidad turboalimentada de 4 cilindros no se utiliza para propulsar las ruedas. En su lugar, act\u00faa como un generador que carga las bater\u00edas cuando es necesario rellenarlas.<\/p>\n<p>El coche est\u00e1 propulsado por dos motores el\u00e9ctricos, que funcionan por parejas para entregar la potencia a las ruedas traseras a trav\u00e9s de un diferencial de deslizamiento limitado. Este combo puede dar hasta 409 CV y la friolera de 1.300 N-m de par, lo que proporciona al Karma unas prestaciones a la altura de su aspecto.<\/p>\n<p>Como Fisker no quer\u00eda que el coche fuera demasiado pesado, ya que esto comprometer\u00eda la maniobrabilidad, las bater\u00edas y la autonom\u00eda resultante en modo totalmente el\u00e9ctrico no son demasiado extensas. Cuando est\u00e1 completamente cargado, el Karma puede recorrer aproximadamente 80 kil\u00f3metros utilizando \u00fanicamente electricidad. Pero honestamente, esto es probablemente m\u00e1s que suficiente para la mayor\u00eda de los desplazamientos diarios, y siempre hay un motor de gasolina como generador de reserva.<\/p>\n<h2>Historial del veh\u00edculo<\/h2>\n<p>Para terminar, unas palabras sobre el estado del Fisker, que el vendedor califica de excelente. Y, para ser sinceros, las fotos y el breve v\u00eddeo cuentan la misma historia. El coche fue revisado por \u00faltima vez en noviembre de 2023, y no tiene fallos ni errores, aparte del aviso de Presi\u00f3n de Neum\u00e1ticos en el salpicadero. Esto es, al parecer, porque el veh\u00edculo est\u00e1 actualmente en 21 pulgadas del mercado de accesorios Schmid ruedas, mientras que el sistema TPMS est\u00e1 programado para trabajar con el OEM de verano de 22 pulgadas de configuraci\u00f3n. El propietario dice que el coche puede ser recalibrado para que reconozca dimensiones de neum\u00e1ticos alternativas, pero no se molest\u00f3 en eso, ya que rara vez lo conduce durante el invierno. Adem\u00e1s, todos los airbags se sustituyeron en 2022 como parte de una amplia retirada de Takata.<\/p>\n<p>Ahora bien, al tratarse de un coche h\u00edbrido el\u00e9ctrico pueden surgir algunas dudas sobre el estado de las bater\u00edas, ya que su sustituci\u00f3n es muy costosa. Pero, seg\u00fan el vendedor, no hay de qu\u00e9 preocuparse, ya que la bater\u00eda ha sido revisada por un t\u00e9cnico certificado de Fisker Karma en agosto de 2023, que hab\u00eda confirmado que sigue a pleno rendimiento. El coche viene con su cargador m\u00f3vil original, que se conecta a la toma de 220 V, y un lector manual de c\u00f3digos OBD2. La inspecci\u00f3n t\u00e9cnica austriaca se ha superado con \u00e9xito y es v\u00e1lida hasta agosto de 2024.<\/p>\n<p>Si bien el \u00fanico distribuidor europeo autorizado se encuentra en los Pa\u00edses Bajos, existe la opci\u00f3n de que un especialista se desplace hasta tu domicilio y se encargue de todo lo que sea necesario (siempre que la reparaci\u00f3n pueda realizarse in situ).<\/p>\n<p>Por \u00faltimo, el vendedor, que lo compr\u00f3 en 2019, asegura que el coche nunca ha tenido un accidente ni ha sido utilizado en circuito, lo que se puede confirmar adicionalmente con el correspondiente <a href=\"https:\/\/pistonaddict.com\/wp-content\/uploads\/2024\/02\/FiskerKarma.pdf\">Informe del Historial del Veh\u00edculo<\/a>. Tambi\u00e9n vale la pena mencionar, que el vendedor proporcionar\u00e1 el <a href=\"https:\/\/pistonaddict.com\/wp-content\/uploads\/2024\/02\/CoC1-rotated.jpg\">Certificado de Conformidad<\/a>, si el comprador quiere mover el veh\u00edculo fuera de Austria, donde este Fisker ha sido registrado desde el primer d\u00eda.<\/p>\n<p><strong><br \/>\nMira el v\u00eddeo de arranque en fr\u00edo de este gran Fisker Karma :<\/strong><\/p>\n<p><iframe title=\"Cold Start Video of the Fisker Karma\" width=\"1200\" height=\"675\" src=\"https:\/\/www.youtube.com\/embed\/Ct2_uFf2FEw?feature=oembed\" frameborder=\"0\" allow=\"accelerometer; autoplay; clipboard-write; encrypted-media; gyroscope; picture-in-picture; web-share\" allowfullscreen><\/iframe><\/p>\n","protected":false},"excerpt":{"rendered":"<p>Si buscas un deportivo que pueda transportar a cuatro personas y su equipaje, hay mucho donde elegir. Pero si quieres algo que te diferencie de los modelos convencionales, entonces puede que te guste el Fisker Karma. Ofrece todas las ventajas de un coche el\u00e9ctrico sin la ansiedad de autonom\u00eda y el peso a\u00f1adido que suelen llevar asociados. Adem\u00e1s, toda esta tecnolog\u00eda est\u00e1 envuelta en una carrocer\u00eda de aspecto espectacular. Y a la venta aqu\u00ed, tenemos un modelo de 2012, que se vende por el propietario y ha hecho 67.000 kil\u00f3metros hasta ahora. Veamos m\u00e1s de cerca lo que ofrece.<\/p>\n","protected":false},"featured_media":93031,"comment_status":"open","ping_status":"closed","template":"","meta":{"inline_featured_image":false},"product_cat":[715],"product_tag":[2794,3034,1840,1839,2999,919],"acf":[],"yoast_head":"<!-- This site is optimized with the Yoast SEO plugin v22.5 - https:\/\/yoast.com\/wordpress\/plugins\/seo\/ -->\n<title>Fisker Karma - nombre del Piston Addict<\/title>\n<meta name=\"robots\" content=\"index, follow, max-snippet:-1, max-image-preview:large, max-video-preview:-1\" \/>\n<link rel=\"canonical\" href=\"https:\/\/pistonaddict.com\/es\/product\/fisker-karma\/\" \/>\n<meta property=\"og:locale\" content=\"es_ES\" \/>\n<meta property=\"og:type\" content=\"article\" \/>\n<meta property=\"og:title\" content=\"Fisker Karma - nombre del Piston Addict\" \/>\n<meta property=\"og:description\" content=\"Si buscas un deportivo que pueda transportar a cuatro personas y su equipaje, hay mucho donde elegir. Pero si quieres algo que te diferencie de los modelos convencionales, entonces puede que te guste el Fisker Karma. Ofrece todas las ventajas de un coche el\u00e9ctrico sin la ansiedad de autonom\u00eda y el peso a\u00f1adido que suelen llevar asociados. Adem\u00e1s, toda esta tecnolog\u00eda est\u00e1 envuelta en una carrocer\u00eda de aspecto espectacular. Y a la venta aqu\u00ed, tenemos un modelo de 2012, que se vende por el propietario y ha hecho 67.000 kil\u00f3metros hasta ahora. Veamos m\u00e1s de cerca lo que ofrece.\" \/>\n<meta property=\"og:url\" content=\"https:\/\/pistonaddict.com\/es\/product\/fisker-karma\/\" \/>\n<meta property=\"og:site_name\" content=\"Piston Addict\" \/>\n<meta property=\"article:modified_time\" content=\"2024-03-19T15:38:33+00:00\" \/>\n<meta property=\"og:image\" content=\"https:\/\/pistonaddict.com\/wp-content\/uploads\/2024\/02\/1.jpg\" \/>\n\t<meta property=\"og:image:width\" content=\"1280\" \/>\n\t<meta property=\"og:image:height\" content=\"960\" \/>\n\t<meta property=\"og:image:type\" content=\"image\/jpeg\" \/>\n<meta name=\"twitter:card\" content=\"summary_large_image\" \/>\n<meta name=\"twitter:label1\" content=\"Tiempo de lectura\" \/>\n\t<meta name=\"twitter:data1\" content=\"4 minutos\" \/>\n<script type=\"application\/ld+json\" class=\"yoast-schema-graph\">{\"@context\":\"https:\/\/schema.org\",\"@graph\":[{\"@type\":\"WebPage\",\"@id\":\"https:\/\/pistonaddict.com\/es\/product\/fisker-karma\/\",\"url\":\"https:\/\/pistonaddict.com\/es\/product\/fisker-karma\/\",\"name\":\"Fisker Karma - nombre del Piston Addict\",\"isPartOf\":{\"@id\":\"https:\/\/pistonaddict.com\/es\/#website\"},\"primaryImageOfPage\":{\"@id\":\"https:\/\/pistonaddict.com\/es\/product\/fisker-karma\/#primaryimage\"},\"image\":{\"@id\":\"https:\/\/pistonaddict.com\/es\/product\/fisker-karma\/#primaryimage\"},\"thumbnailUrl\":\"https:\/\/pistonaddict.com\/wp-content\/uploads\/2024\/02\/1.jpg\",\"datePublished\":\"2024-02-28T12:52:28+00:00\",\"dateModified\":\"2024-03-19T15:38:33+00:00\",\"breadcrumb\":{\"@id\":\"https:\/\/pistonaddict.com\/es\/product\/fisker-karma\/#breadcrumb\"},\"inLanguage\":\"es\",\"potentialAction\":[{\"@type\":\"ReadAction\",\"target\":[\"https:\/\/pistonaddict.com\/es\/product\/fisker-karma\/\"]}]},{\"@type\":\"ImageObject\",\"inLanguage\":\"es\",\"@id\":\"https:\/\/pistonaddict.com\/es\/product\/fisker-karma\/#primaryimage\",\"url\":\"https:\/\/pistonaddict.com\/wp-content\/uploads\/2024\/02\/1.jpg\",\"contentUrl\":\"https:\/\/pistonaddict.com\/wp-content\/uploads\/2024\/02\/1.jpg\",\"width\":1280,\"height\":960},{\"@type\":\"BreadcrumbList\",\"@id\":\"https:\/\/pistonaddict.com\/es\/product\/fisker-karma\/#breadcrumb\",\"itemListElement\":[{\"@type\":\"ListItem\",\"position\":1,\"name\":\"bienvenida\",\"item\":\"https:\/\/pistonaddict.com\/es\/pagina-web\/\"},{\"@type\":\"ListItem\",\"position\":2,\"name\":\"Auctions\",\"item\":\"https:\/\/pistonaddict.com\/auctions-listing\/\"},{\"@type\":\"ListItem\",\"position\":3,\"name\":\"Fisker Karma\"}]},{\"@type\":\"WebSite\",\"@id\":\"https:\/\/pistonaddict.com\/es\/#website\",\"url\":\"https:\/\/pistonaddict.com\/es\/\",\"name\":\"Piston Addict\",\"description\":\"Only interesting vehicles\",\"publisher\":{\"@id\":\"https:\/\/pistonaddict.com\/es\/#organization\"},\"potentialAction\":[{\"@type\":\"SearchAction\",\"target\":{\"@type\":\"EntryPoint\",\"urlTemplate\":\"https:\/\/pistonaddict.com\/es\/?s={search_term_string}\"},\"query-input\":\"required name=search_term_string\"}],\"inLanguage\":\"es\"},{\"@type\":\"Organization\",\"@id\":\"https:\/\/pistonaddict.com\/es\/#organization\",\"name\":\"Piston Addict\",\"url\":\"https:\/\/pistonaddict.com\/es\/\",\"logo\":{\"@type\":\"ImageObject\",\"inLanguage\":\"es\",\"@id\":\"https:\/\/pistonaddict.com\/es\/#\/schema\/logo\/image\/\",\"url\":\"https:\/\/pistonaddict.com\/wp-content\/uploads\/2022\/07\/logo-6.png\",\"contentUrl\":\"https:\/\/pistonaddict.com\/wp-content\/uploads\/2022\/07\/logo-6.png\",\"width\":970,\"height\":200,\"caption\":\"Piston Addict\"},\"image\":{\"@id\":\"https:\/\/pistonaddict.com\/es\/#\/schema\/logo\/image\/\"}}]}<\/script>\n<!-- \/ Yoast SEO plugin. -->","yoast_head_json":{"title":"Fisker Karma - nombre del Piston Addict","robots":{"index":"index","follow":"follow","max-snippet":"max-snippet:-1","max-image-preview":"max-image-preview:large","max-video-preview":"max-video-preview:-1"},"canonical":"https:\/\/pistonaddict.com\/es\/product\/fisker-karma\/","og_locale":"es_ES","og_type":"article","og_title":"Fisker Karma - nombre del Piston Addict","og_description":"Si buscas un deportivo que pueda transportar a cuatro personas y su equipaje, hay mucho donde elegir. Pero si quieres algo que te diferencie de los modelos convencionales, entonces puede que te guste el Fisker Karma. Ofrece todas las ventajas de un coche el\u00e9ctrico sin la ansiedad de autonom\u00eda y el peso a\u00f1adido que suelen llevar asociados. Adem\u00e1s, toda esta tecnolog\u00eda est\u00e1 envuelta en una carrocer\u00eda de aspecto espectacular. Y a la venta aqu\u00ed, tenemos un modelo de 2012, que se vende por el propietario y ha hecho 67.000 kil\u00f3metros hasta ahora. Veamos m\u00e1s de cerca lo que ofrece.","og_url":"https:\/\/pistonaddict.com\/es\/product\/fisker-karma\/","og_site_name":"Piston Addict","article_modified_time":"2024-03-19T15:38:33+00:00","og_image":[{"width":1280,"height":960,"url":"https:\/\/pistonaddict.com\/wp-content\/uploads\/2024\/02\/1.jpg","type":"image\/jpeg"}],"twitter_card":"summary_large_image","twitter_misc":{"Tiempo de lectura":"4 minutos"},"schema":{"@context":"https:\/\/schema.org","@graph":[{"@type":"WebPage","@id":"https:\/\/pistonaddict.com\/es\/product\/fisker-karma\/","url":"https:\/\/pistonaddict.com\/es\/product\/fisker-karma\/","name":"Fisker Karma - nombre del Piston Addict","isPartOf":{"@id":"https:\/\/pistonaddict.com\/es\/#website"},"primaryImageOfPage":{"@id":"https:\/\/pistonaddict.com\/es\/product\/fisker-karma\/#primaryimage"},"image":{"@id":"https:\/\/pistonaddict.com\/es\/product\/fisker-karma\/#primaryimage"},"thumbnailUrl":"https:\/\/pistonaddict.com\/wp-content\/uploads\/2024\/02\/1.jpg","datePublished":"2024-02-28T12:52:28+00:00","dateModified":"2024-03-19T15:38:33+00:00","breadcrumb":{"@id":"https:\/\/pistonaddict.com\/es\/product\/fisker-karma\/#breadcrumb"},"inLanguage":"es","potentialAction":[{"@type":"ReadAction","target":["https:\/\/pistonaddict.com\/es\/product\/fisker-karma\/"]}]},{"@type":"ImageObject","inLanguage":"es","@id":"https:\/\/pistonaddict.com\/es\/product\/fisker-karma\/#primaryimage","url":"https:\/\/pistonaddict.com\/wp-content\/uploads\/2024\/02\/1.jpg","contentUrl":"https:\/\/pistonaddict.com\/wp-content\/uploads\/2024\/02\/1.jpg","width":1280,"height":960},{"@type":"BreadcrumbList","@id":"https:\/\/pistonaddict.com\/es\/product\/fisker-karma\/#breadcrumb","itemListElement":[{"@type":"ListItem","position":1,"name":"bienvenida","item":"https:\/\/pistonaddict.com\/es\/pagina-web\/"},{"@type":"ListItem","position":2,"name":"Auctions","item":"https:\/\/pistonaddict.com\/auctions-listing\/"},{"@type":"ListItem","position":3,"name":"Fisker Karma"}]},{"@type":"WebSite","@id":"https:\/\/pistonaddict.com\/es\/#website","url":"https:\/\/pistonaddict.com\/es\/","name":"Piston Addict","description":"Only interesting vehicles","publisher":{"@id":"https:\/\/pistonaddict.com\/es\/#organization"},"potentialAction":[{"@type":"SearchAction","target":{"@type":"EntryPoint","urlTemplate":"https:\/\/pistonaddict.com\/es\/?s={search_term_string}"},"query-input":"required name=search_term_string"}],"inLanguage":"es"},{"@type":"Organization","@id":"https:\/\/pistonaddict.com\/es\/#organization","name":"Piston Addict","url":"https:\/\/pistonaddict.com\/es\/","logo":{"@type":"ImageObject","inLanguage":"es","@id":"https:\/\/pistonaddict.com\/es\/#\/schema\/logo\/image\/","url":"https:\/\/pistonaddict.com\/wp-content\/uploads\/2022\/07\/logo-6.png","contentUrl":"https:\/\/pistonaddict.com\/wp-content\/uploads\/2022\/07\/logo-6.png","width":970,"height":200,"caption":"Piston Addict"},"image":{"@id":"https:\/\/pistonaddict.com\/es\/#\/schema\/logo\/image\/"}}]}},"_links":{"self":[{"href":"https:\/\/pistonaddict.com\/es\/wp-json\/wp\/v2\/product\/94120"}],"collection":[{"href":"https:\/\/pistonaddict.com\/es\/wp-json\/wp\/v2\/product"}],"about":[{"href":"https:\/\/pistonaddict.com\/es\/wp-json\/wp\/v2\/types\/product"}],"replies":[{"embeddable":true,"href":"https:\/\/pistonaddict.com\/es\/wp-json\/wp\/v2\/comments?post=94120"}],"wp:featuredmedia":[{"embeddable":true,"href":"https:\/\/pistonaddict.com\/es\/wp-json\/wp\/v2\/media\/93031"}],"wp:attachment":[{"href":"https:\/\/pistonaddict.com\/es\/wp-json\/wp\/v2\/media?parent=94120"}],"wp:term":[{"taxonomy":"product_cat","embeddable":true,"href":"https:\/\/pistonaddict.com\/es\/wp-json\/wp\/v2\/product_cat?post=94120"},{"taxonomy":"product_tag","embeddable":true,"href":"https:\/\/pistonaddict.com\/es\/wp-json\/wp\/v2\/product_tag?post=94120"}],"curies":[{"name":"wp","href":"https:\/\/api.w.org\/{rel}","templated":true}]}}