{"id":92883,"date":"2024-02-23T14:19:05","date_gmt":"2024-02-23T13:19:05","guid":{"rendered":"https:\/\/pistonaddict.com\/product\/volkswagen-1303-convertible-triple-blanco-escarabajo\/"},"modified":"2024-03-20T09:46:55","modified_gmt":"2024-03-20T08:46:55","slug":"volkswagen-1303-convertible-triple-escarabajo-blanco","status":"publish","type":"product","link":"https:\/\/pistonaddict.com\/es\/product\/volkswagen-1303-convertible-triple-escarabajo-blanco\/","title":{"rendered":"Volkswagen 1303 Convertible Triple Blanco Escarabajo"},"content":{"rendered":"<p>Si el Volkswagen Escarabajo est\u00e1ndar era un modelo econ\u00f3mico que pon\u00eda el mundo sobre ruedas, su versi\u00f3n descapotable siempre fue la m\u00e1s lujosa y prestigiosa. En primer lugar, fue fabricado por el famoso carrocero Karmann y presentaba numerosas modificaciones con respecto al modelo est\u00e1ndar. No se trataba simplemente de un Escarabajo descapotable; era un coche completamente distinto, con mejoras en el chasis, puertas diferentes, parabrisas y paneles espec\u00edficos. Hacia el final de su larga producci\u00f3n, el Volkswagen Beetle Convertible recibi\u00f3 mejoras en el motor, los frenos de disco delanteros y otras caracter\u00edsticas, convirti\u00e9ndolo en un coche descapotable mejor y m\u00e1s competente. Hoy, estamos orgullosos de presentar un coche as\u00ed. Un Volkswagen 1303 Convertible de 1979 en un esquema de color \u00fanico, triple blanco con un motor de inyecci\u00f3n de combustible de 1,6 litros y en estado totalmente original. Vendidos originalmente en EE.UU., estos Beetle descapotables de \u00faltimo modelo se comercializaron como Super Beetle y se encuentran entre los ejemplares m\u00e1s deseados gracias a un mejor equipamiento y a un motor de 48 CV con una velocidad m\u00e1xima de 130 km\/h. Este coche en concreto se fabric\u00f3 en diciembre de 1979, lo que lo convierte en uno de los \u00faltimos Beetle descapotables, cuya producci\u00f3n finaliz\u00f3 a principios de 1980. Volkswagen vendi\u00f3 s\u00f3lo 4.572 1303 Convertibles en 1980, muy pocos en color Blanco-triple, y \u00e9ste es uno de ellos. Estos \u00faltimos modelos tienen varias caracter\u00edsticas de dise\u00f1o \u00fanicas que los hacen a\u00fan m\u00e1s pr\u00e1cticos y agradables. Por ejemplo, un maletero delantero m\u00e1s grande y un parabrisas ligeramente curvado reducen el ruido del viento, sobre todo cuando se conduce con el techo bajado.<\/p>\n<p><strong>Interior<\/strong><\/p>\n<p>Los asientos de vinilo blanco est\u00e1n en excelentes condiciones, y el interior de este llamativo Escarabajo es totalmente original. Con un salpicadero revestido de madera, un volante exclusivo y una ergonom\u00eda mejorada, \u00e9ste es el entorno de conducci\u00f3n m\u00e1s lujoso de cualquier Beetle cl\u00e1sico. El salpicadero no est\u00e1 rajado; el sistema de audio tiene el encanto de la unidad de casete Blaupunkt de los 80.<\/p>\n<p><strong>Estado del coche<\/strong><\/p>\n<p>Con s\u00f3lo 94.000 kil\u00f3metros y un par de cuidadosos propietarios, este 1303 Convertible se benefici\u00f3 de la restauraci\u00f3n y ha conservado el original, los n\u00fameros de coincidencia del motor y la transmisi\u00f3n. El estado general es casi perfecto, con todo en orden de funcionamiento y sin manchas de \u00f3xido o decoloraci\u00f3n. La \u00faltima revisi\u00f3n se realiz\u00f3 en octubre de 2023 y el coche pas\u00f3 sin problemas la inspecci\u00f3n t\u00e9cnica anual de 2024. En coches como \u00e9ste, el techo de vinilo suele ser problem\u00e1tico, pero nos complace informar de que incluso \u00e9ste se encuentra en perfecto estado, sin desgarros ni fugas. El tren de rodaje est\u00e1 tan limpio como la carrocer\u00eda, sin problemas de \u00f3xido. El coche fue restaurado profesionalmente a los m\u00e1s altos est\u00e1ndares con piezas originales y mantenido por un especialista de VW. Desde su restauraci\u00f3n, el veh\u00edculo ha permanecido en un garaje climatizado.<\/p>\n<p><strong>Exterior y ruedas<\/strong><\/p>\n<p>El color blanco caracter\u00edstico est\u00e1 en perfectas condiciones, y el esquema de color blanco triple es original y poco com\u00fan. Las llantas son originales de 15 pulgadas con tapacubos cromados envueltas en goma nueva (DOT 2023) y del tama\u00f1o adecuado (175\/70\/R15).<\/p>\n<p><strong>Documentaci\u00f3n<\/strong><\/p>\n<p>El vendedor privado vende este veh\u00edculo con la documentaci\u00f3n adecuada en los Pa\u00edses Bajos. La <strong>ITV holandesa (APK) es v\u00e1lida hasta agosto de 2024<\/strong>. Hay registros de mantenimiento peri\u00f3dico, facturas de venta y recibos. La documentaci\u00f3n incluye el t\u00edtulo de propietario original, folletos, <a href=\"https:\/\/pistonaddict.com\/wp-content\/uploads\/2024\/02\/Zertificat.pdf\" target=\"blank\" rel=\"noopener\">VW experiencia cl\u00e1sica<\/a> y los documentos de registro. No hay garant\u00eda de f\u00e1brica disponible para este modelo.<\/p>\n<p><strong><br \/>\nMira el v\u00eddeo de arranque en fr\u00edo de este precioso Beetle descapotable Triple White :<\/strong><\/p>\n<p>&nbsp;<\/p>\n<p><iframe title=\"Cold Start Video of the Volkswagen Coccinelle\/Beetle Cabriolet 1.6 Triple White\" width=\"1200\" height=\"675\" src=\"https:\/\/www.youtube.com\/embed\/G0rjRvyjhRo?feature=oembed\" frameborder=\"0\" allow=\"accelerometer; autoplay; clipboard-write; encrypted-media; gyroscope; picture-in-picture; web-share\" allowfullscreen><\/iframe><\/p>\n<p><strong> <\/strong><\/p>\n","protected":false},"excerpt":{"rendered":"<p>El Escarabajo ep\u00f3nimo de Volkswagen fue uno de los coches deificadores del siglo XX y sigue siendo uno de los mejores cl\u00e1sicos de arranque. Pero, su versi\u00f3n descapotable es mucho m\u00e1s rara, fresca y perfecta para ese paseo costero al aire libre con una inconfundible banda sonora de cuatro cilindros planos. Si te encantan las l\u00edneas cl\u00e1sicas del Beetle pero buscas uno con mejor conducci\u00f3n y potencia, este es el coche perfecto para ti. Un modelo posterior m\u00e1s deseable, el 1303 Convertible, con un motor m\u00e1s potente y con inyecci\u00f3n de combustible, listo para la temporada de verano.<\/p>\n","protected":false},"featured_media":92694,"comment_status":"open","ping_status":"closed","template":"","meta":{"inline_featured_image":false},"product_cat":[715],"product_tag":[2975,996,2973],"acf":[],"yoast_head":"<!-- This site is optimized with the Yoast SEO plugin v22.5 - https:\/\/yoast.com\/wordpress\/plugins\/seo\/ -->\n<title>Volkswagen 1303 Convertible Triple Blanco Escarabajo - nombre del Piston Addict<\/title>\n<meta name=\"robots\" content=\"index, follow, max-snippet:-1, max-image-preview:large, max-video-preview:-1\" \/>\n<link rel=\"canonical\" href=\"https:\/\/pistonaddict.com\/es\/product\/volkswagen-1303-convertible-triple-escarabajo-blanco\/\" \/>\n<meta property=\"og:locale\" content=\"es_ES\" \/>\n<meta property=\"og:type\" content=\"article\" \/>\n<meta property=\"og:title\" content=\"Volkswagen 1303 Convertible Triple Blanco Escarabajo - nombre del Piston Addict\" \/>\n<meta property=\"og:description\" content=\"El Escarabajo ep\u00f3nimo de Volkswagen fue uno de los coches deificadores del siglo XX y sigue siendo uno de los mejores cl\u00e1sicos de arranque. Pero, su versi\u00f3n descapotable es mucho m\u00e1s rara, fresca y perfecta para ese paseo costero al aire libre con una inconfundible banda sonora de cuatro cilindros planos. Si te encantan las l\u00edneas cl\u00e1sicas del Beetle pero buscas uno con mejor conducci\u00f3n y potencia, este es el coche perfecto para ti. Un modelo posterior m\u00e1s deseable, el 1303 Convertible, con un motor m\u00e1s potente y con inyecci\u00f3n de combustible, listo para la temporada de verano.\" \/>\n<meta property=\"og:url\" content=\"https:\/\/pistonaddict.com\/es\/product\/volkswagen-1303-convertible-triple-escarabajo-blanco\/\" \/>\n<meta property=\"og:site_name\" content=\"Piston Addict\" \/>\n<meta property=\"article:modified_time\" content=\"2024-03-20T08:46:55+00:00\" \/>\n<meta property=\"og:image\" content=\"https:\/\/pistonaddict.com\/wp-content\/uploads\/2024\/02\/b2c02738-a5a6-4266-893c-b51da700edcd-1.jpg\" \/>\n\t<meta property=\"og:image:width\" content=\"1600\" \/>\n\t<meta property=\"og:image:height\" content=\"1200\" \/>\n\t<meta property=\"og:image:type\" content=\"image\/jpeg\" \/>\n<meta name=\"twitter:card\" content=\"summary_large_image\" \/>\n<meta name=\"twitter:label1\" content=\"Tiempo de lectura\" \/>\n\t<meta name=\"twitter:data1\" content=\"3 minutos\" \/>\n<script type=\"application\/ld+json\" class=\"yoast-schema-graph\">{\"@context\":\"https:\/\/schema.org\",\"@graph\":[{\"@type\":\"WebPage\",\"@id\":\"https:\/\/pistonaddict.com\/es\/product\/volkswagen-1303-convertible-triple-escarabajo-blanco\/\",\"url\":\"https:\/\/pistonaddict.com\/es\/product\/volkswagen-1303-convertible-triple-escarabajo-blanco\/\",\"name\":\"Volkswagen 1303 Convertible Triple Blanco Escarabajo - nombre del Piston Addict\",\"isPartOf\":{\"@id\":\"https:\/\/pistonaddict.com\/es\/#website\"},\"primaryImageOfPage\":{\"@id\":\"https:\/\/pistonaddict.com\/es\/product\/volkswagen-1303-convertible-triple-escarabajo-blanco\/#primaryimage\"},\"image\":{\"@id\":\"https:\/\/pistonaddict.com\/es\/product\/volkswagen-1303-convertible-triple-escarabajo-blanco\/#primaryimage\"},\"thumbnailUrl\":\"https:\/\/pistonaddict.com\/wp-content\/uploads\/2024\/02\/b2c02738-a5a6-4266-893c-b51da700edcd-1.jpg\",\"datePublished\":\"2024-02-23T13:19:05+00:00\",\"dateModified\":\"2024-03-20T08:46:55+00:00\",\"breadcrumb\":{\"@id\":\"https:\/\/pistonaddict.com\/es\/product\/volkswagen-1303-convertible-triple-escarabajo-blanco\/#breadcrumb\"},\"inLanguage\":\"es\",\"potentialAction\":[{\"@type\":\"ReadAction\",\"target\":[\"https:\/\/pistonaddict.com\/es\/product\/volkswagen-1303-convertible-triple-escarabajo-blanco\/\"]}]},{\"@type\":\"ImageObject\",\"inLanguage\":\"es\",\"@id\":\"https:\/\/pistonaddict.com\/es\/product\/volkswagen-1303-convertible-triple-escarabajo-blanco\/#primaryimage\",\"url\":\"https:\/\/pistonaddict.com\/wp-content\/uploads\/2024\/02\/b2c02738-a5a6-4266-893c-b51da700edcd-1.jpg\",\"contentUrl\":\"https:\/\/pistonaddict.com\/wp-content\/uploads\/2024\/02\/b2c02738-a5a6-4266-893c-b51da700edcd-1.jpg\",\"width\":1600,\"height\":1200},{\"@type\":\"BreadcrumbList\",\"@id\":\"https:\/\/pistonaddict.com\/es\/product\/volkswagen-1303-convertible-triple-escarabajo-blanco\/#breadcrumb\",\"itemListElement\":[{\"@type\":\"ListItem\",\"position\":1,\"name\":\"bienvenida\",\"item\":\"https:\/\/pistonaddict.com\/es\/pagina-web\/\"},{\"@type\":\"ListItem\",\"position\":2,\"name\":\"Auctions\",\"item\":\"https:\/\/pistonaddict.com\/auctions-listing\/\"},{\"@type\":\"ListItem\",\"position\":3,\"name\":\"Volkswagen 1303 Convertible Triple Blanco Escarabajo\"}]},{\"@type\":\"WebSite\",\"@id\":\"https:\/\/pistonaddict.com\/es\/#website\",\"url\":\"https:\/\/pistonaddict.com\/es\/\",\"name\":\"Piston Addict\",\"description\":\"Only interesting vehicles\",\"publisher\":{\"@id\":\"https:\/\/pistonaddict.com\/es\/#organization\"},\"potentialAction\":[{\"@type\":\"SearchAction\",\"target\":{\"@type\":\"EntryPoint\",\"urlTemplate\":\"https:\/\/pistonaddict.com\/es\/?s={search_term_string}\"},\"query-input\":\"required name=search_term_string\"}],\"inLanguage\":\"es\"},{\"@type\":\"Organization\",\"@id\":\"https:\/\/pistonaddict.com\/es\/#organization\",\"name\":\"Piston Addict\",\"url\":\"https:\/\/pistonaddict.com\/es\/\",\"logo\":{\"@type\":\"ImageObject\",\"inLanguage\":\"es\",\"@id\":\"https:\/\/pistonaddict.com\/es\/#\/schema\/logo\/image\/\",\"url\":\"https:\/\/pistonaddict.com\/wp-content\/uploads\/2022\/07\/logo-6.png\",\"contentUrl\":\"https:\/\/pistonaddict.com\/wp-content\/uploads\/2022\/07\/logo-6.png\",\"width\":970,\"height\":200,\"caption\":\"Piston Addict\"},\"image\":{\"@id\":\"https:\/\/pistonaddict.com\/es\/#\/schema\/logo\/image\/\"}}]}<\/script>\n<!-- \/ Yoast SEO plugin. -->","yoast_head_json":{"title":"Volkswagen 1303 Convertible Triple Blanco Escarabajo - nombre del Piston Addict","robots":{"index":"index","follow":"follow","max-snippet":"max-snippet:-1","max-image-preview":"max-image-preview:large","max-video-preview":"max-video-preview:-1"},"canonical":"https:\/\/pistonaddict.com\/es\/product\/volkswagen-1303-convertible-triple-escarabajo-blanco\/","og_locale":"es_ES","og_type":"article","og_title":"Volkswagen 1303 Convertible Triple Blanco Escarabajo - nombre del Piston Addict","og_description":"El Escarabajo ep\u00f3nimo de Volkswagen fue uno de los coches deificadores del siglo XX y sigue siendo uno de los mejores cl\u00e1sicos de arranque. Pero, su versi\u00f3n descapotable es mucho m\u00e1s rara, fresca y perfecta para ese paseo costero al aire libre con una inconfundible banda sonora de cuatro cilindros planos. Si te encantan las l\u00edneas cl\u00e1sicas del Beetle pero buscas uno con mejor conducci\u00f3n y potencia, este es el coche perfecto para ti. Un modelo posterior m\u00e1s deseable, el 1303 Convertible, con un motor m\u00e1s potente y con inyecci\u00f3n de combustible, listo para la temporada de verano.","og_url":"https:\/\/pistonaddict.com\/es\/product\/volkswagen-1303-convertible-triple-escarabajo-blanco\/","og_site_name":"Piston Addict","article_modified_time":"2024-03-20T08:46:55+00:00","og_image":[{"width":1600,"height":1200,"url":"https:\/\/pistonaddict.com\/wp-content\/uploads\/2024\/02\/b2c02738-a5a6-4266-893c-b51da700edcd-1.jpg","type":"image\/jpeg"}],"twitter_card":"summary_large_image","twitter_misc":{"Tiempo de lectura":"3 minutos"},"schema":{"@context":"https:\/\/schema.org","@graph":[{"@type":"WebPage","@id":"https:\/\/pistonaddict.com\/es\/product\/volkswagen-1303-convertible-triple-escarabajo-blanco\/","url":"https:\/\/pistonaddict.com\/es\/product\/volkswagen-1303-convertible-triple-escarabajo-blanco\/","name":"Volkswagen 1303 Convertible Triple Blanco Escarabajo - nombre del Piston Addict","isPartOf":{"@id":"https:\/\/pistonaddict.com\/es\/#website"},"primaryImageOfPage":{"@id":"https:\/\/pistonaddict.com\/es\/product\/volkswagen-1303-convertible-triple-escarabajo-blanco\/#primaryimage"},"image":{"@id":"https:\/\/pistonaddict.com\/es\/product\/volkswagen-1303-convertible-triple-escarabajo-blanco\/#primaryimage"},"thumbnailUrl":"https:\/\/pistonaddict.com\/wp-content\/uploads\/2024\/02\/b2c02738-a5a6-4266-893c-b51da700edcd-1.jpg","datePublished":"2024-02-23T13:19:05+00:00","dateModified":"2024-03-20T08:46:55+00:00","breadcrumb":{"@id":"https:\/\/pistonaddict.com\/es\/product\/volkswagen-1303-convertible-triple-escarabajo-blanco\/#breadcrumb"},"inLanguage":"es","potentialAction":[{"@type":"ReadAction","target":["https:\/\/pistonaddict.com\/es\/product\/volkswagen-1303-convertible-triple-escarabajo-blanco\/"]}]},{"@type":"ImageObject","inLanguage":"es","@id":"https:\/\/pistonaddict.com\/es\/product\/volkswagen-1303-convertible-triple-escarabajo-blanco\/#primaryimage","url":"https:\/\/pistonaddict.com\/wp-content\/uploads\/2024\/02\/b2c02738-a5a6-4266-893c-b51da700edcd-1.jpg","contentUrl":"https:\/\/pistonaddict.com\/wp-content\/uploads\/2024\/02\/b2c02738-a5a6-4266-893c-b51da700edcd-1.jpg","width":1600,"height":1200},{"@type":"BreadcrumbList","@id":"https:\/\/pistonaddict.com\/es\/product\/volkswagen-1303-convertible-triple-escarabajo-blanco\/#breadcrumb","itemListElement":[{"@type":"ListItem","position":1,"name":"bienvenida","item":"https:\/\/pistonaddict.com\/es\/pagina-web\/"},{"@type":"ListItem","position":2,"name":"Auctions","item":"https:\/\/pistonaddict.com\/auctions-listing\/"},{"@type":"ListItem","position":3,"name":"Volkswagen 1303 Convertible Triple Blanco Escarabajo"}]},{"@type":"WebSite","@id":"https:\/\/pistonaddict.com\/es\/#website","url":"https:\/\/pistonaddict.com\/es\/","name":"Piston Addict","description":"Only interesting vehicles","publisher":{"@id":"https:\/\/pistonaddict.com\/es\/#organization"},"potentialAction":[{"@type":"SearchAction","target":{"@type":"EntryPoint","urlTemplate":"https:\/\/pistonaddict.com\/es\/?s={search_term_string}"},"query-input":"required name=search_term_string"}],"inLanguage":"es"},{"@type":"Organization","@id":"https:\/\/pistonaddict.com\/es\/#organization","name":"Piston Addict","url":"https:\/\/pistonaddict.com\/es\/","logo":{"@type":"ImageObject","inLanguage":"es","@id":"https:\/\/pistonaddict.com\/es\/#\/schema\/logo\/image\/","url":"https:\/\/pistonaddict.com\/wp-content\/uploads\/2022\/07\/logo-6.png","contentUrl":"https:\/\/pistonaddict.com\/wp-content\/uploads\/2022\/07\/logo-6.png","width":970,"height":200,"caption":"Piston Addict"},"image":{"@id":"https:\/\/pistonaddict.com\/es\/#\/schema\/logo\/image\/"}}]}},"_links":{"self":[{"href":"https:\/\/pistonaddict.com\/es\/wp-json\/wp\/v2\/product\/92883"}],"collection":[{"href":"https:\/\/pistonaddict.com\/es\/wp-json\/wp\/v2\/product"}],"about":[{"href":"https:\/\/pistonaddict.com\/es\/wp-json\/wp\/v2\/types\/product"}],"replies":[{"embeddable":true,"href":"https:\/\/pistonaddict.com\/es\/wp-json\/wp\/v2\/comments?post=92883"}],"wp:featuredmedia":[{"embeddable":true,"href":"https:\/\/pistonaddict.com\/es\/wp-json\/wp\/v2\/media\/92694"}],"wp:attachment":[{"href":"https:\/\/pistonaddict.com\/es\/wp-json\/wp\/v2\/media?parent=92883"}],"wp:term":[{"taxonomy":"product_cat","embeddable":true,"href":"https:\/\/pistonaddict.com\/es\/wp-json\/wp\/v2\/product_cat?post=92883"},{"taxonomy":"product_tag","embeddable":true,"href":"https:\/\/pistonaddict.com\/es\/wp-json\/wp\/v2\/product_tag?post=92883"}],"curies":[{"name":"wp","href":"https:\/\/api.w.org\/{rel}","templated":true}]}}