{"id":89363,"date":"2024-01-31T11:03:43","date_gmt":"2024-01-31T10:03:43","guid":{"rendered":"https:\/\/pistonaddict.com\/product\/abarth-695-tributo-ferrari-no424\/"},"modified":"2024-03-20T09:46:41","modified_gmt":"2024-03-20T08:46:41","slug":"abarth-695-tributo-ferrari-no424","status":"publish","type":"product","link":"https:\/\/pistonaddict.com\/es\/product\/abarth-695-tributo-ferrari-no424\/","title":{"rendered":"Abarth 695 Tributo Ferrari n\u00ba424"},"content":{"rendered":"<h2>Exterior<\/h2>\n<p>Basado en un famoso y enormemente popular Fiat 500, el 695 probablemente no necesite mucha presentaci\u00f3n. Lo que hizo Abarth fue a\u00f1adir unos enormes parachoques delantero y trasero acompa\u00f1ados de tapas de umbral a juego, aler\u00f3n trasero y escape doble. Y para darle a\u00fan m\u00e1s sabor, se han instalado detalles como las cubiertas de fibra de carbono de los retrovisores y la llamativa insignia <em>Tributo Ferrari<\/em> en los paneles de los cuartos traseros.<br \/>\nEste Abart 695 en particular est\u00e1 pintado en un color rojo fuego con franjas de carreras grises que empiezan en el cap\u00f3, se extienden por el techo y terminan en el port\u00f3n trasero. Lo mucho que se ha conducido el coche -o no se ha conducido, para ser m\u00e1s precisos- se aprecia mejor en las llantas de 17 pulgadas, que todav\u00eda tienen neum\u00e1ticos Michelin Pilot montados de f\u00e1brica.<\/p>\n<h2>Interior<\/h2>\n<p>Al igual que el exterior, el interior del coche revela r\u00e1pidamente su verdadera naturaleza. Para empezar, los asientos delanteros, fabricados por Sabelt, cuentan con una estructura de fibra de carbono y ofrecen una gran sujeci\u00f3n. Una vez sentado en su interior, el conductor se encontrar\u00e1 tras un volante de cuero de tres radios con detalles y costuras en rojo. Al tratarse de un modelo con transmisi\u00f3n automatizada, este Abart no tiene palanca de cambios en la consola central; en su lugar, s\u00f3lo hay varios botones para seleccionar marcha atr\u00e1s, marcha adelante o punto muerto. Pero tambi\u00e9n hay levas en el volante, para cuando el conductor quiera cambiar las marchas manualmente.<\/p>\n<p>Todo el interior est\u00e1 revestido de exquisitos detalles, como las piezas embellecedoras de fibra de carbono, el aire acondicionado y el equipo de m\u00fasica con conectividad USB, as\u00ed como las insignias <em>Tributo Ferrari<\/em> por todas partes.<\/p>\n<h2>Mec\u00e1nica<\/h2>\n<p>Este deportivo italiano de aspecto agresivo tiene un motor turboalimentado de 1,4 litros, al que los ingenieros de Abarth han conseguido exprimir unos sorprendentes 180 CV. La potencia llega a las ruedas delanteras a trav\u00e9s de una transmisi\u00f3n MTA semiautom\u00e1tica, que funciona tanto en modo autom\u00e1tico como manual. Seguro que poner tanta potencia en un coche tan ligero dar\u00e1 como resultado unas prestaciones espectaculares, como una velocidad m\u00e1xima de m\u00e1s de 220 kil\u00f3metros por hora. Por \u00faltimo, para mantener todo esto bajo control, este Abarth 695 est\u00e1 equipado con una suspensi\u00f3n m\u00e1s r\u00edgida y frenos m\u00e1s grandes.<\/p>\n<h2>Historial del veh\u00edculo<\/h2>\n<p>El vendedor profesional, que lo adquiri\u00f3 hace poco, describe el estado del Abarth como casi perfecto. Adem\u00e1s de tener poco kilometraje en el reloj, el coche fue revisado por \u00faltima vez en enero de 2023, cuando se cambi\u00f3 el aceite del motor. Por dentro y por fuera, no hay signos de desgaste, da\u00f1os u \u00f3xido, y los \u00fanicos defectos visuales son dos peque\u00f1os ara\u00f1azos en el lado derecho. No obstante, se reparar\u00e1n profesionalmente sin coste alguno para el futuro propietario una vez que se venda el coche.<\/p>\n<p>Por \u00faltimo, seg\u00fan el vendedor, el coche, que actualmente se encuentra en Espa\u00f1a, nunca estuvo involucrado en un accidente, con el correspondiente Informe de Historial del Veh\u00edculo <a href=\"https:\/\/pistonaddict.com\/wp-content\/uploads\/2024\/01\/carfaxAbarth695.pdf\">CARFAX<\/a> que lo demuestra. ITV pasada y en vigor hasta diciembre de 2024.<\/p>\n<p><strong>Echa un vistazo al v\u00eddeo de arranque en fr\u00edo de este precioso Abarth 695 Tributo Ferrari :<\/strong><\/p>\n<p><iframe title=\"Cold Start Video of the Abarth 500 Tributo Ferrari\" width=\"1200\" height=\"675\" src=\"https:\/\/www.youtube.com\/embed\/lzDg2i_JYA4?feature=oembed\" frameborder=\"0\" allow=\"accelerometer; autoplay; clipboard-write; encrypted-media; gyroscope; picture-in-picture; web-share\" allowfullscreen><\/iframe><\/p>\n<p>&nbsp;<\/p>\n","protected":false},"excerpt":{"rendered":"<p>Un coche urbano peque\u00f1o no tiene por qu\u00e9 ser s\u00f3lo una forma pr\u00e1ctica de desplazarse en entornos estrechos. En cambio, con el equipo adecuado bajo el cap\u00f3, puede ser un aut\u00e9ntico cohete de bolsillo que, si se viste como es debido, tambi\u00e9n luce impresionante. Uno de ellos es el Abarth 500, basado en la exitosa reencarnaci\u00f3n de Fiat de su legendario modelo de los a\u00f1os 60. Pero el modelo en concreto que se subasta aqu\u00ed es una variante Abarth 695 a\u00fan m\u00e1s picante, que se fabric\u00f3 en 2010 y s\u00f3lo ha hecho 6.800 kil\u00f3metros hasta ahora. Y para a\u00f1adir exclusividad, se trata de un raro modelo Tributo Ferrari, cuyo n\u00famero de producci\u00f3n se limit\u00f3 a 1.695 unidades. Veamos qu\u00e9 ofrece este coche exclusivo y de aspecto agresivo&#8230;<\/p>\n","protected":false},"featured_media":89386,"comment_status":"open","ping_status":"closed","template":"","meta":{"inline_featured_image":false},"product_cat":[715],"product_tag":[2932,2933,919],"acf":[],"yoast_head":"<!-- This site is optimized with the Yoast SEO plugin v22.5 - https:\/\/yoast.com\/wordpress\/plugins\/seo\/ -->\n<title>Abarth 695 Tributo Ferrari n\u00ba424 - nombre del Piston Addict<\/title>\n<meta name=\"robots\" content=\"index, follow, max-snippet:-1, max-image-preview:large, max-video-preview:-1\" \/>\n<link rel=\"canonical\" href=\"https:\/\/pistonaddict.com\/es\/product\/abarth-695-tributo-ferrari-no424\/\" \/>\n<meta property=\"og:locale\" content=\"es_ES\" \/>\n<meta property=\"og:type\" content=\"article\" \/>\n<meta property=\"og:title\" content=\"Abarth 695 Tributo Ferrari n\u00ba424 - nombre del Piston Addict\" \/>\n<meta property=\"og:description\" content=\"Un coche urbano peque\u00f1o no tiene por qu\u00e9 ser s\u00f3lo una forma pr\u00e1ctica de desplazarse en entornos estrechos. En cambio, con el equipo adecuado bajo el cap\u00f3, puede ser un aut\u00e9ntico cohete de bolsillo que, si se viste como es debido, tambi\u00e9n luce impresionante. Uno de ellos es el Abarth 500, basado en la exitosa reencarnaci\u00f3n de Fiat de su legendario modelo de los a\u00f1os 60. Pero el modelo en concreto que se subasta aqu\u00ed es una variante Abarth 695 a\u00fan m\u00e1s picante, que se fabric\u00f3 en 2010 y s\u00f3lo ha hecho 6.800 kil\u00f3metros hasta ahora. Y para a\u00f1adir exclusividad, se trata de un raro modelo Tributo Ferrari, cuyo n\u00famero de producci\u00f3n se limit\u00f3 a 1.695 unidades. Veamos qu\u00e9 ofrece este coche exclusivo y de aspecto agresivo...\" \/>\n<meta property=\"og:url\" content=\"https:\/\/pistonaddict.com\/es\/product\/abarth-695-tributo-ferrari-no424\/\" \/>\n<meta property=\"og:site_name\" content=\"Piston Addict\" \/>\n<meta property=\"article:modified_time\" content=\"2024-03-20T08:46:41+00:00\" \/>\n<meta property=\"og:image\" content=\"https:\/\/pistonaddict.com\/wp-content\/uploads\/2024\/01\/IMG-20240110-WA0149-1.jpg\" \/>\n\t<meta property=\"og:image:width\" content=\"1600\" \/>\n\t<meta property=\"og:image:height\" content=\"1200\" \/>\n\t<meta property=\"og:image:type\" content=\"image\/jpeg\" \/>\n<meta name=\"twitter:card\" content=\"summary_large_image\" \/>\n<meta name=\"twitter:label1\" content=\"Tiempo de lectura\" \/>\n\t<meta name=\"twitter:data1\" content=\"3 minutos\" \/>\n<script type=\"application\/ld+json\" class=\"yoast-schema-graph\">{\"@context\":\"https:\/\/schema.org\",\"@graph\":[{\"@type\":\"WebPage\",\"@id\":\"https:\/\/pistonaddict.com\/es\/product\/abarth-695-tributo-ferrari-no424\/\",\"url\":\"https:\/\/pistonaddict.com\/es\/product\/abarth-695-tributo-ferrari-no424\/\",\"name\":\"Abarth 695 Tributo Ferrari n\u00ba424 - nombre del Piston Addict\",\"isPartOf\":{\"@id\":\"https:\/\/pistonaddict.com\/es\/#website\"},\"primaryImageOfPage\":{\"@id\":\"https:\/\/pistonaddict.com\/es\/product\/abarth-695-tributo-ferrari-no424\/#primaryimage\"},\"image\":{\"@id\":\"https:\/\/pistonaddict.com\/es\/product\/abarth-695-tributo-ferrari-no424\/#primaryimage\"},\"thumbnailUrl\":\"https:\/\/pistonaddict.com\/wp-content\/uploads\/2024\/01\/IMG-20240110-WA0149-1.jpg\",\"datePublished\":\"2024-01-31T10:03:43+00:00\",\"dateModified\":\"2024-03-20T08:46:41+00:00\",\"breadcrumb\":{\"@id\":\"https:\/\/pistonaddict.com\/es\/product\/abarth-695-tributo-ferrari-no424\/#breadcrumb\"},\"inLanguage\":\"es\",\"potentialAction\":[{\"@type\":\"ReadAction\",\"target\":[\"https:\/\/pistonaddict.com\/es\/product\/abarth-695-tributo-ferrari-no424\/\"]}]},{\"@type\":\"ImageObject\",\"inLanguage\":\"es\",\"@id\":\"https:\/\/pistonaddict.com\/es\/product\/abarth-695-tributo-ferrari-no424\/#primaryimage\",\"url\":\"https:\/\/pistonaddict.com\/wp-content\/uploads\/2024\/01\/IMG-20240110-WA0149-1.jpg\",\"contentUrl\":\"https:\/\/pistonaddict.com\/wp-content\/uploads\/2024\/01\/IMG-20240110-WA0149-1.jpg\",\"width\":1600,\"height\":1200},{\"@type\":\"BreadcrumbList\",\"@id\":\"https:\/\/pistonaddict.com\/es\/product\/abarth-695-tributo-ferrari-no424\/#breadcrumb\",\"itemListElement\":[{\"@type\":\"ListItem\",\"position\":1,\"name\":\"bienvenida\",\"item\":\"https:\/\/pistonaddict.com\/es\/pagina-web\/\"},{\"@type\":\"ListItem\",\"position\":2,\"name\":\"Auctions\",\"item\":\"https:\/\/pistonaddict.com\/auctions-listing\/\"},{\"@type\":\"ListItem\",\"position\":3,\"name\":\"Abarth 695 Tributo Ferrari n\u00ba424\"}]},{\"@type\":\"WebSite\",\"@id\":\"https:\/\/pistonaddict.com\/es\/#website\",\"url\":\"https:\/\/pistonaddict.com\/es\/\",\"name\":\"Piston Addict\",\"description\":\"Only interesting vehicles\",\"publisher\":{\"@id\":\"https:\/\/pistonaddict.com\/es\/#organization\"},\"potentialAction\":[{\"@type\":\"SearchAction\",\"target\":{\"@type\":\"EntryPoint\",\"urlTemplate\":\"https:\/\/pistonaddict.com\/es\/?s={search_term_string}\"},\"query-input\":\"required name=search_term_string\"}],\"inLanguage\":\"es\"},{\"@type\":\"Organization\",\"@id\":\"https:\/\/pistonaddict.com\/es\/#organization\",\"name\":\"Piston Addict\",\"url\":\"https:\/\/pistonaddict.com\/es\/\",\"logo\":{\"@type\":\"ImageObject\",\"inLanguage\":\"es\",\"@id\":\"https:\/\/pistonaddict.com\/es\/#\/schema\/logo\/image\/\",\"url\":\"https:\/\/pistonaddict.com\/wp-content\/uploads\/2022\/07\/logo-6.png\",\"contentUrl\":\"https:\/\/pistonaddict.com\/wp-content\/uploads\/2022\/07\/logo-6.png\",\"width\":970,\"height\":200,\"caption\":\"Piston Addict\"},\"image\":{\"@id\":\"https:\/\/pistonaddict.com\/es\/#\/schema\/logo\/image\/\"}}]}<\/script>\n<!-- \/ Yoast SEO plugin. -->","yoast_head_json":{"title":"Abarth 695 Tributo Ferrari n\u00ba424 - nombre del Piston Addict","robots":{"index":"index","follow":"follow","max-snippet":"max-snippet:-1","max-image-preview":"max-image-preview:large","max-video-preview":"max-video-preview:-1"},"canonical":"https:\/\/pistonaddict.com\/es\/product\/abarth-695-tributo-ferrari-no424\/","og_locale":"es_ES","og_type":"article","og_title":"Abarth 695 Tributo Ferrari n\u00ba424 - nombre del Piston Addict","og_description":"Un coche urbano peque\u00f1o no tiene por qu\u00e9 ser s\u00f3lo una forma pr\u00e1ctica de desplazarse en entornos estrechos. En cambio, con el equipo adecuado bajo el cap\u00f3, puede ser un aut\u00e9ntico cohete de bolsillo que, si se viste como es debido, tambi\u00e9n luce impresionante. Uno de ellos es el Abarth 500, basado en la exitosa reencarnaci\u00f3n de Fiat de su legendario modelo de los a\u00f1os 60. Pero el modelo en concreto que se subasta aqu\u00ed es una variante Abarth 695 a\u00fan m\u00e1s picante, que se fabric\u00f3 en 2010 y s\u00f3lo ha hecho 6.800 kil\u00f3metros hasta ahora. Y para a\u00f1adir exclusividad, se trata de un raro modelo Tributo Ferrari, cuyo n\u00famero de producci\u00f3n se limit\u00f3 a 1.695 unidades. Veamos qu\u00e9 ofrece este coche exclusivo y de aspecto agresivo...","og_url":"https:\/\/pistonaddict.com\/es\/product\/abarth-695-tributo-ferrari-no424\/","og_site_name":"Piston Addict","article_modified_time":"2024-03-20T08:46:41+00:00","og_image":[{"width":1600,"height":1200,"url":"https:\/\/pistonaddict.com\/wp-content\/uploads\/2024\/01\/IMG-20240110-WA0149-1.jpg","type":"image\/jpeg"}],"twitter_card":"summary_large_image","twitter_misc":{"Tiempo de lectura":"3 minutos"},"schema":{"@context":"https:\/\/schema.org","@graph":[{"@type":"WebPage","@id":"https:\/\/pistonaddict.com\/es\/product\/abarth-695-tributo-ferrari-no424\/","url":"https:\/\/pistonaddict.com\/es\/product\/abarth-695-tributo-ferrari-no424\/","name":"Abarth 695 Tributo Ferrari n\u00ba424 - nombre del Piston Addict","isPartOf":{"@id":"https:\/\/pistonaddict.com\/es\/#website"},"primaryImageOfPage":{"@id":"https:\/\/pistonaddict.com\/es\/product\/abarth-695-tributo-ferrari-no424\/#primaryimage"},"image":{"@id":"https:\/\/pistonaddict.com\/es\/product\/abarth-695-tributo-ferrari-no424\/#primaryimage"},"thumbnailUrl":"https:\/\/pistonaddict.com\/wp-content\/uploads\/2024\/01\/IMG-20240110-WA0149-1.jpg","datePublished":"2024-01-31T10:03:43+00:00","dateModified":"2024-03-20T08:46:41+00:00","breadcrumb":{"@id":"https:\/\/pistonaddict.com\/es\/product\/abarth-695-tributo-ferrari-no424\/#breadcrumb"},"inLanguage":"es","potentialAction":[{"@type":"ReadAction","target":["https:\/\/pistonaddict.com\/es\/product\/abarth-695-tributo-ferrari-no424\/"]}]},{"@type":"ImageObject","inLanguage":"es","@id":"https:\/\/pistonaddict.com\/es\/product\/abarth-695-tributo-ferrari-no424\/#primaryimage","url":"https:\/\/pistonaddict.com\/wp-content\/uploads\/2024\/01\/IMG-20240110-WA0149-1.jpg","contentUrl":"https:\/\/pistonaddict.com\/wp-content\/uploads\/2024\/01\/IMG-20240110-WA0149-1.jpg","width":1600,"height":1200},{"@type":"BreadcrumbList","@id":"https:\/\/pistonaddict.com\/es\/product\/abarth-695-tributo-ferrari-no424\/#breadcrumb","itemListElement":[{"@type":"ListItem","position":1,"name":"bienvenida","item":"https:\/\/pistonaddict.com\/es\/pagina-web\/"},{"@type":"ListItem","position":2,"name":"Auctions","item":"https:\/\/pistonaddict.com\/auctions-listing\/"},{"@type":"ListItem","position":3,"name":"Abarth 695 Tributo Ferrari n\u00ba424"}]},{"@type":"WebSite","@id":"https:\/\/pistonaddict.com\/es\/#website","url":"https:\/\/pistonaddict.com\/es\/","name":"Piston Addict","description":"Only interesting vehicles","publisher":{"@id":"https:\/\/pistonaddict.com\/es\/#organization"},"potentialAction":[{"@type":"SearchAction","target":{"@type":"EntryPoint","urlTemplate":"https:\/\/pistonaddict.com\/es\/?s={search_term_string}"},"query-input":"required name=search_term_string"}],"inLanguage":"es"},{"@type":"Organization","@id":"https:\/\/pistonaddict.com\/es\/#organization","name":"Piston Addict","url":"https:\/\/pistonaddict.com\/es\/","logo":{"@type":"ImageObject","inLanguage":"es","@id":"https:\/\/pistonaddict.com\/es\/#\/schema\/logo\/image\/","url":"https:\/\/pistonaddict.com\/wp-content\/uploads\/2022\/07\/logo-6.png","contentUrl":"https:\/\/pistonaddict.com\/wp-content\/uploads\/2022\/07\/logo-6.png","width":970,"height":200,"caption":"Piston Addict"},"image":{"@id":"https:\/\/pistonaddict.com\/es\/#\/schema\/logo\/image\/"}}]}},"_links":{"self":[{"href":"https:\/\/pistonaddict.com\/es\/wp-json\/wp\/v2\/product\/89363"}],"collection":[{"href":"https:\/\/pistonaddict.com\/es\/wp-json\/wp\/v2\/product"}],"about":[{"href":"https:\/\/pistonaddict.com\/es\/wp-json\/wp\/v2\/types\/product"}],"replies":[{"embeddable":true,"href":"https:\/\/pistonaddict.com\/es\/wp-json\/wp\/v2\/comments?post=89363"}],"wp:featuredmedia":[{"embeddable":true,"href":"https:\/\/pistonaddict.com\/es\/wp-json\/wp\/v2\/media\/89386"}],"wp:attachment":[{"href":"https:\/\/pistonaddict.com\/es\/wp-json\/wp\/v2\/media?parent=89363"}],"wp:term":[{"taxonomy":"product_cat","embeddable":true,"href":"https:\/\/pistonaddict.com\/es\/wp-json\/wp\/v2\/product_cat?post=89363"},{"taxonomy":"product_tag","embeddable":true,"href":"https:\/\/pistonaddict.com\/es\/wp-json\/wp\/v2\/product_tag?post=89363"}],"curies":[{"name":"wp","href":"https:\/\/api.w.org\/{rel}","templated":true}]}}