{"id":82561,"date":"2024-01-17T09:08:31","date_gmt":"2024-01-17T08:08:31","guid":{"rendered":"https:\/\/pistonaddict.com\/product\/mg-a-coupe\/"},"modified":"2024-05-29T10:47:24","modified_gmt":"2024-05-29T08:47:24","slug":"mg-a-coupe","status":"publish","type":"product","link":"https:\/\/pistonaddict.com\/es\/product\/mg-a-coupe\/","title":{"rendered":"MG A coup\u00e9"},"content":{"rendered":"<p><strong>Historia del coche<\/strong><\/p>\n<p>Aunque ahora MG es propiedad de los chinos y vende una gama de aburridos SUV, esta marca ser\u00e1 para siempre sin\u00f3nimo de coup\u00e9s y roadsters que fueron los Mazda Miata de su \u00e9poca. Peque\u00f1os, \u00e1giles, r\u00e1pidos y divertidos, los MG de aquella \u00e9poca a\u00fan resuenan entre los entusiastas de todo el mundo. Con motores de altas revoluciones, tracci\u00f3n trasera, una direcci\u00f3n precisa y un rendimiento en\u00e9rgico, el MG realmente inici\u00f3 toda la escena de los coches deportivos asequibles, incluso antes de la Segunda Guerra Mundial. Sin embargo, cuando el MG A lleg\u00f3 en 1955, era un modelo de vanguardia, no s\u00f3lo por su aspecto, sino tambi\u00e9n por su tecnolog\u00eda. Consigui\u00f3 venderse bastante bien en Am\u00e9rica, lo que dio a la empresa un impulso para muchos modelos posteriores. La combinaci\u00f3n de un aspecto magn\u00edfico con el \u00e9xito en los deportes de motor fue una f\u00f3rmula ganadora para el MG A, que es lo que lo hace tan especial y deseable. Este ejemplar en concreto se fabric\u00f3 en 1959 y es el modelo de la segunda serie con un motor m\u00e1s potente de 1.600 cm\u00b3 y 80 CV. Era una cifra importante para los est\u00e1ndares de la \u00e9poca y, con una transmisi\u00f3n manual de 4 velocidades de relaci\u00f3n estrecha, es m\u00e1s que capaz de ofrecer la misma emoci\u00f3n hoy que hace tantos a\u00f1os. El MG A 1600 era conocido por incorporar frenos de disco delanteros, una tecnolog\u00eda muy avanzada para 1959. Este ejemplar en particular es uno de los 31.000 que se fabricaron entre 1959 y 1962, a\u00f1o en que finaliz\u00f3 la producci\u00f3n del MG A.<\/p>\n<p><strong>Interior<\/strong><\/p>\n<p>Acabado en cuero rojo, el interior de este 1959 MG A Coupe 1600 est\u00e1 en condiciones ideales. Con todo en orden de funcionamiento y la p\u00e1tina suficiente para hacerlo tan encantador, sus asientos son un gran lugar para disfrutar de este coche. Aunque no podemos hablar de caracter\u00edsticas modernas en un veh\u00edculo que tiene 65 a\u00f1os, hay diales anal\u00f3gicos encantadores y un calentador, que se considerar\u00eda de alta especificaci\u00f3n en su d\u00eda. En aras de la seguridad y la facilidad de uso, los cinturones de seguridad se han modernizado y ahora son de tres puntos.<\/p>\n<p><strong>Condici\u00f3n<\/strong><\/p>\n<p>Con s\u00f3lo 51.824 kil\u00f3metros desde nuevo (se cree que es original), este MG A ha sido objeto de una cuidadosa y ligera restauraci\u00f3n en alg\u00fan momento del pasado (Bomba de agua, frenos traseros y carburaci\u00f3n han sido cambiados en 2022). Afortunadamente, cada detalle ha sido cuidadosamente restaurado, y el coche est\u00e1 en condiciones muy correctas de \u00e9poca sin \u00f3xido, es totalmente operativo, y no tiene problemas mec\u00e1nicos. El vendedor adquiri\u00f3 el veh\u00edculo recientemente y realiz\u00f3 el mantenimiento regular a finales de 2023, con los frenos revisados hace apenas unos d\u00edas, en enero de 2024.<\/p>\n<p><strong>Exterior y ruedas<\/strong><\/p>\n<p>La pintura negra cl\u00e1sica est\u00e1 en condiciones decentes, sin abolladuras ni ara\u00f1azos importantes. Todos los cromados (muy importantes en coches cl\u00e1sicos como este) est\u00e1n en perfecto estado, incluyendo parrilla, parachoques y embellecedores. La combinaci\u00f3n de exterior negro e interior rojo es llamativa y realza las l\u00edneas del coche. Las llantas originales de 15 pulgadas est\u00e1n envueltas en goma nueva, lo que hace que este coche est\u00e9 totalmente listo para el pr\u00f3ximo propietario y los paseos de fin de semana este verano.<\/p>\n<p><strong>Documentaci\u00f3n<\/strong><\/p>\n<p>El concesionario vende este veh\u00edculo con la documentaci\u00f3n adecuada (todas las facturas, el british motor industry heritage trust copia certificada y el manual de usuario) situado en Espa\u00f1a. Dado que este coche data de 1959, no hay informes CarFax pero no hay pruebas de accidentes, reparaciones de accidentes, propiedad o problemas legales. Hay registros del mantenimiento peri\u00f3dico y recibos.<br \/>\n<strong>ITV pasada y v\u00e1lida hasta agosto de 2028.<\/strong><\/p>\n<p><strong>Echa un vistazo al v\u00eddeo de arranque en fr\u00edo de este precioso MG A Coupe :<\/strong><\/p>\n<p><iframe title=\"Cold Start Video of MGA coupe\" width=\"1200\" height=\"675\" src=\"https:\/\/www.youtube.com\/embed\/IaLRg9Rs9iY?feature=oembed\" frameborder=\"0\" allow=\"accelerometer; autoplay; clipboard-write; encrypted-media; gyroscope; picture-in-picture; web-share\" allowfullscreen><\/iframe><\/p>\n","protected":false},"excerpt":{"rendered":"<p>Si quisi\u00e9ramos explorar la g\u00e9nesis de los deportivos modernos, deber\u00edamos empezar por el legendario MG A. Con una carrocer\u00eda aerodin\u00e1mica, motores llenos de revoluciones, excelentes prestaciones (para la \u00e9poca) y un precio asequible, este deportivo revolucion\u00f3 el segmento. Sigue siendo uno de los coup\u00e9s brit\u00e1nicos por excelencia de todos los tiempos.<\/p>\n","protected":false},"featured_media":81155,"comment_status":"open","ping_status":"closed","template":"","meta":{"inline_featured_image":false},"product_cat":[715],"product_tag":[2884,2882,996],"acf":[],"yoast_head":"<!-- This site is optimized with the Yoast SEO plugin v22.5 - https:\/\/yoast.com\/wordpress\/plugins\/seo\/ -->\n<title>MG A coup\u00e9 - nombre del Piston Addict<\/title>\n<meta name=\"robots\" content=\"index, follow, max-snippet:-1, max-image-preview:large, max-video-preview:-1\" \/>\n<link rel=\"canonical\" href=\"https:\/\/pistonaddict.com\/es\/product\/mg-a-coupe\/\" \/>\n<meta property=\"og:locale\" content=\"es_ES\" \/>\n<meta property=\"og:type\" content=\"article\" \/>\n<meta property=\"og:title\" content=\"MG A coup\u00e9 - nombre del Piston Addict\" \/>\n<meta property=\"og:description\" content=\"Si quisi\u00e9ramos explorar la g\u00e9nesis de los deportivos modernos, deber\u00edamos empezar por el legendario MG A. Con una carrocer\u00eda aerodin\u00e1mica, motores llenos de revoluciones, excelentes prestaciones (para la \u00e9poca) y un precio asequible, este deportivo revolucion\u00f3 el segmento. Sigue siendo uno de los coup\u00e9s brit\u00e1nicos por excelencia de todos los tiempos.\" \/>\n<meta property=\"og:url\" content=\"https:\/\/pistonaddict.com\/es\/product\/mg-a-coupe\/\" \/>\n<meta property=\"og:site_name\" content=\"Piston Addict\" \/>\n<meta property=\"article:modified_time\" content=\"2024-05-29T08:47:24+00:00\" \/>\n<meta property=\"og:image\" content=\"https:\/\/pistonaddict.com\/wp-content\/uploads\/2024\/01\/IMG-20231031-WA0006.jpg\" \/>\n\t<meta property=\"og:image:width\" content=\"1600\" \/>\n\t<meta property=\"og:image:height\" content=\"1200\" \/>\n\t<meta property=\"og:image:type\" content=\"image\/jpeg\" \/>\n<meta name=\"twitter:card\" content=\"summary_large_image\" \/>\n<meta name=\"twitter:label1\" content=\"Tiempo de lectura\" \/>\n\t<meta name=\"twitter:data1\" content=\"3 minutos\" \/>\n<script type=\"application\/ld+json\" class=\"yoast-schema-graph\">{\"@context\":\"https:\/\/schema.org\",\"@graph\":[{\"@type\":\"WebPage\",\"@id\":\"https:\/\/pistonaddict.com\/es\/product\/mg-a-coupe\/\",\"url\":\"https:\/\/pistonaddict.com\/es\/product\/mg-a-coupe\/\",\"name\":\"MG A coup\u00e9 - nombre del Piston Addict\",\"isPartOf\":{\"@id\":\"https:\/\/pistonaddict.com\/es\/#website\"},\"primaryImageOfPage\":{\"@id\":\"https:\/\/pistonaddict.com\/es\/product\/mg-a-coupe\/#primaryimage\"},\"image\":{\"@id\":\"https:\/\/pistonaddict.com\/es\/product\/mg-a-coupe\/#primaryimage\"},\"thumbnailUrl\":\"https:\/\/pistonaddict.com\/wp-content\/uploads\/2024\/01\/IMG-20231031-WA0006.jpg\",\"datePublished\":\"2024-01-17T08:08:31+00:00\",\"dateModified\":\"2024-05-29T08:47:24+00:00\",\"breadcrumb\":{\"@id\":\"https:\/\/pistonaddict.com\/es\/product\/mg-a-coupe\/#breadcrumb\"},\"inLanguage\":\"es\",\"potentialAction\":[{\"@type\":\"ReadAction\",\"target\":[\"https:\/\/pistonaddict.com\/es\/product\/mg-a-coupe\/\"]}]},{\"@type\":\"ImageObject\",\"inLanguage\":\"es\",\"@id\":\"https:\/\/pistonaddict.com\/es\/product\/mg-a-coupe\/#primaryimage\",\"url\":\"https:\/\/pistonaddict.com\/wp-content\/uploads\/2024\/01\/IMG-20231031-WA0006.jpg\",\"contentUrl\":\"https:\/\/pistonaddict.com\/wp-content\/uploads\/2024\/01\/IMG-20231031-WA0006.jpg\",\"width\":1600,\"height\":1200},{\"@type\":\"BreadcrumbList\",\"@id\":\"https:\/\/pistonaddict.com\/es\/product\/mg-a-coupe\/#breadcrumb\",\"itemListElement\":[{\"@type\":\"ListItem\",\"position\":1,\"name\":\"bienvenida\",\"item\":\"https:\/\/pistonaddict.com\/es\/pagina-web\/\"},{\"@type\":\"ListItem\",\"position\":2,\"name\":\"Auctions\",\"item\":\"https:\/\/pistonaddict.com\/auctions-listing\/\"},{\"@type\":\"ListItem\",\"position\":3,\"name\":\"MG A coup\u00e9\"}]},{\"@type\":\"WebSite\",\"@id\":\"https:\/\/pistonaddict.com\/es\/#website\",\"url\":\"https:\/\/pistonaddict.com\/es\/\",\"name\":\"Piston Addict\",\"description\":\"Only interesting vehicles\",\"publisher\":{\"@id\":\"https:\/\/pistonaddict.com\/es\/#organization\"},\"potentialAction\":[{\"@type\":\"SearchAction\",\"target\":{\"@type\":\"EntryPoint\",\"urlTemplate\":\"https:\/\/pistonaddict.com\/es\/?s={search_term_string}\"},\"query-input\":\"required name=search_term_string\"}],\"inLanguage\":\"es\"},{\"@type\":\"Organization\",\"@id\":\"https:\/\/pistonaddict.com\/es\/#organization\",\"name\":\"Piston Addict\",\"url\":\"https:\/\/pistonaddict.com\/es\/\",\"logo\":{\"@type\":\"ImageObject\",\"inLanguage\":\"es\",\"@id\":\"https:\/\/pistonaddict.com\/es\/#\/schema\/logo\/image\/\",\"url\":\"https:\/\/pistonaddict.com\/wp-content\/uploads\/2022\/07\/logo-6.png\",\"contentUrl\":\"https:\/\/pistonaddict.com\/wp-content\/uploads\/2022\/07\/logo-6.png\",\"width\":970,\"height\":200,\"caption\":\"Piston Addict\"},\"image\":{\"@id\":\"https:\/\/pistonaddict.com\/es\/#\/schema\/logo\/image\/\"}}]}<\/script>\n<!-- \/ Yoast SEO plugin. -->","yoast_head_json":{"title":"MG A coup\u00e9 - nombre del Piston Addict","robots":{"index":"index","follow":"follow","max-snippet":"max-snippet:-1","max-image-preview":"max-image-preview:large","max-video-preview":"max-video-preview:-1"},"canonical":"https:\/\/pistonaddict.com\/es\/product\/mg-a-coupe\/","og_locale":"es_ES","og_type":"article","og_title":"MG A coup\u00e9 - nombre del Piston Addict","og_description":"Si quisi\u00e9ramos explorar la g\u00e9nesis de los deportivos modernos, deber\u00edamos empezar por el legendario MG A. Con una carrocer\u00eda aerodin\u00e1mica, motores llenos de revoluciones, excelentes prestaciones (para la \u00e9poca) y un precio asequible, este deportivo revolucion\u00f3 el segmento. Sigue siendo uno de los coup\u00e9s brit\u00e1nicos por excelencia de todos los tiempos.","og_url":"https:\/\/pistonaddict.com\/es\/product\/mg-a-coupe\/","og_site_name":"Piston Addict","article_modified_time":"2024-05-29T08:47:24+00:00","og_image":[{"width":1600,"height":1200,"url":"https:\/\/pistonaddict.com\/wp-content\/uploads\/2024\/01\/IMG-20231031-WA0006.jpg","type":"image\/jpeg"}],"twitter_card":"summary_large_image","twitter_misc":{"Tiempo de lectura":"3 minutos"},"schema":{"@context":"https:\/\/schema.org","@graph":[{"@type":"WebPage","@id":"https:\/\/pistonaddict.com\/es\/product\/mg-a-coupe\/","url":"https:\/\/pistonaddict.com\/es\/product\/mg-a-coupe\/","name":"MG A coup\u00e9 - nombre del Piston Addict","isPartOf":{"@id":"https:\/\/pistonaddict.com\/es\/#website"},"primaryImageOfPage":{"@id":"https:\/\/pistonaddict.com\/es\/product\/mg-a-coupe\/#primaryimage"},"image":{"@id":"https:\/\/pistonaddict.com\/es\/product\/mg-a-coupe\/#primaryimage"},"thumbnailUrl":"https:\/\/pistonaddict.com\/wp-content\/uploads\/2024\/01\/IMG-20231031-WA0006.jpg","datePublished":"2024-01-17T08:08:31+00:00","dateModified":"2024-05-29T08:47:24+00:00","breadcrumb":{"@id":"https:\/\/pistonaddict.com\/es\/product\/mg-a-coupe\/#breadcrumb"},"inLanguage":"es","potentialAction":[{"@type":"ReadAction","target":["https:\/\/pistonaddict.com\/es\/product\/mg-a-coupe\/"]}]},{"@type":"ImageObject","inLanguage":"es","@id":"https:\/\/pistonaddict.com\/es\/product\/mg-a-coupe\/#primaryimage","url":"https:\/\/pistonaddict.com\/wp-content\/uploads\/2024\/01\/IMG-20231031-WA0006.jpg","contentUrl":"https:\/\/pistonaddict.com\/wp-content\/uploads\/2024\/01\/IMG-20231031-WA0006.jpg","width":1600,"height":1200},{"@type":"BreadcrumbList","@id":"https:\/\/pistonaddict.com\/es\/product\/mg-a-coupe\/#breadcrumb","itemListElement":[{"@type":"ListItem","position":1,"name":"bienvenida","item":"https:\/\/pistonaddict.com\/es\/pagina-web\/"},{"@type":"ListItem","position":2,"name":"Auctions","item":"https:\/\/pistonaddict.com\/auctions-listing\/"},{"@type":"ListItem","position":3,"name":"MG A coup\u00e9"}]},{"@type":"WebSite","@id":"https:\/\/pistonaddict.com\/es\/#website","url":"https:\/\/pistonaddict.com\/es\/","name":"Piston Addict","description":"Only interesting vehicles","publisher":{"@id":"https:\/\/pistonaddict.com\/es\/#organization"},"potentialAction":[{"@type":"SearchAction","target":{"@type":"EntryPoint","urlTemplate":"https:\/\/pistonaddict.com\/es\/?s={search_term_string}"},"query-input":"required name=search_term_string"}],"inLanguage":"es"},{"@type":"Organization","@id":"https:\/\/pistonaddict.com\/es\/#organization","name":"Piston Addict","url":"https:\/\/pistonaddict.com\/es\/","logo":{"@type":"ImageObject","inLanguage":"es","@id":"https:\/\/pistonaddict.com\/es\/#\/schema\/logo\/image\/","url":"https:\/\/pistonaddict.com\/wp-content\/uploads\/2022\/07\/logo-6.png","contentUrl":"https:\/\/pistonaddict.com\/wp-content\/uploads\/2022\/07\/logo-6.png","width":970,"height":200,"caption":"Piston Addict"},"image":{"@id":"https:\/\/pistonaddict.com\/es\/#\/schema\/logo\/image\/"}}]}},"_links":{"self":[{"href":"https:\/\/pistonaddict.com\/es\/wp-json\/wp\/v2\/product\/82561"}],"collection":[{"href":"https:\/\/pistonaddict.com\/es\/wp-json\/wp\/v2\/product"}],"about":[{"href":"https:\/\/pistonaddict.com\/es\/wp-json\/wp\/v2\/types\/product"}],"replies":[{"embeddable":true,"href":"https:\/\/pistonaddict.com\/es\/wp-json\/wp\/v2\/comments?post=82561"}],"wp:featuredmedia":[{"embeddable":true,"href":"https:\/\/pistonaddict.com\/es\/wp-json\/wp\/v2\/media\/81155"}],"wp:attachment":[{"href":"https:\/\/pistonaddict.com\/es\/wp-json\/wp\/v2\/media?parent=82561"}],"wp:term":[{"taxonomy":"product_cat","embeddable":true,"href":"https:\/\/pistonaddict.com\/es\/wp-json\/wp\/v2\/product_cat?post=82561"},{"taxonomy":"product_tag","embeddable":true,"href":"https:\/\/pistonaddict.com\/es\/wp-json\/wp\/v2\/product_tag?post=82561"}],"curies":[{"name":"wp","href":"https:\/\/api.w.org\/{rel}","templated":true}]}}