{"id":79057,"date":"2023-12-13T14:41:14","date_gmt":"2023-12-13T13:41:14","guid":{"rendered":"https:\/\/pistonaddict.com\/product\/alpine-a110\/"},"modified":"2024-03-20T09:42:46","modified_gmt":"2024-03-20T08:42:46","slug":"alpine-a110","status":"publish","type":"product","link":"https:\/\/pistonaddict.com\/es\/product\/alpine-a110\/","title":{"rendered":"Alpine A110"},"content":{"rendered":"<p><strong>Historia del coche<\/strong><\/p>\n<p>Para las generaciones de amantes de los coches deportivos que crecieron en los a\u00f1os 60 y 70, el nombre Alpine es sin\u00f3nimo de campeonatos de rally, grandes prestaciones y una presencia inigualable en la calle. Aunque Alpine utilizaba los componentes est\u00e1ndar de Renault, los coches ten\u00edan casi el atractivo de un supercoche y eran los favoritos de los entusiastas por su aspecto y din\u00e1mica de conducci\u00f3n. Pero a principios de los 90, la marca desapareci\u00f3, casi olvidada por todos salvo por los fans m\u00e1s ac\u00e9rrimos. Afortunadamente, Renault comprendi\u00f3 lo importante que es el potencial de este nombre legendario e invirti\u00f3 mucho en un modelo completamente nuevo con carrocer\u00eda de aluminio, motor situado en posici\u00f3n central y una \u00e1gil transmisi\u00f3n de doble embrague. Combinando el aspecto ic\u00f3nico y retrofuturista con el motor del Clio RS y unos ajustes de carrocer\u00eda y suspensi\u00f3n a medida, se cre\u00f3 el cl\u00e1sico instant\u00e1neo y posiblemente el mejor deportivo de la d\u00e9cada. El motor turboalimentado de 1,8 litros que env\u00eda la potencia a las ruedas traseras puede lanzar a este precioso biplaza a un tiempo de 0 a 100 km\/h bastante convincente de 4,5 segundos. Sin embargo, los n\u00fameros no hacen justicia a este coche. Con poco m\u00e1s de una tonelada de peso en vac\u00edo, el Alpine A110 vuela sobre las curvas y se maneja como un sue\u00f1o. Su inigualable din\u00e1mica de conducci\u00f3n es precisamente la raz\u00f3n por la que es el favorito de muchas revistas.<\/p>\n<p><strong>Interior<\/strong><\/p>\n<p>Dado que este modelo es relativamente nuevo y tiene poco kilometraje, el interior de cuero est\u00e1 como nuevo, sin signos de desgaste. Los compradores experimentados se dar\u00e1n cuenta de que los asientos opcionales &#8220;GT&#8221; est\u00e1n presentes, lo que es una adici\u00f3n bienvenida, as\u00ed como algunas piezas de carbono para dar ese aspecto de deporte de motor. Sin embargo, lo importante es el sistema de audio premium Focal, que es una opci\u00f3n poco habitual.<\/p>\n<p><strong>Condici\u00f3n<\/strong><\/p>\n<p>El ejemplar en cuesti\u00f3n se entreg\u00f3 nuevo en 2021 y, desde entonces, ha recorrido poco m\u00e1s de 30.000 km. Es un coche bien cuidado que se ha utilizado para conducir por placer, tal y como lo inventaron sus constructores. Nunca fue rastreado o da\u00f1ado por dos propietarios cuidadosos desde nuevo. De hecho, el propietario original era el director comercial de Alpine Espa\u00f1a. La \u00faltima revisi\u00f3n se realiz\u00f3 en noviembre de 2023, y los frenos se revisaron recientemente, en diciembre de 2023. El cambio de aceite anterior se hizo en septiembre. <strong>Este Alpine A110 sigue en garant\u00eda de f\u00e1brica hasta noviembre de 2024, por lo que todo el mantenimiento fue realizado por servicio oficial en Espa\u00f1a<\/strong>.<\/p>\n<p><strong> <\/strong><strong>Exterior Y Ruedas<\/strong><\/p>\n<p>Pintado en blanco con un paquete gr\u00e1fico muy interesante, este Alpine A110 tiene una apariencia \u00fanica con llantas especiales de 18 pulgadas exclusivas de Alpine. La carrocer\u00eda est\u00e1 intacta, sin da\u00f1os, abolladuras ni ara\u00f1azos, y los neum\u00e1ticos est\u00e1n en condiciones decentes, con un 50% de uso, seg\u00fan el vendedor. Los neum\u00e1ticos son Michelin Pilot Sport, y fueron fabricados a finales de 2021.<\/p>\n<p><strong>Documentaci\u00f3n<\/strong><\/p>\n<p>El concesionario vende este veh\u00edculo con la documentaci\u00f3n correspondiente situado en Espa\u00f1a. El <a href=\"https:\/\/pistonaddict.com\/wp-content\/uploads\/2023\/12\/AlpineA110.pdf\">informe CarFax<\/a> est\u00e1 limpio; no existen pruebas de accidentes, reparaciones de accidentes, propiedad o problemas legales. Hay registros de mantenimiento peri\u00f3dico, facturas de venta y recibos. Este Alpine A110 todav\u00eda est\u00e1 cubierto por una garant\u00eda de f\u00e1brica, que es transferible al siguiente propietario.<\/p>\n<p><strong>Echa un vistazo al v\u00eddeo de arranque en fr\u00edo de este precioso Alpine A110 :<\/strong><\/p>\n<p><iframe title=\"Cold Start Video of this great Alpine A110 for auction sale\" width=\"1200\" height=\"675\" src=\"https:\/\/www.youtube.com\/embed\/FlqeDNY4UtI?feature=oembed\" frameborder=\"0\" allow=\"accelerometer; autoplay; clipboard-write; encrypted-media; gyroscope; picture-in-picture; web-share\" allowfullscreen><\/iframe><\/p>\n","protected":false},"excerpt":{"rendered":"<p>El deportivo de moda de los \u00faltimos a\u00f1os no es Ferrari, Lamborghini o McLaren. Se trata del Alpine A110, con una carrocer\u00eda hecha a medida y muy ligera, un cuatro cilindros turboalimentado y unas prestaciones en\u00e9rgicas. Este biplaza record\u00f3 a los aficionados a los deportivos en qu\u00e9 consiste la conducci\u00f3n y devolvi\u00f3 triunfalmente al mercado a la legendaria marca. Hoy, nos enorgullece presentar uno de los mejores ejemplos de este deportivo tan influyente.<\/p>\n","protected":false},"featured_media":78366,"comment_status":"open","ping_status":"closed","template":"","meta":{"inline_featured_image":false},"product_cat":[715],"product_tag":[2819,2814,919],"acf":[],"yoast_head":"<!-- This site is optimized with the Yoast SEO plugin v22.5 - https:\/\/yoast.com\/wordpress\/plugins\/seo\/ -->\n<title>Alpine A110 auction - Piston Addict%.<\/title>\n<meta name=\"robots\" content=\"index, follow, max-snippet:-1, max-image-preview:large, max-video-preview:-1\" \/>\n<link rel=\"canonical\" href=\"https:\/\/pistonaddict.com\/es\/product\/alpine-a110\/\" \/>\n<meta property=\"og:locale\" content=\"es_ES\" \/>\n<meta property=\"og:type\" content=\"article\" \/>\n<meta property=\"og:title\" content=\"Alpine A110 auction - Piston Addict%.\" \/>\n<meta property=\"og:description\" content=\"El deportivo de moda de los \u00faltimos a\u00f1os no es Ferrari, Lamborghini o McLaren. Se trata del Alpine A110, con una carrocer\u00eda hecha a medida y muy ligera, un cuatro cilindros turboalimentado y unas prestaciones en\u00e9rgicas. Este biplaza record\u00f3 a los aficionados a los deportivos en qu\u00e9 consiste la conducci\u00f3n y devolvi\u00f3 triunfalmente al mercado a la legendaria marca. Hoy, nos enorgullece presentar uno de los mejores ejemplos de este deportivo tan influyente.\" \/>\n<meta property=\"og:url\" content=\"https:\/\/pistonaddict.com\/es\/product\/alpine-a110\/\" \/>\n<meta property=\"og:site_name\" content=\"Piston Addict\" \/>\n<meta property=\"article:modified_time\" content=\"2024-03-20T08:42:46+00:00\" \/>\n<meta property=\"og:image\" content=\"https:\/\/pistonaddict.com\/wp-content\/uploads\/2023\/12\/4517LTW_01.jpg\" \/>\n\t<meta property=\"og:image:width\" content=\"1440\" \/>\n\t<meta property=\"og:image:height\" content=\"1080\" \/>\n\t<meta property=\"og:image:type\" content=\"image\/jpeg\" \/>\n<meta name=\"twitter:card\" content=\"summary_large_image\" \/>\n<meta name=\"twitter:label1\" content=\"Tiempo de lectura\" \/>\n\t<meta name=\"twitter:data1\" content=\"3 minutos\" \/>\n<script type=\"application\/ld+json\" class=\"yoast-schema-graph\">{\"@context\":\"https:\/\/schema.org\",\"@graph\":[{\"@type\":\"WebPage\",\"@id\":\"https:\/\/pistonaddict.com\/es\/product\/alpine-a110\/\",\"url\":\"https:\/\/pistonaddict.com\/es\/product\/alpine-a110\/\",\"name\":\"Alpine A110 auction - Piston Addict%.\",\"isPartOf\":{\"@id\":\"https:\/\/pistonaddict.com\/es\/#website\"},\"primaryImageOfPage\":{\"@id\":\"https:\/\/pistonaddict.com\/es\/product\/alpine-a110\/#primaryimage\"},\"image\":{\"@id\":\"https:\/\/pistonaddict.com\/es\/product\/alpine-a110\/#primaryimage\"},\"thumbnailUrl\":\"https:\/\/pistonaddict.com\/wp-content\/uploads\/2023\/12\/4517LTW_01.jpg\",\"datePublished\":\"2023-12-13T13:41:14+00:00\",\"dateModified\":\"2024-03-20T08:42:46+00:00\",\"breadcrumb\":{\"@id\":\"https:\/\/pistonaddict.com\/es\/product\/alpine-a110\/#breadcrumb\"},\"inLanguage\":\"es\",\"potentialAction\":[{\"@type\":\"ReadAction\",\"target\":[\"https:\/\/pistonaddict.com\/es\/product\/alpine-a110\/\"]}]},{\"@type\":\"ImageObject\",\"inLanguage\":\"es\",\"@id\":\"https:\/\/pistonaddict.com\/es\/product\/alpine-a110\/#primaryimage\",\"url\":\"https:\/\/pistonaddict.com\/wp-content\/uploads\/2023\/12\/4517LTW_01.jpg\",\"contentUrl\":\"https:\/\/pistonaddict.com\/wp-content\/uploads\/2023\/12\/4517LTW_01.jpg\",\"width\":1440,\"height\":1080},{\"@type\":\"BreadcrumbList\",\"@id\":\"https:\/\/pistonaddict.com\/es\/product\/alpine-a110\/#breadcrumb\",\"itemListElement\":[{\"@type\":\"ListItem\",\"position\":1,\"name\":\"bienvenida\",\"item\":\"https:\/\/pistonaddict.com\/es\/pagina-web\/\"},{\"@type\":\"ListItem\",\"position\":2,\"name\":\"Auctions\",\"item\":\"https:\/\/pistonaddict.com\/auctions-listing\/\"},{\"@type\":\"ListItem\",\"position\":3,\"name\":\"Alpine A110\"}]},{\"@type\":\"WebSite\",\"@id\":\"https:\/\/pistonaddict.com\/es\/#website\",\"url\":\"https:\/\/pistonaddict.com\/es\/\",\"name\":\"Piston Addict\",\"description\":\"Only interesting vehicles\",\"publisher\":{\"@id\":\"https:\/\/pistonaddict.com\/es\/#organization\"},\"potentialAction\":[{\"@type\":\"SearchAction\",\"target\":{\"@type\":\"EntryPoint\",\"urlTemplate\":\"https:\/\/pistonaddict.com\/es\/?s={search_term_string}\"},\"query-input\":\"required name=search_term_string\"}],\"inLanguage\":\"es\"},{\"@type\":\"Organization\",\"@id\":\"https:\/\/pistonaddict.com\/es\/#organization\",\"name\":\"Piston Addict\",\"url\":\"https:\/\/pistonaddict.com\/es\/\",\"logo\":{\"@type\":\"ImageObject\",\"inLanguage\":\"es\",\"@id\":\"https:\/\/pistonaddict.com\/es\/#\/schema\/logo\/image\/\",\"url\":\"https:\/\/pistonaddict.com\/wp-content\/uploads\/2022\/07\/logo-6.png\",\"contentUrl\":\"https:\/\/pistonaddict.com\/wp-content\/uploads\/2022\/07\/logo-6.png\",\"width\":970,\"height\":200,\"caption\":\"Piston Addict\"},\"image\":{\"@id\":\"https:\/\/pistonaddict.com\/es\/#\/schema\/logo\/image\/\"}}]}<\/script>\n<!-- \/ Yoast SEO plugin. -->","yoast_head_json":{"title":"Alpine A110 auction - Piston Addict%.","robots":{"index":"index","follow":"follow","max-snippet":"max-snippet:-1","max-image-preview":"max-image-preview:large","max-video-preview":"max-video-preview:-1"},"canonical":"https:\/\/pistonaddict.com\/es\/product\/alpine-a110\/","og_locale":"es_ES","og_type":"article","og_title":"Alpine A110 auction - Piston Addict%.","og_description":"El deportivo de moda de los \u00faltimos a\u00f1os no es Ferrari, Lamborghini o McLaren. Se trata del Alpine A110, con una carrocer\u00eda hecha a medida y muy ligera, un cuatro cilindros turboalimentado y unas prestaciones en\u00e9rgicas. Este biplaza record\u00f3 a los aficionados a los deportivos en qu\u00e9 consiste la conducci\u00f3n y devolvi\u00f3 triunfalmente al mercado a la legendaria marca. Hoy, nos enorgullece presentar uno de los mejores ejemplos de este deportivo tan influyente.","og_url":"https:\/\/pistonaddict.com\/es\/product\/alpine-a110\/","og_site_name":"Piston Addict","article_modified_time":"2024-03-20T08:42:46+00:00","og_image":[{"width":1440,"height":1080,"url":"https:\/\/pistonaddict.com\/wp-content\/uploads\/2023\/12\/4517LTW_01.jpg","type":"image\/jpeg"}],"twitter_card":"summary_large_image","twitter_misc":{"Tiempo de lectura":"3 minutos"},"schema":{"@context":"https:\/\/schema.org","@graph":[{"@type":"WebPage","@id":"https:\/\/pistonaddict.com\/es\/product\/alpine-a110\/","url":"https:\/\/pistonaddict.com\/es\/product\/alpine-a110\/","name":"Alpine A110 auction - Piston Addict%.","isPartOf":{"@id":"https:\/\/pistonaddict.com\/es\/#website"},"primaryImageOfPage":{"@id":"https:\/\/pistonaddict.com\/es\/product\/alpine-a110\/#primaryimage"},"image":{"@id":"https:\/\/pistonaddict.com\/es\/product\/alpine-a110\/#primaryimage"},"thumbnailUrl":"https:\/\/pistonaddict.com\/wp-content\/uploads\/2023\/12\/4517LTW_01.jpg","datePublished":"2023-12-13T13:41:14+00:00","dateModified":"2024-03-20T08:42:46+00:00","breadcrumb":{"@id":"https:\/\/pistonaddict.com\/es\/product\/alpine-a110\/#breadcrumb"},"inLanguage":"es","potentialAction":[{"@type":"ReadAction","target":["https:\/\/pistonaddict.com\/es\/product\/alpine-a110\/"]}]},{"@type":"ImageObject","inLanguage":"es","@id":"https:\/\/pistonaddict.com\/es\/product\/alpine-a110\/#primaryimage","url":"https:\/\/pistonaddict.com\/wp-content\/uploads\/2023\/12\/4517LTW_01.jpg","contentUrl":"https:\/\/pistonaddict.com\/wp-content\/uploads\/2023\/12\/4517LTW_01.jpg","width":1440,"height":1080},{"@type":"BreadcrumbList","@id":"https:\/\/pistonaddict.com\/es\/product\/alpine-a110\/#breadcrumb","itemListElement":[{"@type":"ListItem","position":1,"name":"bienvenida","item":"https:\/\/pistonaddict.com\/es\/pagina-web\/"},{"@type":"ListItem","position":2,"name":"Auctions","item":"https:\/\/pistonaddict.com\/auctions-listing\/"},{"@type":"ListItem","position":3,"name":"Alpine A110"}]},{"@type":"WebSite","@id":"https:\/\/pistonaddict.com\/es\/#website","url":"https:\/\/pistonaddict.com\/es\/","name":"Piston Addict","description":"Only interesting vehicles","publisher":{"@id":"https:\/\/pistonaddict.com\/es\/#organization"},"potentialAction":[{"@type":"SearchAction","target":{"@type":"EntryPoint","urlTemplate":"https:\/\/pistonaddict.com\/es\/?s={search_term_string}"},"query-input":"required name=search_term_string"}],"inLanguage":"es"},{"@type":"Organization","@id":"https:\/\/pistonaddict.com\/es\/#organization","name":"Piston Addict","url":"https:\/\/pistonaddict.com\/es\/","logo":{"@type":"ImageObject","inLanguage":"es","@id":"https:\/\/pistonaddict.com\/es\/#\/schema\/logo\/image\/","url":"https:\/\/pistonaddict.com\/wp-content\/uploads\/2022\/07\/logo-6.png","contentUrl":"https:\/\/pistonaddict.com\/wp-content\/uploads\/2022\/07\/logo-6.png","width":970,"height":200,"caption":"Piston Addict"},"image":{"@id":"https:\/\/pistonaddict.com\/es\/#\/schema\/logo\/image\/"}}]}},"_links":{"self":[{"href":"https:\/\/pistonaddict.com\/es\/wp-json\/wp\/v2\/product\/79057"}],"collection":[{"href":"https:\/\/pistonaddict.com\/es\/wp-json\/wp\/v2\/product"}],"about":[{"href":"https:\/\/pistonaddict.com\/es\/wp-json\/wp\/v2\/types\/product"}],"replies":[{"embeddable":true,"href":"https:\/\/pistonaddict.com\/es\/wp-json\/wp\/v2\/comments?post=79057"}],"wp:featuredmedia":[{"embeddable":true,"href":"https:\/\/pistonaddict.com\/es\/wp-json\/wp\/v2\/media\/78366"}],"wp:attachment":[{"href":"https:\/\/pistonaddict.com\/es\/wp-json\/wp\/v2\/media?parent=79057"}],"wp:term":[{"taxonomy":"product_cat","embeddable":true,"href":"https:\/\/pistonaddict.com\/es\/wp-json\/wp\/v2\/product_cat?post=79057"},{"taxonomy":"product_tag","embeddable":true,"href":"https:\/\/pistonaddict.com\/es\/wp-json\/wp\/v2\/product_tag?post=79057"}],"curies":[{"name":"wp","href":"https:\/\/api.w.org\/{rel}","templated":true}]}}