{"id":78331,"date":"2023-12-13T10:17:52","date_gmt":"2023-12-13T09:17:52","guid":{"rendered":"https:\/\/pistonaddict.com\/product\/fisker-karma-edicion-exclusiva\/"},"modified":"2024-03-20T09:42:39","modified_gmt":"2024-03-20T08:42:39","slug":"fisker-karma-signature-edition","status":"publish","type":"product","link":"https:\/\/pistonaddict.com\/es\/product\/fisker-karma-signature-edition\/","title":{"rendered":"Fisker Karma Edici\u00f3n Exclusiva"},"content":{"rendered":"<p><strong>Historia del coche<\/strong><\/p>\n<p>Antes de que el Karma irrumpiera en el mercado en 2011, los h\u00edbridos eran veh\u00edculos bastante aburridos y poco emocionantes. Pero entonces, Fisker present\u00f3 el Karma con un dise\u00f1o llamativo, silueta baja, postura musculosa y formas \u00fanicas. Era y sigue siendo algo extraordinario. Bajo la seductora carrocer\u00eda se esconden multitud de innovadoras tecnolog\u00edas. El motor principal es un 2.0 litros turboalimentado de GM con 260 CV y dos motores el\u00e9ctricos en el eje trasero. Un paquete de bater\u00edas de 20,1 kWh alimenta los motores el\u00e9ctricos de 120 kW cada uno (403 CV).<\/p>\n<p>Curiosamente, las bater\u00edas est\u00e1n situadas en el centro del coche, lo que proporciona al Karma un centro de gravedad bajo y un excelente comportamiento en carretera. El principio de funcionamiento tambi\u00e9n es \u00fanico. El veh\u00edculo, de transmisi\u00f3n autom\u00e1tica, ten\u00eda una autonom\u00eda de unos 80 km utilizando \u00fanicamente energ\u00eda el\u00e9ctrica. Sin embargo, cuando las bater\u00edas se agotan, el conductor activa el motor de gasolina, que acciona el generador que alimenta los motores el\u00e9ctricos. As\u00ed pues, el Karma es un h\u00edbrido gasolina-el\u00e9ctrico con un fuerte \u00e9nfasis en la parte el\u00e9ctrica. Este modelo fue entregado a un miembro de la familia Fisker y a uno de los inversores originales, lo que lo convierte en una parte extraordinaria de la historia de la empresa.<\/p>\n<p><strong>Interior<\/strong><\/p>\n<p>El interior de este ejemplar en particular presenta una combinaci\u00f3n de cuero negro y marr\u00f3n tostado que lo convierte en un lugar encantador. No hay ara\u00f1azos en los asientos, y todo es funcional. Est\u00e1 equipado con un sistema opcional de infoentretenimiento con pantalla en el salpicadero.<\/p>\n<p><strong>Condici\u00f3n<\/strong><\/p>\n<p>Con 80.000 km, todo el historial de servicio, s\u00f3lo un propietario, este Karma est\u00e1 en condiciones ideales. No hay accidentes ni da\u00f1os, y el interior est\u00e1 en condiciones nuevas. Curiosamente, el Karma est\u00e1 equipado con un techo de paneles solares, que transforman la energ\u00eda solar en electricidad y apagan la bater\u00eda cuando es necesario. En este ejemplo, el techo solar est\u00e1 presente y en perfecto estado de funcionamiento. <strong>Este ejemplar en particular es el n\u00famero 61 de los 100 fabricados con el paquete Signature Edition<\/strong>, lo cual es esencial ya que su historial puede rastrearse dentro de la comunidad Fisker. Dado que este ejemplo tiene importancia hist\u00f3rica, ha sido revisado por uno de los mejores especialistas de Fisker en el mundo, con registros de mantenimiento regulares disponibles. La \u00faltima revisi\u00f3n y cambio de aceite se realiz\u00f3 en octubre de 2023, y los frenos se revisaron hace apenas unos d\u00edas, en diciembre de 2023.<\/p>\n<p><strong>Exterior y ruedas<\/strong><\/p>\n<p>La exclusiva pintura plateada combina a la perfecci\u00f3n con el interior bicolor sin ara\u00f1azos ni abolladuras. El coche se entregar\u00e1 con neum\u00e1ticos de invierno de 21 pulgadas en perfecto estado. Las llantas de 22 pulgadas con neum\u00e1ticos de verano tienen un coste adicional. Los neum\u00e1ticos son de 2023.<\/p>\n<p><strong>Documentaci\u00f3n<\/strong><\/p>\n<p>El vendedor privado vende este veh\u00edculo con la documentaci\u00f3n apropiada situada en Alemania. El informe de <a href=\"https:\/\/pistonaddict.com\/wp-content\/uploads\/2023\/12\/FiskerKarma.pdf\">CarVertical<\/a> est\u00e1 limpio; no existen pruebas de accidentes, reparaciones de accidentes, propiedad o problemas legales. Hay registros de mantenimiento peri\u00f3dico, facturas de venta y recibos. No hay garant\u00eda de f\u00e1brica disponible para este modelo.<\/p>\n<p><strong><br \/>\nMira el v\u00eddeo de arranque en fr\u00edo de este precioso Fisker Karma silver Signature :<\/strong><\/p>\n<p><iframe title=\"Cold Start Video of the Fisker Karma Signature for auction sale\" width=\"1200\" height=\"675\" src=\"https:\/\/www.youtube.com\/embed\/sOmYYpDT2U8?feature=oembed\" frameborder=\"0\" allow=\"accelerometer; autoplay; clipboard-write; encrypted-media; gyroscope; picture-in-picture; web-share\" allowfullscreen><\/iframe><\/p>\n","protected":false},"excerpt":{"rendered":"<p>El Fisker Karma no es s\u00f3lo un h\u00edbrido revolucionario, sino tambi\u00e9n uno de los coches m\u00e1s atractivos del siglo XXI. Con poco m\u00e1s de 3.000 unidades fabricadas, es escaso, pero \u00e9ste es a\u00fan m\u00e1s raro. El Karma plateado de 2012 que ofrecemos hoy es un modelo Signature Edition 1 de 100 e incluso fue firmado personalmente por Henrik Fisker, el propietario de la empresa. Si busca el sue\u00f1o de un coleccionista, aqu\u00ed lo tiene.<\/p>\n","protected":false},"featured_media":77674,"comment_status":"open","ping_status":"closed","template":"","meta":{"inline_featured_image":false},"product_cat":[715],"product_tag":[2794,2795,1840,1839,919],"acf":[],"yoast_head":"<!-- This site is optimized with the Yoast SEO plugin v22.5 - https:\/\/yoast.com\/wordpress\/plugins\/seo\/ -->\n<title>Fisker Karma Edici\u00f3n Exclusiva auction - Piston Addict%.<\/title>\n<meta name=\"robots\" content=\"index, follow, max-snippet:-1, max-image-preview:large, max-video-preview:-1\" \/>\n<link rel=\"canonical\" href=\"https:\/\/pistonaddict.com\/es\/product\/fisker-karma-signature-edition\/\" \/>\n<meta property=\"og:locale\" content=\"es_ES\" \/>\n<meta property=\"og:type\" content=\"article\" \/>\n<meta property=\"og:title\" content=\"Fisker Karma Edici\u00f3n Exclusiva auction - Piston Addict%.\" \/>\n<meta property=\"og:description\" content=\"El Fisker Karma no es s\u00f3lo un h\u00edbrido revolucionario, sino tambi\u00e9n uno de los coches m\u00e1s atractivos del siglo XXI. Con poco m\u00e1s de 3.000 unidades fabricadas, es escaso, pero \u00e9ste es a\u00fan m\u00e1s raro. El Karma plateado de 2012 que ofrecemos hoy es un modelo Signature Edition 1 de 100 e incluso fue firmado personalmente por Henrik Fisker, el propietario de la empresa. Si busca el sue\u00f1o de un coleccionista, aqu\u00ed lo tiene.\" \/>\n<meta property=\"og:url\" content=\"https:\/\/pistonaddict.com\/es\/product\/fisker-karma-signature-edition\/\" \/>\n<meta property=\"og:site_name\" content=\"Piston Addict\" \/>\n<meta property=\"article:modified_time\" content=\"2024-03-20T08:42:39+00:00\" \/>\n<meta property=\"og:image\" content=\"https:\/\/pistonaddict.com\/wp-content\/uploads\/2023\/12\/20210129_085341.jpg\" \/>\n\t<meta property=\"og:image:width\" content=\"1762\" \/>\n\t<meta property=\"og:image:height\" content=\"752\" \/>\n\t<meta property=\"og:image:type\" content=\"image\/jpeg\" \/>\n<meta name=\"twitter:card\" content=\"summary_large_image\" \/>\n<meta name=\"twitter:label1\" content=\"Tiempo de lectura\" \/>\n\t<meta name=\"twitter:data1\" content=\"3 minutos\" \/>\n<script type=\"application\/ld+json\" class=\"yoast-schema-graph\">{\"@context\":\"https:\/\/schema.org\",\"@graph\":[{\"@type\":\"WebPage\",\"@id\":\"https:\/\/pistonaddict.com\/es\/product\/fisker-karma-signature-edition\/\",\"url\":\"https:\/\/pistonaddict.com\/es\/product\/fisker-karma-signature-edition\/\",\"name\":\"Fisker Karma Edici\u00f3n Exclusiva auction - Piston Addict%.\",\"isPartOf\":{\"@id\":\"https:\/\/pistonaddict.com\/es\/#website\"},\"primaryImageOfPage\":{\"@id\":\"https:\/\/pistonaddict.com\/es\/product\/fisker-karma-signature-edition\/#primaryimage\"},\"image\":{\"@id\":\"https:\/\/pistonaddict.com\/es\/product\/fisker-karma-signature-edition\/#primaryimage\"},\"thumbnailUrl\":\"https:\/\/pistonaddict.com\/wp-content\/uploads\/2023\/12\/20210129_085341.jpg\",\"datePublished\":\"2023-12-13T09:17:52+00:00\",\"dateModified\":\"2024-03-20T08:42:39+00:00\",\"breadcrumb\":{\"@id\":\"https:\/\/pistonaddict.com\/es\/product\/fisker-karma-signature-edition\/#breadcrumb\"},\"inLanguage\":\"es\",\"potentialAction\":[{\"@type\":\"ReadAction\",\"target\":[\"https:\/\/pistonaddict.com\/es\/product\/fisker-karma-signature-edition\/\"]}]},{\"@type\":\"ImageObject\",\"inLanguage\":\"es\",\"@id\":\"https:\/\/pistonaddict.com\/es\/product\/fisker-karma-signature-edition\/#primaryimage\",\"url\":\"https:\/\/pistonaddict.com\/wp-content\/uploads\/2023\/12\/20210129_085341.jpg\",\"contentUrl\":\"https:\/\/pistonaddict.com\/wp-content\/uploads\/2023\/12\/20210129_085341.jpg\",\"width\":1762,\"height\":752},{\"@type\":\"BreadcrumbList\",\"@id\":\"https:\/\/pistonaddict.com\/es\/product\/fisker-karma-signature-edition\/#breadcrumb\",\"itemListElement\":[{\"@type\":\"ListItem\",\"position\":1,\"name\":\"bienvenida\",\"item\":\"https:\/\/pistonaddict.com\/es\/pagina-web\/\"},{\"@type\":\"ListItem\",\"position\":2,\"name\":\"Auctions\",\"item\":\"https:\/\/pistonaddict.com\/auctions-listing\/\"},{\"@type\":\"ListItem\",\"position\":3,\"name\":\"Fisker Karma Edici\u00f3n Exclusiva\"}]},{\"@type\":\"WebSite\",\"@id\":\"https:\/\/pistonaddict.com\/es\/#website\",\"url\":\"https:\/\/pistonaddict.com\/es\/\",\"name\":\"Piston Addict\",\"description\":\"Only interesting vehicles\",\"publisher\":{\"@id\":\"https:\/\/pistonaddict.com\/es\/#organization\"},\"potentialAction\":[{\"@type\":\"SearchAction\",\"target\":{\"@type\":\"EntryPoint\",\"urlTemplate\":\"https:\/\/pistonaddict.com\/es\/?s={search_term_string}\"},\"query-input\":\"required name=search_term_string\"}],\"inLanguage\":\"es\"},{\"@type\":\"Organization\",\"@id\":\"https:\/\/pistonaddict.com\/es\/#organization\",\"name\":\"Piston Addict\",\"url\":\"https:\/\/pistonaddict.com\/es\/\",\"logo\":{\"@type\":\"ImageObject\",\"inLanguage\":\"es\",\"@id\":\"https:\/\/pistonaddict.com\/es\/#\/schema\/logo\/image\/\",\"url\":\"https:\/\/pistonaddict.com\/wp-content\/uploads\/2022\/07\/logo-6.png\",\"contentUrl\":\"https:\/\/pistonaddict.com\/wp-content\/uploads\/2022\/07\/logo-6.png\",\"width\":970,\"height\":200,\"caption\":\"Piston Addict\"},\"image\":{\"@id\":\"https:\/\/pistonaddict.com\/es\/#\/schema\/logo\/image\/\"}}]}<\/script>\n<!-- \/ Yoast SEO plugin. -->","yoast_head_json":{"title":"Fisker Karma Edici\u00f3n Exclusiva auction - Piston Addict%.","robots":{"index":"index","follow":"follow","max-snippet":"max-snippet:-1","max-image-preview":"max-image-preview:large","max-video-preview":"max-video-preview:-1"},"canonical":"https:\/\/pistonaddict.com\/es\/product\/fisker-karma-signature-edition\/","og_locale":"es_ES","og_type":"article","og_title":"Fisker Karma Edici\u00f3n Exclusiva auction - Piston Addict%.","og_description":"El Fisker Karma no es s\u00f3lo un h\u00edbrido revolucionario, sino tambi\u00e9n uno de los coches m\u00e1s atractivos del siglo XXI. Con poco m\u00e1s de 3.000 unidades fabricadas, es escaso, pero \u00e9ste es a\u00fan m\u00e1s raro. El Karma plateado de 2012 que ofrecemos hoy es un modelo Signature Edition 1 de 100 e incluso fue firmado personalmente por Henrik Fisker, el propietario de la empresa. Si busca el sue\u00f1o de un coleccionista, aqu\u00ed lo tiene.","og_url":"https:\/\/pistonaddict.com\/es\/product\/fisker-karma-signature-edition\/","og_site_name":"Piston Addict","article_modified_time":"2024-03-20T08:42:39+00:00","og_image":[{"width":1762,"height":752,"url":"https:\/\/pistonaddict.com\/wp-content\/uploads\/2023\/12\/20210129_085341.jpg","type":"image\/jpeg"}],"twitter_card":"summary_large_image","twitter_misc":{"Tiempo de lectura":"3 minutos"},"schema":{"@context":"https:\/\/schema.org","@graph":[{"@type":"WebPage","@id":"https:\/\/pistonaddict.com\/es\/product\/fisker-karma-signature-edition\/","url":"https:\/\/pistonaddict.com\/es\/product\/fisker-karma-signature-edition\/","name":"Fisker Karma Edici\u00f3n Exclusiva auction - Piston Addict%.","isPartOf":{"@id":"https:\/\/pistonaddict.com\/es\/#website"},"primaryImageOfPage":{"@id":"https:\/\/pistonaddict.com\/es\/product\/fisker-karma-signature-edition\/#primaryimage"},"image":{"@id":"https:\/\/pistonaddict.com\/es\/product\/fisker-karma-signature-edition\/#primaryimage"},"thumbnailUrl":"https:\/\/pistonaddict.com\/wp-content\/uploads\/2023\/12\/20210129_085341.jpg","datePublished":"2023-12-13T09:17:52+00:00","dateModified":"2024-03-20T08:42:39+00:00","breadcrumb":{"@id":"https:\/\/pistonaddict.com\/es\/product\/fisker-karma-signature-edition\/#breadcrumb"},"inLanguage":"es","potentialAction":[{"@type":"ReadAction","target":["https:\/\/pistonaddict.com\/es\/product\/fisker-karma-signature-edition\/"]}]},{"@type":"ImageObject","inLanguage":"es","@id":"https:\/\/pistonaddict.com\/es\/product\/fisker-karma-signature-edition\/#primaryimage","url":"https:\/\/pistonaddict.com\/wp-content\/uploads\/2023\/12\/20210129_085341.jpg","contentUrl":"https:\/\/pistonaddict.com\/wp-content\/uploads\/2023\/12\/20210129_085341.jpg","width":1762,"height":752},{"@type":"BreadcrumbList","@id":"https:\/\/pistonaddict.com\/es\/product\/fisker-karma-signature-edition\/#breadcrumb","itemListElement":[{"@type":"ListItem","position":1,"name":"bienvenida","item":"https:\/\/pistonaddict.com\/es\/pagina-web\/"},{"@type":"ListItem","position":2,"name":"Auctions","item":"https:\/\/pistonaddict.com\/auctions-listing\/"},{"@type":"ListItem","position":3,"name":"Fisker Karma Edici\u00f3n Exclusiva"}]},{"@type":"WebSite","@id":"https:\/\/pistonaddict.com\/es\/#website","url":"https:\/\/pistonaddict.com\/es\/","name":"Piston Addict","description":"Only interesting vehicles","publisher":{"@id":"https:\/\/pistonaddict.com\/es\/#organization"},"potentialAction":[{"@type":"SearchAction","target":{"@type":"EntryPoint","urlTemplate":"https:\/\/pistonaddict.com\/es\/?s={search_term_string}"},"query-input":"required name=search_term_string"}],"inLanguage":"es"},{"@type":"Organization","@id":"https:\/\/pistonaddict.com\/es\/#organization","name":"Piston Addict","url":"https:\/\/pistonaddict.com\/es\/","logo":{"@type":"ImageObject","inLanguage":"es","@id":"https:\/\/pistonaddict.com\/es\/#\/schema\/logo\/image\/","url":"https:\/\/pistonaddict.com\/wp-content\/uploads\/2022\/07\/logo-6.png","contentUrl":"https:\/\/pistonaddict.com\/wp-content\/uploads\/2022\/07\/logo-6.png","width":970,"height":200,"caption":"Piston Addict"},"image":{"@id":"https:\/\/pistonaddict.com\/es\/#\/schema\/logo\/image\/"}}]}},"_links":{"self":[{"href":"https:\/\/pistonaddict.com\/es\/wp-json\/wp\/v2\/product\/78331"}],"collection":[{"href":"https:\/\/pistonaddict.com\/es\/wp-json\/wp\/v2\/product"}],"about":[{"href":"https:\/\/pistonaddict.com\/es\/wp-json\/wp\/v2\/types\/product"}],"replies":[{"embeddable":true,"href":"https:\/\/pistonaddict.com\/es\/wp-json\/wp\/v2\/comments?post=78331"}],"wp:featuredmedia":[{"embeddable":true,"href":"https:\/\/pistonaddict.com\/es\/wp-json\/wp\/v2\/media\/77674"}],"wp:attachment":[{"href":"https:\/\/pistonaddict.com\/es\/wp-json\/wp\/v2\/media?parent=78331"}],"wp:term":[{"taxonomy":"product_cat","embeddable":true,"href":"https:\/\/pistonaddict.com\/es\/wp-json\/wp\/v2\/product_cat?post=78331"},{"taxonomy":"product_tag","embeddable":true,"href":"https:\/\/pistonaddict.com\/es\/wp-json\/wp\/v2\/product_tag?post=78331"}],"curies":[{"name":"wp","href":"https:\/\/api.w.org\/{rel}","templated":true}]}}