{"id":77372,"date":"2023-12-11T15:55:41","date_gmt":"2023-12-11T14:55:41","guid":{"rendered":"https:\/\/pistonaddict.com\/product\/abarth-124-spider\/"},"modified":"2024-03-20T09:41:46","modified_gmt":"2024-03-20T08:41:46","slug":"abarth-124-spider","status":"publish","type":"product","link":"https:\/\/pistonaddict.com\/es\/product\/abarth-124-spider\/","title":{"rendered":"Abarth 124 Spider"},"content":{"rendered":"<h2>Exterior<\/h2>\n<p>Por fuera, a primera vista se ve que es m\u00e1s que un 124 Spider normal y corriente. Este roadster pintado de negro presenta parachoques m\u00e1s agresivos, faros de xen\u00f3n y un escape de doble salida en la parte trasera, con dos puntas cromadas a cada lado. Todos estos detalles confieren al coche una formidable presencia en carretera que lo separa inequ\u00edvocamente de su apacible primo. Y por si esto fuera poco, la insignia en el lateral que celebra el 70 aniversario de Abarth acent\u00faa la exclusividad de este modelo en particular.<\/p>\n<p>Este Abarth 124 Spider monta llantas de 17 pulgadas con neum\u00e1ticos Bridgestone, que podr\u00edan estar pasados de moda. Las llantas tambi\u00e9n dejan ver claramente las enormes pinzas de freno Brembo rojas que prometen una excelente potencia de frenado.<\/p>\n<h2>Interior<\/h2>\n<p>Al igual que el aspecto exterior, el interior presenta varios detalles llamativos que muestran claramente el origen del coche. Para empezar, un par de c\u00f3modos asientos forrados en piel de ante, con una enorme inscripci\u00f3n Abart roja cosida en su respaldo. Los detalles en color rojo tambi\u00e9n acent\u00faan el volante y el cuadro de instrumentos situado tras \u00e9l, dominado por un cuentarrevoluciones que llega hasta las 8.000 RPM. Por \u00faltimo, el salpicadero minimalista s\u00f3lo contiene lo esencial, como los controles del aire acondicionado y la pantalla central, lo que hace evidente que este coche est\u00e1 hecho principalmente para conducir.<\/p>\n<h2>Mec\u00e1nica<\/h2>\n<p>A primera vista, el motor de 1,4 litros bajo el cap\u00f3 puede no parecer tan convincente como cabr\u00eda esperar. Sin embargo, gracias a un turbocompresor y a una gesti\u00f3n del combustible mejorada, que aumentan su potencia hasta los 170 CV, este suave 4 cilindros tiene una gran pegada. La transmisi\u00f3n -una manual convencional de seis velocidades- es otro detalle que revela la verdadera naturaleza del Spider. Esta configuraci\u00f3n de la transmisi\u00f3n, combinada con una suspensi\u00f3n soberbia y unos frenos capaces, lo convierten en un aut\u00e9ntico coche de conducci\u00f3n dise\u00f1ado para enfrentarse a cualquier carretera revirada.<\/p>\n<h2>Historial del veh\u00edculo<\/h2>\n<p>Para terminar, unas palabras sobre el estado actual de este Abarth Spider. La \u00faltima revisi\u00f3n peri\u00f3dica, que incluy\u00f3 un cambio de aceite, se realiz\u00f3 en enero de 2023. M\u00e1s recientemente, en diciembre, se revisaron los frenos. Seg\u00fan las fotos facilitadas y el v\u00eddeo correspondiente, el coche parece estar en perfecto estado, sin da\u00f1os visibles ni marcas de desgaste.<\/p>\n<p>Adem\u00e1s, el vendedor dice que el coche, que se encuentra actualmente en Italia, no se utiliz\u00f3 en pista ni estuvo involucrado en ning\u00fan accidente, con un Informe del Historial del Veh\u00edculo <a href=\"https:\/\/pistonaddict.com\/wp-content\/uploads\/2023\/12\/abarthspider.pdf\">CARFAX<\/a> que coincide para confirmarlo.<\/p>\n<p><strong><br \/>\nEcha un vistazo al v\u00eddeo de arranque en fr\u00edo de este precioso Abarth 124 Spider :<\/strong><\/p>\n<p><iframe title=\"Cold Start Video of the Abarth 124 Spider for auction sale\" width=\"1200\" height=\"675\" src=\"https:\/\/www.youtube.com\/embed\/wZs51_ew1WU?feature=oembed\" frameborder=\"0\" allow=\"accelerometer; autoplay; clipboard-write; encrypted-media; gyroscope; picture-in-picture; web-share\" allowfullscreen><\/iframe><\/p>\n","protected":false},"excerpt":{"rendered":"<p>Si quieres un coche atractivo, divertido de conducir y con el que sea f\u00e1cil convivir, deber\u00edas plantearte comprar un roadster. Hay varios modelos relativamente nuevos entre los que elegir, y uno de ellos es el 124 Spider, que comparte su base mec\u00e1nica con el que probablemente sea el roadster m\u00e1s famoso de la actualidad: el Mazda MX5. Como tal, representa una mezcla \u00fanica de estilo italiano y tecnolog\u00eda japonesa de precisi\u00f3n.<\/p>\n<p>Y cuando el tuneador interno de Fiat condimenta todo esto, se obtiene un ardiente <strong>Abarth 124 Spider<\/strong>, uno de los cuales est\u00e1 en subasta aqu\u00ed mismo, en nuestro sitio web. Este inmaculado modelo 2019 ha hecho poco m\u00e1s de 23.000 kil\u00f3metros y actualmente busca un nuevo propietario. Y, aparte de su elegante aspecto y su agradable rendimiento, tambi\u00e9n esconde un as m\u00e1s en la manga.<\/p>\n","protected":false},"featured_media":77152,"comment_status":"open","ping_status":"closed","template":"","meta":{"inline_featured_image":false},"product_cat":[715],"product_tag":[2752,2753,2751,996],"acf":[],"yoast_head":"<!-- This site is optimized with the Yoast SEO plugin v22.5 - https:\/\/yoast.com\/wordpress\/plugins\/seo\/ -->\n<title>Abarth 124 Spider auction - Piston Addict%.<\/title>\n<meta name=\"robots\" content=\"index, follow, max-snippet:-1, max-image-preview:large, max-video-preview:-1\" \/>\n<link rel=\"canonical\" href=\"https:\/\/pistonaddict.com\/es\/product\/abarth-124-spider\/\" \/>\n<meta property=\"og:locale\" content=\"es_ES\" \/>\n<meta property=\"og:type\" content=\"article\" \/>\n<meta property=\"og:title\" content=\"Abarth 124 Spider auction - Piston Addict%.\" \/>\n<meta property=\"og:description\" content=\"Si quieres un coche atractivo, divertido de conducir y con el que sea f\u00e1cil convivir, deber\u00edas plantearte comprar un roadster. Hay varios modelos relativamente nuevos entre los que elegir, y uno de ellos es el 124 Spider, que comparte su base mec\u00e1nica con el que probablemente sea el roadster m\u00e1s famoso de la actualidad: el Mazda MX5. Como tal, representa una mezcla \u00fanica de estilo italiano y tecnolog\u00eda japonesa de precisi\u00f3n. Y cuando el tuneador interno de Fiat condimenta todo esto, se obtiene un ardiente Abarth 124 Spider, uno de los cuales est\u00e1 en subasta aqu\u00ed mismo, en nuestro sitio web. Este inmaculado modelo 2019 ha hecho poco m\u00e1s de 23.000 kil\u00f3metros y actualmente busca un nuevo propietario. Y, aparte de su elegante aspecto y su agradable rendimiento, tambi\u00e9n esconde un as m\u00e1s en la manga.\" \/>\n<meta property=\"og:url\" content=\"https:\/\/pistonaddict.com\/es\/product\/abarth-124-spider\/\" \/>\n<meta property=\"og:site_name\" content=\"Piston Addict\" \/>\n<meta property=\"article:modified_time\" content=\"2024-03-20T08:41:46+00:00\" \/>\n<meta property=\"og:image\" content=\"https:\/\/pistonaddict.com\/wp-content\/uploads\/2023\/12\/image00020-scaled.jpeg\" \/>\n\t<meta property=\"og:image:width\" content=\"2560\" \/>\n\t<meta property=\"og:image:height\" content=\"1920\" \/>\n\t<meta property=\"og:image:type\" content=\"image\/jpeg\" \/>\n<meta name=\"twitter:card\" content=\"summary_large_image\" \/>\n<meta name=\"twitter:label1\" content=\"Tiempo de lectura\" \/>\n\t<meta name=\"twitter:data1\" content=\"2 minutos\" \/>\n<script type=\"application\/ld+json\" class=\"yoast-schema-graph\">{\"@context\":\"https:\/\/schema.org\",\"@graph\":[{\"@type\":\"WebPage\",\"@id\":\"https:\/\/pistonaddict.com\/es\/product\/abarth-124-spider\/\",\"url\":\"https:\/\/pistonaddict.com\/es\/product\/abarth-124-spider\/\",\"name\":\"Abarth 124 Spider auction - Piston Addict%.\",\"isPartOf\":{\"@id\":\"https:\/\/pistonaddict.com\/es\/#website\"},\"primaryImageOfPage\":{\"@id\":\"https:\/\/pistonaddict.com\/es\/product\/abarth-124-spider\/#primaryimage\"},\"image\":{\"@id\":\"https:\/\/pistonaddict.com\/es\/product\/abarth-124-spider\/#primaryimage\"},\"thumbnailUrl\":\"https:\/\/pistonaddict.com\/wp-content\/uploads\/2023\/12\/image00020-scaled.jpeg\",\"datePublished\":\"2023-12-11T14:55:41+00:00\",\"dateModified\":\"2024-03-20T08:41:46+00:00\",\"breadcrumb\":{\"@id\":\"https:\/\/pistonaddict.com\/es\/product\/abarth-124-spider\/#breadcrumb\"},\"inLanguage\":\"es\",\"potentialAction\":[{\"@type\":\"ReadAction\",\"target\":[\"https:\/\/pistonaddict.com\/es\/product\/abarth-124-spider\/\"]}]},{\"@type\":\"ImageObject\",\"inLanguage\":\"es\",\"@id\":\"https:\/\/pistonaddict.com\/es\/product\/abarth-124-spider\/#primaryimage\",\"url\":\"https:\/\/pistonaddict.com\/wp-content\/uploads\/2023\/12\/image00020-scaled.jpeg\",\"contentUrl\":\"https:\/\/pistonaddict.com\/wp-content\/uploads\/2023\/12\/image00020-scaled.jpeg\",\"width\":2560,\"height\":1920},{\"@type\":\"BreadcrumbList\",\"@id\":\"https:\/\/pistonaddict.com\/es\/product\/abarth-124-spider\/#breadcrumb\",\"itemListElement\":[{\"@type\":\"ListItem\",\"position\":1,\"name\":\"bienvenida\",\"item\":\"https:\/\/pistonaddict.com\/es\/pagina-web\/\"},{\"@type\":\"ListItem\",\"position\":2,\"name\":\"Auctions\",\"item\":\"https:\/\/pistonaddict.com\/auctions-listing\/\"},{\"@type\":\"ListItem\",\"position\":3,\"name\":\"Abarth 124 Spider\"}]},{\"@type\":\"WebSite\",\"@id\":\"https:\/\/pistonaddict.com\/es\/#website\",\"url\":\"https:\/\/pistonaddict.com\/es\/\",\"name\":\"Piston Addict\",\"description\":\"Only interesting vehicles\",\"publisher\":{\"@id\":\"https:\/\/pistonaddict.com\/es\/#organization\"},\"potentialAction\":[{\"@type\":\"SearchAction\",\"target\":{\"@type\":\"EntryPoint\",\"urlTemplate\":\"https:\/\/pistonaddict.com\/es\/?s={search_term_string}\"},\"query-input\":\"required name=search_term_string\"}],\"inLanguage\":\"es\"},{\"@type\":\"Organization\",\"@id\":\"https:\/\/pistonaddict.com\/es\/#organization\",\"name\":\"Piston Addict\",\"url\":\"https:\/\/pistonaddict.com\/es\/\",\"logo\":{\"@type\":\"ImageObject\",\"inLanguage\":\"es\",\"@id\":\"https:\/\/pistonaddict.com\/es\/#\/schema\/logo\/image\/\",\"url\":\"https:\/\/pistonaddict.com\/wp-content\/uploads\/2022\/07\/logo-6.png\",\"contentUrl\":\"https:\/\/pistonaddict.com\/wp-content\/uploads\/2022\/07\/logo-6.png\",\"width\":970,\"height\":200,\"caption\":\"Piston Addict\"},\"image\":{\"@id\":\"https:\/\/pistonaddict.com\/es\/#\/schema\/logo\/image\/\"}}]}<\/script>\n<!-- \/ Yoast SEO plugin. -->","yoast_head_json":{"title":"Abarth 124 Spider auction - Piston Addict%.","robots":{"index":"index","follow":"follow","max-snippet":"max-snippet:-1","max-image-preview":"max-image-preview:large","max-video-preview":"max-video-preview:-1"},"canonical":"https:\/\/pistonaddict.com\/es\/product\/abarth-124-spider\/","og_locale":"es_ES","og_type":"article","og_title":"Abarth 124 Spider auction - Piston Addict%.","og_description":"Si quieres un coche atractivo, divertido de conducir y con el que sea f\u00e1cil convivir, deber\u00edas plantearte comprar un roadster. Hay varios modelos relativamente nuevos entre los que elegir, y uno de ellos es el 124 Spider, que comparte su base mec\u00e1nica con el que probablemente sea el roadster m\u00e1s famoso de la actualidad: el Mazda MX5. Como tal, representa una mezcla \u00fanica de estilo italiano y tecnolog\u00eda japonesa de precisi\u00f3n. Y cuando el tuneador interno de Fiat condimenta todo esto, se obtiene un ardiente Abarth 124 Spider, uno de los cuales est\u00e1 en subasta aqu\u00ed mismo, en nuestro sitio web. Este inmaculado modelo 2019 ha hecho poco m\u00e1s de 23.000 kil\u00f3metros y actualmente busca un nuevo propietario. Y, aparte de su elegante aspecto y su agradable rendimiento, tambi\u00e9n esconde un as m\u00e1s en la manga.","og_url":"https:\/\/pistonaddict.com\/es\/product\/abarth-124-spider\/","og_site_name":"Piston Addict","article_modified_time":"2024-03-20T08:41:46+00:00","og_image":[{"width":2560,"height":1920,"url":"https:\/\/pistonaddict.com\/wp-content\/uploads\/2023\/12\/image00020-scaled.jpeg","type":"image\/jpeg"}],"twitter_card":"summary_large_image","twitter_misc":{"Tiempo de lectura":"2 minutos"},"schema":{"@context":"https:\/\/schema.org","@graph":[{"@type":"WebPage","@id":"https:\/\/pistonaddict.com\/es\/product\/abarth-124-spider\/","url":"https:\/\/pistonaddict.com\/es\/product\/abarth-124-spider\/","name":"Abarth 124 Spider auction - Piston Addict%.","isPartOf":{"@id":"https:\/\/pistonaddict.com\/es\/#website"},"primaryImageOfPage":{"@id":"https:\/\/pistonaddict.com\/es\/product\/abarth-124-spider\/#primaryimage"},"image":{"@id":"https:\/\/pistonaddict.com\/es\/product\/abarth-124-spider\/#primaryimage"},"thumbnailUrl":"https:\/\/pistonaddict.com\/wp-content\/uploads\/2023\/12\/image00020-scaled.jpeg","datePublished":"2023-12-11T14:55:41+00:00","dateModified":"2024-03-20T08:41:46+00:00","breadcrumb":{"@id":"https:\/\/pistonaddict.com\/es\/product\/abarth-124-spider\/#breadcrumb"},"inLanguage":"es","potentialAction":[{"@type":"ReadAction","target":["https:\/\/pistonaddict.com\/es\/product\/abarth-124-spider\/"]}]},{"@type":"ImageObject","inLanguage":"es","@id":"https:\/\/pistonaddict.com\/es\/product\/abarth-124-spider\/#primaryimage","url":"https:\/\/pistonaddict.com\/wp-content\/uploads\/2023\/12\/image00020-scaled.jpeg","contentUrl":"https:\/\/pistonaddict.com\/wp-content\/uploads\/2023\/12\/image00020-scaled.jpeg","width":2560,"height":1920},{"@type":"BreadcrumbList","@id":"https:\/\/pistonaddict.com\/es\/product\/abarth-124-spider\/#breadcrumb","itemListElement":[{"@type":"ListItem","position":1,"name":"bienvenida","item":"https:\/\/pistonaddict.com\/es\/pagina-web\/"},{"@type":"ListItem","position":2,"name":"Auctions","item":"https:\/\/pistonaddict.com\/auctions-listing\/"},{"@type":"ListItem","position":3,"name":"Abarth 124 Spider"}]},{"@type":"WebSite","@id":"https:\/\/pistonaddict.com\/es\/#website","url":"https:\/\/pistonaddict.com\/es\/","name":"Piston Addict","description":"Only interesting vehicles","publisher":{"@id":"https:\/\/pistonaddict.com\/es\/#organization"},"potentialAction":[{"@type":"SearchAction","target":{"@type":"EntryPoint","urlTemplate":"https:\/\/pistonaddict.com\/es\/?s={search_term_string}"},"query-input":"required name=search_term_string"}],"inLanguage":"es"},{"@type":"Organization","@id":"https:\/\/pistonaddict.com\/es\/#organization","name":"Piston Addict","url":"https:\/\/pistonaddict.com\/es\/","logo":{"@type":"ImageObject","inLanguage":"es","@id":"https:\/\/pistonaddict.com\/es\/#\/schema\/logo\/image\/","url":"https:\/\/pistonaddict.com\/wp-content\/uploads\/2022\/07\/logo-6.png","contentUrl":"https:\/\/pistonaddict.com\/wp-content\/uploads\/2022\/07\/logo-6.png","width":970,"height":200,"caption":"Piston Addict"},"image":{"@id":"https:\/\/pistonaddict.com\/es\/#\/schema\/logo\/image\/"}}]}},"_links":{"self":[{"href":"https:\/\/pistonaddict.com\/es\/wp-json\/wp\/v2\/product\/77372"}],"collection":[{"href":"https:\/\/pistonaddict.com\/es\/wp-json\/wp\/v2\/product"}],"about":[{"href":"https:\/\/pistonaddict.com\/es\/wp-json\/wp\/v2\/types\/product"}],"replies":[{"embeddable":true,"href":"https:\/\/pistonaddict.com\/es\/wp-json\/wp\/v2\/comments?post=77372"}],"wp:featuredmedia":[{"embeddable":true,"href":"https:\/\/pistonaddict.com\/es\/wp-json\/wp\/v2\/media\/77152"}],"wp:attachment":[{"href":"https:\/\/pistonaddict.com\/es\/wp-json\/wp\/v2\/media?parent=77372"}],"wp:term":[{"taxonomy":"product_cat","embeddable":true,"href":"https:\/\/pistonaddict.com\/es\/wp-json\/wp\/v2\/product_cat?post=77372"},{"taxonomy":"product_tag","embeddable":true,"href":"https:\/\/pistonaddict.com\/es\/wp-json\/wp\/v2\/product_tag?post=77372"}],"curies":[{"name":"wp","href":"https:\/\/api.w.org\/{rel}","templated":true}]}}