{"id":75661,"date":"2023-12-01T10:02:11","date_gmt":"2023-12-01T09:02:11","guid":{"rendered":"https:\/\/pistonaddict.com\/product\/ferrari-458-italia\/"},"modified":"2023-12-20T09:59:10","modified_gmt":"2023-12-20T08:59:10","slug":"ferrari-458-italia","status":"publish","type":"product","link":"https:\/\/pistonaddict.com\/es\/product\/ferrari-458-italia\/","title":{"rendered":"Ferrari 458 Italia"},"content":{"rendered":"<p><strong>Historia del coche<\/strong><\/p>\n<p>El 458 Italia se present\u00f3 en 2009 y marc\u00f3 una nueva era para esta legendaria marca, introduciendo un nuevo lenguaje de dise\u00f1o, un motor V8 de 4,5 litros, diferencial electr\u00f3nico y cambio autom\u00e1tico de doble embrague de 7 velocidades como \u00fanica opci\u00f3n de motor. Con 570 CV enviados a las ruedas traseras y una l\u00ednea roja de 9.000 rpm, el 458 Italia ofrec\u00eda una din\u00e1mica de conducci\u00f3n casi de F\u00f3rmula 1 con la misma banda sonora y emoci\u00f3n. Desde el principio, los probadores de las revistas declararon que el 458 era uno de los mejores Ferrari de carretera que se ofrec\u00edan, un elogio elevado pero no exento de raz\u00f3n. Es un rapid\u00edsimo semental italiano con un 0 a 100 km\/h muy por debajo de los 4 segundos y una velocidad m\u00e1xima de m\u00e1s de 320 km\/h. Este Ferrari 458 en particular fue producido en 2011, y el vendedor actual lo adquiri\u00f3 en 2022. Con un conjunto muy interesante de opciones, un cl\u00e1sico esquema de pintura rojo-negro, bajo kilometraje, y el servicio reciente, que est\u00e1 listo para ser disfrutado por el nuevo propietario. El propietario original de este coche se concentr\u00f3 en las opciones de comodidad como un sistema de iluminaci\u00f3n delantera adaptativa, asientos con calefacci\u00f3n, PDC para facilitar las maniobras y el aparcamiento, una columna de direcci\u00f3n ajustable el\u00e9ctricamente, y mucho m\u00e1s. Todo ello hace de este 458 Italia un ejemplar muy bien equipado y f\u00e1cil de usar.<\/p>\n<p><strong>Interior<\/strong><\/p>\n<p>Dado que este Ferrari fue meticulosamente mantenido, el interior de cuero negro est\u00e1 en muy buen estado con m\u00ednimas huellas de uso. Los asientos con las costuras rojas est\u00e1n en condiciones ideales, y el propietario original opt\u00f3 por un aspecto elegante que nunca pasar\u00e1 de moda. No hay modificaciones y el interior parece nuevo.<\/p>\n<p><strong>Condici\u00f3n<\/strong><\/p>\n<p>Con s\u00f3lo 25.500 kil\u00f3metros, este Ferrari 458 Italia est\u00e1 inmaculado y cuidado con esmero por todos sus usuarios. Todos los procedimientos de mantenimiento se hicieron a tiempo, con el \u00faltimo cambio de aceite y servicio realizado en mayo de 2023 y los frenos revisados hace apenas unos d\u00edas, a finales de noviembre de 2023. Sin embargo, lo que es a\u00fan m\u00e1s importante de este ejemplo concreto es que todas las llamadas a revisi\u00f3n de f\u00e1brica del modelo 458 Italia han sido realizadas por concesionarios oficiales con documentos que lo demuestran. El coche se entreg\u00f3 originalmente en los Pa\u00edses Bajos, y el concesionario autorizado Ferrari realiz\u00f3 el servicio de llamada a revisi\u00f3n. En 2019 se sustituy\u00f3 el airbag del lado del acompa\u00f1ante y en 2022 se cambi\u00f3 el tap\u00f3n del dep\u00f3sito del l\u00edquido de frenos. Todas esas intervenciones de retirada fueron aprobadas por la f\u00e1brica y documentadas. Esto demuestra que todos los propietarios son entusiastas dedicados. <strong>Este coche en particular tiene una garant\u00eda extendida Ferrari New Power para los pr\u00f3ximos 12 meses<\/strong>.<\/p>\n<p><strong> <\/strong><strong>Exterior y ruedas<\/strong><\/p>\n<p>El Rosso Corsa es el color m\u00e1s com\u00fan de Ferrari, pero esta legendaria tonalidad combina a la perfecci\u00f3n con las seductoras l\u00edneas del 458 Italia. La pintura original no tiene marcas, no hay abolladuras ni ara\u00f1azos, y el coche est\u00e1 perfectamente presentable. Con llantas originales de f\u00e1brica de 20 pulgadas y neum\u00e1ticos Michelin completamente nuevos, este coche est\u00e1 listo para ofrecer todo su rendimiento. Una de las opciones dignas de menci\u00f3n que tiene este coche son los frenos cer\u00e1micos para una potencia de frenado incre\u00edble.<\/p>\n<p><strong>Documentaci\u00f3n<\/strong><\/p>\n<p>Este veh\u00edculo es vendido por un profesional con la documentaci\u00f3n apropiada, y se encuentra en Francia. El informe de <a href=\"https:\/\/pistonaddict.com\/wp-content\/uploads\/2023\/12\/CarVertical458.pdf\" target=\"_blank\" rel=\"noopener\">CarVertical<\/a> est\u00e1 limpio; no existen pruebas de accidentes, reparaciones de accidentes, propiedad o problemas legales. Hay registros de mantenimiento regular junto con folletos originales de f\u00e1brica, facturas de venta y recibos. Una garant\u00eda de f\u00e1brica ampliada (la Ferrari Power) con este modelo durante 12 meses y un Certificado de Conformidad (valorado en 2000 euros) son pruebas adicionales de que se trata de un veh\u00edculo de coleccionista de primera categor\u00eda.<\/p>\n<p><strong>Echa un vistazo al v\u00eddeo de arranque en fr\u00edo de este precioso Ferrari 458 Italia :<\/strong><\/p>\n<p><iframe title=\"Cold Start Video of the Ferrari 458 Italia for auction sale\" width=\"1200\" height=\"675\" src=\"https:\/\/www.youtube.com\/embed\/BEdW3ySb03E?feature=oembed\" frameborder=\"0\" allow=\"accelerometer; autoplay; clipboard-write; encrypted-media; gyroscope; picture-in-picture; web-share\" allowfullscreen><\/iframe><\/p>\n","protected":false},"excerpt":{"rendered":"<p>Siempre a la vanguardia de la tecnolog\u00eda y las prestaciones automovil\u00edsticas, Ferrari ha adoptado la turboalimentaci\u00f3n de serie en todos sus modelos, junto con el tren motriz h\u00edbrido. Sin embargo, por un breve momento, Ferrari produjo un deportivo totalmente moderno, propulsado por un motor de aspiraci\u00f3n natural que combinaba a la perfecci\u00f3n la tecnolog\u00eda contempor\u00e1nea, las altas revoluciones y un motor inmensamente potente con esa encantadora sensaci\u00f3n de la vieja escuela. S\u00ed, hablamos del 458 Italia, y estamos orgullosos de ofrecerle uno de los mejores ejemplares del mercado.<\/p>\n","protected":false},"featured_media":75552,"comment_status":"open","ping_status":"closed","template":"","meta":{"inline_featured_image":false},"product_cat":[715],"product_tag":[2636,2635,2634,919],"acf":[],"yoast_head":"<!-- This site is optimized with the Yoast SEO plugin v22.5 - https:\/\/yoast.com\/wordpress\/plugins\/seo\/ -->\n<title>Ferrari 458 Italia auction - Piston Addict%.<\/title>\n<meta name=\"robots\" content=\"index, follow, max-snippet:-1, max-image-preview:large, max-video-preview:-1\" \/>\n<link rel=\"canonical\" href=\"https:\/\/pistonaddict.com\/es\/product\/ferrari-458-italia\/\" \/>\n<meta property=\"og:locale\" content=\"es_ES\" \/>\n<meta property=\"og:type\" content=\"article\" \/>\n<meta property=\"og:title\" content=\"Ferrari 458 Italia auction - Piston Addict%.\" \/>\n<meta property=\"og:description\" content=\"Siempre a la vanguardia de la tecnolog\u00eda y las prestaciones automovil\u00edsticas, Ferrari ha adoptado la turboalimentaci\u00f3n de serie en todos sus modelos, junto con el tren motriz h\u00edbrido. Sin embargo, por un breve momento, Ferrari produjo un deportivo totalmente moderno, propulsado por un motor de aspiraci\u00f3n natural que combinaba a la perfecci\u00f3n la tecnolog\u00eda contempor\u00e1nea, las altas revoluciones y un motor inmensamente potente con esa encantadora sensaci\u00f3n de la vieja escuela. S\u00ed, hablamos del 458 Italia, y estamos orgullosos de ofrecerle uno de los mejores ejemplares del mercado.\" \/>\n<meta property=\"og:url\" content=\"https:\/\/pistonaddict.com\/es\/product\/ferrari-458-italia\/\" \/>\n<meta property=\"og:site_name\" content=\"Piston Addict\" \/>\n<meta property=\"article:modified_time\" content=\"2023-12-20T08:59:10+00:00\" \/>\n<meta property=\"og:image\" content=\"https:\/\/pistonaddict.com\/wp-content\/uploads\/2023\/12\/IMG_0124.jpeg\" \/>\n\t<meta property=\"og:image:width\" content=\"1885\" \/>\n\t<meta property=\"og:image:height\" content=\"1207\" \/>\n\t<meta property=\"og:image:type\" content=\"image\/jpeg\" \/>\n<meta name=\"twitter:card\" content=\"summary_large_image\" \/>\n<meta name=\"twitter:label1\" content=\"Tiempo de lectura\" \/>\n\t<meta name=\"twitter:data1\" content=\"4 minutos\" \/>\n<script type=\"application\/ld+json\" class=\"yoast-schema-graph\">{\"@context\":\"https:\/\/schema.org\",\"@graph\":[{\"@type\":\"WebPage\",\"@id\":\"https:\/\/pistonaddict.com\/es\/product\/ferrari-458-italia\/\",\"url\":\"https:\/\/pistonaddict.com\/es\/product\/ferrari-458-italia\/\",\"name\":\"Ferrari 458 Italia auction - Piston Addict%.\",\"isPartOf\":{\"@id\":\"https:\/\/pistonaddict.com\/es\/#website\"},\"primaryImageOfPage\":{\"@id\":\"https:\/\/pistonaddict.com\/es\/product\/ferrari-458-italia\/#primaryimage\"},\"image\":{\"@id\":\"https:\/\/pistonaddict.com\/es\/product\/ferrari-458-italia\/#primaryimage\"},\"thumbnailUrl\":\"https:\/\/pistonaddict.com\/wp-content\/uploads\/2023\/12\/IMG_0124.jpeg\",\"datePublished\":\"2023-12-01T09:02:11+00:00\",\"dateModified\":\"2023-12-20T08:59:10+00:00\",\"breadcrumb\":{\"@id\":\"https:\/\/pistonaddict.com\/es\/product\/ferrari-458-italia\/#breadcrumb\"},\"inLanguage\":\"es\",\"potentialAction\":[{\"@type\":\"ReadAction\",\"target\":[\"https:\/\/pistonaddict.com\/es\/product\/ferrari-458-italia\/\"]}]},{\"@type\":\"ImageObject\",\"inLanguage\":\"es\",\"@id\":\"https:\/\/pistonaddict.com\/es\/product\/ferrari-458-italia\/#primaryimage\",\"url\":\"https:\/\/pistonaddict.com\/wp-content\/uploads\/2023\/12\/IMG_0124.jpeg\",\"contentUrl\":\"https:\/\/pistonaddict.com\/wp-content\/uploads\/2023\/12\/IMG_0124.jpeg\",\"width\":1885,\"height\":1207},{\"@type\":\"BreadcrumbList\",\"@id\":\"https:\/\/pistonaddict.com\/es\/product\/ferrari-458-italia\/#breadcrumb\",\"itemListElement\":[{\"@type\":\"ListItem\",\"position\":1,\"name\":\"bienvenida\",\"item\":\"https:\/\/pistonaddict.com\/es\/pagina-web\/\"},{\"@type\":\"ListItem\",\"position\":2,\"name\":\"Auctions\",\"item\":\"https:\/\/pistonaddict.com\/auctions-listing\/\"},{\"@type\":\"ListItem\",\"position\":3,\"name\":\"Ferrari 458 Italia\"}]},{\"@type\":\"WebSite\",\"@id\":\"https:\/\/pistonaddict.com\/es\/#website\",\"url\":\"https:\/\/pistonaddict.com\/es\/\",\"name\":\"Piston Addict\",\"description\":\"Only interesting vehicles\",\"publisher\":{\"@id\":\"https:\/\/pistonaddict.com\/es\/#organization\"},\"potentialAction\":[{\"@type\":\"SearchAction\",\"target\":{\"@type\":\"EntryPoint\",\"urlTemplate\":\"https:\/\/pistonaddict.com\/es\/?s={search_term_string}\"},\"query-input\":\"required name=search_term_string\"}],\"inLanguage\":\"es\"},{\"@type\":\"Organization\",\"@id\":\"https:\/\/pistonaddict.com\/es\/#organization\",\"name\":\"Piston Addict\",\"url\":\"https:\/\/pistonaddict.com\/es\/\",\"logo\":{\"@type\":\"ImageObject\",\"inLanguage\":\"es\",\"@id\":\"https:\/\/pistonaddict.com\/es\/#\/schema\/logo\/image\/\",\"url\":\"https:\/\/pistonaddict.com\/wp-content\/uploads\/2022\/07\/logo-6.png\",\"contentUrl\":\"https:\/\/pistonaddict.com\/wp-content\/uploads\/2022\/07\/logo-6.png\",\"width\":970,\"height\":200,\"caption\":\"Piston Addict\"},\"image\":{\"@id\":\"https:\/\/pistonaddict.com\/es\/#\/schema\/logo\/image\/\"}}]}<\/script>\n<!-- \/ Yoast SEO plugin. -->","yoast_head_json":{"title":"Ferrari 458 Italia auction - Piston Addict%.","robots":{"index":"index","follow":"follow","max-snippet":"max-snippet:-1","max-image-preview":"max-image-preview:large","max-video-preview":"max-video-preview:-1"},"canonical":"https:\/\/pistonaddict.com\/es\/product\/ferrari-458-italia\/","og_locale":"es_ES","og_type":"article","og_title":"Ferrari 458 Italia auction - Piston Addict%.","og_description":"Siempre a la vanguardia de la tecnolog\u00eda y las prestaciones automovil\u00edsticas, Ferrari ha adoptado la turboalimentaci\u00f3n de serie en todos sus modelos, junto con el tren motriz h\u00edbrido. Sin embargo, por un breve momento, Ferrari produjo un deportivo totalmente moderno, propulsado por un motor de aspiraci\u00f3n natural que combinaba a la perfecci\u00f3n la tecnolog\u00eda contempor\u00e1nea, las altas revoluciones y un motor inmensamente potente con esa encantadora sensaci\u00f3n de la vieja escuela. S\u00ed, hablamos del 458 Italia, y estamos orgullosos de ofrecerle uno de los mejores ejemplares del mercado.","og_url":"https:\/\/pistonaddict.com\/es\/product\/ferrari-458-italia\/","og_site_name":"Piston Addict","article_modified_time":"2023-12-20T08:59:10+00:00","og_image":[{"width":1885,"height":1207,"url":"https:\/\/pistonaddict.com\/wp-content\/uploads\/2023\/12\/IMG_0124.jpeg","type":"image\/jpeg"}],"twitter_card":"summary_large_image","twitter_misc":{"Tiempo de lectura":"4 minutos"},"schema":{"@context":"https:\/\/schema.org","@graph":[{"@type":"WebPage","@id":"https:\/\/pistonaddict.com\/es\/product\/ferrari-458-italia\/","url":"https:\/\/pistonaddict.com\/es\/product\/ferrari-458-italia\/","name":"Ferrari 458 Italia auction - Piston Addict%.","isPartOf":{"@id":"https:\/\/pistonaddict.com\/es\/#website"},"primaryImageOfPage":{"@id":"https:\/\/pistonaddict.com\/es\/product\/ferrari-458-italia\/#primaryimage"},"image":{"@id":"https:\/\/pistonaddict.com\/es\/product\/ferrari-458-italia\/#primaryimage"},"thumbnailUrl":"https:\/\/pistonaddict.com\/wp-content\/uploads\/2023\/12\/IMG_0124.jpeg","datePublished":"2023-12-01T09:02:11+00:00","dateModified":"2023-12-20T08:59:10+00:00","breadcrumb":{"@id":"https:\/\/pistonaddict.com\/es\/product\/ferrari-458-italia\/#breadcrumb"},"inLanguage":"es","potentialAction":[{"@type":"ReadAction","target":["https:\/\/pistonaddict.com\/es\/product\/ferrari-458-italia\/"]}]},{"@type":"ImageObject","inLanguage":"es","@id":"https:\/\/pistonaddict.com\/es\/product\/ferrari-458-italia\/#primaryimage","url":"https:\/\/pistonaddict.com\/wp-content\/uploads\/2023\/12\/IMG_0124.jpeg","contentUrl":"https:\/\/pistonaddict.com\/wp-content\/uploads\/2023\/12\/IMG_0124.jpeg","width":1885,"height":1207},{"@type":"BreadcrumbList","@id":"https:\/\/pistonaddict.com\/es\/product\/ferrari-458-italia\/#breadcrumb","itemListElement":[{"@type":"ListItem","position":1,"name":"bienvenida","item":"https:\/\/pistonaddict.com\/es\/pagina-web\/"},{"@type":"ListItem","position":2,"name":"Auctions","item":"https:\/\/pistonaddict.com\/auctions-listing\/"},{"@type":"ListItem","position":3,"name":"Ferrari 458 Italia"}]},{"@type":"WebSite","@id":"https:\/\/pistonaddict.com\/es\/#website","url":"https:\/\/pistonaddict.com\/es\/","name":"Piston Addict","description":"Only interesting vehicles","publisher":{"@id":"https:\/\/pistonaddict.com\/es\/#organization"},"potentialAction":[{"@type":"SearchAction","target":{"@type":"EntryPoint","urlTemplate":"https:\/\/pistonaddict.com\/es\/?s={search_term_string}"},"query-input":"required name=search_term_string"}],"inLanguage":"es"},{"@type":"Organization","@id":"https:\/\/pistonaddict.com\/es\/#organization","name":"Piston Addict","url":"https:\/\/pistonaddict.com\/es\/","logo":{"@type":"ImageObject","inLanguage":"es","@id":"https:\/\/pistonaddict.com\/es\/#\/schema\/logo\/image\/","url":"https:\/\/pistonaddict.com\/wp-content\/uploads\/2022\/07\/logo-6.png","contentUrl":"https:\/\/pistonaddict.com\/wp-content\/uploads\/2022\/07\/logo-6.png","width":970,"height":200,"caption":"Piston Addict"},"image":{"@id":"https:\/\/pistonaddict.com\/es\/#\/schema\/logo\/image\/"}}]}},"_links":{"self":[{"href":"https:\/\/pistonaddict.com\/es\/wp-json\/wp\/v2\/product\/75661"}],"collection":[{"href":"https:\/\/pistonaddict.com\/es\/wp-json\/wp\/v2\/product"}],"about":[{"href":"https:\/\/pistonaddict.com\/es\/wp-json\/wp\/v2\/types\/product"}],"replies":[{"embeddable":true,"href":"https:\/\/pistonaddict.com\/es\/wp-json\/wp\/v2\/comments?post=75661"}],"wp:featuredmedia":[{"embeddable":true,"href":"https:\/\/pistonaddict.com\/es\/wp-json\/wp\/v2\/media\/75552"}],"wp:attachment":[{"href":"https:\/\/pistonaddict.com\/es\/wp-json\/wp\/v2\/media?parent=75661"}],"wp:term":[{"taxonomy":"product_cat","embeddable":true,"href":"https:\/\/pistonaddict.com\/es\/wp-json\/wp\/v2\/product_cat?post=75661"},{"taxonomy":"product_tag","embeddable":true,"href":"https:\/\/pistonaddict.com\/es\/wp-json\/wp\/v2\/product_tag?post=75661"}],"curies":[{"name":"wp","href":"https:\/\/api.w.org\/{rel}","templated":true}]}}