{"id":72254,"date":"2023-11-17T17:40:02","date_gmt":"2023-11-17T16:40:02","guid":{"rendered":"https:\/\/pistonaddict.com\/product\/land-rover-defender-p90e-electrico\/"},"modified":"2024-03-19T16:59:18","modified_gmt":"2024-03-19T15:59:18","slug":"land-rover-defender-p90e-electric","status":"publish","type":"product","link":"https:\/\/pistonaddict.com\/es\/product\/land-rover-defender-p90e-electric\/","title":{"rendered":"Land Rover Defender P90E El\u00e9ctrico"},"content":{"rendered":"<p><strong>Historia del coche<\/strong><\/p>\n<p>En el mundo de los veh\u00edculos todoterreno, el Land Rover Defender es un icono indiscutible. Un verdadero h\u00e9roe del autom\u00f3vil y un modelo que sigue simbolizando la robustez, la fiabilidad y la actitud de ir a todas partes. Como tal, sigue siendo un coche de ensue\u00f1o para millones de aficionados al off-road de todo el mundo. Sin embargo, los modelos cl\u00e1sicos, por muy chulos y encantadores que sean, est\u00e1n obsoletos en el mundo actual, preocupado por el tr\u00e1fico y el medio ambiente. La empresa suiza Revive ha encontrado una soluci\u00f3n para ello y ha convertido este ejemplar a la moderna energ\u00eda el\u00e9ctrica, lo que ha transformado por completo la sensaci\u00f3n de este veh\u00edculo cl\u00e1sico y mejorado sus capacidades. Este ejemplar en concreto se fabric\u00f3 en 1999 en la deseable versi\u00f3n de tres puertas y se entreg\u00f3 nuevo en Suiza. Adquirido por el vendedor en 2021, fue objeto de un minucioso proceso de reequipamiento por parte de Revive en 2022, que dio lugar a la primera conversi\u00f3n del Defender EV en Suiza. El motor di\u00e9sel original se sustituy\u00f3 por un motor el\u00e9ctrico Netgain Hyper 9 de 66 kW (100 CV) acompa\u00f1ado de un paquete de bater\u00edas de 44 kWh. Curiosamente, el motor el\u00e9ctrico se ha acoplado a la transmisi\u00f3n manual y al tren de tracci\u00f3n 4&#215;4 originales. Este Defender tiene una combinaci\u00f3n \u00fanica de energ\u00eda el\u00e9ctrica y una caja de cambios de palanca, mejores prestaciones, m\u00e1s par motor y una autonom\u00eda de unos 120 a 130 km (hasta 80 millas).<\/p>\n<p><strong>Interior<\/strong><\/p>\n<p>Aparte de la pantalla central, el interior de este Land Rover Defender \u00fanico es de la \u00e9poca y est\u00e1 en excelentes condiciones. Los asientos est\u00e1n tapizados en tela, y la parte trasera cuenta con asientos rumorosos de aspecto fresco. El salpicadero tiene el mismo aspecto que el original. Tiene algunos interruptores adicionales, un sistema de audio mejorado y un indicador de combustible que se ha convertido para mostrar la cantidad de electricidad en las bater\u00edas, lo cual es un excelente detalle personalizado. Aunque el Defender tiene ahora un pack de bater\u00edas, no ha perdido nada de su practicidad o espacio interior.<\/p>\n<p><strong> <\/strong><strong>Condici\u00f3n<\/strong><\/p>\n<p>Este legendario todoterreno ha recorrido 187.654 km desde nuevo hasta que fue transformado por Revive. Este ejemplo en particular ha sido elegido por su condici\u00f3n, la falta de da\u00f1os, o el \u00f3xido, que son todos los problemas cl\u00e1sicos comunes Defender. Desde la conversi\u00f3n, el Defender ha recorrido casi 10 000 kil\u00f3metros y est\u00e1 listo para recorrer muchos m\u00e1s, ya que su motor es completamente nuevo. Actualmente, el cuentakil\u00f3metros marca poco m\u00e1s de 197.500 kms. Con el coche se entrega un completo dossier de documentaci\u00f3n, junto con la documentaci\u00f3n y la garant\u00eda de la empresa Revive. El veh\u00edculo fue revisado a fondo justo antes del proceso de conversi\u00f3n 2022, con los frenos siendo revisados hace apenas unos d\u00edas en noviembre de 2023. Es esencial decir que este Defender ha pasado la inspecci\u00f3n t\u00e9cnica suiza, ha sido matriculado y viene con una garant\u00eda de tres a\u00f1os de la Revive, lo que demuestra que el estado general es fant\u00e1stico y que el veh\u00edculo es absolutamente apto para cualquier uso dentro y fuera de la carretera.<\/p>\n<p><strong> <\/strong><strong>Exterior y ruedas<\/strong><\/p>\n<p>Desde fuera, este Defender EV se parece a cualquier otro Land Rover de la misma \u00e9poca, y lo \u00fanico que lo diferencia son las pegatinas y el puerto de carga en lugar del tap\u00f3n del dep\u00f3sito de combustible. Con llantas originales de 16 pulgadas envueltas en neum\u00e1ticos todoterreno Nokian (que datan de 2021), es capaz de enfrentarse a cualquier terreno. No tiene abolladuras, ara\u00f1azos ni \u00f3xido, y la pintura gris es original.<\/p>\n<p><strong> <\/strong><strong>Documentaci\u00f3n<\/strong><\/p>\n<p>El propietario vende este veh\u00edculo con la documentaci\u00f3n correspondiente, y se encuentra en Suiza. El informe de <a href=\"https:\/\/pistonaddict.com\/wp-content\/uploads\/2023\/11\/CarVertical.pdf\">Car Vertical<\/a> est\u00e1 limpio; no existen pruebas de accidentes, reparaciones de accidentes, propiedad o problemas legales. Hay registros de mantenimiento peri\u00f3dico, folletos originales de f\u00e1brica, facturas de venta y recibos.  <strong>El coche viene con la documentaci\u00f3n adecuada de Revive, una garant\u00eda escrita de 3 a\u00f1os para el motor el\u00e9ctrico y el paquete de bater\u00edas, y una inspecci\u00f3n t\u00e9cnica por parte de las autoridades suizas. El coche tambi\u00e9n incluye un completo manual de usuario y la documentaci\u00f3n del seguro.<\/strong>. Todo ello significa que este Defender EV est\u00e1 totalmente homologado para circular por carretera, listo para exportar y puede utilizarse en cualquier lugar.<\/p>\n<p><strong>Mira el v\u00eddeo de arranque en fr\u00edo de este interesant\u00edsimo Land Rover Defender totalmente el\u00e9ctrico :<\/strong><\/p>\n<p><iframe title=\"Cold Start Video of the Land Rover Defender full Electric for auction sale\" width=\"1200\" height=\"900\" src=\"https:\/\/www.youtube.com\/embed\/8ZfpIXIwhOI?feature=oembed\" frameborder=\"0\" allow=\"accelerometer; autoplay; clipboard-write; encrypted-media; gyroscope; picture-in-picture; web-share\" allowfullscreen><\/iframe><\/p>\n<p><strong> <\/strong><\/p>\n","protected":false},"excerpt":{"rendered":"<p>Uno de los aspectos m\u00e1s emocionantes de la revoluci\u00f3n de los veh\u00edculos el\u00e9ctricos es que podemos reinventar los coches cl\u00e1sicos y darles una nueva vida. Reequipar un veh\u00edculo cl\u00e1sico con una transmisi\u00f3n el\u00e9ctrica ultramoderna es un paso m\u00e1s all\u00e1 de la restauraci\u00f3n y una forma \u00fanica de combinar esa forma reconocible con la tecnolog\u00eda del siglo XXI. Hoy nos enorgullece presentar uno de ellos: el Land Rover Defender EV, el primer Defender cl\u00e1sico convertido en veh\u00edculo el\u00e9ctrico por la empresa suiza Revive.<\/p>\n","protected":false},"featured_media":71398,"comment_status":"open","ping_status":"closed","template":"","meta":{"inline_featured_image":false},"product_cat":[715],"product_tag":[2566,2546,2544,2547],"acf":[],"yoast_head":"<!-- This site is optimized with the Yoast SEO plugin v22.5 - https:\/\/yoast.com\/wordpress\/plugins\/seo\/ -->\n<title>Land Rover Defender P90E El\u00e9ctrico auction - Piston Addict%.<\/title>\n<meta name=\"robots\" content=\"index, follow, max-snippet:-1, max-image-preview:large, max-video-preview:-1\" \/>\n<link rel=\"canonical\" href=\"https:\/\/pistonaddict.com\/es\/product\/land-rover-defender-p90e-electric\/\" \/>\n<meta property=\"og:locale\" content=\"es_ES\" \/>\n<meta property=\"og:type\" content=\"article\" \/>\n<meta property=\"og:title\" content=\"Land Rover Defender P90E El\u00e9ctrico auction - Piston Addict%.\" \/>\n<meta property=\"og:description\" content=\"Uno de los aspectos m\u00e1s emocionantes de la revoluci\u00f3n de los veh\u00edculos el\u00e9ctricos es que podemos reinventar los coches cl\u00e1sicos y darles una nueva vida. Reequipar un veh\u00edculo cl\u00e1sico con una transmisi\u00f3n el\u00e9ctrica ultramoderna es un paso m\u00e1s all\u00e1 de la restauraci\u00f3n y una forma \u00fanica de combinar esa forma reconocible con la tecnolog\u00eda del siglo XXI. Hoy nos enorgullece presentar uno de ellos: el Land Rover Defender EV, el primer Defender cl\u00e1sico convertido en veh\u00edculo el\u00e9ctrico por la empresa suiza Revive.\" \/>\n<meta property=\"og:url\" content=\"https:\/\/pistonaddict.com\/es\/product\/land-rover-defender-p90e-electric\/\" \/>\n<meta property=\"og:site_name\" content=\"Piston Addict\" \/>\n<meta property=\"article:modified_time\" content=\"2024-03-19T15:59:18+00:00\" \/>\n<meta property=\"og:image\" content=\"https:\/\/pistonaddict.com\/wp-content\/uploads\/2023\/11\/def-05.jpg\" \/>\n\t<meta property=\"og:image:width\" content=\"2560\" \/>\n\t<meta property=\"og:image:height\" content=\"1440\" \/>\n\t<meta property=\"og:image:type\" content=\"image\/jpeg\" \/>\n<meta name=\"twitter:card\" content=\"summary_large_image\" \/>\n<meta name=\"twitter:label1\" content=\"Tiempo de lectura\" \/>\n\t<meta name=\"twitter:data1\" content=\"4 minutos\" \/>\n<script type=\"application\/ld+json\" class=\"yoast-schema-graph\">{\"@context\":\"https:\/\/schema.org\",\"@graph\":[{\"@type\":\"WebPage\",\"@id\":\"https:\/\/pistonaddict.com\/es\/product\/land-rover-defender-p90e-electric\/\",\"url\":\"https:\/\/pistonaddict.com\/es\/product\/land-rover-defender-p90e-electric\/\",\"name\":\"Land Rover Defender P90E El\u00e9ctrico auction - Piston Addict%.\",\"isPartOf\":{\"@id\":\"https:\/\/pistonaddict.com\/es\/#website\"},\"primaryImageOfPage\":{\"@id\":\"https:\/\/pistonaddict.com\/es\/product\/land-rover-defender-p90e-electric\/#primaryimage\"},\"image\":{\"@id\":\"https:\/\/pistonaddict.com\/es\/product\/land-rover-defender-p90e-electric\/#primaryimage\"},\"thumbnailUrl\":\"https:\/\/pistonaddict.com\/wp-content\/uploads\/2023\/11\/def-05.jpg\",\"datePublished\":\"2023-11-17T16:40:02+00:00\",\"dateModified\":\"2024-03-19T15:59:18+00:00\",\"breadcrumb\":{\"@id\":\"https:\/\/pistonaddict.com\/es\/product\/land-rover-defender-p90e-electric\/#breadcrumb\"},\"inLanguage\":\"es\",\"potentialAction\":[{\"@type\":\"ReadAction\",\"target\":[\"https:\/\/pistonaddict.com\/es\/product\/land-rover-defender-p90e-electric\/\"]}]},{\"@type\":\"ImageObject\",\"inLanguage\":\"es\",\"@id\":\"https:\/\/pistonaddict.com\/es\/product\/land-rover-defender-p90e-electric\/#primaryimage\",\"url\":\"https:\/\/pistonaddict.com\/wp-content\/uploads\/2023\/11\/def-05.jpg\",\"contentUrl\":\"https:\/\/pistonaddict.com\/wp-content\/uploads\/2023\/11\/def-05.jpg\",\"width\":2560,\"height\":1440},{\"@type\":\"BreadcrumbList\",\"@id\":\"https:\/\/pistonaddict.com\/es\/product\/land-rover-defender-p90e-electric\/#breadcrumb\",\"itemListElement\":[{\"@type\":\"ListItem\",\"position\":1,\"name\":\"bienvenida\",\"item\":\"https:\/\/pistonaddict.com\/es\/pagina-web\/\"},{\"@type\":\"ListItem\",\"position\":2,\"name\":\"Auctions\",\"item\":\"https:\/\/pistonaddict.com\/auctions-listing\/\"},{\"@type\":\"ListItem\",\"position\":3,\"name\":\"Land Rover Defender P90E El\u00e9ctrico\"}]},{\"@type\":\"WebSite\",\"@id\":\"https:\/\/pistonaddict.com\/es\/#website\",\"url\":\"https:\/\/pistonaddict.com\/es\/\",\"name\":\"Piston Addict\",\"description\":\"Only interesting vehicles\",\"publisher\":{\"@id\":\"https:\/\/pistonaddict.com\/es\/#organization\"},\"potentialAction\":[{\"@type\":\"SearchAction\",\"target\":{\"@type\":\"EntryPoint\",\"urlTemplate\":\"https:\/\/pistonaddict.com\/es\/?s={search_term_string}\"},\"query-input\":\"required name=search_term_string\"}],\"inLanguage\":\"es\"},{\"@type\":\"Organization\",\"@id\":\"https:\/\/pistonaddict.com\/es\/#organization\",\"name\":\"Piston Addict\",\"url\":\"https:\/\/pistonaddict.com\/es\/\",\"logo\":{\"@type\":\"ImageObject\",\"inLanguage\":\"es\",\"@id\":\"https:\/\/pistonaddict.com\/es\/#\/schema\/logo\/image\/\",\"url\":\"https:\/\/pistonaddict.com\/wp-content\/uploads\/2022\/07\/logo-6.png\",\"contentUrl\":\"https:\/\/pistonaddict.com\/wp-content\/uploads\/2022\/07\/logo-6.png\",\"width\":970,\"height\":200,\"caption\":\"Piston Addict\"},\"image\":{\"@id\":\"https:\/\/pistonaddict.com\/es\/#\/schema\/logo\/image\/\"}}]}<\/script>\n<!-- \/ Yoast SEO plugin. -->","yoast_head_json":{"title":"Land Rover Defender P90E El\u00e9ctrico auction - Piston Addict%.","robots":{"index":"index","follow":"follow","max-snippet":"max-snippet:-1","max-image-preview":"max-image-preview:large","max-video-preview":"max-video-preview:-1"},"canonical":"https:\/\/pistonaddict.com\/es\/product\/land-rover-defender-p90e-electric\/","og_locale":"es_ES","og_type":"article","og_title":"Land Rover Defender P90E El\u00e9ctrico auction - Piston Addict%.","og_description":"Uno de los aspectos m\u00e1s emocionantes de la revoluci\u00f3n de los veh\u00edculos el\u00e9ctricos es que podemos reinventar los coches cl\u00e1sicos y darles una nueva vida. Reequipar un veh\u00edculo cl\u00e1sico con una transmisi\u00f3n el\u00e9ctrica ultramoderna es un paso m\u00e1s all\u00e1 de la restauraci\u00f3n y una forma \u00fanica de combinar esa forma reconocible con la tecnolog\u00eda del siglo XXI. Hoy nos enorgullece presentar uno de ellos: el Land Rover Defender EV, el primer Defender cl\u00e1sico convertido en veh\u00edculo el\u00e9ctrico por la empresa suiza Revive.","og_url":"https:\/\/pistonaddict.com\/es\/product\/land-rover-defender-p90e-electric\/","og_site_name":"Piston Addict","article_modified_time":"2024-03-19T15:59:18+00:00","og_image":[{"width":2560,"height":1440,"url":"https:\/\/pistonaddict.com\/wp-content\/uploads\/2023\/11\/def-05.jpg","type":"image\/jpeg"}],"twitter_card":"summary_large_image","twitter_misc":{"Tiempo de lectura":"4 minutos"},"schema":{"@context":"https:\/\/schema.org","@graph":[{"@type":"WebPage","@id":"https:\/\/pistonaddict.com\/es\/product\/land-rover-defender-p90e-electric\/","url":"https:\/\/pistonaddict.com\/es\/product\/land-rover-defender-p90e-electric\/","name":"Land Rover Defender P90E El\u00e9ctrico auction - Piston Addict%.","isPartOf":{"@id":"https:\/\/pistonaddict.com\/es\/#website"},"primaryImageOfPage":{"@id":"https:\/\/pistonaddict.com\/es\/product\/land-rover-defender-p90e-electric\/#primaryimage"},"image":{"@id":"https:\/\/pistonaddict.com\/es\/product\/land-rover-defender-p90e-electric\/#primaryimage"},"thumbnailUrl":"https:\/\/pistonaddict.com\/wp-content\/uploads\/2023\/11\/def-05.jpg","datePublished":"2023-11-17T16:40:02+00:00","dateModified":"2024-03-19T15:59:18+00:00","breadcrumb":{"@id":"https:\/\/pistonaddict.com\/es\/product\/land-rover-defender-p90e-electric\/#breadcrumb"},"inLanguage":"es","potentialAction":[{"@type":"ReadAction","target":["https:\/\/pistonaddict.com\/es\/product\/land-rover-defender-p90e-electric\/"]}]},{"@type":"ImageObject","inLanguage":"es","@id":"https:\/\/pistonaddict.com\/es\/product\/land-rover-defender-p90e-electric\/#primaryimage","url":"https:\/\/pistonaddict.com\/wp-content\/uploads\/2023\/11\/def-05.jpg","contentUrl":"https:\/\/pistonaddict.com\/wp-content\/uploads\/2023\/11\/def-05.jpg","width":2560,"height":1440},{"@type":"BreadcrumbList","@id":"https:\/\/pistonaddict.com\/es\/product\/land-rover-defender-p90e-electric\/#breadcrumb","itemListElement":[{"@type":"ListItem","position":1,"name":"bienvenida","item":"https:\/\/pistonaddict.com\/es\/pagina-web\/"},{"@type":"ListItem","position":2,"name":"Auctions","item":"https:\/\/pistonaddict.com\/auctions-listing\/"},{"@type":"ListItem","position":3,"name":"Land Rover Defender P90E El\u00e9ctrico"}]},{"@type":"WebSite","@id":"https:\/\/pistonaddict.com\/es\/#website","url":"https:\/\/pistonaddict.com\/es\/","name":"Piston Addict","description":"Only interesting vehicles","publisher":{"@id":"https:\/\/pistonaddict.com\/es\/#organization"},"potentialAction":[{"@type":"SearchAction","target":{"@type":"EntryPoint","urlTemplate":"https:\/\/pistonaddict.com\/es\/?s={search_term_string}"},"query-input":"required name=search_term_string"}],"inLanguage":"es"},{"@type":"Organization","@id":"https:\/\/pistonaddict.com\/es\/#organization","name":"Piston Addict","url":"https:\/\/pistonaddict.com\/es\/","logo":{"@type":"ImageObject","inLanguage":"es","@id":"https:\/\/pistonaddict.com\/es\/#\/schema\/logo\/image\/","url":"https:\/\/pistonaddict.com\/wp-content\/uploads\/2022\/07\/logo-6.png","contentUrl":"https:\/\/pistonaddict.com\/wp-content\/uploads\/2022\/07\/logo-6.png","width":970,"height":200,"caption":"Piston Addict"},"image":{"@id":"https:\/\/pistonaddict.com\/es\/#\/schema\/logo\/image\/"}}]}},"_links":{"self":[{"href":"https:\/\/pistonaddict.com\/es\/wp-json\/wp\/v2\/product\/72254"}],"collection":[{"href":"https:\/\/pistonaddict.com\/es\/wp-json\/wp\/v2\/product"}],"about":[{"href":"https:\/\/pistonaddict.com\/es\/wp-json\/wp\/v2\/types\/product"}],"replies":[{"embeddable":true,"href":"https:\/\/pistonaddict.com\/es\/wp-json\/wp\/v2\/comments?post=72254"}],"wp:featuredmedia":[{"embeddable":true,"href":"https:\/\/pistonaddict.com\/es\/wp-json\/wp\/v2\/media\/71398"}],"wp:attachment":[{"href":"https:\/\/pistonaddict.com\/es\/wp-json\/wp\/v2\/media?parent=72254"}],"wp:term":[{"taxonomy":"product_cat","embeddable":true,"href":"https:\/\/pistonaddict.com\/es\/wp-json\/wp\/v2\/product_cat?post=72254"},{"taxonomy":"product_tag","embeddable":true,"href":"https:\/\/pistonaddict.com\/es\/wp-json\/wp\/v2\/product_tag?post=72254"}],"curies":[{"name":"wp","href":"https:\/\/api.w.org\/{rel}","templated":true}]}}