{"id":67060,"date":"2023-11-07T14:48:12","date_gmt":"2023-11-07T13:48:12","guid":{"rendered":"https:\/\/pistonaddict.com\/product\/ferrari-348-tb\/"},"modified":"2024-03-20T09:41:43","modified_gmt":"2024-03-20T08:41:43","slug":"ferrari-348-tb","status":"publish","type":"product","link":"https:\/\/pistonaddict.com\/es\/product\/ferrari-348-tb\/","title":{"rendered":"Ferrari 348 TB"},"content":{"rendered":"<p><strong>Historia del coche<\/strong><\/p>\n<p>El 348 TB se present\u00f3 en 1989, y supuso un gran paso adelante en prestaciones e ingenier\u00eda respecto a sus predecesores. Tambi\u00e9n fue uno de los \u00faltimos modelos de la era &#8220;Enzo&#8221;, ya que se aprob\u00f3 su producci\u00f3n justo antes de la muerte del legendario jefe de Ferrari. Propulsado por un motor V8 de 3,4 litros, entregaba una potencia de 300 CV, que proporcionaba unas prestaciones estimulantes. Este coche en particular fue entregado nuevo en Suiza en 1991 y adquirido por el actual propietario en 2023. <strong>Sin embargo, lo que hace que este Ferrari 348 TB sea tan interesante es que ha sido equipado con un kit Challenge<\/strong>. A principios de los 90, Ferrari puso en marcha su famosa serie de carreras 348 Challenge para los propietarios que quisieran competir con sus coches. Para participar, hab\u00eda que comprar un 348 Challenge de f\u00e1brica (se fabricaron unos 50 ejemplares) o encargar un kit Challenge al concesionario Ferrari. Las <strong>especificaciones del Challenge inclu\u00edan un motor de 320 CV, mejores frenos, asientos, una bater\u00eda m\u00e1s peque\u00f1a, una jaula antivuelco y neum\u00e1ticos lisos<\/strong>. Un concesionario Ferrari transform\u00f3 este ejemplar a finales de 1995, pero nunca lleg\u00f3 a competir porque la serie Ferrari Challenge cambi\u00f3 al modelo Ferrari 355 para la temporada de 1996. El proceso fue completamente documentado con facturas y recibos,<strong> lo que convierte a este 348 amarillo en uno de los cerca de 150 coches convertidos por concesionarios de todo el mundo y, probablemente, \u00a1el \u00fanico sin historial de carreras!<\/strong><\/p>\n<p><strong>Interior<\/strong><\/p>\n<p>Dado que este Ferrari fue meticulosamente mantenido, el interior de cuero negro est\u00e1 en muy buen estado con m\u00ednimas huellas de uso. El propietario anterior quit\u00f3 la jaula antivuelco y volvi\u00f3 a poner los asientos originales, lo que facilita mucho la entrada y la salida. El salpicadero no tiene grietas y todos los instrumentos y botones funcionan. No hay modificaciones, excepto el reproductor de CD, que encaja perfectamente en la sensaci\u00f3n de los 90 de este coche.<\/p>\n<p><strong>Condici\u00f3n<\/strong><\/p>\n<p>Con s\u00f3lo 55.721 kil\u00f3metros de nuevo, este Ferrari 348 TB Challenge se encuentra en un estado inmaculado y cuidado con esmero por todos sus usuarios. Evidentemente, el veh\u00edculo apenas se utilizaba y estaba bien mantenido, como demuestran los registros. El archivo de historial de mantenimiento proporcionado con este coche es incre\u00edble, con la factura original de venta y los propietarios de los a\u00f1os 90. La \u00faltima revisi\u00f3n se realiz\u00f3 en agosto de 2023, y los frenos se revisaron hace apenas unos d\u00edas, en noviembre de 2023. Seg\u00fan el vendedor, el pr\u00f3ximo mantenimiento debe ser la correa del distribuidor que puede ser realizado por sus mec\u00e1nicos con un coste adicional de 3000 euros. No hay fugas; por debajo, el coche est\u00e1 tan limpio como el interior. El coche est\u00e1 listo para ser conducido en cualquier lugar y es probablemente uno de los mejores ejemplos de conductor de calidad Ferrari 348 TB Challenge se encontrar\u00e1.<\/p>\n<p><strong>Exterior Y Ruedas<\/strong><\/p>\n<p>La pintura Giallo Yellow est\u00e1 en perfecto estado, sin ara\u00f1azos ni abolladuras. La herramienta de espesor de pintura muestra consistencia en el color, lo que significa que no hubo reparaciones de da\u00f1os y relleno de carrocer\u00eda. El \u00fanico da\u00f1o visible en la carrocer\u00eda es el burlete alrededor de las puertas del conductor, que muestra signos de desgaste, lo cual es de esperar teniendo en cuenta la edad del coche. Las llantas de aleaci\u00f3n OZ de 17 pulgadas de \u00e9poca son espec\u00edficas de Challenge y tienen buen aspecto. El Michelin Pilot Sport es m\u00e1s viejo pero no est\u00e1 desgastado.<\/p>\n<p><strong> <\/strong><strong>Documentaci\u00f3n<\/strong><\/p>\n<p>Este veh\u00edculo es vendido por el concesionario con la documentaci\u00f3n adecuada, y se encuentra en Espa\u00f1a. El <a href=\"https:\/\/pistonaddict.com\/wp-content\/uploads\/2023\/11\/CARFAX-Vehicle-History-Report-FERRARI-348-tb.pdf\">informe CarFax<\/a> est\u00e1 limpio; no existen pruebas de accidentes, reparaciones de accidentes, propiedad o problemas legales. Hay registros de mantenimiento regular junto con folletos originales de f\u00e1brica, facturas de venta, recibos y la aprobaci\u00f3n de la inspecci\u00f3n t\u00e9cnica es v\u00e1lida hasta agosto de 2024. La cantidad de documentaci\u00f3n es simplemente asombrosa, y es raro ver un coche con tanto papeleo que demuestre que ha sido bien cuidado.<\/p>\n<p><strong><br \/>\nEcha un vistazo al v\u00eddeo de arranque en fr\u00edo de este precioso Ferrari 348 TB :<\/strong><\/p>\n<p><iframe title=\"Cold Start Video of the Ferrari F348 TB for auction sale\" width=\"1200\" height=\"675\" src=\"https:\/\/www.youtube.com\/embed\/VcqnL6NA2Yk?feature=oembed\" frameborder=\"0\" allow=\"accelerometer; autoplay; clipboard-write; encrypted-media; gyroscope; picture-in-picture; web-share\" allowfullscreen><\/iframe><\/p>\n","protected":false},"excerpt":{"rendered":"<p>Conducir un Ferrari siempre es una propuesta interesante. Los coches de los a\u00f1os 60 son ahora demasiado valiosos para ser utilizados en carretera, y la gama actual es casi demasiado r\u00e1pida para el tr\u00e1fico moderno. Sin embargo, todav\u00eda hay modelos que pueden proporcionarle toda la emoci\u00f3n de poseer un deportivo italiano de pura sangre, el rugido de un motor V8 atmosf\u00e9rico y una din\u00e1mica de conducci\u00f3n inigualable. Presentamos con orgullo un veh\u00edculo particular en condiciones ideales con una emocionante conexi\u00f3n con el automovilismo y una documentaci\u00f3n de locos.<\/p>\n","protected":false},"featured_media":64596,"comment_status":"open","ping_status":"closed","template":"","meta":{"inline_featured_image":false},"product_cat":[715],"product_tag":[2403,2402,996],"acf":[],"yoast_head":"<!-- This site is optimized with the Yoast SEO plugin v22.5 - https:\/\/yoast.com\/wordpress\/plugins\/seo\/ -->\n<title>Ferrari 348 TB auction - Piston Addict%.<\/title>\n<meta name=\"robots\" content=\"index, follow, max-snippet:-1, max-image-preview:large, max-video-preview:-1\" \/>\n<link rel=\"canonical\" href=\"https:\/\/pistonaddict.com\/es\/product\/ferrari-348-tb\/\" \/>\n<meta property=\"og:locale\" content=\"es_ES\" \/>\n<meta property=\"og:type\" content=\"article\" \/>\n<meta property=\"og:title\" content=\"Ferrari 348 TB auction - Piston Addict%.\" \/>\n<meta property=\"og:description\" content=\"Conducir un Ferrari siempre es una propuesta interesante. Los coches de los a\u00f1os 60 son ahora demasiado valiosos para ser utilizados en carretera, y la gama actual es casi demasiado r\u00e1pida para el tr\u00e1fico moderno. Sin embargo, todav\u00eda hay modelos que pueden proporcionarle toda la emoci\u00f3n de poseer un deportivo italiano de pura sangre, el rugido de un motor V8 atmosf\u00e9rico y una din\u00e1mica de conducci\u00f3n inigualable. Presentamos con orgullo un veh\u00edculo particular en condiciones ideales con una emocionante conexi\u00f3n con el automovilismo y una documentaci\u00f3n de locos.\" \/>\n<meta property=\"og:url\" content=\"https:\/\/pistonaddict.com\/es\/product\/ferrari-348-tb\/\" \/>\n<meta property=\"og:site_name\" content=\"Piston Addict\" \/>\n<meta property=\"article:modified_time\" content=\"2024-03-20T08:41:43+00:00\" \/>\n<meta property=\"og:image\" content=\"https:\/\/pistonaddict.com\/wp-content\/uploads\/2023\/11\/IMG7107-scaled.jpg\" \/>\n\t<meta property=\"og:image:width\" content=\"2560\" \/>\n\t<meta property=\"og:image:height\" content=\"1709\" \/>\n\t<meta property=\"og:image:type\" content=\"image\/jpeg\" \/>\n<meta name=\"twitter:card\" content=\"summary_large_image\" \/>\n<meta name=\"twitter:label1\" content=\"Tiempo de lectura\" \/>\n\t<meta name=\"twitter:data1\" content=\"4 minutos\" \/>\n<script type=\"application\/ld+json\" class=\"yoast-schema-graph\">{\"@context\":\"https:\/\/schema.org\",\"@graph\":[{\"@type\":\"WebPage\",\"@id\":\"https:\/\/pistonaddict.com\/es\/product\/ferrari-348-tb\/\",\"url\":\"https:\/\/pistonaddict.com\/es\/product\/ferrari-348-tb\/\",\"name\":\"Ferrari 348 TB auction - Piston Addict%.\",\"isPartOf\":{\"@id\":\"https:\/\/pistonaddict.com\/es\/#website\"},\"primaryImageOfPage\":{\"@id\":\"https:\/\/pistonaddict.com\/es\/product\/ferrari-348-tb\/#primaryimage\"},\"image\":{\"@id\":\"https:\/\/pistonaddict.com\/es\/product\/ferrari-348-tb\/#primaryimage\"},\"thumbnailUrl\":\"https:\/\/pistonaddict.com\/wp-content\/uploads\/2023\/11\/IMG7107-scaled.jpg\",\"datePublished\":\"2023-11-07T13:48:12+00:00\",\"dateModified\":\"2024-03-20T08:41:43+00:00\",\"breadcrumb\":{\"@id\":\"https:\/\/pistonaddict.com\/es\/product\/ferrari-348-tb\/#breadcrumb\"},\"inLanguage\":\"es\",\"potentialAction\":[{\"@type\":\"ReadAction\",\"target\":[\"https:\/\/pistonaddict.com\/es\/product\/ferrari-348-tb\/\"]}]},{\"@type\":\"ImageObject\",\"inLanguage\":\"es\",\"@id\":\"https:\/\/pistonaddict.com\/es\/product\/ferrari-348-tb\/#primaryimage\",\"url\":\"https:\/\/pistonaddict.com\/wp-content\/uploads\/2023\/11\/IMG7107-scaled.jpg\",\"contentUrl\":\"https:\/\/pistonaddict.com\/wp-content\/uploads\/2023\/11\/IMG7107-scaled.jpg\",\"width\":2560,\"height\":1709},{\"@type\":\"BreadcrumbList\",\"@id\":\"https:\/\/pistonaddict.com\/es\/product\/ferrari-348-tb\/#breadcrumb\",\"itemListElement\":[{\"@type\":\"ListItem\",\"position\":1,\"name\":\"bienvenida\",\"item\":\"https:\/\/pistonaddict.com\/es\/pagina-web\/\"},{\"@type\":\"ListItem\",\"position\":2,\"name\":\"Auctions\",\"item\":\"https:\/\/pistonaddict.com\/auctions-listing\/\"},{\"@type\":\"ListItem\",\"position\":3,\"name\":\"Ferrari 348 TB\"}]},{\"@type\":\"WebSite\",\"@id\":\"https:\/\/pistonaddict.com\/es\/#website\",\"url\":\"https:\/\/pistonaddict.com\/es\/\",\"name\":\"Piston Addict\",\"description\":\"Only interesting vehicles\",\"publisher\":{\"@id\":\"https:\/\/pistonaddict.com\/es\/#organization\"},\"potentialAction\":[{\"@type\":\"SearchAction\",\"target\":{\"@type\":\"EntryPoint\",\"urlTemplate\":\"https:\/\/pistonaddict.com\/es\/?s={search_term_string}\"},\"query-input\":\"required name=search_term_string\"}],\"inLanguage\":\"es\"},{\"@type\":\"Organization\",\"@id\":\"https:\/\/pistonaddict.com\/es\/#organization\",\"name\":\"Piston Addict\",\"url\":\"https:\/\/pistonaddict.com\/es\/\",\"logo\":{\"@type\":\"ImageObject\",\"inLanguage\":\"es\",\"@id\":\"https:\/\/pistonaddict.com\/es\/#\/schema\/logo\/image\/\",\"url\":\"https:\/\/pistonaddict.com\/wp-content\/uploads\/2022\/07\/logo-6.png\",\"contentUrl\":\"https:\/\/pistonaddict.com\/wp-content\/uploads\/2022\/07\/logo-6.png\",\"width\":970,\"height\":200,\"caption\":\"Piston Addict\"},\"image\":{\"@id\":\"https:\/\/pistonaddict.com\/es\/#\/schema\/logo\/image\/\"}}]}<\/script>\n<!-- \/ Yoast SEO plugin. -->","yoast_head_json":{"title":"Ferrari 348 TB auction - Piston Addict%.","robots":{"index":"index","follow":"follow","max-snippet":"max-snippet:-1","max-image-preview":"max-image-preview:large","max-video-preview":"max-video-preview:-1"},"canonical":"https:\/\/pistonaddict.com\/es\/product\/ferrari-348-tb\/","og_locale":"es_ES","og_type":"article","og_title":"Ferrari 348 TB auction - Piston Addict%.","og_description":"Conducir un Ferrari siempre es una propuesta interesante. Los coches de los a\u00f1os 60 son ahora demasiado valiosos para ser utilizados en carretera, y la gama actual es casi demasiado r\u00e1pida para el tr\u00e1fico moderno. Sin embargo, todav\u00eda hay modelos que pueden proporcionarle toda la emoci\u00f3n de poseer un deportivo italiano de pura sangre, el rugido de un motor V8 atmosf\u00e9rico y una din\u00e1mica de conducci\u00f3n inigualable. Presentamos con orgullo un veh\u00edculo particular en condiciones ideales con una emocionante conexi\u00f3n con el automovilismo y una documentaci\u00f3n de locos.","og_url":"https:\/\/pistonaddict.com\/es\/product\/ferrari-348-tb\/","og_site_name":"Piston Addict","article_modified_time":"2024-03-20T08:41:43+00:00","og_image":[{"width":2560,"height":1709,"url":"https:\/\/pistonaddict.com\/wp-content\/uploads\/2023\/11\/IMG7107-scaled.jpg","type":"image\/jpeg"}],"twitter_card":"summary_large_image","twitter_misc":{"Tiempo de lectura":"4 minutos"},"schema":{"@context":"https:\/\/schema.org","@graph":[{"@type":"WebPage","@id":"https:\/\/pistonaddict.com\/es\/product\/ferrari-348-tb\/","url":"https:\/\/pistonaddict.com\/es\/product\/ferrari-348-tb\/","name":"Ferrari 348 TB auction - Piston Addict%.","isPartOf":{"@id":"https:\/\/pistonaddict.com\/es\/#website"},"primaryImageOfPage":{"@id":"https:\/\/pistonaddict.com\/es\/product\/ferrari-348-tb\/#primaryimage"},"image":{"@id":"https:\/\/pistonaddict.com\/es\/product\/ferrari-348-tb\/#primaryimage"},"thumbnailUrl":"https:\/\/pistonaddict.com\/wp-content\/uploads\/2023\/11\/IMG7107-scaled.jpg","datePublished":"2023-11-07T13:48:12+00:00","dateModified":"2024-03-20T08:41:43+00:00","breadcrumb":{"@id":"https:\/\/pistonaddict.com\/es\/product\/ferrari-348-tb\/#breadcrumb"},"inLanguage":"es","potentialAction":[{"@type":"ReadAction","target":["https:\/\/pistonaddict.com\/es\/product\/ferrari-348-tb\/"]}]},{"@type":"ImageObject","inLanguage":"es","@id":"https:\/\/pistonaddict.com\/es\/product\/ferrari-348-tb\/#primaryimage","url":"https:\/\/pistonaddict.com\/wp-content\/uploads\/2023\/11\/IMG7107-scaled.jpg","contentUrl":"https:\/\/pistonaddict.com\/wp-content\/uploads\/2023\/11\/IMG7107-scaled.jpg","width":2560,"height":1709},{"@type":"BreadcrumbList","@id":"https:\/\/pistonaddict.com\/es\/product\/ferrari-348-tb\/#breadcrumb","itemListElement":[{"@type":"ListItem","position":1,"name":"bienvenida","item":"https:\/\/pistonaddict.com\/es\/pagina-web\/"},{"@type":"ListItem","position":2,"name":"Auctions","item":"https:\/\/pistonaddict.com\/auctions-listing\/"},{"@type":"ListItem","position":3,"name":"Ferrari 348 TB"}]},{"@type":"WebSite","@id":"https:\/\/pistonaddict.com\/es\/#website","url":"https:\/\/pistonaddict.com\/es\/","name":"Piston Addict","description":"Only interesting vehicles","publisher":{"@id":"https:\/\/pistonaddict.com\/es\/#organization"},"potentialAction":[{"@type":"SearchAction","target":{"@type":"EntryPoint","urlTemplate":"https:\/\/pistonaddict.com\/es\/?s={search_term_string}"},"query-input":"required name=search_term_string"}],"inLanguage":"es"},{"@type":"Organization","@id":"https:\/\/pistonaddict.com\/es\/#organization","name":"Piston Addict","url":"https:\/\/pistonaddict.com\/es\/","logo":{"@type":"ImageObject","inLanguage":"es","@id":"https:\/\/pistonaddict.com\/es\/#\/schema\/logo\/image\/","url":"https:\/\/pistonaddict.com\/wp-content\/uploads\/2022\/07\/logo-6.png","contentUrl":"https:\/\/pistonaddict.com\/wp-content\/uploads\/2022\/07\/logo-6.png","width":970,"height":200,"caption":"Piston Addict"},"image":{"@id":"https:\/\/pistonaddict.com\/es\/#\/schema\/logo\/image\/"}}]}},"_links":{"self":[{"href":"https:\/\/pistonaddict.com\/es\/wp-json\/wp\/v2\/product\/67060"}],"collection":[{"href":"https:\/\/pistonaddict.com\/es\/wp-json\/wp\/v2\/product"}],"about":[{"href":"https:\/\/pistonaddict.com\/es\/wp-json\/wp\/v2\/types\/product"}],"replies":[{"embeddable":true,"href":"https:\/\/pistonaddict.com\/es\/wp-json\/wp\/v2\/comments?post=67060"}],"wp:featuredmedia":[{"embeddable":true,"href":"https:\/\/pistonaddict.com\/es\/wp-json\/wp\/v2\/media\/64596"}],"wp:attachment":[{"href":"https:\/\/pistonaddict.com\/es\/wp-json\/wp\/v2\/media?parent=67060"}],"wp:term":[{"taxonomy":"product_cat","embeddable":true,"href":"https:\/\/pistonaddict.com\/es\/wp-json\/wp\/v2\/product_cat?post=67060"},{"taxonomy":"product_tag","embeddable":true,"href":"https:\/\/pistonaddict.com\/es\/wp-json\/wp\/v2\/product_tag?post=67060"}],"curies":[{"name":"wp","href":"https:\/\/api.w.org\/{rel}","templated":true}]}}