{"id":62906,"date":"2023-10-25T19:30:40","date_gmt":"2023-10-25T17:30:40","guid":{"rendered":"https:\/\/pistonaddict.com\/product\/porsche-911-996-targa\/"},"modified":"2024-03-20T09:39:27","modified_gmt":"2024-03-20T08:39:27","slug":"porsche-911-996-targa","status":"publish","type":"product","link":"https:\/\/pistonaddict.com\/es\/product\/porsche-911-996-targa\/","title":{"rendered":"Porsche 911 (996) Targa"},"content":{"rendered":"<p><strong>Historia del coche<\/strong><\/p>\n<p>Este ejemplo en particular es el 911 Targa, que se fabric\u00f3 en 2004. Lo que lo hace \u00fanico es que el Targa fue, con diferencia, la carrocer\u00eda m\u00e1s rara de todos los 996; s\u00f3lo se entregaron 5.125 coches con techos de cristal de apertura especial y pilares C diferentes. Acabado en un seductor tono azul oscuro con interior claro, este 911 Targa fue entregado nuevo en Espa\u00f1a y adquirido por su actual propietario en 2023. Est\u00e1 propulsado por un motor de seis cilindros planos de 3,6 litros y aspiraci\u00f3n atmosf\u00e9rica, refrigerado por agua (una de las pol\u00e9micas de las generaciones 996). Sin embargo, tiene una transmisi\u00f3n manual de 6 velocidades, lo que lo hace a\u00fan m\u00e1s raro y una pieza imprescindible para cualquier coleccionista de modelos 911 espec\u00edficos. Con 320 CV y una carrocer\u00eda ligera, este 911 Targa est\u00e1 preparado para saltar hasta los 100 km\/h en s\u00f3lo 5,2 segundos y alcanzar los 285 km\/h. Curiosamente, la versi\u00f3n equipada manualmente de este modelo es significativamente m\u00e1s r\u00e1pida que la autom\u00e1tica, lo que hace que este coche sea a\u00fan m\u00e1s deseable. El hecho de que tenga todas las ventajas de un descapotable, una excelente visibilidad y una sensaci\u00f3n de estar al aire libre con la practicidad y el confort de un coup\u00e9 transforma este 911 Targa azul en una m\u00e1quina muy vers\u00e1til para el conductor, con una banda sonora de seis cilindros planos y transmisi\u00f3n manual.<\/p>\n<p><strong>Interior<\/strong><\/p>\n<p>Dado que se trata de un ejemplo de bajo kilometraje, el interior est\u00e1 en perfecto estado, totalmente original, y con opciones deseables. Acabado en color gris Savannah, tiene un sistema de infoentretenimiento, audio premium con cargadores de 6 CD (correcto de \u00e9poca), cuero y asientos controlables electr\u00f3nicamente. La calidad interior de Porsche es bien conocida en toda la industria, y este 911 Targa 2004 no es diferente. El cuero est\u00e1 en perfecto estado; no hay ara\u00f1azos en el salpicadero, las tarjetas de las puertas ni la consola central. Tambi\u00e9n hay asientos traseros utilizables, ideales para los ni\u00f1os.<\/p>\n<p><strong>Condici\u00f3n<\/strong><\/p>\n<p>Con s\u00f3lo 39.037 kil\u00f3metros de la nueva, este 911 Targa est\u00e1 en condiciones inmaculadas y cuidadosamente atendidos por todos sus usuarios. Evidentemente, el veh\u00edculo apenas se utilizaba y estaba bien mantenido, como demuestran los registros. El propietario actual es un concesionario en Espa\u00f1a, y la \u00faltima revisi\u00f3n se realiz\u00f3 en abril de 2023, siendo los frenos revisados hace apenas unos d\u00edas, en octubre de 2023. Los bajos de los Porsches son de aluminio, por lo que no se oxidan. Sin embargo, como se puede ver en las \u00faltimas fotos de la parte inferior, hay un poco de suciedad seca que el vendedor va a limpiar para el comprador cuando se termina la subasta. El coche est\u00e1 listo para ser conducido en cualquier lugar y es probablemente uno de los mejores ejemplos de manual equipado 911 996 Targa usted tendr\u00e1 la oportunidad de encontrar.<\/p>\n<p><strong>Exterior y ruedas<\/strong><\/p>\n<p>Con una carrocer\u00eda sin marcar acabada en azul noche y un interior gris, este 911 Targa es una m\u00e1quina de aspecto magn\u00edfico sin ning\u00fan ara\u00f1azo, da\u00f1o o abolladura. El material rodante consiste en llantas de 18 pulgadas suministradas de f\u00e1brica envueltas en goma de alto rendimiento Bridgestone Potenza. Los neum\u00e1ticos son de 2020 y han recorrido muy pocos kil\u00f3metros. No hay modificaciones, y este 996 Targa est\u00e1 en condiciones de entrega.<\/p>\n<p><strong>Documentaci\u00f3n<\/strong><\/p>\n<p>Este veh\u00edculo es vendido por el concesionario con la documentaci\u00f3n adecuada, y se encuentra en Espa\u00f1a. El informe CarFax est\u00e1 limpio; no existen pruebas de accidentes, reparaciones de accidentes, propiedad o problemas legales. Hay registros de mantenimiento regular junto con folletos y recibos originales de f\u00e1brica.<\/p>\n<p><strong>Vea el v\u00eddeo de arranque en fr\u00edo de este precioso Porsche 911 Targa :<\/strong><\/p>\n<p><iframe title=\"Cold Start Video of the Porsche 911 996 Targa for auction sale\" width=\"1200\" height=\"675\" src=\"https:\/\/www.youtube.com\/embed\/pOCqegVAqt8?feature=oembed\" frameborder=\"0\" allow=\"accelerometer; autoplay; clipboard-write; encrypted-media; gyroscope; picture-in-picture; web-share\" allowfullscreen><\/iframe><\/p>\n","protected":false},"excerpt":{"rendered":"<p>La generaci\u00f3n 996 del venerable Porsche 911 fue muy controvertida cuando sali\u00f3 al mercado a finales de los 90. Sin embargo, desde entonces, ha sido reconocido como parte integrante de la leyenda del 911, un modelo inmensamente importante para la compa\u00f1\u00eda y el primer 911 de la era moderna. Con su dise\u00f1o caracter\u00edstico, una amplia gama de modelos y especificaciones, los coleccionistas han empezado a descubrir las verdaderas joyas del 996 911. Hoy, nos enorgullece presentar un modelo as\u00ed, una versi\u00f3n poco com\u00fan con las especificaciones ideales que atraer\u00e1 la atenci\u00f3n de cualquier entusiasta del 911.<\/p>\n","protected":false},"featured_media":59814,"comment_status":"open","ping_status":"closed","template":"","meta":{"inline_featured_image":false},"product_cat":[715],"product_tag":[2344,2319,2317,996],"acf":[],"yoast_head":"<!-- This site is optimized with the Yoast SEO plugin v22.5 - https:\/\/yoast.com\/wordpress\/plugins\/seo\/ -->\n<title>Porsche 911 (996) Targa auction - Piston Addict%.<\/title>\n<meta name=\"robots\" content=\"index, follow, max-snippet:-1, max-image-preview:large, max-video-preview:-1\" \/>\n<link rel=\"canonical\" href=\"https:\/\/pistonaddict.com\/es\/product\/porsche-911-996-targa\/\" \/>\n<meta property=\"og:locale\" content=\"es_ES\" \/>\n<meta property=\"og:type\" content=\"article\" \/>\n<meta property=\"og:title\" content=\"Porsche 911 (996) Targa auction - Piston Addict%.\" \/>\n<meta property=\"og:description\" content=\"La generaci\u00f3n 996 del venerable Porsche 911 fue muy controvertida cuando sali\u00f3 al mercado a finales de los 90. Sin embargo, desde entonces, ha sido reconocido como parte integrante de la leyenda del 911, un modelo inmensamente importante para la compa\u00f1\u00eda y el primer 911 de la era moderna. Con su dise\u00f1o caracter\u00edstico, una amplia gama de modelos y especificaciones, los coleccionistas han empezado a descubrir las verdaderas joyas del 996 911. Hoy, nos enorgullece presentar un modelo as\u00ed, una versi\u00f3n poco com\u00fan con las especificaciones ideales que atraer\u00e1 la atenci\u00f3n de cualquier entusiasta del 911.\" \/>\n<meta property=\"og:url\" content=\"https:\/\/pistonaddict.com\/es\/product\/porsche-911-996-targa\/\" \/>\n<meta property=\"og:site_name\" content=\"Piston Addict\" \/>\n<meta property=\"article:modified_time\" content=\"2024-03-20T08:39:27+00:00\" \/>\n<meta property=\"og:image\" content=\"https:\/\/pistonaddict.com\/wp-content\/uploads\/2023\/10\/image00032-1-scaled.jpeg\" \/>\n\t<meta property=\"og:image:width\" content=\"2560\" \/>\n\t<meta property=\"og:image:height\" content=\"1920\" \/>\n\t<meta property=\"og:image:type\" content=\"image\/jpeg\" \/>\n<meta name=\"twitter:card\" content=\"summary_large_image\" \/>\n<meta name=\"twitter:label1\" content=\"Tiempo de lectura\" \/>\n\t<meta name=\"twitter:data1\" content=\"3 minutos\" \/>\n<script type=\"application\/ld+json\" class=\"yoast-schema-graph\">{\"@context\":\"https:\/\/schema.org\",\"@graph\":[{\"@type\":\"WebPage\",\"@id\":\"https:\/\/pistonaddict.com\/es\/product\/porsche-911-996-targa\/\",\"url\":\"https:\/\/pistonaddict.com\/es\/product\/porsche-911-996-targa\/\",\"name\":\"Porsche 911 (996) Targa auction - Piston Addict%.\",\"isPartOf\":{\"@id\":\"https:\/\/pistonaddict.com\/es\/#website\"},\"primaryImageOfPage\":{\"@id\":\"https:\/\/pistonaddict.com\/es\/product\/porsche-911-996-targa\/#primaryimage\"},\"image\":{\"@id\":\"https:\/\/pistonaddict.com\/es\/product\/porsche-911-996-targa\/#primaryimage\"},\"thumbnailUrl\":\"https:\/\/pistonaddict.com\/wp-content\/uploads\/2023\/10\/image00032-1-scaled.jpeg\",\"datePublished\":\"2023-10-25T17:30:40+00:00\",\"dateModified\":\"2024-03-20T08:39:27+00:00\",\"breadcrumb\":{\"@id\":\"https:\/\/pistonaddict.com\/es\/product\/porsche-911-996-targa\/#breadcrumb\"},\"inLanguage\":\"es\",\"potentialAction\":[{\"@type\":\"ReadAction\",\"target\":[\"https:\/\/pistonaddict.com\/es\/product\/porsche-911-996-targa\/\"]}]},{\"@type\":\"ImageObject\",\"inLanguage\":\"es\",\"@id\":\"https:\/\/pistonaddict.com\/es\/product\/porsche-911-996-targa\/#primaryimage\",\"url\":\"https:\/\/pistonaddict.com\/wp-content\/uploads\/2023\/10\/image00032-1-scaled.jpeg\",\"contentUrl\":\"https:\/\/pistonaddict.com\/wp-content\/uploads\/2023\/10\/image00032-1-scaled.jpeg\",\"width\":2560,\"height\":1920},{\"@type\":\"BreadcrumbList\",\"@id\":\"https:\/\/pistonaddict.com\/es\/product\/porsche-911-996-targa\/#breadcrumb\",\"itemListElement\":[{\"@type\":\"ListItem\",\"position\":1,\"name\":\"bienvenida\",\"item\":\"https:\/\/pistonaddict.com\/es\/pagina-web\/\"},{\"@type\":\"ListItem\",\"position\":2,\"name\":\"Auctions\",\"item\":\"https:\/\/pistonaddict.com\/auctions-listing\/\"},{\"@type\":\"ListItem\",\"position\":3,\"name\":\"Porsche 911 (996) Targa\"}]},{\"@type\":\"WebSite\",\"@id\":\"https:\/\/pistonaddict.com\/es\/#website\",\"url\":\"https:\/\/pistonaddict.com\/es\/\",\"name\":\"Piston Addict\",\"description\":\"Only interesting vehicles\",\"publisher\":{\"@id\":\"https:\/\/pistonaddict.com\/es\/#organization\"},\"potentialAction\":[{\"@type\":\"SearchAction\",\"target\":{\"@type\":\"EntryPoint\",\"urlTemplate\":\"https:\/\/pistonaddict.com\/es\/?s={search_term_string}\"},\"query-input\":\"required name=search_term_string\"}],\"inLanguage\":\"es\"},{\"@type\":\"Organization\",\"@id\":\"https:\/\/pistonaddict.com\/es\/#organization\",\"name\":\"Piston Addict\",\"url\":\"https:\/\/pistonaddict.com\/es\/\",\"logo\":{\"@type\":\"ImageObject\",\"inLanguage\":\"es\",\"@id\":\"https:\/\/pistonaddict.com\/es\/#\/schema\/logo\/image\/\",\"url\":\"https:\/\/pistonaddict.com\/wp-content\/uploads\/2022\/07\/logo-6.png\",\"contentUrl\":\"https:\/\/pistonaddict.com\/wp-content\/uploads\/2022\/07\/logo-6.png\",\"width\":970,\"height\":200,\"caption\":\"Piston Addict\"},\"image\":{\"@id\":\"https:\/\/pistonaddict.com\/es\/#\/schema\/logo\/image\/\"}}]}<\/script>\n<!-- \/ Yoast SEO plugin. -->","yoast_head_json":{"title":"Porsche 911 (996) Targa auction - Piston Addict%.","robots":{"index":"index","follow":"follow","max-snippet":"max-snippet:-1","max-image-preview":"max-image-preview:large","max-video-preview":"max-video-preview:-1"},"canonical":"https:\/\/pistonaddict.com\/es\/product\/porsche-911-996-targa\/","og_locale":"es_ES","og_type":"article","og_title":"Porsche 911 (996) Targa auction - Piston Addict%.","og_description":"La generaci\u00f3n 996 del venerable Porsche 911 fue muy controvertida cuando sali\u00f3 al mercado a finales de los 90. Sin embargo, desde entonces, ha sido reconocido como parte integrante de la leyenda del 911, un modelo inmensamente importante para la compa\u00f1\u00eda y el primer 911 de la era moderna. Con su dise\u00f1o caracter\u00edstico, una amplia gama de modelos y especificaciones, los coleccionistas han empezado a descubrir las verdaderas joyas del 996 911. Hoy, nos enorgullece presentar un modelo as\u00ed, una versi\u00f3n poco com\u00fan con las especificaciones ideales que atraer\u00e1 la atenci\u00f3n de cualquier entusiasta del 911.","og_url":"https:\/\/pistonaddict.com\/es\/product\/porsche-911-996-targa\/","og_site_name":"Piston Addict","article_modified_time":"2024-03-20T08:39:27+00:00","og_image":[{"width":2560,"height":1920,"url":"https:\/\/pistonaddict.com\/wp-content\/uploads\/2023\/10\/image00032-1-scaled.jpeg","type":"image\/jpeg"}],"twitter_card":"summary_large_image","twitter_misc":{"Tiempo de lectura":"3 minutos"},"schema":{"@context":"https:\/\/schema.org","@graph":[{"@type":"WebPage","@id":"https:\/\/pistonaddict.com\/es\/product\/porsche-911-996-targa\/","url":"https:\/\/pistonaddict.com\/es\/product\/porsche-911-996-targa\/","name":"Porsche 911 (996) Targa auction - Piston Addict%.","isPartOf":{"@id":"https:\/\/pistonaddict.com\/es\/#website"},"primaryImageOfPage":{"@id":"https:\/\/pistonaddict.com\/es\/product\/porsche-911-996-targa\/#primaryimage"},"image":{"@id":"https:\/\/pistonaddict.com\/es\/product\/porsche-911-996-targa\/#primaryimage"},"thumbnailUrl":"https:\/\/pistonaddict.com\/wp-content\/uploads\/2023\/10\/image00032-1-scaled.jpeg","datePublished":"2023-10-25T17:30:40+00:00","dateModified":"2024-03-20T08:39:27+00:00","breadcrumb":{"@id":"https:\/\/pistonaddict.com\/es\/product\/porsche-911-996-targa\/#breadcrumb"},"inLanguage":"es","potentialAction":[{"@type":"ReadAction","target":["https:\/\/pistonaddict.com\/es\/product\/porsche-911-996-targa\/"]}]},{"@type":"ImageObject","inLanguage":"es","@id":"https:\/\/pistonaddict.com\/es\/product\/porsche-911-996-targa\/#primaryimage","url":"https:\/\/pistonaddict.com\/wp-content\/uploads\/2023\/10\/image00032-1-scaled.jpeg","contentUrl":"https:\/\/pistonaddict.com\/wp-content\/uploads\/2023\/10\/image00032-1-scaled.jpeg","width":2560,"height":1920},{"@type":"BreadcrumbList","@id":"https:\/\/pistonaddict.com\/es\/product\/porsche-911-996-targa\/#breadcrumb","itemListElement":[{"@type":"ListItem","position":1,"name":"bienvenida","item":"https:\/\/pistonaddict.com\/es\/pagina-web\/"},{"@type":"ListItem","position":2,"name":"Auctions","item":"https:\/\/pistonaddict.com\/auctions-listing\/"},{"@type":"ListItem","position":3,"name":"Porsche 911 (996) Targa"}]},{"@type":"WebSite","@id":"https:\/\/pistonaddict.com\/es\/#website","url":"https:\/\/pistonaddict.com\/es\/","name":"Piston Addict","description":"Only interesting vehicles","publisher":{"@id":"https:\/\/pistonaddict.com\/es\/#organization"},"potentialAction":[{"@type":"SearchAction","target":{"@type":"EntryPoint","urlTemplate":"https:\/\/pistonaddict.com\/es\/?s={search_term_string}"},"query-input":"required name=search_term_string"}],"inLanguage":"es"},{"@type":"Organization","@id":"https:\/\/pistonaddict.com\/es\/#organization","name":"Piston Addict","url":"https:\/\/pistonaddict.com\/es\/","logo":{"@type":"ImageObject","inLanguage":"es","@id":"https:\/\/pistonaddict.com\/es\/#\/schema\/logo\/image\/","url":"https:\/\/pistonaddict.com\/wp-content\/uploads\/2022\/07\/logo-6.png","contentUrl":"https:\/\/pistonaddict.com\/wp-content\/uploads\/2022\/07\/logo-6.png","width":970,"height":200,"caption":"Piston Addict"},"image":{"@id":"https:\/\/pistonaddict.com\/es\/#\/schema\/logo\/image\/"}}]}},"_links":{"self":[{"href":"https:\/\/pistonaddict.com\/es\/wp-json\/wp\/v2\/product\/62906"}],"collection":[{"href":"https:\/\/pistonaddict.com\/es\/wp-json\/wp\/v2\/product"}],"about":[{"href":"https:\/\/pistonaddict.com\/es\/wp-json\/wp\/v2\/types\/product"}],"replies":[{"embeddable":true,"href":"https:\/\/pistonaddict.com\/es\/wp-json\/wp\/v2\/comments?post=62906"}],"wp:featuredmedia":[{"embeddable":true,"href":"https:\/\/pistonaddict.com\/es\/wp-json\/wp\/v2\/media\/59814"}],"wp:attachment":[{"href":"https:\/\/pistonaddict.com\/es\/wp-json\/wp\/v2\/media?parent=62906"}],"wp:term":[{"taxonomy":"product_cat","embeddable":true,"href":"https:\/\/pistonaddict.com\/es\/wp-json\/wp\/v2\/product_cat?post=62906"},{"taxonomy":"product_tag","embeddable":true,"href":"https:\/\/pistonaddict.com\/es\/wp-json\/wp\/v2\/product_tag?post=62906"}],"curies":[{"name":"wp","href":"https:\/\/api.w.org\/{rel}","templated":true}]}}