{"id":55263,"date":"2023-10-13T09:36:04","date_gmt":"2023-10-13T07:36:04","guid":{"rendered":"https:\/\/pistonaddict.com\/product\/porsche-cayman-s-3-4-325-cv\/"},"modified":"2024-03-19T17:03:54","modified_gmt":"2024-03-19T16:03:54","slug":"porsche-cayman-s-3-4-325-cv","status":"publish","type":"product","link":"https:\/\/pistonaddict.com\/es\/product\/porsche-cayman-s-3-4-325-cv\/","title":{"rendered":"Porsche Cayman S 3.4 325 CV"},"content":{"rendered":"<p><strong>Historia del coche<\/strong><\/p>\n<p>Este Cayman S blanco de 2016 se vendi\u00f3 inicialmente en Alemania, pero se traslad\u00f3 a Italia, donde fue importado por el actual propietario, un concesionario de coches deportivos. El 2016 es el \u00faltimo a\u00f1o para el Cayman de la generaci\u00f3n 981, lo que es significativo por varias razones. Principalmente porque el Cayman S tiene el renovado motor de 3,4 litros y seis cilindros planos del Porsche 911 Carrera, con lo que se aborda una de las controversias m\u00e1s significativas en la comunidad Porsche moderna. Durante a\u00f1os circularon rumores de que Porsche ten\u00eda demasiado miedo de poner el motor del 911 en el Cayman, temiendo que pudiera ofrecer una experiencia de conducci\u00f3n a\u00fan mejor. Este es el primer Cayman que realmente tiene un motor 911. Con 325 CV de potencia, una rapid\u00edsima transmisi\u00f3n PDK de 7 velocidades y una suspensi\u00f3n especialmente ajustada de f\u00e1brica, el Cayman S 2016 es capaz de alcanzar los 100 km\/h en solo 4,8 segundos camino de los 283 km\/h de velocidad m\u00e1xima. Sin embargo, no se trata de las cifras, aunque sean fant\u00e1sticas. El Cayman S tiene un motor montado en posici\u00f3n central, una carrocer\u00eda ligera, una direcci\u00f3n precisa y unos frenos excelentes, y por eso pone tan nerviosos a tantos propietarios de 911. La combinaci\u00f3n de un motor de altas revoluciones y aspiraci\u00f3n natural, un chasis \u00e1gil y una din\u00e1mica de conducci\u00f3n perfecta sigue resonando entre los aficionados a los deportivos como uno de los coches m\u00e1s ideales para el conductor que jam\u00e1s se hayan fabricado.<\/p>\n<p><strong>Interior<\/strong><\/p>\n<p>Dado que este Porsche Cayman S 2016 es un ejemplo de bajo kilometraje, el interior no tiene marcas y est\u00e1 en excelentes condiciones, como era de esperar. El propietario original lo inspecciona cuidadosamente con algunas opciones deseables que el pr\u00f3ximo propietario apreciar\u00e1. Los asientos deportivos ajustables electr\u00f3nicamente, el sistema de infoentretenimiento con pantalla digital integrada y el volante multifunci\u00f3n elevar\u00e1n la experiencia de conducci\u00f3n al siguiente nivel. En el interior se aprecia la calidad caracter\u00edstica de Porsche, as\u00ed como un ajuste y un acabado extraordinarios.<\/p>\n<p><strong>Condici\u00f3n<\/strong><\/p>\n<p>Este inmaculado Porsche Cayman S ha recorrido poco m\u00e1s de 33.000 kil\u00f3metros en los \u00faltimos siete a\u00f1os. Un kilometraje tan bajo, un par de propietarios cuidadosos, y los registros de mantenimiento adecuados garantizan que el coche est\u00e1 en perfectas condiciones en todo. El vendedor es un concesionario de coches deportivos de muy buena reputaci\u00f3n en Italia, y est\u00e1n tan seguros de la condici\u00f3n general de este Cayman S que el <strong>coche viene con una garant\u00eda de 12 meses<\/strong>, lo cual es muy importante y separa a este veh\u00edculo de otros similares que puedas encontrar a la venta. Hay registros de mantenimiento y servicios significativos realizados en 2021.<\/p>\n<p><strong>Exterior Y Ruedas<\/strong><\/p>\n<p>El elegante exterior blanco no tiene ara\u00f1azos ni abolladuras, y este coche tiene interesantes detalles gr\u00e1ficos en los paneles de los balancines, que son originales de f\u00e1brica y sirven para mostrar que este Cayman no es un modelo de especificaciones b\u00e1sicas. El aspecto de coche deportivo se completa con llantas de 20 pulgadas, las mismas utilizadas en el 911 de \u00e9poca, envueltas en neum\u00e1ticos Michelin Pilot Sport 4S casi nuevos, conocidos por ser los preferidos de los conductores entusiastas. No hay modificaciones, y este Cayman est\u00e1 en condiciones originales ideales.<\/p>\n<p><strong>Documentaci\u00f3n<\/strong><\/p>\n<p>Este veh\u00edculo es vendido por el concesionario con la documentaci\u00f3n apropiada, y se encuentra en Italia. El informe <a href=\"https:\/\/pistonaddict.com\/wp-content\/uploads\/2023\/10\/CARFAX-Vehicle-History-Report-PORSCHE-WP0ZZZ98ZGK181513.pdf\" target=\"_blank\" rel=\"noopener\">CarFax<\/a> est\u00e1 limpio; no existen pruebas de accidentes, reparaciones de accidentes, propiedad o problemas legales. El vendedor sin embargo nos inform\u00f3 que se produce un accidente en 2017 con una moto, el elemento afectado, el cap\u00f3 delantero, por supuesto fue reparado. Hay registros de mantenimiento regular junto con folletos y recibos originales de f\u00e1brica. La garant\u00eda de 12 meses del concesionario est\u00e1 incluida en la venta. <strong>Adem\u00e1s, si vives en Europa, el vendedor puede encargarse del transporte y llevarte el veh\u00edculo a casa.<\/strong><\/p>\n<p><strong> <\/strong><\/p>\n<p>Vea el v\u00eddeo de descubrimiento de este precioso Porsche Cayman S :<\/p>\n<p><iframe title=\"Video of the Porsche Cayman S for auction sale\" width=\"1200\" height=\"675\" src=\"https:\/\/www.youtube.com\/embed\/-29PE_JnFJM?feature=oembed\" frameborder=\"0\" allow=\"accelerometer; autoplay; clipboard-write; encrypted-media; gyroscope; picture-in-picture; web-share\" allowfullscreen><\/iframe><\/p>\n","protected":false},"excerpt":{"rendered":"<p>Como empresa que siempre se ha esforzado por perseguir la perfecci\u00f3n de los coches deportivos, Porsche respondi\u00f3 a las cr\u00edticas de la mejor manera posible: presentando el modelo dedicado al conductor que es universalmente amado y elogiado. Cuando debut\u00f3 la primera generaci\u00f3n del Cayman, era todo lo que los entusiastas quer\u00edan, con un 90% de las sensaciones del Porsche 911 por un 60% del precio. El Cayman era un coche m\u00e1s ligero, preciso y atractivo, mientras que su versi\u00f3n S era un deportivo perfectamente equilibrado. He aqu\u00ed un ejemplo particularmente interesante en condiciones ideales. <strong>Debe <a href=\"https:\/\/pistonaddict.com\/es\/mi-cuenta\/\">crear su cuenta<\/a> para acceder a esta subasta.<\/strong><\/p>\n","protected":false},"featured_media":55133,"comment_status":"open","ping_status":"closed","template":"","meta":{"inline_featured_image":false},"product_cat":[715],"product_tag":[2277,2275,2273,919],"acf":[],"yoast_head":"<!-- This site is optimized with the Yoast SEO plugin v22.5 - https:\/\/yoast.com\/wordpress\/plugins\/seo\/ -->\n<title>Porsche Cayman S 3.4 325 CV auction - Piston Addict%.<\/title>\n<meta name=\"robots\" content=\"index, follow, max-snippet:-1, max-image-preview:large, max-video-preview:-1\" \/>\n<link rel=\"canonical\" href=\"https:\/\/pistonaddict.com\/es\/product\/porsche-cayman-s-3-4-325-cv\/\" \/>\n<meta property=\"og:locale\" content=\"es_ES\" \/>\n<meta property=\"og:type\" content=\"article\" \/>\n<meta property=\"og:title\" content=\"Porsche Cayman S 3.4 325 CV auction - Piston Addict%.\" \/>\n<meta property=\"og:description\" content=\"Como empresa que siempre se ha esforzado por perseguir la perfecci\u00f3n de los coches deportivos, Porsche respondi\u00f3 a las cr\u00edticas de la mejor manera posible: presentando el modelo dedicado al conductor que es universalmente amado y elogiado. Cuando debut\u00f3 la primera generaci\u00f3n del Cayman, era todo lo que los entusiastas quer\u00edan, con un 90% de las sensaciones del Porsche 911 por un 60% del precio. El Cayman era un coche m\u00e1s ligero, preciso y atractivo, mientras que su versi\u00f3n S era un deportivo perfectamente equilibrado. He aqu\u00ed un ejemplo particularmente interesante en condiciones ideales. Debe crear su cuenta para acceder a esta subasta.\" \/>\n<meta property=\"og:url\" content=\"https:\/\/pistonaddict.com\/es\/product\/porsche-cayman-s-3-4-325-cv\/\" \/>\n<meta property=\"og:site_name\" content=\"Piston Addict\" \/>\n<meta property=\"article:modified_time\" content=\"2024-03-19T16:03:54+00:00\" \/>\n<meta property=\"og:image\" content=\"https:\/\/pistonaddict.com\/wp-content\/uploads\/2023\/10\/CAYMAN-1.png\" \/>\n\t<meta property=\"og:image:width\" content=\"1887\" \/>\n\t<meta property=\"og:image:height\" content=\"781\" \/>\n\t<meta property=\"og:image:type\" content=\"image\/png\" \/>\n<meta name=\"twitter:card\" content=\"summary_large_image\" \/>\n<meta name=\"twitter:label1\" content=\"Tiempo de lectura\" \/>\n\t<meta name=\"twitter:data1\" content=\"3 minutos\" \/>\n<script type=\"application\/ld+json\" class=\"yoast-schema-graph\">{\"@context\":\"https:\/\/schema.org\",\"@graph\":[{\"@type\":\"WebPage\",\"@id\":\"https:\/\/pistonaddict.com\/es\/product\/porsche-cayman-s-3-4-325-cv\/\",\"url\":\"https:\/\/pistonaddict.com\/es\/product\/porsche-cayman-s-3-4-325-cv\/\",\"name\":\"Porsche Cayman S 3.4 325 CV auction - Piston Addict%.\",\"isPartOf\":{\"@id\":\"https:\/\/pistonaddict.com\/es\/#website\"},\"primaryImageOfPage\":{\"@id\":\"https:\/\/pistonaddict.com\/es\/product\/porsche-cayman-s-3-4-325-cv\/#primaryimage\"},\"image\":{\"@id\":\"https:\/\/pistonaddict.com\/es\/product\/porsche-cayman-s-3-4-325-cv\/#primaryimage\"},\"thumbnailUrl\":\"https:\/\/pistonaddict.com\/wp-content\/uploads\/2023\/10\/CAYMAN-1.png\",\"datePublished\":\"2023-10-13T07:36:04+00:00\",\"dateModified\":\"2024-03-19T16:03:54+00:00\",\"breadcrumb\":{\"@id\":\"https:\/\/pistonaddict.com\/es\/product\/porsche-cayman-s-3-4-325-cv\/#breadcrumb\"},\"inLanguage\":\"es\",\"potentialAction\":[{\"@type\":\"ReadAction\",\"target\":[\"https:\/\/pistonaddict.com\/es\/product\/porsche-cayman-s-3-4-325-cv\/\"]}]},{\"@type\":\"ImageObject\",\"inLanguage\":\"es\",\"@id\":\"https:\/\/pistonaddict.com\/es\/product\/porsche-cayman-s-3-4-325-cv\/#primaryimage\",\"url\":\"https:\/\/pistonaddict.com\/wp-content\/uploads\/2023\/10\/CAYMAN-1.png\",\"contentUrl\":\"https:\/\/pistonaddict.com\/wp-content\/uploads\/2023\/10\/CAYMAN-1.png\",\"width\":1887,\"height\":781},{\"@type\":\"BreadcrumbList\",\"@id\":\"https:\/\/pistonaddict.com\/es\/product\/porsche-cayman-s-3-4-325-cv\/#breadcrumb\",\"itemListElement\":[{\"@type\":\"ListItem\",\"position\":1,\"name\":\"bienvenida\",\"item\":\"https:\/\/pistonaddict.com\/es\/pagina-web\/\"},{\"@type\":\"ListItem\",\"position\":2,\"name\":\"Auctions\",\"item\":\"https:\/\/pistonaddict.com\/auctions-listing\/\"},{\"@type\":\"ListItem\",\"position\":3,\"name\":\"Porsche Cayman S 3.4 325 CV\"}]},{\"@type\":\"WebSite\",\"@id\":\"https:\/\/pistonaddict.com\/es\/#website\",\"url\":\"https:\/\/pistonaddict.com\/es\/\",\"name\":\"Piston Addict\",\"description\":\"Only interesting vehicles\",\"publisher\":{\"@id\":\"https:\/\/pistonaddict.com\/es\/#organization\"},\"potentialAction\":[{\"@type\":\"SearchAction\",\"target\":{\"@type\":\"EntryPoint\",\"urlTemplate\":\"https:\/\/pistonaddict.com\/es\/?s={search_term_string}\"},\"query-input\":\"required name=search_term_string\"}],\"inLanguage\":\"es\"},{\"@type\":\"Organization\",\"@id\":\"https:\/\/pistonaddict.com\/es\/#organization\",\"name\":\"Piston Addict\",\"url\":\"https:\/\/pistonaddict.com\/es\/\",\"logo\":{\"@type\":\"ImageObject\",\"inLanguage\":\"es\",\"@id\":\"https:\/\/pistonaddict.com\/es\/#\/schema\/logo\/image\/\",\"url\":\"https:\/\/pistonaddict.com\/wp-content\/uploads\/2022\/07\/logo-6.png\",\"contentUrl\":\"https:\/\/pistonaddict.com\/wp-content\/uploads\/2022\/07\/logo-6.png\",\"width\":970,\"height\":200,\"caption\":\"Piston Addict\"},\"image\":{\"@id\":\"https:\/\/pistonaddict.com\/es\/#\/schema\/logo\/image\/\"}}]}<\/script>\n<!-- \/ Yoast SEO plugin. -->","yoast_head_json":{"title":"Porsche Cayman S 3.4 325 CV auction - Piston Addict%.","robots":{"index":"index","follow":"follow","max-snippet":"max-snippet:-1","max-image-preview":"max-image-preview:large","max-video-preview":"max-video-preview:-1"},"canonical":"https:\/\/pistonaddict.com\/es\/product\/porsche-cayman-s-3-4-325-cv\/","og_locale":"es_ES","og_type":"article","og_title":"Porsche Cayman S 3.4 325 CV auction - Piston Addict%.","og_description":"Como empresa que siempre se ha esforzado por perseguir la perfecci\u00f3n de los coches deportivos, Porsche respondi\u00f3 a las cr\u00edticas de la mejor manera posible: presentando el modelo dedicado al conductor que es universalmente amado y elogiado. Cuando debut\u00f3 la primera generaci\u00f3n del Cayman, era todo lo que los entusiastas quer\u00edan, con un 90% de las sensaciones del Porsche 911 por un 60% del precio. El Cayman era un coche m\u00e1s ligero, preciso y atractivo, mientras que su versi\u00f3n S era un deportivo perfectamente equilibrado. He aqu\u00ed un ejemplo particularmente interesante en condiciones ideales. Debe crear su cuenta para acceder a esta subasta.","og_url":"https:\/\/pistonaddict.com\/es\/product\/porsche-cayman-s-3-4-325-cv\/","og_site_name":"Piston Addict","article_modified_time":"2024-03-19T16:03:54+00:00","og_image":[{"width":1887,"height":781,"url":"https:\/\/pistonaddict.com\/wp-content\/uploads\/2023\/10\/CAYMAN-1.png","type":"image\/png"}],"twitter_card":"summary_large_image","twitter_misc":{"Tiempo de lectura":"3 minutos"},"schema":{"@context":"https:\/\/schema.org","@graph":[{"@type":"WebPage","@id":"https:\/\/pistonaddict.com\/es\/product\/porsche-cayman-s-3-4-325-cv\/","url":"https:\/\/pistonaddict.com\/es\/product\/porsche-cayman-s-3-4-325-cv\/","name":"Porsche Cayman S 3.4 325 CV auction - Piston Addict%.","isPartOf":{"@id":"https:\/\/pistonaddict.com\/es\/#website"},"primaryImageOfPage":{"@id":"https:\/\/pistonaddict.com\/es\/product\/porsche-cayman-s-3-4-325-cv\/#primaryimage"},"image":{"@id":"https:\/\/pistonaddict.com\/es\/product\/porsche-cayman-s-3-4-325-cv\/#primaryimage"},"thumbnailUrl":"https:\/\/pistonaddict.com\/wp-content\/uploads\/2023\/10\/CAYMAN-1.png","datePublished":"2023-10-13T07:36:04+00:00","dateModified":"2024-03-19T16:03:54+00:00","breadcrumb":{"@id":"https:\/\/pistonaddict.com\/es\/product\/porsche-cayman-s-3-4-325-cv\/#breadcrumb"},"inLanguage":"es","potentialAction":[{"@type":"ReadAction","target":["https:\/\/pistonaddict.com\/es\/product\/porsche-cayman-s-3-4-325-cv\/"]}]},{"@type":"ImageObject","inLanguage":"es","@id":"https:\/\/pistonaddict.com\/es\/product\/porsche-cayman-s-3-4-325-cv\/#primaryimage","url":"https:\/\/pistonaddict.com\/wp-content\/uploads\/2023\/10\/CAYMAN-1.png","contentUrl":"https:\/\/pistonaddict.com\/wp-content\/uploads\/2023\/10\/CAYMAN-1.png","width":1887,"height":781},{"@type":"BreadcrumbList","@id":"https:\/\/pistonaddict.com\/es\/product\/porsche-cayman-s-3-4-325-cv\/#breadcrumb","itemListElement":[{"@type":"ListItem","position":1,"name":"bienvenida","item":"https:\/\/pistonaddict.com\/es\/pagina-web\/"},{"@type":"ListItem","position":2,"name":"Auctions","item":"https:\/\/pistonaddict.com\/auctions-listing\/"},{"@type":"ListItem","position":3,"name":"Porsche Cayman S 3.4 325 CV"}]},{"@type":"WebSite","@id":"https:\/\/pistonaddict.com\/es\/#website","url":"https:\/\/pistonaddict.com\/es\/","name":"Piston Addict","description":"Only interesting vehicles","publisher":{"@id":"https:\/\/pistonaddict.com\/es\/#organization"},"potentialAction":[{"@type":"SearchAction","target":{"@type":"EntryPoint","urlTemplate":"https:\/\/pistonaddict.com\/es\/?s={search_term_string}"},"query-input":"required name=search_term_string"}],"inLanguage":"es"},{"@type":"Organization","@id":"https:\/\/pistonaddict.com\/es\/#organization","name":"Piston Addict","url":"https:\/\/pistonaddict.com\/es\/","logo":{"@type":"ImageObject","inLanguage":"es","@id":"https:\/\/pistonaddict.com\/es\/#\/schema\/logo\/image\/","url":"https:\/\/pistonaddict.com\/wp-content\/uploads\/2022\/07\/logo-6.png","contentUrl":"https:\/\/pistonaddict.com\/wp-content\/uploads\/2022\/07\/logo-6.png","width":970,"height":200,"caption":"Piston Addict"},"image":{"@id":"https:\/\/pistonaddict.com\/es\/#\/schema\/logo\/image\/"}}]}},"_links":{"self":[{"href":"https:\/\/pistonaddict.com\/es\/wp-json\/wp\/v2\/product\/55263"}],"collection":[{"href":"https:\/\/pistonaddict.com\/es\/wp-json\/wp\/v2\/product"}],"about":[{"href":"https:\/\/pistonaddict.com\/es\/wp-json\/wp\/v2\/types\/product"}],"replies":[{"embeddable":true,"href":"https:\/\/pistonaddict.com\/es\/wp-json\/wp\/v2\/comments?post=55263"}],"wp:featuredmedia":[{"embeddable":true,"href":"https:\/\/pistonaddict.com\/es\/wp-json\/wp\/v2\/media\/55133"}],"wp:attachment":[{"href":"https:\/\/pistonaddict.com\/es\/wp-json\/wp\/v2\/media?parent=55263"}],"wp:term":[{"taxonomy":"product_cat","embeddable":true,"href":"https:\/\/pistonaddict.com\/es\/wp-json\/wp\/v2\/product_cat?post=55263"},{"taxonomy":"product_tag","embeddable":true,"href":"https:\/\/pistonaddict.com\/es\/wp-json\/wp\/v2\/product_tag?post=55263"}],"curies":[{"name":"wp","href":"https:\/\/api.w.org\/{rel}","templated":true}]}}