{"id":53496,"date":"2023-10-06T11:28:15","date_gmt":"2023-10-06T09:28:15","guid":{"rendered":"https:\/\/pistonaddict.com\/product\/porsche-911-carrera-2-cabrio-997\/"},"modified":"2023-12-20T09:49:41","modified_gmt":"2023-12-20T08:49:41","slug":"porsche-911-carrera-2-cabrio-997","status":"publish","type":"product","link":"https:\/\/pistonaddict.com\/es\/product\/porsche-911-carrera-2-cabrio-997\/","title":{"rendered":"Porsche 911 Carrera 2 Cabrio (997)"},"content":{"rendered":"<p><strong>Historia del coche<\/strong><\/p>\n<p>Este Porsche 911 Carrera 2 Cabrio &#8220;Rojo Guardia&#8221; se fabric\u00f3 en diciembre de 2006 y se vendi\u00f3 nuevo en Espa\u00f1a, donde pas\u00f3 toda su vida. El actual propietario lo adquiri\u00f3 en 2021. Este descapotable es un excelente ejemplo del modelo Carrera 2 de la generaci\u00f3n 997, conocido por su construcci\u00f3n ligera, sus motores de altas revoluciones y su sensaci\u00f3n de conducci\u00f3n sin concesiones. Los puristas de Porsche criticaron a menudo los modelos 911 posteriores por ser demasiado grandes y pesados, pero todos coincidieron en que el 997 era el \u00faltimo de la l\u00ednea cl\u00e1sica de autom\u00f3viles. Ofrece un chasis \u00e1gil, motores de aspiraci\u00f3n natural, un sonido caracter\u00edstico y un manejo \u00fanico, especialmente en su forma RWD, como \u00e9ste. Este ejemplar est\u00e1 <strong>propulsado<\/strong> por un <strong>motor<\/strong> de <strong>3,6 litros<\/strong> <strong>y seis cilindros planos que ofrece 325 CV<\/strong> y unas prestaciones m\u00e1s que respetables. El sprint de 0 a 100 km\/h es posible en s\u00f3lo 4,8 segundos, con una velocidad m\u00e1xima de m\u00e1s de 280 km\/h. Sin embargo, lo esencial es el cambio manual de 6 velocidades, que transforma inmediatamente este cabriolet rojo de un 911 m\u00e1s en una rara pieza de coleccionista. El manual es una opci\u00f3n muy deseable que no s\u00f3lo ayuda al coche a alcanzar todo su potencial de rendimiento, sino que convierte cada conducci\u00f3n en una experiencia inolvidable.<\/p>\n<p><strong>Interior<\/strong><\/p>\n<p>El interior &#8220;Marr\u00f3n Natural&#8221; combina de forma llamativa con el exterior rojo y diferencia a\u00fan m\u00e1s este ejemplar del resto de modelos 911. El interior est\u00e1 en perfecto estado, sin ara\u00f1azos en los asientos de cuero. Tambi\u00e9n est\u00e1 bien equipado con asientos deportivos opcionales, un sistema de audio Bose y un volante a juego. El \u00fanico elemento no original es la unidad principal Kenwood con pantalla t\u00e1ctil, pero la actualizaci\u00f3n de buen gusto encaja perfectamente con el dise\u00f1o del salpicadero. A pesar de que este descapotable fue conducido como un crucero de fin de semana en la soleada Espa\u00f1a, no hay signos de da\u00f1os por el sol en el interior de cuero magn\u00edfico bronceado.<\/p>\n<p><strong>Condici\u00f3n<\/strong><\/p>\n<p>Con s\u00f3lo 43.000 kil\u00f3metros de la nueva, el estado general del coche es impecable, sin accidentes o da\u00f1os en el veh\u00edculo. La \u00faltima revisi\u00f3n del motor se realiz\u00f3 en 2022, mientras que los frenos se revisaron en octubre de 2023. El coche se limpi\u00f3 a fondo y se realiz\u00f3 un an\u00e1lisis de aceite que demostr\u00f3 que el motor y la transmisi\u00f3n estaban en perfecto estado. Los 911 siempre han tenido reputaci\u00f3n de calidad, y cuando se mantienen adecuadamente y se cuidan con esmero, como \u00e9ste, pueden durar toda la vida.<\/p>\n<p><strong>Exterior Y Ruedas  <\/strong><\/p>\n<p>La carrocer\u00eda roja est\u00e1 en perfecto estado, sin ara\u00f1azos ni abolladuras, y la capota descapotable no presenta da\u00f1os. La combinaci\u00f3n de colores es magn\u00edfica y hace que este ejemplar destaque entre la multitud. Este 911 Carrera 2 lleva las llantas de 19 pulgadas &#8220;Lobster Claw&#8221; de Porsche envueltas en neum\u00e1ticos Michelin Pilot Sport completamente nuevos.<\/p>\n<p><strong>Documentaci\u00f3n:<\/strong><\/p>\n<p>Este veh\u00edculo es vendido por el concesionario con la documentaci\u00f3n correspondiente situado en Espa\u00f1a. El informe CarFax est\u00e1 limpio; no existen pruebas de accidentes, reparaciones de accidentes, propiedad o problemas legales. Hay registros de mantenimiento regular junto con folletos y recibos originales de f\u00e1brica. La inspecci\u00f3n t\u00e9cnica espa\u00f1ola (ITV) est\u00e1 incluida entre la documentaci\u00f3n y el coche la pas\u00f3 con nota. Compruebe el <a href=\"https:\/\/pistonaddict.com\/wp-content\/uploads\/2023\/10\/CARFAX-Vehicle-History-Report-PORSCHE-911.pdf\">documento CarFax<\/a> de este hermoso Porsche 911 Carrera descapotable.<\/p>\n<p><strong>Para poder acceder a la subasta de este veh\u00edculo de alta gama se requiere una impresi\u00f3n\/retenci\u00f3n de tarjeta de cr\u00e9dito (liberada autom\u00e1ticamente).<\/strong><\/p>\n<p>Vea el v\u00eddeo de arranque en fr\u00edo de este precioso Porsche 911 Carrera descapotable :<\/p>\n<p><iframe title=\"Cold Start Video of the Porsche 911 Carrera Cabrio 325 CV\" width=\"1200\" height=\"675\" src=\"https:\/\/www.youtube.com\/embed\/FNuC3o32Erw?feature=oembed\" frameborder=\"0\" allow=\"accelerometer; autoplay; clipboard-write; encrypted-media; gyroscope; picture-in-picture; web-share\" allowfullscreen><\/iframe><\/p>\n","protected":false},"excerpt":{"rendered":"<p>El Porsche 911 ocupa un lugar especial en el mundo de los deportivos. Ya no se percibe s\u00f3lo como un veh\u00edculo, puesto que trasciende los l\u00edmites de la industria automovil\u00edstica y se ha convertido en un s\u00edmbolo cultural y una forma mundialmente reconocida. A lo largo de sus generaciones, el 911 ha evolucionado desde un peque\u00f1o coup\u00e9 deportivo hasta el lujoso GT actual. Sin embargo, supongamos que lo que busca es esa sensaci\u00f3n esencial del 911, el gru\u00f1ido de un motor b\u00f3xer atmosf\u00e9rico y la sensaci\u00f3n de conducci\u00f3n pura. En ese caso, la generaci\u00f3n 997 es la \u00faltima en ofrecer todas esas deseables virtudes cl\u00e1sicas en un envoltorio moderno. Es la perfecci\u00f3n sobre cuatro ruedas en forma descapotable y con transmisi\u00f3n manual.<\/p>\n","protected":false},"featured_media":53280,"comment_status":"open","ping_status":"closed","template":"","meta":{"inline_featured_image":false},"product_cat":[715],"product_tag":[2124,862,2122,2123,861,996],"acf":[],"yoast_head":"<!-- This site is optimized with the Yoast SEO plugin v22.5 - https:\/\/yoast.com\/wordpress\/plugins\/seo\/ -->\n<title>Porsche 911 Carrera 2 Cabrio (997) auction - Piston Addict%.<\/title>\n<meta name=\"robots\" content=\"index, follow, max-snippet:-1, max-image-preview:large, max-video-preview:-1\" \/>\n<link rel=\"canonical\" href=\"https:\/\/pistonaddict.com\/es\/product\/porsche-911-carrera-2-cabrio-997\/\" \/>\n<meta property=\"og:locale\" content=\"es_ES\" \/>\n<meta property=\"og:type\" content=\"article\" \/>\n<meta property=\"og:title\" content=\"Porsche 911 Carrera 2 Cabrio (997) auction - Piston Addict%.\" \/>\n<meta property=\"og:description\" content=\"El Porsche 911 ocupa un lugar especial en el mundo de los deportivos. Ya no se percibe s\u00f3lo como un veh\u00edculo, puesto que trasciende los l\u00edmites de la industria automovil\u00edstica y se ha convertido en un s\u00edmbolo cultural y una forma mundialmente reconocida. A lo largo de sus generaciones, el 911 ha evolucionado desde un peque\u00f1o coup\u00e9 deportivo hasta el lujoso GT actual. Sin embargo, supongamos que lo que busca es esa sensaci\u00f3n esencial del 911, el gru\u00f1ido de un motor b\u00f3xer atmosf\u00e9rico y la sensaci\u00f3n de conducci\u00f3n pura. En ese caso, la generaci\u00f3n 997 es la \u00faltima en ofrecer todas esas deseables virtudes cl\u00e1sicas en un envoltorio moderno. Es la perfecci\u00f3n sobre cuatro ruedas en forma descapotable y con transmisi\u00f3n manual.\" \/>\n<meta property=\"og:url\" content=\"https:\/\/pistonaddict.com\/es\/product\/porsche-911-carrera-2-cabrio-997\/\" \/>\n<meta property=\"og:site_name\" content=\"Piston Addict\" \/>\n<meta property=\"article:modified_time\" content=\"2023-12-20T08:49:41+00:00\" \/>\n<meta property=\"og:image\" content=\"https:\/\/pistonaddict.com\/wp-content\/uploads\/2023\/10\/20220624_201726_resized-copia.jpg\" \/>\n\t<meta property=\"og:image:width\" content=\"1008\" \/>\n\t<meta property=\"og:image:height\" content=\"567\" \/>\n\t<meta property=\"og:image:type\" content=\"image\/jpeg\" \/>\n<meta name=\"twitter:card\" content=\"summary_large_image\" \/>\n<meta name=\"twitter:label1\" content=\"Tiempo de lectura\" \/>\n\t<meta name=\"twitter:data1\" content=\"3 minutos\" \/>\n<script type=\"application\/ld+json\" class=\"yoast-schema-graph\">{\"@context\":\"https:\/\/schema.org\",\"@graph\":[{\"@type\":\"WebPage\",\"@id\":\"https:\/\/pistonaddict.com\/es\/product\/porsche-911-carrera-2-cabrio-997\/\",\"url\":\"https:\/\/pistonaddict.com\/es\/product\/porsche-911-carrera-2-cabrio-997\/\",\"name\":\"Porsche 911 Carrera 2 Cabrio (997) auction - Piston Addict%.\",\"isPartOf\":{\"@id\":\"https:\/\/pistonaddict.com\/es\/#website\"},\"primaryImageOfPage\":{\"@id\":\"https:\/\/pistonaddict.com\/es\/product\/porsche-911-carrera-2-cabrio-997\/#primaryimage\"},\"image\":{\"@id\":\"https:\/\/pistonaddict.com\/es\/product\/porsche-911-carrera-2-cabrio-997\/#primaryimage\"},\"thumbnailUrl\":\"https:\/\/pistonaddict.com\/wp-content\/uploads\/2023\/10\/20220624_201726_resized-copia.jpg\",\"datePublished\":\"2023-10-06T09:28:15+00:00\",\"dateModified\":\"2023-12-20T08:49:41+00:00\",\"breadcrumb\":{\"@id\":\"https:\/\/pistonaddict.com\/es\/product\/porsche-911-carrera-2-cabrio-997\/#breadcrumb\"},\"inLanguage\":\"es\",\"potentialAction\":[{\"@type\":\"ReadAction\",\"target\":[\"https:\/\/pistonaddict.com\/es\/product\/porsche-911-carrera-2-cabrio-997\/\"]}]},{\"@type\":\"ImageObject\",\"inLanguage\":\"es\",\"@id\":\"https:\/\/pistonaddict.com\/es\/product\/porsche-911-carrera-2-cabrio-997\/#primaryimage\",\"url\":\"https:\/\/pistonaddict.com\/wp-content\/uploads\/2023\/10\/20220624_201726_resized-copia.jpg\",\"contentUrl\":\"https:\/\/pistonaddict.com\/wp-content\/uploads\/2023\/10\/20220624_201726_resized-copia.jpg\",\"width\":1008,\"height\":567},{\"@type\":\"BreadcrumbList\",\"@id\":\"https:\/\/pistonaddict.com\/es\/product\/porsche-911-carrera-2-cabrio-997\/#breadcrumb\",\"itemListElement\":[{\"@type\":\"ListItem\",\"position\":1,\"name\":\"bienvenida\",\"item\":\"https:\/\/pistonaddict.com\/es\/pagina-web\/\"},{\"@type\":\"ListItem\",\"position\":2,\"name\":\"Auctions\",\"item\":\"https:\/\/pistonaddict.com\/auctions-listing\/\"},{\"@type\":\"ListItem\",\"position\":3,\"name\":\"Porsche 911 Carrera 2 Cabrio (997)\"}]},{\"@type\":\"WebSite\",\"@id\":\"https:\/\/pistonaddict.com\/es\/#website\",\"url\":\"https:\/\/pistonaddict.com\/es\/\",\"name\":\"Piston Addict\",\"description\":\"Only interesting vehicles\",\"publisher\":{\"@id\":\"https:\/\/pistonaddict.com\/es\/#organization\"},\"potentialAction\":[{\"@type\":\"SearchAction\",\"target\":{\"@type\":\"EntryPoint\",\"urlTemplate\":\"https:\/\/pistonaddict.com\/es\/?s={search_term_string}\"},\"query-input\":\"required name=search_term_string\"}],\"inLanguage\":\"es\"},{\"@type\":\"Organization\",\"@id\":\"https:\/\/pistonaddict.com\/es\/#organization\",\"name\":\"Piston Addict\",\"url\":\"https:\/\/pistonaddict.com\/es\/\",\"logo\":{\"@type\":\"ImageObject\",\"inLanguage\":\"es\",\"@id\":\"https:\/\/pistonaddict.com\/es\/#\/schema\/logo\/image\/\",\"url\":\"https:\/\/pistonaddict.com\/wp-content\/uploads\/2022\/07\/logo-6.png\",\"contentUrl\":\"https:\/\/pistonaddict.com\/wp-content\/uploads\/2022\/07\/logo-6.png\",\"width\":970,\"height\":200,\"caption\":\"Piston Addict\"},\"image\":{\"@id\":\"https:\/\/pistonaddict.com\/es\/#\/schema\/logo\/image\/\"}}]}<\/script>\n<!-- \/ Yoast SEO plugin. -->","yoast_head_json":{"title":"Porsche 911 Carrera 2 Cabrio (997) auction - Piston Addict%.","robots":{"index":"index","follow":"follow","max-snippet":"max-snippet:-1","max-image-preview":"max-image-preview:large","max-video-preview":"max-video-preview:-1"},"canonical":"https:\/\/pistonaddict.com\/es\/product\/porsche-911-carrera-2-cabrio-997\/","og_locale":"es_ES","og_type":"article","og_title":"Porsche 911 Carrera 2 Cabrio (997) auction - Piston Addict%.","og_description":"El Porsche 911 ocupa un lugar especial en el mundo de los deportivos. Ya no se percibe s\u00f3lo como un veh\u00edculo, puesto que trasciende los l\u00edmites de la industria automovil\u00edstica y se ha convertido en un s\u00edmbolo cultural y una forma mundialmente reconocida. A lo largo de sus generaciones, el 911 ha evolucionado desde un peque\u00f1o coup\u00e9 deportivo hasta el lujoso GT actual. Sin embargo, supongamos que lo que busca es esa sensaci\u00f3n esencial del 911, el gru\u00f1ido de un motor b\u00f3xer atmosf\u00e9rico y la sensaci\u00f3n de conducci\u00f3n pura. En ese caso, la generaci\u00f3n 997 es la \u00faltima en ofrecer todas esas deseables virtudes cl\u00e1sicas en un envoltorio moderno. Es la perfecci\u00f3n sobre cuatro ruedas en forma descapotable y con transmisi\u00f3n manual.","og_url":"https:\/\/pistonaddict.com\/es\/product\/porsche-911-carrera-2-cabrio-997\/","og_site_name":"Piston Addict","article_modified_time":"2023-12-20T08:49:41+00:00","og_image":[{"width":1008,"height":567,"url":"https:\/\/pistonaddict.com\/wp-content\/uploads\/2023\/10\/20220624_201726_resized-copia.jpg","type":"image\/jpeg"}],"twitter_card":"summary_large_image","twitter_misc":{"Tiempo de lectura":"3 minutos"},"schema":{"@context":"https:\/\/schema.org","@graph":[{"@type":"WebPage","@id":"https:\/\/pistonaddict.com\/es\/product\/porsche-911-carrera-2-cabrio-997\/","url":"https:\/\/pistonaddict.com\/es\/product\/porsche-911-carrera-2-cabrio-997\/","name":"Porsche 911 Carrera 2 Cabrio (997) auction - Piston Addict%.","isPartOf":{"@id":"https:\/\/pistonaddict.com\/es\/#website"},"primaryImageOfPage":{"@id":"https:\/\/pistonaddict.com\/es\/product\/porsche-911-carrera-2-cabrio-997\/#primaryimage"},"image":{"@id":"https:\/\/pistonaddict.com\/es\/product\/porsche-911-carrera-2-cabrio-997\/#primaryimage"},"thumbnailUrl":"https:\/\/pistonaddict.com\/wp-content\/uploads\/2023\/10\/20220624_201726_resized-copia.jpg","datePublished":"2023-10-06T09:28:15+00:00","dateModified":"2023-12-20T08:49:41+00:00","breadcrumb":{"@id":"https:\/\/pistonaddict.com\/es\/product\/porsche-911-carrera-2-cabrio-997\/#breadcrumb"},"inLanguage":"es","potentialAction":[{"@type":"ReadAction","target":["https:\/\/pistonaddict.com\/es\/product\/porsche-911-carrera-2-cabrio-997\/"]}]},{"@type":"ImageObject","inLanguage":"es","@id":"https:\/\/pistonaddict.com\/es\/product\/porsche-911-carrera-2-cabrio-997\/#primaryimage","url":"https:\/\/pistonaddict.com\/wp-content\/uploads\/2023\/10\/20220624_201726_resized-copia.jpg","contentUrl":"https:\/\/pistonaddict.com\/wp-content\/uploads\/2023\/10\/20220624_201726_resized-copia.jpg","width":1008,"height":567},{"@type":"BreadcrumbList","@id":"https:\/\/pistonaddict.com\/es\/product\/porsche-911-carrera-2-cabrio-997\/#breadcrumb","itemListElement":[{"@type":"ListItem","position":1,"name":"bienvenida","item":"https:\/\/pistonaddict.com\/es\/pagina-web\/"},{"@type":"ListItem","position":2,"name":"Auctions","item":"https:\/\/pistonaddict.com\/auctions-listing\/"},{"@type":"ListItem","position":3,"name":"Porsche 911 Carrera 2 Cabrio (997)"}]},{"@type":"WebSite","@id":"https:\/\/pistonaddict.com\/es\/#website","url":"https:\/\/pistonaddict.com\/es\/","name":"Piston Addict","description":"Only interesting vehicles","publisher":{"@id":"https:\/\/pistonaddict.com\/es\/#organization"},"potentialAction":[{"@type":"SearchAction","target":{"@type":"EntryPoint","urlTemplate":"https:\/\/pistonaddict.com\/es\/?s={search_term_string}"},"query-input":"required name=search_term_string"}],"inLanguage":"es"},{"@type":"Organization","@id":"https:\/\/pistonaddict.com\/es\/#organization","name":"Piston Addict","url":"https:\/\/pistonaddict.com\/es\/","logo":{"@type":"ImageObject","inLanguage":"es","@id":"https:\/\/pistonaddict.com\/es\/#\/schema\/logo\/image\/","url":"https:\/\/pistonaddict.com\/wp-content\/uploads\/2022\/07\/logo-6.png","contentUrl":"https:\/\/pistonaddict.com\/wp-content\/uploads\/2022\/07\/logo-6.png","width":970,"height":200,"caption":"Piston Addict"},"image":{"@id":"https:\/\/pistonaddict.com\/es\/#\/schema\/logo\/image\/"}}]}},"_links":{"self":[{"href":"https:\/\/pistonaddict.com\/es\/wp-json\/wp\/v2\/product\/53496"}],"collection":[{"href":"https:\/\/pistonaddict.com\/es\/wp-json\/wp\/v2\/product"}],"about":[{"href":"https:\/\/pistonaddict.com\/es\/wp-json\/wp\/v2\/types\/product"}],"replies":[{"embeddable":true,"href":"https:\/\/pistonaddict.com\/es\/wp-json\/wp\/v2\/comments?post=53496"}],"wp:featuredmedia":[{"embeddable":true,"href":"https:\/\/pistonaddict.com\/es\/wp-json\/wp\/v2\/media\/53280"}],"wp:attachment":[{"href":"https:\/\/pistonaddict.com\/es\/wp-json\/wp\/v2\/media?parent=53496"}],"wp:term":[{"taxonomy":"product_cat","embeddable":true,"href":"https:\/\/pistonaddict.com\/es\/wp-json\/wp\/v2\/product_cat?post=53496"},{"taxonomy":"product_tag","embeddable":true,"href":"https:\/\/pistonaddict.com\/es\/wp-json\/wp\/v2\/product_tag?post=53496"}],"curies":[{"name":"wp","href":"https:\/\/api.w.org\/{rel}","templated":true}]}}