{"id":47836,"date":"2024-01-16T09:00:29","date_gmt":"2024-01-16T08:00:29","guid":{"rendered":"https:\/\/pistonaddict.com\/product\/morgan-roadster-v6-3-0\/"},"modified":"2024-03-20T09:43:31","modified_gmt":"2024-03-20T08:43:31","slug":"morgan-roadster-v6-3-0","status":"publish","type":"product","link":"https:\/\/pistonaddict.com\/es\/product\/morgan-roadster-v6-3-0\/","title":{"rendered":"Morgan Roadster V6 3.0"},"content":{"rendered":"<p><strong>Historia del coche<\/strong><\/p>\n<p>El actual propietario de este elegante roadster adquiri\u00f3 el coche en 2010, cuando solo ten\u00eda tres a\u00f1os. Se entreg\u00f3 nuevo y pas\u00f3 toda su vida en Espa\u00f1a, utiliz\u00e1ndose para relajantes paseos por la costa. Esta generaci\u00f3n del venerable roadster de Morgan se present\u00f3 en 2004, y aunque era casi indistinguible desde el exterior, presentaba una mejora muy bienvenida bajo ese largo cap\u00f3: el V6 Duratec de 3,0 litros de Ford. Con 24 v\u00e1lvulas, una construcci\u00f3n moderna y una fiabilidad inigualable, el V6 de Ford es mejor que el viejo V8 de Rover que utilizaba Morgan en casi todos los sentidos. Este motor entrega unos respetables 223 CV, y como el V6 es m\u00e1s corto que el V8, est\u00e1 situado m\u00e1s hacia el centro del coche, lo que hace que se maneje mejor. Como probablemente sepas, uno de los secretos de la din\u00e1mica de conducci\u00f3n \u00fanica de Morgan es su chasis, parcialmente fabricado en madera. As\u00ed que, cuando tienes un roadster que pesa poco menos de una tonelada, vives una experiencia de conducci\u00f3n v\u00edvida y notas cada detalle de c\u00f3mo conduce, acelera y se maneja. Y, por cierto, puede alcanzar los 100 km\/h en 5,5 segundos, lo que lo hace muy emocionante de conducir.<\/p>\n<p><strong>Condici\u00f3n<\/strong><\/p>\n<p>Este Morgan Roadster ha recorrido poco m\u00e1s de 41.000 kil\u00f3metros y tiene dos propietarios desde nuevo. El estado general es muy bueno, sin da\u00f1os, choques ni reparaciones exteriores. Se mantuvo regularmente sin modificaciones en el motor, la carrocer\u00eda o la suspensi\u00f3n. El propietario revis\u00f3 recientemente los frenos e hizo un an\u00e1lisis de aceite que dio negativo, lo que significa que el motor est\u00e1 en perfectas condiciones. Era de esperar, ya que el V6 de 3.0 litros de Ford es conocido por su durabilidad y longevidad.<\/p>\n<p><strong>Interior<\/strong><\/p>\n<p>Una de las mejores caracter\u00edsticas del Morgan Roadster era su interior cl\u00e1sico pero elegante y, en este caso, se ha mejorado con el legendario volante de madera Moto-Lita. El salpicadero de madera cuenta con instrumentaci\u00f3n completa, sistema de audio y reloj. Al mismo tiempo, los asientos est\u00e1n tapizados en un bonito cuero beige, que est\u00e1 en perfecto estado y combina a la perfecci\u00f3n con el color exterior. El techo convertible negro tambi\u00e9n est\u00e1 en gran forma y rara vez se utiliza ya que el veh\u00edculo fue almacenado en el garaje y conducido en buen tiempo. Tambi\u00e9n se incluye la cubierta interior original de Morgan.<\/p>\n<p><strong>Exterior y ruedas<\/strong><\/p>\n<p>Oficialmente llamado Verde Connaught pero m\u00e1s famoso como BRG (British Racing Green), este Morgan est\u00e1 acabado en el color m\u00e1s deseable de todos. Un tono oscuro cl\u00e1sico que combina a la perfecci\u00f3n con el interior beige es la especificaci\u00f3n definitiva para cualquier roadster brit\u00e1nico cl\u00e1sico. La carrocer\u00eda est\u00e1 en perfecto estado, sin ara\u00f1azos ni decoloraci\u00f3n y con detalles interesantes como los faros antiniebla, las insignias y las correas de cuero que sujetan el cap\u00f3 (la pegatina del cap\u00f3 se puede quitar f\u00e1cilmente). El aspecto se completa con el juego de llantas de alambre de 18 pulgadas envueltas en neum\u00e1ticos Yokohama, junto con la rueda de repuesto de tama\u00f1o completo montada en la parte trasera. Las ruedas pueden parecer de los a\u00f1os 40, pero son totalmente nuevas y han sido recreadas con esmero para adaptarse a las gomas modernas.<\/p>\n<p><strong>Documentaci\u00f3n<\/strong><\/p>\n<p>Se trata de un veh\u00edculo de propiedad privada con documentaci\u00f3n en regla situado en Palma de Mallorca, Espa\u00f1a. Los informes est\u00e1n limpios; no existen pruebas de accidentes, reparaciones de accidentes, propiedad o problemas legales. Hay registros de mantenimiento regular que se remontan a 2020.<br \/>\nPuedes consultar el CarFax de este Morgan Roadster V6 descapotable <a href=\"https:\/\/pistonaddict.com\/wp-content\/uploads\/2023\/08\/CARFAX-Vehicle-History-Report-MORGAN-ROADSTER-Convertible-2007.pdf\">aqu\u00ed<\/a>. <strong>ITV pasada y v\u00e1lida hasta el 4 de agosto de 2024<\/strong>.<\/p>\n<p><strong>Equipamiento y extras<\/strong><\/p>\n<p>&#8211; Volante de madera Motolita classic<br \/>\n&#8211; Salpicadero de madera<br \/>\n&#8211; Pomo de la palanca de cambios de acero<br \/>\n&#8211; Bolsillos laterales en las puertas de cuero<br \/>\n&#8211; Embellecedores del travesa\u00f1o del escudo Morgan<br \/>\n&#8211; Embellecedores interiores de cerraduras con escudo Morgan<br \/>\n&#8211; Reloj<br \/>\n&#8211; Radio CD\/MP3 Blaupunkt<br \/>\n&#8211; 2 luces delanteras adicionales<br \/>\n&#8211; Cintur\u00f3n interior de cuero forrado con piel de oveja en la parte superior del cap\u00f3<br \/>\n&#8211; Parasoles de cuero negro<br \/>\n&#8211; Desconectador de bater\u00eda antirrobo<br \/>\n&#8211; Barra delantera para insignias\/escudos<br \/>\n&#8211; Funda de capota de cuero negro con escudo Morgan<br \/>\n&#8211; 2 fundas de cuero negro para cristales de metacrilato con escudo Morgan<br \/>\n&#8211; Funda de protecci\u00f3n interior para el coche (tela azul) con escudo Morgan<\/p>\n<p><strong>Vea el v\u00eddeo de arranque en fr\u00edo de este precioso Morgan Roadster V6 descapotable :<\/strong><\/p>\n<p><iframe title=\"Cold Start : Morgan Roadster V6 3.0 on PistonAddict.com\" width=\"1200\" height=\"675\" src=\"https:\/\/www.youtube.com\/embed\/yLSfe-ePOFg?start=29&#038;feature=oembed\" frameborder=\"0\" allow=\"accelerometer; autoplay; clipboard-write; encrypted-media; gyroscope; picture-in-picture; web-share\" allowfullscreen><\/iframe><\/p>\n","protected":false},"excerpt":{"rendered":"<p>Entre los muchos cl\u00e1sicos del Reino Unido, el Morgan Roadster es innegablemente y por excelencia el ep\u00edtome del encanto brit\u00e1nico en forma de autom\u00f3vil. Con un dise\u00f1o atemporal que se remonta a los primeros d\u00edas de los roadsters y un linaje de modelos ininterrumpido desde 1950, el moderno Morgan Plus Six es una irresistible combinaci\u00f3n de construcci\u00f3n \u00fanica, fabricaci\u00f3n a medida y artesanal, y un potente V6 que transforma este cl\u00e1sico de buena fe en un capaz deportivo descapotable.<\/p>\n","protected":false},"featured_media":46742,"comment_status":"open","ping_status":"closed","template":"","meta":{"inline_featured_image":false},"product_cat":[715],"product_tag":[2041,2040,2038,2039,996],"acf":[],"yoast_head":"<!-- This site is optimized with the Yoast SEO plugin v22.5 - https:\/\/yoast.com\/wordpress\/plugins\/seo\/ -->\n<title>Morgan Roadster V6 3.0 auction - Piston Addict%.<\/title>\n<meta name=\"description\" content=\"Impresionante Morgan Roadster V6 3.0 a partir de 2007 en excelentes condiciones en la subasta de venta en PistonAddict.com\" \/>\n<meta name=\"robots\" content=\"index, follow, max-snippet:-1, max-image-preview:large, max-video-preview:-1\" \/>\n<link rel=\"canonical\" href=\"https:\/\/pistonaddict.com\/es\/product\/morgan-roadster-v6-3-0\/\" \/>\n<meta property=\"og:locale\" content=\"es_ES\" \/>\n<meta property=\"og:type\" content=\"article\" \/>\n<meta property=\"og:title\" content=\"Morgan Roadster V6 3.0 auction - Piston Addict%.\" \/>\n<meta property=\"og:description\" content=\"Impresionante Morgan Roadster V6 3.0 a partir de 2007 en excelentes condiciones en la subasta de venta en PistonAddict.com\" \/>\n<meta property=\"og:url\" content=\"https:\/\/pistonaddict.com\/es\/product\/morgan-roadster-v6-3-0\/\" \/>\n<meta property=\"og:site_name\" content=\"Piston Addict\" \/>\n<meta property=\"article:modified_time\" content=\"2024-03-20T08:43:31+00:00\" \/>\n<meta property=\"og:image\" content=\"https:\/\/pistonaddict.com\/wp-content\/uploads\/2023\/08\/DSC0169-scaled.jpg\" \/>\n\t<meta property=\"og:image:width\" content=\"2560\" \/>\n\t<meta property=\"og:image:height\" content=\"1707\" \/>\n\t<meta property=\"og:image:type\" content=\"image\/jpeg\" \/>\n<meta name=\"twitter:card\" content=\"summary_large_image\" \/>\n<meta name=\"twitter:label1\" content=\"Tiempo de lectura\" \/>\n\t<meta name=\"twitter:data1\" content=\"4 minutos\" \/>\n<script type=\"application\/ld+json\" class=\"yoast-schema-graph\">{\"@context\":\"https:\/\/schema.org\",\"@graph\":[{\"@type\":\"WebPage\",\"@id\":\"https:\/\/pistonaddict.com\/es\/product\/morgan-roadster-v6-3-0\/\",\"url\":\"https:\/\/pistonaddict.com\/es\/product\/morgan-roadster-v6-3-0\/\",\"name\":\"Morgan Roadster V6 3.0 auction - Piston Addict%.\",\"isPartOf\":{\"@id\":\"https:\/\/pistonaddict.com\/es\/#website\"},\"primaryImageOfPage\":{\"@id\":\"https:\/\/pistonaddict.com\/es\/product\/morgan-roadster-v6-3-0\/#primaryimage\"},\"image\":{\"@id\":\"https:\/\/pistonaddict.com\/es\/product\/morgan-roadster-v6-3-0\/#primaryimage\"},\"thumbnailUrl\":\"https:\/\/pistonaddict.com\/wp-content\/uploads\/2023\/08\/DSC0169-scaled.jpg\",\"datePublished\":\"2024-01-16T08:00:29+00:00\",\"dateModified\":\"2024-03-20T08:43:31+00:00\",\"description\":\"Impresionante Morgan Roadster V6 3.0 a partir de 2007 en excelentes condiciones en la subasta de venta en PistonAddict.com\",\"breadcrumb\":{\"@id\":\"https:\/\/pistonaddict.com\/es\/product\/morgan-roadster-v6-3-0\/#breadcrumb\"},\"inLanguage\":\"es\",\"potentialAction\":[{\"@type\":\"ReadAction\",\"target\":[\"https:\/\/pistonaddict.com\/es\/product\/morgan-roadster-v6-3-0\/\"]}]},{\"@type\":\"ImageObject\",\"inLanguage\":\"es\",\"@id\":\"https:\/\/pistonaddict.com\/es\/product\/morgan-roadster-v6-3-0\/#primaryimage\",\"url\":\"https:\/\/pistonaddict.com\/wp-content\/uploads\/2023\/08\/DSC0169-scaled.jpg\",\"contentUrl\":\"https:\/\/pistonaddict.com\/wp-content\/uploads\/2023\/08\/DSC0169-scaled.jpg\",\"width\":2560,\"height\":1707},{\"@type\":\"BreadcrumbList\",\"@id\":\"https:\/\/pistonaddict.com\/es\/product\/morgan-roadster-v6-3-0\/#breadcrumb\",\"itemListElement\":[{\"@type\":\"ListItem\",\"position\":1,\"name\":\"bienvenida\",\"item\":\"https:\/\/pistonaddict.com\/es\/pagina-web\/\"},{\"@type\":\"ListItem\",\"position\":2,\"name\":\"Auctions\",\"item\":\"https:\/\/pistonaddict.com\/auctions-listing\/\"},{\"@type\":\"ListItem\",\"position\":3,\"name\":\"Morgan Roadster V6 3.0\"}]},{\"@type\":\"WebSite\",\"@id\":\"https:\/\/pistonaddict.com\/es\/#website\",\"url\":\"https:\/\/pistonaddict.com\/es\/\",\"name\":\"Piston Addict\",\"description\":\"Only interesting vehicles\",\"publisher\":{\"@id\":\"https:\/\/pistonaddict.com\/es\/#organization\"},\"potentialAction\":[{\"@type\":\"SearchAction\",\"target\":{\"@type\":\"EntryPoint\",\"urlTemplate\":\"https:\/\/pistonaddict.com\/es\/?s={search_term_string}\"},\"query-input\":\"required name=search_term_string\"}],\"inLanguage\":\"es\"},{\"@type\":\"Organization\",\"@id\":\"https:\/\/pistonaddict.com\/es\/#organization\",\"name\":\"Piston Addict\",\"url\":\"https:\/\/pistonaddict.com\/es\/\",\"logo\":{\"@type\":\"ImageObject\",\"inLanguage\":\"es\",\"@id\":\"https:\/\/pistonaddict.com\/es\/#\/schema\/logo\/image\/\",\"url\":\"https:\/\/pistonaddict.com\/wp-content\/uploads\/2022\/07\/logo-6.png\",\"contentUrl\":\"https:\/\/pistonaddict.com\/wp-content\/uploads\/2022\/07\/logo-6.png\",\"width\":970,\"height\":200,\"caption\":\"Piston Addict\"},\"image\":{\"@id\":\"https:\/\/pistonaddict.com\/es\/#\/schema\/logo\/image\/\"}}]}<\/script>\n<!-- \/ Yoast SEO plugin. -->","yoast_head_json":{"title":"Morgan Roadster V6 3.0 auction - Piston Addict%.","description":"Impresionante Morgan Roadster V6 3.0 a partir de 2007 en excelentes condiciones en la subasta de venta en PistonAddict.com","robots":{"index":"index","follow":"follow","max-snippet":"max-snippet:-1","max-image-preview":"max-image-preview:large","max-video-preview":"max-video-preview:-1"},"canonical":"https:\/\/pistonaddict.com\/es\/product\/morgan-roadster-v6-3-0\/","og_locale":"es_ES","og_type":"article","og_title":"Morgan Roadster V6 3.0 auction - Piston Addict%.","og_description":"Impresionante Morgan Roadster V6 3.0 a partir de 2007 en excelentes condiciones en la subasta de venta en PistonAddict.com","og_url":"https:\/\/pistonaddict.com\/es\/product\/morgan-roadster-v6-3-0\/","og_site_name":"Piston Addict","article_modified_time":"2024-03-20T08:43:31+00:00","og_image":[{"width":2560,"height":1707,"url":"https:\/\/pistonaddict.com\/wp-content\/uploads\/2023\/08\/DSC0169-scaled.jpg","type":"image\/jpeg"}],"twitter_card":"summary_large_image","twitter_misc":{"Tiempo de lectura":"4 minutos"},"schema":{"@context":"https:\/\/schema.org","@graph":[{"@type":"WebPage","@id":"https:\/\/pistonaddict.com\/es\/product\/morgan-roadster-v6-3-0\/","url":"https:\/\/pistonaddict.com\/es\/product\/morgan-roadster-v6-3-0\/","name":"Morgan Roadster V6 3.0 auction - Piston Addict%.","isPartOf":{"@id":"https:\/\/pistonaddict.com\/es\/#website"},"primaryImageOfPage":{"@id":"https:\/\/pistonaddict.com\/es\/product\/morgan-roadster-v6-3-0\/#primaryimage"},"image":{"@id":"https:\/\/pistonaddict.com\/es\/product\/morgan-roadster-v6-3-0\/#primaryimage"},"thumbnailUrl":"https:\/\/pistonaddict.com\/wp-content\/uploads\/2023\/08\/DSC0169-scaled.jpg","datePublished":"2024-01-16T08:00:29+00:00","dateModified":"2024-03-20T08:43:31+00:00","description":"Impresionante Morgan Roadster V6 3.0 a partir de 2007 en excelentes condiciones en la subasta de venta en PistonAddict.com","breadcrumb":{"@id":"https:\/\/pistonaddict.com\/es\/product\/morgan-roadster-v6-3-0\/#breadcrumb"},"inLanguage":"es","potentialAction":[{"@type":"ReadAction","target":["https:\/\/pistonaddict.com\/es\/product\/morgan-roadster-v6-3-0\/"]}]},{"@type":"ImageObject","inLanguage":"es","@id":"https:\/\/pistonaddict.com\/es\/product\/morgan-roadster-v6-3-0\/#primaryimage","url":"https:\/\/pistonaddict.com\/wp-content\/uploads\/2023\/08\/DSC0169-scaled.jpg","contentUrl":"https:\/\/pistonaddict.com\/wp-content\/uploads\/2023\/08\/DSC0169-scaled.jpg","width":2560,"height":1707},{"@type":"BreadcrumbList","@id":"https:\/\/pistonaddict.com\/es\/product\/morgan-roadster-v6-3-0\/#breadcrumb","itemListElement":[{"@type":"ListItem","position":1,"name":"bienvenida","item":"https:\/\/pistonaddict.com\/es\/pagina-web\/"},{"@type":"ListItem","position":2,"name":"Auctions","item":"https:\/\/pistonaddict.com\/auctions-listing\/"},{"@type":"ListItem","position":3,"name":"Morgan Roadster V6 3.0"}]},{"@type":"WebSite","@id":"https:\/\/pistonaddict.com\/es\/#website","url":"https:\/\/pistonaddict.com\/es\/","name":"Piston Addict","description":"Only interesting vehicles","publisher":{"@id":"https:\/\/pistonaddict.com\/es\/#organization"},"potentialAction":[{"@type":"SearchAction","target":{"@type":"EntryPoint","urlTemplate":"https:\/\/pistonaddict.com\/es\/?s={search_term_string}"},"query-input":"required name=search_term_string"}],"inLanguage":"es"},{"@type":"Organization","@id":"https:\/\/pistonaddict.com\/es\/#organization","name":"Piston Addict","url":"https:\/\/pistonaddict.com\/es\/","logo":{"@type":"ImageObject","inLanguage":"es","@id":"https:\/\/pistonaddict.com\/es\/#\/schema\/logo\/image\/","url":"https:\/\/pistonaddict.com\/wp-content\/uploads\/2022\/07\/logo-6.png","contentUrl":"https:\/\/pistonaddict.com\/wp-content\/uploads\/2022\/07\/logo-6.png","width":970,"height":200,"caption":"Piston Addict"},"image":{"@id":"https:\/\/pistonaddict.com\/es\/#\/schema\/logo\/image\/"}}]}},"_links":{"self":[{"href":"https:\/\/pistonaddict.com\/es\/wp-json\/wp\/v2\/product\/47836"}],"collection":[{"href":"https:\/\/pistonaddict.com\/es\/wp-json\/wp\/v2\/product"}],"about":[{"href":"https:\/\/pistonaddict.com\/es\/wp-json\/wp\/v2\/types\/product"}],"replies":[{"embeddable":true,"href":"https:\/\/pistonaddict.com\/es\/wp-json\/wp\/v2\/comments?post=47836"}],"wp:featuredmedia":[{"embeddable":true,"href":"https:\/\/pistonaddict.com\/es\/wp-json\/wp\/v2\/media\/46742"}],"wp:attachment":[{"href":"https:\/\/pistonaddict.com\/es\/wp-json\/wp\/v2\/media?parent=47836"}],"wp:term":[{"taxonomy":"product_cat","embeddable":true,"href":"https:\/\/pistonaddict.com\/es\/wp-json\/wp\/v2\/product_cat?post=47836"},{"taxonomy":"product_tag","embeddable":true,"href":"https:\/\/pistonaddict.com\/es\/wp-json\/wp\/v2\/product_tag?post=47836"}],"curies":[{"name":"wp","href":"https:\/\/api.w.org\/{rel}","templated":true}]}}