{"id":45988,"date":"2023-06-16T15:02:15","date_gmt":"2023-06-16T13:02:15","guid":{"rendered":"https:\/\/pistonaddict.com\/product\/audi-r8-v10-dinamita-roja\/"},"modified":"2023-12-20T09:47:36","modified_gmt":"2023-12-20T08:47:36","slug":"audi-r8-v10-red-dynamite","status":"publish","type":"product","link":"https:\/\/pistonaddict.com\/es\/product\/audi-r8-v10-red-dynamite\/","title":{"rendered":"Audi R8 V10 Dinamita Roja"},"content":{"rendered":"<h2>Exterior<\/h2>\n<p>Con un acabado en rojo brillante y detalles en negro, Pintado en rojo brillante, este Audi R8 no pasar\u00e1 desapercibido all\u00e1 donde se presente. Adem\u00e1s, elementos como la parrilla cromada y las carcasas de fibra de carbono de los retrovisores no hacen sino realzar su aspecto. Pero, hablando con franqueza, el R8 es un coche impresionante en cualquier color e independientemente de la presencia de esos detalles.<\/p>\n<p>La conclusi\u00f3n es que con el R8, los dise\u00f1adores alemanes han logrado una mezcla casi perfecta de agresividad y sutileza. Cuesta creer que debajo est\u00e9 el Lamborgini Aventador, que es mucho m\u00e1s llamativo y extravagante. As\u00ed que, si buscas un deportivo capaz pero no quieres parecer un fanfarr\u00f3n, el R8 es una de las mejores apuestas. Algunos de los restantes detalles dignos de menci\u00f3n que ofrece este biplaza incluyen un enorme aler\u00f3n trasero y llantas de 20 pulgadas montadas de f\u00e1brica con neum\u00e1ticos Good Year Eagle completamente nuevos.<\/p>\n<h2>Interior<\/h2>\n<p>El interior de este R8 en particular est\u00e1 dominado por una combinaci\u00f3n de cuero negro, costuras rojas y piezas decorativas de fibra de carbono. Los asientos, que parecen reci\u00e9n salidos de f\u00e1brica, ofrecen apoyo y comodidad al mismo tiempo. Adem\u00e1s, hay un volante de 3 radios forrado en cuero con botones de control para todas las funciones esenciales. Aparte de los habituales, como los del equipo de m\u00fasica o los ordenadores de viaje, incluye el bot\u00f3n para la selecci\u00f3n del modo de conducci\u00f3n, el control de lanzamiento y el ajuste del escape.<\/p>\n<p>Detr\u00e1s del volante hay un cuadro de instrumentos digital que, adem\u00e1s de la informaci\u00f3n b\u00e1sica, puede mostrar mucho m\u00e1s. Esto incluye navegaci\u00f3n, c\u00e1mara de visi\u00f3n trasera y equipo de m\u00fasica, que, por cierto, est\u00e1 fabricado por la mundialmente famosa Bang&amp;Olufsen.<\/p>\n<h2>Mec\u00e1nica<\/h2>\n<p>Bajo la sutil y elegante piel, esta segunda generaci\u00f3n del R8 tiene un chasis m\u00e1s r\u00edgido y ligero fabricado en aluminio y fibra de carbono. Pero la parte m\u00e1s significativa de este coche es, como era de esperar, su motor, un potente V10 de 5,2 litros. Y siendo lo que Audi llama un modelo Plus, produce 610 caballos de potencia y 560 Nm de par, que se entregan a todas las ruedas a trav\u00e9s de un sistema Quattro y un cambio autom\u00e1tico de 7 velocidades. Con todo ello, este R8 pasar\u00e1 de 0 a 100 en aproximadamente 3 segundos y alcanzar\u00e1 una velocidad m\u00e1xima de 329 km\/h. Y para garantizar una potencia de frenado a la altura de toda esta velocidad, dispone de enormes frenos por todas partes.<\/p>\n<h2>Historial del veh\u00edculo<\/h2>\n<p>Seg\u00fan el vendedor, este Audi R8 fue revisado por \u00faltima vez en octubre de 2022, mientras que los frenos fueron revisados hace apenas unos d\u00edas. Adem\u00e1s, no se conocen fallos ni advertencias en el salpicadero. Por \u00faltimo, a juzgar por las fotos facilitadas, no hay imperfecciones de carrocer\u00eda que rese\u00f1ar.<\/p>\n<p>&nbsp;<\/p>\n<p><strong>Para poder acceder a la subasta de este veh\u00edculo de alta gama es necesario imprimir\/retener una tarjeta de cr\u00e9dito.<\/strong><\/p>\n","protected":false},"excerpt":{"rendered":"<p>El coche que est\u00e1 a la venta aqu\u00ed es posiblemente uno de los modelos con mejores prestaciones de su clase: el ic\u00f3nico Audi R8. Fue, y sigue siendo, el primer intento del fabricante de Ingolstadt en el mercado de los supercoches, que result\u00f3 ser un gran \u00e9xito. Seg\u00fan el vendedor, este veh\u00edculo est\u00e1 completamente revisado y no ha tenido ning\u00fan accidente, con un informe de CarVertical que lo respalda. Adem\u00e1s, ha hecho menos de 50.000 km hasta ahora, lo que no es mucho para un coche como este. Por \u00faltimo, este <strong>Audi R8 V10 plus Quattro <\/strong>de 2015 se encuentra actualmente en B\u00e9lgica, donde est\u00e1 matriculado desde que era nuevo. Puedes hacer una oferta por ese coche <a href=\"https:\/\/pistonaddict.com\/contact-us\/\">poni\u00e9ndote en contacto con nosotros<\/a>.<\/p>\n","protected":false},"featured_media":43360,"comment_status":"open","ping_status":"closed","template":"","meta":{"inline_featured_image":false},"product_cat":[715],"product_tag":[1920,1922,919],"acf":[],"yoast_head":"<!-- This site is optimized with the Yoast SEO plugin v22.5 - https:\/\/yoast.com\/wordpress\/plugins\/seo\/ -->\n<title>Audi R8 V10 Dinamita Roja auction - Piston Addict%.<\/title>\n<meta name=\"description\" content=\"El coche que se subasta aqu\u00ed es posiblemente uno de los modelos con mejores prestaciones de su clase: el ic\u00f3nico Audi R8 V10.\" \/>\n<meta name=\"robots\" content=\"index, follow, max-snippet:-1, max-image-preview:large, max-video-preview:-1\" \/>\n<link rel=\"canonical\" href=\"https:\/\/pistonaddict.com\/es\/product\/audi-r8-v10-red-dynamite\/\" \/>\n<meta property=\"og:locale\" content=\"es_ES\" \/>\n<meta property=\"og:type\" content=\"article\" \/>\n<meta property=\"og:title\" content=\"Audi R8 V10 Dinamita Roja auction - Piston Addict%.\" \/>\n<meta property=\"og:description\" content=\"El coche que se subasta aqu\u00ed es posiblemente uno de los modelos con mejores prestaciones de su clase: el ic\u00f3nico Audi R8 V10.\" \/>\n<meta property=\"og:url\" content=\"https:\/\/pistonaddict.com\/es\/product\/audi-r8-v10-red-dynamite\/\" \/>\n<meta property=\"og:site_name\" content=\"Piston Addict\" \/>\n<meta property=\"article:modified_time\" content=\"2023-12-20T08:47:36+00:00\" \/>\n<meta property=\"og:image\" content=\"https:\/\/pistonaddict.com\/wp-content\/uploads\/2023\/06\/DSC_0412.jpg\" \/>\n\t<meta property=\"og:image:width\" content=\"2048\" \/>\n\t<meta property=\"og:image:height\" content=\"1365\" \/>\n\t<meta property=\"og:image:type\" content=\"image\/jpeg\" \/>\n<meta name=\"twitter:card\" content=\"summary_large_image\" \/>\n<meta name=\"twitter:label1\" content=\"Tiempo de lectura\" \/>\n\t<meta name=\"twitter:data1\" content=\"3 minutos\" \/>\n<script type=\"application\/ld+json\" class=\"yoast-schema-graph\">{\"@context\":\"https:\/\/schema.org\",\"@graph\":[{\"@type\":\"WebPage\",\"@id\":\"https:\/\/pistonaddict.com\/es\/product\/audi-r8-v10-red-dynamite\/\",\"url\":\"https:\/\/pistonaddict.com\/es\/product\/audi-r8-v10-red-dynamite\/\",\"name\":\"Audi R8 V10 Dinamita Roja auction - Piston Addict%.\",\"isPartOf\":{\"@id\":\"https:\/\/pistonaddict.com\/es\/#website\"},\"primaryImageOfPage\":{\"@id\":\"https:\/\/pistonaddict.com\/es\/product\/audi-r8-v10-red-dynamite\/#primaryimage\"},\"image\":{\"@id\":\"https:\/\/pistonaddict.com\/es\/product\/audi-r8-v10-red-dynamite\/#primaryimage\"},\"thumbnailUrl\":\"https:\/\/pistonaddict.com\/wp-content\/uploads\/2023\/06\/DSC_0412.jpg\",\"datePublished\":\"2023-06-16T13:02:15+00:00\",\"dateModified\":\"2023-12-20T08:47:36+00:00\",\"description\":\"El coche que se subasta aqu\u00ed es posiblemente uno de los modelos con mejores prestaciones de su clase: el ic\u00f3nico Audi R8 V10.\",\"breadcrumb\":{\"@id\":\"https:\/\/pistonaddict.com\/es\/product\/audi-r8-v10-red-dynamite\/#breadcrumb\"},\"inLanguage\":\"es\",\"potentialAction\":[{\"@type\":\"ReadAction\",\"target\":[\"https:\/\/pistonaddict.com\/es\/product\/audi-r8-v10-red-dynamite\/\"]}]},{\"@type\":\"ImageObject\",\"inLanguage\":\"es\",\"@id\":\"https:\/\/pistonaddict.com\/es\/product\/audi-r8-v10-red-dynamite\/#primaryimage\",\"url\":\"https:\/\/pistonaddict.com\/wp-content\/uploads\/2023\/06\/DSC_0412.jpg\",\"contentUrl\":\"https:\/\/pistonaddict.com\/wp-content\/uploads\/2023\/06\/DSC_0412.jpg\",\"width\":2048,\"height\":1365},{\"@type\":\"BreadcrumbList\",\"@id\":\"https:\/\/pistonaddict.com\/es\/product\/audi-r8-v10-red-dynamite\/#breadcrumb\",\"itemListElement\":[{\"@type\":\"ListItem\",\"position\":1,\"name\":\"bienvenida\",\"item\":\"https:\/\/pistonaddict.com\/es\/pagina-web\/\"},{\"@type\":\"ListItem\",\"position\":2,\"name\":\"Auctions\",\"item\":\"https:\/\/pistonaddict.com\/auctions-listing\/\"},{\"@type\":\"ListItem\",\"position\":3,\"name\":\"Audi R8 V10 Dinamita Roja\"}]},{\"@type\":\"WebSite\",\"@id\":\"https:\/\/pistonaddict.com\/es\/#website\",\"url\":\"https:\/\/pistonaddict.com\/es\/\",\"name\":\"Piston Addict\",\"description\":\"Only interesting vehicles\",\"publisher\":{\"@id\":\"https:\/\/pistonaddict.com\/es\/#organization\"},\"potentialAction\":[{\"@type\":\"SearchAction\",\"target\":{\"@type\":\"EntryPoint\",\"urlTemplate\":\"https:\/\/pistonaddict.com\/es\/?s={search_term_string}\"},\"query-input\":\"required name=search_term_string\"}],\"inLanguage\":\"es\"},{\"@type\":\"Organization\",\"@id\":\"https:\/\/pistonaddict.com\/es\/#organization\",\"name\":\"Piston Addict\",\"url\":\"https:\/\/pistonaddict.com\/es\/\",\"logo\":{\"@type\":\"ImageObject\",\"inLanguage\":\"es\",\"@id\":\"https:\/\/pistonaddict.com\/es\/#\/schema\/logo\/image\/\",\"url\":\"https:\/\/pistonaddict.com\/wp-content\/uploads\/2022\/07\/logo-6.png\",\"contentUrl\":\"https:\/\/pistonaddict.com\/wp-content\/uploads\/2022\/07\/logo-6.png\",\"width\":970,\"height\":200,\"caption\":\"Piston Addict\"},\"image\":{\"@id\":\"https:\/\/pistonaddict.com\/es\/#\/schema\/logo\/image\/\"}}]}<\/script>\n<!-- \/ Yoast SEO plugin. -->","yoast_head_json":{"title":"Audi R8 V10 Dinamita Roja auction - Piston Addict%.","description":"El coche que se subasta aqu\u00ed es posiblemente uno de los modelos con mejores prestaciones de su clase: el ic\u00f3nico Audi R8 V10.","robots":{"index":"index","follow":"follow","max-snippet":"max-snippet:-1","max-image-preview":"max-image-preview:large","max-video-preview":"max-video-preview:-1"},"canonical":"https:\/\/pistonaddict.com\/es\/product\/audi-r8-v10-red-dynamite\/","og_locale":"es_ES","og_type":"article","og_title":"Audi R8 V10 Dinamita Roja auction - Piston Addict%.","og_description":"El coche que se subasta aqu\u00ed es posiblemente uno de los modelos con mejores prestaciones de su clase: el ic\u00f3nico Audi R8 V10.","og_url":"https:\/\/pistonaddict.com\/es\/product\/audi-r8-v10-red-dynamite\/","og_site_name":"Piston Addict","article_modified_time":"2023-12-20T08:47:36+00:00","og_image":[{"width":2048,"height":1365,"url":"https:\/\/pistonaddict.com\/wp-content\/uploads\/2023\/06\/DSC_0412.jpg","type":"image\/jpeg"}],"twitter_card":"summary_large_image","twitter_misc":{"Tiempo de lectura":"3 minutos"},"schema":{"@context":"https:\/\/schema.org","@graph":[{"@type":"WebPage","@id":"https:\/\/pistonaddict.com\/es\/product\/audi-r8-v10-red-dynamite\/","url":"https:\/\/pistonaddict.com\/es\/product\/audi-r8-v10-red-dynamite\/","name":"Audi R8 V10 Dinamita Roja auction - Piston Addict%.","isPartOf":{"@id":"https:\/\/pistonaddict.com\/es\/#website"},"primaryImageOfPage":{"@id":"https:\/\/pistonaddict.com\/es\/product\/audi-r8-v10-red-dynamite\/#primaryimage"},"image":{"@id":"https:\/\/pistonaddict.com\/es\/product\/audi-r8-v10-red-dynamite\/#primaryimage"},"thumbnailUrl":"https:\/\/pistonaddict.com\/wp-content\/uploads\/2023\/06\/DSC_0412.jpg","datePublished":"2023-06-16T13:02:15+00:00","dateModified":"2023-12-20T08:47:36+00:00","description":"El coche que se subasta aqu\u00ed es posiblemente uno de los modelos con mejores prestaciones de su clase: el ic\u00f3nico Audi R8 V10.","breadcrumb":{"@id":"https:\/\/pistonaddict.com\/es\/product\/audi-r8-v10-red-dynamite\/#breadcrumb"},"inLanguage":"es","potentialAction":[{"@type":"ReadAction","target":["https:\/\/pistonaddict.com\/es\/product\/audi-r8-v10-red-dynamite\/"]}]},{"@type":"ImageObject","inLanguage":"es","@id":"https:\/\/pistonaddict.com\/es\/product\/audi-r8-v10-red-dynamite\/#primaryimage","url":"https:\/\/pistonaddict.com\/wp-content\/uploads\/2023\/06\/DSC_0412.jpg","contentUrl":"https:\/\/pistonaddict.com\/wp-content\/uploads\/2023\/06\/DSC_0412.jpg","width":2048,"height":1365},{"@type":"BreadcrumbList","@id":"https:\/\/pistonaddict.com\/es\/product\/audi-r8-v10-red-dynamite\/#breadcrumb","itemListElement":[{"@type":"ListItem","position":1,"name":"bienvenida","item":"https:\/\/pistonaddict.com\/es\/pagina-web\/"},{"@type":"ListItem","position":2,"name":"Auctions","item":"https:\/\/pistonaddict.com\/auctions-listing\/"},{"@type":"ListItem","position":3,"name":"Audi R8 V10 Dinamita Roja"}]},{"@type":"WebSite","@id":"https:\/\/pistonaddict.com\/es\/#website","url":"https:\/\/pistonaddict.com\/es\/","name":"Piston Addict","description":"Only interesting vehicles","publisher":{"@id":"https:\/\/pistonaddict.com\/es\/#organization"},"potentialAction":[{"@type":"SearchAction","target":{"@type":"EntryPoint","urlTemplate":"https:\/\/pistonaddict.com\/es\/?s={search_term_string}"},"query-input":"required name=search_term_string"}],"inLanguage":"es"},{"@type":"Organization","@id":"https:\/\/pistonaddict.com\/es\/#organization","name":"Piston Addict","url":"https:\/\/pistonaddict.com\/es\/","logo":{"@type":"ImageObject","inLanguage":"es","@id":"https:\/\/pistonaddict.com\/es\/#\/schema\/logo\/image\/","url":"https:\/\/pistonaddict.com\/wp-content\/uploads\/2022\/07\/logo-6.png","contentUrl":"https:\/\/pistonaddict.com\/wp-content\/uploads\/2022\/07\/logo-6.png","width":970,"height":200,"caption":"Piston Addict"},"image":{"@id":"https:\/\/pistonaddict.com\/es\/#\/schema\/logo\/image\/"}}]}},"_links":{"self":[{"href":"https:\/\/pistonaddict.com\/es\/wp-json\/wp\/v2\/product\/45988"}],"collection":[{"href":"https:\/\/pistonaddict.com\/es\/wp-json\/wp\/v2\/product"}],"about":[{"href":"https:\/\/pistonaddict.com\/es\/wp-json\/wp\/v2\/types\/product"}],"replies":[{"embeddable":true,"href":"https:\/\/pistonaddict.com\/es\/wp-json\/wp\/v2\/comments?post=45988"}],"wp:featuredmedia":[{"embeddable":true,"href":"https:\/\/pistonaddict.com\/es\/wp-json\/wp\/v2\/media\/43360"}],"wp:attachment":[{"href":"https:\/\/pistonaddict.com\/es\/wp-json\/wp\/v2\/media?parent=45988"}],"wp:term":[{"taxonomy":"product_cat","embeddable":true,"href":"https:\/\/pistonaddict.com\/es\/wp-json\/wp\/v2\/product_cat?post=45988"},{"taxonomy":"product_tag","embeddable":true,"href":"https:\/\/pistonaddict.com\/es\/wp-json\/wp\/v2\/product_tag?post=45988"}],"curies":[{"name":"wp","href":"https:\/\/api.w.org\/{rel}","templated":true}]}}