{"id":41973,"date":"2023-06-12T14:22:37","date_gmt":"2023-06-12T12:22:37","guid":{"rendered":"https:\/\/pistonaddict.com\/product\/audi-r8-4-2-fsi-v8\/"},"modified":"2024-03-20T09:15:51","modified_gmt":"2024-03-20T08:15:51","slug":"audi-r8-4-2-fsi-v8","status":"publish","type":"product","link":"https:\/\/pistonaddict.com\/es\/product\/audi-r8-4-2-fsi-v8\/","title":{"rendered":"Audi R8 4.2 FSI V8"},"content":{"rendered":"<p><strong>Historia del modelo<\/strong><\/p>\n<p>El R8 caus\u00f3 sensaci\u00f3n cuando sali\u00f3 a la venta en 2007, y no s\u00f3lo fue el primer superdeportivo de Audi, sino que tuvo un \u00e9xito incre\u00edble con su dise\u00f1o atemporal y un fant\u00e1stico tren motriz compuesto por un V8 de altas revoluciones (m\u00e1s tarde V10) y el famoso sistema de tracci\u00f3n total Quattro. La aparici\u00f3n del R8 puso muy nerviosos a los competidores, ya que los clientes ten\u00edan por fin la oportunidad de comprar una m\u00e1quina muy capaz con tracci\u00f3n AWD y calidad Audi. Por eso, la primera generaci\u00f3n del R8 fue un enorme \u00e9xito, con casi 30.000 ejemplares fabricados. Este ejemplo en particular es el modelo de 2014, lo que significa que es una versi\u00f3n posterior y m\u00e1s deseable que se benefici\u00f3 de un ligero restyle, mejores caracter\u00edsticas y una mec\u00e1nica refinada. La potencia la proporciona un motor V8 FSI de 4,2 litros, que entrega 430 CV y los env\u00eda a las cuatro ruedas a trav\u00e9s de una transmisi\u00f3n autom\u00e1tica de doble embrague S Tronic de 7 velocidades. Este combo es capaz de hacer un 0 a 100 km\/h en 4,2 segundos y alcanzar una velocidad m\u00e1xima de algo m\u00e1s de 300 km\/h, lo que sit\u00faa al R8 en la categor\u00eda de supercoche.<\/p>\n<p><strong>Condici\u00f3n<\/strong><\/p>\n<p>Con s\u00f3lo 43.649 km en el od\u00f3metro, este R8 est\u00e1 en perfecto estado. Fue entregado por primera vez a finales de 2014 a su propietario original en los Pa\u00edses Bajos, y los actuales due\u00f1os lo adquirieron en 2021. Este Audi R8 nunca se ha utilizado en la pista, y mantenido regularmente con los registros de servicio proporcionados por el vendedor. Adem\u00e1s, este ejemplo es completamente original, sin modificaciones ni a\u00f1adidos innecesarios. Todos los equipos de f\u00e1brica y las caracter\u00edsticas est\u00e1n presentes y funcionales. La \u00faltima revisi\u00f3n, junto con el cambio de aceite, se realiz\u00f3 a finales de octubre de 2022, y los frenos se revisaron en junio de 2023. Se ha completado el servicio denominado &#8220;de larga duraci\u00f3n&#8221; y se han sustituido las buj\u00edas. <strong>Este R8 est\u00e1 cubierto por una garant\u00eda Bovag de 6 meses<\/strong>, lo que demuestra que est\u00e1 en perfectas condiciones.<\/p>\n<p><strong>Exterior y ruedas<\/strong><\/p>\n<p>Pintado en el elegante color Negro Pantera, este R8 se beneficia de un paquete de carbono opcional con inserciones exteriores e interiores de fibra de carbono. La carrocer\u00eda no presenta da\u00f1os, ara\u00f1azos ni decoloraciones, y la pintura est\u00e1 en perfecto estado. La \u00fanica cosa que se ha tocado en el exterior de este R8 es reparado escotilla del tanque (puerta de la tapa de combustible) que ha sido ejecutado por concesionario certificado (factura el 5 de mayo de 2021). Las llantas opcionales de 20 pulgadas con neum\u00e1ticos Pirelli P Zero mejoran su aspecto.<\/p>\n<p><strong>Interior<\/strong><\/p>\n<p>Cubierto en cuero negro a juego y combinaci\u00f3n Alcantara, el interior no muestra signos de desgaste y tiene inserciones de fibra de carbono como parte del paquete de equipamiento de f\u00e1brica. Los asientos tienen funci\u00f3n de calefacci\u00f3n opcional y todos los sistemas (audio, infoentretenimiento, climatizaci\u00f3n) est\u00e1n en perfecto estado de funcionamiento. Como parte de la lista de equipamiento, cabe destacar que este R8 cuenta con control de crucero, limpiaparabrisas con sensor de lluvia, sistema de audio Bang and Olufsen, retrovisores con atenuaci\u00f3n autom\u00e1tica, navegaci\u00f3n, iluminaci\u00f3n LED y un largo etc\u00e9tera.<\/p>\n<p><strong>Documentaci\u00f3n<\/strong><\/p>\n<p>Este veh\u00edculo seminuevo con la documentaci\u00f3n correspondiente se encuentra en los Pa\u00edses Bajos. El informe CarFax est\u00e1 limpio, no existen problemas legales. Hay registros de mantenimiento peri\u00f3dico y algunas reparaciones menores. Es muy importante mencionar que este Audi R8 tiene un reembolso BPM. La devoluci\u00f3n del BPM es una devoluci\u00f3n del impuesto neerland\u00e9s de lujo a la exportaci\u00f3n. <strong> Significa que si el comprador se encuentra en cualquier otro pa\u00eds de la Uni\u00f3n Europea (excepto los Pa\u00edses Bajos) y matricula este coche en su pa\u00eds de origen en las 13 semanas siguientes a su compra, recibir\u00e1 de vuelta 5.967 euros<\/strong>, lo que es muy conveniente.<br \/>\nVer el <a href=\"https:\/\/pistonaddict.com\/wp-content\/uploads\/2023\/06\/CARFAX-Vehicle-History-Report-AUDI-R8.pdf\">CarFax de este Audi R8<\/a>.<\/p>\n<p><strong>Para poder acceder a la subasta de este veh\u00edculo de alta gama se requiere una impresi\u00f3n\/retenci\u00f3n de tarjeta de cr\u00e9dito (liberada autom\u00e1ticamente).<\/strong><\/p>\n<p>Vea el v\u00eddeo del arranque en fr\u00edo de este magn\u00edfico Audi R8 aqu\u00ed :<\/p>\n<p><iframe title=\"Cold Start video of the Audi R8 4.2 FSI V8 on auction sale\" width=\"1200\" height=\"675\" src=\"https:\/\/www.youtube.com\/embed\/GyBid0aFEiA?feature=oembed\" frameborder=\"0\" allow=\"accelerometer; autoplay; clipboard-write; encrypted-media; gyroscope; picture-in-picture; web-share\" allowfullscreen><\/iframe><\/p>\n","protected":false},"excerpt":{"rendered":"<p>A menudo oir\u00e1s el t\u00e9rmino &#8220;supercoche para el d\u00eda a d\u00eda&#8221;; sin embargo, muy pocos coches ofrecen realmente unas prestaciones, una facilidad de uso y una fiabilidad convincentes en el uso diario. El Audi R8 2014 es una joya. Con su potente V8 de 4,2 litros, un interior bien equipado y una din\u00e1mica de conducci\u00f3n perfecta, es el coche que puedes disfrutar a diario y seguir teniendo todas las ventajas de conducir un supercoche de pura sangre. Puedes hacer una oferta por ese coche <a href=\"https:\/\/pistonaddict.com\/contact-us\/\">poni\u00e9ndote en contacto con nosotros<\/a>.<\/p>\n","protected":false},"featured_media":41849,"comment_status":"open","ping_status":"closed","template":"","meta":{"inline_featured_image":false},"product_cat":[715],"product_tag":[1891,1890,919],"acf":[],"yoast_head":"<!-- This site is optimized with the Yoast SEO plugin v22.5 - https:\/\/yoast.com\/wordpress\/plugins\/seo\/ -->\n<title>Audi R8 4.2 FSI V8 auction - Piston Addict%.<\/title>\n<meta name=\"description\" content=\"Este Audi R8 es el modelo de 2014, lo que significa que es una versi\u00f3n posterior y m\u00e1s deseada que se benefici\u00f3 de un ligero restyle, mejores prestaciones y una mec\u00e1nica refinada. La potencia la proporciona un motor V8 FSI de 4,2 litros, que entrega 430 CV y los env\u00eda a las cuatro ruedas a trav\u00e9s de una transmisi\u00f3n autom\u00e1tica de doble embrague S Tronic de 7 velocidades.\" \/>\n<meta name=\"robots\" content=\"index, follow, max-snippet:-1, max-image-preview:large, max-video-preview:-1\" \/>\n<link rel=\"canonical\" href=\"https:\/\/pistonaddict.com\/es\/product\/audi-r8-4-2-fsi-v8\/\" \/>\n<meta property=\"og:locale\" content=\"es_ES\" \/>\n<meta property=\"og:type\" content=\"article\" \/>\n<meta property=\"og:title\" content=\"Audi R8 4.2 FSI V8 auction - Piston Addict%.\" \/>\n<meta property=\"og:description\" content=\"Este Audi R8 es el modelo de 2014, lo que significa que es una versi\u00f3n posterior y m\u00e1s deseada que se benefici\u00f3 de un ligero restyle, mejores prestaciones y una mec\u00e1nica refinada. La potencia la proporciona un motor V8 FSI de 4,2 litros, que entrega 430 CV y los env\u00eda a las cuatro ruedas a trav\u00e9s de una transmisi\u00f3n autom\u00e1tica de doble embrague S Tronic de 7 velocidades.\" \/>\n<meta property=\"og:url\" content=\"https:\/\/pistonaddict.com\/es\/product\/audi-r8-4-2-fsi-v8\/\" \/>\n<meta property=\"og:site_name\" content=\"Piston Addict\" \/>\n<meta property=\"article:modified_time\" content=\"2024-03-20T08:15:51+00:00\" \/>\n<meta property=\"og:image\" content=\"https:\/\/pistonaddict.com\/wp-content\/uploads\/2023\/06\/foto-5.jpg\" \/>\n\t<meta property=\"og:image:width\" content=\"1024\" \/>\n\t<meta property=\"og:image:height\" content=\"683\" \/>\n\t<meta property=\"og:image:type\" content=\"image\/jpeg\" \/>\n<meta name=\"twitter:card\" content=\"summary_large_image\" \/>\n<meta name=\"twitter:label1\" content=\"Tiempo de lectura\" \/>\n\t<meta name=\"twitter:data1\" content=\"4 minutos\" \/>\n<script type=\"application\/ld+json\" class=\"yoast-schema-graph\">{\"@context\":\"https:\/\/schema.org\",\"@graph\":[{\"@type\":\"WebPage\",\"@id\":\"https:\/\/pistonaddict.com\/es\/product\/audi-r8-4-2-fsi-v8\/\",\"url\":\"https:\/\/pistonaddict.com\/es\/product\/audi-r8-4-2-fsi-v8\/\",\"name\":\"Audi R8 4.2 FSI V8 auction - Piston Addict%.\",\"isPartOf\":{\"@id\":\"https:\/\/pistonaddict.com\/es\/#website\"},\"primaryImageOfPage\":{\"@id\":\"https:\/\/pistonaddict.com\/es\/product\/audi-r8-4-2-fsi-v8\/#primaryimage\"},\"image\":{\"@id\":\"https:\/\/pistonaddict.com\/es\/product\/audi-r8-4-2-fsi-v8\/#primaryimage\"},\"thumbnailUrl\":\"https:\/\/pistonaddict.com\/wp-content\/uploads\/2023\/06\/foto-5.jpg\",\"datePublished\":\"2023-06-12T12:22:37+00:00\",\"dateModified\":\"2024-03-20T08:15:51+00:00\",\"description\":\"Este Audi R8 es el modelo de 2014, lo que significa que es una versi\u00f3n posterior y m\u00e1s deseada que se benefici\u00f3 de un ligero restyle, mejores prestaciones y una mec\u00e1nica refinada. La potencia la proporciona un motor V8 FSI de 4,2 litros, que entrega 430 CV y los env\u00eda a las cuatro ruedas a trav\u00e9s de una transmisi\u00f3n autom\u00e1tica de doble embrague S Tronic de 7 velocidades.\",\"breadcrumb\":{\"@id\":\"https:\/\/pistonaddict.com\/es\/product\/audi-r8-4-2-fsi-v8\/#breadcrumb\"},\"inLanguage\":\"es\",\"potentialAction\":[{\"@type\":\"ReadAction\",\"target\":[\"https:\/\/pistonaddict.com\/es\/product\/audi-r8-4-2-fsi-v8\/\"]}]},{\"@type\":\"ImageObject\",\"inLanguage\":\"es\",\"@id\":\"https:\/\/pistonaddict.com\/es\/product\/audi-r8-4-2-fsi-v8\/#primaryimage\",\"url\":\"https:\/\/pistonaddict.com\/wp-content\/uploads\/2023\/06\/foto-5.jpg\",\"contentUrl\":\"https:\/\/pistonaddict.com\/wp-content\/uploads\/2023\/06\/foto-5.jpg\",\"width\":1024,\"height\":683},{\"@type\":\"BreadcrumbList\",\"@id\":\"https:\/\/pistonaddict.com\/es\/product\/audi-r8-4-2-fsi-v8\/#breadcrumb\",\"itemListElement\":[{\"@type\":\"ListItem\",\"position\":1,\"name\":\"bienvenida\",\"item\":\"https:\/\/pistonaddict.com\/es\/pagina-web\/\"},{\"@type\":\"ListItem\",\"position\":2,\"name\":\"Auctions\",\"item\":\"https:\/\/pistonaddict.com\/auctions-listing\/\"},{\"@type\":\"ListItem\",\"position\":3,\"name\":\"Audi R8 4.2 FSI V8\"}]},{\"@type\":\"WebSite\",\"@id\":\"https:\/\/pistonaddict.com\/es\/#website\",\"url\":\"https:\/\/pistonaddict.com\/es\/\",\"name\":\"Piston Addict\",\"description\":\"Only interesting vehicles\",\"publisher\":{\"@id\":\"https:\/\/pistonaddict.com\/es\/#organization\"},\"potentialAction\":[{\"@type\":\"SearchAction\",\"target\":{\"@type\":\"EntryPoint\",\"urlTemplate\":\"https:\/\/pistonaddict.com\/es\/?s={search_term_string}\"},\"query-input\":\"required name=search_term_string\"}],\"inLanguage\":\"es\"},{\"@type\":\"Organization\",\"@id\":\"https:\/\/pistonaddict.com\/es\/#organization\",\"name\":\"Piston Addict\",\"url\":\"https:\/\/pistonaddict.com\/es\/\",\"logo\":{\"@type\":\"ImageObject\",\"inLanguage\":\"es\",\"@id\":\"https:\/\/pistonaddict.com\/es\/#\/schema\/logo\/image\/\",\"url\":\"https:\/\/pistonaddict.com\/wp-content\/uploads\/2022\/07\/logo-6.png\",\"contentUrl\":\"https:\/\/pistonaddict.com\/wp-content\/uploads\/2022\/07\/logo-6.png\",\"width\":970,\"height\":200,\"caption\":\"Piston Addict\"},\"image\":{\"@id\":\"https:\/\/pistonaddict.com\/es\/#\/schema\/logo\/image\/\"}}]}<\/script>\n<!-- \/ Yoast SEO plugin. -->","yoast_head_json":{"title":"Audi R8 4.2 FSI V8 auction - Piston Addict%.","description":"Este Audi R8 es el modelo de 2014, lo que significa que es una versi\u00f3n posterior y m\u00e1s deseada que se benefici\u00f3 de un ligero restyle, mejores prestaciones y una mec\u00e1nica refinada. La potencia la proporciona un motor V8 FSI de 4,2 litros, que entrega 430 CV y los env\u00eda a las cuatro ruedas a trav\u00e9s de una transmisi\u00f3n autom\u00e1tica de doble embrague S Tronic de 7 velocidades.","robots":{"index":"index","follow":"follow","max-snippet":"max-snippet:-1","max-image-preview":"max-image-preview:large","max-video-preview":"max-video-preview:-1"},"canonical":"https:\/\/pistonaddict.com\/es\/product\/audi-r8-4-2-fsi-v8\/","og_locale":"es_ES","og_type":"article","og_title":"Audi R8 4.2 FSI V8 auction - Piston Addict%.","og_description":"Este Audi R8 es el modelo de 2014, lo que significa que es una versi\u00f3n posterior y m\u00e1s deseada que se benefici\u00f3 de un ligero restyle, mejores prestaciones y una mec\u00e1nica refinada. La potencia la proporciona un motor V8 FSI de 4,2 litros, que entrega 430 CV y los env\u00eda a las cuatro ruedas a trav\u00e9s de una transmisi\u00f3n autom\u00e1tica de doble embrague S Tronic de 7 velocidades.","og_url":"https:\/\/pistonaddict.com\/es\/product\/audi-r8-4-2-fsi-v8\/","og_site_name":"Piston Addict","article_modified_time":"2024-03-20T08:15:51+00:00","og_image":[{"width":1024,"height":683,"url":"https:\/\/pistonaddict.com\/wp-content\/uploads\/2023\/06\/foto-5.jpg","type":"image\/jpeg"}],"twitter_card":"summary_large_image","twitter_misc":{"Tiempo de lectura":"4 minutos"},"schema":{"@context":"https:\/\/schema.org","@graph":[{"@type":"WebPage","@id":"https:\/\/pistonaddict.com\/es\/product\/audi-r8-4-2-fsi-v8\/","url":"https:\/\/pistonaddict.com\/es\/product\/audi-r8-4-2-fsi-v8\/","name":"Audi R8 4.2 FSI V8 auction - Piston Addict%.","isPartOf":{"@id":"https:\/\/pistonaddict.com\/es\/#website"},"primaryImageOfPage":{"@id":"https:\/\/pistonaddict.com\/es\/product\/audi-r8-4-2-fsi-v8\/#primaryimage"},"image":{"@id":"https:\/\/pistonaddict.com\/es\/product\/audi-r8-4-2-fsi-v8\/#primaryimage"},"thumbnailUrl":"https:\/\/pistonaddict.com\/wp-content\/uploads\/2023\/06\/foto-5.jpg","datePublished":"2023-06-12T12:22:37+00:00","dateModified":"2024-03-20T08:15:51+00:00","description":"Este Audi R8 es el modelo de 2014, lo que significa que es una versi\u00f3n posterior y m\u00e1s deseada que se benefici\u00f3 de un ligero restyle, mejores prestaciones y una mec\u00e1nica refinada. La potencia la proporciona un motor V8 FSI de 4,2 litros, que entrega 430 CV y los env\u00eda a las cuatro ruedas a trav\u00e9s de una transmisi\u00f3n autom\u00e1tica de doble embrague S Tronic de 7 velocidades.","breadcrumb":{"@id":"https:\/\/pistonaddict.com\/es\/product\/audi-r8-4-2-fsi-v8\/#breadcrumb"},"inLanguage":"es","potentialAction":[{"@type":"ReadAction","target":["https:\/\/pistonaddict.com\/es\/product\/audi-r8-4-2-fsi-v8\/"]}]},{"@type":"ImageObject","inLanguage":"es","@id":"https:\/\/pistonaddict.com\/es\/product\/audi-r8-4-2-fsi-v8\/#primaryimage","url":"https:\/\/pistonaddict.com\/wp-content\/uploads\/2023\/06\/foto-5.jpg","contentUrl":"https:\/\/pistonaddict.com\/wp-content\/uploads\/2023\/06\/foto-5.jpg","width":1024,"height":683},{"@type":"BreadcrumbList","@id":"https:\/\/pistonaddict.com\/es\/product\/audi-r8-4-2-fsi-v8\/#breadcrumb","itemListElement":[{"@type":"ListItem","position":1,"name":"bienvenida","item":"https:\/\/pistonaddict.com\/es\/pagina-web\/"},{"@type":"ListItem","position":2,"name":"Auctions","item":"https:\/\/pistonaddict.com\/auctions-listing\/"},{"@type":"ListItem","position":3,"name":"Audi R8 4.2 FSI V8"}]},{"@type":"WebSite","@id":"https:\/\/pistonaddict.com\/es\/#website","url":"https:\/\/pistonaddict.com\/es\/","name":"Piston Addict","description":"Only interesting vehicles","publisher":{"@id":"https:\/\/pistonaddict.com\/es\/#organization"},"potentialAction":[{"@type":"SearchAction","target":{"@type":"EntryPoint","urlTemplate":"https:\/\/pistonaddict.com\/es\/?s={search_term_string}"},"query-input":"required name=search_term_string"}],"inLanguage":"es"},{"@type":"Organization","@id":"https:\/\/pistonaddict.com\/es\/#organization","name":"Piston Addict","url":"https:\/\/pistonaddict.com\/es\/","logo":{"@type":"ImageObject","inLanguage":"es","@id":"https:\/\/pistonaddict.com\/es\/#\/schema\/logo\/image\/","url":"https:\/\/pistonaddict.com\/wp-content\/uploads\/2022\/07\/logo-6.png","contentUrl":"https:\/\/pistonaddict.com\/wp-content\/uploads\/2022\/07\/logo-6.png","width":970,"height":200,"caption":"Piston Addict"},"image":{"@id":"https:\/\/pistonaddict.com\/es\/#\/schema\/logo\/image\/"}}]}},"_links":{"self":[{"href":"https:\/\/pistonaddict.com\/es\/wp-json\/wp\/v2\/product\/41973"}],"collection":[{"href":"https:\/\/pistonaddict.com\/es\/wp-json\/wp\/v2\/product"}],"about":[{"href":"https:\/\/pistonaddict.com\/es\/wp-json\/wp\/v2\/types\/product"}],"replies":[{"embeddable":true,"href":"https:\/\/pistonaddict.com\/es\/wp-json\/wp\/v2\/comments?post=41973"}],"wp:featuredmedia":[{"embeddable":true,"href":"https:\/\/pistonaddict.com\/es\/wp-json\/wp\/v2\/media\/41849"}],"wp:attachment":[{"href":"https:\/\/pistonaddict.com\/es\/wp-json\/wp\/v2\/media?parent=41973"}],"wp:term":[{"taxonomy":"product_cat","embeddable":true,"href":"https:\/\/pistonaddict.com\/es\/wp-json\/wp\/v2\/product_cat?post=41973"},{"taxonomy":"product_tag","embeddable":true,"href":"https:\/\/pistonaddict.com\/es\/wp-json\/wp\/v2\/product_tag?post=41973"}],"curies":[{"name":"wp","href":"https:\/\/api.w.org\/{rel}","templated":true}]}}