{"id":39966,"date":"2023-04-19T17:58:30","date_gmt":"2023-04-19T15:58:30","guid":{"rendered":"https:\/\/pistonaddict.com\/product\/nissan-gtr\/"},"modified":"2024-03-19T17:52:34","modified_gmt":"2024-03-19T16:52:34","slug":"nissan-gtr","status":"publish","type":"product","link":"https:\/\/pistonaddict.com\/es\/product\/nissan-gtr\/","title":{"rendered":"Nissan GT-R Nismo"},"content":{"rendered":"<h2>Exterior<\/h2>\n<p>Desde el exterior, este coup\u00e9 de 2 puertas de color negro equilibra una apariencia aparentemente sutil con detalles agresivos, insinuando su verdadero car\u00e1cter. El frontal cuenta con una gran parrilla y faros triangulares que le confieren una formidable presencia en carretera. La silueta del GT-R se define por su largo cap\u00f3, la l\u00ednea inclinada del techo y el enorme aler\u00f3n trasero. Por \u00faltimo, la zaga est\u00e1 dominada por los pilotos traseros redondos caracter\u00edsticos de Nissan. Fabricado por Nismo, este GT-R en particular difiere de los modelos est\u00e1ndar en varios detalles. Adem\u00e1s de la insignia montada en la parrilla, incluye un difusor de aire delantero ampliado y una tapa del maletero de fibra de carbono. El coche calza neum\u00e1ticos Michelin Super Sport Cup 2 de gran agarre montados en llantas de bronce de 20 pulgadas fabricadas por Volk Racking.<\/p>\n<h2>Interior<\/h2>\n<p>El interior del GT-R, con una distribuci\u00f3n de asientos 2+2, revela su practicidad. Evidentemente, los asientos traseros ofrecen un espacio limitado y s\u00f3lo son adecuados para distancias cortas. Pero, aun as\u00ed, es bueno tenerlos. Los asientos delanteros, en cambio, son otra historia. Vestidos de cuero negro con detalles en rojo, ofrecen una sujeci\u00f3n pr\u00e1cticamente ilimitada, manteniendo al conductor firmemente en su sitio incluso en las curvas m\u00e1s cerradas. Y \u00e9stos se negocian con un volante de tres radios forrado en cuero cepillado con pespuntes rojos. Detr\u00e1s est\u00e1 el cuadro de instrumentos dominado por un cuentarrevoluciones que llega hasta las 8.000 RPM. Otras esferas son el veloc\u00edmetro y los indicadores con la temperatura del motor y el nivel de combustible. Tambi\u00e9n hay una pantalla montada en el centro, que muestra par\u00e1metros similares a los de competici\u00f3n, como la aceleraci\u00f3n o las fuerzas laterales.<\/p>\n<h2>Mec\u00e1nica<\/h2>\n<p>Por muy impresionante que sea, el Nissan GT-R fascina sobre todo por su mec\u00e1nica. En primer lugar est\u00e1 el motor, un V6 biturbo de 3,8 litros fabricado a mano con la mayor precisi\u00f3n imaginable por los mejores t\u00e9cnicos de Nissan. Adem\u00e1s, cada uno de ellos est\u00e1 afinado al m\u00e1ximo, lo que da lugar a diferentes potencias entre cada coche. Y con 750 CV de potencia, este GT-R en particular tiene potencia de sobra. Adem\u00e1s, hay una caja de cambios autom\u00e1tica de doble embrague y seis velocidades que, para mejorar la distribuci\u00f3n del peso, est\u00e1 montada en la parte trasera. Tambi\u00e9n se fabrica a mano y se acopla al motor para que los cambios de marcha sean lo m\u00e1s r\u00e1pidos posible. Por \u00faltimo, toda esa inmensa potencia se transfiere eficientemente al suelo a trav\u00e9s de un elaborado sistema de tracci\u00f3n total. Con todo ello, este Nissan GT-R acelera de 0 a 100 km\/h en s\u00f3lo 2,5 segundos y alcanza una velocidad m\u00e1xima de 205 km\/h.<\/p>\n<h2>Historial del veh\u00edculo<\/h2>\n<p>Aunque cada Nissan GT-R, con su mec\u00e1nica construida a mano y su puesta a punto a medida, es \u00fanico a su manera, este modelo en particular es a\u00fan m\u00e1s especial. De hecho, \u00e9ste fue el primer modelo con volante a la izquierda construido por Nismo, la divisi\u00f3n de competici\u00f3n interna de Nissan, hecho personalmente para el entonces presidente del equipo de F\u00f3rmula 1 de Renault. Seg\u00fan el vendedor, este coche est\u00e1 como nuevo, ha hecho 2.703 millas y se encuentra actualmente en el Reino Unido.<\/p>\n","protected":false},"excerpt":{"rendered":"<p>El legendario Nissan GT-R es uno de los coches m\u00e1s emblem\u00e1ticos y deseados del pa\u00eds del sol naciente. Con su potente motor V6 turboalimentado y su elaborada tracci\u00f3n a las cuatro ruedas, este monstruo de la carretera impresiona a los conductores por su velocidad y su manejo, que parece desafiar las leyes de la f\u00edsica. Pero este modelo de 2016, puesto a la venta por un vendedor profesional, no es un GT-R corriente. En su lugar, el coche que est\u00e1s viendo es el GT-R Nismo, orientado a los circuitos y que ha batido todos los r\u00e9cords. De momento, s\u00f3lo ha recorrido 3.000 km y no est\u00e1 esperando a su nuevo due\u00f1o.<\/p>\n","protected":false},"featured_media":39387,"comment_status":"open","ping_status":"closed","template":"","meta":{"inline_featured_image":false},"product_cat":[715],"product_tag":[1713,1708,1704,919],"acf":[],"yoast_head":"<!-- This site is optimized with the Yoast SEO plugin v22.5 - https:\/\/yoast.com\/wordpress\/plugins\/seo\/ -->\n<title>Nissan GT-R Nismo auction - Piston Addict%.<\/title>\n<meta name=\"description\" content=\"Echa un vistazo a este Nissan GT-R Nismo en subasta en PistonAddict.com\" \/>\n<meta name=\"robots\" content=\"index, follow, max-snippet:-1, max-image-preview:large, max-video-preview:-1\" \/>\n<link rel=\"canonical\" href=\"https:\/\/pistonaddict.com\/es\/product\/nissan-gtr\/\" \/>\n<meta property=\"og:locale\" content=\"es_ES\" \/>\n<meta property=\"og:type\" content=\"article\" \/>\n<meta property=\"og:title\" content=\"Nissan GT-R Nismo auction - Piston Addict%.\" \/>\n<meta property=\"og:description\" content=\"Echa un vistazo a este Nissan GT-R Nismo en subasta en PistonAddict.com\" \/>\n<meta property=\"og:url\" content=\"https:\/\/pistonaddict.com\/es\/product\/nissan-gtr\/\" \/>\n<meta property=\"og:site_name\" content=\"Piston Addict\" \/>\n<meta property=\"article:modified_time\" content=\"2024-03-19T16:52:34+00:00\" \/>\n<meta property=\"og:image\" content=\"https:\/\/pistonaddict.com\/wp-content\/uploads\/2023\/04\/LuxurycarLondonApril11PistonAddict_0497-scaled.jpg\" \/>\n\t<meta property=\"og:image:width\" content=\"2560\" \/>\n\t<meta property=\"og:image:height\" content=\"1972\" \/>\n\t<meta property=\"og:image:type\" content=\"image\/jpeg\" \/>\n<meta name=\"twitter:card\" content=\"summary_large_image\" \/>\n<meta name=\"twitter:label1\" content=\"Tiempo de lectura\" \/>\n\t<meta name=\"twitter:data1\" content=\"3 minutos\" \/>\n<script type=\"application\/ld+json\" class=\"yoast-schema-graph\">{\"@context\":\"https:\/\/schema.org\",\"@graph\":[{\"@type\":\"WebPage\",\"@id\":\"https:\/\/pistonaddict.com\/es\/product\/nissan-gtr\/\",\"url\":\"https:\/\/pistonaddict.com\/es\/product\/nissan-gtr\/\",\"name\":\"Nissan GT-R Nismo auction - Piston Addict%.\",\"isPartOf\":{\"@id\":\"https:\/\/pistonaddict.com\/es\/#website\"},\"primaryImageOfPage\":{\"@id\":\"https:\/\/pistonaddict.com\/es\/product\/nissan-gtr\/#primaryimage\"},\"image\":{\"@id\":\"https:\/\/pistonaddict.com\/es\/product\/nissan-gtr\/#primaryimage\"},\"thumbnailUrl\":\"https:\/\/pistonaddict.com\/wp-content\/uploads\/2023\/04\/LuxurycarLondonApril11PistonAddict_0497-scaled.jpg\",\"datePublished\":\"2023-04-19T15:58:30+00:00\",\"dateModified\":\"2024-03-19T16:52:34+00:00\",\"description\":\"Echa un vistazo a este Nissan GT-R Nismo en subasta en PistonAddict.com\",\"breadcrumb\":{\"@id\":\"https:\/\/pistonaddict.com\/es\/product\/nissan-gtr\/#breadcrumb\"},\"inLanguage\":\"es\",\"potentialAction\":[{\"@type\":\"ReadAction\",\"target\":[\"https:\/\/pistonaddict.com\/es\/product\/nissan-gtr\/\"]}]},{\"@type\":\"ImageObject\",\"inLanguage\":\"es\",\"@id\":\"https:\/\/pistonaddict.com\/es\/product\/nissan-gtr\/#primaryimage\",\"url\":\"https:\/\/pistonaddict.com\/wp-content\/uploads\/2023\/04\/LuxurycarLondonApril11PistonAddict_0497-scaled.jpg\",\"contentUrl\":\"https:\/\/pistonaddict.com\/wp-content\/uploads\/2023\/04\/LuxurycarLondonApril11PistonAddict_0497-scaled.jpg\",\"width\":2560,\"height\":1972},{\"@type\":\"BreadcrumbList\",\"@id\":\"https:\/\/pistonaddict.com\/es\/product\/nissan-gtr\/#breadcrumb\",\"itemListElement\":[{\"@type\":\"ListItem\",\"position\":1,\"name\":\"bienvenida\",\"item\":\"https:\/\/pistonaddict.com\/es\/pagina-web\/\"},{\"@type\":\"ListItem\",\"position\":2,\"name\":\"Auctions\",\"item\":\"https:\/\/pistonaddict.com\/auctions-listing\/\"},{\"@type\":\"ListItem\",\"position\":3,\"name\":\"Nissan GT-R Nismo\"}]},{\"@type\":\"WebSite\",\"@id\":\"https:\/\/pistonaddict.com\/es\/#website\",\"url\":\"https:\/\/pistonaddict.com\/es\/\",\"name\":\"Piston Addict\",\"description\":\"Only interesting vehicles\",\"publisher\":{\"@id\":\"https:\/\/pistonaddict.com\/es\/#organization\"},\"potentialAction\":[{\"@type\":\"SearchAction\",\"target\":{\"@type\":\"EntryPoint\",\"urlTemplate\":\"https:\/\/pistonaddict.com\/es\/?s={search_term_string}\"},\"query-input\":\"required name=search_term_string\"}],\"inLanguage\":\"es\"},{\"@type\":\"Organization\",\"@id\":\"https:\/\/pistonaddict.com\/es\/#organization\",\"name\":\"Piston Addict\",\"url\":\"https:\/\/pistonaddict.com\/es\/\",\"logo\":{\"@type\":\"ImageObject\",\"inLanguage\":\"es\",\"@id\":\"https:\/\/pistonaddict.com\/es\/#\/schema\/logo\/image\/\",\"url\":\"https:\/\/pistonaddict.com\/wp-content\/uploads\/2022\/07\/logo-6.png\",\"contentUrl\":\"https:\/\/pistonaddict.com\/wp-content\/uploads\/2022\/07\/logo-6.png\",\"width\":970,\"height\":200,\"caption\":\"Piston Addict\"},\"image\":{\"@id\":\"https:\/\/pistonaddict.com\/es\/#\/schema\/logo\/image\/\"}}]}<\/script>\n<!-- \/ Yoast SEO plugin. -->","yoast_head_json":{"title":"Nissan GT-R Nismo auction - Piston Addict%.","description":"Echa un vistazo a este Nissan GT-R Nismo en subasta en PistonAddict.com","robots":{"index":"index","follow":"follow","max-snippet":"max-snippet:-1","max-image-preview":"max-image-preview:large","max-video-preview":"max-video-preview:-1"},"canonical":"https:\/\/pistonaddict.com\/es\/product\/nissan-gtr\/","og_locale":"es_ES","og_type":"article","og_title":"Nissan GT-R Nismo auction - Piston Addict%.","og_description":"Echa un vistazo a este Nissan GT-R Nismo en subasta en PistonAddict.com","og_url":"https:\/\/pistonaddict.com\/es\/product\/nissan-gtr\/","og_site_name":"Piston Addict","article_modified_time":"2024-03-19T16:52:34+00:00","og_image":[{"width":2560,"height":1972,"url":"https:\/\/pistonaddict.com\/wp-content\/uploads\/2023\/04\/LuxurycarLondonApril11PistonAddict_0497-scaled.jpg","type":"image\/jpeg"}],"twitter_card":"summary_large_image","twitter_misc":{"Tiempo de lectura":"3 minutos"},"schema":{"@context":"https:\/\/schema.org","@graph":[{"@type":"WebPage","@id":"https:\/\/pistonaddict.com\/es\/product\/nissan-gtr\/","url":"https:\/\/pistonaddict.com\/es\/product\/nissan-gtr\/","name":"Nissan GT-R Nismo auction - Piston Addict%.","isPartOf":{"@id":"https:\/\/pistonaddict.com\/es\/#website"},"primaryImageOfPage":{"@id":"https:\/\/pistonaddict.com\/es\/product\/nissan-gtr\/#primaryimage"},"image":{"@id":"https:\/\/pistonaddict.com\/es\/product\/nissan-gtr\/#primaryimage"},"thumbnailUrl":"https:\/\/pistonaddict.com\/wp-content\/uploads\/2023\/04\/LuxurycarLondonApril11PistonAddict_0497-scaled.jpg","datePublished":"2023-04-19T15:58:30+00:00","dateModified":"2024-03-19T16:52:34+00:00","description":"Echa un vistazo a este Nissan GT-R Nismo en subasta en PistonAddict.com","breadcrumb":{"@id":"https:\/\/pistonaddict.com\/es\/product\/nissan-gtr\/#breadcrumb"},"inLanguage":"es","potentialAction":[{"@type":"ReadAction","target":["https:\/\/pistonaddict.com\/es\/product\/nissan-gtr\/"]}]},{"@type":"ImageObject","inLanguage":"es","@id":"https:\/\/pistonaddict.com\/es\/product\/nissan-gtr\/#primaryimage","url":"https:\/\/pistonaddict.com\/wp-content\/uploads\/2023\/04\/LuxurycarLondonApril11PistonAddict_0497-scaled.jpg","contentUrl":"https:\/\/pistonaddict.com\/wp-content\/uploads\/2023\/04\/LuxurycarLondonApril11PistonAddict_0497-scaled.jpg","width":2560,"height":1972},{"@type":"BreadcrumbList","@id":"https:\/\/pistonaddict.com\/es\/product\/nissan-gtr\/#breadcrumb","itemListElement":[{"@type":"ListItem","position":1,"name":"bienvenida","item":"https:\/\/pistonaddict.com\/es\/pagina-web\/"},{"@type":"ListItem","position":2,"name":"Auctions","item":"https:\/\/pistonaddict.com\/auctions-listing\/"},{"@type":"ListItem","position":3,"name":"Nissan GT-R Nismo"}]},{"@type":"WebSite","@id":"https:\/\/pistonaddict.com\/es\/#website","url":"https:\/\/pistonaddict.com\/es\/","name":"Piston Addict","description":"Only interesting vehicles","publisher":{"@id":"https:\/\/pistonaddict.com\/es\/#organization"},"potentialAction":[{"@type":"SearchAction","target":{"@type":"EntryPoint","urlTemplate":"https:\/\/pistonaddict.com\/es\/?s={search_term_string}"},"query-input":"required name=search_term_string"}],"inLanguage":"es"},{"@type":"Organization","@id":"https:\/\/pistonaddict.com\/es\/#organization","name":"Piston Addict","url":"https:\/\/pistonaddict.com\/es\/","logo":{"@type":"ImageObject","inLanguage":"es","@id":"https:\/\/pistonaddict.com\/es\/#\/schema\/logo\/image\/","url":"https:\/\/pistonaddict.com\/wp-content\/uploads\/2022\/07\/logo-6.png","contentUrl":"https:\/\/pistonaddict.com\/wp-content\/uploads\/2022\/07\/logo-6.png","width":970,"height":200,"caption":"Piston Addict"},"image":{"@id":"https:\/\/pistonaddict.com\/es\/#\/schema\/logo\/image\/"}}]}},"_links":{"self":[{"href":"https:\/\/pistonaddict.com\/es\/wp-json\/wp\/v2\/product\/39966"}],"collection":[{"href":"https:\/\/pistonaddict.com\/es\/wp-json\/wp\/v2\/product"}],"about":[{"href":"https:\/\/pistonaddict.com\/es\/wp-json\/wp\/v2\/types\/product"}],"replies":[{"embeddable":true,"href":"https:\/\/pistonaddict.com\/es\/wp-json\/wp\/v2\/comments?post=39966"}],"wp:featuredmedia":[{"embeddable":true,"href":"https:\/\/pistonaddict.com\/es\/wp-json\/wp\/v2\/media\/39387"}],"wp:attachment":[{"href":"https:\/\/pistonaddict.com\/es\/wp-json\/wp\/v2\/media?parent=39966"}],"wp:term":[{"taxonomy":"product_cat","embeddable":true,"href":"https:\/\/pistonaddict.com\/es\/wp-json\/wp\/v2\/product_cat?post=39966"},{"taxonomy":"product_tag","embeddable":true,"href":"https:\/\/pistonaddict.com\/es\/wp-json\/wp\/v2\/product_tag?post=39966"}],"curies":[{"name":"wp","href":"https:\/\/api.w.org\/{rel}","templated":true}]}}