{"id":39219,"date":"2023-04-19T17:31:19","date_gmt":"2023-04-19T15:31:19","guid":{"rendered":"https:\/\/pistonaddict.com\/product\/mclaren-720s\/"},"modified":"2024-03-19T17:52:21","modified_gmt":"2024-03-19T16:52:21","slug":"mclaren-720s","status":"publish","type":"product","link":"https:\/\/pistonaddict.com\/es\/product\/mclaren-720s\/","title":{"rendered":"McLaren 720S"},"content":{"rendered":"<h2>Exterior<\/h2>\n<p>Pintado de color naranja brillante, el McLaren 720S que tenemos entre manos no dejar\u00e1 indiferente a nadie. Pero, de nuevo, ser\u00eda igual en cualquier otro color, gracias a su impresionante dise\u00f1o inspirado en los tiburones. Con un agresivo salpicadero delantero, una silueta aerodin\u00e1mica y unas pr\u00e1cticas y divertidas puertas de mariposa, impresiona desde cualquier \u00e1ngulo. Esto incluye enormes tomas de aire en los laterales, un vano motor cubierto de malla que brilla cuando est\u00e1 encendido y un aler\u00f3n trasero que se levanta al frenar bruscamente. Y la frenada se realiza con enormes discos cer\u00e1micos situados detr\u00e1s de las llantas negras de 19 pulgadas del coche con neum\u00e1ticos Pirelli P Zero.<\/p>\n<p>Aun as\u00ed, este biplaza no tiene el aspecto que tiene s\u00f3lo para el espect\u00e1culo, ya que la mayor\u00eda de las formas de su carrocer\u00eda est\u00e1n esculpidas para mejorar la aerodin\u00e1mica y generar carga aerodin\u00e1mica. Y como tal, el McLaren 720S demuestra que la forma y la funci\u00f3n pueden unirse en perfecta armon\u00eda.<\/p>\n<h2>Interior<\/h2>\n<p>El interior del McLaren, vestido con Alc\u00e1ntara y fibra de carbono, revela a\u00fan m\u00e1s lo orientado a la pista que est\u00e1 este coche. En primer lugar, un par de asientos deportivos dise\u00f1ados para sujetar firmemente al conductor y al pasajero en curvas cerradas. Luego, hay un volante de tres radios forrado en cuero, que enmarca un cuadro de instrumentos digital. Cuando est\u00e1 en modo est\u00e1ndar, muestra diversos par\u00e1metros del motor y del veh\u00edculo, como la velocidad y la temperatura del motor. Pero cuando se activa el modo Track, todo el cuadro de instrumentos se inclina hacia abajo, mostrando una peque\u00f1a pantalla en su parte superior, que s\u00f3lo muestra el cuentarrevoluciones, la velocidad y la marcha seleccionada. Por \u00faltimo, la consola central es escasa pero funcionalmente equipada con mandos y botones esenciales, acompa\u00f1ados de una pantalla t\u00e1ctil central orientada al conductor.<\/p>\n<h2>Mec\u00e1nica<\/h2>\n<p>Bajo la elegante y aerodin\u00e1mica piel, el 720S cuenta con un chasis monocasco de fibra de carbono, que McLaren denomina MonoCage. Esta estructura inspirada en la F1 no s\u00f3lo es ligera, sino tambi\u00e9n extremadamente r\u00edgida, lo que reduce la flexi\u00f3n de la carrocer\u00eda en curvas pronunciadas.<\/p>\n<p>El coraz\u00f3n de todo superdeportivo es el motor, que en McLaren se monta justo detr\u00e1s de los asientos. En el acabado de f\u00e1brica, el V8 biturbo que esconde desarrolla 720 CV, la cifra a la que el coche debe su nombre, y unos asombrosos 770 Nm de par motor. La potencia se env\u00eda a las ruedas traseras a trav\u00e9s de una \u00e1gil transmisi\u00f3n de doble embrague de 7 velocidades.<\/p>\n<p>Y todo eso en un coche que s\u00f3lo pesa 1.400 kilogramos es m\u00e1s que suficiente para un manejo y unas prestaciones superiores. En t\u00e9rminos de cifras, eso se traducir\u00eda en una aceleraci\u00f3n de 0 a 100 km\/h en 2,9 segundos y una velocidad m\u00e1xima de 212 millas por hora. Pero este no es un McLaren 720S normal y corriente, ajustado de f\u00e1brica. En su lugar, su propietario lo ha equipado con una puesta a punto personalizada de Litchfield que eleva la potencia del motor a 800 caballos.<\/p>\n<h2>Historial del veh\u00edculo<\/h2>\n<p>El vendedor afirma que todos los trabajos de mantenimiento se realizaron regularmente, con el \u00faltimo servicio realizado en octubre de 2022. Actualmente, no se conocen fallos ni advertencias en el salpicadero. Adem\u00e1s, a juzgar por las fotos facilitadas, no hay imperfecciones de carrocer\u00eda que rese\u00f1ar.<\/p>\n","protected":false},"excerpt":{"rendered":"<p>Aqu\u00ed est\u00e1 a la venta el McLaren 720S, posiblemente uno de los coches con mejores prestaciones de su categor\u00eda. Con un motor V8 turboalimentado y una suspensi\u00f3n de \u00faltima generaci\u00f3n, este coup\u00e9 es rapid\u00edsimo en recta y en curva. Seg\u00fan el vendedor profesional que lo subasta, este McLaren 720S de 2017 est\u00e1 impecable, totalmente revisado y no ha sufrido ning\u00fan accidente. Hasta ahora, ha recorrido algo m\u00e1s de 6.000 km, y actualmente se encuentra en el Reino Unido.<\/p>\n","protected":false},"featured_media":39167,"comment_status":"open","ping_status":"closed","template":"","meta":{"inline_featured_image":false},"product_cat":[715],"product_tag":[1636,1631,1627,919],"acf":[],"yoast_head":"<!-- This site is optimized with the Yoast SEO plugin v22.5 - https:\/\/yoast.com\/wordpress\/plugins\/seo\/ -->\n<title>McLaren 720S auction - Piston Addict%.<\/title>\n<meta name=\"description\" content=\"Mira este McLaren 720S en subasta en PistonAddict.com\" \/>\n<meta name=\"robots\" content=\"index, follow, max-snippet:-1, max-image-preview:large, max-video-preview:-1\" \/>\n<link rel=\"canonical\" href=\"https:\/\/pistonaddict.com\/es\/product\/mclaren-720s\/\" \/>\n<meta property=\"og:locale\" content=\"es_ES\" \/>\n<meta property=\"og:type\" content=\"article\" \/>\n<meta property=\"og:title\" content=\"McLaren 720S auction - Piston Addict%.\" \/>\n<meta property=\"og:description\" content=\"Mira este McLaren 720S en subasta en PistonAddict.com\" \/>\n<meta property=\"og:url\" content=\"https:\/\/pistonaddict.com\/es\/product\/mclaren-720s\/\" \/>\n<meta property=\"og:site_name\" content=\"Piston Addict\" \/>\n<meta property=\"article:modified_time\" content=\"2024-03-19T16:52:21+00:00\" \/>\n<meta property=\"og:image\" content=\"https:\/\/pistonaddict.com\/wp-content\/uploads\/2023\/04\/LuxurycarLondonApril11PistonAddict_0851-scaled.jpg\" \/>\n\t<meta property=\"og:image:width\" content=\"2560\" \/>\n\t<meta property=\"og:image:height\" content=\"1534\" \/>\n\t<meta property=\"og:image:type\" content=\"image\/jpeg\" \/>\n<meta name=\"twitter:card\" content=\"summary_large_image\" \/>\n<meta name=\"twitter:label1\" content=\"Tiempo de lectura\" \/>\n\t<meta name=\"twitter:data1\" content=\"3 minutos\" \/>\n<script type=\"application\/ld+json\" class=\"yoast-schema-graph\">{\"@context\":\"https:\/\/schema.org\",\"@graph\":[{\"@type\":\"WebPage\",\"@id\":\"https:\/\/pistonaddict.com\/es\/product\/mclaren-720s\/\",\"url\":\"https:\/\/pistonaddict.com\/es\/product\/mclaren-720s\/\",\"name\":\"McLaren 720S auction - Piston Addict%.\",\"isPartOf\":{\"@id\":\"https:\/\/pistonaddict.com\/es\/#website\"},\"primaryImageOfPage\":{\"@id\":\"https:\/\/pistonaddict.com\/es\/product\/mclaren-720s\/#primaryimage\"},\"image\":{\"@id\":\"https:\/\/pistonaddict.com\/es\/product\/mclaren-720s\/#primaryimage\"},\"thumbnailUrl\":\"https:\/\/pistonaddict.com\/wp-content\/uploads\/2023\/04\/LuxurycarLondonApril11PistonAddict_0851-scaled.jpg\",\"datePublished\":\"2023-04-19T15:31:19+00:00\",\"dateModified\":\"2024-03-19T16:52:21+00:00\",\"description\":\"Mira este McLaren 720S en subasta en PistonAddict.com\",\"breadcrumb\":{\"@id\":\"https:\/\/pistonaddict.com\/es\/product\/mclaren-720s\/#breadcrumb\"},\"inLanguage\":\"es\",\"potentialAction\":[{\"@type\":\"ReadAction\",\"target\":[\"https:\/\/pistonaddict.com\/es\/product\/mclaren-720s\/\"]}]},{\"@type\":\"ImageObject\",\"inLanguage\":\"es\",\"@id\":\"https:\/\/pistonaddict.com\/es\/product\/mclaren-720s\/#primaryimage\",\"url\":\"https:\/\/pistonaddict.com\/wp-content\/uploads\/2023\/04\/LuxurycarLondonApril11PistonAddict_0851-scaled.jpg\",\"contentUrl\":\"https:\/\/pistonaddict.com\/wp-content\/uploads\/2023\/04\/LuxurycarLondonApril11PistonAddict_0851-scaled.jpg\",\"width\":2560,\"height\":1534},{\"@type\":\"BreadcrumbList\",\"@id\":\"https:\/\/pistonaddict.com\/es\/product\/mclaren-720s\/#breadcrumb\",\"itemListElement\":[{\"@type\":\"ListItem\",\"position\":1,\"name\":\"bienvenida\",\"item\":\"https:\/\/pistonaddict.com\/es\/pagina-web\/\"},{\"@type\":\"ListItem\",\"position\":2,\"name\":\"Auctions\",\"item\":\"https:\/\/pistonaddict.com\/auctions-listing\/\"},{\"@type\":\"ListItem\",\"position\":3,\"name\":\"McLaren 720S\"}]},{\"@type\":\"WebSite\",\"@id\":\"https:\/\/pistonaddict.com\/es\/#website\",\"url\":\"https:\/\/pistonaddict.com\/es\/\",\"name\":\"Piston Addict\",\"description\":\"Only interesting vehicles\",\"publisher\":{\"@id\":\"https:\/\/pistonaddict.com\/es\/#organization\"},\"potentialAction\":[{\"@type\":\"SearchAction\",\"target\":{\"@type\":\"EntryPoint\",\"urlTemplate\":\"https:\/\/pistonaddict.com\/es\/?s={search_term_string}\"},\"query-input\":\"required name=search_term_string\"}],\"inLanguage\":\"es\"},{\"@type\":\"Organization\",\"@id\":\"https:\/\/pistonaddict.com\/es\/#organization\",\"name\":\"Piston Addict\",\"url\":\"https:\/\/pistonaddict.com\/es\/\",\"logo\":{\"@type\":\"ImageObject\",\"inLanguage\":\"es\",\"@id\":\"https:\/\/pistonaddict.com\/es\/#\/schema\/logo\/image\/\",\"url\":\"https:\/\/pistonaddict.com\/wp-content\/uploads\/2022\/07\/logo-6.png\",\"contentUrl\":\"https:\/\/pistonaddict.com\/wp-content\/uploads\/2022\/07\/logo-6.png\",\"width\":970,\"height\":200,\"caption\":\"Piston Addict\"},\"image\":{\"@id\":\"https:\/\/pistonaddict.com\/es\/#\/schema\/logo\/image\/\"}}]}<\/script>\n<!-- \/ Yoast SEO plugin. -->","yoast_head_json":{"title":"McLaren 720S auction - Piston Addict%.","description":"Mira este McLaren 720S en subasta en PistonAddict.com","robots":{"index":"index","follow":"follow","max-snippet":"max-snippet:-1","max-image-preview":"max-image-preview:large","max-video-preview":"max-video-preview:-1"},"canonical":"https:\/\/pistonaddict.com\/es\/product\/mclaren-720s\/","og_locale":"es_ES","og_type":"article","og_title":"McLaren 720S auction - Piston Addict%.","og_description":"Mira este McLaren 720S en subasta en PistonAddict.com","og_url":"https:\/\/pistonaddict.com\/es\/product\/mclaren-720s\/","og_site_name":"Piston Addict","article_modified_time":"2024-03-19T16:52:21+00:00","og_image":[{"width":2560,"height":1534,"url":"https:\/\/pistonaddict.com\/wp-content\/uploads\/2023\/04\/LuxurycarLondonApril11PistonAddict_0851-scaled.jpg","type":"image\/jpeg"}],"twitter_card":"summary_large_image","twitter_misc":{"Tiempo de lectura":"3 minutos"},"schema":{"@context":"https:\/\/schema.org","@graph":[{"@type":"WebPage","@id":"https:\/\/pistonaddict.com\/es\/product\/mclaren-720s\/","url":"https:\/\/pistonaddict.com\/es\/product\/mclaren-720s\/","name":"McLaren 720S auction - Piston Addict%.","isPartOf":{"@id":"https:\/\/pistonaddict.com\/es\/#website"},"primaryImageOfPage":{"@id":"https:\/\/pistonaddict.com\/es\/product\/mclaren-720s\/#primaryimage"},"image":{"@id":"https:\/\/pistonaddict.com\/es\/product\/mclaren-720s\/#primaryimage"},"thumbnailUrl":"https:\/\/pistonaddict.com\/wp-content\/uploads\/2023\/04\/LuxurycarLondonApril11PistonAddict_0851-scaled.jpg","datePublished":"2023-04-19T15:31:19+00:00","dateModified":"2024-03-19T16:52:21+00:00","description":"Mira este McLaren 720S en subasta en PistonAddict.com","breadcrumb":{"@id":"https:\/\/pistonaddict.com\/es\/product\/mclaren-720s\/#breadcrumb"},"inLanguage":"es","potentialAction":[{"@type":"ReadAction","target":["https:\/\/pistonaddict.com\/es\/product\/mclaren-720s\/"]}]},{"@type":"ImageObject","inLanguage":"es","@id":"https:\/\/pistonaddict.com\/es\/product\/mclaren-720s\/#primaryimage","url":"https:\/\/pistonaddict.com\/wp-content\/uploads\/2023\/04\/LuxurycarLondonApril11PistonAddict_0851-scaled.jpg","contentUrl":"https:\/\/pistonaddict.com\/wp-content\/uploads\/2023\/04\/LuxurycarLondonApril11PistonAddict_0851-scaled.jpg","width":2560,"height":1534},{"@type":"BreadcrumbList","@id":"https:\/\/pistonaddict.com\/es\/product\/mclaren-720s\/#breadcrumb","itemListElement":[{"@type":"ListItem","position":1,"name":"bienvenida","item":"https:\/\/pistonaddict.com\/es\/pagina-web\/"},{"@type":"ListItem","position":2,"name":"Auctions","item":"https:\/\/pistonaddict.com\/auctions-listing\/"},{"@type":"ListItem","position":3,"name":"McLaren 720S"}]},{"@type":"WebSite","@id":"https:\/\/pistonaddict.com\/es\/#website","url":"https:\/\/pistonaddict.com\/es\/","name":"Piston Addict","description":"Only interesting vehicles","publisher":{"@id":"https:\/\/pistonaddict.com\/es\/#organization"},"potentialAction":[{"@type":"SearchAction","target":{"@type":"EntryPoint","urlTemplate":"https:\/\/pistonaddict.com\/es\/?s={search_term_string}"},"query-input":"required name=search_term_string"}],"inLanguage":"es"},{"@type":"Organization","@id":"https:\/\/pistonaddict.com\/es\/#organization","name":"Piston Addict","url":"https:\/\/pistonaddict.com\/es\/","logo":{"@type":"ImageObject","inLanguage":"es","@id":"https:\/\/pistonaddict.com\/es\/#\/schema\/logo\/image\/","url":"https:\/\/pistonaddict.com\/wp-content\/uploads\/2022\/07\/logo-6.png","contentUrl":"https:\/\/pistonaddict.com\/wp-content\/uploads\/2022\/07\/logo-6.png","width":970,"height":200,"caption":"Piston Addict"},"image":{"@id":"https:\/\/pistonaddict.com\/es\/#\/schema\/logo\/image\/"}}]}},"_links":{"self":[{"href":"https:\/\/pistonaddict.com\/es\/wp-json\/wp\/v2\/product\/39219"}],"collection":[{"href":"https:\/\/pistonaddict.com\/es\/wp-json\/wp\/v2\/product"}],"about":[{"href":"https:\/\/pistonaddict.com\/es\/wp-json\/wp\/v2\/types\/product"}],"replies":[{"embeddable":true,"href":"https:\/\/pistonaddict.com\/es\/wp-json\/wp\/v2\/comments?post=39219"}],"wp:featuredmedia":[{"embeddable":true,"href":"https:\/\/pistonaddict.com\/es\/wp-json\/wp\/v2\/media\/39167"}],"wp:attachment":[{"href":"https:\/\/pistonaddict.com\/es\/wp-json\/wp\/v2\/media?parent=39219"}],"wp:term":[{"taxonomy":"product_cat","embeddable":true,"href":"https:\/\/pistonaddict.com\/es\/wp-json\/wp\/v2\/product_cat?post=39219"},{"taxonomy":"product_tag","embeddable":true,"href":"https:\/\/pistonaddict.com\/es\/wp-json\/wp\/v2\/product_tag?post=39219"}],"curies":[{"name":"wp","href":"https:\/\/api.w.org\/{rel}","templated":true}]}}