{"id":37942,"date":"2023-04-19T16:55:04","date_gmt":"2023-04-19T14:55:04","guid":{"rendered":"https:\/\/pistonaddict.com\/product\/ferrari-412\/"},"modified":"2024-03-19T17:52:22","modified_gmt":"2024-03-19T16:52:22","slug":"ferrari-412","status":"publish","type":"product","link":"https:\/\/pistonaddict.com\/es\/product\/ferrari-412\/","title":{"rendered":"Ferrari 412"},"content":{"rendered":"<p><strong>Historia del coche<\/strong><\/p>\n<p>El Ferrari 412 se present\u00f3 en 1985 como el producto GT de gama alta de la compa\u00f1\u00eda, con espacio para cuatro pasajeros y un amplio maletero. Propulsado por el cl\u00e1sico motor Colombo V12 de 4,9 litros, representa una de las \u00faltimas iteraciones de la era GT cl\u00e1sica de Ferrari. Con 340 CV de potencia en las ruedas traseras a trav\u00e9s de la caja de cambios autom\u00e1tica Borg-Warner, este Ferrari 412 puede alcanzar los 100 km\/h en s\u00f3lo 6,5 segundos y acelerar hasta los 260 km\/h de velocidad m\u00e1xima. Este ejemplar en particular es uno de los \u00faltimos producidos, entregado a su primer propietario en noviembre de 1988. La producci\u00f3n finaliz\u00f3 en 1989 tras entregarse 576 coches, y s\u00f3lo 306 con transmisi\u00f3n autom\u00e1tica. La \u00faltima revisi\u00f3n se realiz\u00f3 en abril de 2021, y el coche apenas se ha utilizado desde entonces.<\/p>\n<p><strong>Estado del coche<\/strong><\/p>\n<p>Lo que hace que este elegante GT sea tan atractivo es su estado. Con menos de 37.000 kil\u00f3metros desde el nuevo, es un ejemplo perfectamente conservado de la elegancia Ferrari de los 80. Este coche nunca fue restaurado, y se encuentra en su notable estado original, hasta las llantas originales, el kit de herramientas (detalle muy apreciado entre los coleccionistas de Ferrari), y los neum\u00e1ticos correctos de f\u00e1brica, que son bastante inusuales hoy en d\u00eda. Este Ferrari 412 fue mantenido adecuadamente y guardado en garaje, lo cual es una de las razones por las que luce como nuevo. No hay fugas de aceite en el tren de rodaje, el vano motor est\u00e1 ordenado y todos los sellos y marcas originales est\u00e1n presentes.<\/p>\n<p><strong>Interior<\/strong><\/p>\n<p>Como era de esperar, el interior de este Ferrari 412 de 1988 est\u00e1 forrado en cuero, y la combinaci\u00f3n de colores del exterior negro con los asientos color tostado es especialmente atractiva. No hay da\u00f1os visibles, y los asientos, los paneles de las puertas y el salpicadero est\u00e1n en perfecto estado. Por supuesto, como GT de lujo que es este Ferrari 412, el interior est\u00e1 repleto de comodidades, accesorios el\u00e9ctricos y climatizador. Lo \u00fanico que no es original es la unidad principal del sistema de audio, que se ha cambiado por una moderna.<\/p>\n<p><strong>Exterior y ruedas<\/strong><\/p>\n<p>Todas las piezas de acabado exterior, molduras y componentes de pl\u00e1stico se ven en perfecto estado, y no hay \u00f3xido, como era de esperar de un veh\u00edculo que fue bien cuidado. No tiene ara\u00f1azos ni abolladuras, y la pintura est\u00e1 en perfecto estado. Curiosamente, el coche conserva las ruedas y las gomas TRX originales, que ten\u00eda cuando era nuevo. Algunos de los propietarios del Ferrari 412 cambiaron las llantas por otras m\u00e1s modernas, ya que los neum\u00e1ticos TRX son dif\u00edciles de encontrar, pero el propietario de este ejemplar se mantuvo fiel a la especificaci\u00f3n original, lo cual es un bonito detalle y demuestra lo bien que se cuid\u00f3 el coche.<\/p>\n<p><strong>Documentaci\u00f3n<\/strong><\/p>\n<p>Se trata de un veh\u00edculo de propiedad privada con la documentaci\u00f3n apropiada situado en Londres, Reino Unido. El informe de CarVertical est\u00e1 limpio; no existen pruebas de accidentes, reparaciones de accidentes ni problemas legales. Existen registros de mantenimiento peri\u00f3dico.<\/p>\n","protected":false},"excerpt":{"rendered":"<p>Los GT V12 de Ferrari siempre fueron sublimes m\u00e1quinas de conducir capaces de saltar continentes a gran velocidad y de ofrecer un confort impresionante, y este 412 de 1988 no es diferente. El \u00faltimo modelo deseable cuenta con todos los ingredientes de una excelente inversi\u00f3n Ferrari con un potente motor V12, combinaci\u00f3n de colores perfecta, y la condici\u00f3n inmaculada con s\u00f3lo 37.000 kilometros de nuevo.<\/p>\n","protected":false},"featured_media":37888,"comment_status":"open","ping_status":"closed","template":"","meta":{"inline_featured_image":false},"product_cat":[715],"product_tag":[1555,1563,1559,919],"acf":[],"yoast_head":"<!-- This site is optimized with the Yoast SEO plugin v22.5 - https:\/\/yoast.com\/wordpress\/plugins\/seo\/ -->\n<title>Ferrari 412 auction - Piston Addict%.<\/title>\n<meta name=\"description\" content=\"Echa un vistazo a este Ferrari 412 para la venta de subasta en PistonAddict.com con transmisi\u00f3n autom\u00e1tica y s\u00f3lo 36 971 kilometros.\" \/>\n<meta name=\"robots\" content=\"index, follow, max-snippet:-1, max-image-preview:large, max-video-preview:-1\" \/>\n<link rel=\"canonical\" href=\"https:\/\/pistonaddict.com\/es\/product\/ferrari-412\/\" \/>\n<meta property=\"og:locale\" content=\"es_ES\" \/>\n<meta property=\"og:type\" content=\"article\" \/>\n<meta property=\"og:title\" content=\"Ferrari 412 auction - Piston Addict%.\" \/>\n<meta property=\"og:description\" content=\"Echa un vistazo a este Ferrari 412 para la venta de subasta en PistonAddict.com con transmisi\u00f3n autom\u00e1tica y s\u00f3lo 36 971 kilometros.\" \/>\n<meta property=\"og:url\" content=\"https:\/\/pistonaddict.com\/es\/product\/ferrari-412\/\" \/>\n<meta property=\"og:site_name\" content=\"Piston Addict\" \/>\n<meta property=\"article:modified_time\" content=\"2024-03-19T16:52:22+00:00\" \/>\n<meta property=\"og:image\" content=\"https:\/\/pistonaddict.com\/wp-content\/uploads\/2023\/04\/LuxurycarLondonApril11PistonAddict_0358-scaled.jpg\" \/>\n\t<meta property=\"og:image:width\" content=\"2560\" \/>\n\t<meta property=\"og:image:height\" content=\"1737\" \/>\n\t<meta property=\"og:image:type\" content=\"image\/jpeg\" \/>\n<meta name=\"twitter:card\" content=\"summary_large_image\" \/>\n<meta name=\"twitter:label1\" content=\"Tiempo de lectura\" \/>\n\t<meta name=\"twitter:data1\" content=\"3 minutos\" \/>\n<script type=\"application\/ld+json\" class=\"yoast-schema-graph\">{\"@context\":\"https:\/\/schema.org\",\"@graph\":[{\"@type\":\"WebPage\",\"@id\":\"https:\/\/pistonaddict.com\/es\/product\/ferrari-412\/\",\"url\":\"https:\/\/pistonaddict.com\/es\/product\/ferrari-412\/\",\"name\":\"Ferrari 412 auction - Piston Addict%.\",\"isPartOf\":{\"@id\":\"https:\/\/pistonaddict.com\/es\/#website\"},\"primaryImageOfPage\":{\"@id\":\"https:\/\/pistonaddict.com\/es\/product\/ferrari-412\/#primaryimage\"},\"image\":{\"@id\":\"https:\/\/pistonaddict.com\/es\/product\/ferrari-412\/#primaryimage\"},\"thumbnailUrl\":\"https:\/\/pistonaddict.com\/wp-content\/uploads\/2023\/04\/LuxurycarLondonApril11PistonAddict_0358-scaled.jpg\",\"datePublished\":\"2023-04-19T14:55:04+00:00\",\"dateModified\":\"2024-03-19T16:52:22+00:00\",\"description\":\"Echa un vistazo a este Ferrari 412 para la venta de subasta en PistonAddict.com con transmisi\u00f3n autom\u00e1tica y s\u00f3lo 36 971 kilometros.\",\"breadcrumb\":{\"@id\":\"https:\/\/pistonaddict.com\/es\/product\/ferrari-412\/#breadcrumb\"},\"inLanguage\":\"es\",\"potentialAction\":[{\"@type\":\"ReadAction\",\"target\":[\"https:\/\/pistonaddict.com\/es\/product\/ferrari-412\/\"]}]},{\"@type\":\"ImageObject\",\"inLanguage\":\"es\",\"@id\":\"https:\/\/pistonaddict.com\/es\/product\/ferrari-412\/#primaryimage\",\"url\":\"https:\/\/pistonaddict.com\/wp-content\/uploads\/2023\/04\/LuxurycarLondonApril11PistonAddict_0358-scaled.jpg\",\"contentUrl\":\"https:\/\/pistonaddict.com\/wp-content\/uploads\/2023\/04\/LuxurycarLondonApril11PistonAddict_0358-scaled.jpg\",\"width\":2560,\"height\":1737},{\"@type\":\"BreadcrumbList\",\"@id\":\"https:\/\/pistonaddict.com\/es\/product\/ferrari-412\/#breadcrumb\",\"itemListElement\":[{\"@type\":\"ListItem\",\"position\":1,\"name\":\"bienvenida\",\"item\":\"https:\/\/pistonaddict.com\/es\/pagina-web\/\"},{\"@type\":\"ListItem\",\"position\":2,\"name\":\"Auctions\",\"item\":\"https:\/\/pistonaddict.com\/auctions-listing\/\"},{\"@type\":\"ListItem\",\"position\":3,\"name\":\"Ferrari 412\"}]},{\"@type\":\"WebSite\",\"@id\":\"https:\/\/pistonaddict.com\/es\/#website\",\"url\":\"https:\/\/pistonaddict.com\/es\/\",\"name\":\"Piston Addict\",\"description\":\"Only interesting vehicles\",\"publisher\":{\"@id\":\"https:\/\/pistonaddict.com\/es\/#organization\"},\"potentialAction\":[{\"@type\":\"SearchAction\",\"target\":{\"@type\":\"EntryPoint\",\"urlTemplate\":\"https:\/\/pistonaddict.com\/es\/?s={search_term_string}\"},\"query-input\":\"required name=search_term_string\"}],\"inLanguage\":\"es\"},{\"@type\":\"Organization\",\"@id\":\"https:\/\/pistonaddict.com\/es\/#organization\",\"name\":\"Piston Addict\",\"url\":\"https:\/\/pistonaddict.com\/es\/\",\"logo\":{\"@type\":\"ImageObject\",\"inLanguage\":\"es\",\"@id\":\"https:\/\/pistonaddict.com\/es\/#\/schema\/logo\/image\/\",\"url\":\"https:\/\/pistonaddict.com\/wp-content\/uploads\/2022\/07\/logo-6.png\",\"contentUrl\":\"https:\/\/pistonaddict.com\/wp-content\/uploads\/2022\/07\/logo-6.png\",\"width\":970,\"height\":200,\"caption\":\"Piston Addict\"},\"image\":{\"@id\":\"https:\/\/pistonaddict.com\/es\/#\/schema\/logo\/image\/\"}}]}<\/script>\n<!-- \/ Yoast SEO plugin. -->","yoast_head_json":{"title":"Ferrari 412 auction - Piston Addict%.","description":"Echa un vistazo a este Ferrari 412 para la venta de subasta en PistonAddict.com con transmisi\u00f3n autom\u00e1tica y s\u00f3lo 36 971 kilometros.","robots":{"index":"index","follow":"follow","max-snippet":"max-snippet:-1","max-image-preview":"max-image-preview:large","max-video-preview":"max-video-preview:-1"},"canonical":"https:\/\/pistonaddict.com\/es\/product\/ferrari-412\/","og_locale":"es_ES","og_type":"article","og_title":"Ferrari 412 auction - Piston Addict%.","og_description":"Echa un vistazo a este Ferrari 412 para la venta de subasta en PistonAddict.com con transmisi\u00f3n autom\u00e1tica y s\u00f3lo 36 971 kilometros.","og_url":"https:\/\/pistonaddict.com\/es\/product\/ferrari-412\/","og_site_name":"Piston Addict","article_modified_time":"2024-03-19T16:52:22+00:00","og_image":[{"width":2560,"height":1737,"url":"https:\/\/pistonaddict.com\/wp-content\/uploads\/2023\/04\/LuxurycarLondonApril11PistonAddict_0358-scaled.jpg","type":"image\/jpeg"}],"twitter_card":"summary_large_image","twitter_misc":{"Tiempo de lectura":"3 minutos"},"schema":{"@context":"https:\/\/schema.org","@graph":[{"@type":"WebPage","@id":"https:\/\/pistonaddict.com\/es\/product\/ferrari-412\/","url":"https:\/\/pistonaddict.com\/es\/product\/ferrari-412\/","name":"Ferrari 412 auction - Piston Addict%.","isPartOf":{"@id":"https:\/\/pistonaddict.com\/es\/#website"},"primaryImageOfPage":{"@id":"https:\/\/pistonaddict.com\/es\/product\/ferrari-412\/#primaryimage"},"image":{"@id":"https:\/\/pistonaddict.com\/es\/product\/ferrari-412\/#primaryimage"},"thumbnailUrl":"https:\/\/pistonaddict.com\/wp-content\/uploads\/2023\/04\/LuxurycarLondonApril11PistonAddict_0358-scaled.jpg","datePublished":"2023-04-19T14:55:04+00:00","dateModified":"2024-03-19T16:52:22+00:00","description":"Echa un vistazo a este Ferrari 412 para la venta de subasta en PistonAddict.com con transmisi\u00f3n autom\u00e1tica y s\u00f3lo 36 971 kilometros.","breadcrumb":{"@id":"https:\/\/pistonaddict.com\/es\/product\/ferrari-412\/#breadcrumb"},"inLanguage":"es","potentialAction":[{"@type":"ReadAction","target":["https:\/\/pistonaddict.com\/es\/product\/ferrari-412\/"]}]},{"@type":"ImageObject","inLanguage":"es","@id":"https:\/\/pistonaddict.com\/es\/product\/ferrari-412\/#primaryimage","url":"https:\/\/pistonaddict.com\/wp-content\/uploads\/2023\/04\/LuxurycarLondonApril11PistonAddict_0358-scaled.jpg","contentUrl":"https:\/\/pistonaddict.com\/wp-content\/uploads\/2023\/04\/LuxurycarLondonApril11PistonAddict_0358-scaled.jpg","width":2560,"height":1737},{"@type":"BreadcrumbList","@id":"https:\/\/pistonaddict.com\/es\/product\/ferrari-412\/#breadcrumb","itemListElement":[{"@type":"ListItem","position":1,"name":"bienvenida","item":"https:\/\/pistonaddict.com\/es\/pagina-web\/"},{"@type":"ListItem","position":2,"name":"Auctions","item":"https:\/\/pistonaddict.com\/auctions-listing\/"},{"@type":"ListItem","position":3,"name":"Ferrari 412"}]},{"@type":"WebSite","@id":"https:\/\/pistonaddict.com\/es\/#website","url":"https:\/\/pistonaddict.com\/es\/","name":"Piston Addict","description":"Only interesting vehicles","publisher":{"@id":"https:\/\/pistonaddict.com\/es\/#organization"},"potentialAction":[{"@type":"SearchAction","target":{"@type":"EntryPoint","urlTemplate":"https:\/\/pistonaddict.com\/es\/?s={search_term_string}"},"query-input":"required name=search_term_string"}],"inLanguage":"es"},{"@type":"Organization","@id":"https:\/\/pistonaddict.com\/es\/#organization","name":"Piston Addict","url":"https:\/\/pistonaddict.com\/es\/","logo":{"@type":"ImageObject","inLanguage":"es","@id":"https:\/\/pistonaddict.com\/es\/#\/schema\/logo\/image\/","url":"https:\/\/pistonaddict.com\/wp-content\/uploads\/2022\/07\/logo-6.png","contentUrl":"https:\/\/pistonaddict.com\/wp-content\/uploads\/2022\/07\/logo-6.png","width":970,"height":200,"caption":"Piston Addict"},"image":{"@id":"https:\/\/pistonaddict.com\/es\/#\/schema\/logo\/image\/"}}]}},"_links":{"self":[{"href":"https:\/\/pistonaddict.com\/es\/wp-json\/wp\/v2\/product\/37942"}],"collection":[{"href":"https:\/\/pistonaddict.com\/es\/wp-json\/wp\/v2\/product"}],"about":[{"href":"https:\/\/pistonaddict.com\/es\/wp-json\/wp\/v2\/types\/product"}],"replies":[{"embeddable":true,"href":"https:\/\/pistonaddict.com\/es\/wp-json\/wp\/v2\/comments?post=37942"}],"wp:featuredmedia":[{"embeddable":true,"href":"https:\/\/pistonaddict.com\/es\/wp-json\/wp\/v2\/media\/37888"}],"wp:attachment":[{"href":"https:\/\/pistonaddict.com\/es\/wp-json\/wp\/v2\/media?parent=37942"}],"wp:term":[{"taxonomy":"product_cat","embeddable":true,"href":"https:\/\/pistonaddict.com\/es\/wp-json\/wp\/v2\/product_cat?post=37942"},{"taxonomy":"product_tag","embeddable":true,"href":"https:\/\/pistonaddict.com\/es\/wp-json\/wp\/v2\/product_tag?post=37942"}],"curies":[{"name":"wp","href":"https:\/\/api.w.org\/{rel}","templated":true}]}}