{"id":35659,"date":"2023-04-19T15:45:16","date_gmt":"2023-04-19T13:45:16","guid":{"rendered":"https:\/\/pistonaddict.com\/product\/bmw-m4\/"},"modified":"2024-03-19T17:51:25","modified_gmt":"2024-03-19T16:51:25","slug":"bmw-m4","status":"publish","type":"product","link":"https:\/\/pistonaddict.com\/es\/product\/bmw-m4\/","title":{"rendered":"BMW M4"},"content":{"rendered":"<p><strong>Historia del coche<\/strong><\/p>\n<p>El M4 de la serie F82 fue un gran paso para BMW cuando debut\u00f3 en 2014. Fue el primer Producto M en incorporar un motor turboalimentado de seis cilindros, un sistema de direcci\u00f3n asistida el\u00e9ctrica y un uso extensivo de fibra de carbono en la construcci\u00f3n del coche. El resultado fue una m\u00e1quina de conducci\u00f3n fant\u00e1stica con 425 CV en estado original, una suspensi\u00f3n equilibrada y unas prestaciones sublimes. El F82 fue tambi\u00e9n el primer modelo en utilizar la denominaci\u00f3n M4, que era la designaci\u00f3n de la versi\u00f3n coup\u00e9 del M3. Este ejemplo en particular fue producido en 2017 y es un modelo posterior m\u00e1s deseable y mejorado. Sin embargo, lo m\u00e1s interesante de este coche son sus especificaciones, estado y kilometraje. Con poco m\u00e1s de 3.500 km en el reloj es pr\u00e1cticamente un coche nuevo, lo que lo convierte en un veh\u00edculo de inversi\u00f3n. Pero este M4 tambi\u00e9n est\u00e1 muy equipado y modificado con gusto para ofrecer m\u00e1s potencia, mejor conducci\u00f3n y una din\u00e1mica de conducci\u00f3n general impresionante. Lo encarg\u00f3 nuevo un cliente VIP de BMW, que sab\u00eda exactamente c\u00f3mo especificar el M4 perfecto.<\/p>\n<p><strong> <\/strong><strong>Condici\u00f3n<\/strong><\/p>\n<p>M\u00ednimo kilometraje asegura que este M4 est\u00e1 en perfectas condiciones sin fallos mec\u00e1nicos, da\u00f1os por accidentes, y el servicio reciente realizado en febrero de 2022. Sin embargo, adem\u00e1s de la impresionante lista de equipamiento de f\u00e1brica, este veh\u00edculo en particular tiene la suspensi\u00f3n modificada y se sienta m\u00e1s bajo que el stock, asegurando un manejo a\u00fan mejor y la sensaci\u00f3n de conducci\u00f3n. Sin embargo, eso es solo el principio, y el propietario original de este coche instal\u00f3 un sistema de escape de titanio Akrapovi\u010d con puntas de carbono que realza el sonido de ese famoso motor de seis cilindros en l\u00ednea. La mejora exterior se complet\u00f3 con un splitter delantero de carbono, un aler\u00f3n trasero y llantas de recambio. Curiosamente, aunque los 425 CV son bastantes, el propietario original mejor\u00f3 el rendimiento, y el motor ofrece ahora 510 CV, lo que convierte a este M4 en un coche realmente competente. La transmisi\u00f3n elegida es la autom\u00e1tica DCT de 7 velocidades de BMW, una opci\u00f3n inteligente que combina confort y prestaciones. Este veh\u00edculo est\u00e1 equipado con discos de freno cer\u00e1micos opcionales.<\/p>\n<p><strong>Interior<\/strong><\/p>\n<p>Tapizado en cuero negro con asientos espec\u00edficos M y detalles en carbono, el interior no muestra signos de uso. Con una perfecta posici\u00f3n de los asientos, un sistema de audio premium y el famoso sistema de infoentretenimiento iDrive de BMW, pasar tiempo en este M4 ser\u00e1 una gozada mientras recorres kil\u00f3metros a una velocidad asombrosa. No hay modificaciones en el interior, y la lista de extras opcionales y comodidades es extensa.<\/p>\n<p><strong>Exterior y ruedas<\/strong><\/p>\n<p>Acabado en un llamativo tono Amarillo Austin metalizado, este M4 tiene un exterior impecable, con todas las piezas de tapicer\u00eda presentes y sin marcas. Los bits de carbono forman parte del cat\u00e1logo de accesorios M Performance y encajan perfectamente. Un detalle destacable son las llantas posventa HRE, que hacen juego con el exterior y son m\u00e1s ligeras y resistentes que las de f\u00e1brica.<\/p>\n<p><strong>Documentaci\u00f3n<\/strong><\/p>\n<p>Se trata de un veh\u00edculo de propiedad privada con la documentaci\u00f3n apropiada situado en Londres, Reino Unido. El informe de CarVertical est\u00e1 limpio; no existen pruebas de accidentes, reparaciones de accidentes ni problemas legales. Existen registros de mantenimiento peri\u00f3dico.<\/p>\n","protected":false},"excerpt":{"rendered":"<p>Hay una buena raz\u00f3n por la que el BMW M4 es tan respetado entre los aficionados a los coches de altas prestaciones. Ning\u00fan otro coche de su clase puede ofrecer la impresionante din\u00e1mica de un deportivo y la facilidad de uso diario del M4 de la serie F82. Este coche en particular es un ejemplo perfecto, ligeramente modificado para que la conducci\u00f3n sea a\u00fan mejor, con un kilometraje m\u00ednimo, bien cuidado y listo para el pr\u00f3ximo propietario.<\/p>\n","protected":false},"featured_media":35441,"comment_status":"open","ping_status":"closed","template":"","meta":{"inline_featured_image":false},"product_cat":[715],"product_tag":[1458,1456,1457,919],"acf":[],"yoast_head":"<!-- This site is optimized with the Yoast SEO plugin v22.5 - https:\/\/yoast.com\/wordpress\/plugins\/seo\/ -->\n<title>BMW M4 auction - Piston Addict%.<\/title>\n<meta name=\"description\" content=\"Echa un vistazo a este BMW M4 para la venta de subasta en PistonAddict.com con transmisi\u00f3n autom\u00e1tica y s\u00f3lo 2053 millas.\" \/>\n<meta name=\"robots\" content=\"index, follow, max-snippet:-1, max-image-preview:large, max-video-preview:-1\" \/>\n<link rel=\"canonical\" href=\"https:\/\/pistonaddict.com\/es\/product\/bmw-m4\/\" \/>\n<meta property=\"og:locale\" content=\"es_ES\" \/>\n<meta property=\"og:type\" content=\"article\" \/>\n<meta property=\"og:title\" content=\"BMW M4 auction - Piston Addict%.\" \/>\n<meta property=\"og:description\" content=\"Echa un vistazo a este BMW M4 para la venta de subasta en PistonAddict.com con transmisi\u00f3n autom\u00e1tica y s\u00f3lo 2053 millas.\" \/>\n<meta property=\"og:url\" content=\"https:\/\/pistonaddict.com\/es\/product\/bmw-m4\/\" \/>\n<meta property=\"og:site_name\" content=\"Piston Addict\" \/>\n<meta property=\"article:modified_time\" content=\"2024-03-19T16:51:25+00:00\" \/>\n<meta property=\"og:image\" content=\"https:\/\/pistonaddict.com\/wp-content\/uploads\/2023\/04\/LuxurycarLondonApril11PistonAddict_0647-scaled.jpg\" \/>\n\t<meta property=\"og:image:width\" content=\"2560\" \/>\n\t<meta property=\"og:image:height\" content=\"1708\" \/>\n\t<meta property=\"og:image:type\" content=\"image\/jpeg\" \/>\n<meta name=\"twitter:card\" content=\"summary_large_image\" \/>\n<meta name=\"twitter:label1\" content=\"Tiempo de lectura\" \/>\n\t<meta name=\"twitter:data1\" content=\"3 minutos\" \/>\n<script type=\"application\/ld+json\" class=\"yoast-schema-graph\">{\"@context\":\"https:\/\/schema.org\",\"@graph\":[{\"@type\":\"WebPage\",\"@id\":\"https:\/\/pistonaddict.com\/es\/product\/bmw-m4\/\",\"url\":\"https:\/\/pistonaddict.com\/es\/product\/bmw-m4\/\",\"name\":\"BMW M4 auction - Piston Addict%.\",\"isPartOf\":{\"@id\":\"https:\/\/pistonaddict.com\/es\/#website\"},\"primaryImageOfPage\":{\"@id\":\"https:\/\/pistonaddict.com\/es\/product\/bmw-m4\/#primaryimage\"},\"image\":{\"@id\":\"https:\/\/pistonaddict.com\/es\/product\/bmw-m4\/#primaryimage\"},\"thumbnailUrl\":\"https:\/\/pistonaddict.com\/wp-content\/uploads\/2023\/04\/LuxurycarLondonApril11PistonAddict_0647-scaled.jpg\",\"datePublished\":\"2023-04-19T13:45:16+00:00\",\"dateModified\":\"2024-03-19T16:51:25+00:00\",\"description\":\"Echa un vistazo a este BMW M4 para la venta de subasta en PistonAddict.com con transmisi\u00f3n autom\u00e1tica y s\u00f3lo 2053 millas.\",\"breadcrumb\":{\"@id\":\"https:\/\/pistonaddict.com\/es\/product\/bmw-m4\/#breadcrumb\"},\"inLanguage\":\"es\",\"potentialAction\":[{\"@type\":\"ReadAction\",\"target\":[\"https:\/\/pistonaddict.com\/es\/product\/bmw-m4\/\"]}]},{\"@type\":\"ImageObject\",\"inLanguage\":\"es\",\"@id\":\"https:\/\/pistonaddict.com\/es\/product\/bmw-m4\/#primaryimage\",\"url\":\"https:\/\/pistonaddict.com\/wp-content\/uploads\/2023\/04\/LuxurycarLondonApril11PistonAddict_0647-scaled.jpg\",\"contentUrl\":\"https:\/\/pistonaddict.com\/wp-content\/uploads\/2023\/04\/LuxurycarLondonApril11PistonAddict_0647-scaled.jpg\",\"width\":2560,\"height\":1708},{\"@type\":\"BreadcrumbList\",\"@id\":\"https:\/\/pistonaddict.com\/es\/product\/bmw-m4\/#breadcrumb\",\"itemListElement\":[{\"@type\":\"ListItem\",\"position\":1,\"name\":\"bienvenida\",\"item\":\"https:\/\/pistonaddict.com\/es\/pagina-web\/\"},{\"@type\":\"ListItem\",\"position\":2,\"name\":\"Auctions\",\"item\":\"https:\/\/pistonaddict.com\/auctions-listing\/\"},{\"@type\":\"ListItem\",\"position\":3,\"name\":\"BMW M4\"}]},{\"@type\":\"WebSite\",\"@id\":\"https:\/\/pistonaddict.com\/es\/#website\",\"url\":\"https:\/\/pistonaddict.com\/es\/\",\"name\":\"Piston Addict\",\"description\":\"Only interesting vehicles\",\"publisher\":{\"@id\":\"https:\/\/pistonaddict.com\/es\/#organization\"},\"potentialAction\":[{\"@type\":\"SearchAction\",\"target\":{\"@type\":\"EntryPoint\",\"urlTemplate\":\"https:\/\/pistonaddict.com\/es\/?s={search_term_string}\"},\"query-input\":\"required name=search_term_string\"}],\"inLanguage\":\"es\"},{\"@type\":\"Organization\",\"@id\":\"https:\/\/pistonaddict.com\/es\/#organization\",\"name\":\"Piston Addict\",\"url\":\"https:\/\/pistonaddict.com\/es\/\",\"logo\":{\"@type\":\"ImageObject\",\"inLanguage\":\"es\",\"@id\":\"https:\/\/pistonaddict.com\/es\/#\/schema\/logo\/image\/\",\"url\":\"https:\/\/pistonaddict.com\/wp-content\/uploads\/2022\/07\/logo-6.png\",\"contentUrl\":\"https:\/\/pistonaddict.com\/wp-content\/uploads\/2022\/07\/logo-6.png\",\"width\":970,\"height\":200,\"caption\":\"Piston Addict\"},\"image\":{\"@id\":\"https:\/\/pistonaddict.com\/es\/#\/schema\/logo\/image\/\"}}]}<\/script>\n<!-- \/ Yoast SEO plugin. -->","yoast_head_json":{"title":"BMW M4 auction - Piston Addict%.","description":"Echa un vistazo a este BMW M4 para la venta de subasta en PistonAddict.com con transmisi\u00f3n autom\u00e1tica y s\u00f3lo 2053 millas.","robots":{"index":"index","follow":"follow","max-snippet":"max-snippet:-1","max-image-preview":"max-image-preview:large","max-video-preview":"max-video-preview:-1"},"canonical":"https:\/\/pistonaddict.com\/es\/product\/bmw-m4\/","og_locale":"es_ES","og_type":"article","og_title":"BMW M4 auction - Piston Addict%.","og_description":"Echa un vistazo a este BMW M4 para la venta de subasta en PistonAddict.com con transmisi\u00f3n autom\u00e1tica y s\u00f3lo 2053 millas.","og_url":"https:\/\/pistonaddict.com\/es\/product\/bmw-m4\/","og_site_name":"Piston Addict","article_modified_time":"2024-03-19T16:51:25+00:00","og_image":[{"width":2560,"height":1708,"url":"https:\/\/pistonaddict.com\/wp-content\/uploads\/2023\/04\/LuxurycarLondonApril11PistonAddict_0647-scaled.jpg","type":"image\/jpeg"}],"twitter_card":"summary_large_image","twitter_misc":{"Tiempo de lectura":"3 minutos"},"schema":{"@context":"https:\/\/schema.org","@graph":[{"@type":"WebPage","@id":"https:\/\/pistonaddict.com\/es\/product\/bmw-m4\/","url":"https:\/\/pistonaddict.com\/es\/product\/bmw-m4\/","name":"BMW M4 auction - Piston Addict%.","isPartOf":{"@id":"https:\/\/pistonaddict.com\/es\/#website"},"primaryImageOfPage":{"@id":"https:\/\/pistonaddict.com\/es\/product\/bmw-m4\/#primaryimage"},"image":{"@id":"https:\/\/pistonaddict.com\/es\/product\/bmw-m4\/#primaryimage"},"thumbnailUrl":"https:\/\/pistonaddict.com\/wp-content\/uploads\/2023\/04\/LuxurycarLondonApril11PistonAddict_0647-scaled.jpg","datePublished":"2023-04-19T13:45:16+00:00","dateModified":"2024-03-19T16:51:25+00:00","description":"Echa un vistazo a este BMW M4 para la venta de subasta en PistonAddict.com con transmisi\u00f3n autom\u00e1tica y s\u00f3lo 2053 millas.","breadcrumb":{"@id":"https:\/\/pistonaddict.com\/es\/product\/bmw-m4\/#breadcrumb"},"inLanguage":"es","potentialAction":[{"@type":"ReadAction","target":["https:\/\/pistonaddict.com\/es\/product\/bmw-m4\/"]}]},{"@type":"ImageObject","inLanguage":"es","@id":"https:\/\/pistonaddict.com\/es\/product\/bmw-m4\/#primaryimage","url":"https:\/\/pistonaddict.com\/wp-content\/uploads\/2023\/04\/LuxurycarLondonApril11PistonAddict_0647-scaled.jpg","contentUrl":"https:\/\/pistonaddict.com\/wp-content\/uploads\/2023\/04\/LuxurycarLondonApril11PistonAddict_0647-scaled.jpg","width":2560,"height":1708},{"@type":"BreadcrumbList","@id":"https:\/\/pistonaddict.com\/es\/product\/bmw-m4\/#breadcrumb","itemListElement":[{"@type":"ListItem","position":1,"name":"bienvenida","item":"https:\/\/pistonaddict.com\/es\/pagina-web\/"},{"@type":"ListItem","position":2,"name":"Auctions","item":"https:\/\/pistonaddict.com\/auctions-listing\/"},{"@type":"ListItem","position":3,"name":"BMW M4"}]},{"@type":"WebSite","@id":"https:\/\/pistonaddict.com\/es\/#website","url":"https:\/\/pistonaddict.com\/es\/","name":"Piston Addict","description":"Only interesting vehicles","publisher":{"@id":"https:\/\/pistonaddict.com\/es\/#organization"},"potentialAction":[{"@type":"SearchAction","target":{"@type":"EntryPoint","urlTemplate":"https:\/\/pistonaddict.com\/es\/?s={search_term_string}"},"query-input":"required name=search_term_string"}],"inLanguage":"es"},{"@type":"Organization","@id":"https:\/\/pistonaddict.com\/es\/#organization","name":"Piston Addict","url":"https:\/\/pistonaddict.com\/es\/","logo":{"@type":"ImageObject","inLanguage":"es","@id":"https:\/\/pistonaddict.com\/es\/#\/schema\/logo\/image\/","url":"https:\/\/pistonaddict.com\/wp-content\/uploads\/2022\/07\/logo-6.png","contentUrl":"https:\/\/pistonaddict.com\/wp-content\/uploads\/2022\/07\/logo-6.png","width":970,"height":200,"caption":"Piston Addict"},"image":{"@id":"https:\/\/pistonaddict.com\/es\/#\/schema\/logo\/image\/"}}]}},"_links":{"self":[{"href":"https:\/\/pistonaddict.com\/es\/wp-json\/wp\/v2\/product\/35659"}],"collection":[{"href":"https:\/\/pistonaddict.com\/es\/wp-json\/wp\/v2\/product"}],"about":[{"href":"https:\/\/pistonaddict.com\/es\/wp-json\/wp\/v2\/types\/product"}],"replies":[{"embeddable":true,"href":"https:\/\/pistonaddict.com\/es\/wp-json\/wp\/v2\/comments?post=35659"}],"wp:featuredmedia":[{"embeddable":true,"href":"https:\/\/pistonaddict.com\/es\/wp-json\/wp\/v2\/media\/35441"}],"wp:attachment":[{"href":"https:\/\/pistonaddict.com\/es\/wp-json\/wp\/v2\/media?parent=35659"}],"wp:term":[{"taxonomy":"product_cat","embeddable":true,"href":"https:\/\/pistonaddict.com\/es\/wp-json\/wp\/v2\/product_cat?post=35659"},{"taxonomy":"product_tag","embeddable":true,"href":"https:\/\/pistonaddict.com\/es\/wp-json\/wp\/v2\/product_tag?post=35659"}],"curies":[{"name":"wp","href":"https:\/\/api.w.org\/{rel}","templated":true}]}}