{"id":34588,"date":"2023-04-19T15:06:28","date_gmt":"2023-04-19T13:06:28","guid":{"rendered":"https:\/\/pistonaddict.com\/product\/bentley-flying-spur\/"},"modified":"2024-03-19T17:50:34","modified_gmt":"2024-03-19T16:50:34","slug":"bentley-flying-spur","status":"publish","type":"product","link":"https:\/\/pistonaddict.com\/es\/product\/bentley-flying-spur\/","title":{"rendered":"Bentley Flying Spur"},"content":{"rendered":"<p><strong>Historia del coche<\/strong><\/p>\n<p>Este Flying Spur es uno de los primeros coches de este tipo que se entregar\u00e1n a finales de 2020 a conocidos clientes VIP de Bentley. Es el coche de un solo propietario, y ha recorrido s\u00f3lo 8359 km. Este Flying Spur, acabado en un atractivo color verde con piel de color tostado a juego, se benefici\u00f3 de un paquete de tapicer\u00eda exterior en negro y es un modelo First Edition. En el mundo de Bentley, los modelos First Edition son siempre los m\u00e1s deseados debido a la elecci\u00f3n de colores espec\u00edficos y exclusivos, detalles refinados y equipamiento que a menudo son extras opcionales en los coches de serie.<\/p>\n<p><strong>Estado del coche<\/strong><\/p>\n<p>Siendo uno de los Bentley Flying Spurs con las especificaciones m\u00e1s altas, el propietario original y actual no s\u00f3lo adquiri\u00f3 el paquete First Edition, sino que tambi\u00e9n a\u00f1adi\u00f3 numerosas caracter\u00edsticas y equipamiento a la ya impresionante hoja de especificaciones. El motor W12 de 6.0 litros opcional entrega 626 CV y puede lanzar a esta berlina de superlujo a un impresionante sprint de 0 a 100 km\/h en 3,5 segundos. Lo que es a\u00fan m\u00e1s fascinante es la velocidad m\u00e1xima, y si te encuentras en el tramo no restringido de la Autobahn, \u00a1puedes alcanzar los 333 km\/h! Estamos seguros de que incluso a esa velocidad, este Flying Spur ser\u00e1 estable y confortable.<\/p>\n<p><strong>Exterior y ruedas<\/strong><\/p>\n<p>Gracias a un mantenimiento meticuloso, un garaje climatizado y pocos kil\u00f3metros, este Flying Spur se vende con la pintura en perfecto estado, sin da\u00f1os en el exterior (ni en el interior) y con las llantas originales. Uno de los peque\u00f1os pero interesantes detalles es el techo negro, que combina a la perfecci\u00f3n con la moldura exterior negra y realza a\u00fan m\u00e1s el car\u00e1cter deportivo de esta elegante berlina.<\/p>\n<p><strong>Interior<\/strong><\/p>\n<p>Una de las partes m\u00e1s fascinantes de este coche es el interior. Dise\u00f1ado como la mezcla perfecta de tecnolog\u00eda moderna y enfoque de lujo cl\u00e1sico, este Flying Spur est\u00e1 cubierto de deseable cuero color canela con inserciones de cuero verde y madera en contraste. Lleno de todo tipo de comodidades, la l\u00e1mina protectora se puede encontrar en algunas partes cromadas, lo que demuestra que este coche apenas se utiliz\u00f3.<\/p>\n<p><strong>Documentaci\u00f3n<\/strong><\/p>\n<p>Se trata de un veh\u00edculo de propiedad privada con la documentaci\u00f3n apropiada situado en Londres, Reino Unido. El informe de CarVertical est\u00e1 limpio; no existen pruebas de accidentes, reparaciones de accidentes ni problemas legales. Existen registros de mantenimiento peri\u00f3dico.<\/p>\n","protected":false},"excerpt":{"rendered":"<p>Al igual que muchos de sus competidores, Bentley est\u00e1 apostando por los modelos EV en un futuro pr\u00f3ximo. Esto significa que esta podr\u00eda ser la \u00faltima oportunidad de adquirir un majestuoso coche de lujo con motor de combusti\u00f3n interna como este Flying Spur, con unas especificaciones muy deseables y como nuevo. Propulsado por el caracter\u00edstico motor W12, se trata de un ejemplar \u00fanico perfecto para los entendidos de Bentley.<\/p>\n","protected":false},"featured_media":34096,"comment_status":"open","ping_status":"closed","template":"","meta":{"inline_featured_image":false},"product_cat":[715],"product_tag":[1329,1320,1324,919],"acf":[],"yoast_head":"<!-- This site is optimized with the Yoast SEO plugin v22.5 - https:\/\/yoast.com\/wordpress\/plugins\/seo\/ -->\n<title>Bentley Flying Spur auction - Piston Addict%.<\/title>\n<meta name=\"description\" content=\"Echa un vistazo a este Bentley Flying Spur para la venta de subasta en PistonAddict.com con transmisi\u00f3n autom\u00e1tica y s\u00f3lo 8359 kilometros.\" \/>\n<meta name=\"robots\" content=\"index, follow, max-snippet:-1, max-image-preview:large, max-video-preview:-1\" \/>\n<link rel=\"canonical\" href=\"https:\/\/pistonaddict.com\/es\/product\/bentley-flying-spur\/\" \/>\n<meta property=\"og:locale\" content=\"es_ES\" \/>\n<meta property=\"og:type\" content=\"article\" \/>\n<meta property=\"og:title\" content=\"Bentley Flying Spur auction - Piston Addict%.\" \/>\n<meta property=\"og:description\" content=\"Echa un vistazo a este Bentley Flying Spur para la venta de subasta en PistonAddict.com con transmisi\u00f3n autom\u00e1tica y s\u00f3lo 8359 kilometros.\" \/>\n<meta property=\"og:url\" content=\"https:\/\/pistonaddict.com\/es\/product\/bentley-flying-spur\/\" \/>\n<meta property=\"og:site_name\" content=\"Piston Addict\" \/>\n<meta property=\"article:modified_time\" content=\"2024-03-19T16:50:34+00:00\" \/>\n<meta property=\"og:image\" content=\"https:\/\/pistonaddict.com\/wp-content\/uploads\/2023\/04\/LuxurycarLondonApril11PistonAddict_0433-scaled.jpg\" \/>\n\t<meta property=\"og:image:width\" content=\"2560\" \/>\n\t<meta property=\"og:image:height\" content=\"1505\" \/>\n\t<meta property=\"og:image:type\" content=\"image\/jpeg\" \/>\n<meta name=\"twitter:card\" content=\"summary_large_image\" \/>\n<meta name=\"twitter:label1\" content=\"Tiempo de lectura\" \/>\n\t<meta name=\"twitter:data1\" content=\"2 minutos\" \/>\n<script type=\"application\/ld+json\" class=\"yoast-schema-graph\">{\"@context\":\"https:\/\/schema.org\",\"@graph\":[{\"@type\":\"WebPage\",\"@id\":\"https:\/\/pistonaddict.com\/es\/product\/bentley-flying-spur\/\",\"url\":\"https:\/\/pistonaddict.com\/es\/product\/bentley-flying-spur\/\",\"name\":\"Bentley Flying Spur auction - Piston Addict%.\",\"isPartOf\":{\"@id\":\"https:\/\/pistonaddict.com\/es\/#website\"},\"primaryImageOfPage\":{\"@id\":\"https:\/\/pistonaddict.com\/es\/product\/bentley-flying-spur\/#primaryimage\"},\"image\":{\"@id\":\"https:\/\/pistonaddict.com\/es\/product\/bentley-flying-spur\/#primaryimage\"},\"thumbnailUrl\":\"https:\/\/pistonaddict.com\/wp-content\/uploads\/2023\/04\/LuxurycarLondonApril11PistonAddict_0433-scaled.jpg\",\"datePublished\":\"2023-04-19T13:06:28+00:00\",\"dateModified\":\"2024-03-19T16:50:34+00:00\",\"description\":\"Echa un vistazo a este Bentley Flying Spur para la venta de subasta en PistonAddict.com con transmisi\u00f3n autom\u00e1tica y s\u00f3lo 8359 kilometros.\",\"breadcrumb\":{\"@id\":\"https:\/\/pistonaddict.com\/es\/product\/bentley-flying-spur\/#breadcrumb\"},\"inLanguage\":\"es\",\"potentialAction\":[{\"@type\":\"ReadAction\",\"target\":[\"https:\/\/pistonaddict.com\/es\/product\/bentley-flying-spur\/\"]}]},{\"@type\":\"ImageObject\",\"inLanguage\":\"es\",\"@id\":\"https:\/\/pistonaddict.com\/es\/product\/bentley-flying-spur\/#primaryimage\",\"url\":\"https:\/\/pistonaddict.com\/wp-content\/uploads\/2023\/04\/LuxurycarLondonApril11PistonAddict_0433-scaled.jpg\",\"contentUrl\":\"https:\/\/pistonaddict.com\/wp-content\/uploads\/2023\/04\/LuxurycarLondonApril11PistonAddict_0433-scaled.jpg\",\"width\":2560,\"height\":1505},{\"@type\":\"BreadcrumbList\",\"@id\":\"https:\/\/pistonaddict.com\/es\/product\/bentley-flying-spur\/#breadcrumb\",\"itemListElement\":[{\"@type\":\"ListItem\",\"position\":1,\"name\":\"bienvenida\",\"item\":\"https:\/\/pistonaddict.com\/es\/pagina-web\/\"},{\"@type\":\"ListItem\",\"position\":2,\"name\":\"Auctions\",\"item\":\"https:\/\/pistonaddict.com\/auctions-listing\/\"},{\"@type\":\"ListItem\",\"position\":3,\"name\":\"Bentley Flying Spur\"}]},{\"@type\":\"WebSite\",\"@id\":\"https:\/\/pistonaddict.com\/es\/#website\",\"url\":\"https:\/\/pistonaddict.com\/es\/\",\"name\":\"Piston Addict\",\"description\":\"Only interesting vehicles\",\"publisher\":{\"@id\":\"https:\/\/pistonaddict.com\/es\/#organization\"},\"potentialAction\":[{\"@type\":\"SearchAction\",\"target\":{\"@type\":\"EntryPoint\",\"urlTemplate\":\"https:\/\/pistonaddict.com\/es\/?s={search_term_string}\"},\"query-input\":\"required name=search_term_string\"}],\"inLanguage\":\"es\"},{\"@type\":\"Organization\",\"@id\":\"https:\/\/pistonaddict.com\/es\/#organization\",\"name\":\"Piston Addict\",\"url\":\"https:\/\/pistonaddict.com\/es\/\",\"logo\":{\"@type\":\"ImageObject\",\"inLanguage\":\"es\",\"@id\":\"https:\/\/pistonaddict.com\/es\/#\/schema\/logo\/image\/\",\"url\":\"https:\/\/pistonaddict.com\/wp-content\/uploads\/2022\/07\/logo-6.png\",\"contentUrl\":\"https:\/\/pistonaddict.com\/wp-content\/uploads\/2022\/07\/logo-6.png\",\"width\":970,\"height\":200,\"caption\":\"Piston Addict\"},\"image\":{\"@id\":\"https:\/\/pistonaddict.com\/es\/#\/schema\/logo\/image\/\"}}]}<\/script>\n<!-- \/ Yoast SEO plugin. -->","yoast_head_json":{"title":"Bentley Flying Spur auction - Piston Addict%.","description":"Echa un vistazo a este Bentley Flying Spur para la venta de subasta en PistonAddict.com con transmisi\u00f3n autom\u00e1tica y s\u00f3lo 8359 kilometros.","robots":{"index":"index","follow":"follow","max-snippet":"max-snippet:-1","max-image-preview":"max-image-preview:large","max-video-preview":"max-video-preview:-1"},"canonical":"https:\/\/pistonaddict.com\/es\/product\/bentley-flying-spur\/","og_locale":"es_ES","og_type":"article","og_title":"Bentley Flying Spur auction - Piston Addict%.","og_description":"Echa un vistazo a este Bentley Flying Spur para la venta de subasta en PistonAddict.com con transmisi\u00f3n autom\u00e1tica y s\u00f3lo 8359 kilometros.","og_url":"https:\/\/pistonaddict.com\/es\/product\/bentley-flying-spur\/","og_site_name":"Piston Addict","article_modified_time":"2024-03-19T16:50:34+00:00","og_image":[{"width":2560,"height":1505,"url":"https:\/\/pistonaddict.com\/wp-content\/uploads\/2023\/04\/LuxurycarLondonApril11PistonAddict_0433-scaled.jpg","type":"image\/jpeg"}],"twitter_card":"summary_large_image","twitter_misc":{"Tiempo de lectura":"2 minutos"},"schema":{"@context":"https:\/\/schema.org","@graph":[{"@type":"WebPage","@id":"https:\/\/pistonaddict.com\/es\/product\/bentley-flying-spur\/","url":"https:\/\/pistonaddict.com\/es\/product\/bentley-flying-spur\/","name":"Bentley Flying Spur auction - Piston Addict%.","isPartOf":{"@id":"https:\/\/pistonaddict.com\/es\/#website"},"primaryImageOfPage":{"@id":"https:\/\/pistonaddict.com\/es\/product\/bentley-flying-spur\/#primaryimage"},"image":{"@id":"https:\/\/pistonaddict.com\/es\/product\/bentley-flying-spur\/#primaryimage"},"thumbnailUrl":"https:\/\/pistonaddict.com\/wp-content\/uploads\/2023\/04\/LuxurycarLondonApril11PistonAddict_0433-scaled.jpg","datePublished":"2023-04-19T13:06:28+00:00","dateModified":"2024-03-19T16:50:34+00:00","description":"Echa un vistazo a este Bentley Flying Spur para la venta de subasta en PistonAddict.com con transmisi\u00f3n autom\u00e1tica y s\u00f3lo 8359 kilometros.","breadcrumb":{"@id":"https:\/\/pistonaddict.com\/es\/product\/bentley-flying-spur\/#breadcrumb"},"inLanguage":"es","potentialAction":[{"@type":"ReadAction","target":["https:\/\/pistonaddict.com\/es\/product\/bentley-flying-spur\/"]}]},{"@type":"ImageObject","inLanguage":"es","@id":"https:\/\/pistonaddict.com\/es\/product\/bentley-flying-spur\/#primaryimage","url":"https:\/\/pistonaddict.com\/wp-content\/uploads\/2023\/04\/LuxurycarLondonApril11PistonAddict_0433-scaled.jpg","contentUrl":"https:\/\/pistonaddict.com\/wp-content\/uploads\/2023\/04\/LuxurycarLondonApril11PistonAddict_0433-scaled.jpg","width":2560,"height":1505},{"@type":"BreadcrumbList","@id":"https:\/\/pistonaddict.com\/es\/product\/bentley-flying-spur\/#breadcrumb","itemListElement":[{"@type":"ListItem","position":1,"name":"bienvenida","item":"https:\/\/pistonaddict.com\/es\/pagina-web\/"},{"@type":"ListItem","position":2,"name":"Auctions","item":"https:\/\/pistonaddict.com\/auctions-listing\/"},{"@type":"ListItem","position":3,"name":"Bentley Flying Spur"}]},{"@type":"WebSite","@id":"https:\/\/pistonaddict.com\/es\/#website","url":"https:\/\/pistonaddict.com\/es\/","name":"Piston Addict","description":"Only interesting vehicles","publisher":{"@id":"https:\/\/pistonaddict.com\/es\/#organization"},"potentialAction":[{"@type":"SearchAction","target":{"@type":"EntryPoint","urlTemplate":"https:\/\/pistonaddict.com\/es\/?s={search_term_string}"},"query-input":"required name=search_term_string"}],"inLanguage":"es"},{"@type":"Organization","@id":"https:\/\/pistonaddict.com\/es\/#organization","name":"Piston Addict","url":"https:\/\/pistonaddict.com\/es\/","logo":{"@type":"ImageObject","inLanguage":"es","@id":"https:\/\/pistonaddict.com\/es\/#\/schema\/logo\/image\/","url":"https:\/\/pistonaddict.com\/wp-content\/uploads\/2022\/07\/logo-6.png","contentUrl":"https:\/\/pistonaddict.com\/wp-content\/uploads\/2022\/07\/logo-6.png","width":970,"height":200,"caption":"Piston Addict"},"image":{"@id":"https:\/\/pistonaddict.com\/es\/#\/schema\/logo\/image\/"}}]}},"_links":{"self":[{"href":"https:\/\/pistonaddict.com\/es\/wp-json\/wp\/v2\/product\/34588"}],"collection":[{"href":"https:\/\/pistonaddict.com\/es\/wp-json\/wp\/v2\/product"}],"about":[{"href":"https:\/\/pistonaddict.com\/es\/wp-json\/wp\/v2\/types\/product"}],"replies":[{"embeddable":true,"href":"https:\/\/pistonaddict.com\/es\/wp-json\/wp\/v2\/comments?post=34588"}],"wp:featuredmedia":[{"embeddable":true,"href":"https:\/\/pistonaddict.com\/es\/wp-json\/wp\/v2\/media\/34096"}],"wp:attachment":[{"href":"https:\/\/pistonaddict.com\/es\/wp-json\/wp\/v2\/media?parent=34588"}],"wp:term":[{"taxonomy":"product_cat","embeddable":true,"href":"https:\/\/pistonaddict.com\/es\/wp-json\/wp\/v2\/product_cat?post=34588"},{"taxonomy":"product_tag","embeddable":true,"href":"https:\/\/pistonaddict.com\/es\/wp-json\/wp\/v2\/product_tag?post=34588"}],"curies":[{"name":"wp","href":"https:\/\/api.w.org\/{rel}","templated":true}]}}