{"id":34032,"date":"2023-04-19T10:37:02","date_gmt":"2023-04-19T08:37:02","guid":{"rendered":"https:\/\/pistonaddict.com\/product\/porsche-gt3-touring\/"},"modified":"2024-03-19T17:27:19","modified_gmt":"2024-03-19T16:27:19","slug":"porsche-gt3-touring","status":"publish","type":"product","link":"https:\/\/pistonaddict.com\/es\/product\/porsche-gt3-touring\/","title":{"rendered":"Porsche GT3 Touring"},"content":{"rendered":"<h2>Exterior<\/h2>\n<p>Exteriormente, este modelo Touring de color gris comparte la mayor\u00eda de los detalles de dise\u00f1o con el 911 RS3 en el que se basa. Esto incluye faros de xen\u00f3n con halos LED, grandes tomas de aire en la parte delantera y paneles de carrocer\u00eda y parachoques ensanchados. Pero en lo que difieren estos dos coches es en el enorme aler\u00f3n trasero, o la aparente ausencia del mismo, en el Touring. En su lugar, este modelo tiene un aler\u00f3n trasero retr\u00e1ctil, que se despliega a 75 MPH para proporcionar carga aerodin\u00e1mica adicional. Sin embargo, el aler\u00f3n est\u00e1 retra\u00eddo y enrasado con la silueta del coche a baja velocidad, lo que le confiere un aspecto elegante y aerodin\u00e1mico. Este Porsche lleva de f\u00e1brica llantas de 19 pulgadas y neum\u00e1ticos Dunlop Sport Maxx Race 2, que le sientan de maravilla.<\/p>\n<h2>Interior<\/h2>\n<p>En el interior, este Porsche cuenta con un par de ligeros asientos tipo bucket vestidos de cuero negro con inserciones de tela gris oscuro. Los cinturones de seguridad amarillos son un bonito detalle que da al interior un aspecto m\u00e1s vivo. A diferencia del 911 <em>normal<\/em>, no hay asientos en la parte trasera. Una vez dentro, el conductor encontrar\u00e1 un volante de cuero de tres radios y el cuadro de instrumentos con la firma de Porsche detr\u00e1s. Incluye un cuentarrevoluciones central que llega hasta las 10.000 RPM, un veloc\u00edmetro y varios indicadores m\u00e1s. La consola central est\u00e1 dominada por una gran pantalla t\u00e1ctil con est\u00e9reo integrado, visualizaci\u00f3n de la c\u00e1mara de marcha atr\u00e1s y navegaci\u00f3n. Por \u00faltimo, como la mayor\u00eda de los modelos GT3, este Porsche cuenta con un cron\u00f3metro en la parte superior del salpicadero, lo que resulta \u00fatil a la hora de realizar vueltas cronometradas.<\/p>\n<h2>Mec\u00e1nica<\/h2>\n<p>A pesar de ser lo que parece un modelo de ocio, este Touring sigue formando parte de la prestigiosa gama GT3. Esto significa que tiene el mismo motor de seis cilindros en plano de 4,0 litros de aspiraci\u00f3n natural que desarrolla 500 CV y 469 Nm de par. Pero a diferencia de la mayor\u00eda de la gama GT3, que utiliza transmisiones autom\u00e1ticas de doble embrague, este coche tiene una m\u00e1s tradicional, manual de seis velocidades. La potencia se env\u00eda a las ruedas traseras a trav\u00e9s de un diferencial de deslizamiento limitado, que mejora la tracci\u00f3n, especialmente en condiciones resbaladizas. Con todo ello, este Porsche acelera de 0 a 100 km\/h en s\u00f3lo 3,4 segundos y alcanza una velocidad m\u00e1xima de 196 km\/h. Y cuando tenga que detenerse, los enormes frenos se encargar\u00e1n de hacerlo en la menor distancia posible.<\/p>\n<h2>Historial del veh\u00edculo<\/h2>\n<p>Este 911 GT3 Touring en particular fue fabricado a medida por Porsche para uno de sus clientes VIP, que lo encarg\u00f3 como parte de una colecci\u00f3n m\u00e1s amplia. A pesar de estar en el Reino Unido, se trata de un modelo con volante a la izquierda y matr\u00edcula luxemburguesa. Su \u00faltima revisi\u00f3n tuvo lugar hace apenas unos meses, en febrero, y ahora est\u00e1 completamente listo para salir a la carretera.<\/p>\n","protected":false},"excerpt":{"rendered":"<p>Este Porsche 911 GT3 Touring ser\u00e1 perfecto para alguien que busque un coche elegante y suave capaz de ofrecer unas prestaciones de v\u00e9rtigo. Aunque pueda parecer sutil -o incluso poco ostentoso- por fuera, este coup\u00e9 de 2 puertas es un aut\u00e9ntico pura sangre de carreras por debajo. Y como tal, es igual de bueno mientras se circula por la autopista o en la pista. Fabricado en 2018 como uno de los \u00faltimos coches de la gama 991.2, este Porsche solo ha hecho 1400 kil\u00f3metros. Adem\u00e1s, el vendedor dice que ha sido revisado recientemente y lo describe <em>como nuevo<\/em>.<\/p>\n","protected":false},"featured_media":33497,"comment_status":"open","ping_status":"closed","template":"","meta":{"inline_featured_image":false},"product_cat":[715],"product_tag":[1278,1153,861,919],"acf":[],"yoast_head":"<!-- This site is optimized with the Yoast SEO plugin v22.5 - https:\/\/yoast.com\/wordpress\/plugins\/seo\/ -->\n<title>Porsche GT3 Touring auction - Piston Addict%.<\/title>\n<meta name=\"description\" content=\"Echa un vistazo a este Porsche GT3 Touring para la venta de subasta en PistonAddict.com con transmisi\u00f3n autom\u00e1tica y s\u00f3lo 1414 millas.\" \/>\n<meta name=\"robots\" content=\"index, follow, max-snippet:-1, max-image-preview:large, max-video-preview:-1\" \/>\n<link rel=\"canonical\" href=\"https:\/\/pistonaddict.com\/es\/product\/porsche-gt3-touring\/\" \/>\n<meta property=\"og:locale\" content=\"es_ES\" \/>\n<meta property=\"og:type\" content=\"article\" \/>\n<meta property=\"og:title\" content=\"Porsche GT3 Touring auction - Piston Addict%.\" \/>\n<meta property=\"og:description\" content=\"Echa un vistazo a este Porsche GT3 Touring para la venta de subasta en PistonAddict.com con transmisi\u00f3n autom\u00e1tica y s\u00f3lo 1414 millas.\" \/>\n<meta property=\"og:url\" content=\"https:\/\/pistonaddict.com\/es\/product\/porsche-gt3-touring\/\" \/>\n<meta property=\"og:site_name\" content=\"Piston Addict\" \/>\n<meta property=\"article:modified_time\" content=\"2024-03-19T16:27:19+00:00\" \/>\n<meta property=\"og:image\" content=\"https:\/\/pistonaddict.com\/wp-content\/uploads\/2023\/04\/LuxurycarLondonApril11PistonAddict_0868-2-scaled.jpg\" \/>\n\t<meta property=\"og:image:width\" content=\"2560\" \/>\n\t<meta property=\"og:image:height\" content=\"1673\" \/>\n\t<meta property=\"og:image:type\" content=\"image\/jpeg\" \/>\n<meta name=\"twitter:card\" content=\"summary_large_image\" \/>\n<meta name=\"twitter:label1\" content=\"Tiempo de lectura\" \/>\n\t<meta name=\"twitter:data1\" content=\"3 minutos\" \/>\n<script type=\"application\/ld+json\" class=\"yoast-schema-graph\">{\"@context\":\"https:\/\/schema.org\",\"@graph\":[{\"@type\":\"WebPage\",\"@id\":\"https:\/\/pistonaddict.com\/es\/product\/porsche-gt3-touring\/\",\"url\":\"https:\/\/pistonaddict.com\/es\/product\/porsche-gt3-touring\/\",\"name\":\"Porsche GT3 Touring auction - Piston Addict%.\",\"isPartOf\":{\"@id\":\"https:\/\/pistonaddict.com\/es\/#website\"},\"primaryImageOfPage\":{\"@id\":\"https:\/\/pistonaddict.com\/es\/product\/porsche-gt3-touring\/#primaryimage\"},\"image\":{\"@id\":\"https:\/\/pistonaddict.com\/es\/product\/porsche-gt3-touring\/#primaryimage\"},\"thumbnailUrl\":\"https:\/\/pistonaddict.com\/wp-content\/uploads\/2023\/04\/LuxurycarLondonApril11PistonAddict_0868-2-scaled.jpg\",\"datePublished\":\"2023-04-19T08:37:02+00:00\",\"dateModified\":\"2024-03-19T16:27:19+00:00\",\"description\":\"Echa un vistazo a este Porsche GT3 Touring para la venta de subasta en PistonAddict.com con transmisi\u00f3n autom\u00e1tica y s\u00f3lo 1414 millas.\",\"breadcrumb\":{\"@id\":\"https:\/\/pistonaddict.com\/es\/product\/porsche-gt3-touring\/#breadcrumb\"},\"inLanguage\":\"es\",\"potentialAction\":[{\"@type\":\"ReadAction\",\"target\":[\"https:\/\/pistonaddict.com\/es\/product\/porsche-gt3-touring\/\"]}]},{\"@type\":\"ImageObject\",\"inLanguage\":\"es\",\"@id\":\"https:\/\/pistonaddict.com\/es\/product\/porsche-gt3-touring\/#primaryimage\",\"url\":\"https:\/\/pistonaddict.com\/wp-content\/uploads\/2023\/04\/LuxurycarLondonApril11PistonAddict_0868-2-scaled.jpg\",\"contentUrl\":\"https:\/\/pistonaddict.com\/wp-content\/uploads\/2023\/04\/LuxurycarLondonApril11PistonAddict_0868-2-scaled.jpg\",\"width\":2560,\"height\":1673},{\"@type\":\"BreadcrumbList\",\"@id\":\"https:\/\/pistonaddict.com\/es\/product\/porsche-gt3-touring\/#breadcrumb\",\"itemListElement\":[{\"@type\":\"ListItem\",\"position\":1,\"name\":\"bienvenida\",\"item\":\"https:\/\/pistonaddict.com\/es\/pagina-web\/\"},{\"@type\":\"ListItem\",\"position\":2,\"name\":\"Auctions\",\"item\":\"https:\/\/pistonaddict.com\/auctions-listing\/\"},{\"@type\":\"ListItem\",\"position\":3,\"name\":\"Porsche GT3 Touring\"}]},{\"@type\":\"WebSite\",\"@id\":\"https:\/\/pistonaddict.com\/es\/#website\",\"url\":\"https:\/\/pistonaddict.com\/es\/\",\"name\":\"Piston Addict\",\"description\":\"Only interesting vehicles\",\"publisher\":{\"@id\":\"https:\/\/pistonaddict.com\/es\/#organization\"},\"potentialAction\":[{\"@type\":\"SearchAction\",\"target\":{\"@type\":\"EntryPoint\",\"urlTemplate\":\"https:\/\/pistonaddict.com\/es\/?s={search_term_string}\"},\"query-input\":\"required name=search_term_string\"}],\"inLanguage\":\"es\"},{\"@type\":\"Organization\",\"@id\":\"https:\/\/pistonaddict.com\/es\/#organization\",\"name\":\"Piston Addict\",\"url\":\"https:\/\/pistonaddict.com\/es\/\",\"logo\":{\"@type\":\"ImageObject\",\"inLanguage\":\"es\",\"@id\":\"https:\/\/pistonaddict.com\/es\/#\/schema\/logo\/image\/\",\"url\":\"https:\/\/pistonaddict.com\/wp-content\/uploads\/2022\/07\/logo-6.png\",\"contentUrl\":\"https:\/\/pistonaddict.com\/wp-content\/uploads\/2022\/07\/logo-6.png\",\"width\":970,\"height\":200,\"caption\":\"Piston Addict\"},\"image\":{\"@id\":\"https:\/\/pistonaddict.com\/es\/#\/schema\/logo\/image\/\"}}]}<\/script>\n<!-- \/ Yoast SEO plugin. -->","yoast_head_json":{"title":"Porsche GT3 Touring auction - Piston Addict%.","description":"Echa un vistazo a este Porsche GT3 Touring para la venta de subasta en PistonAddict.com con transmisi\u00f3n autom\u00e1tica y s\u00f3lo 1414 millas.","robots":{"index":"index","follow":"follow","max-snippet":"max-snippet:-1","max-image-preview":"max-image-preview:large","max-video-preview":"max-video-preview:-1"},"canonical":"https:\/\/pistonaddict.com\/es\/product\/porsche-gt3-touring\/","og_locale":"es_ES","og_type":"article","og_title":"Porsche GT3 Touring auction - Piston Addict%.","og_description":"Echa un vistazo a este Porsche GT3 Touring para la venta de subasta en PistonAddict.com con transmisi\u00f3n autom\u00e1tica y s\u00f3lo 1414 millas.","og_url":"https:\/\/pistonaddict.com\/es\/product\/porsche-gt3-touring\/","og_site_name":"Piston Addict","article_modified_time":"2024-03-19T16:27:19+00:00","og_image":[{"width":2560,"height":1673,"url":"https:\/\/pistonaddict.com\/wp-content\/uploads\/2023\/04\/LuxurycarLondonApril11PistonAddict_0868-2-scaled.jpg","type":"image\/jpeg"}],"twitter_card":"summary_large_image","twitter_misc":{"Tiempo de lectura":"3 minutos"},"schema":{"@context":"https:\/\/schema.org","@graph":[{"@type":"WebPage","@id":"https:\/\/pistonaddict.com\/es\/product\/porsche-gt3-touring\/","url":"https:\/\/pistonaddict.com\/es\/product\/porsche-gt3-touring\/","name":"Porsche GT3 Touring auction - Piston Addict%.","isPartOf":{"@id":"https:\/\/pistonaddict.com\/es\/#website"},"primaryImageOfPage":{"@id":"https:\/\/pistonaddict.com\/es\/product\/porsche-gt3-touring\/#primaryimage"},"image":{"@id":"https:\/\/pistonaddict.com\/es\/product\/porsche-gt3-touring\/#primaryimage"},"thumbnailUrl":"https:\/\/pistonaddict.com\/wp-content\/uploads\/2023\/04\/LuxurycarLondonApril11PistonAddict_0868-2-scaled.jpg","datePublished":"2023-04-19T08:37:02+00:00","dateModified":"2024-03-19T16:27:19+00:00","description":"Echa un vistazo a este Porsche GT3 Touring para la venta de subasta en PistonAddict.com con transmisi\u00f3n autom\u00e1tica y s\u00f3lo 1414 millas.","breadcrumb":{"@id":"https:\/\/pistonaddict.com\/es\/product\/porsche-gt3-touring\/#breadcrumb"},"inLanguage":"es","potentialAction":[{"@type":"ReadAction","target":["https:\/\/pistonaddict.com\/es\/product\/porsche-gt3-touring\/"]}]},{"@type":"ImageObject","inLanguage":"es","@id":"https:\/\/pistonaddict.com\/es\/product\/porsche-gt3-touring\/#primaryimage","url":"https:\/\/pistonaddict.com\/wp-content\/uploads\/2023\/04\/LuxurycarLondonApril11PistonAddict_0868-2-scaled.jpg","contentUrl":"https:\/\/pistonaddict.com\/wp-content\/uploads\/2023\/04\/LuxurycarLondonApril11PistonAddict_0868-2-scaled.jpg","width":2560,"height":1673},{"@type":"BreadcrumbList","@id":"https:\/\/pistonaddict.com\/es\/product\/porsche-gt3-touring\/#breadcrumb","itemListElement":[{"@type":"ListItem","position":1,"name":"bienvenida","item":"https:\/\/pistonaddict.com\/es\/pagina-web\/"},{"@type":"ListItem","position":2,"name":"Auctions","item":"https:\/\/pistonaddict.com\/auctions-listing\/"},{"@type":"ListItem","position":3,"name":"Porsche GT3 Touring"}]},{"@type":"WebSite","@id":"https:\/\/pistonaddict.com\/es\/#website","url":"https:\/\/pistonaddict.com\/es\/","name":"Piston Addict","description":"Only interesting vehicles","publisher":{"@id":"https:\/\/pistonaddict.com\/es\/#organization"},"potentialAction":[{"@type":"SearchAction","target":{"@type":"EntryPoint","urlTemplate":"https:\/\/pistonaddict.com\/es\/?s={search_term_string}"},"query-input":"required name=search_term_string"}],"inLanguage":"es"},{"@type":"Organization","@id":"https:\/\/pistonaddict.com\/es\/#organization","name":"Piston Addict","url":"https:\/\/pistonaddict.com\/es\/","logo":{"@type":"ImageObject","inLanguage":"es","@id":"https:\/\/pistonaddict.com\/es\/#\/schema\/logo\/image\/","url":"https:\/\/pistonaddict.com\/wp-content\/uploads\/2022\/07\/logo-6.png","contentUrl":"https:\/\/pistonaddict.com\/wp-content\/uploads\/2022\/07\/logo-6.png","width":970,"height":200,"caption":"Piston Addict"},"image":{"@id":"https:\/\/pistonaddict.com\/es\/#\/schema\/logo\/image\/"}}]}},"_links":{"self":[{"href":"https:\/\/pistonaddict.com\/es\/wp-json\/wp\/v2\/product\/34032"}],"collection":[{"href":"https:\/\/pistonaddict.com\/es\/wp-json\/wp\/v2\/product"}],"about":[{"href":"https:\/\/pistonaddict.com\/es\/wp-json\/wp\/v2\/types\/product"}],"replies":[{"embeddable":true,"href":"https:\/\/pistonaddict.com\/es\/wp-json\/wp\/v2\/comments?post=34032"}],"wp:featuredmedia":[{"embeddable":true,"href":"https:\/\/pistonaddict.com\/es\/wp-json\/wp\/v2\/media\/33497"}],"wp:attachment":[{"href":"https:\/\/pistonaddict.com\/es\/wp-json\/wp\/v2\/media?parent=34032"}],"wp:term":[{"taxonomy":"product_cat","embeddable":true,"href":"https:\/\/pistonaddict.com\/es\/wp-json\/wp\/v2\/product_cat?post=34032"},{"taxonomy":"product_tag","embeddable":true,"href":"https:\/\/pistonaddict.com\/es\/wp-json\/wp\/v2\/product_tag?post=34032"}],"curies":[{"name":"wp","href":"https:\/\/api.w.org\/{rel}","templated":true}]}}