{"id":33364,"date":"2023-04-19T09:41:30","date_gmt":"2023-04-19T07:41:30","guid":{"rendered":"https:\/\/pistonaddict.com\/product\/interceptor-jensen\/"},"modified":"2024-03-19T17:48:23","modified_gmt":"2024-03-19T16:48:23","slug":"jensen-interceptor","status":"publish","type":"product","link":"https:\/\/pistonaddict.com\/es\/product\/jensen-interceptor\/","title":{"rendered":"Jensen Interceptor R Mk3"},"content":{"rendered":"<p><strong>Historia del coche<\/strong><\/p>\n<p>Este Jensen Interceptor en particular fue entregado a su propietario original en marzo de 1972. Estaba propulsado por un enorme motor Chrysler V8 de 440 CID que desarrollaba s\u00f3lo 280 CV debido a las estrictas normas de emisiones de la \u00e9poca. Los modelos Mk3 (introducidos en 1971) eran conocidos por sus interiores lujosos, su larga lista de equipamiento de serie y su suave din\u00e1mica de conducci\u00f3n. Sin embargo, como la mayor\u00eda de los Interceptors continuaron viviendo sus vidas como parte de colecciones de coches cl\u00e1sicos, este ejemplo consigui\u00f3 un extenso cambio de imagen, una nueva oportunidad de vida, y una actualizaci\u00f3n masiva de potencia. Transform\u00e1ndolo de un crucero de los 70 a una m\u00e1quina muscular del siglo XXI, lista para sorprender a los propietarios de Porsche en la carretera. La empresa brit\u00e1nica JIR realiz\u00f3 una transformaci\u00f3n completa manteniendo las l\u00edneas originales pero mejorando ampliamente la mec\u00e1nica.<\/p>\n<p><strong>Estado del coche<\/strong><\/p>\n<p>Con menos de 10.000 millas desde completamente reconstruido, este Jensen Interceptor R est\u00e1 en perfecto estado en todo. Dado que se trata de un excelente ejemplo de restomod de \u00e9xito, las especificaciones son especialmente interesantes. El coste de construcci\u00f3n de este coche super\u00f3 las 200.000 libras, por lo que la lista de modificaciones, componentes personalizados y piezas \u00fanicas es extensa. Este Interceptor R exacto est\u00e1 considerado como el Jensen m\u00e1s desarrollado del mundo. Bajo el cap\u00f3 hay un V8 de 6,2 litros del Corvette ZR1, que entrega m\u00e1s de 600 CV y env\u00eda la potencia a las ruedas traseras a trav\u00e9s de una transmisi\u00f3n autom\u00e1tica de 6 velocidades. Semejante potencia requer\u00eda un juego de frenos AP, una suspensi\u00f3n revisada y mucho m\u00e1s. El resultado es una m\u00e1quina fant\u00e1stica que puede alcanzar los 100 km en poco m\u00e1s de 4 segundos y circular c\u00f3modamente a altas velocidades.<\/p>\n<p><strong>Interior<\/strong><\/p>\n<p>En el interior, la sobriedad era la clave, con una disposici\u00f3n cl\u00e1sica del salpicadero y los guarnecidos, pero con asientos mejorados, tecnolog\u00eda y la mejor tapicer\u00eda de cuero. El color burdeos combina perfectamente con un exterior bicolor. Los propietarios de un Jensen cl\u00e1sico te dir\u00e1n que esos coches ten\u00edan una electr\u00f3nica complicada y sistemas a menudo complejos cuando eran nuevos. Afortunadamente, este ejemplo se benefici\u00f3 de un cambio de imagen completo, componentes modernos, caracter\u00edsticas, control de clima de trabajo, y un sistema de audio premium.<\/p>\n<p><strong>Exterior y ruedas<\/strong><\/p>\n<p>Acabado en una elegante combinaci\u00f3n bicolor, este Interceptor R de 1972 parece bastante de serie, pero en cuanto te fijes en los detalles, ver\u00e1s que es cualquier cosa menos eso. Las ruedas est\u00e1n hechas a medida y se parecen mucho al dise\u00f1o original, pero son m\u00e1s anchas y grandes. La rejilla de ventilaci\u00f3n lateral se a\u00f1adi\u00f3 para ayudar a refrigerar el potente motor, y se a\u00f1adieron discretamente una parrilla y unas insignias diferentes. Los que saben un par de cosas sobre los Interceptors cl\u00e1sicos saben que esos coches eran propensos al \u00f3xido, pero este ejemplo, despu\u00e9s de todo el trabajo que se puso en, es pr\u00e1cticamente un veh\u00edculo nuevo sin ning\u00fan problema de este tipo.<\/p>\n<p><strong>  Documentaci\u00f3n<\/strong><\/p>\n<p>Se trata de un veh\u00edculo de propiedad privada con la documentaci\u00f3n apropiada situado en Londres, Reino Unido. El informe de CarVertical est\u00e1 limpio; no existen pruebas de accidentes, reparaciones de accidentes ni problemas legales. Existen registros de mantenimiento peri\u00f3dico. Los futuros propietarios les gustar\u00eda saber que este ejemplo en particular es un coche de celebridades, siendo probado por el famoso Jeremy Clarkson y apareci\u00f3 en Top Gear en 2011\/2012.<\/p>\n","protected":false},"excerpt":{"rendered":"<p>Aunque este hermoso Interceptor parece bastante com\u00fan desde el exterior, tiene un secreto emocionante. Motor V8 sobrealimentado con 600 CV y prestaciones de v\u00e9rtigo envuelto en uno de los dise\u00f1os m\u00e1s bellos de los a\u00f1os 70. Se trata de un aut\u00e9ntico GT restomod brit\u00e1nico con coraz\u00f3n americano, listo para dejar atr\u00e1s todo lo que se interponga en su camino.<\/p>\n","protected":false},"featured_media":32679,"comment_status":"open","ping_status":"closed","template":"","meta":{"inline_featured_image":false},"product_cat":[715],"product_tag":[1255,1140,1139,919],"acf":[],"yoast_head":"<!-- This site is optimized with the Yoast SEO plugin v22.5 - https:\/\/yoast.com\/wordpress\/plugins\/seo\/ -->\n<title>Jensen Interceptor R Mk3 auction - Piston Addict%.<\/title>\n<meta name=\"description\" content=\"Echa un vistazo a este Jensen Interceptor R MK3 para la venta de subasta en PistonAddict.com\" \/>\n<meta name=\"robots\" content=\"index, follow, max-snippet:-1, max-image-preview:large, max-video-preview:-1\" \/>\n<link rel=\"canonical\" href=\"https:\/\/pistonaddict.com\/es\/product\/jensen-interceptor\/\" \/>\n<meta property=\"og:locale\" content=\"es_ES\" \/>\n<meta property=\"og:type\" content=\"article\" \/>\n<meta property=\"og:title\" content=\"Jensen Interceptor R Mk3 auction - Piston Addict%.\" \/>\n<meta property=\"og:description\" content=\"Echa un vistazo a este Jensen Interceptor R MK3 para la venta de subasta en PistonAddict.com\" \/>\n<meta property=\"og:url\" content=\"https:\/\/pistonaddict.com\/es\/product\/jensen-interceptor\/\" \/>\n<meta property=\"og:site_name\" content=\"Piston Addict\" \/>\n<meta property=\"article:modified_time\" content=\"2024-03-19T16:48:23+00:00\" \/>\n<meta property=\"og:image\" content=\"https:\/\/pistonaddict.com\/wp-content\/uploads\/2023\/04\/LuxurycarLondonApril11PistonAddict_0906-scaled.jpg\" \/>\n\t<meta property=\"og:image:width\" content=\"2560\" \/>\n\t<meta property=\"og:image:height\" content=\"1505\" \/>\n\t<meta property=\"og:image:type\" content=\"image\/jpeg\" \/>\n<meta name=\"twitter:card\" content=\"summary_large_image\" \/>\n<meta name=\"twitter:label1\" content=\"Tiempo de lectura\" \/>\n\t<meta name=\"twitter:data1\" content=\"3 minutos\" \/>\n<script type=\"application\/ld+json\" class=\"yoast-schema-graph\">{\"@context\":\"https:\/\/schema.org\",\"@graph\":[{\"@type\":\"WebPage\",\"@id\":\"https:\/\/pistonaddict.com\/es\/product\/jensen-interceptor\/\",\"url\":\"https:\/\/pistonaddict.com\/es\/product\/jensen-interceptor\/\",\"name\":\"Jensen Interceptor R Mk3 auction - Piston Addict%.\",\"isPartOf\":{\"@id\":\"https:\/\/pistonaddict.com\/es\/#website\"},\"primaryImageOfPage\":{\"@id\":\"https:\/\/pistonaddict.com\/es\/product\/jensen-interceptor\/#primaryimage\"},\"image\":{\"@id\":\"https:\/\/pistonaddict.com\/es\/product\/jensen-interceptor\/#primaryimage\"},\"thumbnailUrl\":\"https:\/\/pistonaddict.com\/wp-content\/uploads\/2023\/04\/LuxurycarLondonApril11PistonAddict_0906-scaled.jpg\",\"datePublished\":\"2023-04-19T07:41:30+00:00\",\"dateModified\":\"2024-03-19T16:48:23+00:00\",\"description\":\"Echa un vistazo a este Jensen Interceptor R MK3 para la venta de subasta en PistonAddict.com\",\"breadcrumb\":{\"@id\":\"https:\/\/pistonaddict.com\/es\/product\/jensen-interceptor\/#breadcrumb\"},\"inLanguage\":\"es\",\"potentialAction\":[{\"@type\":\"ReadAction\",\"target\":[\"https:\/\/pistonaddict.com\/es\/product\/jensen-interceptor\/\"]}]},{\"@type\":\"ImageObject\",\"inLanguage\":\"es\",\"@id\":\"https:\/\/pistonaddict.com\/es\/product\/jensen-interceptor\/#primaryimage\",\"url\":\"https:\/\/pistonaddict.com\/wp-content\/uploads\/2023\/04\/LuxurycarLondonApril11PistonAddict_0906-scaled.jpg\",\"contentUrl\":\"https:\/\/pistonaddict.com\/wp-content\/uploads\/2023\/04\/LuxurycarLondonApril11PistonAddict_0906-scaled.jpg\",\"width\":2560,\"height\":1505},{\"@type\":\"BreadcrumbList\",\"@id\":\"https:\/\/pistonaddict.com\/es\/product\/jensen-interceptor\/#breadcrumb\",\"itemListElement\":[{\"@type\":\"ListItem\",\"position\":1,\"name\":\"bienvenida\",\"item\":\"https:\/\/pistonaddict.com\/es\/pagina-web\/\"},{\"@type\":\"ListItem\",\"position\":2,\"name\":\"Auctions\",\"item\":\"https:\/\/pistonaddict.com\/auctions-listing\/\"},{\"@type\":\"ListItem\",\"position\":3,\"name\":\"Jensen Interceptor R Mk3\"}]},{\"@type\":\"WebSite\",\"@id\":\"https:\/\/pistonaddict.com\/es\/#website\",\"url\":\"https:\/\/pistonaddict.com\/es\/\",\"name\":\"Piston Addict\",\"description\":\"Only interesting vehicles\",\"publisher\":{\"@id\":\"https:\/\/pistonaddict.com\/es\/#organization\"},\"potentialAction\":[{\"@type\":\"SearchAction\",\"target\":{\"@type\":\"EntryPoint\",\"urlTemplate\":\"https:\/\/pistonaddict.com\/es\/?s={search_term_string}\"},\"query-input\":\"required name=search_term_string\"}],\"inLanguage\":\"es\"},{\"@type\":\"Organization\",\"@id\":\"https:\/\/pistonaddict.com\/es\/#organization\",\"name\":\"Piston Addict\",\"url\":\"https:\/\/pistonaddict.com\/es\/\",\"logo\":{\"@type\":\"ImageObject\",\"inLanguage\":\"es\",\"@id\":\"https:\/\/pistonaddict.com\/es\/#\/schema\/logo\/image\/\",\"url\":\"https:\/\/pistonaddict.com\/wp-content\/uploads\/2022\/07\/logo-6.png\",\"contentUrl\":\"https:\/\/pistonaddict.com\/wp-content\/uploads\/2022\/07\/logo-6.png\",\"width\":970,\"height\":200,\"caption\":\"Piston Addict\"},\"image\":{\"@id\":\"https:\/\/pistonaddict.com\/es\/#\/schema\/logo\/image\/\"}}]}<\/script>\n<!-- \/ Yoast SEO plugin. -->","yoast_head_json":{"title":"Jensen Interceptor R Mk3 auction - Piston Addict%.","description":"Echa un vistazo a este Jensen Interceptor R MK3 para la venta de subasta en PistonAddict.com","robots":{"index":"index","follow":"follow","max-snippet":"max-snippet:-1","max-image-preview":"max-image-preview:large","max-video-preview":"max-video-preview:-1"},"canonical":"https:\/\/pistonaddict.com\/es\/product\/jensen-interceptor\/","og_locale":"es_ES","og_type":"article","og_title":"Jensen Interceptor R Mk3 auction - Piston Addict%.","og_description":"Echa un vistazo a este Jensen Interceptor R MK3 para la venta de subasta en PistonAddict.com","og_url":"https:\/\/pistonaddict.com\/es\/product\/jensen-interceptor\/","og_site_name":"Piston Addict","article_modified_time":"2024-03-19T16:48:23+00:00","og_image":[{"width":2560,"height":1505,"url":"https:\/\/pistonaddict.com\/wp-content\/uploads\/2023\/04\/LuxurycarLondonApril11PistonAddict_0906-scaled.jpg","type":"image\/jpeg"}],"twitter_card":"summary_large_image","twitter_misc":{"Tiempo de lectura":"3 minutos"},"schema":{"@context":"https:\/\/schema.org","@graph":[{"@type":"WebPage","@id":"https:\/\/pistonaddict.com\/es\/product\/jensen-interceptor\/","url":"https:\/\/pistonaddict.com\/es\/product\/jensen-interceptor\/","name":"Jensen Interceptor R Mk3 auction - Piston Addict%.","isPartOf":{"@id":"https:\/\/pistonaddict.com\/es\/#website"},"primaryImageOfPage":{"@id":"https:\/\/pistonaddict.com\/es\/product\/jensen-interceptor\/#primaryimage"},"image":{"@id":"https:\/\/pistonaddict.com\/es\/product\/jensen-interceptor\/#primaryimage"},"thumbnailUrl":"https:\/\/pistonaddict.com\/wp-content\/uploads\/2023\/04\/LuxurycarLondonApril11PistonAddict_0906-scaled.jpg","datePublished":"2023-04-19T07:41:30+00:00","dateModified":"2024-03-19T16:48:23+00:00","description":"Echa un vistazo a este Jensen Interceptor R MK3 para la venta de subasta en PistonAddict.com","breadcrumb":{"@id":"https:\/\/pistonaddict.com\/es\/product\/jensen-interceptor\/#breadcrumb"},"inLanguage":"es","potentialAction":[{"@type":"ReadAction","target":["https:\/\/pistonaddict.com\/es\/product\/jensen-interceptor\/"]}]},{"@type":"ImageObject","inLanguage":"es","@id":"https:\/\/pistonaddict.com\/es\/product\/jensen-interceptor\/#primaryimage","url":"https:\/\/pistonaddict.com\/wp-content\/uploads\/2023\/04\/LuxurycarLondonApril11PistonAddict_0906-scaled.jpg","contentUrl":"https:\/\/pistonaddict.com\/wp-content\/uploads\/2023\/04\/LuxurycarLondonApril11PistonAddict_0906-scaled.jpg","width":2560,"height":1505},{"@type":"BreadcrumbList","@id":"https:\/\/pistonaddict.com\/es\/product\/jensen-interceptor\/#breadcrumb","itemListElement":[{"@type":"ListItem","position":1,"name":"bienvenida","item":"https:\/\/pistonaddict.com\/es\/pagina-web\/"},{"@type":"ListItem","position":2,"name":"Auctions","item":"https:\/\/pistonaddict.com\/auctions-listing\/"},{"@type":"ListItem","position":3,"name":"Jensen Interceptor R Mk3"}]},{"@type":"WebSite","@id":"https:\/\/pistonaddict.com\/es\/#website","url":"https:\/\/pistonaddict.com\/es\/","name":"Piston Addict","description":"Only interesting vehicles","publisher":{"@id":"https:\/\/pistonaddict.com\/es\/#organization"},"potentialAction":[{"@type":"SearchAction","target":{"@type":"EntryPoint","urlTemplate":"https:\/\/pistonaddict.com\/es\/?s={search_term_string}"},"query-input":"required name=search_term_string"}],"inLanguage":"es"},{"@type":"Organization","@id":"https:\/\/pistonaddict.com\/es\/#organization","name":"Piston Addict","url":"https:\/\/pistonaddict.com\/es\/","logo":{"@type":"ImageObject","inLanguage":"es","@id":"https:\/\/pistonaddict.com\/es\/#\/schema\/logo\/image\/","url":"https:\/\/pistonaddict.com\/wp-content\/uploads\/2022\/07\/logo-6.png","contentUrl":"https:\/\/pistonaddict.com\/wp-content\/uploads\/2022\/07\/logo-6.png","width":970,"height":200,"caption":"Piston Addict"},"image":{"@id":"https:\/\/pistonaddict.com\/es\/#\/schema\/logo\/image\/"}}]}},"_links":{"self":[{"href":"https:\/\/pistonaddict.com\/es\/wp-json\/wp\/v2\/product\/33364"}],"collection":[{"href":"https:\/\/pistonaddict.com\/es\/wp-json\/wp\/v2\/product"}],"about":[{"href":"https:\/\/pistonaddict.com\/es\/wp-json\/wp\/v2\/types\/product"}],"replies":[{"embeddable":true,"href":"https:\/\/pistonaddict.com\/es\/wp-json\/wp\/v2\/comments?post=33364"}],"wp:featuredmedia":[{"embeddable":true,"href":"https:\/\/pistonaddict.com\/es\/wp-json\/wp\/v2\/media\/32679"}],"wp:attachment":[{"href":"https:\/\/pistonaddict.com\/es\/wp-json\/wp\/v2\/media?parent=33364"}],"wp:term":[{"taxonomy":"product_cat","embeddable":true,"href":"https:\/\/pistonaddict.com\/es\/wp-json\/wp\/v2\/product_cat?post=33364"},{"taxonomy":"product_tag","embeddable":true,"href":"https:\/\/pistonaddict.com\/es\/wp-json\/wp\/v2\/product_tag?post=33364"}],"curies":[{"name":"wp","href":"https:\/\/api.w.org\/{rel}","templated":true}]}}