{"id":32604,"date":"2023-04-18T18:05:14","date_gmt":"2023-04-18T16:05:14","guid":{"rendered":"https:\/\/pistonaddict.com\/product\/maserati-ghibli-ss-49-litros\/"},"modified":"2024-03-19T17:37:17","modified_gmt":"2024-03-19T16:37:17","slug":"maserati-ghibli-ss-49-litros","status":"publish","type":"product","link":"https:\/\/pistonaddict.com\/es\/product\/maserati-ghibli-ss-49-litros\/","title":{"rendered":"Maserati Ghibli SS 4,9 litros"},"content":{"rendered":"<h2>Exterior<\/h2>\n<p>El coche vendido en esta subasta es de color azul y tiene unos atractivos faros emergentes en la parte delantera. Pero lo que hace que este Sypder sea tan atractivo y llamativo es su elegante silueta. Dise\u00f1ado por uno de los grandes nombres de la industria, Giorgetto Giugiaro, este roadster de 2 puertas tiene un morro bajo como un tibur\u00f3n, pasos de rueda musculosos y una zaga inclinada. Esto lo hace ideal para pasear relajadamente por bulevares o conducir por pintorescas carreteras costeras. Y en condiciones meteorol\u00f3gicas desfavorables, una capota plegable oculta bajo una cubierta tonneau codificada por colores resultar\u00e1 muy \u00fatil. El coche tiene llantas de alambre de 15 pulgadas fabricadas por Ruote Borrani y neum\u00e1ticos Michelin Radial X de \u00e9poca. Otros detalles dignos de menci\u00f3n son los parachoques cromados y los respiraderos funcionales del cap\u00f3 y los guardabarros.<\/p>\n<h2>Interior<\/h2>\n<p>En el interior de este Maserati en particular hay dos asientos c\u00f3modos y confortables tapizados en suave cuero marr\u00f3n claro. El mismo material agradable a la vista se utiliza para tapizar la mayor parte del interior, salvo la parte superior del salpicadero, que est\u00e1 cubierta de ante negro. A juzgar por las fotos facilitadas por el vendedor, el interior est\u00e1 en un estado impecable. Y una vez dentro, el conductor tomar\u00e1 el control de un hermoso volante de madera con tres radios de acero inoxidable en el centro. Detr\u00e1s se encuentra el cuadro de instrumentos con un cuentarrevoluciones de 5.555 RPM y un veloc\u00edmetro cuya cifra final es de 300 KPH. Adem\u00e1s de ellos, este Ghibli cuenta con cinco indicadores montados en el centro que muestran par\u00e1metros vitales, como la presi\u00f3n del aceite, la temperatura y el nivel de combustible. En este momento, el cuentakil\u00f3metros marca aproximadamente 13.000 km.<\/p>\n<h2>Mec\u00e1nica<\/h2>\n<p>El coche a la venta es el modelo SS, lo que significa que est\u00e1 equipado con un motor V8 de 4,9 litros m\u00e1s grande y potente. Alimentado por cuatro carburadores Weber de doble pinza, desarrolla 335 CV y algo m\u00e1s de 480 Nm de par, que se env\u00edan a las ruedas traseras a trav\u00e9s de una transmisi\u00f3n manual de cinco velocidades. Esto es suficiente para empujar a este Ghibli SS roadster a su velocidad m\u00e1xima de 280 MPH, convirti\u00e9ndolo en el Maserati m\u00e1s r\u00e1pido de su tiempo. Aparte de la mec\u00e1nica, el coche tiene un chasis tubular de acero, que garantiza ligereza y rigidez estructural.<\/p>\n<h2>Historial del veh\u00edculo<\/h2>\n<p>Dicha conversi\u00f3n Spyder fue realizada por un taller especializado de Mondena, garantizando la calidad del trabajo. Se trata de una modificaci\u00f3n muy popular entre los propietarios de Ghibli, ya que Maserati construy\u00f3 menos de 50 Spyder de f\u00e1brica. Adem\u00e1s, el coche ha sido sometido a una profunda restauraci\u00f3n, que corri\u00f3 a cargo de Furlonger Cars, un reputado restaurador de Ashford versado en supercoches italianos.<\/p>\n<p>Seg\u00fan el propietario, todos los trabajos de mantenimiento se realizaron con regularidad, y la \u00faltima revisi\u00f3n se realiz\u00f3 en junio de 2021. Actualmente no se conocen fallos ni problemas en ninguno de sus componentes. Adem\u00e1s, no presenta ara\u00f1azos, abolladuras ni otras imperfecciones apreciables en la carrocer\u00eda.<\/p>\n","protected":false},"excerpt":{"rendered":"<p>Este Maserati Ghibli SS roadster descapotable de 1971, que ha recorrido poco m\u00e1s de 13.000 kil\u00f3metros, se vende de forma particular por su propietario. Est\u00e1 propulsado por un motor V8 acoplado a una transmisi\u00f3n manual de cinco velocidades. Aunque visualmente es id\u00e9ntico al ic\u00f3nico modelo Spyder, este coche comenz\u00f3 siendo un coup\u00e9, para convertirse posteriormente a su forma actual. Adem\u00e1s de estar en un estado casi impecable, este coche tambi\u00e9n est\u00e1 completamente revisado y -seg\u00fan el propietario- no ha sufrido ning\u00fan accidente y actualmente se encuentra en el Reino Unido.<\/p>\n","protected":false},"featured_media":32161,"comment_status":"open","ping_status":"closed","template":"","meta":{"inline_featured_image":false},"product_cat":[715],"product_tag":[1236,1071,1067,996],"acf":[],"yoast_head":"<!-- This site is optimized with the Yoast SEO plugin v22.5 - https:\/\/yoast.com\/wordpress\/plugins\/seo\/ -->\n<title>Maserati Ghibli SS 4,9 litros auction - Piston Addict%.<\/title>\n<meta name=\"description\" content=\"Echa un vistazo a este Maserati Ghibli SS 4.9 litros para la venta de subasta en PistonAddict.com con transmisi\u00f3n manual y s\u00f3lo 13 220 km.\" \/>\n<meta name=\"robots\" content=\"index, follow, max-snippet:-1, max-image-preview:large, max-video-preview:-1\" \/>\n<link rel=\"canonical\" href=\"https:\/\/pistonaddict.com\/es\/product\/maserati-ghibli-ss-49-litros\/\" \/>\n<meta property=\"og:locale\" content=\"es_ES\" \/>\n<meta property=\"og:type\" content=\"article\" \/>\n<meta property=\"og:title\" content=\"Maserati Ghibli SS 4,9 litros auction - Piston Addict%.\" \/>\n<meta property=\"og:description\" content=\"Echa un vistazo a este Maserati Ghibli SS 4.9 litros para la venta de subasta en PistonAddict.com con transmisi\u00f3n manual y s\u00f3lo 13 220 km.\" \/>\n<meta property=\"og:url\" content=\"https:\/\/pistonaddict.com\/es\/product\/maserati-ghibli-ss-49-litros\/\" \/>\n<meta property=\"og:site_name\" content=\"Piston Addict\" \/>\n<meta property=\"article:modified_time\" content=\"2024-03-19T16:37:17+00:00\" \/>\n<meta property=\"og:image\" content=\"https:\/\/pistonaddict.com\/wp-content\/uploads\/2023\/04\/Maserati13-scaled.jpg\" \/>\n\t<meta property=\"og:image:width\" content=\"2560\" \/>\n\t<meta property=\"og:image:height\" content=\"1609\" \/>\n\t<meta property=\"og:image:type\" content=\"image\/jpeg\" \/>\n<meta name=\"twitter:card\" content=\"summary_large_image\" \/>\n<meta name=\"twitter:label1\" content=\"Tiempo de lectura\" \/>\n\t<meta name=\"twitter:data1\" content=\"3 minutos\" \/>\n<script type=\"application\/ld+json\" class=\"yoast-schema-graph\">{\"@context\":\"https:\/\/schema.org\",\"@graph\":[{\"@type\":\"WebPage\",\"@id\":\"https:\/\/pistonaddict.com\/es\/product\/maserati-ghibli-ss-49-litros\/\",\"url\":\"https:\/\/pistonaddict.com\/es\/product\/maserati-ghibli-ss-49-litros\/\",\"name\":\"Maserati Ghibli SS 4,9 litros auction - Piston Addict%.\",\"isPartOf\":{\"@id\":\"https:\/\/pistonaddict.com\/es\/#website\"},\"primaryImageOfPage\":{\"@id\":\"https:\/\/pistonaddict.com\/es\/product\/maserati-ghibli-ss-49-litros\/#primaryimage\"},\"image\":{\"@id\":\"https:\/\/pistonaddict.com\/es\/product\/maserati-ghibli-ss-49-litros\/#primaryimage\"},\"thumbnailUrl\":\"https:\/\/pistonaddict.com\/wp-content\/uploads\/2023\/04\/Maserati13-scaled.jpg\",\"datePublished\":\"2023-04-18T16:05:14+00:00\",\"dateModified\":\"2024-03-19T16:37:17+00:00\",\"description\":\"Echa un vistazo a este Maserati Ghibli SS 4.9 litros para la venta de subasta en PistonAddict.com con transmisi\u00f3n manual y s\u00f3lo 13 220 km.\",\"breadcrumb\":{\"@id\":\"https:\/\/pistonaddict.com\/es\/product\/maserati-ghibli-ss-49-litros\/#breadcrumb\"},\"inLanguage\":\"es\",\"potentialAction\":[{\"@type\":\"ReadAction\",\"target\":[\"https:\/\/pistonaddict.com\/es\/product\/maserati-ghibli-ss-49-litros\/\"]}]},{\"@type\":\"ImageObject\",\"inLanguage\":\"es\",\"@id\":\"https:\/\/pistonaddict.com\/es\/product\/maserati-ghibli-ss-49-litros\/#primaryimage\",\"url\":\"https:\/\/pistonaddict.com\/wp-content\/uploads\/2023\/04\/Maserati13-scaled.jpg\",\"contentUrl\":\"https:\/\/pistonaddict.com\/wp-content\/uploads\/2023\/04\/Maserati13-scaled.jpg\",\"width\":2560,\"height\":1609},{\"@type\":\"BreadcrumbList\",\"@id\":\"https:\/\/pistonaddict.com\/es\/product\/maserati-ghibli-ss-49-litros\/#breadcrumb\",\"itemListElement\":[{\"@type\":\"ListItem\",\"position\":1,\"name\":\"bienvenida\",\"item\":\"https:\/\/pistonaddict.com\/es\/pagina-web\/\"},{\"@type\":\"ListItem\",\"position\":2,\"name\":\"Auctions\",\"item\":\"https:\/\/pistonaddict.com\/auctions-listing\/\"},{\"@type\":\"ListItem\",\"position\":3,\"name\":\"Maserati Ghibli SS 4,9 litros\"}]},{\"@type\":\"WebSite\",\"@id\":\"https:\/\/pistonaddict.com\/es\/#website\",\"url\":\"https:\/\/pistonaddict.com\/es\/\",\"name\":\"Piston Addict\",\"description\":\"Only interesting vehicles\",\"publisher\":{\"@id\":\"https:\/\/pistonaddict.com\/es\/#organization\"},\"potentialAction\":[{\"@type\":\"SearchAction\",\"target\":{\"@type\":\"EntryPoint\",\"urlTemplate\":\"https:\/\/pistonaddict.com\/es\/?s={search_term_string}\"},\"query-input\":\"required name=search_term_string\"}],\"inLanguage\":\"es\"},{\"@type\":\"Organization\",\"@id\":\"https:\/\/pistonaddict.com\/es\/#organization\",\"name\":\"Piston Addict\",\"url\":\"https:\/\/pistonaddict.com\/es\/\",\"logo\":{\"@type\":\"ImageObject\",\"inLanguage\":\"es\",\"@id\":\"https:\/\/pistonaddict.com\/es\/#\/schema\/logo\/image\/\",\"url\":\"https:\/\/pistonaddict.com\/wp-content\/uploads\/2022\/07\/logo-6.png\",\"contentUrl\":\"https:\/\/pistonaddict.com\/wp-content\/uploads\/2022\/07\/logo-6.png\",\"width\":970,\"height\":200,\"caption\":\"Piston Addict\"},\"image\":{\"@id\":\"https:\/\/pistonaddict.com\/es\/#\/schema\/logo\/image\/\"}}]}<\/script>\n<!-- \/ Yoast SEO plugin. -->","yoast_head_json":{"title":"Maserati Ghibli SS 4,9 litros auction - Piston Addict%.","description":"Echa un vistazo a este Maserati Ghibli SS 4.9 litros para la venta de subasta en PistonAddict.com con transmisi\u00f3n manual y s\u00f3lo 13 220 km.","robots":{"index":"index","follow":"follow","max-snippet":"max-snippet:-1","max-image-preview":"max-image-preview:large","max-video-preview":"max-video-preview:-1"},"canonical":"https:\/\/pistonaddict.com\/es\/product\/maserati-ghibli-ss-49-litros\/","og_locale":"es_ES","og_type":"article","og_title":"Maserati Ghibli SS 4,9 litros auction - Piston Addict%.","og_description":"Echa un vistazo a este Maserati Ghibli SS 4.9 litros para la venta de subasta en PistonAddict.com con transmisi\u00f3n manual y s\u00f3lo 13 220 km.","og_url":"https:\/\/pistonaddict.com\/es\/product\/maserati-ghibli-ss-49-litros\/","og_site_name":"Piston Addict","article_modified_time":"2024-03-19T16:37:17+00:00","og_image":[{"width":2560,"height":1609,"url":"https:\/\/pistonaddict.com\/wp-content\/uploads\/2023\/04\/Maserati13-scaled.jpg","type":"image\/jpeg"}],"twitter_card":"summary_large_image","twitter_misc":{"Tiempo de lectura":"3 minutos"},"schema":{"@context":"https:\/\/schema.org","@graph":[{"@type":"WebPage","@id":"https:\/\/pistonaddict.com\/es\/product\/maserati-ghibli-ss-49-litros\/","url":"https:\/\/pistonaddict.com\/es\/product\/maserati-ghibli-ss-49-litros\/","name":"Maserati Ghibli SS 4,9 litros auction - Piston Addict%.","isPartOf":{"@id":"https:\/\/pistonaddict.com\/es\/#website"},"primaryImageOfPage":{"@id":"https:\/\/pistonaddict.com\/es\/product\/maserati-ghibli-ss-49-litros\/#primaryimage"},"image":{"@id":"https:\/\/pistonaddict.com\/es\/product\/maserati-ghibli-ss-49-litros\/#primaryimage"},"thumbnailUrl":"https:\/\/pistonaddict.com\/wp-content\/uploads\/2023\/04\/Maserati13-scaled.jpg","datePublished":"2023-04-18T16:05:14+00:00","dateModified":"2024-03-19T16:37:17+00:00","description":"Echa un vistazo a este Maserati Ghibli SS 4.9 litros para la venta de subasta en PistonAddict.com con transmisi\u00f3n manual y s\u00f3lo 13 220 km.","breadcrumb":{"@id":"https:\/\/pistonaddict.com\/es\/product\/maserati-ghibli-ss-49-litros\/#breadcrumb"},"inLanguage":"es","potentialAction":[{"@type":"ReadAction","target":["https:\/\/pistonaddict.com\/es\/product\/maserati-ghibli-ss-49-litros\/"]}]},{"@type":"ImageObject","inLanguage":"es","@id":"https:\/\/pistonaddict.com\/es\/product\/maserati-ghibli-ss-49-litros\/#primaryimage","url":"https:\/\/pistonaddict.com\/wp-content\/uploads\/2023\/04\/Maserati13-scaled.jpg","contentUrl":"https:\/\/pistonaddict.com\/wp-content\/uploads\/2023\/04\/Maserati13-scaled.jpg","width":2560,"height":1609},{"@type":"BreadcrumbList","@id":"https:\/\/pistonaddict.com\/es\/product\/maserati-ghibli-ss-49-litros\/#breadcrumb","itemListElement":[{"@type":"ListItem","position":1,"name":"bienvenida","item":"https:\/\/pistonaddict.com\/es\/pagina-web\/"},{"@type":"ListItem","position":2,"name":"Auctions","item":"https:\/\/pistonaddict.com\/auctions-listing\/"},{"@type":"ListItem","position":3,"name":"Maserati Ghibli SS 4,9 litros"}]},{"@type":"WebSite","@id":"https:\/\/pistonaddict.com\/es\/#website","url":"https:\/\/pistonaddict.com\/es\/","name":"Piston Addict","description":"Only interesting vehicles","publisher":{"@id":"https:\/\/pistonaddict.com\/es\/#organization"},"potentialAction":[{"@type":"SearchAction","target":{"@type":"EntryPoint","urlTemplate":"https:\/\/pistonaddict.com\/es\/?s={search_term_string}"},"query-input":"required name=search_term_string"}],"inLanguage":"es"},{"@type":"Organization","@id":"https:\/\/pistonaddict.com\/es\/#organization","name":"Piston Addict","url":"https:\/\/pistonaddict.com\/es\/","logo":{"@type":"ImageObject","inLanguage":"es","@id":"https:\/\/pistonaddict.com\/es\/#\/schema\/logo\/image\/","url":"https:\/\/pistonaddict.com\/wp-content\/uploads\/2022\/07\/logo-6.png","contentUrl":"https:\/\/pistonaddict.com\/wp-content\/uploads\/2022\/07\/logo-6.png","width":970,"height":200,"caption":"Piston Addict"},"image":{"@id":"https:\/\/pistonaddict.com\/es\/#\/schema\/logo\/image\/"}}]}},"_links":{"self":[{"href":"https:\/\/pistonaddict.com\/es\/wp-json\/wp\/v2\/product\/32604"}],"collection":[{"href":"https:\/\/pistonaddict.com\/es\/wp-json\/wp\/v2\/product"}],"about":[{"href":"https:\/\/pistonaddict.com\/es\/wp-json\/wp\/v2\/types\/product"}],"replies":[{"embeddable":true,"href":"https:\/\/pistonaddict.com\/es\/wp-json\/wp\/v2\/comments?post=32604"}],"wp:featuredmedia":[{"embeddable":true,"href":"https:\/\/pistonaddict.com\/es\/wp-json\/wp\/v2\/media\/32161"}],"wp:attachment":[{"href":"https:\/\/pistonaddict.com\/es\/wp-json\/wp\/v2\/media?parent=32604"}],"wp:term":[{"taxonomy":"product_cat","embeddable":true,"href":"https:\/\/pistonaddict.com\/es\/wp-json\/wp\/v2\/product_cat?post=32604"},{"taxonomy":"product_tag","embeddable":true,"href":"https:\/\/pistonaddict.com\/es\/wp-json\/wp\/v2\/product_tag?post=32604"}],"curies":[{"name":"wp","href":"https:\/\/api.w.org\/{rel}","templated":true}]}}