{"id":29705,"date":"2023-03-02T21:25:19","date_gmt":"2023-03-02T20:25:19","guid":{"rendered":"https:\/\/pistonaddict.com\/product\/1985-porsche-911-carrera-3-2-en-venta\/"},"modified":"2024-03-22T16:10:36","modified_gmt":"2024-03-22T15:10:36","slug":"1985-porsche-911-carrera-3-2-for-sale","status":"publish","type":"product","link":"https:\/\/pistonaddict.com\/es\/product\/1985-porsche-911-carrera-3-2-for-sale\/","title":{"rendered":"1985 Porsche 911 Carrera 3.2 para la venta de subasta"},"content":{"rendered":"<p><strong>Historia del coche<\/strong><\/p>\n<p>El vendedor adquiri\u00f3 este bello ejemplo de la magia de mediados de los 80 en 1997 en Luxemburgo y lo import\u00f3 a Suiza. Este Carrera est\u00e1 equipado de serie con un motor de 3,2 litros y seis cilindros planos, que entrega 231 CV a las ruedas traseras a trav\u00e9s de un cambio manual de 5 velocidades. El motor es de inyecci\u00f3n de combustible y capaz de lanzar a este legendario deportivo a un tiempo de 0 a 100 km\/h de 5,9 segundos y a unos m\u00e1ximos, a\u00fan respetables, 245 km\/h (150 mph). No hay registros de ninguna modificaci\u00f3n del motor, pero el coche se mantuvo regularmente, con el \u00faltimo servicio documentado realizado a finales de marzo de 2022. Hasta ahora, este Porsche negro ha recorrido 168.000 km.<\/p>\n<p><strong>Condici\u00f3n<\/strong><\/p>\n<p>El veh\u00edculo se benefici\u00f3 de un repintado profesional completo de la carrocer\u00eda y de la renovaci\u00f3n del motor, utilizando piezas y componentes originales. Ha pasado la inspecci\u00f3n t\u00e9cnica suiza y su circulaci\u00f3n es legal y est\u00e1 matriculada. Los posibles compradores quieren saber que se ha realizado el an\u00e1lisis del aceite y que los resultados est\u00e1n en orden. En los v\u00eddeos se puede ver que la presi\u00f3n del aceite y todos los indicadores funcionan correctamente. No hay fugas de aceite en el tren de rodaje, el vano motor est\u00e1 ordenado y todos los sellos y marcas originales est\u00e1n presentes.<\/p>\n<p><strong>Interior<\/strong><\/p>\n<p>El interior de este Porsche 911 Carrera 3.2 de 1985 es original, con los asientos y los paneles de las puertas forrados en cuero. En comparaci\u00f3n con coches similares, este ejemplo triple negro (cuerpo, interior y alfombras &#8211; todo negro) tiene algunas opciones deseables que los coleccionistas buscan. El primero de ellos son los asientos de cuero con opciones el\u00e9ctricas. En segundo lugar, este ejemplo est\u00e1 equipado con aire acondicionado, lo que es una adici\u00f3n bienvenida, especialmente durante los calurosos d\u00edas de verano. En tercer lugar, este Carrera de 1985 tambi\u00e9n tiene un techo solar, espejos el\u00e9ctricos y lavafaros, todo lo cual se suma a la experiencia mejorada. El cristal trasero es t\u00e9rmico, y hay una unidad principal est\u00e9reo del mercado de accesorios para sus canciones favoritas de los 80. Sin embargo, el pomo del cambio no es el original.<\/p>\n<p><strong>Exterior Y Ruedas<\/strong><\/p>\n<p>Todas las piezas de acabado exterior, molduras y componentes de pl\u00e1stico se ven en perfecto estado, y no hay \u00f3xido visible alrededor de la abertura del techo solar, un deporte com\u00fan en estos coches. Significa que el veh\u00edculo est\u00e1 bien cuidado y que s\u00f3lo se utiliza espor\u00e1dicamente. Curiosamente, el propietario opt\u00f3 por mejorar el material rodante de este Porsche 911 Carrera de 1985. En lugar de llantas de 15 pulgadas correctas de f\u00e1brica, este coche tiene llantas originales Fuchs de 16 pulgadas envueltas en neum\u00e1ticos Pirelli P Zero. Por supuesto, las traseras son m\u00e1s anchas que las delanteras. Se trata de una modificaci\u00f3n habitual que contribuye tanto a la est\u00e9tica como a la din\u00e1mica de conducci\u00f3n. Los neum\u00e1ticos se instalaron a mediados de 2021. El coche viene con un kit de herramientas original y rueda de repuesto, mostrando el nivel de originalidad favorable a los coleccionistas.<\/p>\n<p><strong>Documentaci\u00f3n<\/strong><\/p>\n<p>Se trata de un veh\u00edculo de propiedad privada con la documentaci\u00f3n adecuada situado en Ginebra, Suiza. El informe de CarVertical est\u00e1 limpio; no existen pruebas de accidentes, reparaciones o propiedad accidentada, ni problemas legales. Hay registros de mantenimiento regular que se remontan a 2015.<\/p>\n","protected":false},"excerpt":{"rendered":"<p>Acabado en un elegante tono negro Porsche con un interior a juego, este Carrera 3.2 de 1985 es un ejemplo perfecto de un 911 cl\u00e1sico de calidad de conducci\u00f3n, listo para ser disfrutado por el nuevo propietario. Con un exterior sin marcar, varias opciones deseables, y un interior bien equipado, este Carrera es un cl\u00e1sico bien mantenido y confiable con un mont\u00f3n de rendimiento, listo para ser llevado en un verano a trav\u00e9s de Europa con confianza.<\/p>\n","protected":false},"featured_media":29675,"comment_status":"open","ping_status":"closed","template":"","meta":{"inline_featured_image":false},"product_cat":[715],"product_tag":[997,862,884,861,996],"acf":[],"yoast_head":"<!-- This site is optimized with the Yoast SEO plugin v22.5 - https:\/\/yoast.com\/wordpress\/plugins\/seo\/ -->\n<title>1985 Porsche 911 Carrera 3.2 para la venta de subasta - nombre del Piston Addict<\/title>\n<meta name=\"description\" content=\"Echa un vistazo a este magn\u00edfico 1985 Porsche 911 Carrera 3.2 subasta de venta en PistonAddict.com\" \/>\n<meta name=\"robots\" content=\"index, follow, max-snippet:-1, max-image-preview:large, max-video-preview:-1\" \/>\n<link rel=\"canonical\" href=\"https:\/\/pistonaddict.com\/es\/product\/1985-porsche-911-carrera-3-2-for-sale\/\" \/>\n<meta property=\"og:locale\" content=\"es_ES\" \/>\n<meta property=\"og:type\" content=\"article\" \/>\n<meta property=\"og:title\" content=\"1985 Porsche 911 Carrera 3.2 para la venta de subasta - nombre del Piston Addict\" \/>\n<meta property=\"og:description\" content=\"Echa un vistazo a este magn\u00edfico 1985 Porsche 911 Carrera 3.2 subasta de venta en PistonAddict.com\" \/>\n<meta property=\"og:url\" content=\"https:\/\/pistonaddict.com\/es\/product\/1985-porsche-911-carrera-3-2-for-sale\/\" \/>\n<meta property=\"og:site_name\" content=\"Piston Addict\" \/>\n<meta property=\"article:modified_time\" content=\"2024-03-22T15:10:36+00:00\" \/>\n<meta property=\"og:image\" content=\"https:\/\/pistonaddict.com\/wp-content\/uploads\/2023\/03\/IMG_2519-scaled.jpeg\" \/>\n\t<meta property=\"og:image:width\" content=\"2560\" \/>\n\t<meta property=\"og:image:height\" content=\"1920\" \/>\n\t<meta property=\"og:image:type\" content=\"image\/jpeg\" \/>\n<meta name=\"twitter:card\" content=\"summary_large_image\" \/>\n<meta name=\"twitter:label1\" content=\"Tiempo de lectura\" \/>\n\t<meta name=\"twitter:data1\" content=\"3 minutos\" \/>\n<script type=\"application\/ld+json\" class=\"yoast-schema-graph\">{\"@context\":\"https:\/\/schema.org\",\"@graph\":[{\"@type\":\"WebPage\",\"@id\":\"https:\/\/pistonaddict.com\/es\/product\/1985-porsche-911-carrera-3-2-for-sale\/\",\"url\":\"https:\/\/pistonaddict.com\/es\/product\/1985-porsche-911-carrera-3-2-for-sale\/\",\"name\":\"1985 Porsche 911 Carrera 3.2 para la venta de subasta - nombre del Piston Addict\",\"isPartOf\":{\"@id\":\"https:\/\/pistonaddict.com\/es\/#website\"},\"primaryImageOfPage\":{\"@id\":\"https:\/\/pistonaddict.com\/es\/product\/1985-porsche-911-carrera-3-2-for-sale\/#primaryimage\"},\"image\":{\"@id\":\"https:\/\/pistonaddict.com\/es\/product\/1985-porsche-911-carrera-3-2-for-sale\/#primaryimage\"},\"thumbnailUrl\":\"https:\/\/pistonaddict.com\/wp-content\/uploads\/2023\/03\/IMG_2519-scaled.jpeg\",\"datePublished\":\"2023-03-02T20:25:19+00:00\",\"dateModified\":\"2024-03-22T15:10:36+00:00\",\"description\":\"Echa un vistazo a este magn\u00edfico 1985 Porsche 911 Carrera 3.2 subasta de venta en PistonAddict.com\",\"breadcrumb\":{\"@id\":\"https:\/\/pistonaddict.com\/es\/product\/1985-porsche-911-carrera-3-2-for-sale\/#breadcrumb\"},\"inLanguage\":\"es\",\"potentialAction\":[{\"@type\":\"ReadAction\",\"target\":[\"https:\/\/pistonaddict.com\/es\/product\/1985-porsche-911-carrera-3-2-for-sale\/\"]}]},{\"@type\":\"ImageObject\",\"inLanguage\":\"es\",\"@id\":\"https:\/\/pistonaddict.com\/es\/product\/1985-porsche-911-carrera-3-2-for-sale\/#primaryimage\",\"url\":\"https:\/\/pistonaddict.com\/wp-content\/uploads\/2023\/03\/IMG_2519-scaled.jpeg\",\"contentUrl\":\"https:\/\/pistonaddict.com\/wp-content\/uploads\/2023\/03\/IMG_2519-scaled.jpeg\",\"width\":2560,\"height\":1920},{\"@type\":\"BreadcrumbList\",\"@id\":\"https:\/\/pistonaddict.com\/es\/product\/1985-porsche-911-carrera-3-2-for-sale\/#breadcrumb\",\"itemListElement\":[{\"@type\":\"ListItem\",\"position\":1,\"name\":\"bienvenida\",\"item\":\"https:\/\/pistonaddict.com\/es\/pagina-web\/\"},{\"@type\":\"ListItem\",\"position\":2,\"name\":\"Auctions\",\"item\":\"https:\/\/pistonaddict.com\/auctions-listing\/\"},{\"@type\":\"ListItem\",\"position\":3,\"name\":\"1985 Porsche 911 Carrera 3.2 para la venta de subasta\"}]},{\"@type\":\"WebSite\",\"@id\":\"https:\/\/pistonaddict.com\/es\/#website\",\"url\":\"https:\/\/pistonaddict.com\/es\/\",\"name\":\"Piston Addict\",\"description\":\"Only interesting vehicles\",\"publisher\":{\"@id\":\"https:\/\/pistonaddict.com\/es\/#organization\"},\"potentialAction\":[{\"@type\":\"SearchAction\",\"target\":{\"@type\":\"EntryPoint\",\"urlTemplate\":\"https:\/\/pistonaddict.com\/es\/?s={search_term_string}\"},\"query-input\":\"required name=search_term_string\"}],\"inLanguage\":\"es\"},{\"@type\":\"Organization\",\"@id\":\"https:\/\/pistonaddict.com\/es\/#organization\",\"name\":\"Piston Addict\",\"url\":\"https:\/\/pistonaddict.com\/es\/\",\"logo\":{\"@type\":\"ImageObject\",\"inLanguage\":\"es\",\"@id\":\"https:\/\/pistonaddict.com\/es\/#\/schema\/logo\/image\/\",\"url\":\"https:\/\/pistonaddict.com\/wp-content\/uploads\/2022\/07\/logo-6.png\",\"contentUrl\":\"https:\/\/pistonaddict.com\/wp-content\/uploads\/2022\/07\/logo-6.png\",\"width\":970,\"height\":200,\"caption\":\"Piston Addict\"},\"image\":{\"@id\":\"https:\/\/pistonaddict.com\/es\/#\/schema\/logo\/image\/\"}}]}<\/script>\n<!-- \/ Yoast SEO plugin. -->","yoast_head_json":{"title":"1985 Porsche 911 Carrera 3.2 para la venta de subasta - nombre del Piston Addict","description":"Echa un vistazo a este magn\u00edfico 1985 Porsche 911 Carrera 3.2 subasta de venta en PistonAddict.com","robots":{"index":"index","follow":"follow","max-snippet":"max-snippet:-1","max-image-preview":"max-image-preview:large","max-video-preview":"max-video-preview:-1"},"canonical":"https:\/\/pistonaddict.com\/es\/product\/1985-porsche-911-carrera-3-2-for-sale\/","og_locale":"es_ES","og_type":"article","og_title":"1985 Porsche 911 Carrera 3.2 para la venta de subasta - nombre del Piston Addict","og_description":"Echa un vistazo a este magn\u00edfico 1985 Porsche 911 Carrera 3.2 subasta de venta en PistonAddict.com","og_url":"https:\/\/pistonaddict.com\/es\/product\/1985-porsche-911-carrera-3-2-for-sale\/","og_site_name":"Piston Addict","article_modified_time":"2024-03-22T15:10:36+00:00","og_image":[{"width":2560,"height":1920,"url":"https:\/\/pistonaddict.com\/wp-content\/uploads\/2023\/03\/IMG_2519-scaled.jpeg","type":"image\/jpeg"}],"twitter_card":"summary_large_image","twitter_misc":{"Tiempo de lectura":"3 minutos"},"schema":{"@context":"https:\/\/schema.org","@graph":[{"@type":"WebPage","@id":"https:\/\/pistonaddict.com\/es\/product\/1985-porsche-911-carrera-3-2-for-sale\/","url":"https:\/\/pistonaddict.com\/es\/product\/1985-porsche-911-carrera-3-2-for-sale\/","name":"1985 Porsche 911 Carrera 3.2 para la venta de subasta - nombre del Piston Addict","isPartOf":{"@id":"https:\/\/pistonaddict.com\/es\/#website"},"primaryImageOfPage":{"@id":"https:\/\/pistonaddict.com\/es\/product\/1985-porsche-911-carrera-3-2-for-sale\/#primaryimage"},"image":{"@id":"https:\/\/pistonaddict.com\/es\/product\/1985-porsche-911-carrera-3-2-for-sale\/#primaryimage"},"thumbnailUrl":"https:\/\/pistonaddict.com\/wp-content\/uploads\/2023\/03\/IMG_2519-scaled.jpeg","datePublished":"2023-03-02T20:25:19+00:00","dateModified":"2024-03-22T15:10:36+00:00","description":"Echa un vistazo a este magn\u00edfico 1985 Porsche 911 Carrera 3.2 subasta de venta en PistonAddict.com","breadcrumb":{"@id":"https:\/\/pistonaddict.com\/es\/product\/1985-porsche-911-carrera-3-2-for-sale\/#breadcrumb"},"inLanguage":"es","potentialAction":[{"@type":"ReadAction","target":["https:\/\/pistonaddict.com\/es\/product\/1985-porsche-911-carrera-3-2-for-sale\/"]}]},{"@type":"ImageObject","inLanguage":"es","@id":"https:\/\/pistonaddict.com\/es\/product\/1985-porsche-911-carrera-3-2-for-sale\/#primaryimage","url":"https:\/\/pistonaddict.com\/wp-content\/uploads\/2023\/03\/IMG_2519-scaled.jpeg","contentUrl":"https:\/\/pistonaddict.com\/wp-content\/uploads\/2023\/03\/IMG_2519-scaled.jpeg","width":2560,"height":1920},{"@type":"BreadcrumbList","@id":"https:\/\/pistonaddict.com\/es\/product\/1985-porsche-911-carrera-3-2-for-sale\/#breadcrumb","itemListElement":[{"@type":"ListItem","position":1,"name":"bienvenida","item":"https:\/\/pistonaddict.com\/es\/pagina-web\/"},{"@type":"ListItem","position":2,"name":"Auctions","item":"https:\/\/pistonaddict.com\/auctions-listing\/"},{"@type":"ListItem","position":3,"name":"1985 Porsche 911 Carrera 3.2 para la venta de subasta"}]},{"@type":"WebSite","@id":"https:\/\/pistonaddict.com\/es\/#website","url":"https:\/\/pistonaddict.com\/es\/","name":"Piston Addict","description":"Only interesting vehicles","publisher":{"@id":"https:\/\/pistonaddict.com\/es\/#organization"},"potentialAction":[{"@type":"SearchAction","target":{"@type":"EntryPoint","urlTemplate":"https:\/\/pistonaddict.com\/es\/?s={search_term_string}"},"query-input":"required name=search_term_string"}],"inLanguage":"es"},{"@type":"Organization","@id":"https:\/\/pistonaddict.com\/es\/#organization","name":"Piston Addict","url":"https:\/\/pistonaddict.com\/es\/","logo":{"@type":"ImageObject","inLanguage":"es","@id":"https:\/\/pistonaddict.com\/es\/#\/schema\/logo\/image\/","url":"https:\/\/pistonaddict.com\/wp-content\/uploads\/2022\/07\/logo-6.png","contentUrl":"https:\/\/pistonaddict.com\/wp-content\/uploads\/2022\/07\/logo-6.png","width":970,"height":200,"caption":"Piston Addict"},"image":{"@id":"https:\/\/pistonaddict.com\/es\/#\/schema\/logo\/image\/"}}]}},"_links":{"self":[{"href":"https:\/\/pistonaddict.com\/es\/wp-json\/wp\/v2\/product\/29705"}],"collection":[{"href":"https:\/\/pistonaddict.com\/es\/wp-json\/wp\/v2\/product"}],"about":[{"href":"https:\/\/pistonaddict.com\/es\/wp-json\/wp\/v2\/types\/product"}],"replies":[{"embeddable":true,"href":"https:\/\/pistonaddict.com\/es\/wp-json\/wp\/v2\/comments?post=29705"}],"wp:featuredmedia":[{"embeddable":true,"href":"https:\/\/pistonaddict.com\/es\/wp-json\/wp\/v2\/media\/29675"}],"wp:attachment":[{"href":"https:\/\/pistonaddict.com\/es\/wp-json\/wp\/v2\/media?parent=29705"}],"wp:term":[{"taxonomy":"product_cat","embeddable":true,"href":"https:\/\/pistonaddict.com\/es\/wp-json\/wp\/v2\/product_cat?post=29705"},{"taxonomy":"product_tag","embeddable":true,"href":"https:\/\/pistonaddict.com\/es\/wp-json\/wp\/v2\/product_tag?post=29705"}],"curies":[{"name":"wp","href":"https:\/\/api.w.org\/{rel}","templated":true}]}}