{"id":108797,"date":"2024-06-11T17:05:07","date_gmt":"2024-06-11T15:05:07","guid":{"rendered":"https:\/\/pistonaddict.com\/product\/lamborghini-urraco-p250\/"},"modified":"2024-06-12T09:54:38","modified_gmt":"2024-06-12T07:54:38","slug":"lamborghini-urraco-p250","status":"publish","type":"product","link":"https:\/\/pistonaddict.com\/es\/product\/lamborghini-urraco-p250\/","title":{"rendered":"Lamborghini Urraco P250"},"content":{"rendered":"<h2>Exterior<\/h2>\n<p>Exteriormente, este cuatro plazas italiano presenta una silueta en forma de cu\u00f1a, caracter\u00edstica de la mayor\u00eda de los supercoches de la \u00e9poca. El frontal est\u00e1 dominado por los ic\u00f3nicos faros emergentes, que son absolutamente necesarios para acomodar el cap\u00f3 plano y bajo. A lo largo de los laterales, destacan los musculosos pasos de rueda que alojan las llantas de aleaci\u00f3n originales de 14 pulgadas calzadas con neum\u00e1ticos Michelin XWX de \u00e9poca. Adem\u00e1s, un ojo agudo descubrir\u00e1 en la parte trasera un ANSA doble de acero inoxidable, fabricado por el famoso afinador Abart. Este coche en concreto est\u00e1 pintado en un elegante acabado plateado, que da un toque de elegancia a su agresiva postura.<\/p>\n<h2>Interior<\/h2>\n<p>Al abrir las puertas se descubre el lujoso interior Nero del Lambo, en el que destacan los asientos delanteros tipo cubo, cuyo estado describe el vendedor como &#8220;nuevo&#8221;. La misma descripci\u00f3n puede usarse para el banco trasero, que es lo suficientemente espacioso para alojar a dos personas. Una vez sentado, el conductor se encontrar\u00e1 ante un volante de cuero de cuatro radios con un elaborado cuadro de instrumentos detr\u00e1s. Adem\u00e1s del veloc\u00edmetro que llega hasta 280 km\/h y el cuentarrevoluciones de 9.000 rpm, las esferas incluyen indicadores de temperatura del motor, presi\u00f3n del aceite y tensi\u00f3n de carga. El salpicadero est\u00e1 recubierto de cuero Alc\u00e1ntara gris oscuro, lo que le confiere un tacto suave y un aspecto plano que no refleja los rayos del sol.<\/p>\n<h2>Mec\u00e1nica<\/h2>\n<p>Al ser el modelo P250, este Urraco tiene un motor V8 de 2,5 litros que produce 250 CV y un par motor igualmente impresionante de 220 N-m. Esta potencia se transfiere a trav\u00e9s de una transmisi\u00f3n manual de 5 velocidades, asegurando un 0-100 en poco menos de 7 segundos y una velocidad m\u00e1xima de 240 kil\u00f3metros por hora. Estas cifras de rendimiento, impresionantes incluso para los est\u00e1ndares actuales, convirtieron al Uracco en uno de los cuatro plazas m\u00e1s r\u00e1pidos de la \u00e9poca. El manejo es preciso, gracias a una suspensi\u00f3n independiente, mientras que unos frenos de disco capaces y duraderos en las cuatro ruedas garantizan una frenada segura.<\/p>\n<h2>Historial del veh\u00edculo<\/h2>\n<p>El Lamborghini Urraco P250 que tenemos aqu\u00ed se fabric\u00f3 en 1975 y actualmente tiene 78.000 kil\u00f3metros en el reloj. A lo largo de los a\u00f1os, el coche nunca se utiliz\u00f3 en la pista ni se vio implicado en un accidente. En 2016 se someti\u00f3 a una revisi\u00f3n exhaustiva, durante la cual se reconstruyeron por completo el motor y la suspensi\u00f3n, mientras que los bajos recibieron una nueva capa de protecci\u00f3n antioxidante. Al mismo tiempo, se retapiz\u00f3 completamente el interior y se repint\u00f3 el coche. Las imperfecciones visuales se limitan a peque\u00f1os da\u00f1os en la puerta del conductor, que se reparar\u00e1n antes de la entrega a su futuro propietario. El veh\u00edculo se encuentra actualmente en Espa\u00f1a, donde est\u00e1 matriculado desde el primer d\u00eda.<\/p>\n<p><strong>Comprueba el v\u00eddeo de arranque en fr\u00edo de este incre\u00edble<\/strong> <strong>Lamborghini Urraco P250<\/strong>:<\/p>\n<p><iframe title=\"Cold Start Video of the amazing Lamborghini Urraco P250\" width=\"1200\" height=\"675\" src=\"https:\/\/www.youtube.com\/embed\/wt_LCr8LgcQ?feature=oembed\" frameborder=\"0\" allow=\"accelerometer; autoplay; clipboard-write; encrypted-media; gyroscope; picture-in-picture; web-share\" referrerpolicy=\"strict-origin-when-cross-origin\" allowfullscreen><\/iframe><\/p>\n<p><strong>Y el recorrido en v\u00eddeo :<\/strong><\/p>\n<p><iframe title=\"Video Tour of the Lamborghini Urraco P250\" width=\"1200\" height=\"675\" src=\"https:\/\/www.youtube.com\/embed\/azU8K1XDHOA?feature=oembed\" frameborder=\"0\" allow=\"accelerometer; autoplay; clipboard-write; encrypted-media; gyroscope; picture-in-picture; web-share\" referrerpolicy=\"strict-origin-when-cross-origin\" allowfullscreen><\/iframe><\/p>\n","protected":false},"excerpt":{"rendered":"<p>Bautizado con el nombre de una raza de toros de lidia de Miura, el Urraco es un deportivo fabricado por Lamborghini entre 1972 y 1979. Este cuatro plazas, dise\u00f1ado por Bertone, pretend\u00eda enfrentarse a competidores como el Ferrari 308 GT4 y el legendario Porsche 911. Aun as\u00ed, a pesar de ser impresionante y f\u00e1cil de conducir, el Urraco no fue un gran \u00e9xito de ventas, ya que s\u00f3lo se fabricaron 791 coches en los 7 a\u00f1os que dur\u00f3 su producci\u00f3n. Aun as\u00ed, un n\u00famero de producci\u00f3n tan limitado garantiza la exclusividad, por lo que quienes compren este Lambo plateado tendr\u00e1n algo que no se ve a menudo.<\/p>\n","protected":false},"featured_media":108768,"comment_status":"open","ping_status":"closed","template":"","meta":{"inline_featured_image":false},"product_cat":[715],"product_tag":[4267,4268,4266,996],"acf":[],"yoast_head":"<!-- This site is optimized with the Yoast SEO plugin v22.5 - https:\/\/yoast.com\/wordpress\/plugins\/seo\/ -->\n<title>Lamborghini Urraco P250 - nombre del Piston Addict<\/title>\n<meta name=\"robots\" content=\"index, follow, max-snippet:-1, max-image-preview:large, max-video-preview:-1\" \/>\n<link rel=\"canonical\" href=\"https:\/\/pistonaddict.com\/es\/product\/lamborghini-urraco-p250\/\" \/>\n<meta property=\"og:locale\" content=\"es_ES\" \/>\n<meta property=\"og:type\" content=\"article\" \/>\n<meta property=\"og:title\" content=\"Lamborghini Urraco P250 - nombre del Piston Addict\" \/>\n<meta property=\"og:description\" content=\"Bautizado con el nombre de una raza de toros de lidia de Miura, el Urraco es un deportivo fabricado por Lamborghini entre 1972 y 1979. Este cuatro plazas, dise\u00f1ado por Bertone, pretend\u00eda enfrentarse a competidores como el Ferrari 308 GT4 y el legendario Porsche 911. Aun as\u00ed, a pesar de ser impresionante y f\u00e1cil de conducir, el Urraco no fue un gran \u00e9xito de ventas, ya que s\u00f3lo se fabricaron 791 coches en los 7 a\u00f1os que dur\u00f3 su producci\u00f3n. Aun as\u00ed, un n\u00famero de producci\u00f3n tan limitado garantiza la exclusividad, por lo que quienes compren este Lambo plateado tendr\u00e1n algo que no se ve a menudo.\" \/>\n<meta property=\"og:url\" content=\"https:\/\/pistonaddict.com\/es\/product\/lamborghini-urraco-p250\/\" \/>\n<meta property=\"og:site_name\" content=\"Piston Addict\" \/>\n<meta property=\"article:modified_time\" content=\"2024-06-12T07:54:38+00:00\" \/>\n<meta property=\"og:image\" content=\"https:\/\/pistonaddict.com\/wp-content\/uploads\/2024\/06\/IMG-20231121-WA0182.jpg\" \/>\n\t<meta property=\"og:image:width\" content=\"2048\" \/>\n\t<meta property=\"og:image:height\" content=\"1536\" \/>\n\t<meta property=\"og:image:type\" content=\"image\/jpeg\" \/>\n<meta name=\"twitter:card\" content=\"summary_large_image\" \/>\n<meta name=\"twitter:label1\" content=\"Tiempo de lectura\" \/>\n\t<meta name=\"twitter:data1\" content=\"3 minutos\" \/>\n<script type=\"application\/ld+json\" class=\"yoast-schema-graph\">{\"@context\":\"https:\/\/schema.org\",\"@graph\":[{\"@type\":\"WebPage\",\"@id\":\"https:\/\/pistonaddict.com\/es\/product\/lamborghini-urraco-p250\/\",\"url\":\"https:\/\/pistonaddict.com\/es\/product\/lamborghini-urraco-p250\/\",\"name\":\"Lamborghini Urraco P250 - nombre del Piston Addict\",\"isPartOf\":{\"@id\":\"https:\/\/pistonaddict.com\/es\/#website\"},\"primaryImageOfPage\":{\"@id\":\"https:\/\/pistonaddict.com\/es\/product\/lamborghini-urraco-p250\/#primaryimage\"},\"image\":{\"@id\":\"https:\/\/pistonaddict.com\/es\/product\/lamborghini-urraco-p250\/#primaryimage\"},\"thumbnailUrl\":\"https:\/\/pistonaddict.com\/wp-content\/uploads\/2024\/06\/IMG-20231121-WA0182.jpg\",\"datePublished\":\"2024-06-11T15:05:07+00:00\",\"dateModified\":\"2024-06-12T07:54:38+00:00\",\"breadcrumb\":{\"@id\":\"https:\/\/pistonaddict.com\/es\/product\/lamborghini-urraco-p250\/#breadcrumb\"},\"inLanguage\":\"es\",\"potentialAction\":[{\"@type\":\"ReadAction\",\"target\":[\"https:\/\/pistonaddict.com\/es\/product\/lamborghini-urraco-p250\/\"]}]},{\"@type\":\"ImageObject\",\"inLanguage\":\"es\",\"@id\":\"https:\/\/pistonaddict.com\/es\/product\/lamborghini-urraco-p250\/#primaryimage\",\"url\":\"https:\/\/pistonaddict.com\/wp-content\/uploads\/2024\/06\/IMG-20231121-WA0182.jpg\",\"contentUrl\":\"https:\/\/pistonaddict.com\/wp-content\/uploads\/2024\/06\/IMG-20231121-WA0182.jpg\",\"width\":2048,\"height\":1536},{\"@type\":\"BreadcrumbList\",\"@id\":\"https:\/\/pistonaddict.com\/es\/product\/lamborghini-urraco-p250\/#breadcrumb\",\"itemListElement\":[{\"@type\":\"ListItem\",\"position\":1,\"name\":\"bienvenida\",\"item\":\"https:\/\/pistonaddict.com\/es\/pagina-web\/\"},{\"@type\":\"ListItem\",\"position\":2,\"name\":\"Auctions\",\"item\":\"https:\/\/pistonaddict.com\/auctions-listing\/\"},{\"@type\":\"ListItem\",\"position\":3,\"name\":\"Lamborghini Urraco P250\"}]},{\"@type\":\"WebSite\",\"@id\":\"https:\/\/pistonaddict.com\/es\/#website\",\"url\":\"https:\/\/pistonaddict.com\/es\/\",\"name\":\"Piston Addict\",\"description\":\"Only interesting vehicles\",\"publisher\":{\"@id\":\"https:\/\/pistonaddict.com\/es\/#organization\"},\"potentialAction\":[{\"@type\":\"SearchAction\",\"target\":{\"@type\":\"EntryPoint\",\"urlTemplate\":\"https:\/\/pistonaddict.com\/es\/?s={search_term_string}\"},\"query-input\":\"required name=search_term_string\"}],\"inLanguage\":\"es\"},{\"@type\":\"Organization\",\"@id\":\"https:\/\/pistonaddict.com\/es\/#organization\",\"name\":\"Piston Addict\",\"url\":\"https:\/\/pistonaddict.com\/es\/\",\"logo\":{\"@type\":\"ImageObject\",\"inLanguage\":\"es\",\"@id\":\"https:\/\/pistonaddict.com\/es\/#\/schema\/logo\/image\/\",\"url\":\"https:\/\/pistonaddict.com\/wp-content\/uploads\/2022\/07\/logo-6.png\",\"contentUrl\":\"https:\/\/pistonaddict.com\/wp-content\/uploads\/2022\/07\/logo-6.png\",\"width\":970,\"height\":200,\"caption\":\"Piston Addict\"},\"image\":{\"@id\":\"https:\/\/pistonaddict.com\/es\/#\/schema\/logo\/image\/\"}}]}<\/script>\n<!-- \/ Yoast SEO plugin. -->","yoast_head_json":{"title":"Lamborghini Urraco P250 - nombre del Piston Addict","robots":{"index":"index","follow":"follow","max-snippet":"max-snippet:-1","max-image-preview":"max-image-preview:large","max-video-preview":"max-video-preview:-1"},"canonical":"https:\/\/pistonaddict.com\/es\/product\/lamborghini-urraco-p250\/","og_locale":"es_ES","og_type":"article","og_title":"Lamborghini Urraco P250 - nombre del Piston Addict","og_description":"Bautizado con el nombre de una raza de toros de lidia de Miura, el Urraco es un deportivo fabricado por Lamborghini entre 1972 y 1979. Este cuatro plazas, dise\u00f1ado por Bertone, pretend\u00eda enfrentarse a competidores como el Ferrari 308 GT4 y el legendario Porsche 911. Aun as\u00ed, a pesar de ser impresionante y f\u00e1cil de conducir, el Urraco no fue un gran \u00e9xito de ventas, ya que s\u00f3lo se fabricaron 791 coches en los 7 a\u00f1os que dur\u00f3 su producci\u00f3n. Aun as\u00ed, un n\u00famero de producci\u00f3n tan limitado garantiza la exclusividad, por lo que quienes compren este Lambo plateado tendr\u00e1n algo que no se ve a menudo.","og_url":"https:\/\/pistonaddict.com\/es\/product\/lamborghini-urraco-p250\/","og_site_name":"Piston Addict","article_modified_time":"2024-06-12T07:54:38+00:00","og_image":[{"width":2048,"height":1536,"url":"https:\/\/pistonaddict.com\/wp-content\/uploads\/2024\/06\/IMG-20231121-WA0182.jpg","type":"image\/jpeg"}],"twitter_card":"summary_large_image","twitter_misc":{"Tiempo de lectura":"3 minutos"},"schema":{"@context":"https:\/\/schema.org","@graph":[{"@type":"WebPage","@id":"https:\/\/pistonaddict.com\/es\/product\/lamborghini-urraco-p250\/","url":"https:\/\/pistonaddict.com\/es\/product\/lamborghini-urraco-p250\/","name":"Lamborghini Urraco P250 - nombre del Piston Addict","isPartOf":{"@id":"https:\/\/pistonaddict.com\/es\/#website"},"primaryImageOfPage":{"@id":"https:\/\/pistonaddict.com\/es\/product\/lamborghini-urraco-p250\/#primaryimage"},"image":{"@id":"https:\/\/pistonaddict.com\/es\/product\/lamborghini-urraco-p250\/#primaryimage"},"thumbnailUrl":"https:\/\/pistonaddict.com\/wp-content\/uploads\/2024\/06\/IMG-20231121-WA0182.jpg","datePublished":"2024-06-11T15:05:07+00:00","dateModified":"2024-06-12T07:54:38+00:00","breadcrumb":{"@id":"https:\/\/pistonaddict.com\/es\/product\/lamborghini-urraco-p250\/#breadcrumb"},"inLanguage":"es","potentialAction":[{"@type":"ReadAction","target":["https:\/\/pistonaddict.com\/es\/product\/lamborghini-urraco-p250\/"]}]},{"@type":"ImageObject","inLanguage":"es","@id":"https:\/\/pistonaddict.com\/es\/product\/lamborghini-urraco-p250\/#primaryimage","url":"https:\/\/pistonaddict.com\/wp-content\/uploads\/2024\/06\/IMG-20231121-WA0182.jpg","contentUrl":"https:\/\/pistonaddict.com\/wp-content\/uploads\/2024\/06\/IMG-20231121-WA0182.jpg","width":2048,"height":1536},{"@type":"BreadcrumbList","@id":"https:\/\/pistonaddict.com\/es\/product\/lamborghini-urraco-p250\/#breadcrumb","itemListElement":[{"@type":"ListItem","position":1,"name":"bienvenida","item":"https:\/\/pistonaddict.com\/es\/pagina-web\/"},{"@type":"ListItem","position":2,"name":"Auctions","item":"https:\/\/pistonaddict.com\/auctions-listing\/"},{"@type":"ListItem","position":3,"name":"Lamborghini Urraco P250"}]},{"@type":"WebSite","@id":"https:\/\/pistonaddict.com\/es\/#website","url":"https:\/\/pistonaddict.com\/es\/","name":"Piston Addict","description":"Only interesting vehicles","publisher":{"@id":"https:\/\/pistonaddict.com\/es\/#organization"},"potentialAction":[{"@type":"SearchAction","target":{"@type":"EntryPoint","urlTemplate":"https:\/\/pistonaddict.com\/es\/?s={search_term_string}"},"query-input":"required name=search_term_string"}],"inLanguage":"es"},{"@type":"Organization","@id":"https:\/\/pistonaddict.com\/es\/#organization","name":"Piston Addict","url":"https:\/\/pistonaddict.com\/es\/","logo":{"@type":"ImageObject","inLanguage":"es","@id":"https:\/\/pistonaddict.com\/es\/#\/schema\/logo\/image\/","url":"https:\/\/pistonaddict.com\/wp-content\/uploads\/2022\/07\/logo-6.png","contentUrl":"https:\/\/pistonaddict.com\/wp-content\/uploads\/2022\/07\/logo-6.png","width":970,"height":200,"caption":"Piston Addict"},"image":{"@id":"https:\/\/pistonaddict.com\/es\/#\/schema\/logo\/image\/"}}]}},"_links":{"self":[{"href":"https:\/\/pistonaddict.com\/es\/wp-json\/wp\/v2\/product\/108797"}],"collection":[{"href":"https:\/\/pistonaddict.com\/es\/wp-json\/wp\/v2\/product"}],"about":[{"href":"https:\/\/pistonaddict.com\/es\/wp-json\/wp\/v2\/types\/product"}],"replies":[{"embeddable":true,"href":"https:\/\/pistonaddict.com\/es\/wp-json\/wp\/v2\/comments?post=108797"}],"wp:featuredmedia":[{"embeddable":true,"href":"https:\/\/pistonaddict.com\/es\/wp-json\/wp\/v2\/media\/108768"}],"wp:attachment":[{"href":"https:\/\/pistonaddict.com\/es\/wp-json\/wp\/v2\/media?parent=108797"}],"wp:term":[{"taxonomy":"product_cat","embeddable":true,"href":"https:\/\/pistonaddict.com\/es\/wp-json\/wp\/v2\/product_cat?post=108797"},{"taxonomy":"product_tag","embeddable":true,"href":"https:\/\/pistonaddict.com\/es\/wp-json\/wp\/v2\/product_tag?post=108797"}],"curies":[{"name":"wp","href":"https:\/\/api.w.org\/{rel}","templated":true}]}}