{"id":104847,"date":"2024-05-21T11:33:26","date_gmt":"2024-05-21T09:33:26","guid":{"rendered":"https:\/\/pistonaddict.com\/product\/fisker-karma-2\/"},"modified":"2024-05-21T14:15:27","modified_gmt":"2024-05-21T12:15:27","slug":"fisker-karma-2","status":"publish","type":"product","link":"https:\/\/pistonaddict.com\/es\/product\/fisker-karma-2\/","title":{"rendered":"Fisker Karma"},"content":{"rendered":"<p><strong>Historia del coche<\/strong><\/p>\n<p>El Fisker Karma, testimonio del genio de Henrik Fisker, se present\u00f3 en 2011. Este veh\u00edculo el\u00e9ctrico h\u00edbrido enchufable (PHEV) no s\u00f3lo super\u00f3 los l\u00edmites del dise\u00f1o y la tecnolog\u00eda automovil\u00edsticos, sino que tambi\u00e9n conquist\u00f3 corazones con su impactante est\u00e9tica, su lujoso interior y su innovadora ingenier\u00eda. Aunque los h\u00edbridos no eran una novedad en aquel momento, el Karma redefini\u00f3 las percepciones, transform\u00e1ndolas de mundanas en aspiracionales. Fusiona a la perfecci\u00f3n rendimiento y sostenibilidad, haciendo que los h\u00edbridos sean respetuosos con el medio ambiente, elegantes y estimulantes de conducir. Propulsado por una potente combinaci\u00f3n de un motor de gasolina turboalimentado de 2,0 litros y dos motores el\u00e9ctricos, el Karma presum\u00eda de unas impresionantes cifras de rendimiento. Su aceleraci\u00f3n de 0 a 100 km\/h en s\u00f3lo 5,9 segundos y una velocidad m\u00e1xima superior a 200 km\/h mostraban su pedigr\u00ed de coche deportivo. Sin embargo, logr\u00f3 estas haza\u00f1as manteniendo una eficiencia de combustible encomiable. M\u00e1s all\u00e1 de sus prestaciones, el dise\u00f1o del Karma se convirti\u00f3 en su caracter\u00edstica definitoria. Sus elegantes l\u00edneas y su imponente presencia llamaban la atenci\u00f3n all\u00e1 por donde pasaba, gan\u00e1ndose la admiraci\u00f3n de los entusiastas del autom\u00f3vil de todo el mundo. Este modelo concreto, una iteraci\u00f3n de la segunda serie de 2013, ocupa un lugar de rareza y exclusividad. De los 2.349 Fisker Karmas fabricados, \u00e9ste en concreto se encuentra entre el lote final, con el n\u00famero de serie 2.259. Una joya rara, s\u00f3lo 188 veh\u00edculos en todo el mundo ostentan esta combinaci\u00f3n \u00fanica de color y llantas.<\/p>\n<p><strong>Condici\u00f3n<\/strong><\/p>\n<p>Con s\u00f3lo 82.080 km, acompa\u00f1ado de un completo historial de revisiones y s\u00f3lo un par de devotos propietarios, este Karma est\u00e1 en perfectas condiciones. En cuanto a la eficiencia del combustible, la afirmaci\u00f3n de Fisker de una autonom\u00eda s\u00f3lo el\u00e9ctrica superior a 80 km est\u00e1 bien fundamentada, lo que lo hace adecuado para los desplazamientos diarios. Adem\u00e1s, se obtienen cifras notables al utilizar gasolina y energ\u00eda el\u00e9ctrica, con una media de apenas 4,5 litros de combustible a los 100 km. Los posibles compradores apreciar\u00e1n el meticuloso mantenimiento de este veh\u00edculo, como demuestran los exhaustivos registros de servicio. Se realiz\u00f3 un cambio de aceite a finales de 2022, una revisi\u00f3n completa en marzo de 2024 y una revisi\u00f3n del sistema de frenos en mayo de 2024 para garantizar que este elegante Karma negro est\u00e9 en las mejores condiciones. Lo m\u00e1s importante que hay que mencionar es que la bater\u00eda hab\u00eda terminado en 2017, cuando el propietario actual compr\u00f3 el coche, lo que significa que los futuros propietarios tendr\u00e1n una experiencia de propiedad sin problemas.<\/p>\n<p><strong>Interior<\/strong><\/p>\n<p>La combinaci\u00f3n de cuero negro y Alc\u00e1ntara combina perfectamente con el exterior, pero lo m\u00e1s importante es que el interior est\u00e1 como nuevo, sin rasgaduras, da\u00f1os ni modificaciones. Los sistemas de infoentretenimiento y audio est\u00e1n presentes, y las puertas sin marco a\u00f1aden un toque deportivo y de coup\u00e9 a esta berlina. Debido a su construcci\u00f3n espec\u00edfica, el Karma se asienta bajo y proporciona a los pasajeros m\u00e1s espacio interior que sus competidores. Todas las caracter\u00edsticas, como los asientos calefactados, son funcionales y est\u00e1n en buen estado.<\/p>\n<p><strong>Exterior y ruedas<\/strong><\/p>\n<p>La pintura negra brillante est\u00e1 en perfecto estado, sin ara\u00f1azos, abolladuras ni da\u00f1os. El exclusivo techo solar est\u00e1 presente y es funcional, y sigue siendo una de las caracter\u00edsticas m\u00e1s notables de este modelo. Este Karma est\u00e1 equipado con llantas opcionales de 22 pulgadas envueltas en neum\u00e1ticos Pirelli en las ruedas delanteras y Goodyear en las traseras. Los neum\u00e1ticos delanteros se montaron en marzo de 2024 y est\u00e1n como nuevos. La \u00fanica reparaci\u00f3n realizada en el exterior es el reacondicionamiento de las ruedas de aspecto \u00fanico para que parezcan reci\u00e9n entregadas.<\/p>\n<p><strong>Documentaci\u00f3n<\/strong><\/p>\n<p>Este coche se encuentra en Suiza y lo vende un particular. El <a href=\"https:\/\/pistonaddict.com\/wp-content\/uploads\/2024\/05\/YH4K14AA4CA002259.pdf\">informe de CarVertical<\/a> est\u00e1 limpio; no hay pruebas de accidentes, reparaciones de accidentes, propiedad o problemas legales. Hay registros de mantenimiento peri\u00f3dico, facturas de venta y recibos. No hay garant\u00eda de f\u00e1brica disponible para este modelo.<\/p>\n<p><strong>Mira el v\u00eddeo de este precioso Fisker Karma :<\/strong><\/p>\n<p><iframe title=\"Video Tour of the Fisker Karma for auction sale\" width=\"1200\" height=\"675\" src=\"https:\/\/www.youtube.com\/embed\/xv_ZkvmcPKw?feature=oembed\" frameborder=\"0\" allow=\"accelerometer; autoplay; clipboard-write; encrypted-media; gyroscope; picture-in-picture; web-share\" referrerpolicy=\"strict-origin-when-cross-origin\" allowfullscreen><\/iframe><\/p>\n","protected":false},"excerpt":{"rendered":"<p>El Fisker Karma siempre ser\u00e1 recordado como uno de los m\u00e1s interesantes y uno de los primeros h\u00edbridos disponibles globalmente. Con su dise\u00f1o \u00fanico, su potente tren motriz, sus grandes prestaciones y sus baj\u00edsimas cifras de producci\u00f3n, el Karma es, de hecho, el primer coche de colecci\u00f3n de la era moderna EV\/H\u00edbrida. \u00bfUn cl\u00e1sico del futuro? Por supuesto.<\/p>\n","protected":false},"featured_media":104630,"comment_status":"open","ping_status":"closed","template":"","meta":{"inline_featured_image":false},"product_cat":[715],"product_tag":[4101,4102,1839,4103,919],"acf":[],"yoast_head":"<!-- This site is optimized with the Yoast SEO plugin v22.5 - https:\/\/yoast.com\/wordpress\/plugins\/seo\/ -->\n<title>Fisker Karma - nombre del Piston Addict<\/title>\n<meta name=\"robots\" content=\"index, follow, max-snippet:-1, max-image-preview:large, max-video-preview:-1\" \/>\n<link rel=\"canonical\" href=\"https:\/\/pistonaddict.com\/es\/product\/fisker-karma-2\/\" \/>\n<meta property=\"og:locale\" content=\"es_ES\" \/>\n<meta property=\"og:type\" content=\"article\" \/>\n<meta property=\"og:title\" content=\"Fisker Karma - nombre del Piston Addict\" \/>\n<meta property=\"og:description\" content=\"El Fisker Karma siempre ser\u00e1 recordado como uno de los m\u00e1s interesantes y uno de los primeros h\u00edbridos disponibles globalmente. Con su dise\u00f1o \u00fanico, su potente tren motriz, sus grandes prestaciones y sus baj\u00edsimas cifras de producci\u00f3n, el Karma es, de hecho, el primer coche de colecci\u00f3n de la era moderna EV\/H\u00edbrida. \u00bfUn cl\u00e1sico del futuro? Por supuesto.\" \/>\n<meta property=\"og:url\" content=\"https:\/\/pistonaddict.com\/es\/product\/fisker-karma-2\/\" \/>\n<meta property=\"og:site_name\" content=\"Piston Addict\" \/>\n<meta property=\"article:modified_time\" content=\"2024-05-21T12:15:27+00:00\" \/>\n<meta property=\"og:image\" content=\"https:\/\/pistonaddict.com\/wp-content\/uploads\/2024\/05\/IMG-20240321-WA0010.jpg\" \/>\n\t<meta property=\"og:image:width\" content=\"2000\" \/>\n\t<meta property=\"og:image:height\" content=\"1500\" \/>\n\t<meta property=\"og:image:type\" content=\"image\/jpeg\" \/>\n<meta name=\"twitter:card\" content=\"summary_large_image\" \/>\n<meta name=\"twitter:label1\" content=\"Tiempo de lectura\" \/>\n\t<meta name=\"twitter:data1\" content=\"4 minutos\" \/>\n<script type=\"application\/ld+json\" class=\"yoast-schema-graph\">{\"@context\":\"https:\/\/schema.org\",\"@graph\":[{\"@type\":\"WebPage\",\"@id\":\"https:\/\/pistonaddict.com\/es\/product\/fisker-karma-2\/\",\"url\":\"https:\/\/pistonaddict.com\/es\/product\/fisker-karma-2\/\",\"name\":\"Fisker Karma - nombre del Piston Addict\",\"isPartOf\":{\"@id\":\"https:\/\/pistonaddict.com\/es\/#website\"},\"primaryImageOfPage\":{\"@id\":\"https:\/\/pistonaddict.com\/es\/product\/fisker-karma-2\/#primaryimage\"},\"image\":{\"@id\":\"https:\/\/pistonaddict.com\/es\/product\/fisker-karma-2\/#primaryimage\"},\"thumbnailUrl\":\"https:\/\/pistonaddict.com\/wp-content\/uploads\/2024\/05\/IMG-20240321-WA0010.jpg\",\"datePublished\":\"2024-05-21T09:33:26+00:00\",\"dateModified\":\"2024-05-21T12:15:27+00:00\",\"breadcrumb\":{\"@id\":\"https:\/\/pistonaddict.com\/es\/product\/fisker-karma-2\/#breadcrumb\"},\"inLanguage\":\"es\",\"potentialAction\":[{\"@type\":\"ReadAction\",\"target\":[\"https:\/\/pistonaddict.com\/es\/product\/fisker-karma-2\/\"]}]},{\"@type\":\"ImageObject\",\"inLanguage\":\"es\",\"@id\":\"https:\/\/pistonaddict.com\/es\/product\/fisker-karma-2\/#primaryimage\",\"url\":\"https:\/\/pistonaddict.com\/wp-content\/uploads\/2024\/05\/IMG-20240321-WA0010.jpg\",\"contentUrl\":\"https:\/\/pistonaddict.com\/wp-content\/uploads\/2024\/05\/IMG-20240321-WA0010.jpg\",\"width\":2000,\"height\":1500},{\"@type\":\"BreadcrumbList\",\"@id\":\"https:\/\/pistonaddict.com\/es\/product\/fisker-karma-2\/#breadcrumb\",\"itemListElement\":[{\"@type\":\"ListItem\",\"position\":1,\"name\":\"bienvenida\",\"item\":\"https:\/\/pistonaddict.com\/es\/pagina-web\/\"},{\"@type\":\"ListItem\",\"position\":2,\"name\":\"Auctions\",\"item\":\"https:\/\/pistonaddict.com\/auctions-listing\/\"},{\"@type\":\"ListItem\",\"position\":3,\"name\":\"Fisker Karma\"}]},{\"@type\":\"WebSite\",\"@id\":\"https:\/\/pistonaddict.com\/es\/#website\",\"url\":\"https:\/\/pistonaddict.com\/es\/\",\"name\":\"Piston Addict\",\"description\":\"Only interesting vehicles\",\"publisher\":{\"@id\":\"https:\/\/pistonaddict.com\/es\/#organization\"},\"potentialAction\":[{\"@type\":\"SearchAction\",\"target\":{\"@type\":\"EntryPoint\",\"urlTemplate\":\"https:\/\/pistonaddict.com\/es\/?s={search_term_string}\"},\"query-input\":\"required name=search_term_string\"}],\"inLanguage\":\"es\"},{\"@type\":\"Organization\",\"@id\":\"https:\/\/pistonaddict.com\/es\/#organization\",\"name\":\"Piston Addict\",\"url\":\"https:\/\/pistonaddict.com\/es\/\",\"logo\":{\"@type\":\"ImageObject\",\"inLanguage\":\"es\",\"@id\":\"https:\/\/pistonaddict.com\/es\/#\/schema\/logo\/image\/\",\"url\":\"https:\/\/pistonaddict.com\/wp-content\/uploads\/2022\/07\/logo-6.png\",\"contentUrl\":\"https:\/\/pistonaddict.com\/wp-content\/uploads\/2022\/07\/logo-6.png\",\"width\":970,\"height\":200,\"caption\":\"Piston Addict\"},\"image\":{\"@id\":\"https:\/\/pistonaddict.com\/es\/#\/schema\/logo\/image\/\"}}]}<\/script>\n<!-- \/ Yoast SEO plugin. -->","yoast_head_json":{"title":"Fisker Karma - nombre del Piston Addict","robots":{"index":"index","follow":"follow","max-snippet":"max-snippet:-1","max-image-preview":"max-image-preview:large","max-video-preview":"max-video-preview:-1"},"canonical":"https:\/\/pistonaddict.com\/es\/product\/fisker-karma-2\/","og_locale":"es_ES","og_type":"article","og_title":"Fisker Karma - nombre del Piston Addict","og_description":"El Fisker Karma siempre ser\u00e1 recordado como uno de los m\u00e1s interesantes y uno de los primeros h\u00edbridos disponibles globalmente. Con su dise\u00f1o \u00fanico, su potente tren motriz, sus grandes prestaciones y sus baj\u00edsimas cifras de producci\u00f3n, el Karma es, de hecho, el primer coche de colecci\u00f3n de la era moderna EV\/H\u00edbrida. \u00bfUn cl\u00e1sico del futuro? Por supuesto.","og_url":"https:\/\/pistonaddict.com\/es\/product\/fisker-karma-2\/","og_site_name":"Piston Addict","article_modified_time":"2024-05-21T12:15:27+00:00","og_image":[{"width":2000,"height":1500,"url":"https:\/\/pistonaddict.com\/wp-content\/uploads\/2024\/05\/IMG-20240321-WA0010.jpg","type":"image\/jpeg"}],"twitter_card":"summary_large_image","twitter_misc":{"Tiempo de lectura":"4 minutos"},"schema":{"@context":"https:\/\/schema.org","@graph":[{"@type":"WebPage","@id":"https:\/\/pistonaddict.com\/es\/product\/fisker-karma-2\/","url":"https:\/\/pistonaddict.com\/es\/product\/fisker-karma-2\/","name":"Fisker Karma - nombre del Piston Addict","isPartOf":{"@id":"https:\/\/pistonaddict.com\/es\/#website"},"primaryImageOfPage":{"@id":"https:\/\/pistonaddict.com\/es\/product\/fisker-karma-2\/#primaryimage"},"image":{"@id":"https:\/\/pistonaddict.com\/es\/product\/fisker-karma-2\/#primaryimage"},"thumbnailUrl":"https:\/\/pistonaddict.com\/wp-content\/uploads\/2024\/05\/IMG-20240321-WA0010.jpg","datePublished":"2024-05-21T09:33:26+00:00","dateModified":"2024-05-21T12:15:27+00:00","breadcrumb":{"@id":"https:\/\/pistonaddict.com\/es\/product\/fisker-karma-2\/#breadcrumb"},"inLanguage":"es","potentialAction":[{"@type":"ReadAction","target":["https:\/\/pistonaddict.com\/es\/product\/fisker-karma-2\/"]}]},{"@type":"ImageObject","inLanguage":"es","@id":"https:\/\/pistonaddict.com\/es\/product\/fisker-karma-2\/#primaryimage","url":"https:\/\/pistonaddict.com\/wp-content\/uploads\/2024\/05\/IMG-20240321-WA0010.jpg","contentUrl":"https:\/\/pistonaddict.com\/wp-content\/uploads\/2024\/05\/IMG-20240321-WA0010.jpg","width":2000,"height":1500},{"@type":"BreadcrumbList","@id":"https:\/\/pistonaddict.com\/es\/product\/fisker-karma-2\/#breadcrumb","itemListElement":[{"@type":"ListItem","position":1,"name":"bienvenida","item":"https:\/\/pistonaddict.com\/es\/pagina-web\/"},{"@type":"ListItem","position":2,"name":"Auctions","item":"https:\/\/pistonaddict.com\/auctions-listing\/"},{"@type":"ListItem","position":3,"name":"Fisker Karma"}]},{"@type":"WebSite","@id":"https:\/\/pistonaddict.com\/es\/#website","url":"https:\/\/pistonaddict.com\/es\/","name":"Piston Addict","description":"Only interesting vehicles","publisher":{"@id":"https:\/\/pistonaddict.com\/es\/#organization"},"potentialAction":[{"@type":"SearchAction","target":{"@type":"EntryPoint","urlTemplate":"https:\/\/pistonaddict.com\/es\/?s={search_term_string}"},"query-input":"required name=search_term_string"}],"inLanguage":"es"},{"@type":"Organization","@id":"https:\/\/pistonaddict.com\/es\/#organization","name":"Piston Addict","url":"https:\/\/pistonaddict.com\/es\/","logo":{"@type":"ImageObject","inLanguage":"es","@id":"https:\/\/pistonaddict.com\/es\/#\/schema\/logo\/image\/","url":"https:\/\/pistonaddict.com\/wp-content\/uploads\/2022\/07\/logo-6.png","contentUrl":"https:\/\/pistonaddict.com\/wp-content\/uploads\/2022\/07\/logo-6.png","width":970,"height":200,"caption":"Piston Addict"},"image":{"@id":"https:\/\/pistonaddict.com\/es\/#\/schema\/logo\/image\/"}}]}},"_links":{"self":[{"href":"https:\/\/pistonaddict.com\/es\/wp-json\/wp\/v2\/product\/104847"}],"collection":[{"href":"https:\/\/pistonaddict.com\/es\/wp-json\/wp\/v2\/product"}],"about":[{"href":"https:\/\/pistonaddict.com\/es\/wp-json\/wp\/v2\/types\/product"}],"replies":[{"embeddable":true,"href":"https:\/\/pistonaddict.com\/es\/wp-json\/wp\/v2\/comments?post=104847"}],"wp:featuredmedia":[{"embeddable":true,"href":"https:\/\/pistonaddict.com\/es\/wp-json\/wp\/v2\/media\/104630"}],"wp:attachment":[{"href":"https:\/\/pistonaddict.com\/es\/wp-json\/wp\/v2\/media?parent=104847"}],"wp:term":[{"taxonomy":"product_cat","embeddable":true,"href":"https:\/\/pistonaddict.com\/es\/wp-json\/wp\/v2\/product_cat?post=104847"},{"taxonomy":"product_tag","embeddable":true,"href":"https:\/\/pistonaddict.com\/es\/wp-json\/wp\/v2\/product_tag?post=104847"}],"curies":[{"name":"wp","href":"https:\/\/api.w.org\/{rel}","templated":true}]}}