{"id":104256,"date":"2024-05-17T11:16:20","date_gmt":"2024-05-17T09:16:20","guid":{"rendered":"https:\/\/pistonaddict.com\/product\/1979-pontiac-bonneville-brougham\/"},"modified":"2024-05-17T15:57:24","modified_gmt":"2024-05-17T13:57:24","slug":"1979-pontiac-bonneville-brougham","status":"publish","type":"product","link":"https:\/\/pistonaddict.com\/es\/product\/1979-pontiac-bonneville-brougham\/","title":{"rendered":"1979 Pontiac Bonneville Brougham"},"content":{"rendered":"<p><strong>Historia del coche<\/strong><\/p>\n<p>En la nomenclatura de GM, el Pontiac Bonneville ocupaba un lugar especial. Aunque estaba estrechamente emparentado con los m\u00e1s mundanos Chevrolet Impala y Caprice, sus rasgos de dise\u00f1o exclusivos, su lujo de alta gama y sus prestaciones lo diferenciaban claramente del resto de la raza. Desde que se present\u00f3 el primer modelo Bonneville en 1958, esta marca ha tenido un encanto especial entre los aficionados a los coches estadounidenses. A pesar de ser menos potente que sus predecesores, el Bonneville de 1979 se consideraba una de las mejores berlinas del mercado y la mejor elecci\u00f3n para los entusiastas exigentes que desean una mezcla de lujo y prestaciones. Esta sexta generaci\u00f3n se introdujo en 1977 y se vendi\u00f3 hasta 1981, antes de que GM la sustituyera por un modelo m\u00e1s peque\u00f1o y no tan atractivo. Por eso esta Bonneville en concreto es tan interesante. No s\u00f3lo es una de las \u00faltimas berlinas Pontiac aut\u00e9nticas, sino que adem\u00e1s es un ejemplar con una historia \u00fanica y est\u00e1 en un estado impecable. Al tratarse de un Bonneville Brougham (modelo de gama alta), tambi\u00e9n es bastante raro, y Pontiac s\u00f3lo fabric\u00f3 unos 17.300 ejemplares ese a\u00f1o. Bajo el cap\u00f3 hay un 350 V8 (5,7 litros) opcional con 170 CV acoplado a una transmisi\u00f3n autom\u00e1tica de 4 velocidades.<\/p>\n<p>Este ejemplar en particular se vendi\u00f3 originalmente en M\u00e9xico en 1979 e inmediatamente despu\u00e9s se import\u00f3 a Espa\u00f1a. Por eso tiene un veloc\u00edmetro en kil\u00f3metros y otros detalles espec\u00edficos. El propietario lo import\u00f3 y lo utiliz\u00f3 espor\u00e1dicamente, por lo que el coche s\u00f3lo recorri\u00f3 31.000 kil\u00f3metros. El propietario actual lo adquiri\u00f3 en 2019 a la familia del propietario original y restaur\u00f3 el veh\u00edculo (trabajo de pintura y pocos detalles), lo que llev\u00f3 a esta codiciada berlina a un estado nuevo.<\/p>\n<p><strong>Interior<\/strong><\/p>\n<p>Cuando te sientes al volante de un Pontiac Bonneville 1979, tus ideas de lo que es un interior de lujo cambiar\u00e1n inmediatamente. Los enormes y c\u00f3modos asientos de terciopelo, el gran espacio interior, los detalles cromados y el silencio son incomparables incluso con muchos coches de nunca jam\u00e1s. La tapicer\u00eda y las alfombrillas de color caramelo combinan a la perfecci\u00f3n con las inserciones de madera veteada y el color exterior, y es un ejemplo de la est\u00e9tica de Detroit de finales de los 70. Tambi\u00e9n es un veh\u00edculo bien equipado, con elevalunas y retrovisores el\u00e9ctricos, aire acondicionado autom\u00e1tico convertido a gas moderno, equipo de m\u00fasica y control de crucero. Todo es totalmente funcional y sin ning\u00fan da\u00f1o.<\/p>\n<p><strong>Estado del coche<\/strong><\/p>\n<p>Con 31.619 kil\u00f3metros exactos en el cuentakil\u00f3metros, este Bonneville Brougham siempre estuvo guardado en el garaje y bajo una funda exclusiva cuando no se utilizaba. Debido al reciente repintado en su color original, podemos decir con seguridad que el veh\u00edculo est\u00e1 como nuevo. Los detalles cromados est\u00e1n brillantes; todas las molduras est\u00e1n en perfecto estado, con llantas originales y neum\u00e1ticos correctos de \u00e9poca. El coche se revis\u00f3, se cambi\u00f3 el aceite y se revisaron los frenos en abril de 2024, mientras que en 2021 se realizaron algunos trabajos el\u00e9ctricos. Teniendo en cuenta el kilometraje, el estado y la providencia, \u00e9ste podr\u00eda ser el mejor Bonneville Brougham de 1979. Este coche ha pasado la inspecci\u00f3n t\u00e9cnica ITV que es v\u00e1lida hasta 2028.<\/p>\n<p><strong>Exterior Y Ruedas<\/strong><\/p>\n<p>La carrocer\u00eda est\u00e1 impecable tras una nueva pintura profesional y correcta en el color original. El repintado fue un \u00e9xito, ya que la carrocer\u00eda estaba perfectamente conservada, sin corrosi\u00f3n, da\u00f1os ni reparaciones. Con llantas de alambre originales, el propietario mont\u00f3 los caracter\u00edsticos y originales neum\u00e1ticos de banda blanca en 2021.<\/p>\n<p><strong>Documentaci\u00f3n<\/strong><\/p>\n<p>El veh\u00edculo se encuentra en Espa\u00f1a y viene con un extenso archivo de documentaci\u00f3n, que incluye recibos del mantenimiento, documentaci\u00f3n de la inspecci\u00f3n espa\u00f1ola de veh\u00edculos, homologaci\u00f3n como coche cl\u00e1sico, etc. No hay registros de da\u00f1os, recuperaci\u00f3n de robos ni reclamaciones al seguro. La documentaci\u00f3n cubre el veh\u00edculo desde el primer d\u00eda y est\u00e1 llena de pruebas de un cuidado excepcional.<\/p>\n<p><strong>Comprueba el v\u00eddeo de arranque en fr\u00edo de este inmaculado Pontiac Bonneville de 1979 :<\/strong><\/p>\n<p><iframe title=\"Cold Start Video of the incredible 1979 Pontiac Bonneville\" width=\"1200\" height=\"675\" src=\"https:\/\/www.youtube.com\/embed\/6DKO8uhEkN8?feature=oembed\" frameborder=\"0\" allow=\"accelerometer; autoplay; clipboard-write; encrypted-media; gyroscope; picture-in-picture; web-share\" referrerpolicy=\"strict-origin-when-cross-origin\" allowfullscreen><\/iframe><\/p>\n","protected":false},"excerpt":{"rendered":"<p>En la historia del autom\u00f3vil, Pontiac ser\u00e1 recordada como la marca excitante de GM, con una l\u00ednea de potentes muscle cars, formas elegantes y dise\u00f1os innovadores. El Bonneville de 1979 se sit\u00faa en lo m\u00e1s alto de la gama de modelos y marca el final de una era para las berlinas de tama\u00f1o completo. Con un estilo inigualable, mucho espacio y una serie de caracter\u00edsticas de lujo, esta berlina es un excelente ejemplo de autom\u00f3vil cl\u00e1sico americano.<\/p>\n","protected":false},"featured_media":104299,"comment_status":"open","ping_status":"closed","template":"","meta":{"inline_featured_image":false},"product_cat":[715],"product_tag":[4009,4034,919],"acf":[],"yoast_head":"<!-- This site is optimized with the Yoast SEO plugin v22.5 - https:\/\/yoast.com\/wordpress\/plugins\/seo\/ -->\n<title>1979 Pontiac Bonneville Brougham - nombre del Piston Addict<\/title>\n<meta name=\"robots\" content=\"index, follow, max-snippet:-1, max-image-preview:large, max-video-preview:-1\" \/>\n<link rel=\"canonical\" href=\"https:\/\/pistonaddict.com\/es\/product\/1979-pontiac-bonneville-brougham\/\" \/>\n<meta property=\"og:locale\" content=\"es_ES\" \/>\n<meta property=\"og:type\" content=\"article\" \/>\n<meta property=\"og:title\" content=\"1979 Pontiac Bonneville Brougham - nombre del Piston Addict\" \/>\n<meta property=\"og:description\" content=\"En la historia del autom\u00f3vil, Pontiac ser\u00e1 recordada como la marca excitante de GM, con una l\u00ednea de potentes muscle cars, formas elegantes y dise\u00f1os innovadores. El Bonneville de 1979 se sit\u00faa en lo m\u00e1s alto de la gama de modelos y marca el final de una era para las berlinas de tama\u00f1o completo. Con un estilo inigualable, mucho espacio y una serie de caracter\u00edsticas de lujo, esta berlina es un excelente ejemplo de autom\u00f3vil cl\u00e1sico americano.\" \/>\n<meta property=\"og:url\" content=\"https:\/\/pistonaddict.com\/es\/product\/1979-pontiac-bonneville-brougham\/\" \/>\n<meta property=\"og:site_name\" content=\"Piston Addict\" \/>\n<meta property=\"article:modified_time\" content=\"2024-05-17T13:57:24+00:00\" \/>\n<meta property=\"og:image\" content=\"https:\/\/pistonaddict.com\/wp-content\/uploads\/2024\/05\/5a7bfe0d-cda7-49a4-89d2-85a67cfe2d90-1.jpg\" \/>\n\t<meta property=\"og:image:width\" content=\"2016\" \/>\n\t<meta property=\"og:image:height\" content=\"1134\" \/>\n\t<meta property=\"og:image:type\" content=\"image\/jpeg\" \/>\n<meta name=\"twitter:card\" content=\"summary_large_image\" \/>\n<meta name=\"twitter:label1\" content=\"Tiempo de lectura\" \/>\n\t<meta name=\"twitter:data1\" content=\"4 minutos\" \/>\n<script type=\"application\/ld+json\" class=\"yoast-schema-graph\">{\"@context\":\"https:\/\/schema.org\",\"@graph\":[{\"@type\":\"WebPage\",\"@id\":\"https:\/\/pistonaddict.com\/es\/product\/1979-pontiac-bonneville-brougham\/\",\"url\":\"https:\/\/pistonaddict.com\/es\/product\/1979-pontiac-bonneville-brougham\/\",\"name\":\"1979 Pontiac Bonneville Brougham - nombre del Piston Addict\",\"isPartOf\":{\"@id\":\"https:\/\/pistonaddict.com\/es\/#website\"},\"primaryImageOfPage\":{\"@id\":\"https:\/\/pistonaddict.com\/es\/product\/1979-pontiac-bonneville-brougham\/#primaryimage\"},\"image\":{\"@id\":\"https:\/\/pistonaddict.com\/es\/product\/1979-pontiac-bonneville-brougham\/#primaryimage\"},\"thumbnailUrl\":\"https:\/\/pistonaddict.com\/wp-content\/uploads\/2024\/05\/5a7bfe0d-cda7-49a4-89d2-85a67cfe2d90-1.jpg\",\"datePublished\":\"2024-05-17T09:16:20+00:00\",\"dateModified\":\"2024-05-17T13:57:24+00:00\",\"breadcrumb\":{\"@id\":\"https:\/\/pistonaddict.com\/es\/product\/1979-pontiac-bonneville-brougham\/#breadcrumb\"},\"inLanguage\":\"es\",\"potentialAction\":[{\"@type\":\"ReadAction\",\"target\":[\"https:\/\/pistonaddict.com\/es\/product\/1979-pontiac-bonneville-brougham\/\"]}]},{\"@type\":\"ImageObject\",\"inLanguage\":\"es\",\"@id\":\"https:\/\/pistonaddict.com\/es\/product\/1979-pontiac-bonneville-brougham\/#primaryimage\",\"url\":\"https:\/\/pistonaddict.com\/wp-content\/uploads\/2024\/05\/5a7bfe0d-cda7-49a4-89d2-85a67cfe2d90-1.jpg\",\"contentUrl\":\"https:\/\/pistonaddict.com\/wp-content\/uploads\/2024\/05\/5a7bfe0d-cda7-49a4-89d2-85a67cfe2d90-1.jpg\",\"width\":2016,\"height\":1134},{\"@type\":\"BreadcrumbList\",\"@id\":\"https:\/\/pistonaddict.com\/es\/product\/1979-pontiac-bonneville-brougham\/#breadcrumb\",\"itemListElement\":[{\"@type\":\"ListItem\",\"position\":1,\"name\":\"bienvenida\",\"item\":\"https:\/\/pistonaddict.com\/es\/pagina-web\/\"},{\"@type\":\"ListItem\",\"position\":2,\"name\":\"Auctions\",\"item\":\"https:\/\/pistonaddict.com\/auctions-listing\/\"},{\"@type\":\"ListItem\",\"position\":3,\"name\":\"1979 Pontiac Bonneville Brougham\"}]},{\"@type\":\"WebSite\",\"@id\":\"https:\/\/pistonaddict.com\/es\/#website\",\"url\":\"https:\/\/pistonaddict.com\/es\/\",\"name\":\"Piston Addict\",\"description\":\"Only interesting vehicles\",\"publisher\":{\"@id\":\"https:\/\/pistonaddict.com\/es\/#organization\"},\"potentialAction\":[{\"@type\":\"SearchAction\",\"target\":{\"@type\":\"EntryPoint\",\"urlTemplate\":\"https:\/\/pistonaddict.com\/es\/?s={search_term_string}\"},\"query-input\":\"required name=search_term_string\"}],\"inLanguage\":\"es\"},{\"@type\":\"Organization\",\"@id\":\"https:\/\/pistonaddict.com\/es\/#organization\",\"name\":\"Piston Addict\",\"url\":\"https:\/\/pistonaddict.com\/es\/\",\"logo\":{\"@type\":\"ImageObject\",\"inLanguage\":\"es\",\"@id\":\"https:\/\/pistonaddict.com\/es\/#\/schema\/logo\/image\/\",\"url\":\"https:\/\/pistonaddict.com\/wp-content\/uploads\/2022\/07\/logo-6.png\",\"contentUrl\":\"https:\/\/pistonaddict.com\/wp-content\/uploads\/2022\/07\/logo-6.png\",\"width\":970,\"height\":200,\"caption\":\"Piston Addict\"},\"image\":{\"@id\":\"https:\/\/pistonaddict.com\/es\/#\/schema\/logo\/image\/\"}}]}<\/script>\n<!-- \/ Yoast SEO plugin. -->","yoast_head_json":{"title":"1979 Pontiac Bonneville Brougham - nombre del Piston Addict","robots":{"index":"index","follow":"follow","max-snippet":"max-snippet:-1","max-image-preview":"max-image-preview:large","max-video-preview":"max-video-preview:-1"},"canonical":"https:\/\/pistonaddict.com\/es\/product\/1979-pontiac-bonneville-brougham\/","og_locale":"es_ES","og_type":"article","og_title":"1979 Pontiac Bonneville Brougham - nombre del Piston Addict","og_description":"En la historia del autom\u00f3vil, Pontiac ser\u00e1 recordada como la marca excitante de GM, con una l\u00ednea de potentes muscle cars, formas elegantes y dise\u00f1os innovadores. El Bonneville de 1979 se sit\u00faa en lo m\u00e1s alto de la gama de modelos y marca el final de una era para las berlinas de tama\u00f1o completo. Con un estilo inigualable, mucho espacio y una serie de caracter\u00edsticas de lujo, esta berlina es un excelente ejemplo de autom\u00f3vil cl\u00e1sico americano.","og_url":"https:\/\/pistonaddict.com\/es\/product\/1979-pontiac-bonneville-brougham\/","og_site_name":"Piston Addict","article_modified_time":"2024-05-17T13:57:24+00:00","og_image":[{"width":2016,"height":1134,"url":"https:\/\/pistonaddict.com\/wp-content\/uploads\/2024\/05\/5a7bfe0d-cda7-49a4-89d2-85a67cfe2d90-1.jpg","type":"image\/jpeg"}],"twitter_card":"summary_large_image","twitter_misc":{"Tiempo de lectura":"4 minutos"},"schema":{"@context":"https:\/\/schema.org","@graph":[{"@type":"WebPage","@id":"https:\/\/pistonaddict.com\/es\/product\/1979-pontiac-bonneville-brougham\/","url":"https:\/\/pistonaddict.com\/es\/product\/1979-pontiac-bonneville-brougham\/","name":"1979 Pontiac Bonneville Brougham - nombre del Piston Addict","isPartOf":{"@id":"https:\/\/pistonaddict.com\/es\/#website"},"primaryImageOfPage":{"@id":"https:\/\/pistonaddict.com\/es\/product\/1979-pontiac-bonneville-brougham\/#primaryimage"},"image":{"@id":"https:\/\/pistonaddict.com\/es\/product\/1979-pontiac-bonneville-brougham\/#primaryimage"},"thumbnailUrl":"https:\/\/pistonaddict.com\/wp-content\/uploads\/2024\/05\/5a7bfe0d-cda7-49a4-89d2-85a67cfe2d90-1.jpg","datePublished":"2024-05-17T09:16:20+00:00","dateModified":"2024-05-17T13:57:24+00:00","breadcrumb":{"@id":"https:\/\/pistonaddict.com\/es\/product\/1979-pontiac-bonneville-brougham\/#breadcrumb"},"inLanguage":"es","potentialAction":[{"@type":"ReadAction","target":["https:\/\/pistonaddict.com\/es\/product\/1979-pontiac-bonneville-brougham\/"]}]},{"@type":"ImageObject","inLanguage":"es","@id":"https:\/\/pistonaddict.com\/es\/product\/1979-pontiac-bonneville-brougham\/#primaryimage","url":"https:\/\/pistonaddict.com\/wp-content\/uploads\/2024\/05\/5a7bfe0d-cda7-49a4-89d2-85a67cfe2d90-1.jpg","contentUrl":"https:\/\/pistonaddict.com\/wp-content\/uploads\/2024\/05\/5a7bfe0d-cda7-49a4-89d2-85a67cfe2d90-1.jpg","width":2016,"height":1134},{"@type":"BreadcrumbList","@id":"https:\/\/pistonaddict.com\/es\/product\/1979-pontiac-bonneville-brougham\/#breadcrumb","itemListElement":[{"@type":"ListItem","position":1,"name":"bienvenida","item":"https:\/\/pistonaddict.com\/es\/pagina-web\/"},{"@type":"ListItem","position":2,"name":"Auctions","item":"https:\/\/pistonaddict.com\/auctions-listing\/"},{"@type":"ListItem","position":3,"name":"1979 Pontiac Bonneville Brougham"}]},{"@type":"WebSite","@id":"https:\/\/pistonaddict.com\/es\/#website","url":"https:\/\/pistonaddict.com\/es\/","name":"Piston Addict","description":"Only interesting vehicles","publisher":{"@id":"https:\/\/pistonaddict.com\/es\/#organization"},"potentialAction":[{"@type":"SearchAction","target":{"@type":"EntryPoint","urlTemplate":"https:\/\/pistonaddict.com\/es\/?s={search_term_string}"},"query-input":"required name=search_term_string"}],"inLanguage":"es"},{"@type":"Organization","@id":"https:\/\/pistonaddict.com\/es\/#organization","name":"Piston Addict","url":"https:\/\/pistonaddict.com\/es\/","logo":{"@type":"ImageObject","inLanguage":"es","@id":"https:\/\/pistonaddict.com\/es\/#\/schema\/logo\/image\/","url":"https:\/\/pistonaddict.com\/wp-content\/uploads\/2022\/07\/logo-6.png","contentUrl":"https:\/\/pistonaddict.com\/wp-content\/uploads\/2022\/07\/logo-6.png","width":970,"height":200,"caption":"Piston Addict"},"image":{"@id":"https:\/\/pistonaddict.com\/es\/#\/schema\/logo\/image\/"}}]}},"_links":{"self":[{"href":"https:\/\/pistonaddict.com\/es\/wp-json\/wp\/v2\/product\/104256"}],"collection":[{"href":"https:\/\/pistonaddict.com\/es\/wp-json\/wp\/v2\/product"}],"about":[{"href":"https:\/\/pistonaddict.com\/es\/wp-json\/wp\/v2\/types\/product"}],"replies":[{"embeddable":true,"href":"https:\/\/pistonaddict.com\/es\/wp-json\/wp\/v2\/comments?post=104256"}],"wp:featuredmedia":[{"embeddable":true,"href":"https:\/\/pistonaddict.com\/es\/wp-json\/wp\/v2\/media\/104299"}],"wp:attachment":[{"href":"https:\/\/pistonaddict.com\/es\/wp-json\/wp\/v2\/media?parent=104256"}],"wp:term":[{"taxonomy":"product_cat","embeddable":true,"href":"https:\/\/pistonaddict.com\/es\/wp-json\/wp\/v2\/product_cat?post=104256"},{"taxonomy":"product_tag","embeddable":true,"href":"https:\/\/pistonaddict.com\/es\/wp-json\/wp\/v2\/product_tag?post=104256"}],"curies":[{"name":"wp","href":"https:\/\/api.w.org\/{rel}","templated":true}]}}