{"id":51266,"date":"2022-04-28T09:17:25","date_gmt":"2022-04-28T07:17:25","guid":{"rendered":"https:\/\/pistonaddict.com\/pagina-web\/"},"modified":"2024-05-17T17:26:11","modified_gmt":"2024-05-17T15:26:11","slug":"pagina-web","status":"publish","type":"page","link":"https:\/\/pistonaddict.com\/es\/","title":{"rendered":"P\u00e1gina web"},"content":{"rendered":"","protected":false},"excerpt":{"rendered":"","protected":false},"author":1,"featured_media":0,"parent":0,"menu_order":0,"comment_status":"closed","ping_status":"closed","template":"template-parts\/tpl-accueil.php","meta":{"inline_featured_image":false,"footnotes":""},"acf":[],"yoast_head":"<!-- This site is optimized with the Yoast SEO plugin v22.5 - https:\/\/yoast.com\/wordpress\/plugins\/seo\/ -->\n<title>Piston Addict : Mercado de subastas de coches online<\/title>\n<meta name=\"description\" content=\"Piston Addict auctions es el mercado internacional de veh\u00edculos cl\u00e1sicos y de \u00e9poca. Vende y compra en subastas el veh\u00edculo de tus sue\u00f1os en Piston Addict, s\u00f3lo veh\u00edculos interesantes, desde motos de \u00e9poca hasta hipercoches. Tambi\u00e9n puedes informarte sobre tu pr\u00f3ximo veh\u00edculo con los art\u00edculos de coches de Piston Addict escritos por nuestros periodistas de automoci\u00f3n y hacer preguntas a la comunidad de Piston Addict.\" \/>\n<meta name=\"robots\" content=\"index, follow, max-snippet:-1, max-image-preview:large, max-video-preview:-1\" \/>\n<link rel=\"canonical\" href=\"https:\/\/pistonaddict.com\/es\/\" \/>\n<meta property=\"og:locale\" content=\"es_ES\" \/>\n<meta property=\"og:type\" content=\"article\" \/>\n<meta property=\"og:title\" content=\"Piston Addict : Mercado de subastas de coches online\" \/>\n<meta property=\"og:description\" content=\"Piston Addict auctions es el mercado internacional de veh\u00edculos cl\u00e1sicos y de \u00e9poca. Vende y compra en subastas el veh\u00edculo de tus sue\u00f1os en Piston Addict, s\u00f3lo veh\u00edculos interesantes, desde motos de \u00e9poca hasta hipercoches. Tambi\u00e9n puedes informarte sobre tu pr\u00f3ximo veh\u00edculo con los art\u00edculos de coches de Piston Addict escritos por nuestros periodistas de automoci\u00f3n y hacer preguntas a la comunidad de Piston Addict.\" \/>\n<meta property=\"og:url\" content=\"https:\/\/pistonaddict.com\/es\/\" \/>\n<meta property=\"og:site_name\" content=\"Piston Addict\" \/>\n<meta property=\"article:modified_time\" content=\"2024-05-17T15:26:11+00:00\" \/>\n<meta name=\"twitter:card\" content=\"summary_large_image\" \/>\n<script type=\"application\/ld+json\" class=\"yoast-schema-graph\">{\"@context\":\"https:\/\/schema.org\",\"@graph\":[{\"@type\":\"WebPage\",\"@id\":\"https:\/\/pistonaddict.com\/es\/\",\"url\":\"https:\/\/pistonaddict.com\/es\/\",\"name\":\"Piston Addict : Mercado de subastas de coches online\",\"isPartOf\":{\"@id\":\"https:\/\/pistonaddict.com\/es\/#website\"},\"datePublished\":\"2022-04-28T07:17:25+00:00\",\"dateModified\":\"2024-05-17T15:26:11+00:00\",\"description\":\"Piston Addict auctions es el mercado internacional de veh\u00edculos cl\u00e1sicos y de \u00e9poca. Vende y compra en subastas el veh\u00edculo de tus sue\u00f1os en Piston Addict, s\u00f3lo veh\u00edculos interesantes, desde motos de \u00e9poca hasta hipercoches. Tambi\u00e9n puedes informarte sobre tu pr\u00f3ximo veh\u00edculo con los art\u00edculos de coches de Piston Addict escritos por nuestros periodistas de automoci\u00f3n y hacer preguntas a la comunidad de Piston Addict.\",\"breadcrumb\":{\"@id\":\"https:\/\/pistonaddict.com\/es\/#breadcrumb\"},\"inLanguage\":\"es\",\"potentialAction\":[{\"@type\":\"ReadAction\",\"target\":[\"https:\/\/pistonaddict.com\/es\/\"]}]},{\"@type\":\"BreadcrumbList\",\"@id\":\"https:\/\/pistonaddict.com\/es\/#breadcrumb\",\"itemListElement\":[{\"@type\":\"ListItem\",\"position\":1,\"name\":\"bienvenida\",\"item\":\"https:\/\/pistonaddict.com\/es\/pagina-web\/\"},{\"@type\":\"ListItem\",\"position\":2,\"name\":\"P\u00e1gina web\"}]},{\"@type\":\"WebSite\",\"@id\":\"https:\/\/pistonaddict.com\/es\/#website\",\"url\":\"https:\/\/pistonaddict.com\/es\/\",\"name\":\"Piston Addict\",\"description\":\"Only interesting vehicles\",\"publisher\":{\"@id\":\"https:\/\/pistonaddict.com\/es\/#organization\"},\"potentialAction\":[{\"@type\":\"SearchAction\",\"target\":{\"@type\":\"EntryPoint\",\"urlTemplate\":\"https:\/\/pistonaddict.com\/es\/?s={search_term_string}\"},\"query-input\":\"required name=search_term_string\"}],\"inLanguage\":\"es\"},{\"@type\":\"Organization\",\"@id\":\"https:\/\/pistonaddict.com\/es\/#organization\",\"name\":\"Piston Addict\",\"url\":\"https:\/\/pistonaddict.com\/es\/\",\"logo\":{\"@type\":\"ImageObject\",\"inLanguage\":\"es\",\"@id\":\"https:\/\/pistonaddict.com\/es\/#\/schema\/logo\/image\/\",\"url\":\"https:\/\/pistonaddict.com\/wp-content\/uploads\/2022\/07\/logo-6.png\",\"contentUrl\":\"https:\/\/pistonaddict.com\/wp-content\/uploads\/2022\/07\/logo-6.png\",\"width\":970,\"height\":200,\"caption\":\"Piston Addict\"},\"image\":{\"@id\":\"https:\/\/pistonaddict.com\/es\/#\/schema\/logo\/image\/\"}}]}<\/script>\n<!-- \/ Yoast SEO plugin. -->","yoast_head_json":{"title":"Piston Addict : Mercado de subastas de coches online","description":"Piston Addict auctions es el mercado internacional de veh\u00edculos cl\u00e1sicos y de \u00e9poca. Vende y compra en subastas el veh\u00edculo de tus sue\u00f1os en Piston Addict, s\u00f3lo veh\u00edculos interesantes, desde motos de \u00e9poca hasta hipercoches. Tambi\u00e9n puedes informarte sobre tu pr\u00f3ximo veh\u00edculo con los art\u00edculos de coches de Piston Addict escritos por nuestros periodistas de automoci\u00f3n y hacer preguntas a la comunidad de Piston Addict.","robots":{"index":"index","follow":"follow","max-snippet":"max-snippet:-1","max-image-preview":"max-image-preview:large","max-video-preview":"max-video-preview:-1"},"canonical":"https:\/\/pistonaddict.com\/es\/","og_locale":"es_ES","og_type":"article","og_title":"Piston Addict : Mercado de subastas de coches online","og_description":"Piston Addict auctions es el mercado internacional de veh\u00edculos cl\u00e1sicos y de \u00e9poca. Vende y compra en subastas el veh\u00edculo de tus sue\u00f1os en Piston Addict, s\u00f3lo veh\u00edculos interesantes, desde motos de \u00e9poca hasta hipercoches. Tambi\u00e9n puedes informarte sobre tu pr\u00f3ximo veh\u00edculo con los art\u00edculos de coches de Piston Addict escritos por nuestros periodistas de automoci\u00f3n y hacer preguntas a la comunidad de Piston Addict.","og_url":"https:\/\/pistonaddict.com\/es\/","og_site_name":"Piston Addict","article_modified_time":"2024-05-17T15:26:11+00:00","twitter_card":"summary_large_image","schema":{"@context":"https:\/\/schema.org","@graph":[{"@type":"WebPage","@id":"https:\/\/pistonaddict.com\/es\/","url":"https:\/\/pistonaddict.com\/es\/","name":"Piston Addict : Mercado de subastas de coches online","isPartOf":{"@id":"https:\/\/pistonaddict.com\/es\/#website"},"datePublished":"2022-04-28T07:17:25+00:00","dateModified":"2024-05-17T15:26:11+00:00","description":"Piston Addict auctions es el mercado internacional de veh\u00edculos cl\u00e1sicos y de \u00e9poca. Vende y compra en subastas el veh\u00edculo de tus sue\u00f1os en Piston Addict, s\u00f3lo veh\u00edculos interesantes, desde motos de \u00e9poca hasta hipercoches. Tambi\u00e9n puedes informarte sobre tu pr\u00f3ximo veh\u00edculo con los art\u00edculos de coches de Piston Addict escritos por nuestros periodistas de automoci\u00f3n y hacer preguntas a la comunidad de Piston Addict.","breadcrumb":{"@id":"https:\/\/pistonaddict.com\/es\/#breadcrumb"},"inLanguage":"es","potentialAction":[{"@type":"ReadAction","target":["https:\/\/pistonaddict.com\/es\/"]}]},{"@type":"BreadcrumbList","@id":"https:\/\/pistonaddict.com\/es\/#breadcrumb","itemListElement":[{"@type":"ListItem","position":1,"name":"bienvenida","item":"https:\/\/pistonaddict.com\/es\/pagina-web\/"},{"@type":"ListItem","position":2,"name":"P\u00e1gina web"}]},{"@type":"WebSite","@id":"https:\/\/pistonaddict.com\/es\/#website","url":"https:\/\/pistonaddict.com\/es\/","name":"Piston Addict","description":"Only interesting vehicles","publisher":{"@id":"https:\/\/pistonaddict.com\/es\/#organization"},"potentialAction":[{"@type":"SearchAction","target":{"@type":"EntryPoint","urlTemplate":"https:\/\/pistonaddict.com\/es\/?s={search_term_string}"},"query-input":"required name=search_term_string"}],"inLanguage":"es"},{"@type":"Organization","@id":"https:\/\/pistonaddict.com\/es\/#organization","name":"Piston Addict","url":"https:\/\/pistonaddict.com\/es\/","logo":{"@type":"ImageObject","inLanguage":"es","@id":"https:\/\/pistonaddict.com\/es\/#\/schema\/logo\/image\/","url":"https:\/\/pistonaddict.com\/wp-content\/uploads\/2022\/07\/logo-6.png","contentUrl":"https:\/\/pistonaddict.com\/wp-content\/uploads\/2022\/07\/logo-6.png","width":970,"height":200,"caption":"Piston Addict"},"image":{"@id":"https:\/\/pistonaddict.com\/es\/#\/schema\/logo\/image\/"}}]}},"_links":{"self":[{"href":"https:\/\/pistonaddict.com\/es\/wp-json\/wp\/v2\/pages\/51266"}],"collection":[{"href":"https:\/\/pistonaddict.com\/es\/wp-json\/wp\/v2\/pages"}],"about":[{"href":"https:\/\/pistonaddict.com\/es\/wp-json\/wp\/v2\/types\/page"}],"author":[{"embeddable":true,"href":"https:\/\/pistonaddict.com\/es\/wp-json\/wp\/v2\/users\/1"}],"replies":[{"embeddable":true,"href":"https:\/\/pistonaddict.com\/es\/wp-json\/wp\/v2\/comments?post=51266"}],"version-history":[{"count":1,"href":"https:\/\/pistonaddict.com\/es\/wp-json\/wp\/v2\/pages\/51266\/revisions"}],"predecessor-version":[{"id":80979,"href":"https:\/\/pistonaddict.com\/es\/wp-json\/wp\/v2\/pages\/51266\/revisions\/80979"}],"wp:attachment":[{"href":"https:\/\/pistonaddict.com\/es\/wp-json\/wp\/v2\/media?parent=51266"}],"curies":[{"name":"wp","href":"https:\/\/api.w.org\/{rel}","templated":true}]}}