{"id":3094,"date":"2022-04-29T11:19:54","date_gmt":"2022-04-29T09:19:54","guid":{"rendered":"https:\/\/pistonaddict.com\/politica-de-confidencialidad\/"},"modified":"2022-05-04T17:59:56","modified_gmt":"2022-05-04T15:59:56","slug":"politica-de-confidencialidad","status":"publish","type":"page","link":"https:\/\/pistonaddict.com\/es\/politica-de-confidencialidad\/","title":{"rendered":"pol\u00edtica de confidencialidad"},"content":{"rendered":"\t\t<div data-elementor-type=\"wp-page\" data-elementor-id=\"3094\" class=\"elementor elementor-3094 elementor-339\">\n\t\t\t\t\t\t<section class=\"elementor-section elementor-top-section elementor-element elementor-element-82c15da elementor-section-boxed elementor-section-height-default elementor-section-height-default\" data-id=\"82c15da\" data-element_type=\"section\">\n\t\t\t\t\t\t<div class=\"elementor-container elementor-column-gap-default\">\n\t\t\t\t\t<div class=\"elementor-column elementor-col-100 elementor-top-column elementor-element elementor-element-ddaf1f1\" data-id=\"ddaf1f1\" data-element_type=\"column\">\n\t\t\t<div class=\"elementor-widget-wrap elementor-element-populated\">\n\t\t\t\t\t\t<div class=\"elementor-element elementor-element-25741e6 elementor-widget elementor-widget-text-editor\" data-id=\"25741e6\" data-element_type=\"widget\" data-widget_type=\"text-editor.default\">\n\t\t\t\t<div class=\"elementor-widget-container\">\n\t\t\t<style>\/*! elementor - v3.21.0 - 18-04-2024 *\/\n.elementor-widget-text-editor.elementor-drop-cap-view-stacked .elementor-drop-cap{background-color:#69727d;color:#fff}.elementor-widget-text-editor.elementor-drop-cap-view-framed .elementor-drop-cap{color:#69727d;border:3px solid;background-color:transparent}.elementor-widget-text-editor:not(.elementor-drop-cap-view-default) .elementor-drop-cap{margin-top:8px}.elementor-widget-text-editor:not(.elementor-drop-cap-view-default) .elementor-drop-cap-letter{width:1em;height:1em}.elementor-widget-text-editor .elementor-drop-cap{float:left;text-align:center;line-height:1;font-size:50px}.elementor-widget-text-editor .elementor-drop-cap-letter{display:inline-block}<\/style>\t\t\t\t\n          <p> <\/p>\n          <p>El prop\u00f3sito de la pol\u00edtica de privacidad es mostrarle c\u00f3mo <strong>Piston Addict<\/strong> usa, administra y protege la informaci\u00f3n personal que usted haya podido transmitir a la empresa en el contexto del uso de su sitio web: https:\/\/www.pistonaddict.com. Esta pol\u00edtica de privacidad se basa en las obligaciones del editor del sitio web, tal como se define en el Reglamento General de Protecci\u00f3n de Datos (RGPD), en todo lo relacionado con el consentimiento para la recopilaci\u00f3n de datos personales, la protecci\u00f3n y la seguridad de los datos personales, el respeto de sus derechos de acceso, rectificaci\u00f3n, tratamiento, portabilidad y supresi\u00f3n de sus datos.<\/p>\n          <p>La pol\u00edtica de privacidad de <strong>Piston Addict<\/strong> puede verse modificada en funci\u00f3n de los posibles cambios en el marco legislativo (RGPD), reglamentario y jurisprudencial que determinen su evoluci\u00f3n y aplicaci\u00f3n.<\/p>\n          <div class=\"vc_row wpb_row vc_row-fluid row_bg_bottom vc_custom_1496737831361\"> <\/div>\n          <div class=\"wpb_column vc_column_container vc_col-sm-12\">\n            <div class=\"vc_column-inner\">\n              <div class=\"wpb_wrapper\"> <\/div>\n            <\/div>\n          <\/div>\n          <div class=\"cms-custom-heading-wrap heading2 text-left vc_custom_heading heading2_uppercase \">\n            <h2 class=\"cmsc-custom-heading vc_custom_heading\">1\u00b0 LA RECOGIDA DE DATOS PERSONALES<\/h2>\n          <\/div>\n          <div class=\"wpb_text_column wpb_content_element vc_custom_1621498045904 cms_text_block\">\n            <div class=\"wpb_wrapper \"> <\/div>\n          <\/div>\n          <p>Es totalmente posible navegar por el sitio https:\/\/www.pistonaddict.com sin revelar su informaci\u00f3n personal al editor del sitio web, con los l\u00edmites que \u00e9ste impone en cuanto al acceso a parte de la informaci\u00f3n y los servicios ofrecidos.<\/p>\n          <p>La fourniture d&#8217;informations personnelles (nom et pr\u00e9nom, nom de la soci\u00e9t\u00e9, fonction dans l&#8217;entreprise, adresse e-mail, num\u00e9ro de ligne t\u00e9l\u00e9phonique professionnelle\u2026) \u00e0 <strong>Piston Addict<\/strong> est une obligation si vous souhaitez recevoir un devis, prendre contact ou solicitar informaci\u00f3n.<\/p>\n          <p>Por tanto, acepta el principio de su recogida para las finalidades descritas en los formularios as\u00ed como en el apartado \u201cFinalidades del tratamiento de datos\u201d. El editor tambi\u00e9n recopila datos personales a trav\u00e9s de la implementaci\u00f3n de archivos de conexi\u00f3n, de conformidad con la legislaci\u00f3n vigente en materia de uso de cookies.<\/p>\n          <div class=\"vc_row wpb_row vc_row-fluid row_bg_bottom vc_custom_1496737831361\"> <\/div>\n          <div class=\"wpb_column vc_column_container vc_col-sm-12\">\n            <div class=\"vc_column-inner\">\n              <div class=\"wpb_wrapper\"> <\/div>\n            <\/div>\n          <\/div>\n          <div class=\"cms-custom-heading-wrap heading2 text-left vc_custom_heading heading2_uppercase \">\n            <h2 class=\"cmsc-custom-heading vc_custom_heading\">2\u00b0 ASEGURAR DATOS PERSONALES<\/h2>\n          <\/div>\n          <p><strong>Piston Addict<\/strong> implementa una variedad de medidas de seguridad para mantener la seguridad de su informaci\u00f3n personal:<\/p>\n          <ul>\n            <li>uso de cifrado de \u00faltima generaci\u00f3n para proteger sus datos personales transmitidos en l\u00ednea,<\/li>\n            <li>las cookies anal\u00edticas permiten contar los usuarios de Internet mientras se analiza su comportamiento durante la visita al sitio web para generar estad\u00edsticas de tr\u00e1fico,<\/li>\n            <li>uso de computadoras y servidores en un entorno seguro para almacenar y procesar sus datos,<\/li>\n            <li>acceso restringido a la informaci\u00f3n personal para los empleados que necesitan realizar un trabajo espec\u00edfico (facturaci\u00f3n, etc.).<\/li>\n          <\/ul>\n          <div class=\"vc_row wpb_row vc_row-fluid row_bg_bottom vc_custom_1496737831361\"> <\/div>\n          <div class=\"wpb_column vc_column_container vc_col-sm-12\">\n            <div class=\"vc_column-inner\">\n              <div class=\"wpb_wrapper\"> <\/div>\n            <\/div>\n          <\/div>\n          <div class=\"cms-custom-heading-wrap heading2 text-left vc_custom_heading heading2_uppercase \">\n            <h2 class=\"cmsc-custom-heading vc_custom_heading\">3\u00b0 EL TRATAMIENTO DE DATOS PERSONALES<\/h2>\n          <\/div>\n          <div class=\"wpb_text_column wpb_content_element vc_custom_1621498045904 cms_text_block\">\n            <div class=\"wpb_wrapper \"> <\/div>\n          <\/div>\n          <p><strong>Piston Addict<\/strong> tiene una pol\u00edtica muy estricta de tratamiento de datos personales consistente en no cederlos, prestarlos, alquilarlos ni revenderlos nunca a terceras organizaciones.<\/p>\n          <p>Todo el tratamiento de sus datos personales recogidos en el sitio web https:\/\/www.pistonaddict.com se lleva a cabo directamente por miembros del equipo de <strong>Eficiencias<\/strong> autorizados a tal efecto.<\/p>\n          <p>Por lo tanto, acepta el principio de procesar su informaci\u00f3n personal para los fines descritos en los formularios de contacto, creaci\u00f3n\/administraci\u00f3n de cuentas, as\u00ed como en el p\u00e1rrafo a continuaci\u00f3n para que podamos comprender mejor sus necesidades en t\u00e9rminos de productos y servicios.<\/p>\n          <div class=\"vc_row wpb_row vc_row-fluid row_bg_bottom vc_custom_1496737831361\"> <\/div>\n          <div class=\"wpb_column vc_column_container vc_col-sm-12\">\n            <div class=\"vc_column-inner\">\n              <div class=\"wpb_wrapper\"> <\/div>\n            <\/div>\n          <\/div>\n          <div class=\"cms-custom-heading-wrap heading2 text-left vc_custom_heading heading2_uppercase \">\n            <h2 class=\"cmsc-custom-heading vc_custom_heading\">4\u00b0 LAS FINALIDADES DEL TRATAMIENTO DE DATOS<\/h2>\n          <\/div>\n          <div class=\"wpb_text_column wpb_content_element vc_custom_1621498045904 cms_text_block\">\n            <div class=\"wpb_wrapper \"> <\/div>\n          <\/div>\n          <p><strong>Piston Addict<\/strong> realiza un tratamiento manual o automatizado de sus datos personales seg\u00fan finalidades espec\u00edficas:<\/p>\n          <ul>\n            <li>Los datos recopilados a trav\u00e9s de los formularios de ingreso de informaci\u00f3n del sitio web (contacto, solicitud de cotizaci\u00f3n, contrataci\u00f3n) se utilizan para enviar cotizaciones, crear o desarrollar una relaci\u00f3n comercial, reclutar aprendices y\/o empleados.<\/li>\n            <li>Los datos recopilados durante la reproducci\u00f3n de videos publicados en plataformas especializadas son necesarios para poder acceder a estos sitios de terceros y ejecutar sus solicitudes.<\/li>\n            <li>Los datos recopilados al utilizar los botones de acceso a las redes sociales son necesarios para poder llevar a cabo las solicitudes de estos sitios de terceros.<\/li>\n          <\/ul>\n          <div class=\"vc_row wpb_row vc_row-fluid row_bg_bottom vc_custom_1496737831361\"> <\/div>\n          <div class=\"wpb_column vc_column_container vc_col-sm-12\">\n            <div class=\"vc_column-inner\">\n              <div class=\"wpb_wrapper\"> <\/div>\n            <\/div>\n          <\/div>\n          <div class=\"cms-custom-heading-wrap heading2 text-left vc_custom_heading heading2_uppercase \">\n            <h2 class=\"cmsc-custom-heading vc_custom_heading\">5\u00b0 RECOGIDA DE CONSENTIMIENTO PARA LA RECOGIDA DE DATOS<\/h2>\n          <\/div>\n          <div class=\"wpb_text_column wpb_content_element vc_custom_1621498045904 cms_text_block\">\n            <div class=\"wpb_wrapper \"> <\/div>\n          <\/div>\n          <p>Para todo tipo de recogida de datos personales a trav\u00e9s de su sitio web, <strong>Piston Addict<\/strong> utiliza dispositivos para recibir su consentimiento expl\u00edcito:<\/p>\n          <ul>\n            <li>para la aceptaci\u00f3n de la recogida de datos al rellenar formularios de contacto,<\/li>\n            <li>para la aceptaci\u00f3n de cookies al mostrar el banner de advertencia.<\/li>\n          <\/ul>\n          <p><strong>Piston Addict<\/strong> guarda las colecciones de consentimiento para la recopilaci\u00f3n de datos personales para poder ponerlos a disposici\u00f3n de la CNIL y cualquier otro organismo de control a simple solicitud.<\/p>\n          <div class=\"vc_row wpb_row vc_row-fluid row_bg_bottom vc_custom_1496737831361\"> <\/div>\n          <div class=\"wpb_column vc_column_container vc_col-sm-12\">\n            <div class=\"vc_column-inner\">\n              <div class=\"wpb_wrapper\"> <\/div>\n            <\/div>\n          <\/div>\n          <div class=\"cms-custom-heading-wrap heading2 text-left vc_custom_heading heading2_uppercase \">\n            <h2 class=\"cmsc-custom-heading vc_custom_heading\">6\u00b0 LA DURACI\u00d3N DE LA CONSERVACI\u00d3N DE DATOS PERSONALES<\/h2>\n          <\/div>\n          <div class=\"wpb_text_column wpb_content_element vc_custom_1621498045904 cms_text_block\">\n            <div class=\"wpb_wrapper \"> <\/div>\n          <\/div>\n          <p>El per\u00edodo de retenci\u00f3n de sus datos personales var\u00eda seg\u00fan su naturaleza y la tecnolog\u00eda utilizada para su recopilaci\u00f3n:<\/p>\n          <ul>\n            <li>para todos sus datos personales recopilados por las cookies, el per\u00edodo de retenci\u00f3n es de un m\u00e1ximo de 13 meses,<\/li>\n            <li>para todos sus datos recopilados por un formulario, el per\u00edodo de retenci\u00f3n no puede exceder los 36 meses.<\/li>\n          <\/ul>\n          <div class=\"vc_row wpb_row vc_row-fluid row_bg_bottom vc_custom_1496737831361\"> <\/div>\n          <div class=\"wpb_column vc_column_container vc_col-sm-12\">\n            <div class=\"vc_column-inner\">\n              <div class=\"wpb_wrapper\"> <\/div>\n            <\/div>\n          <\/div>\n          <div class=\"cms-custom-heading-wrap heading2 text-left vc_custom_heading heading2_uppercase \">\n            <h2 class=\"cmsc-custom-heading vc_custom_heading\">7\u00b0 LA TRANSFERENCIA DE DATOS PERSONALES<\/h2>\n          <\/div>\n          <div class=\"wpb_text_column wpb_content_element vc_custom_1621498045904 cms_text_block\">\n            <div class=\"wpb_wrapper \"> <\/div>\n          <\/div>\n          <p><strong>Piston Addict<\/strong> no transfiere sus datos personales a terceros pa\u00edses, ya sea dentro o fuera de la Uni\u00f3n Europea.<\/p>\n          <div class=\"vc_row wpb_row vc_row-fluid row_bg_bottom vc_custom_1496737831361\"> <\/div>\n          <div class=\"wpb_column vc_column_container vc_col-sm-12\">\n            <div class=\"vc_column-inner\">\n              <div class=\"wpb_wrapper\"> <\/div>\n            <\/div>\n          <\/div>\n          <div class=\"cms-custom-heading-wrap heading2 text-left vc_custom_heading heading2_uppercase \">\n            <h2 class=\"cmsc-custom-heading vc_custom_heading\">8\u00b0 PROVEEDORES AUTORIZADOS<\/h2>\n          <\/div>\n          <div class=\"wpb_text_column wpb_content_element vc_custom_1621498045904 cms_text_block\">\n            <div class=\"wpb_wrapper \"> <\/div>\n          <\/div>\n          <p><strong>Piston Addict<\/strong> utiliza los servicios de proveedores de servicios autorizados para facilitar el procesamiento de los datos personales que utiliza en el sitio web.<\/p>\n          <div class=\"wpb_column vc_column_container vc_col-sm-12\">\n            <div class=\"vc_column-inner\">\n              <div class=\"wpb_wrapper\"> <\/div>\n            <\/div>\n          <\/div>\n          <div class=\"cms-custom-heading-wrap heading2 text-left vc_custom_heading heading2_uppercase \">\n            <h2 class=\"cmsc-custom-heading vc_custom_heading\">9\u00b0 EL EJERCICIO DE LOS DERECHOS DE LOS USUARIOS DE INTERNET<\/h2>\n          <\/div>\n          <div class=\"wpb_text_column wpb_content_element vc_custom_1621498045904 cms_text_block\">\n            <div class=\"wpb_wrapper \"> <\/div>\n          <\/div>\n          <p>De acuerdo con el Reglamento General de Protecci\u00f3n de Datos adoptado por el Parlamento Europeo el 14 de abril de 2016 y la Ley de Protecci\u00f3n de Datos modificada del 6 de enero de 1978, usted tiene un conjunto de derechos relacionados con sus datos personales.<\/p>\n          <p>Puede ejercer estos derechos poni\u00e9ndose en contacto directamente con el editor del sitio web:<\/p>\n          <ul>\n            <li>por correo: <strong>Piston Addict<\/strong> \u2013 <\/li>\n            <li>por tel\u00e9fono : <\/li>\n            <li>por email : <\/li>\n          <\/ul>\n          <h3>9.1\u00b0 El derecho de acceso a los datos<\/h3>\n          <p>Dentro del marco legal definido por el RGPD, usted puede en cualquier momento realizar una solicitud por escrito para la comunicaci\u00f3n de sus datos personales.<\/p>\n          <p>Para ello, puede utilizar el modelo de carta creado por la Commission Nationale de l&#8217;Informatique et des Libert\u00e9s: https:\/\/www.cnil.fr\/fr\/modele\/courrier\/exerciser-son-droit-dacces.<\/p>\n          <h3>9.2\u00b0 Derecho de rectificaci\u00f3n de datos<\/h3>\n          <p>La legislaci\u00f3n relativa a los datos de car\u00e1cter personal le permite solicitar la modificaci\u00f3n o rectificaci\u00f3n de los datos incompletos, inexactos o desactualizados relativos a usted o a una persona cercana fallecida.<\/p>\n          <p>Para ello, puede utilizar el modelo de carta elaborado por la Commission Nationale de l&#8217;Informatique et des Libert\u00e9s: https:\/\/www.cnil.fr\/fr\/modele\/courrier\/rectifier-des-donnees-inexactes-obsoletes-ou -Caducado.<\/p>\n          <h3>9.3\u00b0 El derecho de oposici\u00f3n por motivos leg\u00edtimos<\/h3>\n          <p>Dentro del marco legislativo definido por el RGPD, puede oponerse al tratamiento de sus datos personales en cualquier momento por los siguientes motivos:<\/p>\n          <ul>\n            <li>oposici\u00f3n al uso de los datos recopilados en el marco de operaciones de prospecci\u00f3n comercial,<\/li>\n            <li>oposici\u00f3n fundada en motivos leg\u00edtimos.<\/li>\n          <\/ul>\n          <p>Para ello, puede utilizar el modelo de carta elaborado por la Commission Nationale de l&#8217;Informatique et des Libert\u00e9s: https:\/\/www.cnil.fr\/fr\/modele\/courrier\/sopposing-lutilisation-commerciale-de-ses- coordinadas<\/p>\n          <h3>9.4\u00b0 Derecho a la portabilidad de los datos<\/h3>\n          <p>Dentro del marco legislativo definido por el RGPD, puedes solicitar en cualquier momento la recuperaci\u00f3n de tus datos personales en un formato abierto y legible por m\u00e1quina, con el fin de almacenarlos en otro soporte o transmitirlos a otro sistema de informaci\u00f3n para su reutilizaci\u00f3n.<\/p>\n          <p>Para ello, puede utilizar el modelo de carta propuesto por la Commission Nationale de l&#8217;Informatique et des Libert\u00e9s: https:\/\/www.cnil.fr\/fr\/modele\/courrier\/exerciser-son-droit-dacces.<\/p>\n          <h3>9.5\u00b0 Derecho de supresi\u00f3n de datos<\/h3>\n          <p>La legislaci\u00f3n sobre datos personales le permite solicitar la eliminaci\u00f3n de todos sus datos almacenados en el sitio web de <strong>Piston Addict<\/strong> .<\/p>\n          <p>Pour ce faire vous pouvez utiliser le mod\u00e8le de courrier propos\u00e9 par la Commission Nationale de l&#8217;Informatique et des Libert\u00e9s : https:\/\/www.cnil.fr\/fr\/modele\/courrier\/supprimer-des-informations-vous-concernant-dun -sitio de Internet.<\/p>\n          <h3>9.6\u00b0 La tramitaci\u00f3n de sus solicitudes<\/h3>\n          <p><strong>Piston Addict<\/strong> se compromete a responder a sus solicitudes relativas a los datos personales en un plazo razonable, que no podr\u00e1 exceder de 1 mes desde la recepci\u00f3n de las mismas.<\/p>\n          <p><strong>Piston Addict<\/strong> se reserva el derecho de rechazar las solicitudes relativas a datos caracterizados por una intenci\u00f3n manifiestamente maliciosa o por un car\u00e1cter repetitivo y abusivo.<\/p>\n          <h3>9.7\u00b0 El responsable de los datos personales<\/h3>\n          <p><strong>Se\u00f1or. <\/strong><br>Correo electr\u00f3nico : <br>Tel\u00e9fono : <\/p>\n        \t\t\t\t\t\t<\/div>\n\t\t\t\t<\/div>\n\t\t\t\t\t<\/div>\n\t\t<\/div>\n\t\t\t\t\t<\/div>\n\t\t<\/section>\n\t\t\t\t<\/div>\n\t\t","protected":false},"excerpt":{"rendered":"<p>El prop\u00f3sito de la pol\u00edtica de privacidad es mostrarle c\u00f3mo Piston Addict usa, administra y protege la informaci\u00f3n personal que usted haya podido transmitir a la empresa en el contexto del uso de su sitio web: https:\/\/www.pistonaddict.com. Esta pol\u00edtica de privacidad se basa en las obligaciones del editor del sitio web, tal como se define &#8230; <a title=\"pol\u00edtica de confidencialidad\" class=\"read-more\" href=\"https:\/\/pistonaddict.com\/es\/politica-de-confidencialidad\/\">Leer m\u00e1s<span class=\"screen-reader-text\">pol\u00edtica de confidencialidad<\/span><\/a><\/p>\n","protected":false},"author":1,"featured_media":0,"parent":0,"menu_order":0,"comment_status":"closed","ping_status":"closed","template":"","meta":{"inline_featured_image":false,"footnotes":""},"acf":[],"yoast_head":"<!-- This site is optimized with the Yoast SEO plugin v22.5 - https:\/\/yoast.com\/wordpress\/plugins\/seo\/ -->\n<title>pol\u00edtica de confidencialidad - nombre del Piston Addict<\/title>\n<meta name=\"robots\" content=\"index, follow, max-snippet:-1, max-image-preview:large, max-video-preview:-1\" \/>\n<link rel=\"canonical\" href=\"https:\/\/pistonaddict.com\/es\/politica-de-confidencialidad\/\" \/>\n<meta property=\"og:locale\" content=\"es_ES\" \/>\n<meta property=\"og:type\" content=\"article\" \/>\n<meta property=\"og:title\" content=\"pol\u00edtica de confidencialidad - nombre del Piston Addict\" \/>\n<meta property=\"og:description\" content=\"El prop\u00f3sito de la pol\u00edtica de privacidad es mostrarle c\u00f3mo Piston Addict usa, administra y protege la informaci\u00f3n personal que usted haya podido transmitir a la empresa en el contexto del uso de su sitio web: https:\/\/www.pistonaddict.com. Esta pol\u00edtica de privacidad se basa en las obligaciones del editor del sitio web, tal como se define ... Leer m\u00e1spol\u00edtica de confidencialidad\" \/>\n<meta property=\"og:url\" content=\"https:\/\/pistonaddict.com\/es\/politica-de-confidencialidad\/\" \/>\n<meta property=\"og:site_name\" content=\"Piston Addict\" \/>\n<meta property=\"article:modified_time\" content=\"2022-05-04T15:59:56+00:00\" \/>\n<meta name=\"twitter:card\" content=\"summary_large_image\" \/>\n<meta name=\"twitter:label1\" content=\"Tiempo de lectura\" \/>\n\t<meta name=\"twitter:data1\" content=\"7 minutos\" \/>\n<script type=\"application\/ld+json\" class=\"yoast-schema-graph\">{\"@context\":\"https:\/\/schema.org\",\"@graph\":[{\"@type\":\"WebPage\",\"@id\":\"https:\/\/pistonaddict.com\/es\/politica-de-confidencialidad\/\",\"url\":\"https:\/\/pistonaddict.com\/es\/politica-de-confidencialidad\/\",\"name\":\"pol\u00edtica de confidencialidad - nombre del Piston Addict\",\"isPartOf\":{\"@id\":\"https:\/\/pistonaddict.com\/es\/#website\"},\"datePublished\":\"2022-04-29T09:19:54+00:00\",\"dateModified\":\"2022-05-04T15:59:56+00:00\",\"breadcrumb\":{\"@id\":\"https:\/\/pistonaddict.com\/es\/politica-de-confidencialidad\/#breadcrumb\"},\"inLanguage\":\"es\",\"potentialAction\":[{\"@type\":\"ReadAction\",\"target\":[\"https:\/\/pistonaddict.com\/es\/politica-de-confidencialidad\/\"]}]},{\"@type\":\"BreadcrumbList\",\"@id\":\"https:\/\/pistonaddict.com\/es\/politica-de-confidencialidad\/#breadcrumb\",\"itemListElement\":[{\"@type\":\"ListItem\",\"position\":1,\"name\":\"bienvenida\",\"item\":\"https:\/\/pistonaddict.com\/es\/pagina-web\/\"},{\"@type\":\"ListItem\",\"position\":2,\"name\":\"pol\u00edtica de confidencialidad\"}]},{\"@type\":\"WebSite\",\"@id\":\"https:\/\/pistonaddict.com\/es\/#website\",\"url\":\"https:\/\/pistonaddict.com\/es\/\",\"name\":\"Piston Addict\",\"description\":\"Only interesting vehicles\",\"publisher\":{\"@id\":\"https:\/\/pistonaddict.com\/es\/#organization\"},\"potentialAction\":[{\"@type\":\"SearchAction\",\"target\":{\"@type\":\"EntryPoint\",\"urlTemplate\":\"https:\/\/pistonaddict.com\/es\/?s={search_term_string}\"},\"query-input\":\"required name=search_term_string\"}],\"inLanguage\":\"es\"},{\"@type\":\"Organization\",\"@id\":\"https:\/\/pistonaddict.com\/es\/#organization\",\"name\":\"Piston Addict\",\"url\":\"https:\/\/pistonaddict.com\/es\/\",\"logo\":{\"@type\":\"ImageObject\",\"inLanguage\":\"es\",\"@id\":\"https:\/\/pistonaddict.com\/es\/#\/schema\/logo\/image\/\",\"url\":\"https:\/\/pistonaddict.com\/wp-content\/uploads\/2022\/07\/logo-6.png\",\"contentUrl\":\"https:\/\/pistonaddict.com\/wp-content\/uploads\/2022\/07\/logo-6.png\",\"width\":970,\"height\":200,\"caption\":\"Piston Addict\"},\"image\":{\"@id\":\"https:\/\/pistonaddict.com\/es\/#\/schema\/logo\/image\/\"}}]}<\/script>\n<!-- \/ Yoast SEO plugin. -->","yoast_head_json":{"title":"pol\u00edtica de confidencialidad - nombre del Piston Addict","robots":{"index":"index","follow":"follow","max-snippet":"max-snippet:-1","max-image-preview":"max-image-preview:large","max-video-preview":"max-video-preview:-1"},"canonical":"https:\/\/pistonaddict.com\/es\/politica-de-confidencialidad\/","og_locale":"es_ES","og_type":"article","og_title":"pol\u00edtica de confidencialidad - nombre del Piston Addict","og_description":"El prop\u00f3sito de la pol\u00edtica de privacidad es mostrarle c\u00f3mo Piston Addict usa, administra y protege la informaci\u00f3n personal que usted haya podido transmitir a la empresa en el contexto del uso de su sitio web: https:\/\/www.pistonaddict.com. Esta pol\u00edtica de privacidad se basa en las obligaciones del editor del sitio web, tal como se define ... Leer m\u00e1spol\u00edtica de confidencialidad","og_url":"https:\/\/pistonaddict.com\/es\/politica-de-confidencialidad\/","og_site_name":"Piston Addict","article_modified_time":"2022-05-04T15:59:56+00:00","twitter_card":"summary_large_image","twitter_misc":{"Tiempo de lectura":"7 minutos"},"schema":{"@context":"https:\/\/schema.org","@graph":[{"@type":"WebPage","@id":"https:\/\/pistonaddict.com\/es\/politica-de-confidencialidad\/","url":"https:\/\/pistonaddict.com\/es\/politica-de-confidencialidad\/","name":"pol\u00edtica de confidencialidad - nombre del Piston Addict","isPartOf":{"@id":"https:\/\/pistonaddict.com\/es\/#website"},"datePublished":"2022-04-29T09:19:54+00:00","dateModified":"2022-05-04T15:59:56+00:00","breadcrumb":{"@id":"https:\/\/pistonaddict.com\/es\/politica-de-confidencialidad\/#breadcrumb"},"inLanguage":"es","potentialAction":[{"@type":"ReadAction","target":["https:\/\/pistonaddict.com\/es\/politica-de-confidencialidad\/"]}]},{"@type":"BreadcrumbList","@id":"https:\/\/pistonaddict.com\/es\/politica-de-confidencialidad\/#breadcrumb","itemListElement":[{"@type":"ListItem","position":1,"name":"bienvenida","item":"https:\/\/pistonaddict.com\/es\/pagina-web\/"},{"@type":"ListItem","position":2,"name":"pol\u00edtica de confidencialidad"}]},{"@type":"WebSite","@id":"https:\/\/pistonaddict.com\/es\/#website","url":"https:\/\/pistonaddict.com\/es\/","name":"Piston Addict","description":"Only interesting vehicles","publisher":{"@id":"https:\/\/pistonaddict.com\/es\/#organization"},"potentialAction":[{"@type":"SearchAction","target":{"@type":"EntryPoint","urlTemplate":"https:\/\/pistonaddict.com\/es\/?s={search_term_string}"},"query-input":"required name=search_term_string"}],"inLanguage":"es"},{"@type":"Organization","@id":"https:\/\/pistonaddict.com\/es\/#organization","name":"Piston Addict","url":"https:\/\/pistonaddict.com\/es\/","logo":{"@type":"ImageObject","inLanguage":"es","@id":"https:\/\/pistonaddict.com\/es\/#\/schema\/logo\/image\/","url":"https:\/\/pistonaddict.com\/wp-content\/uploads\/2022\/07\/logo-6.png","contentUrl":"https:\/\/pistonaddict.com\/wp-content\/uploads\/2022\/07\/logo-6.png","width":970,"height":200,"caption":"Piston Addict"},"image":{"@id":"https:\/\/pistonaddict.com\/es\/#\/schema\/logo\/image\/"}}]}},"_links":{"self":[{"href":"https:\/\/pistonaddict.com\/es\/wp-json\/wp\/v2\/pages\/3094"}],"collection":[{"href":"https:\/\/pistonaddict.com\/es\/wp-json\/wp\/v2\/pages"}],"about":[{"href":"https:\/\/pistonaddict.com\/es\/wp-json\/wp\/v2\/types\/page"}],"author":[{"embeddable":true,"href":"https:\/\/pistonaddict.com\/es\/wp-json\/wp\/v2\/users\/1"}],"replies":[{"embeddable":true,"href":"https:\/\/pistonaddict.com\/es\/wp-json\/wp\/v2\/comments?post=3094"}],"version-history":[{"count":2,"href":"https:\/\/pistonaddict.com\/es\/wp-json\/wp\/v2\/pages\/3094\/revisions"}],"predecessor-version":[{"id":4057,"href":"https:\/\/pistonaddict.com\/es\/wp-json\/wp\/v2\/pages\/3094\/revisions\/4057"}],"wp:attachment":[{"href":"https:\/\/pistonaddict.com\/es\/wp-json\/wp\/v2\/media?parent=3094"}],"curies":[{"name":"wp","href":"https:\/\/api.w.org\/{rel}","templated":true}]}}