{"id":3065,"date":"2022-04-29T11:20:06","date_gmt":"2022-04-29T09:20:06","guid":{"rendered":"https:\/\/pistonaddict.com\/reglas-de-comentarios\/"},"modified":"2023-02-05T11:11:44","modified_gmt":"2023-02-05T10:11:44","slug":"reglas-de-comentarios","status":"publish","type":"page","link":"https:\/\/pistonaddict.com\/es\/reglas-de-comentarios\/","title":{"rendered":"Normas de comentario"},"content":{"rendered":"\t\t<div data-elementor-type=\"wp-page\" data-elementor-id=\"3065\" class=\"elementor elementor-3065 elementor-3043\">\n\t\t\t\t\t\t<section class=\"elementor-section elementor-top-section elementor-element elementor-element-01b8fa5 elementor-section-boxed elementor-section-height-default elementor-section-height-default\" data-id=\"01b8fa5\" data-element_type=\"section\">\n\t\t\t\t\t\t<div class=\"elementor-container elementor-column-gap-default\">\n\t\t\t\t\t<div class=\"elementor-column elementor-col-100 elementor-top-column elementor-element elementor-element-19e2c1c\" data-id=\"19e2c1c\" data-element_type=\"column\">\n\t\t\t<div class=\"elementor-widget-wrap elementor-element-populated\">\n\t\t\t\t\t\t<div class=\"elementor-element elementor-element-9413b6d elementor-widget elementor-widget-text-editor\" data-id=\"9413b6d\" data-element_type=\"widget\" data-widget_type=\"text-editor.default\">\n\t\t\t\t<div class=\"elementor-widget-container\">\n\t\t\t<style>\/*! elementor - v3.21.0 - 18-04-2024 *\/\n.elementor-widget-text-editor.elementor-drop-cap-view-stacked .elementor-drop-cap{background-color:#69727d;color:#fff}.elementor-widget-text-editor.elementor-drop-cap-view-framed .elementor-drop-cap{color:#69727d;border:3px solid;background-color:transparent}.elementor-widget-text-editor:not(.elementor-drop-cap-view-default) .elementor-drop-cap{margin-top:8px}.elementor-widget-text-editor:not(.elementor-drop-cap-view-default) .elementor-drop-cap-letter{width:1em;height:1em}.elementor-widget-text-editor .elementor-drop-cap{float:left;text-align:center;line-height:1;font-size:50px}.elementor-widget-text-editor .elementor-drop-cap-letter{display:inline-block}<\/style>\t\t\t\t<\/p>\n<h2> <\/h2>\n<h2>Regla 1. Sea constructivo y no negativo<\/h2>\n<p>Es m\u00e1s f\u00e1cil decir que algo no te gusta, y a veces puede estar justificado. Por otro lado, es m\u00e1s valioso decir c\u00f3mo se podr\u00eda mejorar, el valor real se a\u00f1ade cuando se puede especificar qu\u00e9 est\u00e1 mal y c\u00f3mo embellecerlo.<\/p>\n<h2> <\/h2>\n<h2>Regla 2. La experiencia gana<\/h2>\n<p>A los dem\u00e1s lectores les interesa mucho m\u00e1s tu opini\u00f3n si procede de una experiencia relevante. Si conoce la historia de un veh\u00edculo concreto, o mucho sobre la marca o el modelo en particular, es mucho m\u00e1s probable que resulte interesante.<\/p>\n<h2> <\/h2>\n<h2>Regla 3. Hablar de coches, no de otros<\/h2>\n<p>Todo el mundo tiene derecho a tener una opini\u00f3n, aunque no se est\u00e9 de acuerdo con ella. Las cr\u00edticas sobre el car\u00e1cter, el gusto o la naturaleza general de otros miembros no tienen cabida.<\/p>\n<h2> <\/h2>\n<h2>Regla 4. El mercado fija el precio<\/h2>\n<p>Piston Addict es un mercado libre en el que el vendedor y el comprador determinan el precio, por lo que decir que algo es demasiado caro o demasiado barato no significa nada en absoluto. Un art\u00edculo vale lo que alguien est\u00e1 dispuesto a pagar.<\/p>\n<h2> <\/h2>\n<h2>Regla 5. Si no has le\u00eddo el resto de comentarios, es que no est\u00e1s preparado para dejar el tuyo.<\/h2>\n<p>Es el equivalente digital de escuchar antes de hablar.<\/p>\n<h2> <\/h2>\n<h2>Regla 6. No se permite la compra, venta o informaci\u00f3n de contacto en la secci\u00f3n de comentarios.<\/h2>\n<p>Si tiene un coche en venta, env\u00edenoslo a trav\u00e9s del formulario de env\u00edo. Solicitudes de compra, direcciones de correo electr\u00f3nico y n\u00fameros de tel\u00e9fono publicados en los comentarios  <br \/>se borrar\u00e1.<\/p>\n<h2> <\/h2>\n<h2>Regla 7. Todos son bienvenidos<\/h2>\n<p>Los miembros de nuestra comunidad son tan diversos como la selecci\u00f3n de coches que ofrecemos. No se permiten comentarios pol\u00edticos, mis\u00f3ginos u hom\u00f3fobos.<\/p>\n<h2> <\/h2>\n<h2>Funcionalidad de los comentarios<\/h2>\n<p><strong>Modificaci\u00f3n de comentarios:<\/strong> los comentarios pueden ser modificados por su autor despu\u00e9s de su publicaci\u00f3n, sin l\u00edmite de tiempo. Haga clic en el enlace rojo &#8220;Editar&#8221; previsto a tal efecto.<\/p>\n<p><strong>Marcar como no constructivo:<\/strong> Si un comentario infringe las normas anteriores, haz clic en el enlace &#8220;Denunciar&#8221; para que pueda ser revisado o eliminado. Revisamos todos los comentarios denunciados y tomamos la decisi\u00f3n final sobre si se restablecer\u00e1n o eliminar\u00e1n.<br \/>Queremos que la conversaci\u00f3n en este sitio sea de calidad.<\/p>\n<p><strong>Primeros comentarios: Todos los<\/strong> que comentan por primera vez son moderados, y un comentario no se publicar\u00e1 en el sitio hasta que haya sido revisado por el personal de Piston Addict. Despu\u00e9s de publicar un comentario por primera vez, \u00e9stos ya no ser\u00e1n moderados.<\/p>\n\t\t\t\t\t\t<\/div>\n\t\t\t\t<\/div>\n\t\t\t\t\t<\/div>\n\t\t<\/div>\n\t\t\t\t\t<\/div>\n\t\t<\/section>\n\t\t\t\t<\/div>\n\t\t","protected":false},"excerpt":{"rendered":"<p>Regla 1. Sea constructivo y no negativo Es m\u00e1s f\u00e1cil decir que algo no te gusta, y a veces puede estar justificado. Por otro lado, es m\u00e1s valioso decir c\u00f3mo se podr\u00eda mejorar, el valor real se a\u00f1ade cuando se puede especificar qu\u00e9 est\u00e1 mal y c\u00f3mo embellecerlo. Regla 2. La experiencia gana A los &#8230; <a title=\"Normas de comentario\" class=\"read-more\" href=\"https:\/\/pistonaddict.com\/es\/reglas-de-comentarios\/\">Leer m\u00e1s<span class=\"screen-reader-text\">Normas de comentario<\/span><\/a><\/p>\n","protected":false},"author":1,"featured_media":0,"parent":0,"menu_order":0,"comment_status":"closed","ping_status":"closed","template":"","meta":{"inline_featured_image":false,"footnotes":""},"acf":[],"yoast_head":"<!-- This site is optimized with the Yoast SEO plugin v22.5 - https:\/\/yoast.com\/wordpress\/plugins\/seo\/ -->\n<title>Normas de comentario - nombre del Piston Addict<\/title>\n<meta name=\"robots\" content=\"index, follow, max-snippet:-1, max-image-preview:large, max-video-preview:-1\" \/>\n<link rel=\"canonical\" href=\"https:\/\/pistonaddict.com\/es\/reglas-de-comentarios\/\" \/>\n<meta property=\"og:locale\" content=\"es_ES\" \/>\n<meta property=\"og:type\" content=\"article\" \/>\n<meta property=\"og:title\" content=\"Normas de comentario - nombre del Piston Addict\" \/>\n<meta property=\"og:description\" content=\"Regla 1. Sea constructivo y no negativo Es m\u00e1s f\u00e1cil decir que algo no te gusta, y a veces puede estar justificado. Por otro lado, es m\u00e1s valioso decir c\u00f3mo se podr\u00eda mejorar, el valor real se a\u00f1ade cuando se puede especificar qu\u00e9 est\u00e1 mal y c\u00f3mo embellecerlo. Regla 2. La experiencia gana A los ... Leer m\u00e1sNormas de comentario\" \/>\n<meta property=\"og:url\" content=\"https:\/\/pistonaddict.com\/es\/reglas-de-comentarios\/\" \/>\n<meta property=\"og:site_name\" content=\"Piston Addict\" \/>\n<meta property=\"article:modified_time\" content=\"2023-02-05T10:11:44+00:00\" \/>\n<meta name=\"twitter:card\" content=\"summary_large_image\" \/>\n<meta name=\"twitter:label1\" content=\"Tiempo de lectura\" \/>\n\t<meta name=\"twitter:data1\" content=\"2 minutos\" \/>\n<script type=\"application\/ld+json\" class=\"yoast-schema-graph\">{\"@context\":\"https:\/\/schema.org\",\"@graph\":[{\"@type\":\"WebPage\",\"@id\":\"https:\/\/pistonaddict.com\/es\/reglas-de-comentarios\/\",\"url\":\"https:\/\/pistonaddict.com\/es\/reglas-de-comentarios\/\",\"name\":\"Normas de comentario - nombre del Piston Addict\",\"isPartOf\":{\"@id\":\"https:\/\/pistonaddict.com\/es\/#website\"},\"datePublished\":\"2022-04-29T09:20:06+00:00\",\"dateModified\":\"2023-02-05T10:11:44+00:00\",\"breadcrumb\":{\"@id\":\"https:\/\/pistonaddict.com\/es\/reglas-de-comentarios\/#breadcrumb\"},\"inLanguage\":\"es\",\"potentialAction\":[{\"@type\":\"ReadAction\",\"target\":[\"https:\/\/pistonaddict.com\/es\/reglas-de-comentarios\/\"]}]},{\"@type\":\"BreadcrumbList\",\"@id\":\"https:\/\/pistonaddict.com\/es\/reglas-de-comentarios\/#breadcrumb\",\"itemListElement\":[{\"@type\":\"ListItem\",\"position\":1,\"name\":\"bienvenida\",\"item\":\"https:\/\/pistonaddict.com\/es\/pagina-web\/\"},{\"@type\":\"ListItem\",\"position\":2,\"name\":\"Normas de comentario\"}]},{\"@type\":\"WebSite\",\"@id\":\"https:\/\/pistonaddict.com\/es\/#website\",\"url\":\"https:\/\/pistonaddict.com\/es\/\",\"name\":\"Piston Addict\",\"description\":\"Only interesting vehicles\",\"publisher\":{\"@id\":\"https:\/\/pistonaddict.com\/es\/#organization\"},\"potentialAction\":[{\"@type\":\"SearchAction\",\"target\":{\"@type\":\"EntryPoint\",\"urlTemplate\":\"https:\/\/pistonaddict.com\/es\/?s={search_term_string}\"},\"query-input\":\"required name=search_term_string\"}],\"inLanguage\":\"es\"},{\"@type\":\"Organization\",\"@id\":\"https:\/\/pistonaddict.com\/es\/#organization\",\"name\":\"Piston Addict\",\"url\":\"https:\/\/pistonaddict.com\/es\/\",\"logo\":{\"@type\":\"ImageObject\",\"inLanguage\":\"es\",\"@id\":\"https:\/\/pistonaddict.com\/es\/#\/schema\/logo\/image\/\",\"url\":\"https:\/\/pistonaddict.com\/wp-content\/uploads\/2022\/07\/logo-6.png\",\"contentUrl\":\"https:\/\/pistonaddict.com\/wp-content\/uploads\/2022\/07\/logo-6.png\",\"width\":970,\"height\":200,\"caption\":\"Piston Addict\"},\"image\":{\"@id\":\"https:\/\/pistonaddict.com\/es\/#\/schema\/logo\/image\/\"}}]}<\/script>\n<!-- \/ Yoast SEO plugin. -->","yoast_head_json":{"title":"Normas de comentario - nombre del Piston Addict","robots":{"index":"index","follow":"follow","max-snippet":"max-snippet:-1","max-image-preview":"max-image-preview:large","max-video-preview":"max-video-preview:-1"},"canonical":"https:\/\/pistonaddict.com\/es\/reglas-de-comentarios\/","og_locale":"es_ES","og_type":"article","og_title":"Normas de comentario - nombre del Piston Addict","og_description":"Regla 1. Sea constructivo y no negativo Es m\u00e1s f\u00e1cil decir que algo no te gusta, y a veces puede estar justificado. Por otro lado, es m\u00e1s valioso decir c\u00f3mo se podr\u00eda mejorar, el valor real se a\u00f1ade cuando se puede especificar qu\u00e9 est\u00e1 mal y c\u00f3mo embellecerlo. Regla 2. La experiencia gana A los ... Leer m\u00e1sNormas de comentario","og_url":"https:\/\/pistonaddict.com\/es\/reglas-de-comentarios\/","og_site_name":"Piston Addict","article_modified_time":"2023-02-05T10:11:44+00:00","twitter_card":"summary_large_image","twitter_misc":{"Tiempo de lectura":"2 minutos"},"schema":{"@context":"https:\/\/schema.org","@graph":[{"@type":"WebPage","@id":"https:\/\/pistonaddict.com\/es\/reglas-de-comentarios\/","url":"https:\/\/pistonaddict.com\/es\/reglas-de-comentarios\/","name":"Normas de comentario - nombre del Piston Addict","isPartOf":{"@id":"https:\/\/pistonaddict.com\/es\/#website"},"datePublished":"2022-04-29T09:20:06+00:00","dateModified":"2023-02-05T10:11:44+00:00","breadcrumb":{"@id":"https:\/\/pistonaddict.com\/es\/reglas-de-comentarios\/#breadcrumb"},"inLanguage":"es","potentialAction":[{"@type":"ReadAction","target":["https:\/\/pistonaddict.com\/es\/reglas-de-comentarios\/"]}]},{"@type":"BreadcrumbList","@id":"https:\/\/pistonaddict.com\/es\/reglas-de-comentarios\/#breadcrumb","itemListElement":[{"@type":"ListItem","position":1,"name":"bienvenida","item":"https:\/\/pistonaddict.com\/es\/pagina-web\/"},{"@type":"ListItem","position":2,"name":"Normas de comentario"}]},{"@type":"WebSite","@id":"https:\/\/pistonaddict.com\/es\/#website","url":"https:\/\/pistonaddict.com\/es\/","name":"Piston Addict","description":"Only interesting vehicles","publisher":{"@id":"https:\/\/pistonaddict.com\/es\/#organization"},"potentialAction":[{"@type":"SearchAction","target":{"@type":"EntryPoint","urlTemplate":"https:\/\/pistonaddict.com\/es\/?s={search_term_string}"},"query-input":"required name=search_term_string"}],"inLanguage":"es"},{"@type":"Organization","@id":"https:\/\/pistonaddict.com\/es\/#organization","name":"Piston Addict","url":"https:\/\/pistonaddict.com\/es\/","logo":{"@type":"ImageObject","inLanguage":"es","@id":"https:\/\/pistonaddict.com\/es\/#\/schema\/logo\/image\/","url":"https:\/\/pistonaddict.com\/wp-content\/uploads\/2022\/07\/logo-6.png","contentUrl":"https:\/\/pistonaddict.com\/wp-content\/uploads\/2022\/07\/logo-6.png","width":970,"height":200,"caption":"Piston Addict"},"image":{"@id":"https:\/\/pistonaddict.com\/es\/#\/schema\/logo\/image\/"}}]}},"_links":{"self":[{"href":"https:\/\/pistonaddict.com\/es\/wp-json\/wp\/v2\/pages\/3065"}],"collection":[{"href":"https:\/\/pistonaddict.com\/es\/wp-json\/wp\/v2\/pages"}],"about":[{"href":"https:\/\/pistonaddict.com\/es\/wp-json\/wp\/v2\/types\/page"}],"author":[{"embeddable":true,"href":"https:\/\/pistonaddict.com\/es\/wp-json\/wp\/v2\/users\/1"}],"replies":[{"embeddable":true,"href":"https:\/\/pistonaddict.com\/es\/wp-json\/wp\/v2\/comments?post=3065"}],"version-history":[{"count":6,"href":"https:\/\/pistonaddict.com\/es\/wp-json\/wp\/v2\/pages\/3065\/revisions"}],"predecessor-version":[{"id":26240,"href":"https:\/\/pistonaddict.com\/es\/wp-json\/wp\/v2\/pages\/3065\/revisions\/26240"}],"wp:attachment":[{"href":"https:\/\/pistonaddict.com\/es\/wp-json\/wp\/v2\/media?parent=3065"}],"curies":[{"name":"wp","href":"https:\/\/api.w.org\/{rel}","templated":true}]}}