{"id":2968,"date":"2022-04-29T11:19:25","date_gmt":"2022-04-29T09:19:25","guid":{"rendered":"https:\/\/pistonaddict.com\/gestion-de-cookies\/"},"modified":"2022-10-28T10:21:19","modified_gmt":"2022-10-28T08:21:19","slug":"gestion-de-cookies","status":"publish","type":"page","link":"https:\/\/pistonaddict.com\/es\/gestion-de-cookies\/","title":{"rendered":"Gesti\u00f3n de las cookies"},"content":{"rendered":"\t\t<div data-elementor-type=\"wp-page\" data-elementor-id=\"2968\" class=\"elementor elementor-2968 elementor-2954\">\n\t\t\t\t\t\t<section class=\"elementor-section elementor-top-section elementor-element elementor-element-00987b4 elementor-section-boxed elementor-section-height-default elementor-section-height-default\" data-id=\"00987b4\" data-element_type=\"section\">\n\t\t\t\t\t\t<div class=\"elementor-container elementor-column-gap-default\">\n\t\t\t\t\t<div class=\"elementor-column elementor-col-100 elementor-top-column elementor-element elementor-element-9f5f945\" data-id=\"9f5f945\" data-element_type=\"column\">\n\t\t\t<div class=\"elementor-widget-wrap elementor-element-populated\">\n\t\t\t\t\t\t<div class=\"elementor-element elementor-element-8525f40 elementor-widget elementor-widget-text-editor\" data-id=\"8525f40\" data-element_type=\"widget\" data-widget_type=\"text-editor.default\">\n\t\t\t\t<div class=\"elementor-widget-container\">\n\t\t\t<style>\/*! elementor - v3.21.0 - 18-04-2024 *\/\n.elementor-widget-text-editor.elementor-drop-cap-view-stacked .elementor-drop-cap{background-color:#69727d;color:#fff}.elementor-widget-text-editor.elementor-drop-cap-view-framed .elementor-drop-cap{color:#69727d;border:3px solid;background-color:transparent}.elementor-widget-text-editor:not(.elementor-drop-cap-view-default) .elementor-drop-cap{margin-top:8px}.elementor-widget-text-editor:not(.elementor-drop-cap-view-default) .elementor-drop-cap-letter{width:1em;height:1em}.elementor-widget-text-editor .elementor-drop-cap{float:left;text-align:center;line-height:1;font-size:50px}.elementor-widget-text-editor .elementor-drop-cap-letter{display:inline-block}<\/style>\t\t\t\t<div class=\"wpb_text_column wpb_content_element cms_text_block\">\n<div class=\"wpb_wrapper \">\n<p>Cuando acceda por primera vez al sitio de Internet: https:\/\/www.pistonaddict.com, una banda situada en la parte inferior de la p\u00e1gina le informar\u00e1 de que se registrar\u00e1n datos relativos a su navegaci\u00f3n en unos archivos espec\u00edficos denominados &#8220;cookies&#8221; o archivos de conexi\u00f3n.<\/p>\n<p>Para informarle mejor sobre su funci\u00f3n, los inconvenientes relacionados con su aceptaci\u00f3n o rechazo y las medidas a seguir para bloquear su instalaci\u00f3n en su ordenador, <strong>Piston Addict<\/strong> le presenta su pol\u00edtica de gesti\u00f3n de cookies.<\/p>\n<div class=\"wpb_column vc_column_container vc_col-sm-12\">\n<div class=\"vc_column-inner\">\n<div class=\"wpb_wrapper\"> <\/div>\n<\/div>\n<\/div>\n<div class=\"cms-custom-heading-wrap heading2 text-left vc_custom_heading heading2_uppercase \">\n<h2> <\/h2>\n<h2 class=\"cmsc-custom-heading vc_custom_heading\">1\u00b0 EL PAPEL DE LAS COOKIES O ARCHIVOS DE CONEXI\u00d3N<\/h2>\n<\/div>\n<p>Las cookies permiten recopilar la informaci\u00f3n relativa a su consulta del sitio web (https:\/\/www.pistonaddict.com) con el fin de ajustar y orientar mejor su navegaci\u00f3n. Los archivos de conexi\u00f3n, creados por el navegador, permiten determinar con precisi\u00f3n los servicios y la informaci\u00f3n que busca a partir de las r\u00fabricas y las p\u00e1ginas que consulta.<\/p>\n<p>Para una utilizaci\u00f3n \u00f3ptima del sitio web y de sus servicios, se utilizan diferentes tipos de cookies en funci\u00f3n de sus objetivos:<\/p>\n<ul>\n<li>las cookies de sesi\u00f3n se instalan principalmente en los sitios web de los comerciantes para mantener, durante toda la secuencia de navegaci\u00f3n, ciertos datos almacenados en el fondo,<\/li>\n<li>Las cookies funcionales tienen en cuenta las preferencias de navegaci\u00f3n (idioma, resoluci\u00f3n de la pantalla&#8230;), o recogen la informaci\u00f3n obtenida durante las sesiones de navegaci\u00f3n anteriores (identificadores de conexi\u00f3n, servicios suscritos, datos almacenados&#8230;),<\/li>\n<li>Las cookies anal\u00edticas permiten computar a los internautas y analizar su comportamiento durante la visita al sitio web para generar estad\u00edsticas de frecuencia,<\/li>\n<li>Las cookies de terceros son depositadas en el navegador del internauta por las redes publicitarias o por los socios del sitio de Internet, as\u00ed como por las redes sociales y las plataformas de v\u00eddeo vinculadas a este sitio.<\/li>\n<\/ul>\n<p>Los datos necesarios para los archivos de conexi\u00f3n no permiten identificarte de forma nominativa, se utilizan \u00fanicamente para el buen funcionamiento del sitio de Internet y no son comunicados en ning\u00fan momento por <strong>Piston Addict<\/strong> a otras estructuras.<\/p>\n<div class=\"wpb_column vc_column_container vc_col-sm-12\">\n<div class=\"vc_column-inner\">\n<div class=\"wpb_wrapper\"> <\/div>\n<\/div>\n<\/div>\n<div class=\"cms-custom-heading-wrap heading2 text-left vc_custom_heading heading2_uppercase \">\n<h2> <\/h2>\n<h2 class=\"cmsc-custom-heading vc_custom_heading\">2\u00b0 LAS COOKIES PRESENTES EN EL SITIO PISTONADDICT.COM<\/h2>\n<\/div>\n<div class=\"wpb_text_column wpb_content_element vc_custom_1621498045904 cms_text_block\">\n<div class=\"wpb_wrapper \"> <\/div>\n<\/div>\n<p>Seg\u00fan su naturaleza y el tipo de datos que recogen, las cookies utilizadas en el sitio web https:\/\/www.pistonaddict.com requieren su consentimiento para su uso o son contrarias.<\/p>\n<h3> <\/h3>\n<h3>2.1\u00b0 Las cookies funcionales<\/h3>\n<p>La Comisi\u00f3n Nacional de Inform\u00e1tica y Libertades (CNIL) recomienda prescindir de la recogida del consentimiento de las cookies necesarias para el buen funcionamiento del sitio de Internet o que tengan como \u00fanica finalidad facilitar la comunicaci\u00f3n por v\u00eda electr\u00f3nica.<\/p>\n<p>Se trata principalmente de las cookies de identificaci\u00f3n de sesi\u00f3n, las cookies de sesi\u00f3n para el lector multimedia, las cookies de autentificaci\u00f3n, las cookies de sesi\u00f3n de equilibrio de carga o de creaci\u00f3n, as\u00ed como las cookies de personalizaci\u00f3n de su interfaz de usuario.<\/p>\n<h3> <\/h3>\n<h3>2.2\u00b0 Las cookies de seguimiento<\/h3>\n<p>De acuerdo con la legislaci\u00f3n vigente del RGPD, todas las cookies que permiten el cifrado o el perfil est\u00e1n disponibles antes de ser enviadas a su navegador: el registro de su consentimiento, la posibilidad de oponerse a su uso, la informaci\u00f3n que la realizaci\u00f3n de la navegaci\u00f3n conlleva de acuerdo con el dep\u00f3sito de cookies en su terminal.<\/p>\n<p>Se trata tanto de las cookies de medici\u00f3n de audiencia (Analytics) como de las cookies de compartici\u00f3n en las redes sociales (Facebook&#8230;), estas cookies est\u00e1n sujetas a las pol\u00edticas de confidencialidad de los editores de estas aplicaciones log\u00edsticas.<\/p>\n<h4> <\/h4>\n<h4><strong>2.2.1\u00b0 Las cookies de medici\u00f3n de audiencia<\/strong><\/h4>\n<p>Las cookies de Google Analytics permiten establecer estad\u00edsticas relacionadas con la utilizaci\u00f3n del sitio web: https:\/\/www.pistonaddict.com.<\/p>\n<p>Se han parametrizado para recoger los datos que permitan el registro facultativo de su consentimiento:<\/p>\n<ul>\n<li>las cookies depositadas sirven \u00fanicamente para la elaboraci\u00f3n de estad\u00edsticas an\u00f3nimas, la direcci\u00f3n IP que permite localizarle no es m\u00e1s precisa que el nivel de la ciudad, en concreto se suprimen los dos \u00faltimos octetos de la direcci\u00f3n IP,<\/li>\n<li>las cookies que permiten establecer su trazabilidad y sus direcciones IP no se conservan hasta pasados 13 meses desde la primera visita.<\/li>\n<\/ul>\n<p>La pol\u00edtica de confidencialidad de Google Analytics est\u00e1 disponible en la siguiente direcci\u00f3n: https:\/\/policies.google.com\/privacy?hl=fr<\/p>\n<h3> <\/h3>\n<h4><strong>2.2.2\u00b0 Las cookies de intercambio de datos<\/strong><\/h4>\n<p>Las cookies de intercambio en las redes sociales (Facebook&#8230;) son emitidas y gestionadas por los editores de las aplicaciones. Con su consentimiento, estas cookies le permiten compartir f\u00e1cilmente el contenido publicado en el sitio web: https:\/\/www.pistonaddict.com a trav\u00e9s de aplicaciones espec\u00edficas.<\/p>\n<p>Las pol\u00edticas de confidencialidad de las redes sociales est\u00e1n disponibles en las p\u00e1ginas siguientes:<\/p>\n<ul>\n<li>Facebook : https:\/\/fr-fr.facebook.com\/privacy\/explanation<\/li>\n<li>Twitter : https:\/\/twitter.com\/fr\/privacy#update<\/li>\n<li>Pinterest : https:\/\/policy.pinterest.com\/fr\/privacy-policy<\/li>\n<li>Instagram : https:\/\/help.instagram.com\/519522125107875<\/li>\n<\/ul>\n<h3> <\/h3>\n<h4><strong>2.2.3\u00b0 Las cookies de las plataformas de v\u00eddeo<\/strong><\/h4>\n<p>Las cookies relacionadas con la visualizaci\u00f3n de v\u00eddeos en YouTube son emitidas y gestionadas por el editor de la plataforma de v\u00eddeo. Sin su consentimiento, estas cookies se env\u00edan a su navegador de Internet durante la lectura de los v\u00eddeos publicados en el sitio de Internet: https:\/\/www.pistonaddict.com y alojados en la plataforma.<\/p>\n<p>La pol\u00edtica de confidencialidad de YouTube est\u00e1 disponible en la siguiente direcci\u00f3n: https:\/\/policies.google.com\/privacy?hl=fr-CA<\/p>\n<\/div>\n<\/div>\n<div class=\"wpb_column vc_column_container vc_col-sm-12\">\n<div class=\"vc_column-inner\">\n<div class=\"wpb_wrapper\"> <\/div>\n<\/div>\n<\/div>\n<div class=\"cms-custom-heading-wrap heading2 text-left vc_custom_heading heading2_uppercase \">\n<h2> <\/h2>\n<h2 class=\"cmsc-custom-heading vc_custom_heading\">3\u00b0 LA ACEPTACI\u00d3N O EL RECHAZO DE LAS COOKIES<\/h2>\n<\/div>\n<div class=\"wpb_text_column wpb_content_element vc_custom_1621498045904 cms_text_block\">\n<div class=\"wpb_wrapper \">\n<p>Cuando visite por primera vez el sitio web https:\/\/www.pistonaddict.com, aparecer\u00e1 una banda en la parte inferior de la p\u00e1gina para permitirle aceptar o rechazar las cookies. Este folleto tambi\u00e9n incluye las menciones relativas a la finalizaci\u00f3n de los env\u00edos de cookies en su navegador de Internet.<\/p>\n<p>Tambi\u00e9n puede configurar su navegador de Internet para saber cu\u00e1ndo se depositan cookies con la posibilidad de aceptarlas o rechazarlas. En funci\u00f3n del navegador utilizado la configuraci\u00f3n de la gesti\u00f3n de las cookies (aceptaci\u00f3n o rechazo) es diferente.<\/p>\n<p>Consulte aqu\u00ed las direcciones de las p\u00e1ginas dedicadas a cada uno de los principales navegantes:<\/p>\n<ul>\n<li>Microsoft Internet Explorer : http:\/\/windows.microsoft.com\/fr-FR\/windows-vista\/Block-or-allow-cookies<\/li>\n<li>Google Chrome : https:\/\/support.google.com\/chrome\/answer\/95647?hl=fr<\/li>\n<li>Safari : https:\/\/support.apple.com\/fr-fr\/guide\/safari\/sfri11471\/mac<\/li>\n<li>Firefox : https:\/\/support.mozilla.org\/fr\/kb\/autoriser-bloquer-cookies-preferences-sites<\/li>\n<li>\u00d3pera : https:\/\/help.opera.com\/en\/latest\/web-preferences\/#cookies<\/li>\n<\/ul>\n<p>Nota: El rechazo de las cookies puede impedir la personalizaci\u00f3n de su navegaci\u00f3n en el sitio web: https:\/\/www.pistonaddict.com, por lo que es importante que configure su navegador con conocimiento de causa.<\/p>\n<\/div>\n<\/div>\n<div class=\"wpb_column vc_column_container vc_col-sm-12\">\n<div class=\"vc_column-inner\">\n<div class=\"wpb_wrapper\"> <\/div>\n<\/div>\n<\/div>\n<div class=\"cms-custom-heading-wrap heading2 text-left vc_custom_heading heading2_uppercase \">\n<h2> <\/h2>\n<h2 class=\"cmsc-custom-heading vc_custom_heading\">4\u00b0 LA REVOCACI\u00d3N DEL CONSENTIMIENTO A LAS COOKIES<\/h2>\n<\/div>\n<div class=\"wpb_text_column wpb_content_element vc_custom_1621498045904 cms_text_block\">\n<div class=\"wpb_wrapper \">\n<p>Es posible, en todo momento, revocar su <a class=\"wt-cli-manage-consent-link\">consentimiento a las cookies<\/a> de terceros y a las cookies anal\u00edticas.<\/p>\n<div class=\"wpb_column vc_column_container vc_col-sm-12\">\n<div class=\"vc_column-inner\">\n<div class=\"wpb_wrapper\"> <\/div>\n<\/div>\n<\/div>\n<div class=\"cms-custom-heading-wrap heading2 text-left vc_custom_heading heading2_uppercase \">\n<h2> <\/h2>\n<h2 class=\"cmsc-custom-heading vc_custom_heading\">5\u00b0 LA POL\u00cdTICA DE CONFIDENCIALIDAD<\/h2>\n<\/div>\n<div class=\"wpb_text_column wpb_content_element vc_custom_1621498045904 cms_text_block\">\n<div class=\"wpb_wrapper \"> <\/div>\n<\/div>\n<p>Para saber m\u00e1s sobre la pol\u00edtica de confidencialidad de <strong>Piston Addict<\/strong>: <a href=\"https:\/\/pistonaddict.com\/es\/politica-de-confidencialidad\/\">haga clic aqu\u00ed<\/a>.<\/p>\n<\/div>\n<\/div>\n\t\t\t\t\t\t<\/div>\n\t\t\t\t<\/div>\n\t\t\t\t\t<\/div>\n\t\t<\/div>\n\t\t\t\t\t<\/div>\n\t\t<\/section>\n\t\t\t\t<\/div>\n\t\t","protected":false},"excerpt":{"rendered":"<p>Cuando acceda por primera vez al sitio de Internet: https:\/\/www.pistonaddict.com, una banda situada en la parte inferior de la p\u00e1gina le informar\u00e1 de que se registrar\u00e1n datos relativos a su navegaci\u00f3n en unos archivos espec\u00edficos denominados &#8220;cookies&#8221; o archivos de conexi\u00f3n. Para informarle mejor sobre su funci\u00f3n, los inconvenientes relacionados con su aceptaci\u00f3n o rechazo &#8230; <a title=\"Gesti\u00f3n de las cookies\" class=\"read-more\" href=\"https:\/\/pistonaddict.com\/es\/gestion-de-cookies\/\">Leer m\u00e1s<span class=\"screen-reader-text\">Gesti\u00f3n de las cookies<\/span><\/a><\/p>\n","protected":false},"author":1,"featured_media":0,"parent":0,"menu_order":0,"comment_status":"closed","ping_status":"closed","template":"","meta":{"inline_featured_image":false,"footnotes":""},"acf":[],"yoast_head":"<!-- This site is optimized with the Yoast SEO plugin v22.5 - https:\/\/yoast.com\/wordpress\/plugins\/seo\/ -->\n<title>Gesti\u00f3n de las cookies - nombre del Piston Addict<\/title>\n<meta name=\"robots\" content=\"index, follow, max-snippet:-1, max-image-preview:large, max-video-preview:-1\" \/>\n<link rel=\"canonical\" href=\"https:\/\/pistonaddict.com\/es\/gestion-de-cookies\/\" \/>\n<meta property=\"og:locale\" content=\"es_ES\" \/>\n<meta property=\"og:type\" content=\"article\" \/>\n<meta property=\"og:title\" content=\"Gesti\u00f3n de las cookies - nombre del Piston Addict\" \/>\n<meta property=\"og:description\" content=\"Cuando acceda por primera vez al sitio de Internet: https:\/\/www.pistonaddict.com, una banda situada en la parte inferior de la p\u00e1gina le informar\u00e1 de que se registrar\u00e1n datos relativos a su navegaci\u00f3n en unos archivos espec\u00edficos denominados &#8220;cookies&#8221; o archivos de conexi\u00f3n. Para informarle mejor sobre su funci\u00f3n, los inconvenientes relacionados con su aceptaci\u00f3n o rechazo ... Leer m\u00e1sGesti\u00f3n de las cookies\" \/>\n<meta property=\"og:url\" content=\"https:\/\/pistonaddict.com\/es\/gestion-de-cookies\/\" \/>\n<meta property=\"og:site_name\" content=\"Piston Addict\" \/>\n<meta property=\"article:modified_time\" content=\"2022-10-28T08:21:19+00:00\" \/>\n<meta name=\"twitter:card\" content=\"summary_large_image\" \/>\n<meta name=\"twitter:label1\" content=\"Tiempo de lectura\" \/>\n\t<meta name=\"twitter:data1\" content=\"6 minutos\" \/>\n<script type=\"application\/ld+json\" class=\"yoast-schema-graph\">{\"@context\":\"https:\/\/schema.org\",\"@graph\":[{\"@type\":\"WebPage\",\"@id\":\"https:\/\/pistonaddict.com\/es\/gestion-de-cookies\/\",\"url\":\"https:\/\/pistonaddict.com\/es\/gestion-de-cookies\/\",\"name\":\"Gesti\u00f3n de las cookies - nombre del Piston Addict\",\"isPartOf\":{\"@id\":\"https:\/\/pistonaddict.com\/es\/#website\"},\"datePublished\":\"2022-04-29T09:19:25+00:00\",\"dateModified\":\"2022-10-28T08:21:19+00:00\",\"breadcrumb\":{\"@id\":\"https:\/\/pistonaddict.com\/es\/gestion-de-cookies\/#breadcrumb\"},\"inLanguage\":\"es\",\"potentialAction\":[{\"@type\":\"ReadAction\",\"target\":[\"https:\/\/pistonaddict.com\/es\/gestion-de-cookies\/\"]}]},{\"@type\":\"BreadcrumbList\",\"@id\":\"https:\/\/pistonaddict.com\/es\/gestion-de-cookies\/#breadcrumb\",\"itemListElement\":[{\"@type\":\"ListItem\",\"position\":1,\"name\":\"bienvenida\",\"item\":\"https:\/\/pistonaddict.com\/es\/pagina-web\/\"},{\"@type\":\"ListItem\",\"position\":2,\"name\":\"Gesti\u00f3n de las cookies\"}]},{\"@type\":\"WebSite\",\"@id\":\"https:\/\/pistonaddict.com\/es\/#website\",\"url\":\"https:\/\/pistonaddict.com\/es\/\",\"name\":\"Piston Addict\",\"description\":\"Only interesting vehicles\",\"publisher\":{\"@id\":\"https:\/\/pistonaddict.com\/es\/#organization\"},\"potentialAction\":[{\"@type\":\"SearchAction\",\"target\":{\"@type\":\"EntryPoint\",\"urlTemplate\":\"https:\/\/pistonaddict.com\/es\/?s={search_term_string}\"},\"query-input\":\"required name=search_term_string\"}],\"inLanguage\":\"es\"},{\"@type\":\"Organization\",\"@id\":\"https:\/\/pistonaddict.com\/es\/#organization\",\"name\":\"Piston Addict\",\"url\":\"https:\/\/pistonaddict.com\/es\/\",\"logo\":{\"@type\":\"ImageObject\",\"inLanguage\":\"es\",\"@id\":\"https:\/\/pistonaddict.com\/es\/#\/schema\/logo\/image\/\",\"url\":\"https:\/\/pistonaddict.com\/wp-content\/uploads\/2022\/07\/logo-6.png\",\"contentUrl\":\"https:\/\/pistonaddict.com\/wp-content\/uploads\/2022\/07\/logo-6.png\",\"width\":970,\"height\":200,\"caption\":\"Piston Addict\"},\"image\":{\"@id\":\"https:\/\/pistonaddict.com\/es\/#\/schema\/logo\/image\/\"}}]}<\/script>\n<!-- \/ Yoast SEO plugin. -->","yoast_head_json":{"title":"Gesti\u00f3n de las cookies - nombre del Piston Addict","robots":{"index":"index","follow":"follow","max-snippet":"max-snippet:-1","max-image-preview":"max-image-preview:large","max-video-preview":"max-video-preview:-1"},"canonical":"https:\/\/pistonaddict.com\/es\/gestion-de-cookies\/","og_locale":"es_ES","og_type":"article","og_title":"Gesti\u00f3n de las cookies - nombre del Piston Addict","og_description":"Cuando acceda por primera vez al sitio de Internet: https:\/\/www.pistonaddict.com, una banda situada en la parte inferior de la p\u00e1gina le informar\u00e1 de que se registrar\u00e1n datos relativos a su navegaci\u00f3n en unos archivos espec\u00edficos denominados &#8220;cookies&#8221; o archivos de conexi\u00f3n. Para informarle mejor sobre su funci\u00f3n, los inconvenientes relacionados con su aceptaci\u00f3n o rechazo ... Leer m\u00e1sGesti\u00f3n de las cookies","og_url":"https:\/\/pistonaddict.com\/es\/gestion-de-cookies\/","og_site_name":"Piston Addict","article_modified_time":"2022-10-28T08:21:19+00:00","twitter_card":"summary_large_image","twitter_misc":{"Tiempo de lectura":"6 minutos"},"schema":{"@context":"https:\/\/schema.org","@graph":[{"@type":"WebPage","@id":"https:\/\/pistonaddict.com\/es\/gestion-de-cookies\/","url":"https:\/\/pistonaddict.com\/es\/gestion-de-cookies\/","name":"Gesti\u00f3n de las cookies - nombre del Piston Addict","isPartOf":{"@id":"https:\/\/pistonaddict.com\/es\/#website"},"datePublished":"2022-04-29T09:19:25+00:00","dateModified":"2022-10-28T08:21:19+00:00","breadcrumb":{"@id":"https:\/\/pistonaddict.com\/es\/gestion-de-cookies\/#breadcrumb"},"inLanguage":"es","potentialAction":[{"@type":"ReadAction","target":["https:\/\/pistonaddict.com\/es\/gestion-de-cookies\/"]}]},{"@type":"BreadcrumbList","@id":"https:\/\/pistonaddict.com\/es\/gestion-de-cookies\/#breadcrumb","itemListElement":[{"@type":"ListItem","position":1,"name":"bienvenida","item":"https:\/\/pistonaddict.com\/es\/pagina-web\/"},{"@type":"ListItem","position":2,"name":"Gesti\u00f3n de las cookies"}]},{"@type":"WebSite","@id":"https:\/\/pistonaddict.com\/es\/#website","url":"https:\/\/pistonaddict.com\/es\/","name":"Piston Addict","description":"Only interesting vehicles","publisher":{"@id":"https:\/\/pistonaddict.com\/es\/#organization"},"potentialAction":[{"@type":"SearchAction","target":{"@type":"EntryPoint","urlTemplate":"https:\/\/pistonaddict.com\/es\/?s={search_term_string}"},"query-input":"required name=search_term_string"}],"inLanguage":"es"},{"@type":"Organization","@id":"https:\/\/pistonaddict.com\/es\/#organization","name":"Piston Addict","url":"https:\/\/pistonaddict.com\/es\/","logo":{"@type":"ImageObject","inLanguage":"es","@id":"https:\/\/pistonaddict.com\/es\/#\/schema\/logo\/image\/","url":"https:\/\/pistonaddict.com\/wp-content\/uploads\/2022\/07\/logo-6.png","contentUrl":"https:\/\/pistonaddict.com\/wp-content\/uploads\/2022\/07\/logo-6.png","width":970,"height":200,"caption":"Piston Addict"},"image":{"@id":"https:\/\/pistonaddict.com\/es\/#\/schema\/logo\/image\/"}}]}},"_links":{"self":[{"href":"https:\/\/pistonaddict.com\/es\/wp-json\/wp\/v2\/pages\/2968"}],"collection":[{"href":"https:\/\/pistonaddict.com\/es\/wp-json\/wp\/v2\/pages"}],"about":[{"href":"https:\/\/pistonaddict.com\/es\/wp-json\/wp\/v2\/types\/page"}],"author":[{"embeddable":true,"href":"https:\/\/pistonaddict.com\/es\/wp-json\/wp\/v2\/users\/1"}],"replies":[{"embeddable":true,"href":"https:\/\/pistonaddict.com\/es\/wp-json\/wp\/v2\/comments?post=2968"}],"version-history":[{"count":5,"href":"https:\/\/pistonaddict.com\/es\/wp-json\/wp\/v2\/pages\/2968\/revisions"}],"predecessor-version":[{"id":16018,"href":"https:\/\/pistonaddict.com\/es\/wp-json\/wp\/v2\/pages\/2968\/revisions\/16018"}],"wp:attachment":[{"href":"https:\/\/pistonaddict.com\/es\/wp-json\/wp\/v2\/media?parent=2968"}],"curies":[{"name":"wp","href":"https:\/\/api.w.org\/{rel}","templated":true}]}}