{"id":2904,"date":"2022-04-29T11:18:49","date_gmt":"2022-04-29T09:18:49","guid":{"rendered":"https:\/\/pistonaddict.com\/despacho\/"},"modified":"2022-05-04T17:59:58","modified_gmt":"2022-05-04T15:59:58","slug":"despacho","status":"publish","type":"page","link":"https:\/\/pistonaddict.com\/es\/despacho\/","title":{"rendered":"Despacho"},"content":{"rendered":"\t\t<div data-elementor-type=\"wp-page\" data-elementor-id=\"2904\" class=\"elementor elementor-2904 elementor-333\">\n\t\t\t\t\t\t<section class=\"elementor-section elementor-top-section elementor-element elementor-element-eb8a04d elementor-section-boxed elementor-section-height-default elementor-section-height-default\" data-id=\"eb8a04d\" data-element_type=\"section\">\n\t\t\t\t\t\t<div class=\"elementor-container elementor-column-gap-default\">\n\t\t\t\t\t<div class=\"elementor-column elementor-col-100 elementor-top-column elementor-element elementor-element-43edc4e\" data-id=\"43edc4e\" data-element_type=\"column\">\n\t\t\t<div class=\"elementor-widget-wrap elementor-element-populated\">\n\t\t\t\t\t\t<div class=\"elementor-element elementor-element-d78828a elementor-widget elementor-widget-text-editor\" data-id=\"d78828a\" data-element_type=\"widget\" data-widget_type=\"text-editor.default\">\n\t\t\t\t<div class=\"elementor-widget-container\">\n\t\t\t<style>\/*! elementor - v3.21.0 - 18-04-2024 *\/\n.elementor-widget-text-editor.elementor-drop-cap-view-stacked .elementor-drop-cap{background-color:#69727d;color:#fff}.elementor-widget-text-editor.elementor-drop-cap-view-framed .elementor-drop-cap{color:#69727d;border:3px solid;background-color:transparent}.elementor-widget-text-editor:not(.elementor-drop-cap-view-default) .elementor-drop-cap{margin-top:8px}.elementor-widget-text-editor:not(.elementor-drop-cap-view-default) .elementor-drop-cap-letter{width:1em;height:1em}.elementor-widget-text-editor .elementor-drop-cap{float:left;text-align:center;line-height:1;font-size:50px}.elementor-widget-text-editor .elementor-drop-cap-letter{display:inline-block}<\/style>\t\t\t\t\n          <h1>\n            <strong>ENV\u00cdO DE SU VEH\u00cdCULO<\/strong>\n          <\/h1>\n          <h2>\n            <strong>\u00bfC\u00d3MO TRANSPORTAR TU VEH\u00cdCULO?<\/strong>\n          <\/h2>\n          <p>Hay varias soluciones disponibles para usted si desea que su veh\u00edculo sea transportado.<\/p>\n          <p>Puedes hacerlo por tu cuenta o utilizar servicios de transporte profesionales como remolque, transporte, transporte en plataforma o cami\u00f3n o finalmente transporte mar\u00edtimo.<\/p>\n          <h3>\n            <strong>1- Remolque de veh\u00edculos<\/strong>\n          <\/h3>\n          <p>Este tipo de transporte es apropiado para distancias cortas, a baja velocidad. Para remolcar su veh\u00edculo, necesitar\u00e1:<\/p>\n          <ul>\n            <li>Use una barra de dominadas aprobada para m\u00e1xima seguridad;<\/li>\n            <li>Estar acompa\u00f1ado por un conductor en el veh\u00edculo remolcado;<\/li>\n            <li>Conducir a un m\u00e1ximo de 50 km\/h y utilizar \u00fanicamente los ejes secundarios;<\/li>\n            <li>Proporcionar un veh\u00edculo de remolque m\u00e1s pesado que el veh\u00edculo remolcado;<\/li>\n            <li>Utilice las advertencias, tenga cuidado y adopte un estilo de conducci\u00f3n flexible.<\/li>\n          <\/ul>\n          <h2> <\/h2>\n          <h3>\n            <strong>2- Transportar un veh\u00edculo sobre una plataforma<\/strong>\n          <\/h3>\n          <p>Esta opci\u00f3n es adecuada para transportar su veh\u00edculo largas distancias con total seguridad. Puede elegir que su veh\u00edculo sea transportado en un cami\u00f3n plataforma, preferiblemente cubierto, para proteger la carrocer\u00eda durante el transporte.<\/p>\n          <h3>\n            <strong>3- Transporte de veh\u00edculos en cami\u00f3n<\/strong>\n          <\/h3>\n          <p>Este es el mismo principio que el transporte en un cami\u00f3n de plataforma, pero en este caso su veh\u00edculo se transporta en el remolque del cami\u00f3n. Esta alternativa es posible incluso si solo tiene un veh\u00edculo para transportar. Esta opci\u00f3n es econ\u00f3mica; los mejores jugadores del mercado ofrecen plazos de entrega de una a dos semanas desde la recepci\u00f3n del pedido hasta la entrega.<\/p>\n          <h3>\n            <strong>4- Transporte de veh\u00edculos<\/strong>\n          <\/h3>\n          <p>Para que el transporte sea posible, el veh\u00edculo debe ser m\u00f3vil, en buen estado de funcionamiento y bien mantenido. Un transportador se asigna a sus necesidades y conduce el veh\u00edculo desde la salida hasta el destino.<\/p>\n          <p>Es una alternativa r\u00e1pida sin pasar por diferentes plataformas de carga o descarga pero m\u00e1s cara.<\/p>\n          <h3>\n            <strong>5- Transporte mar\u00edtimo<\/strong>\n          <\/h3>\n          <p>El transporte de autom\u00f3viles por buque ro-ro (o RO-RO) representa una gran mayor\u00eda del flete mar\u00edtimo de veh\u00edculos. Los veh\u00edculos est\u00e1n estacionados all\u00ed durante la duraci\u00f3n del transporte. Es el modo de env\u00edo de autom\u00f3viles m\u00e1s econ\u00f3mico y, a veces, m\u00e1s r\u00e1pido.<\/p>\n          <p>El uso de un agente de env\u00edo a menudo es obligatorio para poder enviar un veh\u00edculo a un pa\u00eds extranjero. Este se encargar\u00e1 de los tr\u00e1mites administrativos en el puerto de salida, pero tambi\u00e9n en el puerto de llegada.<\/p>\n          <h2>\n            <strong>\u00bfCU\u00c1LES SON LOS DOCUMENTOS QUE DEBEN APORTAR PARA ENVIAR SU VEH\u00cdCULO INTERNACIONALMENTE?<\/strong>\n          <\/h2>\n          <ul>\n            <li>La factura de compra del veh\u00edculo;<\/li>\n            <li>Una copia de su documento de identidad;<\/li>\n            <li>El documento de registro del veh\u00edculo;<\/li>\n            <li>El certificado de transferencia;<\/li>\n            <li>El certificado de no prenda;<\/li>\n            <li>El certificado de valor completo y firmado ( <strong><a href=\"https:\/\/pistonaddict.com\/wp-content\/uploads\/2022\/05\/Attestation-de-valeur-vehicule.pdf\" target=\"_blank\" rel=\"noopener\"><u>descargarlo<\/u><\/a><\/strong> ).<\/li>\n          <\/ul>\n          <p>Seg\u00fan el pa\u00eds de destino, es posible que se requieran otros documentos. No olvide preguntar a su transportista si los impuestos, aranceles y tarifas de despacho de aduana est\u00e1n incluidos en la cotizaci\u00f3n presentada.<\/p>\n          <h2>\n            <strong>\u00bfCU\u00c1NTO CUESTA ENVIAR UN VEH\u00cdCULO A NIVEL INTERNACIONAL?<\/strong>\n          <\/h2>\n          <p>Las tarifas var\u00edan naturalmente de un transportista a otro: la empresa de transporte de veh\u00edculos tiene en cuenta varios elementos para calcular los costes de transporte:<\/p>\n          <ul>\n            <li>El tipo de veh\u00edculo;<\/li>\n            <li>El modo de transporte;<\/li>\n            <li>La distancia entre los dos pa\u00edses;<\/li>\n            <li>El plazo de env\u00edo y la \u00e9poca del a\u00f1o.<\/li>\n          <\/ul>\n          <p>Usted seguir\u00e1 siendo responsable del seguro de transporte, que le ofrecer\u00e1 la empresa de transporte, as\u00ed como de las tasas e impuestos aduaneros que deba pagar.<\/p>\n          <p>El transporte terrestre es la forma m\u00e1s pr\u00e1ctica de enviar un veh\u00edculo, especialmente entre pa\u00edses lim\u00edtrofes. El transporte mar\u00edtimo tiene la ventaja de ser econ\u00f3mico pero m\u00e1s lento.<\/p>\n          <h2>\n            <strong>CONSEJO PARA ADICTOS AL PIST\u00d3N<\/strong>\n          <\/h2>\n          <p>Ahora que ya sabes todo lo que hay que saber sobre el transporte de veh\u00edculos, aqu\u00ed tienes algunos consejos que siempre es bueno seguir, antes de confiar tu veh\u00edculo a la empresa de transporte de tu elecci\u00f3n:<\/p>\n          <ul>\n            <li>Desactivar la alarma si la hay, para evitar que suene durante el transporte;<\/li>\n            <li>Cargue la bater\u00eda al m\u00e1ximo, para que no se descargue por completo durante el transporte;<\/li>\n            <li>Vac\u00ede el tanque de combustible tanto como sea posible, como medida de seguridad;<\/li>\n            <li>Tenga cuidado de no dejar ning\u00fan objeto en el veh\u00edculo;<\/li>\n            <li>Conservar constancia del estado del veh\u00edculo antes de entregarlo al transportista;<\/li>\n            <li>Contratar un seguro para tener una garant\u00eda de devoluci\u00f3n de dinero en caso de un problema durante el transporte;<\/li>\n            <li>Conservar los originales del certificado de circulaci\u00f3n del veh\u00edculo, del certificado de dominio y del certificado de no prenda;<\/li>\n            <li>Mantenga un repuesto de las llaves del veh\u00edculo con usted. Y sobre todo, no olvide enviar el duplicado de llaves una vez recibido el veh\u00edculo por el comprador.<\/li>\n          <\/ul>\n          <p> <\/p>\n          <h2>\n            <strong>Nuestras recomendaciones en cami\u00f3n<\/strong>\n          <\/h2>\n          <ul>\n            <li><em><strong>Alemania \u2013 Austria \u2013 B\u00e9lgica \u2013 Espa\u00f1a \u2013 Francia &#8211; Italia \u2013 Pa\u00edses Bajos \u2013 Portugal \u2013 Suiza &#8211; Reino Unido<\/strong> :<\/em> Internacional: <a href=\"https:\/\/www.eurosender.com\/en\/vt\/vehicle-transport\/car\" target=\"_blank\" rel=\"noopener\">Eurosender<\/a> , <a href=\"https:\/\/www.shiply.com\/vehicle-delivery\/car-transport-to-europe.php\" target=\"_blank\" rel=\"noopener\">Shiply<\/a><\/li>\n            <li><strong><em>Francia:<\/em><\/strong> Nacional: <a href=\"https:\/\/disposeo.com\/\" target=\"_blank\" rel=\"noopener\">Disposeo<\/a> , <a href=\"https:\/\/www.hiflow.com\/particulier\" target=\"_blank\" rel=\"noopener\">Hiflow<\/a><\/li>\n          <\/ul>\n          <h2>\n            <strong>Nuestras recomendaciones por mar<\/strong>\n          <\/h2>\n          <ul>\n            <li><a href=\"https:\/\/cfrrinkens.com\/rate-request\/\" target=\"_blank\" rel=\"noopener\">CFR Rinkens<\/a> , <a href=\"https:\/\/www.carseurope.net\/international-car-transportation-quote\/\" target=\"_blank\" rel=\"noopener\">COCHES<\/a><\/li>\n          <\/ul>\n        \t\t\t\t\t\t<\/div>\n\t\t\t\t<\/div>\n\t\t\t\t\t<\/div>\n\t\t<\/div>\n\t\t\t\t\t<\/div>\n\t\t<\/section>\n\t\t\t\t<\/div>\n\t\t","protected":false},"excerpt":{"rendered":"<p>ENV\u00cdO DE SU VEH\u00cdCULO \u00bfC\u00d3MO TRANSPORTAR TU VEH\u00cdCULO? Hay varias soluciones disponibles para usted si desea que su veh\u00edculo sea transportado. Puedes hacerlo por tu cuenta o utilizar servicios de transporte profesionales como remolque, transporte, transporte en plataforma o cami\u00f3n o finalmente transporte mar\u00edtimo. 1- Remolque de veh\u00edculos Este tipo de transporte es apropiado para &#8230; <a title=\"Despacho\" class=\"read-more\" href=\"https:\/\/pistonaddict.com\/es\/despacho\/\">Leer m\u00e1s<span class=\"screen-reader-text\">Despacho<\/span><\/a><\/p>\n","protected":false},"author":1,"featured_media":0,"parent":0,"menu_order":0,"comment_status":"closed","ping_status":"closed","template":"","meta":{"inline_featured_image":false,"footnotes":""},"acf":[],"yoast_head":"<!-- This site is optimized with the Yoast SEO plugin v22.5 - https:\/\/yoast.com\/wordpress\/plugins\/seo\/ -->\n<title>Despacho - nombre del Piston Addict<\/title>\n<meta name=\"robots\" content=\"index, follow, max-snippet:-1, max-image-preview:large, max-video-preview:-1\" \/>\n<link rel=\"canonical\" href=\"https:\/\/pistonaddict.com\/es\/despacho\/\" \/>\n<meta property=\"og:locale\" content=\"es_ES\" \/>\n<meta property=\"og:type\" content=\"article\" \/>\n<meta property=\"og:title\" content=\"Despacho - nombre del Piston Addict\" \/>\n<meta property=\"og:description\" content=\"ENV\u00cdO DE SU VEH\u00cdCULO \u00bfC\u00d3MO TRANSPORTAR TU VEH\u00cdCULO? Hay varias soluciones disponibles para usted si desea que su veh\u00edculo sea transportado. Puedes hacerlo por tu cuenta o utilizar servicios de transporte profesionales como remolque, transporte, transporte en plataforma o cami\u00f3n o finalmente transporte mar\u00edtimo. 1- Remolque de veh\u00edculos Este tipo de transporte es apropiado para ... Leer m\u00e1sDespacho\" \/>\n<meta property=\"og:url\" content=\"https:\/\/pistonaddict.com\/es\/despacho\/\" \/>\n<meta property=\"og:site_name\" content=\"Piston Addict\" \/>\n<meta property=\"article:modified_time\" content=\"2022-05-04T15:59:58+00:00\" \/>\n<meta name=\"twitter:card\" content=\"summary_large_image\" \/>\n<meta name=\"twitter:label1\" content=\"Tiempo de lectura\" \/>\n\t<meta name=\"twitter:data1\" content=\"4 minutos\" \/>\n<script type=\"application\/ld+json\" class=\"yoast-schema-graph\">{\"@context\":\"https:\/\/schema.org\",\"@graph\":[{\"@type\":\"WebPage\",\"@id\":\"https:\/\/pistonaddict.com\/es\/despacho\/\",\"url\":\"https:\/\/pistonaddict.com\/es\/despacho\/\",\"name\":\"Despacho - nombre del Piston Addict\",\"isPartOf\":{\"@id\":\"https:\/\/pistonaddict.com\/es\/#website\"},\"datePublished\":\"2022-04-29T09:18:49+00:00\",\"dateModified\":\"2022-05-04T15:59:58+00:00\",\"breadcrumb\":{\"@id\":\"https:\/\/pistonaddict.com\/es\/despacho\/#breadcrumb\"},\"inLanguage\":\"es\",\"potentialAction\":[{\"@type\":\"ReadAction\",\"target\":[\"https:\/\/pistonaddict.com\/es\/despacho\/\"]}]},{\"@type\":\"BreadcrumbList\",\"@id\":\"https:\/\/pistonaddict.com\/es\/despacho\/#breadcrumb\",\"itemListElement\":[{\"@type\":\"ListItem\",\"position\":1,\"name\":\"bienvenida\",\"item\":\"https:\/\/pistonaddict.com\/es\/pagina-web\/\"},{\"@type\":\"ListItem\",\"position\":2,\"name\":\"Despacho\"}]},{\"@type\":\"WebSite\",\"@id\":\"https:\/\/pistonaddict.com\/es\/#website\",\"url\":\"https:\/\/pistonaddict.com\/es\/\",\"name\":\"Piston Addict\",\"description\":\"Only interesting vehicles\",\"publisher\":{\"@id\":\"https:\/\/pistonaddict.com\/es\/#organization\"},\"potentialAction\":[{\"@type\":\"SearchAction\",\"target\":{\"@type\":\"EntryPoint\",\"urlTemplate\":\"https:\/\/pistonaddict.com\/es\/?s={search_term_string}\"},\"query-input\":\"required name=search_term_string\"}],\"inLanguage\":\"es\"},{\"@type\":\"Organization\",\"@id\":\"https:\/\/pistonaddict.com\/es\/#organization\",\"name\":\"Piston Addict\",\"url\":\"https:\/\/pistonaddict.com\/es\/\",\"logo\":{\"@type\":\"ImageObject\",\"inLanguage\":\"es\",\"@id\":\"https:\/\/pistonaddict.com\/es\/#\/schema\/logo\/image\/\",\"url\":\"https:\/\/pistonaddict.com\/wp-content\/uploads\/2022\/07\/logo-6.png\",\"contentUrl\":\"https:\/\/pistonaddict.com\/wp-content\/uploads\/2022\/07\/logo-6.png\",\"width\":970,\"height\":200,\"caption\":\"Piston Addict\"},\"image\":{\"@id\":\"https:\/\/pistonaddict.com\/es\/#\/schema\/logo\/image\/\"}}]}<\/script>\n<!-- \/ Yoast SEO plugin. -->","yoast_head_json":{"title":"Despacho - nombre del Piston Addict","robots":{"index":"index","follow":"follow","max-snippet":"max-snippet:-1","max-image-preview":"max-image-preview:large","max-video-preview":"max-video-preview:-1"},"canonical":"https:\/\/pistonaddict.com\/es\/despacho\/","og_locale":"es_ES","og_type":"article","og_title":"Despacho - nombre del Piston Addict","og_description":"ENV\u00cdO DE SU VEH\u00cdCULO \u00bfC\u00d3MO TRANSPORTAR TU VEH\u00cdCULO? Hay varias soluciones disponibles para usted si desea que su veh\u00edculo sea transportado. Puedes hacerlo por tu cuenta o utilizar servicios de transporte profesionales como remolque, transporte, transporte en plataforma o cami\u00f3n o finalmente transporte mar\u00edtimo. 1- Remolque de veh\u00edculos Este tipo de transporte es apropiado para ... Leer m\u00e1sDespacho","og_url":"https:\/\/pistonaddict.com\/es\/despacho\/","og_site_name":"Piston Addict","article_modified_time":"2022-05-04T15:59:58+00:00","twitter_card":"summary_large_image","twitter_misc":{"Tiempo de lectura":"4 minutos"},"schema":{"@context":"https:\/\/schema.org","@graph":[{"@type":"WebPage","@id":"https:\/\/pistonaddict.com\/es\/despacho\/","url":"https:\/\/pistonaddict.com\/es\/despacho\/","name":"Despacho - nombre del Piston Addict","isPartOf":{"@id":"https:\/\/pistonaddict.com\/es\/#website"},"datePublished":"2022-04-29T09:18:49+00:00","dateModified":"2022-05-04T15:59:58+00:00","breadcrumb":{"@id":"https:\/\/pistonaddict.com\/es\/despacho\/#breadcrumb"},"inLanguage":"es","potentialAction":[{"@type":"ReadAction","target":["https:\/\/pistonaddict.com\/es\/despacho\/"]}]},{"@type":"BreadcrumbList","@id":"https:\/\/pistonaddict.com\/es\/despacho\/#breadcrumb","itemListElement":[{"@type":"ListItem","position":1,"name":"bienvenida","item":"https:\/\/pistonaddict.com\/es\/pagina-web\/"},{"@type":"ListItem","position":2,"name":"Despacho"}]},{"@type":"WebSite","@id":"https:\/\/pistonaddict.com\/es\/#website","url":"https:\/\/pistonaddict.com\/es\/","name":"Piston Addict","description":"Only interesting vehicles","publisher":{"@id":"https:\/\/pistonaddict.com\/es\/#organization"},"potentialAction":[{"@type":"SearchAction","target":{"@type":"EntryPoint","urlTemplate":"https:\/\/pistonaddict.com\/es\/?s={search_term_string}"},"query-input":"required name=search_term_string"}],"inLanguage":"es"},{"@type":"Organization","@id":"https:\/\/pistonaddict.com\/es\/#organization","name":"Piston Addict","url":"https:\/\/pistonaddict.com\/es\/","logo":{"@type":"ImageObject","inLanguage":"es","@id":"https:\/\/pistonaddict.com\/es\/#\/schema\/logo\/image\/","url":"https:\/\/pistonaddict.com\/wp-content\/uploads\/2022\/07\/logo-6.png","contentUrl":"https:\/\/pistonaddict.com\/wp-content\/uploads\/2022\/07\/logo-6.png","width":970,"height":200,"caption":"Piston Addict"},"image":{"@id":"https:\/\/pistonaddict.com\/es\/#\/schema\/logo\/image\/"}}]}},"_links":{"self":[{"href":"https:\/\/pistonaddict.com\/es\/wp-json\/wp\/v2\/pages\/2904"}],"collection":[{"href":"https:\/\/pistonaddict.com\/es\/wp-json\/wp\/v2\/pages"}],"about":[{"href":"https:\/\/pistonaddict.com\/es\/wp-json\/wp\/v2\/types\/page"}],"author":[{"embeddable":true,"href":"https:\/\/pistonaddict.com\/es\/wp-json\/wp\/v2\/users\/1"}],"replies":[{"embeddable":true,"href":"https:\/\/pistonaddict.com\/es\/wp-json\/wp\/v2\/comments?post=2904"}],"version-history":[{"count":2,"href":"https:\/\/pistonaddict.com\/es\/wp-json\/wp\/v2\/pages\/2904\/revisions"}],"predecessor-version":[{"id":4072,"href":"https:\/\/pistonaddict.com\/es\/wp-json\/wp\/v2\/pages\/2904\/revisions\/4072"}],"wp:attachment":[{"href":"https:\/\/pistonaddict.com\/es\/wp-json\/wp\/v2\/media?parent=2904"}],"curies":[{"name":"wp","href":"https:\/\/api.w.org\/{rel}","templated":true}]}}