{"id":2865,"date":"2022-04-29T11:18:33","date_gmt":"2022-04-29T09:18:33","guid":{"rendered":"https:\/\/pistonaddict.com\/notas-legales\/"},"modified":"2024-10-26T08:17:36","modified_gmt":"2024-10-26T06:17:36","slug":"notas-legales","status":"publish","type":"page","link":"https:\/\/pistonaddict.com\/es\/notas-legales\/","title":{"rendered":"Aviso legal"},"content":{"rendered":"\t\t<div data-elementor-type=\"wp-page\" data-elementor-id=\"2865\" class=\"elementor elementor-2865 elementor-2848\">\n\t\t\t\t\t\t<section class=\"elementor-section elementor-top-section elementor-element elementor-element-4eb0e23 elementor-section-boxed elementor-section-height-default elementor-section-height-default\" data-id=\"4eb0e23\" data-element_type=\"section\">\n\t\t\t\t\t\t<div class=\"elementor-container elementor-column-gap-default\">\n\t\t\t\t\t<div class=\"elementor-column elementor-col-100 elementor-top-column elementor-element elementor-element-229cbe5\" data-id=\"229cbe5\" data-element_type=\"column\">\n\t\t\t<div class=\"elementor-widget-wrap elementor-element-populated\">\n\t\t\t\t\t\t<div class=\"elementor-element elementor-element-2af4966 elementor-widget elementor-widget-text-editor\" data-id=\"2af4966\" data-element_type=\"widget\" data-widget_type=\"text-editor.default\">\n\t\t\t\t<div class=\"elementor-widget-container\">\n\t\t\t<style>\/*! elementor - v3.21.0 - 18-04-2024 *\/\n.elementor-widget-text-editor.elementor-drop-cap-view-stacked .elementor-drop-cap{background-color:#69727d;color:#fff}.elementor-widget-text-editor.elementor-drop-cap-view-framed .elementor-drop-cap{color:#69727d;border:3px solid;background-color:transparent}.elementor-widget-text-editor:not(.elementor-drop-cap-view-default) .elementor-drop-cap{margin-top:8px}.elementor-widget-text-editor:not(.elementor-drop-cap-view-default) .elementor-drop-cap-letter{width:1em;height:1em}.elementor-widget-text-editor .elementor-drop-cap{float:left;text-align:center;line-height:1;font-size:50px}.elementor-widget-text-editor .elementor-drop-cap-letter{display:inline-block}<\/style>\t\t\t\t<h2><strong>PRESENTACI\u00d3N DEL SITIO WEB<\/strong><\/h2>\n<p>De conformidad con el art\u00edculo 6 de la ley n\u00ba 2004-575 de 21 de junio de 2004 sobre la confianza en la econom\u00eda digital y en aplicaci\u00f3n del <strong>Reglamento<\/strong> <strong>General de Protecci\u00f3n de Datos<\/strong> [Reglamento (UE) 2016\/679], se especifica a los usuarios del sitio: https:\/\/www.pistonaddict.com, la identidad de los distintos actores en el marco de su realizaci\u00f3n y su seguimiento.<\/p>\n<ul>\n<li><strong>Propietario:<\/strong> <strong>Piston Addict SA<\/strong><\/li>\n<li>SA con un capital social de 400 000 CHF<\/li>\n<li>N\u00famero IDE: CHE-354.351.695<\/li>\n<li>N\u00famero de IVA : CHE-354.351.695TVA y EU528667635 (N\u00famero OSS no UE)<\/li>\n<li>Oficina : Rue Alexandre Gavard 16, 1227 Carouge,&nbsp; Suiza<\/li>\n<li>Tel\u00e9fono : 00 41 22 342 03 55<\/li>\n<\/ul>\n<ul>\n<li><strong>Creador\/Webmaster: KUBIWEB<\/strong><\/li>\n<li>SAS con un capital social de 21 320<\/li>\n<li>N\u00famero SIRET: 53018964600025<\/li>\n<li>Sede central: 46-48 Chemin de la Bruy\u00e8re &#8211; 69570 DARDILLY<\/li>\n<\/ul>\n<ul>\n<li><strong>Anfitri\u00f3n: HOSTINGER<\/strong><\/li>\n<li>Sede central: HOSTINGER INTERNATIONAL LTD, 61 Lordou Vironos Street, 6023 Larnaca, Chipre<\/li>\n<li>Contacto: <a href=\"https:\/\/www.hostinger.fr\/contact\" target=\"_blank\" rel=\"noopener\">https:\/\/www.hostinger.fr\/contact<\/a><\/li>\n<\/ul>\n\n<ul>\n<li>Correo electr\u00f3nico : <a href=\"https:\/\/pistonaddict.com\/es\/contactenos\/\">Formulario de contacto<\/a><\/li>\n<\/ul>\n<p>Las actividades de Piston Addict tienen lugar en todo el mundo, con un enfoque principal en Europa, excepto Reino Unido e Irlanda.&nbsp;<\/p>\n<p><\/p>\n<h2><strong>CONDICIONES GENERALES DE UTILIZACI\u00d3N DEL SITIO Y DE LOS SERVICIOS OFRECIDOS<\/strong><\/h2>\n<p>El uso del sitio https:\/\/www.pistonaddict.com implica la plena aceptaci\u00f3n de las condiciones generales de uso que se describen a continuaci\u00f3n. Estas condiciones de uso pueden modificarse o completarse en cualquier momento, por lo que se invita a los usuarios del sitio https:\/\/www.pistonaddict.com a consultarlas peri\u00f3dicamente.<\/p>\n<p>Normalmente, los usuarios pueden acceder a este sitio en cualquier momento. No obstante, una interrupci\u00f3n debida a un mantenimiento t\u00e9cnico podr\u00e1 ser decidida por <strong>Piston Addict<\/strong>, que se esforzar\u00e1 por comunicar a los usuarios con antelaci\u00f3n las fechas y horas de la intervenci\u00f3n.<\/p>\n<p>El sitio https:\/\/www.pistonaddict.com es actualizado regularmente por <strong>Piston Addict<\/strong>. Del mismo modo, los avisos legales pueden modificarse en cualquier momento: no obstante, se imponen al usuario, al que se invita a consultarlos con la mayor frecuencia posible para familiarizarse con ellos.<\/p>\n<h2>&nbsp;<\/h2>\n<h2><strong>DESCRIPCI\u00d3N DE LOS SERVICIOS PRESTADOS<\/strong><\/h2>\n<p>El objetivo del sitio https:\/\/www.pistonaddict.com es proporcionar informaci\u00f3n relativa a todas las actividades de la empresa. <strong>Piston Addict<\/strong> se esfuerza por proporcionar informaci\u00f3n en el sitio https:\/\/www.pistonaddict.com que sea lo m\u00e1s precisa posible.<\/p>\n<p>Sin embargo, no se hace responsable de las omisiones, inexactitudes y deficiencias en la actualizaci\u00f3n, ya sea por s\u00ed misma o por los terceros asociados que le proporcionan esta informaci\u00f3n.<\/p>\n<p>Toda la informaci\u00f3n indicada en el sitio https:\/\/www.pistonaddict.com se da a t\u00edtulo indicativo y es susceptible de evolucionar. Adem\u00e1s, la informaci\u00f3n del sitio https:\/\/www.pistonaddict.com no es exhaustiva. Se dan a condici\u00f3n de que se hayan introducido modificaciones desde su puesta en l\u00ednea.<\/p>\n<h2>&nbsp;<\/h2>\n<h2><strong>LIMITACIONES CONTRACTUALES DE LOS DATOS T\u00c9CNICOS<\/strong><\/h2>\n<p>El sitio utiliza la tecnolog\u00eda JavaScript.<\/p>\n<p>El sitio web no se hace responsable de los da\u00f1os materiales relacionados con su uso. Adem\u00e1s, el usuario del sitio se compromete a acceder al mismo utilizando equipos recientes, que no contengan virus y con un navegador actualizado de \u00faltima generaci\u00f3n.<\/p>\n<h2>&nbsp;<\/h2>\n<h2><strong>PROPIEDAD INTELECTUAL E INFRACCIONES<\/strong><\/h2>\n<p><strong>Piston Addict<\/strong> es propietario de los derechos de propiedad intelectual o titular de los derechos de uso sobre todos los elementos accesibles en el sitio, en particular los textos, im\u00e1genes, gr\u00e1ficos, logotipo, iconos, sonidos, software.<\/p>\n<p>Cualquier reproducci\u00f3n, representaci\u00f3n, modificaci\u00f3n, publicaci\u00f3n, adaptaci\u00f3n de la totalidad o parte de los elementos del sitio, cualesquiera que sean los medios o procedimientos utilizados, est\u00e1 prohibida, salvo autorizaci\u00f3n previa por escrito de <strong>Piston Addict<\/strong>.<\/p>\n<p>Cualquier uso no autorizado del sitio o de cualquiera de los elementos que contiene se considerar\u00e1 constitutivo de infracci\u00f3n y se perseguir\u00e1 de conformidad con lo dispuesto en los art\u00edculos L.335-2 y siguientes del C\u00f3digo de la Propiedad Intelectual.<\/p>\n<h2>&nbsp;<\/h2>\n<h2><strong>LIMITACIONES DE RESPONSABILIDAD<\/strong><\/h2>\n<p><strong>Piston Addict<\/strong> no se hace responsable de los da\u00f1os directos o indirectos causados al equipo del usuario, al acceder al sitio https:\/\/www.pistonaddict.com, y que resulten bien del uso de un equipo que no cumpla las especificaciones indicadas en el punto 4, bien de la aparici\u00f3n de un error o de una incompatibilidad.<\/p>\n<p><strong>Piston Addict<\/strong> tampoco se hace responsable de los da\u00f1os consecuentes (como la p\u00e9rdida de mercado o la p\u00e9rdida de oportunidades) derivados del uso del sitio https:\/\/www.pistonaddict.com. Los espacios interactivos (posibilidad de hacer preguntas en el espacio de contacto) est\u00e1n a disposici\u00f3n de los usuarios.<\/p>\n<p><strong>Piston Addict<\/strong> se reserva el derecho a eliminar, sin previo aviso, cualquier contenido publicado en este espacio que contravenga la legislaci\u00f3n aplicable en Francia, en particular las disposiciones relativas a la protecci\u00f3n de datos.<\/p>\n<p>En su caso, <strong>Piston Addict<\/strong> tambi\u00e9n se reserva el derecho de cuestionar la responsabilidad civil y\/o penal del usuario, en particular en caso de mensaje racista, abusivo, difamatorio o pornogr\u00e1fico, independientemente del medio utilizado (texto, fotograf\u00eda, etc.).<\/p>\n<h2>&nbsp;<\/h2>\n<h2><strong>GESTI\u00d3N DE DATOS PERSONALES<\/strong><\/h2>\n<p>En Francia, los datos personales est\u00e1n especialmente protegidos por la ley n\u00b0 78-87 de 6 de enero de 1978, la ley n\u00b0 2004-801 de 6 de agosto de 2004, el art\u00edculo L. 226-13 del C\u00f3digo Penal y la Directiva europea de 24 de octubre de 1995 y por el Reglamento (UE) 2016\/679 del Parlamento Europeo y del Consejo de 27 de abril de 2016.<\/p>\n<p>Al utilizar el sitio https:\/\/www.pistonaddict.com, pueden recopilarse los siguientes datos: la URL de los enlaces a trav\u00e9s de los cuales el usuario ha accedido al sitio https:\/\/www.pistonaddict.com , el ISP del usuario, la direcci\u00f3n de protocolo de Internet (IP) del usuario.<\/p>\n<p>En cualquier caso <strong>Piston Addict<\/strong> s\u00f3lo recoge informaci\u00f3n personal relativa al usuario para la necesidad de determinados servicios ofrecidos por el sitio https:\/\/www.pistonaddict.com.<\/p>\n<p>El usuario facilita esta informaci\u00f3n con pleno conocimiento de causa, en particular cuando \u00e9l mismo la introduce. A continuaci\u00f3n, se especifica al usuario del sitio https:\/\/www.pistonaddict.com la obligaci\u00f3n o no de facilitar esta informaci\u00f3n. Conforme a las disposiciones de los art\u00edculos 38 y siguientes de la ley 78-17 del 6 de enero de 1978 relativa a la inform\u00e1tica, a los ficheros y a las libertades, as\u00ed como a las disposiciones del cap\u00edtulo 3 del Reglamento General de Protecci\u00f3n de Datos, todo usuario dispone de un derecho de acceso, de rectificaci\u00f3n y de oposici\u00f3n a los datos de car\u00e1cter personal que le conciernen, formulando su solicitud por escrito y firmada, acompa\u00f1ada de una copia del documento de identidad con firma del titular del documento, precisando la direcci\u00f3n a la que debe enviarse la respuesta.<\/p>\n<p>Ninguna informaci\u00f3n personal del usuario del sitio https:\/\/www.pistonaddict.com es publicada sin el conocimiento del usuario, intercambiada, transferida, cedida o vendida en ning\u00fan medio a terceros.<\/p>\n<p>S\u00f3lo la asunci\u00f3n del rescate de <strong>Piston Addict<\/strong> y sus derechos permitir\u00eda la transmisi\u00f3n de dicha informaci\u00f3n al posible comprador que, a su vez, estar\u00eda sujeto a la misma obligaci\u00f3n de almacenar y modificar los datos con respecto al usuario del sitio. https:\/\/www.pistonaddict.com.<\/p>\n<p>El sitio no est\u00e1 declarado a la CNIL porque no recoge informaci\u00f3n personal sin el consentimiento de los interesados. Las bases de datos est\u00e1n protegidas por las disposiciones de la ley de 1 de julio de 1998 que transpone la directiva 96\/9 de 11 de marzo de 1996 relativa a la protecci\u00f3n jur\u00eddica de las bases de datos.<\/p>\n<p><span lang=\"en\">Para ejercer sus derechos sobre sus datos personales o en caso de dudas al respecto, puede ponerse en contacto con nuestro responsable de protecci\u00f3n de datos en la siguiente direcci\u00f3n: dpo@pistonaddict.com.<\/span><\/p>\n<h2>&nbsp;<\/h2>\n<h2><strong>ENLACES DE HIPERTEXTO Y COOKIES<\/strong><\/h2>\n<p>El sitio https:\/\/www.pistonaddict.com contiene un cierto n\u00famero de enlaces de hipertexto hacia otros sitios, establecidos con la autorizaci\u00f3n de <strong>Piston Addict<\/strong>. Sin embargo, <strong>Piston Addict<\/strong> no tiene la posibilidad de verificar el contenido de los sitios as\u00ed visitados, por lo que no asume ninguna responsabilidad por este hecho.<\/p>\n<p>Es probable que la navegaci\u00f3n por el sitio https:\/\/www.pistonaddict.com provoque la instalaci\u00f3n de cookies en el ordenador del usuario. Una cookie es un peque\u00f1o archivo que no permite identificar al usuario, pero que registra informaci\u00f3n relativa a la navegaci\u00f3n de un ordenador en un sitio.<\/p>\n<p>Los datos as\u00ed obtenidos est\u00e1n destinados a facilitar la navegaci\u00f3n posterior en el sitio, y tambi\u00e9n a permitir diversas medidas de frecuentaci\u00f3n.<\/p>\n<p>La negativa a instalar una cookie puede imposibilitar el acceso a determinados servicios. No obstante, el usuario puede configurar su ordenador de la siguiente manera para rechazar la instalaci\u00f3n de cookies:<\/p>\n<ul>\n<li>En Internet Explorer: pesta\u00f1a herramientas (pictograma en forma de rueda dentada arriba a la derecha) \/ opciones de Internet. Haga clic en Privacidad y elija Bloquear todas las cookies. Validar en Ok.<\/li>\n<li>En Firefox: en la parte superior de la ventana del navegador, haga clic en el bot\u00f3n Firefox y, a continuaci\u00f3n, vaya a la pesta\u00f1a Opciones. Haga clic en la pesta\u00f1a Privacidad. Establezca las reglas de retenci\u00f3n en: utilizar la configuraci\u00f3n personalizada para el historial. Por \u00faltimo, desmarque la casilla para desactivar las cookies.<\/li>\n<li>En Safari: Haga clic en la parte superior derecha del navegador en el icono de men\u00fa (simbolizado por una rueda dentada). Selecciona Ajustes. Haga clic en Mostrar configuraci\u00f3n avanzada. En la secci\u00f3n &#8220;Privacidad&#8221;, haga clic en Configuraci\u00f3n de contenido. En la secci\u00f3n &#8220;Cookies&#8221;, puede bloquear las cookies.<\/li>\n<li>En Chrome: Haga clic en la parte superior derecha del navegador en el icono de men\u00fa (simbolizado por tres l\u00edneas horizontales). Selecciona Ajustes. Haga clic en Mostrar configuraci\u00f3n avanzada. En la secci\u00f3n &#8220;Privacidad&#8221;, haga clic en Preferencias. En la pesta\u00f1a &#8220;Privacidad&#8221;, puede bloquear las cookies.<\/li>\n<\/ul>\n<h2>&nbsp;<\/h2>\n<h2><strong>LEY APLICABLE Y ATRIBUCI\u00d3N DE COMPETENCIA<\/strong><\/h2>\n<p>Cualquier litigio relacionado con el uso del sitio https:\/\/www.pistonaddict.com estar\u00e1 sujeto a la legislaci\u00f3n suiza. La jurisdicci\u00f3n exclusiva corresponde a los tribunales competentes de Ginebra.<\/p>\n<h2>&nbsp;<\/h2>\n<h2><strong>LAS PRINCIPALES LEYES AFECTADAS<\/strong><\/h2>\n<p>Ley n\u00b0 78-87 de 6 de enero de 1978, modificada en particular por la ley n\u00b0 2004-801 de 6 de agosto de 2004 relativa a la inform\u00e1tica, a los ficheros y a las libertades. Ley n\u00b0 2004-575 de 21 de junio de 2004 para la confianza en la econom\u00eda digital. Secciones 2, 3, 4 y 5 del cap\u00edtulo 3 del Reglamento General de Protecci\u00f3n de Datos.<\/p>\n<h2>&nbsp;<\/h2>\n<h2><strong>LEXICON<\/strong><\/h2>\n<p>Usuario: Internauta que se conecta, utilizando el sitio mencionado.<\/p>\n<p>Datos de car\u00e1cter personal: &#8220;la informaci\u00f3n que permite, bajo cualquier forma, directa o indirectamente, la identificaci\u00f3n de las personas f\u00edsicas a las que se aplica&#8221; (art\u00edculo 4 de la ley n\u00b0 78-17 de 6 de enero de 1978).<\/p>\n<h2>&nbsp;<\/h2>\n<h2>COPYRIGHT<\/h2>\n<p><a title=\"iconos clave\" href=\"https:\/\/www.flaticon.com\/free-icons\/key\">Iconos clave creados por Good Ware &#8211; Flaticon<br><\/a><\/p>\n<p><strong>Piston Addict<\/strong> es una marca registrada, todos los derechos reservados.<\/p>\t\t\t\t\t\t<\/div>\n\t\t\t\t<\/div>\n\t\t\t\t\t<\/div>\n\t\t<\/div>\n\t\t\t\t\t<\/div>\n\t\t<\/section>\n\t\t\t\t<\/div>\n\t\t","protected":false},"excerpt":{"rendered":"<p>PRESENTACI\u00d3N DEL SITIO WEB De conformidad con el art\u00edculo 6 de la ley n\u00ba 2004-575 de 21 de junio de 2004 sobre la confianza en la econom\u00eda digital y en aplicaci\u00f3n del Reglamento General de Protecci\u00f3n de Datos [Reglamento (UE) 2016\/679], se especifica a los usuarios del sitio: https:\/\/www.pistonaddict.com, la identidad de los distintos actores &#8230; <a title=\"Aviso legal\" class=\"read-more\" href=\"https:\/\/pistonaddict.com\/es\/notas-legales\/\">Leer m\u00e1s<span class=\"screen-reader-text\">Aviso legal<\/span><\/a><\/p>\n","protected":false},"author":1,"featured_media":0,"parent":0,"menu_order":0,"comment_status":"closed","ping_status":"closed","template":"","meta":{"inline_featured_image":false,"footnotes":""},"acf":[],"yoast_head":"<!-- This site is optimized with the Yoast SEO plugin v22.5 - https:\/\/yoast.com\/wordpress\/plugins\/seo\/ -->\n<title>Aviso legal - nombre del Piston Addict<\/title>\n<meta name=\"robots\" content=\"index, follow, max-snippet:-1, max-image-preview:large, max-video-preview:-1\" \/>\n<link rel=\"canonical\" href=\"https:\/\/pistonaddict.com\/es\/notas-legales\/\" \/>\n<meta property=\"og:locale\" content=\"es_ES\" \/>\n<meta property=\"og:type\" content=\"article\" \/>\n<meta property=\"og:title\" content=\"Aviso legal - nombre del Piston Addict\" \/>\n<meta property=\"og:description\" content=\"PRESENTACI\u00d3N DEL SITIO WEB De conformidad con el art\u00edculo 6 de la ley n\u00ba 2004-575 de 21 de junio de 2004 sobre la confianza en la econom\u00eda digital y en aplicaci\u00f3n del Reglamento General de Protecci\u00f3n de Datos [Reglamento (UE) 2016\/679], se especifica a los usuarios del sitio: https:\/\/www.pistonaddict.com, la identidad de los distintos actores ... Leer m\u00e1sAviso legal\" \/>\n<meta property=\"og:url\" content=\"https:\/\/pistonaddict.com\/es\/notas-legales\/\" \/>\n<meta property=\"og:site_name\" content=\"Piston Addict\" \/>\n<meta property=\"article:modified_time\" content=\"2024-10-26T06:17:36+00:00\" \/>\n<meta name=\"twitter:card\" content=\"summary_large_image\" \/>\n<meta name=\"twitter:label1\" content=\"Tiempo de lectura\" \/>\n\t<meta name=\"twitter:data1\" content=\"9 minutos\" \/>\n<script type=\"application\/ld+json\" class=\"yoast-schema-graph\">{\"@context\":\"https:\/\/schema.org\",\"@graph\":[{\"@type\":\"WebPage\",\"@id\":\"https:\/\/pistonaddict.com\/es\/notas-legales\/\",\"url\":\"https:\/\/pistonaddict.com\/es\/notas-legales\/\",\"name\":\"Aviso legal - nombre del Piston Addict\",\"isPartOf\":{\"@id\":\"https:\/\/pistonaddict.com\/es\/#website\"},\"datePublished\":\"2022-04-29T09:18:33+00:00\",\"dateModified\":\"2024-10-26T06:17:36+00:00\",\"breadcrumb\":{\"@id\":\"https:\/\/pistonaddict.com\/es\/notas-legales\/#breadcrumb\"},\"inLanguage\":\"es\",\"potentialAction\":[{\"@type\":\"ReadAction\",\"target\":[\"https:\/\/pistonaddict.com\/es\/notas-legales\/\"]}]},{\"@type\":\"BreadcrumbList\",\"@id\":\"https:\/\/pistonaddict.com\/es\/notas-legales\/#breadcrumb\",\"itemListElement\":[{\"@type\":\"ListItem\",\"position\":1,\"name\":\"bienvenida\",\"item\":\"https:\/\/pistonaddict.com\/es\/pagina-web\/\"},{\"@type\":\"ListItem\",\"position\":2,\"name\":\"Aviso legal\"}]},{\"@type\":\"WebSite\",\"@id\":\"https:\/\/pistonaddict.com\/es\/#website\",\"url\":\"https:\/\/pistonaddict.com\/es\/\",\"name\":\"Piston Addict\",\"description\":\"Only interesting vehicles\",\"publisher\":{\"@id\":\"https:\/\/pistonaddict.com\/es\/#organization\"},\"potentialAction\":[{\"@type\":\"SearchAction\",\"target\":{\"@type\":\"EntryPoint\",\"urlTemplate\":\"https:\/\/pistonaddict.com\/es\/?s={search_term_string}\"},\"query-input\":\"required name=search_term_string\"}],\"inLanguage\":\"es\"},{\"@type\":\"Organization\",\"@id\":\"https:\/\/pistonaddict.com\/es\/#organization\",\"name\":\"Piston Addict\",\"url\":\"https:\/\/pistonaddict.com\/es\/\",\"logo\":{\"@type\":\"ImageObject\",\"inLanguage\":\"es\",\"@id\":\"https:\/\/pistonaddict.com\/es\/#\/schema\/logo\/image\/\",\"url\":\"https:\/\/pistonaddict.com\/wp-content\/uploads\/2022\/07\/logo-6.png\",\"contentUrl\":\"https:\/\/pistonaddict.com\/wp-content\/uploads\/2022\/07\/logo-6.png\",\"width\":970,\"height\":200,\"caption\":\"Piston Addict\"},\"image\":{\"@id\":\"https:\/\/pistonaddict.com\/es\/#\/schema\/logo\/image\/\"}}]}<\/script>\n<!-- \/ Yoast SEO plugin. -->","yoast_head_json":{"title":"Aviso legal - nombre del Piston Addict","robots":{"index":"index","follow":"follow","max-snippet":"max-snippet:-1","max-image-preview":"max-image-preview:large","max-video-preview":"max-video-preview:-1"},"canonical":"https:\/\/pistonaddict.com\/es\/notas-legales\/","og_locale":"es_ES","og_type":"article","og_title":"Aviso legal - nombre del Piston Addict","og_description":"PRESENTACI\u00d3N DEL SITIO WEB De conformidad con el art\u00edculo 6 de la ley n\u00ba 2004-575 de 21 de junio de 2004 sobre la confianza en la econom\u00eda digital y en aplicaci\u00f3n del Reglamento General de Protecci\u00f3n de Datos [Reglamento (UE) 2016\/679], se especifica a los usuarios del sitio: https:\/\/www.pistonaddict.com, la identidad de los distintos actores ... Leer m\u00e1sAviso legal","og_url":"https:\/\/pistonaddict.com\/es\/notas-legales\/","og_site_name":"Piston Addict","article_modified_time":"2024-10-26T06:17:36+00:00","twitter_card":"summary_large_image","twitter_misc":{"Tiempo de lectura":"9 minutos"},"schema":{"@context":"https:\/\/schema.org","@graph":[{"@type":"WebPage","@id":"https:\/\/pistonaddict.com\/es\/notas-legales\/","url":"https:\/\/pistonaddict.com\/es\/notas-legales\/","name":"Aviso legal - nombre del Piston Addict","isPartOf":{"@id":"https:\/\/pistonaddict.com\/es\/#website"},"datePublished":"2022-04-29T09:18:33+00:00","dateModified":"2024-10-26T06:17:36+00:00","breadcrumb":{"@id":"https:\/\/pistonaddict.com\/es\/notas-legales\/#breadcrumb"},"inLanguage":"es","potentialAction":[{"@type":"ReadAction","target":["https:\/\/pistonaddict.com\/es\/notas-legales\/"]}]},{"@type":"BreadcrumbList","@id":"https:\/\/pistonaddict.com\/es\/notas-legales\/#breadcrumb","itemListElement":[{"@type":"ListItem","position":1,"name":"bienvenida","item":"https:\/\/pistonaddict.com\/es\/pagina-web\/"},{"@type":"ListItem","position":2,"name":"Aviso legal"}]},{"@type":"WebSite","@id":"https:\/\/pistonaddict.com\/es\/#website","url":"https:\/\/pistonaddict.com\/es\/","name":"Piston Addict","description":"Only interesting vehicles","publisher":{"@id":"https:\/\/pistonaddict.com\/es\/#organization"},"potentialAction":[{"@type":"SearchAction","target":{"@type":"EntryPoint","urlTemplate":"https:\/\/pistonaddict.com\/es\/?s={search_term_string}"},"query-input":"required name=search_term_string"}],"inLanguage":"es"},{"@type":"Organization","@id":"https:\/\/pistonaddict.com\/es\/#organization","name":"Piston Addict","url":"https:\/\/pistonaddict.com\/es\/","logo":{"@type":"ImageObject","inLanguage":"es","@id":"https:\/\/pistonaddict.com\/es\/#\/schema\/logo\/image\/","url":"https:\/\/pistonaddict.com\/wp-content\/uploads\/2022\/07\/logo-6.png","contentUrl":"https:\/\/pistonaddict.com\/wp-content\/uploads\/2022\/07\/logo-6.png","width":970,"height":200,"caption":"Piston Addict"},"image":{"@id":"https:\/\/pistonaddict.com\/es\/#\/schema\/logo\/image\/"}}]}},"_links":{"self":[{"href":"https:\/\/pistonaddict.com\/es\/wp-json\/wp\/v2\/pages\/2865"}],"collection":[{"href":"https:\/\/pistonaddict.com\/es\/wp-json\/wp\/v2\/pages"}],"about":[{"href":"https:\/\/pistonaddict.com\/es\/wp-json\/wp\/v2\/types\/page"}],"author":[{"embeddable":true,"href":"https:\/\/pistonaddict.com\/es\/wp-json\/wp\/v2\/users\/1"}],"replies":[{"embeddable":true,"href":"https:\/\/pistonaddict.com\/es\/wp-json\/wp\/v2\/comments?post=2865"}],"version-history":[{"count":15,"href":"https:\/\/pistonaddict.com\/es\/wp-json\/wp\/v2\/pages\/2865\/revisions"}],"predecessor-version":[{"id":111611,"href":"https:\/\/pistonaddict.com\/es\/wp-json\/wp\/v2\/pages\/2865\/revisions\/111611"}],"wp:attachment":[{"href":"https:\/\/pistonaddict.com\/es\/wp-json\/wp\/v2\/media?parent=2865"}],"curies":[{"name":"wp","href":"https:\/\/api.w.org\/{rel}","templated":true}]}}