{"id":1995,"date":"2022-04-13T10:38:14","date_gmt":"2022-04-13T08:38:14","guid":{"rendered":"https:\/\/pistonaddict.com\/pagina-de-ejemplo\/"},"modified":"2022-05-04T18:00:06","modified_gmt":"2022-05-04T16:00:06","slug":"pagina-de-ejemplo","status":"publish","type":"page","link":"https:\/\/pistonaddict.com\/es\/pagina-de-ejemplo\/","title":{"rendered":"P\u00e1gina de Ejemplo"},"content":{"rendered":"\n<p>Esta es una pagina de ejemplo. Es diferente de una publicaci\u00f3n de blog porque permanecer\u00e1 en un lugar y aparecer\u00e1 en la navegaci\u00f3n de su sitio (en la mayor\u00eda de los temas). La mayor\u00eda de las personas comienzan con una p\u00e1gina &#8220;Acerca de&#8221; que les presenta a las personas que visitan el sitio. Podr\u00eda verse algo como esto:<\/p>\n\n<blockquote class=\"wp-block-quote\"><p>Buenos dias ! Soy un mec\u00e1nico aspirante a actor, y este es mi sitio. Vivo en Burdeos, tengo un gran perro llamado Russell y me encanta el vodka (adem\u00e1s de que me sorprenda la lluvia repentina durante los largos paseos por la playa al atardecer).<\/p><\/blockquote>\n\n<p>\u2026o algo como esto:<\/p>\n\n<blockquote class=\"wp-block-quote\"><p>La empresa 123 Machin Truc fue creada en 1971 y desde entonces ha seguido ofreciendo al p\u00fablico aparatos de calidad. Ubicada en Saint-Remy-en-Bouzemont-Saint-Genest-et-Isson, 123 Machin Truc emplea a 2000 personas y fabrica todo tipo de excelentes dispositivos para la comunidad de Bouzemont.<\/p><\/blockquote>\n\n<p>Como nuevo usuario de WordPress, debe ir a <a href=\"https:\/\/pistonaddict.com\/wp-admin\/\">su tablero<\/a> para eliminar esta p\u00e1gina y crear nuevas p\u00e1ginas para su contenido. Divi\u00e9rtanse !<\/p>\n","protected":false},"excerpt":{"rendered":"<p>Esta es una pagina de ejemplo. Es diferente de una publicaci\u00f3n de blog porque permanecer\u00e1 en un lugar y aparecer\u00e1 en la navegaci\u00f3n de su sitio (en la mayor\u00eda de los temas). La mayor\u00eda de las personas comienzan con una p\u00e1gina &#8220;Acerca de&#8221; que les presenta a las personas que visitan el sitio. Podr\u00eda verse &#8230; <a title=\"P\u00e1gina de Ejemplo\" class=\"read-more\" href=\"https:\/\/pistonaddict.com\/es\/pagina-de-ejemplo\/\">Leer m\u00e1s<span class=\"screen-reader-text\">P\u00e1gina de Ejemplo<\/span><\/a><\/p>\n","protected":false},"author":1,"featured_media":0,"parent":0,"menu_order":0,"comment_status":"closed","ping_status":"closed","template":"","meta":{"inline_featured_image":false,"footnotes":""},"acf":[],"yoast_head":"<!-- This site is optimized with the Yoast SEO plugin v22.5 - https:\/\/yoast.com\/wordpress\/plugins\/seo\/ -->\n<title>P\u00e1gina de Ejemplo - nombre del Piston Addict<\/title>\n<meta name=\"robots\" content=\"index, follow, max-snippet:-1, max-image-preview:large, max-video-preview:-1\" \/>\n<link rel=\"canonical\" href=\"https:\/\/pistonaddict.com\/es\/pagina-de-ejemplo\/\" \/>\n<meta property=\"og:locale\" content=\"es_ES\" \/>\n<meta property=\"og:type\" content=\"article\" \/>\n<meta property=\"og:title\" content=\"P\u00e1gina de Ejemplo - nombre del Piston Addict\" \/>\n<meta property=\"og:description\" content=\"Esta es una pagina de ejemplo. Es diferente de una publicaci\u00f3n de blog porque permanecer\u00e1 en un lugar y aparecer\u00e1 en la navegaci\u00f3n de su sitio (en la mayor\u00eda de los temas). La mayor\u00eda de las personas comienzan con una p\u00e1gina &#8220;Acerca de&#8221; que les presenta a las personas que visitan el sitio. Podr\u00eda verse ... Leer m\u00e1sP\u00e1gina de Ejemplo\" \/>\n<meta property=\"og:url\" content=\"https:\/\/pistonaddict.com\/es\/pagina-de-ejemplo\/\" \/>\n<meta property=\"og:site_name\" content=\"Piston Addict\" \/>\n<meta property=\"article:modified_time\" content=\"2022-05-04T16:00:06+00:00\" \/>\n<meta name=\"twitter:card\" content=\"summary_large_image\" \/>\n<meta name=\"twitter:label1\" content=\"Tiempo de lectura\" \/>\n\t<meta name=\"twitter:data1\" content=\"1 minuto\" \/>\n<script type=\"application\/ld+json\" class=\"yoast-schema-graph\">{\"@context\":\"https:\/\/schema.org\",\"@graph\":[{\"@type\":\"WebPage\",\"@id\":\"https:\/\/pistonaddict.com\/es\/pagina-de-ejemplo\/\",\"url\":\"https:\/\/pistonaddict.com\/es\/pagina-de-ejemplo\/\",\"name\":\"P\u00e1gina de Ejemplo - nombre del Piston Addict\",\"isPartOf\":{\"@id\":\"https:\/\/pistonaddict.com\/es\/#website\"},\"datePublished\":\"2022-04-13T08:38:14+00:00\",\"dateModified\":\"2022-05-04T16:00:06+00:00\",\"breadcrumb\":{\"@id\":\"https:\/\/pistonaddict.com\/es\/pagina-de-ejemplo\/#breadcrumb\"},\"inLanguage\":\"es\",\"potentialAction\":[{\"@type\":\"ReadAction\",\"target\":[\"https:\/\/pistonaddict.com\/es\/pagina-de-ejemplo\/\"]}]},{\"@type\":\"BreadcrumbList\",\"@id\":\"https:\/\/pistonaddict.com\/es\/pagina-de-ejemplo\/#breadcrumb\",\"itemListElement\":[{\"@type\":\"ListItem\",\"position\":1,\"name\":\"bienvenida\",\"item\":\"https:\/\/pistonaddict.com\/es\/pagina-web\/\"},{\"@type\":\"ListItem\",\"position\":2,\"name\":\"P\u00e1gina de Ejemplo\"}]},{\"@type\":\"WebSite\",\"@id\":\"https:\/\/pistonaddict.com\/es\/#website\",\"url\":\"https:\/\/pistonaddict.com\/es\/\",\"name\":\"Piston Addict\",\"description\":\"Only interesting vehicles\",\"publisher\":{\"@id\":\"https:\/\/pistonaddict.com\/es\/#organization\"},\"potentialAction\":[{\"@type\":\"SearchAction\",\"target\":{\"@type\":\"EntryPoint\",\"urlTemplate\":\"https:\/\/pistonaddict.com\/es\/?s={search_term_string}\"},\"query-input\":\"required name=search_term_string\"}],\"inLanguage\":\"es\"},{\"@type\":\"Organization\",\"@id\":\"https:\/\/pistonaddict.com\/es\/#organization\",\"name\":\"Piston Addict\",\"url\":\"https:\/\/pistonaddict.com\/es\/\",\"logo\":{\"@type\":\"ImageObject\",\"inLanguage\":\"es\",\"@id\":\"https:\/\/pistonaddict.com\/es\/#\/schema\/logo\/image\/\",\"url\":\"https:\/\/pistonaddict.com\/wp-content\/uploads\/2022\/07\/logo-6.png\",\"contentUrl\":\"https:\/\/pistonaddict.com\/wp-content\/uploads\/2022\/07\/logo-6.png\",\"width\":970,\"height\":200,\"caption\":\"Piston Addict\"},\"image\":{\"@id\":\"https:\/\/pistonaddict.com\/es\/#\/schema\/logo\/image\/\"}}]}<\/script>\n<!-- \/ Yoast SEO plugin. -->","yoast_head_json":{"title":"P\u00e1gina de Ejemplo - nombre del Piston Addict","robots":{"index":"index","follow":"follow","max-snippet":"max-snippet:-1","max-image-preview":"max-image-preview:large","max-video-preview":"max-video-preview:-1"},"canonical":"https:\/\/pistonaddict.com\/es\/pagina-de-ejemplo\/","og_locale":"es_ES","og_type":"article","og_title":"P\u00e1gina de Ejemplo - nombre del Piston Addict","og_description":"Esta es una pagina de ejemplo. Es diferente de una publicaci\u00f3n de blog porque permanecer\u00e1 en un lugar y aparecer\u00e1 en la navegaci\u00f3n de su sitio (en la mayor\u00eda de los temas). La mayor\u00eda de las personas comienzan con una p\u00e1gina &#8220;Acerca de&#8221; que les presenta a las personas que visitan el sitio. Podr\u00eda verse ... Leer m\u00e1sP\u00e1gina de Ejemplo","og_url":"https:\/\/pistonaddict.com\/es\/pagina-de-ejemplo\/","og_site_name":"Piston Addict","article_modified_time":"2022-05-04T16:00:06+00:00","twitter_card":"summary_large_image","twitter_misc":{"Tiempo de lectura":"1 minuto"},"schema":{"@context":"https:\/\/schema.org","@graph":[{"@type":"WebPage","@id":"https:\/\/pistonaddict.com\/es\/pagina-de-ejemplo\/","url":"https:\/\/pistonaddict.com\/es\/pagina-de-ejemplo\/","name":"P\u00e1gina de Ejemplo - nombre del Piston Addict","isPartOf":{"@id":"https:\/\/pistonaddict.com\/es\/#website"},"datePublished":"2022-04-13T08:38:14+00:00","dateModified":"2022-05-04T16:00:06+00:00","breadcrumb":{"@id":"https:\/\/pistonaddict.com\/es\/pagina-de-ejemplo\/#breadcrumb"},"inLanguage":"es","potentialAction":[{"@type":"ReadAction","target":["https:\/\/pistonaddict.com\/es\/pagina-de-ejemplo\/"]}]},{"@type":"BreadcrumbList","@id":"https:\/\/pistonaddict.com\/es\/pagina-de-ejemplo\/#breadcrumb","itemListElement":[{"@type":"ListItem","position":1,"name":"bienvenida","item":"https:\/\/pistonaddict.com\/es\/pagina-web\/"},{"@type":"ListItem","position":2,"name":"P\u00e1gina de Ejemplo"}]},{"@type":"WebSite","@id":"https:\/\/pistonaddict.com\/es\/#website","url":"https:\/\/pistonaddict.com\/es\/","name":"Piston Addict","description":"Only interesting vehicles","publisher":{"@id":"https:\/\/pistonaddict.com\/es\/#organization"},"potentialAction":[{"@type":"SearchAction","target":{"@type":"EntryPoint","urlTemplate":"https:\/\/pistonaddict.com\/es\/?s={search_term_string}"},"query-input":"required name=search_term_string"}],"inLanguage":"es"},{"@type":"Organization","@id":"https:\/\/pistonaddict.com\/es\/#organization","name":"Piston Addict","url":"https:\/\/pistonaddict.com\/es\/","logo":{"@type":"ImageObject","inLanguage":"es","@id":"https:\/\/pistonaddict.com\/es\/#\/schema\/logo\/image\/","url":"https:\/\/pistonaddict.com\/wp-content\/uploads\/2022\/07\/logo-6.png","contentUrl":"https:\/\/pistonaddict.com\/wp-content\/uploads\/2022\/07\/logo-6.png","width":970,"height":200,"caption":"Piston Addict"},"image":{"@id":"https:\/\/pistonaddict.com\/es\/#\/schema\/logo\/image\/"}}]}},"_links":{"self":[{"href":"https:\/\/pistonaddict.com\/es\/wp-json\/wp\/v2\/pages\/1995"}],"collection":[{"href":"https:\/\/pistonaddict.com\/es\/wp-json\/wp\/v2\/pages"}],"about":[{"href":"https:\/\/pistonaddict.com\/es\/wp-json\/wp\/v2\/types\/page"}],"author":[{"embeddable":true,"href":"https:\/\/pistonaddict.com\/es\/wp-json\/wp\/v2\/users\/1"}],"replies":[{"embeddable":true,"href":"https:\/\/pistonaddict.com\/es\/wp-json\/wp\/v2\/comments?post=1995"}],"version-history":[{"count":3,"href":"https:\/\/pistonaddict.com\/es\/wp-json\/wp\/v2\/pages\/1995\/revisions"}],"predecessor-version":[{"id":4226,"href":"https:\/\/pistonaddict.com\/es\/wp-json\/wp\/v2\/pages\/1995\/revisions\/4226"}],"wp:attachment":[{"href":"https:\/\/pistonaddict.com\/es\/wp-json\/wp\/v2\/media?parent=1995"}],"curies":[{"name":"wp","href":"https:\/\/api.w.org\/{rel}","templated":true}]}}