{"id":98272,"date":"2024-03-20T15:15:43","date_gmt":"2024-03-20T14:15:43","guid":{"rendered":"https:\/\/pistonaddict.com\/product\/porsche-997-targa\/"},"modified":"2024-03-20T15:23:54","modified_gmt":"2024-03-20T14:23:54","slug":"porsche-997-targa","status":"publish","type":"product","link":"https:\/\/pistonaddict.com\/de\/product\/porsche-997-targa\/","title":{"rendered":"Porsche 997 Targa 4S"},"content":{"rendered":"<p><strong>Auto-Geschichte<\/strong><\/p>\n<p>Die sechste Generation des legend\u00e4ren Porsche 911 wurde 2004 vorgestellt und intern als 997 bezeichnet. Sein Vorg\u00e4nger, der 996, ist nach wie vor eines der umstrittensten 911-Modelle aller Zeiten, vor allem wegen seines Designs und der Einf\u00fchrung der wassergek\u00fchlten Motoren. Der 997 wurde jedoch von allen Seiten f\u00fcr seine klaren Linien und die Verbesserungen bei Technik und Leistung gelobt. Obwohl der 997 einige mechanische \u00c4hnlichkeiten sowie die gleiche Plattform wie der 996 hat, war er ein weitaus besseres und kompetenteres Auto, nicht zu vergessen moderner und sch\u00f6ner. Es \u00fcberrascht nicht, dass die Verkaufszahlen beweisen, dass der 997 mit \u00fcber 212.000 produzierten Exemplaren in 9 Jahren ein Verkaufserfolg war. Dieses besondere Exemplar ist jedoch ziemlich selten, nicht nur weil es ein fr\u00fcheres 997.1-Modell ist, sondern auch wegen seiner seltenen Targa-Karosserie. Im Jahr 2008 wurden nur 1426 Targa 4S ausgeliefert, und nur sehr wenige hatten ein 6-Gang-Schaltgetriebe. Insgesamt wurden von der Generation 997 nur etwa 8.400 Targa 4S produziert. Der 3,8-Liter-Flachmotor mit Saugmotor lieferte 350 PS an alle vier R\u00e4der, was zu einer beeindruckenden Beschleunigung und einer hervorragenden Stra\u00dfenlage unter allen Bedingungen f\u00fchrte. Die Kombination der starken Leistung mit dem luftigen Gef\u00fchl des Glasdachs und dem mechanischen Gef\u00fchl des Schaltgetriebes macht dieses Exemplar f\u00fcr jeden echten Sammler unglaublich interessant.<\/p>\n<p><strong>Innenbereich<\/strong><\/p>\n<p>Das Interieur des Porsche Targa 4S aus dem Jahr 2008 ist in schwarzem Leder mit dem seltenen und optionalen Leder-Armaturenbrett ausgef\u00fchrt und befindet sich in perfektem Zustand ohne Sch\u00e4den und mit wenigen Gebrauchsspuren. Dieses Exemplar verf\u00fcgt \u00fcber eine Vielzahl w\u00fcnschenswerter Sonderausstattungen wie Tempomat, Premium-Audiosystem, elektrisch betriebene und beheizbare Ledersportsitze, Multifunktionslenkrad, Navigationssystem und so weiter. Alles funktioniert wie es soll, auch das Glasdach, und es gibt keine Ver\u00e4nderungen. Im Vergleich zu anderen 911ern dieser Zeit ist der Targa ziemlich einzigartig, da er das Open-Air-Gef\u00fchl eines Cabriolets bietet, aber mit dem Komfort eines Coup\u00e9s und ganzj\u00e4hriger Nutzbarkeit.<\/p>\n<p><strong>Zustand des Autos<\/strong><\/p>\n<p>Mit nur etwas mehr als 110.000 Kilometern aus dem Neuzustand und zwei sorgf\u00e4ltigen Besitzern ist dieser Porsche 911 Targa 4S in einem beeindruckenden Zustand und wird sorgf\u00e4ltig gepflegt. Aus den Aufzeichnungen geht hervor, dass die letzte gr\u00f6\u00dfere Wartung Ende 2022 durchgef\u00fchrt wurde, wobei die Bremsen erst vor wenigen Tagen, im M\u00e4rz 2024, \u00fcberholt wurden. Alle Wartungsunterlagen sind vorhanden und zeigen, wie sorgf\u00e4ltig das Auto gepflegt wurde. Dieser Wagen wurde in Belgien ausgeliefert.<\/p>\n<p><strong>\u00c4u\u00dferes und R\u00e4der<\/strong><\/p>\n<p>Dieses besondere Exemplar wurde professionell in seiner urspr\u00fcnglichen dunkelgrauen Farbe neu lackiert, die perfekt zu den Originalr\u00e4dern und der schwarzen Innenausstattung passt. Wie im CarVertical erw\u00e4hnt, ist das einzige erw\u00e4hnenswerte Detail ein leichter Schaden an der hinteren Sto\u00dfstange, der repariert wurde, wie Sie auf den Bildern sehen k\u00f6nnen. Die Bridgestone-Reifen, die den richtigen Spezifikationen entsprechen, stammen aus dem Jahr 2018 und sind nur leicht abgefahren.<\/p>\n<p><strong>Dokumentation<\/strong><\/p>\n<p>Der H\u00e4ndler verkauft dieses Auto mit den entsprechenden Unterlagen und ist in Belgien ans\u00e4ssig. Der <a href=\"https:\/\/pistonaddict.com\/wp-content\/uploads\/2024\/03\/CarVertical-Porsche.pdf\">CarVertical-Bericht<\/a> ist sauber, Eigentum oder rechtliche Probleme. Es gibt Aufzeichnungen \u00fcber die regelm\u00e4\u00dfige Wartung und Quittungen.<\/p>\n","protected":false},"excerpt":{"rendered":"<p>Als perfekte Balance zwischen klassischem 911-Feeling, kompakten Abmessungen, kommunikativem Fahrwerk und moderner Technik und Ausstattung erfreut sich die 997-Generation bei 911-Enthusiasten wachsender Beliebtheit. Das bedeutet, dass dies das n\u00e4chste gro\u00dfe Ding in der 911-Welt ist, mit steigenden Preisen. Angenommen, Sie m\u00f6chten auf den 997-Zug aufspringen. In diesem Fall gibt es nichts Besseres als einen sehr begehrenswerten Wagen in einem seltenen Karosseriestil mit einem begehrenswerten Schaltgetriebe, den man in vollen Z\u00fcgen genie\u00dfen kann.<\/p>\n","protected":false},"featured_media":97674,"comment_status":"open","ping_status":"closed","template":"","meta":{"inline_featured_image":false},"product_cat":[702],"product_tag":[3948,3949,1007,2308,3945],"acf":[],"yoast_head":"<!-- This site is optimized with the Yoast SEO plugin v22.5 - https:\/\/yoast.com\/wordpress\/plugins\/seo\/ -->\n<title>Porsche 997 Targa 4S - Piston Addict<\/title>\n<meta name=\"robots\" content=\"index, follow, max-snippet:-1, max-image-preview:large, max-video-preview:-1\" \/>\n<link rel=\"canonical\" href=\"https:\/\/pistonaddict.com\/de\/product\/porsche-997-targa\/\" \/>\n<meta property=\"og:locale\" content=\"de_DE\" \/>\n<meta property=\"og:type\" content=\"article\" \/>\n<meta property=\"og:title\" content=\"Porsche 997 Targa 4S - Piston Addict\" \/>\n<meta property=\"og:description\" content=\"Als perfekte Balance zwischen klassischem 911-Feeling, kompakten Abmessungen, kommunikativem Fahrwerk und moderner Technik und Ausstattung erfreut sich die 997-Generation bei 911-Enthusiasten wachsender Beliebtheit. Das bedeutet, dass dies das n\u00e4chste gro\u00dfe Ding in der 911-Welt ist, mit steigenden Preisen. Angenommen, Sie m\u00f6chten auf den 997-Zug aufspringen. In diesem Fall gibt es nichts Besseres als einen sehr begehrenswerten Wagen in einem seltenen Karosseriestil mit einem begehrenswerten Schaltgetriebe, den man in vollen Z\u00fcgen genie\u00dfen kann.\" \/>\n<meta property=\"og:url\" content=\"https:\/\/pistonaddict.com\/de\/product\/porsche-997-targa\/\" \/>\n<meta property=\"og:site_name\" content=\"Piston Addict\" \/>\n<meta property=\"article:modified_time\" content=\"2024-03-20T14:23:54+00:00\" \/>\n<meta property=\"og:image\" content=\"https:\/\/pistonaddict.com\/wp-content\/uploads\/2024\/03\/1-1-1024x611.png\" \/>\n\t<meta property=\"og:image:width\" content=\"1024\" \/>\n\t<meta property=\"og:image:height\" content=\"611\" \/>\n\t<meta property=\"og:image:type\" content=\"image\/png\" \/>\n<meta name=\"twitter:card\" content=\"summary_large_image\" \/>\n<meta name=\"twitter:label1\" content=\"Gesch\u00e4tzte Lesezeit\" \/>\n\t<meta name=\"twitter:data1\" content=\"2\u00a0Minuten\" \/>\n<script type=\"application\/ld+json\" class=\"yoast-schema-graph\">{\"@context\":\"https:\/\/schema.org\",\"@graph\":[{\"@type\":\"WebPage\",\"@id\":\"https:\/\/pistonaddict.com\/de\/product\/porsche-997-targa\/\",\"url\":\"https:\/\/pistonaddict.com\/de\/product\/porsche-997-targa\/\",\"name\":\"Porsche 997 Targa 4S - Piston Addict\",\"isPartOf\":{\"@id\":\"https:\/\/pistonaddict.com\/de\/#website\"},\"primaryImageOfPage\":{\"@id\":\"https:\/\/pistonaddict.com\/de\/product\/porsche-997-targa\/#primaryimage\"},\"image\":{\"@id\":\"https:\/\/pistonaddict.com\/de\/product\/porsche-997-targa\/#primaryimage\"},\"thumbnailUrl\":\"https:\/\/pistonaddict.com\/wp-content\/uploads\/2024\/03\/1-1.png\",\"datePublished\":\"2024-03-20T14:15:43+00:00\",\"dateModified\":\"2024-03-20T14:23:54+00:00\",\"breadcrumb\":{\"@id\":\"https:\/\/pistonaddict.com\/de\/product\/porsche-997-targa\/#breadcrumb\"},\"inLanguage\":\"de\",\"potentialAction\":[{\"@type\":\"ReadAction\",\"target\":[\"https:\/\/pistonaddict.com\/de\/product\/porsche-997-targa\/\"]}]},{\"@type\":\"ImageObject\",\"inLanguage\":\"de\",\"@id\":\"https:\/\/pistonaddict.com\/de\/product\/porsche-997-targa\/#primaryimage\",\"url\":\"https:\/\/pistonaddict.com\/wp-content\/uploads\/2024\/03\/1-1.png\",\"contentUrl\":\"https:\/\/pistonaddict.com\/wp-content\/uploads\/2024\/03\/1-1.png\",\"width\":2778,\"height\":1657},{\"@type\":\"BreadcrumbList\",\"@id\":\"https:\/\/pistonaddict.com\/de\/product\/porsche-997-targa\/#breadcrumb\",\"itemListElement\":[{\"@type\":\"ListItem\",\"position\":1,\"name\":\"Startseite\",\"item\":\"https:\/\/pistonaddict.com\/de\/homepage\/\"},{\"@type\":\"ListItem\",\"position\":2,\"name\":\"Auctions\",\"item\":\"https:\/\/pistonaddict.com\/auctions-listing\/\"},{\"@type\":\"ListItem\",\"position\":3,\"name\":\"Porsche 997 Targa 4S\"}]},{\"@type\":\"WebSite\",\"@id\":\"https:\/\/pistonaddict.com\/de\/#website\",\"url\":\"https:\/\/pistonaddict.com\/de\/\",\"name\":\"Piston Addict\",\"description\":\"Only interesting vehicles\",\"publisher\":{\"@id\":\"https:\/\/pistonaddict.com\/de\/#organization\"},\"potentialAction\":[{\"@type\":\"SearchAction\",\"target\":{\"@type\":\"EntryPoint\",\"urlTemplate\":\"https:\/\/pistonaddict.com\/de\/?s={search_term_string}\"},\"query-input\":\"required name=search_term_string\"}],\"inLanguage\":\"de\"},{\"@type\":\"Organization\",\"@id\":\"https:\/\/pistonaddict.com\/de\/#organization\",\"name\":\"Piston Addict\",\"url\":\"https:\/\/pistonaddict.com\/de\/\",\"logo\":{\"@type\":\"ImageObject\",\"inLanguage\":\"de\",\"@id\":\"https:\/\/pistonaddict.com\/de\/#\/schema\/logo\/image\/\",\"url\":\"https:\/\/pistonaddict.com\/wp-content\/uploads\/2022\/07\/logo-6.png\",\"contentUrl\":\"https:\/\/pistonaddict.com\/wp-content\/uploads\/2022\/07\/logo-6.png\",\"width\":970,\"height\":200,\"caption\":\"Piston Addict\"},\"image\":{\"@id\":\"https:\/\/pistonaddict.com\/de\/#\/schema\/logo\/image\/\"}}]}<\/script>\n<!-- \/ Yoast SEO plugin. -->","yoast_head_json":{"title":"Porsche 997 Targa 4S - Piston Addict","robots":{"index":"index","follow":"follow","max-snippet":"max-snippet:-1","max-image-preview":"max-image-preview:large","max-video-preview":"max-video-preview:-1"},"canonical":"https:\/\/pistonaddict.com\/de\/product\/porsche-997-targa\/","og_locale":"de_DE","og_type":"article","og_title":"Porsche 997 Targa 4S - Piston Addict","og_description":"Als perfekte Balance zwischen klassischem 911-Feeling, kompakten Abmessungen, kommunikativem Fahrwerk und moderner Technik und Ausstattung erfreut sich die 997-Generation bei 911-Enthusiasten wachsender Beliebtheit. Das bedeutet, dass dies das n\u00e4chste gro\u00dfe Ding in der 911-Welt ist, mit steigenden Preisen. Angenommen, Sie m\u00f6chten auf den 997-Zug aufspringen. In diesem Fall gibt es nichts Besseres als einen sehr begehrenswerten Wagen in einem seltenen Karosseriestil mit einem begehrenswerten Schaltgetriebe, den man in vollen Z\u00fcgen genie\u00dfen kann.","og_url":"https:\/\/pistonaddict.com\/de\/product\/porsche-997-targa\/","og_site_name":"Piston Addict","article_modified_time":"2024-03-20T14:23:54+00:00","og_image":[{"width":1024,"height":611,"url":"https:\/\/pistonaddict.com\/wp-content\/uploads\/2024\/03\/1-1-1024x611.png","type":"image\/png"}],"twitter_card":"summary_large_image","twitter_misc":{"Gesch\u00e4tzte Lesezeit":"2\u00a0Minuten"},"schema":{"@context":"https:\/\/schema.org","@graph":[{"@type":"WebPage","@id":"https:\/\/pistonaddict.com\/de\/product\/porsche-997-targa\/","url":"https:\/\/pistonaddict.com\/de\/product\/porsche-997-targa\/","name":"Porsche 997 Targa 4S - Piston Addict","isPartOf":{"@id":"https:\/\/pistonaddict.com\/de\/#website"},"primaryImageOfPage":{"@id":"https:\/\/pistonaddict.com\/de\/product\/porsche-997-targa\/#primaryimage"},"image":{"@id":"https:\/\/pistonaddict.com\/de\/product\/porsche-997-targa\/#primaryimage"},"thumbnailUrl":"https:\/\/pistonaddict.com\/wp-content\/uploads\/2024\/03\/1-1.png","datePublished":"2024-03-20T14:15:43+00:00","dateModified":"2024-03-20T14:23:54+00:00","breadcrumb":{"@id":"https:\/\/pistonaddict.com\/de\/product\/porsche-997-targa\/#breadcrumb"},"inLanguage":"de","potentialAction":[{"@type":"ReadAction","target":["https:\/\/pistonaddict.com\/de\/product\/porsche-997-targa\/"]}]},{"@type":"ImageObject","inLanguage":"de","@id":"https:\/\/pistonaddict.com\/de\/product\/porsche-997-targa\/#primaryimage","url":"https:\/\/pistonaddict.com\/wp-content\/uploads\/2024\/03\/1-1.png","contentUrl":"https:\/\/pistonaddict.com\/wp-content\/uploads\/2024\/03\/1-1.png","width":2778,"height":1657},{"@type":"BreadcrumbList","@id":"https:\/\/pistonaddict.com\/de\/product\/porsche-997-targa\/#breadcrumb","itemListElement":[{"@type":"ListItem","position":1,"name":"Startseite","item":"https:\/\/pistonaddict.com\/de\/homepage\/"},{"@type":"ListItem","position":2,"name":"Auctions","item":"https:\/\/pistonaddict.com\/auctions-listing\/"},{"@type":"ListItem","position":3,"name":"Porsche 997 Targa 4S"}]},{"@type":"WebSite","@id":"https:\/\/pistonaddict.com\/de\/#website","url":"https:\/\/pistonaddict.com\/de\/","name":"Piston Addict","description":"Only interesting vehicles","publisher":{"@id":"https:\/\/pistonaddict.com\/de\/#organization"},"potentialAction":[{"@type":"SearchAction","target":{"@type":"EntryPoint","urlTemplate":"https:\/\/pistonaddict.com\/de\/?s={search_term_string}"},"query-input":"required name=search_term_string"}],"inLanguage":"de"},{"@type":"Organization","@id":"https:\/\/pistonaddict.com\/de\/#organization","name":"Piston Addict","url":"https:\/\/pistonaddict.com\/de\/","logo":{"@type":"ImageObject","inLanguage":"de","@id":"https:\/\/pistonaddict.com\/de\/#\/schema\/logo\/image\/","url":"https:\/\/pistonaddict.com\/wp-content\/uploads\/2022\/07\/logo-6.png","contentUrl":"https:\/\/pistonaddict.com\/wp-content\/uploads\/2022\/07\/logo-6.png","width":970,"height":200,"caption":"Piston Addict"},"image":{"@id":"https:\/\/pistonaddict.com\/de\/#\/schema\/logo\/image\/"}}]}},"_links":{"self":[{"href":"https:\/\/pistonaddict.com\/de\/wp-json\/wp\/v2\/product\/98272"}],"collection":[{"href":"https:\/\/pistonaddict.com\/de\/wp-json\/wp\/v2\/product"}],"about":[{"href":"https:\/\/pistonaddict.com\/de\/wp-json\/wp\/v2\/types\/product"}],"replies":[{"embeddable":true,"href":"https:\/\/pistonaddict.com\/de\/wp-json\/wp\/v2\/comments?post=98272"}],"wp:featuredmedia":[{"embeddable":true,"href":"https:\/\/pistonaddict.com\/de\/wp-json\/wp\/v2\/media\/97674"}],"wp:attachment":[{"href":"https:\/\/pistonaddict.com\/de\/wp-json\/wp\/v2\/media?parent=98272"}],"wp:term":[{"taxonomy":"product_cat","embeddable":true,"href":"https:\/\/pistonaddict.com\/de\/wp-json\/wp\/v2\/product_cat?post=98272"},{"taxonomy":"product_tag","embeddable":true,"href":"https:\/\/pistonaddict.com\/de\/wp-json\/wp\/v2\/product_tag?post=98272"}],"curies":[{"name":"wp","href":"https:\/\/api.w.org\/{rel}","templated":true}]}}