{"id":97439,"date":"2024-03-15T18:51:57","date_gmt":"2024-03-15T17:51:57","guid":{"rendered":"https:\/\/pistonaddict.com\/product\/bmw-m4-wettbewerb\/"},"modified":"2024-03-20T14:16:32","modified_gmt":"2024-03-20T13:16:32","slug":"bmw-m4-wettbewerb","status":"publish","type":"product","link":"https:\/\/pistonaddict.com\/de\/product\/bmw-m4-wettbewerb\/","title":{"rendered":"BMW M4 Wettbewerb"},"content":{"rendered":"<h2>\u00c4u\u00dferes<\/h2>\n<p>Beginnen wir mit der Farbe des Autos &#8211; es braun zu nennen, w\u00e4re unfair, zumindest zu sagen. BMW nannte es Sepang Bronze, und um es voll zu sch\u00e4tzen, muss man das Auto im Sonnenschein sehen. Das auff\u00e4lligste Merkmal des M4 ist jedoch sein Faltdach aus Kohlefaser, das ihn leicht und stabil zugleich macht. Dank ihm verwandelt sich dieser BMW auf Knopfdruck von einem coup\u00e9haften Sportwagen in einen schnittigen City-Cruiser.<\/p>\n<p>Weitere bemerkenswerte Details sind Xenon-Scheinwerfer an der Front, 19-Zoll-R\u00e4der mit Michelin Pilot Sport-Reifen an der Seite und Doppelauspuffanlagen am Heck. Und wie jeder andere M4 hat auch dieser Wagen aggressive Sto\u00dfstangen, Entl\u00fcftungs\u00f6ffnungen in den Kotfl\u00fcgeln und eine Motorhaube mit einem Wulst in der Mitte.<\/p>\n<h2>Innenbereich<\/h2>\n<p>Im Innenraum fallen als erstes die Sitze auf, die mit weichem braunem Leder mit wei\u00dfen N\u00e4hten bezogen sind. Aber sie sind nicht nur sportlich und unterst\u00fctzend, wie ihr Aussehen vermuten l\u00e4sst, sondern auch sehr bequem. Sobald Sie Platz genommen haben, finden Sie sich hinter dem charakteristischen Dreispeichenlenkrad des BMW und einem Armaturenbrett mit einfachen Anzeigen wieder. Dazu geh\u00f6ren ein Tachometer, der bei 330 km\/h endet, ein Drehzahlmesser, der bis zu 8000 U\/min reicht, sowie Anzeigen f\u00fcr den Kraftstoffstand und die Motortemperatur. Und wenn Sie bei harten Kurvenfahrten nicht nach unten schauen wollen, gibt es ein Head-Up-Display, das alle wichtigen Informationen auf der Windschutzscheibe anzeigt.<\/p>\n<h2>Mechanik<\/h2>\n<p>Abgesehen von der atemberaubenden Optik muss jeder BMW eine ultimative Fahrmaschine sein. Und dieser M4 hat einige Tr\u00fcmpfe im \u00c4rmel, die ihm helfen, diese Erwartungen zu erf\u00fcllen. Unter der Haube arbeitet ein spektakul\u00e4rer Reihen-Sechszylinder-Motor mit Doppelturboaufladung, der beruhigende 450 PS leistet. Die Kraft wird \u00fcber ein 7-Gang-Doppelkupplungsgetriebe und ein elektronisch gesteuertes Sperrdifferenzial auf die Hinterr\u00e4der \u00fcbertragen.<\/p>\n<p>Mit all dieser Leistung und Technologie schafft der M4 die 100 km\/h in etwa 4 Sekunden und kann bis zu 250 km\/h schnell werden. Und ohne den elektronischen Begrenzer w\u00fcrde es wahrscheinlich noch viel schneller gehen. Um die Geschwindigkeit unter Kontrolle zu halten, ist der Wagen mit einer verst\u00e4rkten Aufh\u00e4ngung und enormen Bremsen ausgestattet.<\/p>\n<h2>Geschichte des Fahrzeugs<\/h2>\n<p>Abschlie\u00dfend noch ein paar Worte zum aktuellen Zustand des BMW M4, den der Verk\u00e4ufer als makellos beschreibt. Und den Fotos und dem Video nach zu urteilen, ist es das auch, ohne dass sichtbare Sch\u00e4den zu verzeichnen sind. Das Fahrzeug wurde regelm\u00e4\u00dfig von einem BMW-Vertragsh\u00e4ndler gewartet und inspiziert, zuletzt im Juni 2022.<\/p>\n<p>Der Verk\u00e4ufer gibt an, dass das Auto, das sich derzeit in Belgien befindet, weder auf der Rennstrecke benutzt wurde noch in Unf\u00e4lle verwickelt war, was durch einen entsprechenden <a href=\"https:\/\/pistonaddict.com\/wp-content\/uploads\/2024\/03\/CarVerticalBMWM4.pdf\">CarVertical Vehicle History Report<\/a> best\u00e4tigt wird.<\/p>\n<p><strong>Sehen Sie sich das Kaltstart-Video dieses gro\u00dfartigen<\/strong> <strong>BMW M4 Competition<\/strong> <strong>an<\/strong>:<\/p>\n<p><iframe title=\"Cold Start Video of the BMW M4 Competition\" width=\"1200\" height=\"675\" src=\"https:\/\/www.youtube.com\/embed\/-weepN3iz9c?feature=oembed\" frameborder=\"0\" allow=\"accelerometer; autoplay; clipboard-write; encrypted-media; gyroscope; picture-in-picture; web-share\" allowfullscreen><\/iframe><\/p>\n","protected":false},"excerpt":{"rendered":"<p>Wenn Sie etwas suchen, mit dem Sie in rekordverd\u00e4chtigem Tempo \u00fcber die Rennstrecke fahren k\u00f6nnen, brauchen Sie einen Sportwagen. Wenn Sie hingegen an einem sonnigen Tag lieber gem\u00fctlich \u00fcber die Stra\u00dfe fahren, ist ein schnittiges Cabrio die beste Wahl. Aber wenn Sie etwas wollen, das beides kann, dann wird Ihnen dieser BMW M4 Competition, den wir versteigern wollen, sicher gefallen. Er ist in neuwertigem Zustand, hat einen Vorbesitzer und 74.000 km auf der Uhr.<\/p>\n","protected":false},"featured_media":96743,"comment_status":"open","ping_status":"closed","template":"","meta":{"inline_featured_image":false},"product_cat":[702],"product_tag":[3156,3100,901,3095],"acf":[],"yoast_head":"<!-- This site is optimized with the Yoast SEO plugin v22.5 - https:\/\/yoast.com\/wordpress\/plugins\/seo\/ -->\n<title>BMW M4 Wettbewerb - Piston Addict<\/title>\n<meta name=\"robots\" content=\"index, follow, max-snippet:-1, max-image-preview:large, max-video-preview:-1\" \/>\n<link rel=\"canonical\" href=\"https:\/\/pistonaddict.com\/de\/product\/bmw-m4-wettbewerb\/\" \/>\n<meta property=\"og:locale\" content=\"de_DE\" \/>\n<meta property=\"og:type\" content=\"article\" \/>\n<meta property=\"og:title\" content=\"BMW M4 Wettbewerb - Piston Addict\" \/>\n<meta property=\"og:description\" content=\"Wenn Sie etwas suchen, mit dem Sie in rekordverd\u00e4chtigem Tempo \u00fcber die Rennstrecke fahren k\u00f6nnen, brauchen Sie einen Sportwagen. Wenn Sie hingegen an einem sonnigen Tag lieber gem\u00fctlich \u00fcber die Stra\u00dfe fahren, ist ein schnittiges Cabrio die beste Wahl. Aber wenn Sie etwas wollen, das beides kann, dann wird Ihnen dieser BMW M4 Competition, den wir versteigern wollen, sicher gefallen. Er ist in neuwertigem Zustand, hat einen Vorbesitzer und 74.000 km auf der Uhr.\" \/>\n<meta property=\"og:url\" content=\"https:\/\/pistonaddict.com\/de\/product\/bmw-m4-wettbewerb\/\" \/>\n<meta property=\"og:site_name\" content=\"Piston Addict\" \/>\n<meta property=\"article:modified_time\" content=\"2024-03-20T13:16:32+00:00\" \/>\n<meta property=\"og:image\" content=\"https:\/\/pistonaddict.com\/wp-content\/uploads\/2024\/03\/1-1024x612.png\" \/>\n\t<meta property=\"og:image:width\" content=\"1024\" \/>\n\t<meta property=\"og:image:height\" content=\"612\" \/>\n\t<meta property=\"og:image:type\" content=\"image\/png\" \/>\n<meta name=\"twitter:card\" content=\"summary_large_image\" \/>\n<meta name=\"twitter:label1\" content=\"Gesch\u00e4tzte Lesezeit\" \/>\n\t<meta name=\"twitter:data1\" content=\"2\u00a0Minuten\" \/>\n<script type=\"application\/ld+json\" class=\"yoast-schema-graph\">{\"@context\":\"https:\/\/schema.org\",\"@graph\":[{\"@type\":\"WebPage\",\"@id\":\"https:\/\/pistonaddict.com\/de\/product\/bmw-m4-wettbewerb\/\",\"url\":\"https:\/\/pistonaddict.com\/de\/product\/bmw-m4-wettbewerb\/\",\"name\":\"BMW M4 Wettbewerb - Piston Addict\",\"isPartOf\":{\"@id\":\"https:\/\/pistonaddict.com\/de\/#website\"},\"primaryImageOfPage\":{\"@id\":\"https:\/\/pistonaddict.com\/de\/product\/bmw-m4-wettbewerb\/#primaryimage\"},\"image\":{\"@id\":\"https:\/\/pistonaddict.com\/de\/product\/bmw-m4-wettbewerb\/#primaryimage\"},\"thumbnailUrl\":\"https:\/\/pistonaddict.com\/wp-content\/uploads\/2024\/03\/1.png\",\"datePublished\":\"2024-03-15T17:51:57+00:00\",\"dateModified\":\"2024-03-20T13:16:32+00:00\",\"breadcrumb\":{\"@id\":\"https:\/\/pistonaddict.com\/de\/product\/bmw-m4-wettbewerb\/#breadcrumb\"},\"inLanguage\":\"de\",\"potentialAction\":[{\"@type\":\"ReadAction\",\"target\":[\"https:\/\/pistonaddict.com\/de\/product\/bmw-m4-wettbewerb\/\"]}]},{\"@type\":\"ImageObject\",\"inLanguage\":\"de\",\"@id\":\"https:\/\/pistonaddict.com\/de\/product\/bmw-m4-wettbewerb\/#primaryimage\",\"url\":\"https:\/\/pistonaddict.com\/wp-content\/uploads\/2024\/03\/1.png\",\"contentUrl\":\"https:\/\/pistonaddict.com\/wp-content\/uploads\/2024\/03\/1.png\",\"width\":2778,\"height\":1660},{\"@type\":\"BreadcrumbList\",\"@id\":\"https:\/\/pistonaddict.com\/de\/product\/bmw-m4-wettbewerb\/#breadcrumb\",\"itemListElement\":[{\"@type\":\"ListItem\",\"position\":1,\"name\":\"Startseite\",\"item\":\"https:\/\/pistonaddict.com\/de\/homepage\/\"},{\"@type\":\"ListItem\",\"position\":2,\"name\":\"Auctions\",\"item\":\"https:\/\/pistonaddict.com\/auctions-listing\/\"},{\"@type\":\"ListItem\",\"position\":3,\"name\":\"BMW M4 Wettbewerb\"}]},{\"@type\":\"WebSite\",\"@id\":\"https:\/\/pistonaddict.com\/de\/#website\",\"url\":\"https:\/\/pistonaddict.com\/de\/\",\"name\":\"Piston Addict\",\"description\":\"Only interesting vehicles\",\"publisher\":{\"@id\":\"https:\/\/pistonaddict.com\/de\/#organization\"},\"potentialAction\":[{\"@type\":\"SearchAction\",\"target\":{\"@type\":\"EntryPoint\",\"urlTemplate\":\"https:\/\/pistonaddict.com\/de\/?s={search_term_string}\"},\"query-input\":\"required name=search_term_string\"}],\"inLanguage\":\"de\"},{\"@type\":\"Organization\",\"@id\":\"https:\/\/pistonaddict.com\/de\/#organization\",\"name\":\"Piston Addict\",\"url\":\"https:\/\/pistonaddict.com\/de\/\",\"logo\":{\"@type\":\"ImageObject\",\"inLanguage\":\"de\",\"@id\":\"https:\/\/pistonaddict.com\/de\/#\/schema\/logo\/image\/\",\"url\":\"https:\/\/pistonaddict.com\/wp-content\/uploads\/2022\/07\/logo-6.png\",\"contentUrl\":\"https:\/\/pistonaddict.com\/wp-content\/uploads\/2022\/07\/logo-6.png\",\"width\":970,\"height\":200,\"caption\":\"Piston Addict\"},\"image\":{\"@id\":\"https:\/\/pistonaddict.com\/de\/#\/schema\/logo\/image\/\"}}]}<\/script>\n<!-- \/ Yoast SEO plugin. -->","yoast_head_json":{"title":"BMW M4 Wettbewerb - Piston Addict","robots":{"index":"index","follow":"follow","max-snippet":"max-snippet:-1","max-image-preview":"max-image-preview:large","max-video-preview":"max-video-preview:-1"},"canonical":"https:\/\/pistonaddict.com\/de\/product\/bmw-m4-wettbewerb\/","og_locale":"de_DE","og_type":"article","og_title":"BMW M4 Wettbewerb - Piston Addict","og_description":"Wenn Sie etwas suchen, mit dem Sie in rekordverd\u00e4chtigem Tempo \u00fcber die Rennstrecke fahren k\u00f6nnen, brauchen Sie einen Sportwagen. Wenn Sie hingegen an einem sonnigen Tag lieber gem\u00fctlich \u00fcber die Stra\u00dfe fahren, ist ein schnittiges Cabrio die beste Wahl. Aber wenn Sie etwas wollen, das beides kann, dann wird Ihnen dieser BMW M4 Competition, den wir versteigern wollen, sicher gefallen. Er ist in neuwertigem Zustand, hat einen Vorbesitzer und 74.000 km auf der Uhr.","og_url":"https:\/\/pistonaddict.com\/de\/product\/bmw-m4-wettbewerb\/","og_site_name":"Piston Addict","article_modified_time":"2024-03-20T13:16:32+00:00","og_image":[{"width":1024,"height":612,"url":"https:\/\/pistonaddict.com\/wp-content\/uploads\/2024\/03\/1-1024x612.png","type":"image\/png"}],"twitter_card":"summary_large_image","twitter_misc":{"Gesch\u00e4tzte Lesezeit":"2\u00a0Minuten"},"schema":{"@context":"https:\/\/schema.org","@graph":[{"@type":"WebPage","@id":"https:\/\/pistonaddict.com\/de\/product\/bmw-m4-wettbewerb\/","url":"https:\/\/pistonaddict.com\/de\/product\/bmw-m4-wettbewerb\/","name":"BMW M4 Wettbewerb - Piston Addict","isPartOf":{"@id":"https:\/\/pistonaddict.com\/de\/#website"},"primaryImageOfPage":{"@id":"https:\/\/pistonaddict.com\/de\/product\/bmw-m4-wettbewerb\/#primaryimage"},"image":{"@id":"https:\/\/pistonaddict.com\/de\/product\/bmw-m4-wettbewerb\/#primaryimage"},"thumbnailUrl":"https:\/\/pistonaddict.com\/wp-content\/uploads\/2024\/03\/1.png","datePublished":"2024-03-15T17:51:57+00:00","dateModified":"2024-03-20T13:16:32+00:00","breadcrumb":{"@id":"https:\/\/pistonaddict.com\/de\/product\/bmw-m4-wettbewerb\/#breadcrumb"},"inLanguage":"de","potentialAction":[{"@type":"ReadAction","target":["https:\/\/pistonaddict.com\/de\/product\/bmw-m4-wettbewerb\/"]}]},{"@type":"ImageObject","inLanguage":"de","@id":"https:\/\/pistonaddict.com\/de\/product\/bmw-m4-wettbewerb\/#primaryimage","url":"https:\/\/pistonaddict.com\/wp-content\/uploads\/2024\/03\/1.png","contentUrl":"https:\/\/pistonaddict.com\/wp-content\/uploads\/2024\/03\/1.png","width":2778,"height":1660},{"@type":"BreadcrumbList","@id":"https:\/\/pistonaddict.com\/de\/product\/bmw-m4-wettbewerb\/#breadcrumb","itemListElement":[{"@type":"ListItem","position":1,"name":"Startseite","item":"https:\/\/pistonaddict.com\/de\/homepage\/"},{"@type":"ListItem","position":2,"name":"Auctions","item":"https:\/\/pistonaddict.com\/auctions-listing\/"},{"@type":"ListItem","position":3,"name":"BMW M4 Wettbewerb"}]},{"@type":"WebSite","@id":"https:\/\/pistonaddict.com\/de\/#website","url":"https:\/\/pistonaddict.com\/de\/","name":"Piston Addict","description":"Only interesting vehicles","publisher":{"@id":"https:\/\/pistonaddict.com\/de\/#organization"},"potentialAction":[{"@type":"SearchAction","target":{"@type":"EntryPoint","urlTemplate":"https:\/\/pistonaddict.com\/de\/?s={search_term_string}"},"query-input":"required name=search_term_string"}],"inLanguage":"de"},{"@type":"Organization","@id":"https:\/\/pistonaddict.com\/de\/#organization","name":"Piston Addict","url":"https:\/\/pistonaddict.com\/de\/","logo":{"@type":"ImageObject","inLanguage":"de","@id":"https:\/\/pistonaddict.com\/de\/#\/schema\/logo\/image\/","url":"https:\/\/pistonaddict.com\/wp-content\/uploads\/2022\/07\/logo-6.png","contentUrl":"https:\/\/pistonaddict.com\/wp-content\/uploads\/2022\/07\/logo-6.png","width":970,"height":200,"caption":"Piston Addict"},"image":{"@id":"https:\/\/pistonaddict.com\/de\/#\/schema\/logo\/image\/"}}]}},"_links":{"self":[{"href":"https:\/\/pistonaddict.com\/de\/wp-json\/wp\/v2\/product\/97439"}],"collection":[{"href":"https:\/\/pistonaddict.com\/de\/wp-json\/wp\/v2\/product"}],"about":[{"href":"https:\/\/pistonaddict.com\/de\/wp-json\/wp\/v2\/types\/product"}],"replies":[{"embeddable":true,"href":"https:\/\/pistonaddict.com\/de\/wp-json\/wp\/v2\/comments?post=97439"}],"wp:featuredmedia":[{"embeddable":true,"href":"https:\/\/pistonaddict.com\/de\/wp-json\/wp\/v2\/media\/96743"}],"wp:attachment":[{"href":"https:\/\/pistonaddict.com\/de\/wp-json\/wp\/v2\/media?parent=97439"}],"wp:term":[{"taxonomy":"product_cat","embeddable":true,"href":"https:\/\/pistonaddict.com\/de\/wp-json\/wp\/v2\/product_cat?post=97439"},{"taxonomy":"product_tag","embeddable":true,"href":"https:\/\/pistonaddict.com\/de\/wp-json\/wp\/v2\/product_tag?post=97439"}],"curies":[{"name":"wp","href":"https:\/\/api.w.org\/{rel}","templated":true}]}}