{"id":96713,"date":"2024-03-15T17:17:18","date_gmt":"2024-03-15T16:17:18","guid":{"rendered":"https:\/\/pistonaddict.com\/product\/amg-sls-roadster\/"},"modified":"2024-03-19T16:40:15","modified_gmt":"2024-03-19T15:40:15","slug":"amg-sls-roadster","status":"publish","type":"product","link":"https:\/\/pistonaddict.com\/de\/product\/amg-sls-roadster\/","title":{"rendered":"AMG SLS Roadster"},"content":{"rendered":"<p><strong>Auto-Geschichte<\/strong><\/p>\n<p>Als Mercedes 2010 den ikonischen SLS AMG vorstellte, staunte die Automobilwelt nicht schlecht. Klassisch im Ansatz, aber absolut modern in der Ausf\u00fchrung, war dies ein reinrassiger Sportwagen, der sich eindeutig von der glorreichen Vergangenheit der Marke und dem legend\u00e4ren 300 SL Fl\u00fcgelt\u00fcrer inspirieren lie\u00df. Obwohl Mercedes bei seiner Entwicklung auf die Vergangenheit zur\u00fcckblickte, zielte das Unternehmen mit moderner Fahrwerkskonstruktion, Innenausstattung, Komfort und Antriebsstrang auf die Zukunft. Unter der langen Motorhaube steckte ein 6,2-Liter-V8 (Codename M156), der 571 Saugmotor-PS lieferte, die \u00fcber ein kompetentes 7-Gang-Doppelkupplungsgetriebe auf die Hinterr\u00e4der \u00fcbertragen wurden. Das Ergebnis ist ein Auto, das erstaunlich aussieht und trotzdem superschnell ist. Mit einer Zeit von 0 auf 100 km\/h von nur 3,8 Sekunden und einer H\u00f6chstgeschwindigkeit von weit \u00fcber 310 km\/h wird deutlich, warum der Mercedes SLS AMG zu den schnellsten Autos seiner Zeit geh\u00f6rt.<\/p>\n<p>Interessanterweise war die Produktionszeit dieser unglaublichen Maschine relativ kurz, denn das Modell wurde 2014 eingestellt. Manche sagen, Mercedes habe dies absichtlich getan, um die Exklusivit\u00e4t und Seltenheit seines besten modernen Sportwagens zu gew\u00e4hrleisten. Diese Ger\u00fcchte k\u00f6nnten wahr sein, da das Unternehmen nie offiziell genaue Produktionszahlen bekannt gegeben hat. Man sch\u00e4tzt, dass etwa 8.000 Coup\u00e9s und 4.000 Roadster ausgeliefert wurden. Dieses Auto ist eines dieser 4.000 Exemplare, was es noch exklusiver und mythischer macht.<\/p>\n<p><strong>Innenbereich<\/strong><\/p>\n<p>Das Interieur dieses SLS AMG Roadsters ist in schwarzem Leder mit Lederarmaturenbrett ausgef\u00fchrt und befindet sich in perfektem Zustand ohne jegliche Gebrauchsspuren. Die Sitze und T\u00fcrkarten sind nicht gekennzeichnet; alle Funktionen funktionieren, ebenso wie das Navigationssystem, das Premium-Audiosystem und die beheizbaren und elektrisch verstellbaren Sportsitze. Das Cabriodach ist in neuwertigem Zustand und l\u00e4sst sich perfekt \u00f6ffnen und schlie\u00dfen.<\/p>\n<p><strong>Zustand<\/strong><\/p>\n<p>Wir freuen uns immer, Fahrzeuge anzubieten, die sich in einem neuwertigen Zustand befinden, und dieser 2012 Mercedes SLS AMG Roadster ist einer von ihnen. Mit nur 19.000 Kilometern aus dem Neuzustand wurde dieses Fahrzeug von seinem ersten und einzigen Besitzer kaum genutzt und hatte eine durchschnittliche Kilometerleistung von weniger als 2000 km pro Jahr. Das bedeutet, dass er sich mechanisch und \u00e4sthetisch in einem Top-Zustand befindet und dass er ab Werk komplett original ist. Die letzte gr\u00f6\u00dfere Wartung wurde 2018 durchgef\u00fchrt, und die Bremsen wurden erst k\u00fcrzlich im M\u00e4rz 2024 \u00fcberholt. Der Wagen wurde von einem Mercedes-H\u00e4ndler akribisch gepflegt.<\/p>\n<p><strong>\u00c4u\u00dferes und R\u00e4der<\/strong><\/p>\n<p>Mit so wenigen Kilometern auf dem Auto und einer obsessiven Pflege ist es keine \u00dcberraschung, dass die Karosserie wie neu ist, ohne Kratzer oder Beulen. Er ist in klassischem Mercedes-Silber lackiert (in Anlehnung an die Silberpfeil-Rennwagen) und sieht mit der kontrastierenden schwarzen Innenausstattung umwerfend aus. Die originalen 19-Zoll-R\u00e4der sind vorhanden und mit Continental ContiSport Contact Performance-Gummi (DOT 2017) ummantelt, der zu etwa 50 % abgefahren ist.<\/p>\n<p><strong>Dokumentation<\/strong><\/p>\n<p>Der H\u00e4ndler verkauft dieses Fahrzeug im Namen des urspr\u00fcnglichen Eigent\u00fcmers, mit entsprechenden Unterlagen, mit Sitz in Belgien. Der <a href=\"https:\/\/pistonaddict.com\/wp-content\/uploads\/2024\/03\/CarVerticalAMG.pdf\">CarVertical-Bericht<\/a> ist sauber, ohne Nachweis von Unf\u00e4llen, Unfallreparaturen, Eigentumsverh\u00e4ltnissen oder rechtlichen Problemen. Es gibt Aufzeichnungen \u00fcber die regelm\u00e4\u00dfige Wartung und Quittungen.<\/p>\n<p><strong>Sehen Sie sich das Kaltstart-Video dieses erstaunlichen AMG SLS Roadsters an:<\/strong><\/p>\n<p><iframe title=\"Cold Start Video of the AMG SLS Roadster\" width=\"1200\" height=\"675\" src=\"https:\/\/www.youtube.com\/embed\/vjLjXYVelXI?feature=oembed\" frameborder=\"0\" allow=\"accelerometer; autoplay; clipboard-write; encrypted-media; gyroscope; picture-in-picture; web-share\" allowfullscreen><\/iframe><\/p>\n","protected":false},"excerpt":{"rendered":"<p>Wenn man sich die modernen Klassiker aus Stuttgart ansieht, kommt nichts an den Mercedes SLS AMG heran. Mit seinem retro-futuristischen Design, dem m\u00e4chtigen 6,2-Liter-V8 in der Frontpartie und seiner \u00fcberragenden Leistung ist der SLS der begehrteste Sportwagen von Mercedes seit dem Original aus den 1950er Jahren, mit dem die Linie begann. Der in jeder Hinsicht exquisite SLS ist ein Auto, das nur selten zum Verkauf angeboten wird, was dieses praktisch neue Exemplar mit geringem Kilometerstand und nur einem Besitzer noch seltener und noch einzigartiger macht.<\/p>\n","protected":false},"featured_media":95994,"comment_status":"open","ping_status":"closed","template":"","meta":{"inline_featured_image":false},"product_cat":[702],"product_tag":[3056,2780,3051,901],"acf":[],"yoast_head":"<!-- This site is optimized with the Yoast SEO plugin v22.5 - https:\/\/yoast.com\/wordpress\/plugins\/seo\/ -->\n<title>AMG SLS Roadster - Piston Addict<\/title>\n<meta name=\"robots\" content=\"index, follow, max-snippet:-1, max-image-preview:large, max-video-preview:-1\" \/>\n<link rel=\"canonical\" href=\"https:\/\/pistonaddict.com\/de\/product\/amg-sls-roadster\/\" \/>\n<meta property=\"og:locale\" content=\"de_DE\" \/>\n<meta property=\"og:type\" content=\"article\" \/>\n<meta property=\"og:title\" content=\"AMG SLS Roadster - Piston Addict\" \/>\n<meta property=\"og:description\" content=\"Wenn man sich die modernen Klassiker aus Stuttgart ansieht, kommt nichts an den Mercedes SLS AMG heran. Mit seinem retro-futuristischen Design, dem m\u00e4chtigen 6,2-Liter-V8 in der Frontpartie und seiner \u00fcberragenden Leistung ist der SLS der begehrteste Sportwagen von Mercedes seit dem Original aus den 1950er Jahren, mit dem die Linie begann. Der in jeder Hinsicht exquisite SLS ist ein Auto, das nur selten zum Verkauf angeboten wird, was dieses praktisch neue Exemplar mit geringem Kilometerstand und nur einem Besitzer noch seltener und noch einzigartiger macht.\" \/>\n<meta property=\"og:url\" content=\"https:\/\/pistonaddict.com\/de\/product\/amg-sls-roadster\/\" \/>\n<meta property=\"og:site_name\" content=\"Piston Addict\" \/>\n<meta property=\"article:modified_time\" content=\"2024-03-19T15:40:15+00:00\" \/>\n<meta property=\"og:image\" content=\"https:\/\/pistonaddict.com\/wp-content\/uploads\/2024\/03\/1-scaled.jpg\" \/>\n\t<meta property=\"og:image:width\" content=\"2560\" \/>\n\t<meta property=\"og:image:height\" content=\"1527\" \/>\n\t<meta property=\"og:image:type\" content=\"image\/jpeg\" \/>\n<meta name=\"twitter:card\" content=\"summary_large_image\" \/>\n<meta name=\"twitter:label1\" content=\"Gesch\u00e4tzte Lesezeit\" \/>\n\t<meta name=\"twitter:data1\" content=\"3\u00a0Minuten\" \/>\n<script type=\"application\/ld+json\" class=\"yoast-schema-graph\">{\"@context\":\"https:\/\/schema.org\",\"@graph\":[{\"@type\":\"WebPage\",\"@id\":\"https:\/\/pistonaddict.com\/de\/product\/amg-sls-roadster\/\",\"url\":\"https:\/\/pistonaddict.com\/de\/product\/amg-sls-roadster\/\",\"name\":\"AMG SLS Roadster - Piston Addict\",\"isPartOf\":{\"@id\":\"https:\/\/pistonaddict.com\/de\/#website\"},\"primaryImageOfPage\":{\"@id\":\"https:\/\/pistonaddict.com\/de\/product\/amg-sls-roadster\/#primaryimage\"},\"image\":{\"@id\":\"https:\/\/pistonaddict.com\/de\/product\/amg-sls-roadster\/#primaryimage\"},\"thumbnailUrl\":\"https:\/\/pistonaddict.com\/wp-content\/uploads\/2024\/03\/1-scaled.jpg\",\"datePublished\":\"2024-03-15T16:17:18+00:00\",\"dateModified\":\"2024-03-19T15:40:15+00:00\",\"breadcrumb\":{\"@id\":\"https:\/\/pistonaddict.com\/de\/product\/amg-sls-roadster\/#breadcrumb\"},\"inLanguage\":\"de\",\"potentialAction\":[{\"@type\":\"ReadAction\",\"target\":[\"https:\/\/pistonaddict.com\/de\/product\/amg-sls-roadster\/\"]}]},{\"@type\":\"ImageObject\",\"inLanguage\":\"de\",\"@id\":\"https:\/\/pistonaddict.com\/de\/product\/amg-sls-roadster\/#primaryimage\",\"url\":\"https:\/\/pistonaddict.com\/wp-content\/uploads\/2024\/03\/1-scaled.jpg\",\"contentUrl\":\"https:\/\/pistonaddict.com\/wp-content\/uploads\/2024\/03\/1-scaled.jpg\",\"width\":2560,\"height\":1527},{\"@type\":\"BreadcrumbList\",\"@id\":\"https:\/\/pistonaddict.com\/de\/product\/amg-sls-roadster\/#breadcrumb\",\"itemListElement\":[{\"@type\":\"ListItem\",\"position\":1,\"name\":\"Startseite\",\"item\":\"https:\/\/pistonaddict.com\/de\/homepage\/\"},{\"@type\":\"ListItem\",\"position\":2,\"name\":\"Auctions\",\"item\":\"https:\/\/pistonaddict.com\/auctions-listing\/\"},{\"@type\":\"ListItem\",\"position\":3,\"name\":\"AMG SLS Roadster\"}]},{\"@type\":\"WebSite\",\"@id\":\"https:\/\/pistonaddict.com\/de\/#website\",\"url\":\"https:\/\/pistonaddict.com\/de\/\",\"name\":\"Piston Addict\",\"description\":\"Only interesting vehicles\",\"publisher\":{\"@id\":\"https:\/\/pistonaddict.com\/de\/#organization\"},\"potentialAction\":[{\"@type\":\"SearchAction\",\"target\":{\"@type\":\"EntryPoint\",\"urlTemplate\":\"https:\/\/pistonaddict.com\/de\/?s={search_term_string}\"},\"query-input\":\"required name=search_term_string\"}],\"inLanguage\":\"de\"},{\"@type\":\"Organization\",\"@id\":\"https:\/\/pistonaddict.com\/de\/#organization\",\"name\":\"Piston Addict\",\"url\":\"https:\/\/pistonaddict.com\/de\/\",\"logo\":{\"@type\":\"ImageObject\",\"inLanguage\":\"de\",\"@id\":\"https:\/\/pistonaddict.com\/de\/#\/schema\/logo\/image\/\",\"url\":\"https:\/\/pistonaddict.com\/wp-content\/uploads\/2022\/07\/logo-6.png\",\"contentUrl\":\"https:\/\/pistonaddict.com\/wp-content\/uploads\/2022\/07\/logo-6.png\",\"width\":970,\"height\":200,\"caption\":\"Piston Addict\"},\"image\":{\"@id\":\"https:\/\/pistonaddict.com\/de\/#\/schema\/logo\/image\/\"}}]}<\/script>\n<!-- \/ Yoast SEO plugin. -->","yoast_head_json":{"title":"AMG SLS Roadster - Piston Addict","robots":{"index":"index","follow":"follow","max-snippet":"max-snippet:-1","max-image-preview":"max-image-preview:large","max-video-preview":"max-video-preview:-1"},"canonical":"https:\/\/pistonaddict.com\/de\/product\/amg-sls-roadster\/","og_locale":"de_DE","og_type":"article","og_title":"AMG SLS Roadster - Piston Addict","og_description":"Wenn man sich die modernen Klassiker aus Stuttgart ansieht, kommt nichts an den Mercedes SLS AMG heran. Mit seinem retro-futuristischen Design, dem m\u00e4chtigen 6,2-Liter-V8 in der Frontpartie und seiner \u00fcberragenden Leistung ist der SLS der begehrteste Sportwagen von Mercedes seit dem Original aus den 1950er Jahren, mit dem die Linie begann. Der in jeder Hinsicht exquisite SLS ist ein Auto, das nur selten zum Verkauf angeboten wird, was dieses praktisch neue Exemplar mit geringem Kilometerstand und nur einem Besitzer noch seltener und noch einzigartiger macht.","og_url":"https:\/\/pistonaddict.com\/de\/product\/amg-sls-roadster\/","og_site_name":"Piston Addict","article_modified_time":"2024-03-19T15:40:15+00:00","og_image":[{"width":2560,"height":1527,"url":"https:\/\/pistonaddict.com\/wp-content\/uploads\/2024\/03\/1-scaled.jpg","type":"image\/jpeg"}],"twitter_card":"summary_large_image","twitter_misc":{"Gesch\u00e4tzte Lesezeit":"3\u00a0Minuten"},"schema":{"@context":"https:\/\/schema.org","@graph":[{"@type":"WebPage","@id":"https:\/\/pistonaddict.com\/de\/product\/amg-sls-roadster\/","url":"https:\/\/pistonaddict.com\/de\/product\/amg-sls-roadster\/","name":"AMG SLS Roadster - Piston Addict","isPartOf":{"@id":"https:\/\/pistonaddict.com\/de\/#website"},"primaryImageOfPage":{"@id":"https:\/\/pistonaddict.com\/de\/product\/amg-sls-roadster\/#primaryimage"},"image":{"@id":"https:\/\/pistonaddict.com\/de\/product\/amg-sls-roadster\/#primaryimage"},"thumbnailUrl":"https:\/\/pistonaddict.com\/wp-content\/uploads\/2024\/03\/1-scaled.jpg","datePublished":"2024-03-15T16:17:18+00:00","dateModified":"2024-03-19T15:40:15+00:00","breadcrumb":{"@id":"https:\/\/pistonaddict.com\/de\/product\/amg-sls-roadster\/#breadcrumb"},"inLanguage":"de","potentialAction":[{"@type":"ReadAction","target":["https:\/\/pistonaddict.com\/de\/product\/amg-sls-roadster\/"]}]},{"@type":"ImageObject","inLanguage":"de","@id":"https:\/\/pistonaddict.com\/de\/product\/amg-sls-roadster\/#primaryimage","url":"https:\/\/pistonaddict.com\/wp-content\/uploads\/2024\/03\/1-scaled.jpg","contentUrl":"https:\/\/pistonaddict.com\/wp-content\/uploads\/2024\/03\/1-scaled.jpg","width":2560,"height":1527},{"@type":"BreadcrumbList","@id":"https:\/\/pistonaddict.com\/de\/product\/amg-sls-roadster\/#breadcrumb","itemListElement":[{"@type":"ListItem","position":1,"name":"Startseite","item":"https:\/\/pistonaddict.com\/de\/homepage\/"},{"@type":"ListItem","position":2,"name":"Auctions","item":"https:\/\/pistonaddict.com\/auctions-listing\/"},{"@type":"ListItem","position":3,"name":"AMG SLS Roadster"}]},{"@type":"WebSite","@id":"https:\/\/pistonaddict.com\/de\/#website","url":"https:\/\/pistonaddict.com\/de\/","name":"Piston Addict","description":"Only interesting vehicles","publisher":{"@id":"https:\/\/pistonaddict.com\/de\/#organization"},"potentialAction":[{"@type":"SearchAction","target":{"@type":"EntryPoint","urlTemplate":"https:\/\/pistonaddict.com\/de\/?s={search_term_string}"},"query-input":"required name=search_term_string"}],"inLanguage":"de"},{"@type":"Organization","@id":"https:\/\/pistonaddict.com\/de\/#organization","name":"Piston Addict","url":"https:\/\/pistonaddict.com\/de\/","logo":{"@type":"ImageObject","inLanguage":"de","@id":"https:\/\/pistonaddict.com\/de\/#\/schema\/logo\/image\/","url":"https:\/\/pistonaddict.com\/wp-content\/uploads\/2022\/07\/logo-6.png","contentUrl":"https:\/\/pistonaddict.com\/wp-content\/uploads\/2022\/07\/logo-6.png","width":970,"height":200,"caption":"Piston Addict"},"image":{"@id":"https:\/\/pistonaddict.com\/de\/#\/schema\/logo\/image\/"}}]}},"_links":{"self":[{"href":"https:\/\/pistonaddict.com\/de\/wp-json\/wp\/v2\/product\/96713"}],"collection":[{"href":"https:\/\/pistonaddict.com\/de\/wp-json\/wp\/v2\/product"}],"about":[{"href":"https:\/\/pistonaddict.com\/de\/wp-json\/wp\/v2\/types\/product"}],"replies":[{"embeddable":true,"href":"https:\/\/pistonaddict.com\/de\/wp-json\/wp\/v2\/comments?post=96713"}],"wp:featuredmedia":[{"embeddable":true,"href":"https:\/\/pistonaddict.com\/de\/wp-json\/wp\/v2\/media\/95994"}],"wp:attachment":[{"href":"https:\/\/pistonaddict.com\/de\/wp-json\/wp\/v2\/media?parent=96713"}],"wp:term":[{"taxonomy":"product_cat","embeddable":true,"href":"https:\/\/pistonaddict.com\/de\/wp-json\/wp\/v2\/product_cat?post=96713"},{"taxonomy":"product_tag","embeddable":true,"href":"https:\/\/pistonaddict.com\/de\/wp-json\/wp\/v2\/product_tag?post=96713"}],"curies":[{"name":"wp","href":"https:\/\/api.w.org\/{rel}","templated":true}]}}