{"id":94122,"date":"2024-02-28T13:52:28","date_gmt":"2024-02-28T12:52:28","guid":{"rendered":"https:\/\/pistonaddict.com\/product\/fisker-karma\/"},"modified":"2024-03-25T08:13:16","modified_gmt":"2024-03-25T07:13:16","slug":"fisker-karma","status":"publish","type":"product","link":"https:\/\/pistonaddict.com\/de\/product\/fisker-karma\/","title":{"rendered":"Fisker Karma"},"content":{"rendered":"<h2>\u00c4u\u00dferes<\/h2>\n<p>Von au\u00dfen, beginnend mit der Frontpartie, zeigt der Karma eine tief h\u00e4ngende Nase mit breitem K\u00fchlergrill und l\u00e4nglichen Xenon-Scheinwerfern, die dem Auto eine aggressive Haltung verleihen. Dieses Thema setzt sich an den Seiten fort, wo eine muskul\u00f6se Silhouette von massiven Kotfl\u00fcgeln dominiert wird, die von 22-Zoll-R\u00e4dern umschlossen werden. Am breiten Heck des italienischen Supersportwagens verleihen Details wie elegante R\u00fcckleuchten und Lautsprecher an einer Stelle, an der man eigentlich Auspuffendrohre mit verchromten Kappen erwarten w\u00fcrde, dem Karma ein einzigartiges Stra\u00dfenbild.<\/p>\n<p>Der Wagen ist in Deep Ocean Blue lackiert, das an klaren Tagen spektakul\u00e4r aussieht, wenn die Sonnenstrahlen die Schuppenbildung hervorheben. Apropos Sonne: Der Karma verf\u00fcgt \u00fcber im Dach integrierte Solarzellen und kann sich selbst aufladen, wenn er drau\u00dfen geparkt wird.<\/p>\n<h2>Innenbereich<\/h2>\n<p>Im Innenraum finden Sie sich hinter einem Vier-Speichen-Lederlenkrad wieder, das ein schlankes und futuristisches Kombiinstrument einrahmt. Auf der linken Seite befindet sich ein Tachometer, der bis zu 220 km\/h anzeigen kann. Aber auf der rechten Seite gibt es statt eines Drehzahlmessers eine Anzeige f\u00fcr die Batteriekapazit\u00e4t und ob sie gerade aufgeladen wird oder der Strom f\u00fcr die Beschleunigung verwendet wird. Das Armaturenbrett ist mit einem Touchscreen-Display ausgestattet, das als Kommandozentrale f\u00fcr Stereoanlage, Navigation und Klimasteuerung dient.<\/p>\n<p>Der gesamte Innenraum ist mit einer Kombination aus Holz, Leder und weichem Alcantara ausgestattet, was ihm eine exquisite Ausstrahlung verleiht. Eine Sache, die auff\u00e4llt, ist der massive Mitteltunnel, der notwendig ist, da hier die Batterien untergebracht sind.<\/p>\n<h2>Mechanik<\/h2>\n<p>So atemberaubend der Fisker innen und au\u00dfen auch aussehen mag, so beeindruckend ist sein mechanischer Unterbau. Wenn Sie die Motorhaube \u00f6ffnen, finden Sie darunter einen Motor, wie in jedem anderen Auto auch. Dieser 4-Zylinder-Turbomotor wird jedoch nicht zum Antrieb der R\u00e4der verwendet. Stattdessen fungiert er als Generator, der die Batterien aufl\u00e4dt, wenn diese nachgef\u00fcllt werden m\u00fcssen.<\/p>\n<p>Angetrieben wird das Auto von zwei Elektromotoren, die paarweise arbeiten und die Kraft \u00fcber ein Sperrdifferenzial auf die Hinterr\u00e4der \u00fcbertragen. Diese Kombination liefert bis zu 409 PS und ein sattes Drehmoment von 1300 Nm, was dem Karma eine Leistung verleiht, die seinem Aussehen entspricht.<\/p>\n<p>Da Fisker nicht wollte, dass das Auto zu schwer ist, da dies das Fahrverhalten beeintr\u00e4chtigen w\u00fcrde, sind die Batterien und die daraus resultierende Reichweite im reinen Elektrobetrieb nicht allzu gro\u00df. Bei voller Ladung kann Karma etwa 80 Kilometer allein mit Strom zur\u00fccklegen. Aber mal ehrlich, f\u00fcr die meisten t\u00e4glichen Fahrten ist das wahrscheinlich mehr als genug, und es gibt immer einen Benzinmotor als Notstromaggregat.<\/p>\n<h2>Geschichte des Fahrzeugs<\/h2>\n<p>Zum Schluss noch ein paar Worte \u00fcber den Zustand des Fisker, den der Verk\u00e4ufer als ausgezeichnet beschreibt. Und, um ehrlich zu sein, die Fotos und das kurze Video erz\u00e4hlen dieselbe Geschichte. Das Auto wurde zuletzt im November 2023 gewartet und hat keine M\u00e4ngel oder Fehler, abgesehen von der Reifendruckwarnung auf dem Armaturenbrett. Das liegt offenbar daran, dass das Fahrzeug derzeit auf 21-Zoll-Nachr\u00fcstr\u00e4dern von Schmid steht, w\u00e4hrend das TPMS-System so programmiert ist, dass es mit den 22-Zoll-Sommerr\u00e4dern der Erstausr\u00fcstung funktioniert. Der Besitzer sagt, dass das Auto neu kalibriert werden kann, damit es andere Reifendimensionen erkennt, aber er hat sich nicht darum gek\u00fcmmert, da er es im Winter nur selten f\u00e4hrt. Au\u00dferdem wurden im Jahr 2022 alle Airbags im Rahmen eines gro\u00dfen Takata-Airbag-R\u00fcckrufs ausgetauscht.<\/p>\n<p>Da es sich um ein Elektro-Hybridauto handelt, kann man sich \u00fcber den Zustand der Batterien Gedanken machen, da diese sehr teuer zu ersetzen sind. Laut Verk\u00e4ufer gibt es aber keinen Grund zur Sorge, denn die Batterie wurde im August 2023 von einem zertifizierten Fisker Karma-Techniker \u00fcberpr\u00fcft, der best\u00e4tigt hat, dass sie immer noch ihre volle Leistung erbringt. Das Auto wird mit seinem originalen mobilen Ladeger\u00e4t, das an die 220-V-Steckdose angeschlossen wird, und einem OBD2-Handleseger\u00e4t geliefert. Die \u00f6sterreichische technische Pr\u00fcfung ist erfolgreich bestanden und bis August 2024 g\u00fcltig.<\/p>\n<p>Ein Hinweis zur Wartung in der Zukunft: Der einzige autorisierte H\u00e4ndler in Europa befindet sich in den Niederlanden. Es besteht jedoch die M\u00f6glichkeit, einen erfahrenen Spezialisten zu Ihnen zu fliegen, der sich um alles k\u00fcmmert, was zu tun ist (vorausgesetzt, die Reparatur kann vor Ort durchgef\u00fchrt werden).<\/p>\n<p>Schlie\u00dflich sagt der Verk\u00e4ufer, der es 2019 gekauft hat, dass das Auto weder einen Unfall hatte noch auf einer Rennstrecke eingesetzt wurde, was zus\u00e4tzlich durch einen entsprechenden <a href=\"https:\/\/pistonaddict.com\/wp-content\/uploads\/2024\/02\/FiskerKarma.pdf\">Vehicle History Report<\/a> best\u00e4tigt werden kann. Erw\u00e4hnenswert ist auch, dass der Verk\u00e4ufer die <a href=\"https:\/\/pistonaddict.com\/wp-content\/uploads\/2024\/02\/CoC1-rotated.jpg\">Konformit\u00e4tsbescheinigung<\/a> zur Verf\u00fcgung stellt, falls der K\u00e4ufer das Fahrzeug au\u00dferhalb \u00d6sterreichs bewegen m\u00f6chte, wo dieser Fisker seit dem ersten Tag zugelassen ist.<\/p>\n<p><strong><br \/>\nSehen Sie sich das Kaltstart-Video dieses gro\u00dfartigen Fisker Karma an:<\/strong><\/p>\n<p><iframe title=\"Cold Start Video of the Fisker Karma\" width=\"1200\" height=\"675\" src=\"https:\/\/www.youtube.com\/embed\/Ct2_uFf2FEw?feature=oembed\" frameborder=\"0\" allow=\"accelerometer; autoplay; clipboard-write; encrypted-media; gyroscope; picture-in-picture; web-share\" allowfullscreen><\/iframe><\/p>\n","protected":false},"excerpt":{"rendered":"<p>Wenn Sie auf der Suche nach einem Sportwagen sind, der vier Personen und ihr Gep\u00e4ck bef\u00f6rdern kann, haben Sie die Qual der Wahl. Wenn Sie aber etwas suchen, das sich von den Mainstream-Modellen abhebt, dann k\u00f6nnte Ihnen der Fisker Karma gefallen. Es bietet alle Vorteile eines Elektroautos, ohne die Reichweitenangst und das zus\u00e4tzliche Gewicht, das normalerweise mit einem Elektroauto verbunden ist. Mehr noch, all diese Technik ist in ein spektakul\u00e4res Geh\u00e4use eingepackt. Und zum Verkauf steht hier ein 2012er Modell, das vom Besitzer verkauft wird und bisher 67.000 Kilometer zur\u00fcckgelegt hat. Schauen wir uns einmal genauer an, was es zu bieten hat.<\/p>\n","protected":false},"featured_media":93020,"comment_status":"open","ping_status":"closed","template":"","meta":{"inline_featured_image":false},"product_cat":[702],"product_tag":[2780,3026,901,1802,1799,3005],"acf":[],"yoast_head":"<!-- This site is optimized with the Yoast SEO plugin v22.5 - https:\/\/yoast.com\/wordpress\/plugins\/seo\/ -->\n<title>Fisker Karma - Piston Addict<\/title>\n<meta name=\"robots\" content=\"index, follow, max-snippet:-1, max-image-preview:large, max-video-preview:-1\" \/>\n<link rel=\"canonical\" href=\"https:\/\/pistonaddict.com\/de\/product\/fisker-karma\/\" \/>\n<meta property=\"og:locale\" content=\"de_DE\" \/>\n<meta property=\"og:type\" content=\"article\" \/>\n<meta property=\"og:title\" content=\"Fisker Karma - Piston Addict\" \/>\n<meta property=\"og:description\" content=\"Wenn Sie auf der Suche nach einem Sportwagen sind, der vier Personen und ihr Gep\u00e4ck bef\u00f6rdern kann, haben Sie die Qual der Wahl. Wenn Sie aber etwas suchen, das sich von den Mainstream-Modellen abhebt, dann k\u00f6nnte Ihnen der Fisker Karma gefallen. Es bietet alle Vorteile eines Elektroautos, ohne die Reichweitenangst und das zus\u00e4tzliche Gewicht, das normalerweise mit einem Elektroauto verbunden ist. Mehr noch, all diese Technik ist in ein spektakul\u00e4res Geh\u00e4use eingepackt. Und zum Verkauf steht hier ein 2012er Modell, das vom Besitzer verkauft wird und bisher 67.000 Kilometer zur\u00fcckgelegt hat. Schauen wir uns einmal genauer an, was es zu bieten hat.\" \/>\n<meta property=\"og:url\" content=\"https:\/\/pistonaddict.com\/de\/product\/fisker-karma\/\" \/>\n<meta property=\"og:site_name\" content=\"Piston Addict\" \/>\n<meta property=\"article:modified_time\" content=\"2024-03-25T07:13:16+00:00\" \/>\n<meta property=\"og:image\" content=\"https:\/\/pistonaddict.com\/wp-content\/uploads\/2024\/02\/1.jpg\" \/>\n\t<meta property=\"og:image:width\" content=\"1280\" \/>\n\t<meta property=\"og:image:height\" content=\"960\" \/>\n\t<meta property=\"og:image:type\" content=\"image\/jpeg\" \/>\n<meta name=\"twitter:card\" content=\"summary_large_image\" \/>\n<meta name=\"twitter:label1\" content=\"Gesch\u00e4tzte Lesezeit\" \/>\n\t<meta name=\"twitter:data1\" content=\"4\u00a0Minuten\" \/>\n<script type=\"application\/ld+json\" class=\"yoast-schema-graph\">{\"@context\":\"https:\/\/schema.org\",\"@graph\":[{\"@type\":\"WebPage\",\"@id\":\"https:\/\/pistonaddict.com\/de\/product\/fisker-karma\/\",\"url\":\"https:\/\/pistonaddict.com\/de\/product\/fisker-karma\/\",\"name\":\"Fisker Karma - Piston Addict\",\"isPartOf\":{\"@id\":\"https:\/\/pistonaddict.com\/de\/#website\"},\"primaryImageOfPage\":{\"@id\":\"https:\/\/pistonaddict.com\/de\/product\/fisker-karma\/#primaryimage\"},\"image\":{\"@id\":\"https:\/\/pistonaddict.com\/de\/product\/fisker-karma\/#primaryimage\"},\"thumbnailUrl\":\"https:\/\/pistonaddict.com\/wp-content\/uploads\/2024\/02\/1.jpg\",\"datePublished\":\"2024-02-28T12:52:28+00:00\",\"dateModified\":\"2024-03-25T07:13:16+00:00\",\"breadcrumb\":{\"@id\":\"https:\/\/pistonaddict.com\/de\/product\/fisker-karma\/#breadcrumb\"},\"inLanguage\":\"de\",\"potentialAction\":[{\"@type\":\"ReadAction\",\"target\":[\"https:\/\/pistonaddict.com\/de\/product\/fisker-karma\/\"]}]},{\"@type\":\"ImageObject\",\"inLanguage\":\"de\",\"@id\":\"https:\/\/pistonaddict.com\/de\/product\/fisker-karma\/#primaryimage\",\"url\":\"https:\/\/pistonaddict.com\/wp-content\/uploads\/2024\/02\/1.jpg\",\"contentUrl\":\"https:\/\/pistonaddict.com\/wp-content\/uploads\/2024\/02\/1.jpg\",\"width\":1280,\"height\":960},{\"@type\":\"BreadcrumbList\",\"@id\":\"https:\/\/pistonaddict.com\/de\/product\/fisker-karma\/#breadcrumb\",\"itemListElement\":[{\"@type\":\"ListItem\",\"position\":1,\"name\":\"Startseite\",\"item\":\"https:\/\/pistonaddict.com\/de\/homepage\/\"},{\"@type\":\"ListItem\",\"position\":2,\"name\":\"Auctions\",\"item\":\"https:\/\/pistonaddict.com\/auctions-listing\/\"},{\"@type\":\"ListItem\",\"position\":3,\"name\":\"Fisker Karma\"}]},{\"@type\":\"WebSite\",\"@id\":\"https:\/\/pistonaddict.com\/de\/#website\",\"url\":\"https:\/\/pistonaddict.com\/de\/\",\"name\":\"Piston Addict\",\"description\":\"Only interesting vehicles\",\"publisher\":{\"@id\":\"https:\/\/pistonaddict.com\/de\/#organization\"},\"potentialAction\":[{\"@type\":\"SearchAction\",\"target\":{\"@type\":\"EntryPoint\",\"urlTemplate\":\"https:\/\/pistonaddict.com\/de\/?s={search_term_string}\"},\"query-input\":\"required name=search_term_string\"}],\"inLanguage\":\"de\"},{\"@type\":\"Organization\",\"@id\":\"https:\/\/pistonaddict.com\/de\/#organization\",\"name\":\"Piston Addict\",\"url\":\"https:\/\/pistonaddict.com\/de\/\",\"logo\":{\"@type\":\"ImageObject\",\"inLanguage\":\"de\",\"@id\":\"https:\/\/pistonaddict.com\/de\/#\/schema\/logo\/image\/\",\"url\":\"https:\/\/pistonaddict.com\/wp-content\/uploads\/2022\/07\/logo-6.png\",\"contentUrl\":\"https:\/\/pistonaddict.com\/wp-content\/uploads\/2022\/07\/logo-6.png\",\"width\":970,\"height\":200,\"caption\":\"Piston Addict\"},\"image\":{\"@id\":\"https:\/\/pistonaddict.com\/de\/#\/schema\/logo\/image\/\"}}]}<\/script>\n<!-- \/ Yoast SEO plugin. -->","yoast_head_json":{"title":"Fisker Karma - Piston Addict","robots":{"index":"index","follow":"follow","max-snippet":"max-snippet:-1","max-image-preview":"max-image-preview:large","max-video-preview":"max-video-preview:-1"},"canonical":"https:\/\/pistonaddict.com\/de\/product\/fisker-karma\/","og_locale":"de_DE","og_type":"article","og_title":"Fisker Karma - Piston Addict","og_description":"Wenn Sie auf der Suche nach einem Sportwagen sind, der vier Personen und ihr Gep\u00e4ck bef\u00f6rdern kann, haben Sie die Qual der Wahl. Wenn Sie aber etwas suchen, das sich von den Mainstream-Modellen abhebt, dann k\u00f6nnte Ihnen der Fisker Karma gefallen. Es bietet alle Vorteile eines Elektroautos, ohne die Reichweitenangst und das zus\u00e4tzliche Gewicht, das normalerweise mit einem Elektroauto verbunden ist. Mehr noch, all diese Technik ist in ein spektakul\u00e4res Geh\u00e4use eingepackt. Und zum Verkauf steht hier ein 2012er Modell, das vom Besitzer verkauft wird und bisher 67.000 Kilometer zur\u00fcckgelegt hat. Schauen wir uns einmal genauer an, was es zu bieten hat.","og_url":"https:\/\/pistonaddict.com\/de\/product\/fisker-karma\/","og_site_name":"Piston Addict","article_modified_time":"2024-03-25T07:13:16+00:00","og_image":[{"width":1280,"height":960,"url":"https:\/\/pistonaddict.com\/wp-content\/uploads\/2024\/02\/1.jpg","type":"image\/jpeg"}],"twitter_card":"summary_large_image","twitter_misc":{"Gesch\u00e4tzte Lesezeit":"4\u00a0Minuten"},"schema":{"@context":"https:\/\/schema.org","@graph":[{"@type":"WebPage","@id":"https:\/\/pistonaddict.com\/de\/product\/fisker-karma\/","url":"https:\/\/pistonaddict.com\/de\/product\/fisker-karma\/","name":"Fisker Karma - Piston Addict","isPartOf":{"@id":"https:\/\/pistonaddict.com\/de\/#website"},"primaryImageOfPage":{"@id":"https:\/\/pistonaddict.com\/de\/product\/fisker-karma\/#primaryimage"},"image":{"@id":"https:\/\/pistonaddict.com\/de\/product\/fisker-karma\/#primaryimage"},"thumbnailUrl":"https:\/\/pistonaddict.com\/wp-content\/uploads\/2024\/02\/1.jpg","datePublished":"2024-02-28T12:52:28+00:00","dateModified":"2024-03-25T07:13:16+00:00","breadcrumb":{"@id":"https:\/\/pistonaddict.com\/de\/product\/fisker-karma\/#breadcrumb"},"inLanguage":"de","potentialAction":[{"@type":"ReadAction","target":["https:\/\/pistonaddict.com\/de\/product\/fisker-karma\/"]}]},{"@type":"ImageObject","inLanguage":"de","@id":"https:\/\/pistonaddict.com\/de\/product\/fisker-karma\/#primaryimage","url":"https:\/\/pistonaddict.com\/wp-content\/uploads\/2024\/02\/1.jpg","contentUrl":"https:\/\/pistonaddict.com\/wp-content\/uploads\/2024\/02\/1.jpg","width":1280,"height":960},{"@type":"BreadcrumbList","@id":"https:\/\/pistonaddict.com\/de\/product\/fisker-karma\/#breadcrumb","itemListElement":[{"@type":"ListItem","position":1,"name":"Startseite","item":"https:\/\/pistonaddict.com\/de\/homepage\/"},{"@type":"ListItem","position":2,"name":"Auctions","item":"https:\/\/pistonaddict.com\/auctions-listing\/"},{"@type":"ListItem","position":3,"name":"Fisker Karma"}]},{"@type":"WebSite","@id":"https:\/\/pistonaddict.com\/de\/#website","url":"https:\/\/pistonaddict.com\/de\/","name":"Piston Addict","description":"Only interesting vehicles","publisher":{"@id":"https:\/\/pistonaddict.com\/de\/#organization"},"potentialAction":[{"@type":"SearchAction","target":{"@type":"EntryPoint","urlTemplate":"https:\/\/pistonaddict.com\/de\/?s={search_term_string}"},"query-input":"required name=search_term_string"}],"inLanguage":"de"},{"@type":"Organization","@id":"https:\/\/pistonaddict.com\/de\/#organization","name":"Piston Addict","url":"https:\/\/pistonaddict.com\/de\/","logo":{"@type":"ImageObject","inLanguage":"de","@id":"https:\/\/pistonaddict.com\/de\/#\/schema\/logo\/image\/","url":"https:\/\/pistonaddict.com\/wp-content\/uploads\/2022\/07\/logo-6.png","contentUrl":"https:\/\/pistonaddict.com\/wp-content\/uploads\/2022\/07\/logo-6.png","width":970,"height":200,"caption":"Piston Addict"},"image":{"@id":"https:\/\/pistonaddict.com\/de\/#\/schema\/logo\/image\/"}}]}},"_links":{"self":[{"href":"https:\/\/pistonaddict.com\/de\/wp-json\/wp\/v2\/product\/94122"}],"collection":[{"href":"https:\/\/pistonaddict.com\/de\/wp-json\/wp\/v2\/product"}],"about":[{"href":"https:\/\/pistonaddict.com\/de\/wp-json\/wp\/v2\/types\/product"}],"replies":[{"embeddable":true,"href":"https:\/\/pistonaddict.com\/de\/wp-json\/wp\/v2\/comments?post=94122"}],"wp:featuredmedia":[{"embeddable":true,"href":"https:\/\/pistonaddict.com\/de\/wp-json\/wp\/v2\/media\/93020"}],"wp:attachment":[{"href":"https:\/\/pistonaddict.com\/de\/wp-json\/wp\/v2\/media?parent=94122"}],"wp:term":[{"taxonomy":"product_cat","embeddable":true,"href":"https:\/\/pistonaddict.com\/de\/wp-json\/wp\/v2\/product_cat?post=94122"},{"taxonomy":"product_tag","embeddable":true,"href":"https:\/\/pistonaddict.com\/de\/wp-json\/wp\/v2\/product_tag?post=94122"}],"curies":[{"name":"wp","href":"https:\/\/api.w.org\/{rel}","templated":true}]}}