{"id":92872,"date":"2024-02-23T14:19:05","date_gmt":"2024-02-23T13:19:05","guid":{"rendered":"https:\/\/pistonaddict.com\/product\/volkswagen-1303-cabrio-kaefer-dreifach-weiss\/"},"modified":"2024-03-20T09:46:44","modified_gmt":"2024-03-20T08:46:44","slug":"volkswagen-1303-cabrio-dreifach-weis-kafer","status":"publish","type":"product","link":"https:\/\/pistonaddict.com\/de\/product\/volkswagen-1303-cabrio-dreifach-weis-kafer\/","title":{"rendered":"Volkswagen 1303 Cabrio K\u00e4fer dreifach wei\u00df"},"content":{"rendered":"<p>War der Volkswagen K\u00e4fer in der Standardausf\u00fchrung ein Sparmodell, das die Welt auf die R\u00e4der stellte, so war seine Cabrio-Version immer die gehobenere und prestigetr\u00e4chtigere. Zun\u00e4chst einmal wurde er von der ber\u00fchmten Karosseriewerkstatt Karmann hergestellt und wies zahlreiche \u00c4nderungen gegen\u00fcber dem Standardmodell auf. Es handelte sich nicht nur um einen Drop-Top-K\u00e4fer, sondern um ein v\u00f6llig anderes Auto mit verbessertem Fahrwerk, anderen T\u00fcren, Windschutzscheiben und spezifischen Verkleidungen. Gegen Ende seiner langen Produktionszeit erhielt das Volkswagen K\u00e4fer Cabriolet einen verbesserten Motor, vordere Scheibenbremsen und weitere Ausstattungsmerkmale, die es zu einem besseren und kompetenteren offenen Reisefahrzeug machten. Heute sind wir stolz darauf, ein solches Auto zu pr\u00e4sentieren. Ein 1979er Volkswagen 1303 Cabrio in einer einzigartigen, dreifach-wei\u00dfen Farbgebung mit einem 1,6-Liter-Einspritzmotor und in v\u00f6llig originalem Zustand. Diese sp\u00e4ten K\u00e4fer-Cabrios wurden urspr\u00fcnglich in den USA als Super Beetle vermarktet und geh\u00f6ren aufgrund ihrer besseren Ausstattung und des 48-PS-Motors mit einer H\u00f6chstgeschwindigkeit von 130 km\/h zu den begehrteren Exemplaren. Dieser Wagen wurde im Dezember 1979 produziert und ist damit eines der letzten K\u00e4fer-Cabrios, dessen Produktion Anfang 1980 endete. Volkswagen verkaufte 1980 nur 4.572 1303 Cabriolets, sehr wenige in Tripple-White, und dieses ist eines von ihnen. Diese neueren Modelle haben mehrere einzigartige Designmerkmale, die sie noch praktischer und angenehmer machen. Ein gr\u00f6\u00dferer vorderer Kofferraum und eine leicht gew\u00f6lbte Windschutzscheibe verringerten beispielsweise die Windger\u00e4usche, vor allem beim Fahren mit geschlossenem Dach.<\/p>\n<p><strong>Innenbereich<\/strong><\/p>\n<p>Die wei\u00dfen Vinylsitze sind in ausgezeichnetem Zustand, und die Innenausstattung dieses auff\u00e4lligen K\u00e4fers ist vollst\u00e4ndig original. Mit einem holzget\u00e4felten Armaturenbrett, einem einzigartigen Lenkrad und einer verbesserten Ergonomie ist dies die hochwertigste Fahrerumgebung aller klassischen K\u00e4fer. Das Armaturenbrett hat keine Risse, das Audiosystem hat den Charme eines 80er-Jahre-Blaupunkt-Kassettenger\u00e4ts.<\/p>\n<p><strong>Zustand des Autos<\/strong><\/p>\n<p>Mit nur 94.000 Kilometern und ein paar vorsichtigen Besitzern hat dieses 1303 Cabrio von einer Restaurierung profitiert und hat den originalen, nummerngleichen Motor und das Getriebe behalten. Der Gesamtzustand ist nahezu perfekt, alles ist funktionst\u00fcchtig und es gibt keine Rostflecken oder Verf\u00e4rbungen. Die letzte Inspektion wurde im Oktober 2023 durchgef\u00fchrt, und der Wagen hat die technische Jahresinspektion 2024 ohne Probleme bestanden. Bei Autos wie diesem ist das Vinyldach oft problematisch, aber wir freuen uns, berichten zu k\u00f6nnen, dass auch dieses in perfektem Zustand ist und keine Risse oder Lecks aufweist. Der Unterboden ist so sauber wie die Karosserie, ohne Rostprobleme. Der Wagen wurde fachm\u00e4nnisch und mit Originalteilen restauriert und von einem VW-Spezialisten gewartet. Seit der Restaurierung wird das Fahrzeug in einer klimatisierten Garage aufbewahrt.<\/p>\n<p><strong>\u00c4u\u00dferes und R\u00e4der<\/strong><\/p>\n<p>Die charakteristische wei\u00dfe Farbe ist in idealem Zustand, und die dreifach-wei\u00dfe Farbgebung ist original und selten. Bei den R\u00e4dern handelt es sich um originale 15-Zoll-R\u00e4der mit verchromten Nabenkappen, die mit nagelneuen (DOT 2023) und passend dimensionierten (175\/70\/R15) Gummis bespannt sind.<\/p>\n<p><strong>Dokumentation<\/strong><\/p>\n<p>Der private Verk\u00e4ufer verkauft dieses Fahrzeug mit entsprechender Dokumentation in den Niederlanden. <strong>Niederl\u00e4ndische MOT (APK) ist g\u00fcltig bis August 2024<\/strong>. Es gibt Aufzeichnungen \u00fcber die regelm\u00e4\u00dfige Wartung, Verkaufsrechnungen und Quittungen. Die Dokumentation umfasst den Original-Besitzertitel, Prospekte, <a href=\"https:\/\/pistonaddict.com\/wp-content\/uploads\/2024\/02\/Zertificat.pdf\" target=\"blank\" rel=\"noopener\">VW-Klassik-Gutachten<\/a> und Zulassungspapiere. F\u00fcr dieses Modell gibt es keine Werksgarantie.<\/p>\n<p><strong><br \/>\nSchauen Sie sich das Kaltstartvideo dieses sch\u00f6nen Cabrio Beetle Triple White an:<\/strong><\/p>\n<p>&nbsp;<\/p>\n<p><iframe title=\"Cold Start Video of the Volkswagen Coccinelle\/Beetle Cabriolet 1.6 Triple White\" width=\"1200\" height=\"675\" src=\"https:\/\/www.youtube.com\/embed\/G0rjRvyjhRo?feature=oembed\" frameborder=\"0\" allow=\"accelerometer; autoplay; clipboard-write; encrypted-media; gyroscope; picture-in-picture; web-share\" allowfullscreen><\/iframe><\/p>\n<p><strong> <\/strong><\/p>\n","protected":false},"excerpt":{"rendered":"<p>Der gleichnamige K\u00e4fer von Volkswagen war eines der ber\u00fchmtesten Autos des 20. Jahrhunderts und ist immer noch einer der besten Einstiegsklassiker. Aber seine Cabrio-Version ist viel seltener, cooler und perfekt f\u00fcr die Fahrt unter freiem Himmel an der K\u00fcste mit einem unverwechselbaren Flat-Four-Soundtrack. Wenn Sie von den klassischen K\u00e4fer-Linien begeistert sind, aber nach einem Auto mit besserem Fahrverhalten und mehr Leistung suchen, ist dies das perfekte Auto f\u00fcr Sie. Ein begehrenswerteres, sp\u00e4teres Modell des 1303 Cabriolets mit einem st\u00e4rkeren Motor mit Einspritzung, bereit f\u00fcr die Sommersaison.<\/p>\n","protected":false},"featured_media":92683,"comment_status":"open","ping_status":"closed","template":"","meta":{"inline_featured_image":false},"product_cat":[702],"product_tag":[2960,1007,2959],"acf":[],"yoast_head":"<!-- This site is optimized with the Yoast SEO plugin v22.5 - https:\/\/yoast.com\/wordpress\/plugins\/seo\/ -->\n<title>Volkswagen 1303 Cabrio K\u00e4fer dreifach wei\u00df - Piston Addict<\/title>\n<meta name=\"robots\" content=\"index, follow, max-snippet:-1, max-image-preview:large, max-video-preview:-1\" \/>\n<link rel=\"canonical\" href=\"https:\/\/pistonaddict.com\/de\/product\/volkswagen-1303-cabrio-dreifach-weis-kafer\/\" \/>\n<meta property=\"og:locale\" content=\"de_DE\" \/>\n<meta property=\"og:type\" content=\"article\" \/>\n<meta property=\"og:title\" content=\"Volkswagen 1303 Cabrio K\u00e4fer dreifach wei\u00df - Piston Addict\" \/>\n<meta property=\"og:description\" content=\"Der gleichnamige K\u00e4fer von Volkswagen war eines der ber\u00fchmtesten Autos des 20. Jahrhunderts und ist immer noch einer der besten Einstiegsklassiker. Aber seine Cabrio-Version ist viel seltener, cooler und perfekt f\u00fcr die Fahrt unter freiem Himmel an der K\u00fcste mit einem unverwechselbaren Flat-Four-Soundtrack. Wenn Sie von den klassischen K\u00e4fer-Linien begeistert sind, aber nach einem Auto mit besserem Fahrverhalten und mehr Leistung suchen, ist dies das perfekte Auto f\u00fcr Sie. Ein begehrenswerteres, sp\u00e4teres Modell des 1303 Cabriolets mit einem st\u00e4rkeren Motor mit Einspritzung, bereit f\u00fcr die Sommersaison.\" \/>\n<meta property=\"og:url\" content=\"https:\/\/pistonaddict.com\/de\/product\/volkswagen-1303-cabrio-dreifach-weis-kafer\/\" \/>\n<meta property=\"og:site_name\" content=\"Piston Addict\" \/>\n<meta property=\"article:modified_time\" content=\"2024-03-20T08:46:44+00:00\" \/>\n<meta property=\"og:image\" content=\"https:\/\/pistonaddict.com\/wp-content\/uploads\/2024\/02\/b2c02738-a5a6-4266-893c-b51da700edcd-1.jpg\" \/>\n\t<meta property=\"og:image:width\" content=\"1600\" \/>\n\t<meta property=\"og:image:height\" content=\"1200\" \/>\n\t<meta property=\"og:image:type\" content=\"image\/jpeg\" \/>\n<meta name=\"twitter:card\" content=\"summary_large_image\" \/>\n<meta name=\"twitter:label1\" content=\"Gesch\u00e4tzte Lesezeit\" \/>\n\t<meta name=\"twitter:data1\" content=\"3\u00a0Minuten\" \/>\n<script type=\"application\/ld+json\" class=\"yoast-schema-graph\">{\"@context\":\"https:\/\/schema.org\",\"@graph\":[{\"@type\":\"WebPage\",\"@id\":\"https:\/\/pistonaddict.com\/de\/product\/volkswagen-1303-cabrio-dreifach-weis-kafer\/\",\"url\":\"https:\/\/pistonaddict.com\/de\/product\/volkswagen-1303-cabrio-dreifach-weis-kafer\/\",\"name\":\"Volkswagen 1303 Cabrio K\u00e4fer dreifach wei\u00df - Piston Addict\",\"isPartOf\":{\"@id\":\"https:\/\/pistonaddict.com\/de\/#website\"},\"primaryImageOfPage\":{\"@id\":\"https:\/\/pistonaddict.com\/de\/product\/volkswagen-1303-cabrio-dreifach-weis-kafer\/#primaryimage\"},\"image\":{\"@id\":\"https:\/\/pistonaddict.com\/de\/product\/volkswagen-1303-cabrio-dreifach-weis-kafer\/#primaryimage\"},\"thumbnailUrl\":\"https:\/\/pistonaddict.com\/wp-content\/uploads\/2024\/02\/b2c02738-a5a6-4266-893c-b51da700edcd-1.jpg\",\"datePublished\":\"2024-02-23T13:19:05+00:00\",\"dateModified\":\"2024-03-20T08:46:44+00:00\",\"breadcrumb\":{\"@id\":\"https:\/\/pistonaddict.com\/de\/product\/volkswagen-1303-cabrio-dreifach-weis-kafer\/#breadcrumb\"},\"inLanguage\":\"de\",\"potentialAction\":[{\"@type\":\"ReadAction\",\"target\":[\"https:\/\/pistonaddict.com\/de\/product\/volkswagen-1303-cabrio-dreifach-weis-kafer\/\"]}]},{\"@type\":\"ImageObject\",\"inLanguage\":\"de\",\"@id\":\"https:\/\/pistonaddict.com\/de\/product\/volkswagen-1303-cabrio-dreifach-weis-kafer\/#primaryimage\",\"url\":\"https:\/\/pistonaddict.com\/wp-content\/uploads\/2024\/02\/b2c02738-a5a6-4266-893c-b51da700edcd-1.jpg\",\"contentUrl\":\"https:\/\/pistonaddict.com\/wp-content\/uploads\/2024\/02\/b2c02738-a5a6-4266-893c-b51da700edcd-1.jpg\",\"width\":1600,\"height\":1200},{\"@type\":\"BreadcrumbList\",\"@id\":\"https:\/\/pistonaddict.com\/de\/product\/volkswagen-1303-cabrio-dreifach-weis-kafer\/#breadcrumb\",\"itemListElement\":[{\"@type\":\"ListItem\",\"position\":1,\"name\":\"Startseite\",\"item\":\"https:\/\/pistonaddict.com\/de\/homepage\/\"},{\"@type\":\"ListItem\",\"position\":2,\"name\":\"Auctions\",\"item\":\"https:\/\/pistonaddict.com\/auctions-listing\/\"},{\"@type\":\"ListItem\",\"position\":3,\"name\":\"Volkswagen 1303 Cabrio K\u00e4fer dreifach wei\u00df\"}]},{\"@type\":\"WebSite\",\"@id\":\"https:\/\/pistonaddict.com\/de\/#website\",\"url\":\"https:\/\/pistonaddict.com\/de\/\",\"name\":\"Piston Addict\",\"description\":\"Only interesting vehicles\",\"publisher\":{\"@id\":\"https:\/\/pistonaddict.com\/de\/#organization\"},\"potentialAction\":[{\"@type\":\"SearchAction\",\"target\":{\"@type\":\"EntryPoint\",\"urlTemplate\":\"https:\/\/pistonaddict.com\/de\/?s={search_term_string}\"},\"query-input\":\"required name=search_term_string\"}],\"inLanguage\":\"de\"},{\"@type\":\"Organization\",\"@id\":\"https:\/\/pistonaddict.com\/de\/#organization\",\"name\":\"Piston Addict\",\"url\":\"https:\/\/pistonaddict.com\/de\/\",\"logo\":{\"@type\":\"ImageObject\",\"inLanguage\":\"de\",\"@id\":\"https:\/\/pistonaddict.com\/de\/#\/schema\/logo\/image\/\",\"url\":\"https:\/\/pistonaddict.com\/wp-content\/uploads\/2022\/07\/logo-6.png\",\"contentUrl\":\"https:\/\/pistonaddict.com\/wp-content\/uploads\/2022\/07\/logo-6.png\",\"width\":970,\"height\":200,\"caption\":\"Piston Addict\"},\"image\":{\"@id\":\"https:\/\/pistonaddict.com\/de\/#\/schema\/logo\/image\/\"}}]}<\/script>\n<!-- \/ Yoast SEO plugin. -->","yoast_head_json":{"title":"Volkswagen 1303 Cabrio K\u00e4fer dreifach wei\u00df - Piston Addict","robots":{"index":"index","follow":"follow","max-snippet":"max-snippet:-1","max-image-preview":"max-image-preview:large","max-video-preview":"max-video-preview:-1"},"canonical":"https:\/\/pistonaddict.com\/de\/product\/volkswagen-1303-cabrio-dreifach-weis-kafer\/","og_locale":"de_DE","og_type":"article","og_title":"Volkswagen 1303 Cabrio K\u00e4fer dreifach wei\u00df - Piston Addict","og_description":"Der gleichnamige K\u00e4fer von Volkswagen war eines der ber\u00fchmtesten Autos des 20. Jahrhunderts und ist immer noch einer der besten Einstiegsklassiker. Aber seine Cabrio-Version ist viel seltener, cooler und perfekt f\u00fcr die Fahrt unter freiem Himmel an der K\u00fcste mit einem unverwechselbaren Flat-Four-Soundtrack. Wenn Sie von den klassischen K\u00e4fer-Linien begeistert sind, aber nach einem Auto mit besserem Fahrverhalten und mehr Leistung suchen, ist dies das perfekte Auto f\u00fcr Sie. Ein begehrenswerteres, sp\u00e4teres Modell des 1303 Cabriolets mit einem st\u00e4rkeren Motor mit Einspritzung, bereit f\u00fcr die Sommersaison.","og_url":"https:\/\/pistonaddict.com\/de\/product\/volkswagen-1303-cabrio-dreifach-weis-kafer\/","og_site_name":"Piston Addict","article_modified_time":"2024-03-20T08:46:44+00:00","og_image":[{"width":1600,"height":1200,"url":"https:\/\/pistonaddict.com\/wp-content\/uploads\/2024\/02\/b2c02738-a5a6-4266-893c-b51da700edcd-1.jpg","type":"image\/jpeg"}],"twitter_card":"summary_large_image","twitter_misc":{"Gesch\u00e4tzte Lesezeit":"3\u00a0Minuten"},"schema":{"@context":"https:\/\/schema.org","@graph":[{"@type":"WebPage","@id":"https:\/\/pistonaddict.com\/de\/product\/volkswagen-1303-cabrio-dreifach-weis-kafer\/","url":"https:\/\/pistonaddict.com\/de\/product\/volkswagen-1303-cabrio-dreifach-weis-kafer\/","name":"Volkswagen 1303 Cabrio K\u00e4fer dreifach wei\u00df - Piston Addict","isPartOf":{"@id":"https:\/\/pistonaddict.com\/de\/#website"},"primaryImageOfPage":{"@id":"https:\/\/pistonaddict.com\/de\/product\/volkswagen-1303-cabrio-dreifach-weis-kafer\/#primaryimage"},"image":{"@id":"https:\/\/pistonaddict.com\/de\/product\/volkswagen-1303-cabrio-dreifach-weis-kafer\/#primaryimage"},"thumbnailUrl":"https:\/\/pistonaddict.com\/wp-content\/uploads\/2024\/02\/b2c02738-a5a6-4266-893c-b51da700edcd-1.jpg","datePublished":"2024-02-23T13:19:05+00:00","dateModified":"2024-03-20T08:46:44+00:00","breadcrumb":{"@id":"https:\/\/pistonaddict.com\/de\/product\/volkswagen-1303-cabrio-dreifach-weis-kafer\/#breadcrumb"},"inLanguage":"de","potentialAction":[{"@type":"ReadAction","target":["https:\/\/pistonaddict.com\/de\/product\/volkswagen-1303-cabrio-dreifach-weis-kafer\/"]}]},{"@type":"ImageObject","inLanguage":"de","@id":"https:\/\/pistonaddict.com\/de\/product\/volkswagen-1303-cabrio-dreifach-weis-kafer\/#primaryimage","url":"https:\/\/pistonaddict.com\/wp-content\/uploads\/2024\/02\/b2c02738-a5a6-4266-893c-b51da700edcd-1.jpg","contentUrl":"https:\/\/pistonaddict.com\/wp-content\/uploads\/2024\/02\/b2c02738-a5a6-4266-893c-b51da700edcd-1.jpg","width":1600,"height":1200},{"@type":"BreadcrumbList","@id":"https:\/\/pistonaddict.com\/de\/product\/volkswagen-1303-cabrio-dreifach-weis-kafer\/#breadcrumb","itemListElement":[{"@type":"ListItem","position":1,"name":"Startseite","item":"https:\/\/pistonaddict.com\/de\/homepage\/"},{"@type":"ListItem","position":2,"name":"Auctions","item":"https:\/\/pistonaddict.com\/auctions-listing\/"},{"@type":"ListItem","position":3,"name":"Volkswagen 1303 Cabrio K\u00e4fer dreifach wei\u00df"}]},{"@type":"WebSite","@id":"https:\/\/pistonaddict.com\/de\/#website","url":"https:\/\/pistonaddict.com\/de\/","name":"Piston Addict","description":"Only interesting vehicles","publisher":{"@id":"https:\/\/pistonaddict.com\/de\/#organization"},"potentialAction":[{"@type":"SearchAction","target":{"@type":"EntryPoint","urlTemplate":"https:\/\/pistonaddict.com\/de\/?s={search_term_string}"},"query-input":"required name=search_term_string"}],"inLanguage":"de"},{"@type":"Organization","@id":"https:\/\/pistonaddict.com\/de\/#organization","name":"Piston Addict","url":"https:\/\/pistonaddict.com\/de\/","logo":{"@type":"ImageObject","inLanguage":"de","@id":"https:\/\/pistonaddict.com\/de\/#\/schema\/logo\/image\/","url":"https:\/\/pistonaddict.com\/wp-content\/uploads\/2022\/07\/logo-6.png","contentUrl":"https:\/\/pistonaddict.com\/wp-content\/uploads\/2022\/07\/logo-6.png","width":970,"height":200,"caption":"Piston Addict"},"image":{"@id":"https:\/\/pistonaddict.com\/de\/#\/schema\/logo\/image\/"}}]}},"_links":{"self":[{"href":"https:\/\/pistonaddict.com\/de\/wp-json\/wp\/v2\/product\/92872"}],"collection":[{"href":"https:\/\/pistonaddict.com\/de\/wp-json\/wp\/v2\/product"}],"about":[{"href":"https:\/\/pistonaddict.com\/de\/wp-json\/wp\/v2\/types\/product"}],"replies":[{"embeddable":true,"href":"https:\/\/pistonaddict.com\/de\/wp-json\/wp\/v2\/comments?post=92872"}],"wp:featuredmedia":[{"embeddable":true,"href":"https:\/\/pistonaddict.com\/de\/wp-json\/wp\/v2\/media\/92683"}],"wp:attachment":[{"href":"https:\/\/pistonaddict.com\/de\/wp-json\/wp\/v2\/media?parent=92872"}],"wp:term":[{"taxonomy":"product_cat","embeddable":true,"href":"https:\/\/pistonaddict.com\/de\/wp-json\/wp\/v2\/product_cat?post=92872"},{"taxonomy":"product_tag","embeddable":true,"href":"https:\/\/pistonaddict.com\/de\/wp-json\/wp\/v2\/product_tag?post=92872"}],"curies":[{"name":"wp","href":"https:\/\/api.w.org\/{rel}","templated":true}]}}