{"id":89354,"date":"2024-01-31T11:03:43","date_gmt":"2024-01-31T10:03:43","guid":{"rendered":"https:\/\/pistonaddict.com\/product\/abarth-695-tributo-ferrari-no424\/"},"modified":"2024-03-20T09:46:41","modified_gmt":"2024-03-20T08:46:41","slug":"abarth-695-tributo-ferrari-no424","status":"publish","type":"product","link":"https:\/\/pistonaddict.com\/de\/product\/abarth-695-tributo-ferrari-no424\/","title":{"rendered":"Abarth 695 Tributo Ferrari n\u00ba424"},"content":{"rendered":"<h2>\u00c4u\u00dferes<\/h2>\n<p>Der 695 basiert auf dem ber\u00fchmten und \u00e4u\u00dferst beliebten Fiat 500 und braucht wahrscheinlich keine weitere Vorstellung. Abarth hat massive Sto\u00dfstangen vorne und hinten mit passenden Schwellerabdeckungen, Heckspoiler und Doppelauspuff hinzugef\u00fcgt. Und um ihn noch mehr aufzupeppen, wurden Details wie Spiegelabdeckungen aus Kohlefaser und das auff\u00e4llige <em>Tributo-Ferrari-Emblem<\/em> an den hinteren Kotfl\u00fcgeln angebracht.<br \/>\nDieser Abart 695 ist in einem feurigen Rot mit grauen Rennstreifen lackiert, die auf der Motorhaube beginnen, sich \u00fcber das Dach erstrecken und an der Heckklappe enden. Wie viel der Wagen gefahren wurde &#8211; oder eben nicht, um genau zu sein -, zeigt sich am besten an den 17-Zoll-R\u00e4dern, auf denen noch immer Michelin Pilot-Reifen ab Werk montiert sind.<\/p>\n<h2>Innenbereich<\/h2>\n<p>Wie das \u00c4u\u00dfere, so offenbart auch das Innere des Wagens schnell seine wahre Natur. Die vorderen Schalensitze, die von Sabelt hergestellt werden, haben eine Karbonfaserstruktur und sind extrem st\u00fctzend. Im Innenraum findet sich der Fahrer hinter einem Dreispeichen-Lederlenkrad mit roten Akzenten und Ziern\u00e4hten wieder. Da es sich um ein Modell mit automatisiertem Getriebe handelt, hat dieser Abart keinen Schalthebel auf der Mittelkonsole &#8211; stattdessen gibt es nur mehrere Kn\u00f6pfe zum W\u00e4hlen von R\u00fcckw\u00e4rtsgang, Fahrt oder Leerlauf. Es gibt aber auch Schaltwippen am Lenkrad, wenn der Fahrer die G\u00e4nge manuell schalten m\u00f6chte.<\/p>\n<p>Der gesamte Innenraum ist mit exquisiten Details wie Karbonfaser-Zierteilen, Klimaanlage und Stereoanlage mit USB-Anschluss sowie <em>Tributo-Ferrari-Plaketten<\/em> rundherum ausgestattet.<\/p>\n<h2>Mechanik<\/h2>\n<p>Dieser aggressiv aussehende italienische Sportwagen verf\u00fcgt \u00fcber einen 1,4-Liter-Turbomotor, aus dem die Ingenieure von Abarth erstaunliche 180 PS herausgeholt haben. Die Kraft wird \u00fcber ein halbautomatisches MTA-Getriebe, das sowohl im automatischen als auch im manuellen Modus arbeitet, an die Vorderr\u00e4der \u00fcbertragen. Sicher, wenn man so viel Leistung in ein so leichtes Auto steckt, kann man spektakul\u00e4re Leistungen erzielen, wie zum Beispiel eine H\u00f6chstgeschwindigkeit von mehr als 220 Stundenkilometern. Um all dies in Schach zu halten, ist dieser Abarth 695 mit einer steiferen Aufh\u00e4ngung und gr\u00f6\u00dferen Bremsen ausgestattet.<\/p>\n<h2>Geschichte des Fahrzeugs<\/h2>\n<p>Der professionelle Verk\u00e4ufer, der ihn erst k\u00fcrzlich erworben hat, beschreibt den Zustand des Abarth als nahezu perfekt. Abgesehen von der geringen Laufleistung wurde das Auto zuletzt im Januar 2023 gewartet, als das Motor\u00f6l gewechselt wurde. Innen und au\u00dfen gibt es keine Anzeichen von Verschlei\u00df, Besch\u00e4digung oder Rost. Die einzigen optischen M\u00e4ngel sind zwei kleine Kratzer auf der rechten Seite. Diese werden jedoch fachgerecht und f\u00fcr den zuk\u00fcnftigen Besitzer kostenlos repariert, wenn das Auto verkauft wird.<\/p>\n<p>Schlie\u00dflich, nach dem Verk\u00e4ufer, das Auto, das derzeit in Spanien, wurde nie in einen Unfall verwickelt, mit einem entsprechenden <a href=\"https:\/\/pistonaddict.com\/wp-content\/uploads\/2024\/01\/carfaxAbarth695.pdf\">CARFAX<\/a> Vehicle History Report, um es zu beweisen. Spanisch MOT (ITV) bestanden und g\u00fcltig bis Dezember 2024.<\/p>\n<p><strong>Sehen Sie sich das Kaltstart-Video dieses sch\u00f6nen Abarth 695 Tributo Ferrari an:<\/strong><\/p>\n<p><iframe title=\"Cold Start Video of the Abarth 500 Tributo Ferrari\" width=\"1200\" height=\"675\" src=\"https:\/\/www.youtube.com\/embed\/lzDg2i_JYA4?feature=oembed\" frameborder=\"0\" allow=\"accelerometer; autoplay; clipboard-write; encrypted-media; gyroscope; picture-in-picture; web-share\" allowfullscreen><\/iframe><\/p>\n<p>&nbsp;<\/p>\n","protected":false},"excerpt":{"rendered":"<p>Ein kleines Stadtauto muss nicht zwangsl\u00e4ufig nur ein praktisches Fortbewegungsmittel in beengten Umgebungen sein. Stattdessen kann es mit der richtigen Ausr\u00fcstung unter der Haube eine echte Taschenrakete sein, die, wenn sie entsprechend herausgeputzt ist, auch noch umwerfend aussieht. Ein solches Auto ist der Abarth 500, der auf der \u00e4u\u00dferst erfolgreichen Reinkarnation des legend\u00e4ren Modells aus den 60er Jahren von Fiat basiert. Bei dem hier versteigerten Modell handelt es sich jedoch um eine noch st\u00e4rker aufgepeppte Abarth 695-Variante, die 2010 gebaut wurde und bisher nur 6.800 Kilometer zur\u00fcckgelegt hat. Und um die Exklusivit\u00e4t noch zu steigern, handelt es sich um ein seltenes Tributo-Ferrari-Modell, dessen Produktionszahl auf 1.695 Einheiten begrenzt war. Sehen wir uns also an, was dieses exklusive und aggressiv aussehende Auto zu bieten hat&#8230;<\/p>\n","protected":false},"featured_media":89375,"comment_status":"open","ping_status":"closed","template":"","meta":{"inline_featured_image":false},"product_cat":[702],"product_tag":[2914,2915,901],"acf":[],"yoast_head":"<!-- This site is optimized with the Yoast SEO plugin v22.5 - https:\/\/yoast.com\/wordpress\/plugins\/seo\/ -->\n<title>Abarth 695 Tributo Ferrari n\u00ba424 - Piston Addict<\/title>\n<meta name=\"robots\" content=\"index, follow, max-snippet:-1, max-image-preview:large, max-video-preview:-1\" \/>\n<link rel=\"canonical\" href=\"https:\/\/pistonaddict.com\/de\/product\/abarth-695-tributo-ferrari-no424\/\" \/>\n<meta property=\"og:locale\" content=\"de_DE\" \/>\n<meta property=\"og:type\" content=\"article\" \/>\n<meta property=\"og:title\" content=\"Abarth 695 Tributo Ferrari n\u00ba424 - Piston Addict\" \/>\n<meta property=\"og:description\" content=\"Ein kleines Stadtauto muss nicht zwangsl\u00e4ufig nur ein praktisches Fortbewegungsmittel in beengten Umgebungen sein. Stattdessen kann es mit der richtigen Ausr\u00fcstung unter der Haube eine echte Taschenrakete sein, die, wenn sie entsprechend herausgeputzt ist, auch noch umwerfend aussieht. Ein solches Auto ist der Abarth 500, der auf der \u00e4u\u00dferst erfolgreichen Reinkarnation des legend\u00e4ren Modells aus den 60er Jahren von Fiat basiert. Bei dem hier versteigerten Modell handelt es sich jedoch um eine noch st\u00e4rker aufgepeppte Abarth 695-Variante, die 2010 gebaut wurde und bisher nur 6.800 Kilometer zur\u00fcckgelegt hat. Und um die Exklusivit\u00e4t noch zu steigern, handelt es sich um ein seltenes Tributo-Ferrari-Modell, dessen Produktionszahl auf 1.695 Einheiten begrenzt war. Sehen wir uns also an, was dieses exklusive und aggressiv aussehende Auto zu bieten hat...\" \/>\n<meta property=\"og:url\" content=\"https:\/\/pistonaddict.com\/de\/product\/abarth-695-tributo-ferrari-no424\/\" \/>\n<meta property=\"og:site_name\" content=\"Piston Addict\" \/>\n<meta property=\"article:modified_time\" content=\"2024-03-20T08:46:41+00:00\" \/>\n<meta property=\"og:image\" content=\"https:\/\/pistonaddict.com\/wp-content\/uploads\/2024\/01\/IMG-20240110-WA0149-1.jpg\" \/>\n\t<meta property=\"og:image:width\" content=\"1600\" \/>\n\t<meta property=\"og:image:height\" content=\"1200\" \/>\n\t<meta property=\"og:image:type\" content=\"image\/jpeg\" \/>\n<meta name=\"twitter:card\" content=\"summary_large_image\" \/>\n<meta name=\"twitter:label1\" content=\"Gesch\u00e4tzte Lesezeit\" \/>\n\t<meta name=\"twitter:data1\" content=\"2\u00a0Minuten\" \/>\n<script type=\"application\/ld+json\" class=\"yoast-schema-graph\">{\"@context\":\"https:\/\/schema.org\",\"@graph\":[{\"@type\":\"WebPage\",\"@id\":\"https:\/\/pistonaddict.com\/de\/product\/abarth-695-tributo-ferrari-no424\/\",\"url\":\"https:\/\/pistonaddict.com\/de\/product\/abarth-695-tributo-ferrari-no424\/\",\"name\":\"Abarth 695 Tributo Ferrari n\u00ba424 - Piston Addict\",\"isPartOf\":{\"@id\":\"https:\/\/pistonaddict.com\/de\/#website\"},\"primaryImageOfPage\":{\"@id\":\"https:\/\/pistonaddict.com\/de\/product\/abarth-695-tributo-ferrari-no424\/#primaryimage\"},\"image\":{\"@id\":\"https:\/\/pistonaddict.com\/de\/product\/abarth-695-tributo-ferrari-no424\/#primaryimage\"},\"thumbnailUrl\":\"https:\/\/pistonaddict.com\/wp-content\/uploads\/2024\/01\/IMG-20240110-WA0149-1.jpg\",\"datePublished\":\"2024-01-31T10:03:43+00:00\",\"dateModified\":\"2024-03-20T08:46:41+00:00\",\"breadcrumb\":{\"@id\":\"https:\/\/pistonaddict.com\/de\/product\/abarth-695-tributo-ferrari-no424\/#breadcrumb\"},\"inLanguage\":\"de\",\"potentialAction\":[{\"@type\":\"ReadAction\",\"target\":[\"https:\/\/pistonaddict.com\/de\/product\/abarth-695-tributo-ferrari-no424\/\"]}]},{\"@type\":\"ImageObject\",\"inLanguage\":\"de\",\"@id\":\"https:\/\/pistonaddict.com\/de\/product\/abarth-695-tributo-ferrari-no424\/#primaryimage\",\"url\":\"https:\/\/pistonaddict.com\/wp-content\/uploads\/2024\/01\/IMG-20240110-WA0149-1.jpg\",\"contentUrl\":\"https:\/\/pistonaddict.com\/wp-content\/uploads\/2024\/01\/IMG-20240110-WA0149-1.jpg\",\"width\":1600,\"height\":1200},{\"@type\":\"BreadcrumbList\",\"@id\":\"https:\/\/pistonaddict.com\/de\/product\/abarth-695-tributo-ferrari-no424\/#breadcrumb\",\"itemListElement\":[{\"@type\":\"ListItem\",\"position\":1,\"name\":\"Startseite\",\"item\":\"https:\/\/pistonaddict.com\/de\/homepage\/\"},{\"@type\":\"ListItem\",\"position\":2,\"name\":\"Auctions\",\"item\":\"https:\/\/pistonaddict.com\/auctions-listing\/\"},{\"@type\":\"ListItem\",\"position\":3,\"name\":\"Abarth 695 Tributo Ferrari n\u00ba424\"}]},{\"@type\":\"WebSite\",\"@id\":\"https:\/\/pistonaddict.com\/de\/#website\",\"url\":\"https:\/\/pistonaddict.com\/de\/\",\"name\":\"Piston Addict\",\"description\":\"Only interesting vehicles\",\"publisher\":{\"@id\":\"https:\/\/pistonaddict.com\/de\/#organization\"},\"potentialAction\":[{\"@type\":\"SearchAction\",\"target\":{\"@type\":\"EntryPoint\",\"urlTemplate\":\"https:\/\/pistonaddict.com\/de\/?s={search_term_string}\"},\"query-input\":\"required name=search_term_string\"}],\"inLanguage\":\"de\"},{\"@type\":\"Organization\",\"@id\":\"https:\/\/pistonaddict.com\/de\/#organization\",\"name\":\"Piston Addict\",\"url\":\"https:\/\/pistonaddict.com\/de\/\",\"logo\":{\"@type\":\"ImageObject\",\"inLanguage\":\"de\",\"@id\":\"https:\/\/pistonaddict.com\/de\/#\/schema\/logo\/image\/\",\"url\":\"https:\/\/pistonaddict.com\/wp-content\/uploads\/2022\/07\/logo-6.png\",\"contentUrl\":\"https:\/\/pistonaddict.com\/wp-content\/uploads\/2022\/07\/logo-6.png\",\"width\":970,\"height\":200,\"caption\":\"Piston Addict\"},\"image\":{\"@id\":\"https:\/\/pistonaddict.com\/de\/#\/schema\/logo\/image\/\"}}]}<\/script>\n<!-- \/ Yoast SEO plugin. -->","yoast_head_json":{"title":"Abarth 695 Tributo Ferrari n\u00ba424 - Piston Addict","robots":{"index":"index","follow":"follow","max-snippet":"max-snippet:-1","max-image-preview":"max-image-preview:large","max-video-preview":"max-video-preview:-1"},"canonical":"https:\/\/pistonaddict.com\/de\/product\/abarth-695-tributo-ferrari-no424\/","og_locale":"de_DE","og_type":"article","og_title":"Abarth 695 Tributo Ferrari n\u00ba424 - Piston Addict","og_description":"Ein kleines Stadtauto muss nicht zwangsl\u00e4ufig nur ein praktisches Fortbewegungsmittel in beengten Umgebungen sein. Stattdessen kann es mit der richtigen Ausr\u00fcstung unter der Haube eine echte Taschenrakete sein, die, wenn sie entsprechend herausgeputzt ist, auch noch umwerfend aussieht. Ein solches Auto ist der Abarth 500, der auf der \u00e4u\u00dferst erfolgreichen Reinkarnation des legend\u00e4ren Modells aus den 60er Jahren von Fiat basiert. Bei dem hier versteigerten Modell handelt es sich jedoch um eine noch st\u00e4rker aufgepeppte Abarth 695-Variante, die 2010 gebaut wurde und bisher nur 6.800 Kilometer zur\u00fcckgelegt hat. Und um die Exklusivit\u00e4t noch zu steigern, handelt es sich um ein seltenes Tributo-Ferrari-Modell, dessen Produktionszahl auf 1.695 Einheiten begrenzt war. Sehen wir uns also an, was dieses exklusive und aggressiv aussehende Auto zu bieten hat...","og_url":"https:\/\/pistonaddict.com\/de\/product\/abarth-695-tributo-ferrari-no424\/","og_site_name":"Piston Addict","article_modified_time":"2024-03-20T08:46:41+00:00","og_image":[{"width":1600,"height":1200,"url":"https:\/\/pistonaddict.com\/wp-content\/uploads\/2024\/01\/IMG-20240110-WA0149-1.jpg","type":"image\/jpeg"}],"twitter_card":"summary_large_image","twitter_misc":{"Gesch\u00e4tzte Lesezeit":"2\u00a0Minuten"},"schema":{"@context":"https:\/\/schema.org","@graph":[{"@type":"WebPage","@id":"https:\/\/pistonaddict.com\/de\/product\/abarth-695-tributo-ferrari-no424\/","url":"https:\/\/pistonaddict.com\/de\/product\/abarth-695-tributo-ferrari-no424\/","name":"Abarth 695 Tributo Ferrari n\u00ba424 - Piston Addict","isPartOf":{"@id":"https:\/\/pistonaddict.com\/de\/#website"},"primaryImageOfPage":{"@id":"https:\/\/pistonaddict.com\/de\/product\/abarth-695-tributo-ferrari-no424\/#primaryimage"},"image":{"@id":"https:\/\/pistonaddict.com\/de\/product\/abarth-695-tributo-ferrari-no424\/#primaryimage"},"thumbnailUrl":"https:\/\/pistonaddict.com\/wp-content\/uploads\/2024\/01\/IMG-20240110-WA0149-1.jpg","datePublished":"2024-01-31T10:03:43+00:00","dateModified":"2024-03-20T08:46:41+00:00","breadcrumb":{"@id":"https:\/\/pistonaddict.com\/de\/product\/abarth-695-tributo-ferrari-no424\/#breadcrumb"},"inLanguage":"de","potentialAction":[{"@type":"ReadAction","target":["https:\/\/pistonaddict.com\/de\/product\/abarth-695-tributo-ferrari-no424\/"]}]},{"@type":"ImageObject","inLanguage":"de","@id":"https:\/\/pistonaddict.com\/de\/product\/abarth-695-tributo-ferrari-no424\/#primaryimage","url":"https:\/\/pistonaddict.com\/wp-content\/uploads\/2024\/01\/IMG-20240110-WA0149-1.jpg","contentUrl":"https:\/\/pistonaddict.com\/wp-content\/uploads\/2024\/01\/IMG-20240110-WA0149-1.jpg","width":1600,"height":1200},{"@type":"BreadcrumbList","@id":"https:\/\/pistonaddict.com\/de\/product\/abarth-695-tributo-ferrari-no424\/#breadcrumb","itemListElement":[{"@type":"ListItem","position":1,"name":"Startseite","item":"https:\/\/pistonaddict.com\/de\/homepage\/"},{"@type":"ListItem","position":2,"name":"Auctions","item":"https:\/\/pistonaddict.com\/auctions-listing\/"},{"@type":"ListItem","position":3,"name":"Abarth 695 Tributo Ferrari n\u00ba424"}]},{"@type":"WebSite","@id":"https:\/\/pistonaddict.com\/de\/#website","url":"https:\/\/pistonaddict.com\/de\/","name":"Piston Addict","description":"Only interesting vehicles","publisher":{"@id":"https:\/\/pistonaddict.com\/de\/#organization"},"potentialAction":[{"@type":"SearchAction","target":{"@type":"EntryPoint","urlTemplate":"https:\/\/pistonaddict.com\/de\/?s={search_term_string}"},"query-input":"required name=search_term_string"}],"inLanguage":"de"},{"@type":"Organization","@id":"https:\/\/pistonaddict.com\/de\/#organization","name":"Piston Addict","url":"https:\/\/pistonaddict.com\/de\/","logo":{"@type":"ImageObject","inLanguage":"de","@id":"https:\/\/pistonaddict.com\/de\/#\/schema\/logo\/image\/","url":"https:\/\/pistonaddict.com\/wp-content\/uploads\/2022\/07\/logo-6.png","contentUrl":"https:\/\/pistonaddict.com\/wp-content\/uploads\/2022\/07\/logo-6.png","width":970,"height":200,"caption":"Piston Addict"},"image":{"@id":"https:\/\/pistonaddict.com\/de\/#\/schema\/logo\/image\/"}}]}},"_links":{"self":[{"href":"https:\/\/pistonaddict.com\/de\/wp-json\/wp\/v2\/product\/89354"}],"collection":[{"href":"https:\/\/pistonaddict.com\/de\/wp-json\/wp\/v2\/product"}],"about":[{"href":"https:\/\/pistonaddict.com\/de\/wp-json\/wp\/v2\/types\/product"}],"replies":[{"embeddable":true,"href":"https:\/\/pistonaddict.com\/de\/wp-json\/wp\/v2\/comments?post=89354"}],"wp:featuredmedia":[{"embeddable":true,"href":"https:\/\/pistonaddict.com\/de\/wp-json\/wp\/v2\/media\/89375"}],"wp:attachment":[{"href":"https:\/\/pistonaddict.com\/de\/wp-json\/wp\/v2\/media?parent=89354"}],"wp:term":[{"taxonomy":"product_cat","embeddable":true,"href":"https:\/\/pistonaddict.com\/de\/wp-json\/wp\/v2\/product_cat?post=89354"},{"taxonomy":"product_tag","embeddable":true,"href":"https:\/\/pistonaddict.com\/de\/wp-json\/wp\/v2\/product_tag?post=89354"}],"curies":[{"name":"wp","href":"https:\/\/api.w.org\/{rel}","templated":true}]}}