{"id":82547,"date":"2024-01-17T09:08:31","date_gmt":"2024-01-17T08:08:31","guid":{"rendered":"https:\/\/pistonaddict.com\/product\/mg-a-coupe\/"},"modified":"2024-05-29T10:48:06","modified_gmt":"2024-05-29T08:48:06","slug":"mg-a-coupe","status":"publish","type":"product","link":"https:\/\/pistonaddict.com\/de\/product\/mg-a-coupe\/","title":{"rendered":"MG A Coup\u00e9"},"content":{"rendered":"<p><strong>Auto-Geschichte<\/strong><\/p>\n<p>Auch wenn MG heute im Besitz der Chinesen ist und eine Reihe von langweiligen SUVs verkauft, wird diese Marke f\u00fcr immer ein Synonym f\u00fcr Coup\u00e9s und Roadster sein, die seinerzeit Mazda Miatas waren. Klein, wendig, schnell und spa\u00dfig &#8211; die MGs aus dieser \u00c4ra finden immer noch gro\u00dfen Anklang bei Liebhabern auf der ganzen Welt. Mit seinen hochdrehenden Motoren, dem Hinterradantrieb, der pr\u00e4zisen Lenkung und den spritzigen Fahrleistungen begr\u00fcndete der MG noch vor dem Zweiten Weltkrieg die ganze Szene der erschwinglichen Sportwagen. Als der MG A im Jahr 1955 auf den Markt kam, war er jedoch nicht nur optisch, sondern auch technisch auf dem neuesten Stand. Er verkaufte sich in Amerika recht gut und gab dem Unternehmen Auftrieb f\u00fcr viele nachfolgende Modelle. Die Kombination aus wundersch\u00f6nem Aussehen und Erfolgen im Motorsport war f\u00fcr den MG A eine Erfolgsformel, die ihn so besonders und begehrenswert macht. Bei diesem Exemplar aus dem Jahr 1959 handelt es sich um das Modell der zweiten Serie mit einem st\u00e4rkeren 1.600-cm\u00b3-Motor mit 80 PS. F\u00fcr damalige Verh\u00e4ltnisse war das ein beachtlicher Wert, und mit einem 4-Gang-Schaltgetriebe mit enger \u00dcbersetzung ist er heute mehr als in der Lage, den gleichen Fahrspa\u00df zu bieten wie vor all den Jahren. Der MG A 1600 war bekannt f\u00fcr seine vorderen Scheibenbremsen, eine f\u00fcr 1959 sehr fortschrittliche Technologie. Dieses Exemplar ist eines von nur 31.000 Exemplaren, die zwischen 1959 und 1962, als die Produktion des MG A endete, hergestellt wurden.<\/p>\n<p><strong>Innenbereich<\/strong><\/p>\n<p>Die Innenausstattung dieses MG A Coupe 1600 von 1959 ist in rotem Leder gehalten und befindet sich in einem idealen Zustand. Alles ist funktionst\u00fcchtig und hat gerade genug Patina angesetzt, um den Wagen so charmant zu machen, und die Sitze sind ein gro\u00dfartiger Ort, um dieses Auto zu genie\u00dfen. Auch wenn man bei einem 65 Jahre alten Fahrzeug nicht von moderner Ausstattung sprechen kann, so gibt es doch charmante analoge Ziffernbl\u00e4tter und eine Heizung, die damals zur Spitzenausstattung geh\u00f6rten. Die Sicherheitsgurte wurden im Interesse der Sicherheit und der Benutzerfreundlichkeit durch modernere Dreipunktgurte ersetzt.<\/p>\n<p><strong>Zustand<\/strong><\/p>\n<p>Mit nur 51.824 Kilometern von neu (vermutlich original), wurde dieser MG A in der Vergangenheit sorgf\u00e4ltig und leicht restauriert (Wasserpumpe, hintere Bremsen und Vergaser wurden 2022 ausgetauscht). Gl\u00fccklicherweise wurde jedes Detail sorgf\u00e4ltig restauriert, und das Auto befindet sich in einem sehr zeitgem\u00e4\u00dfen Zustand ohne Rost, ist voll funktionsf\u00e4hig und hat keine mechanischen Probleme. Der Verk\u00e4ufer hat das Fahrzeug vor kurzem erworben und Ende 2023 eine regelm\u00e4\u00dfige Wartung durchgef\u00fchrt, wobei die Bremsen erst vor wenigen Tagen im Januar 2024 \u00fcberholt wurden.<\/p>\n<p><strong>\u00c4u\u00dferes und R\u00e4der<\/strong><\/p>\n<p>Der klassische schwarze Lack ist in gutem Zustand, keine Dellen und keine gr\u00f6\u00dferen Kratzer. Alle Chromteile (die in klassischen Autos wie diesem sehr wichtig sind) sind in perfektem Zustand, einschlie\u00dflich K\u00fchlergrill, Sto\u00dfstangen und Zierleisten. Die Kombination aus schwarzem Exterieur und rotem Interieur ist auff\u00e4llig und unterstreicht die Linienf\u00fchrung des Fahrzeugs. Die originalen 15-Zoll-R\u00e4der sind mit nagelneuem Gummi ummantelt, so dass der Wagen f\u00fcr den n\u00e4chsten Besitzer und Wochenendfahrten im Sommer bestens ger\u00fcstet ist.<\/p>\n<p><strong>Dokumentation<\/strong><\/p>\n<p>Der H\u00e4ndler verkauft dieses Fahrzeug mit den entsprechenden Unterlagen (alle Rechnungen, die beglaubigte Kopie des British Motor Industry Heritage Trust und das Benutzerhandbuch) mit Sitz in Spanien. Da dieses Auto aus dem Jahr 1959 stammt, gibt es keine CarFax-Berichte, aber auch keine Belege f\u00fcr Unf\u00e4lle, Unfallreparaturen, Eigentumsverh\u00e4ltnisse oder rechtliche Probleme. Es gibt Aufzeichnungen \u00fcber die regelm\u00e4\u00dfige Wartung und Quittungen.<br \/>\n<strong>Spanisch MOT (ITV) bestanden und g\u00fcltig bis August 2028.<\/strong><\/p>\n<p><strong>Sehen Sie sich das Kaltstartvideo dieses sch\u00f6nen MG A Coupe an:<\/strong><\/p>\n<p><iframe title=\"Cold Start Video of MGA coupe\" width=\"1200\" height=\"675\" src=\"https:\/\/www.youtube.com\/embed\/IaLRg9Rs9iY?feature=oembed\" frameborder=\"0\" allow=\"accelerometer; autoplay; clipboard-write; encrypted-media; gyroscope; picture-in-picture; web-share\" allowfullscreen><\/iframe><\/p>\n","protected":false},"excerpt":{"rendered":"<p>Wenn wir die Entstehung der modernen Sportwagen erforschen wollen, sollten wir mit dem legend\u00e4ren MG A beginnen. Mit seiner stromlinienf\u00f6rmigen Karosserie, den drehfreudigen Motoren, den (f\u00fcr die damalige Zeit) hervorragenden Fahrleistungen und dem erschwinglichen Preis revolutionierte dieser Sportwagen das Segment. Er blieb einer der Inbegriffe der britischen Coup\u00e9s aller Zeiten.<\/p>\n","protected":false},"featured_media":81144,"comment_status":"open","ping_status":"closed","template":"","meta":{"inline_featured_image":false},"product_cat":[702],"product_tag":[2857,1007,2856],"acf":[],"yoast_head":"<!-- This site is optimized with the Yoast SEO plugin v22.5 - https:\/\/yoast.com\/wordpress\/plugins\/seo\/ -->\n<title>MG A Coup\u00e9 - Piston Addict<\/title>\n<meta name=\"robots\" content=\"index, follow, max-snippet:-1, max-image-preview:large, max-video-preview:-1\" \/>\n<link rel=\"canonical\" href=\"https:\/\/pistonaddict.com\/de\/product\/mg-a-coupe\/\" \/>\n<meta property=\"og:locale\" content=\"de_DE\" \/>\n<meta property=\"og:type\" content=\"article\" \/>\n<meta property=\"og:title\" content=\"MG A Coup\u00e9 - Piston Addict\" \/>\n<meta property=\"og:description\" content=\"Wenn wir die Entstehung der modernen Sportwagen erforschen wollen, sollten wir mit dem legend\u00e4ren MG A beginnen. Mit seiner stromlinienf\u00f6rmigen Karosserie, den drehfreudigen Motoren, den (f\u00fcr die damalige Zeit) hervorragenden Fahrleistungen und dem erschwinglichen Preis revolutionierte dieser Sportwagen das Segment. Er blieb einer der Inbegriffe der britischen Coup\u00e9s aller Zeiten.\" \/>\n<meta property=\"og:url\" content=\"https:\/\/pistonaddict.com\/de\/product\/mg-a-coupe\/\" \/>\n<meta property=\"og:site_name\" content=\"Piston Addict\" \/>\n<meta property=\"article:modified_time\" content=\"2024-05-29T08:48:06+00:00\" \/>\n<meta property=\"og:image\" content=\"https:\/\/pistonaddict.com\/wp-content\/uploads\/2024\/01\/IMG-20231031-WA0006.jpg\" \/>\n\t<meta property=\"og:image:width\" content=\"1600\" \/>\n\t<meta property=\"og:image:height\" content=\"1200\" \/>\n\t<meta property=\"og:image:type\" content=\"image\/jpeg\" \/>\n<meta name=\"twitter:card\" content=\"summary_large_image\" \/>\n<meta name=\"twitter:label1\" content=\"Gesch\u00e4tzte Lesezeit\" \/>\n\t<meta name=\"twitter:data1\" content=\"3\u00a0Minuten\" \/>\n<script type=\"application\/ld+json\" class=\"yoast-schema-graph\">{\"@context\":\"https:\/\/schema.org\",\"@graph\":[{\"@type\":\"WebPage\",\"@id\":\"https:\/\/pistonaddict.com\/de\/product\/mg-a-coupe\/\",\"url\":\"https:\/\/pistonaddict.com\/de\/product\/mg-a-coupe\/\",\"name\":\"MG A Coup\u00e9 - Piston Addict\",\"isPartOf\":{\"@id\":\"https:\/\/pistonaddict.com\/de\/#website\"},\"primaryImageOfPage\":{\"@id\":\"https:\/\/pistonaddict.com\/de\/product\/mg-a-coupe\/#primaryimage\"},\"image\":{\"@id\":\"https:\/\/pistonaddict.com\/de\/product\/mg-a-coupe\/#primaryimage\"},\"thumbnailUrl\":\"https:\/\/pistonaddict.com\/wp-content\/uploads\/2024\/01\/IMG-20231031-WA0006.jpg\",\"datePublished\":\"2024-01-17T08:08:31+00:00\",\"dateModified\":\"2024-05-29T08:48:06+00:00\",\"breadcrumb\":{\"@id\":\"https:\/\/pistonaddict.com\/de\/product\/mg-a-coupe\/#breadcrumb\"},\"inLanguage\":\"de\",\"potentialAction\":[{\"@type\":\"ReadAction\",\"target\":[\"https:\/\/pistonaddict.com\/de\/product\/mg-a-coupe\/\"]}]},{\"@type\":\"ImageObject\",\"inLanguage\":\"de\",\"@id\":\"https:\/\/pistonaddict.com\/de\/product\/mg-a-coupe\/#primaryimage\",\"url\":\"https:\/\/pistonaddict.com\/wp-content\/uploads\/2024\/01\/IMG-20231031-WA0006.jpg\",\"contentUrl\":\"https:\/\/pistonaddict.com\/wp-content\/uploads\/2024\/01\/IMG-20231031-WA0006.jpg\",\"width\":1600,\"height\":1200},{\"@type\":\"BreadcrumbList\",\"@id\":\"https:\/\/pistonaddict.com\/de\/product\/mg-a-coupe\/#breadcrumb\",\"itemListElement\":[{\"@type\":\"ListItem\",\"position\":1,\"name\":\"Startseite\",\"item\":\"https:\/\/pistonaddict.com\/de\/homepage\/\"},{\"@type\":\"ListItem\",\"position\":2,\"name\":\"Auctions\",\"item\":\"https:\/\/pistonaddict.com\/auctions-listing\/\"},{\"@type\":\"ListItem\",\"position\":3,\"name\":\"MG A Coup\u00e9\"}]},{\"@type\":\"WebSite\",\"@id\":\"https:\/\/pistonaddict.com\/de\/#website\",\"url\":\"https:\/\/pistonaddict.com\/de\/\",\"name\":\"Piston Addict\",\"description\":\"Only interesting vehicles\",\"publisher\":{\"@id\":\"https:\/\/pistonaddict.com\/de\/#organization\"},\"potentialAction\":[{\"@type\":\"SearchAction\",\"target\":{\"@type\":\"EntryPoint\",\"urlTemplate\":\"https:\/\/pistonaddict.com\/de\/?s={search_term_string}\"},\"query-input\":\"required name=search_term_string\"}],\"inLanguage\":\"de\"},{\"@type\":\"Organization\",\"@id\":\"https:\/\/pistonaddict.com\/de\/#organization\",\"name\":\"Piston Addict\",\"url\":\"https:\/\/pistonaddict.com\/de\/\",\"logo\":{\"@type\":\"ImageObject\",\"inLanguage\":\"de\",\"@id\":\"https:\/\/pistonaddict.com\/de\/#\/schema\/logo\/image\/\",\"url\":\"https:\/\/pistonaddict.com\/wp-content\/uploads\/2022\/07\/logo-6.png\",\"contentUrl\":\"https:\/\/pistonaddict.com\/wp-content\/uploads\/2022\/07\/logo-6.png\",\"width\":970,\"height\":200,\"caption\":\"Piston Addict\"},\"image\":{\"@id\":\"https:\/\/pistonaddict.com\/de\/#\/schema\/logo\/image\/\"}}]}<\/script>\n<!-- \/ Yoast SEO plugin. -->","yoast_head_json":{"title":"MG A Coup\u00e9 - Piston Addict","robots":{"index":"index","follow":"follow","max-snippet":"max-snippet:-1","max-image-preview":"max-image-preview:large","max-video-preview":"max-video-preview:-1"},"canonical":"https:\/\/pistonaddict.com\/de\/product\/mg-a-coupe\/","og_locale":"de_DE","og_type":"article","og_title":"MG A Coup\u00e9 - Piston Addict","og_description":"Wenn wir die Entstehung der modernen Sportwagen erforschen wollen, sollten wir mit dem legend\u00e4ren MG A beginnen. Mit seiner stromlinienf\u00f6rmigen Karosserie, den drehfreudigen Motoren, den (f\u00fcr die damalige Zeit) hervorragenden Fahrleistungen und dem erschwinglichen Preis revolutionierte dieser Sportwagen das Segment. Er blieb einer der Inbegriffe der britischen Coup\u00e9s aller Zeiten.","og_url":"https:\/\/pistonaddict.com\/de\/product\/mg-a-coupe\/","og_site_name":"Piston Addict","article_modified_time":"2024-05-29T08:48:06+00:00","og_image":[{"width":1600,"height":1200,"url":"https:\/\/pistonaddict.com\/wp-content\/uploads\/2024\/01\/IMG-20231031-WA0006.jpg","type":"image\/jpeg"}],"twitter_card":"summary_large_image","twitter_misc":{"Gesch\u00e4tzte Lesezeit":"3\u00a0Minuten"},"schema":{"@context":"https:\/\/schema.org","@graph":[{"@type":"WebPage","@id":"https:\/\/pistonaddict.com\/de\/product\/mg-a-coupe\/","url":"https:\/\/pistonaddict.com\/de\/product\/mg-a-coupe\/","name":"MG A Coup\u00e9 - Piston Addict","isPartOf":{"@id":"https:\/\/pistonaddict.com\/de\/#website"},"primaryImageOfPage":{"@id":"https:\/\/pistonaddict.com\/de\/product\/mg-a-coupe\/#primaryimage"},"image":{"@id":"https:\/\/pistonaddict.com\/de\/product\/mg-a-coupe\/#primaryimage"},"thumbnailUrl":"https:\/\/pistonaddict.com\/wp-content\/uploads\/2024\/01\/IMG-20231031-WA0006.jpg","datePublished":"2024-01-17T08:08:31+00:00","dateModified":"2024-05-29T08:48:06+00:00","breadcrumb":{"@id":"https:\/\/pistonaddict.com\/de\/product\/mg-a-coupe\/#breadcrumb"},"inLanguage":"de","potentialAction":[{"@type":"ReadAction","target":["https:\/\/pistonaddict.com\/de\/product\/mg-a-coupe\/"]}]},{"@type":"ImageObject","inLanguage":"de","@id":"https:\/\/pistonaddict.com\/de\/product\/mg-a-coupe\/#primaryimage","url":"https:\/\/pistonaddict.com\/wp-content\/uploads\/2024\/01\/IMG-20231031-WA0006.jpg","contentUrl":"https:\/\/pistonaddict.com\/wp-content\/uploads\/2024\/01\/IMG-20231031-WA0006.jpg","width":1600,"height":1200},{"@type":"BreadcrumbList","@id":"https:\/\/pistonaddict.com\/de\/product\/mg-a-coupe\/#breadcrumb","itemListElement":[{"@type":"ListItem","position":1,"name":"Startseite","item":"https:\/\/pistonaddict.com\/de\/homepage\/"},{"@type":"ListItem","position":2,"name":"Auctions","item":"https:\/\/pistonaddict.com\/auctions-listing\/"},{"@type":"ListItem","position":3,"name":"MG A Coup\u00e9"}]},{"@type":"WebSite","@id":"https:\/\/pistonaddict.com\/de\/#website","url":"https:\/\/pistonaddict.com\/de\/","name":"Piston Addict","description":"Only interesting vehicles","publisher":{"@id":"https:\/\/pistonaddict.com\/de\/#organization"},"potentialAction":[{"@type":"SearchAction","target":{"@type":"EntryPoint","urlTemplate":"https:\/\/pistonaddict.com\/de\/?s={search_term_string}"},"query-input":"required name=search_term_string"}],"inLanguage":"de"},{"@type":"Organization","@id":"https:\/\/pistonaddict.com\/de\/#organization","name":"Piston Addict","url":"https:\/\/pistonaddict.com\/de\/","logo":{"@type":"ImageObject","inLanguage":"de","@id":"https:\/\/pistonaddict.com\/de\/#\/schema\/logo\/image\/","url":"https:\/\/pistonaddict.com\/wp-content\/uploads\/2022\/07\/logo-6.png","contentUrl":"https:\/\/pistonaddict.com\/wp-content\/uploads\/2022\/07\/logo-6.png","width":970,"height":200,"caption":"Piston Addict"},"image":{"@id":"https:\/\/pistonaddict.com\/de\/#\/schema\/logo\/image\/"}}]}},"_links":{"self":[{"href":"https:\/\/pistonaddict.com\/de\/wp-json\/wp\/v2\/product\/82547"}],"collection":[{"href":"https:\/\/pistonaddict.com\/de\/wp-json\/wp\/v2\/product"}],"about":[{"href":"https:\/\/pistonaddict.com\/de\/wp-json\/wp\/v2\/types\/product"}],"replies":[{"embeddable":true,"href":"https:\/\/pistonaddict.com\/de\/wp-json\/wp\/v2\/comments?post=82547"}],"wp:featuredmedia":[{"embeddable":true,"href":"https:\/\/pistonaddict.com\/de\/wp-json\/wp\/v2\/media\/81144"}],"wp:attachment":[{"href":"https:\/\/pistonaddict.com\/de\/wp-json\/wp\/v2\/media?parent=82547"}],"wp:term":[{"taxonomy":"product_cat","embeddable":true,"href":"https:\/\/pistonaddict.com\/de\/wp-json\/wp\/v2\/product_cat?post=82547"},{"taxonomy":"product_tag","embeddable":true,"href":"https:\/\/pistonaddict.com\/de\/wp-json\/wp\/v2\/product_tag?post=82547"}],"curies":[{"name":"wp","href":"https:\/\/api.w.org\/{rel}","templated":true}]}}