{"id":79053,"date":"2023-12-13T14:41:14","date_gmt":"2023-12-13T13:41:14","guid":{"rendered":"https:\/\/pistonaddict.com\/product\/alpine-a110\/"},"modified":"2024-03-20T09:42:42","modified_gmt":"2024-03-20T08:42:42","slug":"alpin-a110","status":"publish","type":"product","link":"https:\/\/pistonaddict.com\/de\/product\/alpin-a110\/","title":{"rendered":"Alpine A110"},"content":{"rendered":"<p><strong>Auto-Geschichte<\/strong><\/p>\n<p>F\u00fcr Generationen von Sportwagenliebhabern, die in den 60er und 70er Jahren aufgewachsen sind, ist der Name Alpine ein Synonym f\u00fcr Rallye-Meisterschaften, starke Leistung und unvergleichliche Stra\u00dfenpr\u00e4senz. Obwohl Alpine die Standardkomponenten von Renault verwendete, hatten die Fahrzeuge fast den Charme eines Supersportwagens und waren aufgrund ihres Aussehens und ihrer Fahrdynamik bei den Fans sehr beliebt. Doch Anfang der 90er Jahre geriet die Marke in Vergessenheit und wurde nur noch von den hartgesottensten Fans gesch\u00e4tzt. Gl\u00fccklicherweise hat Renault erkannt, wie gro\u00df das Potenzial dieses legend\u00e4ren Namens ist, und investierte viel in ein brandneues Modell mit einer kompletten Aluminiumkarosserie, einem zentral angeordneten Motor und einem flotten Doppelkupplungsgetriebe. Die Kombination des ikonischen und retro-futuristischen Looks mit dem Clio RS-Motor und den ma\u00dfgeschneiderten Karosserie- und Fahrwerkseinstellungen schuf den sofortigen Klassiker und m\u00f6glicherweise den besten Sportwagen des Jahrzehnts. Der 1,8-Liter-Turbolader, der die Kraft auf die Hinterr\u00e4der \u00fcbertr\u00e4gt, beschleunigt den sch\u00f6nen Zweisitzer in \u00fcberzeugenden 4,5 Sekunden von 0 auf 100 km\/h (60 mph). Allerdings werden die Zahlen diesem Auto nicht gerecht. Mit etwas mehr als einer Tonne Leergewicht fliegt die Alpine A110 \u00fcber die Kurven und f\u00e4hrt sich wie ein Traum. Die un\u00fcbertroffene Fahrdynamik ist genau der Grund, warum er in vielen Zeitschriften ein Liebling ist.<\/p>\n<p><strong>Innenbereich<\/strong><\/p>\n<p>Da dieses Modell relativ neu ist und eine geringe Kilometerleistung aufweist, ist die Lederausstattung in einem neuwertigen Zustand ohne Abnutzungserscheinungen. Erfahrene K\u00e4ufer werden feststellen, dass die optionalen &#8220;GT&#8221;-Sitze vorhanden sind, was eine willkommene Erg\u00e4nzung ist, sowie einige Karbonteile f\u00fcr den Motorsport-Look. Das Wichtigste ist jedoch das Focal-Premium-Audiosystem, das eine seltene Option darstellt.<\/p>\n<p><strong>Zustand<\/strong><\/p>\n<p>Dieses Exemplar wurde im Jahr 2021 neu ausgeliefert und hat seitdem knapp \u00fcber 30.000 km zur\u00fcckgelegt. Es handelt sich um ein gepflegtes Auto, das mit Freude gefahren wurde, so wie es von seinen Erbauern erfunden wurde. Er wurde von zwei f\u00fcrsorglichen Besitzern von Anfang an weder verfolgt noch besch\u00e4digt. Der urspr\u00fcngliche Besitzer war n\u00e4mlich der kaufm\u00e4nnische Direktor von Alpine Spanien. Die letzte Wartung wurde im November 2023 durchgef\u00fchrt, und die Bremsen wurden erst k\u00fcrzlich im Dezember 2023 \u00fcberholt. Der letzte \u00d6lwechsel wurde im September durchgef\u00fchrt. <strong>Diese Alpine A110 hat noch Werksgarantie bis November 2024, daher wurden alle Wartungsarbeiten vom offiziellen Service in Spanien durchgef\u00fchrt<\/strong>.<\/p>\n<p><strong> <\/strong><strong>\u00c4u\u00dferes und R\u00e4der<\/strong><\/p>\n<p>Diese Alpine A110 ist wei\u00df lackiert und hat ein interessantes Grafikpaket. Sie hat ein einzigartiges Aussehen mit speziellen 18-Zoll-R\u00e4dern, die es nur bei Alpine gibt. Die Karosserie ist ohne Sch\u00e4den, Dellen oder Kratzer, und die Reifen sind in gutem Zustand, mit 50% verwendet, nach dem Verk\u00e4ufer. Die Reifen sind Michelin Pilot Sport und wurden Ende 2021 hergestellt.<\/p>\n<p><strong>Dokumentation<\/strong><\/p>\n<p>Der H\u00e4ndler verkauft dieses Fahrzeug mit entsprechender Dokumentation in Spanien. Der <a href=\"https:\/\/pistonaddict.com\/wp-content\/uploads\/2023\/12\/AlpineA110.pdf\">CarFax-Bericht<\/a> ist sauber; es gibt keine Belege f\u00fcr Unf\u00e4lle, Unfallreparaturen, Eigentumsverh\u00e4ltnisse oder rechtliche Probleme. Es gibt Aufzeichnungen \u00fcber die regelm\u00e4\u00dfige Wartung, Verkaufsrechnungen und Quittungen. F\u00fcr diese Alpine A110 gilt noch eine Werksgarantie, die auf den n\u00e4chsten Besitzer \u00fcbertragbar ist.<\/p>\n<p><strong>Sehen Sie sich das Kaltstartvideo dieser sch\u00f6nen Alpine A110 an:<\/strong><\/p>\n<p><iframe title=\"Cold Start Video of this great Alpine A110 for auction sale\" width=\"1200\" height=\"675\" src=\"https:\/\/www.youtube.com\/embed\/FlqeDNY4UtI?feature=oembed\" frameborder=\"0\" allow=\"accelerometer; autoplay; clipboard-write; encrypted-media; gyroscope; picture-in-picture; web-share\" allowfullscreen><\/iframe><\/p>\n","protected":false},"excerpt":{"rendered":"<p>Der angesagteste Sportwagen der letzten Jahre ist nicht Ferrari, Lamborghini oder McLaren. Es ist die Alpine A110 mit einer ma\u00dfgeschneiderten, sehr leichten Karosserie, einem temperamentvollen Vierzylinder mit Turbolader und spritzigen Fahrleistungen. Dieser Zweisitzer erinnerte die Sportwagenfans daran, worauf es beim Fahren ankommt, und brachte die legend\u00e4re Marke triumphal zur\u00fcck auf den Markt. Heute sind wir stolz darauf, eines der besten Exemplare dieses einflussreichen Sportwagens zu pr\u00e4sentieren.<\/p>\n","protected":false},"featured_media":78355,"comment_status":"open","ping_status":"closed","template":"","meta":{"inline_featured_image":false},"product_cat":[702],"product_tag":[2809,2804,901],"acf":[],"yoast_head":"<!-- This site is optimized with the Yoast SEO plugin v22.5 - https:\/\/yoast.com\/wordpress\/plugins\/seo\/ -->\n<title>Auktion -<\/title>\n<meta name=\"robots\" content=\"index, follow, max-snippet:-1, max-image-preview:large, max-video-preview:-1\" \/>\n<link rel=\"canonical\" href=\"https:\/\/pistonaddict.com\/de\/product\/alpin-a110\/\" \/>\n<meta property=\"og:locale\" content=\"de_DE\" \/>\n<meta property=\"og:type\" content=\"article\" \/>\n<meta property=\"og:title\" content=\"Auktion -\" \/>\n<meta property=\"og:description\" content=\"Der angesagteste Sportwagen der letzten Jahre ist nicht Ferrari, Lamborghini oder McLaren. Es ist die Alpine A110 mit einer ma\u00dfgeschneiderten, sehr leichten Karosserie, einem temperamentvollen Vierzylinder mit Turbolader und spritzigen Fahrleistungen. Dieser Zweisitzer erinnerte die Sportwagenfans daran, worauf es beim Fahren ankommt, und brachte die legend\u00e4re Marke triumphal zur\u00fcck auf den Markt. Heute sind wir stolz darauf, eines der besten Exemplare dieses einflussreichen Sportwagens zu pr\u00e4sentieren.\" \/>\n<meta property=\"og:url\" content=\"https:\/\/pistonaddict.com\/de\/product\/alpin-a110\/\" \/>\n<meta property=\"og:site_name\" content=\"Piston Addict\" \/>\n<meta property=\"article:modified_time\" content=\"2024-03-20T08:42:42+00:00\" \/>\n<meta property=\"og:image\" content=\"https:\/\/pistonaddict.com\/wp-content\/uploads\/2023\/12\/4517LTW_01.jpg\" \/>\n\t<meta property=\"og:image:width\" content=\"1440\" \/>\n\t<meta property=\"og:image:height\" content=\"1080\" \/>\n\t<meta property=\"og:image:type\" content=\"image\/jpeg\" \/>\n<meta name=\"twitter:card\" content=\"summary_large_image\" \/>\n<meta name=\"twitter:label1\" content=\"Gesch\u00e4tzte Lesezeit\" \/>\n\t<meta name=\"twitter:data1\" content=\"3\u00a0Minuten\" \/>\n<script type=\"application\/ld+json\" class=\"yoast-schema-graph\">{\"@context\":\"https:\/\/schema.org\",\"@graph\":[{\"@type\":\"WebPage\",\"@id\":\"https:\/\/pistonaddict.com\/de\/product\/alpin-a110\/\",\"url\":\"https:\/\/pistonaddict.com\/de\/product\/alpin-a110\/\",\"name\":\"Auktion -\",\"isPartOf\":{\"@id\":\"https:\/\/pistonaddict.com\/de\/#website\"},\"primaryImageOfPage\":{\"@id\":\"https:\/\/pistonaddict.com\/de\/product\/alpin-a110\/#primaryimage\"},\"image\":{\"@id\":\"https:\/\/pistonaddict.com\/de\/product\/alpin-a110\/#primaryimage\"},\"thumbnailUrl\":\"https:\/\/pistonaddict.com\/wp-content\/uploads\/2023\/12\/4517LTW_01.jpg\",\"datePublished\":\"2023-12-13T13:41:14+00:00\",\"dateModified\":\"2024-03-20T08:42:42+00:00\",\"breadcrumb\":{\"@id\":\"https:\/\/pistonaddict.com\/de\/product\/alpin-a110\/#breadcrumb\"},\"inLanguage\":\"de\",\"potentialAction\":[{\"@type\":\"ReadAction\",\"target\":[\"https:\/\/pistonaddict.com\/de\/product\/alpin-a110\/\"]}]},{\"@type\":\"ImageObject\",\"inLanguage\":\"de\",\"@id\":\"https:\/\/pistonaddict.com\/de\/product\/alpin-a110\/#primaryimage\",\"url\":\"https:\/\/pistonaddict.com\/wp-content\/uploads\/2023\/12\/4517LTW_01.jpg\",\"contentUrl\":\"https:\/\/pistonaddict.com\/wp-content\/uploads\/2023\/12\/4517LTW_01.jpg\",\"width\":1440,\"height\":1080},{\"@type\":\"BreadcrumbList\",\"@id\":\"https:\/\/pistonaddict.com\/de\/product\/alpin-a110\/#breadcrumb\",\"itemListElement\":[{\"@type\":\"ListItem\",\"position\":1,\"name\":\"Startseite\",\"item\":\"https:\/\/pistonaddict.com\/de\/homepage\/\"},{\"@type\":\"ListItem\",\"position\":2,\"name\":\"Auctions\",\"item\":\"https:\/\/pistonaddict.com\/auctions-listing\/\"},{\"@type\":\"ListItem\",\"position\":3,\"name\":\"Alpine A110\"}]},{\"@type\":\"WebSite\",\"@id\":\"https:\/\/pistonaddict.com\/de\/#website\",\"url\":\"https:\/\/pistonaddict.com\/de\/\",\"name\":\"Piston Addict\",\"description\":\"Only interesting vehicles\",\"publisher\":{\"@id\":\"https:\/\/pistonaddict.com\/de\/#organization\"},\"potentialAction\":[{\"@type\":\"SearchAction\",\"target\":{\"@type\":\"EntryPoint\",\"urlTemplate\":\"https:\/\/pistonaddict.com\/de\/?s={search_term_string}\"},\"query-input\":\"required name=search_term_string\"}],\"inLanguage\":\"de\"},{\"@type\":\"Organization\",\"@id\":\"https:\/\/pistonaddict.com\/de\/#organization\",\"name\":\"Piston Addict\",\"url\":\"https:\/\/pistonaddict.com\/de\/\",\"logo\":{\"@type\":\"ImageObject\",\"inLanguage\":\"de\",\"@id\":\"https:\/\/pistonaddict.com\/de\/#\/schema\/logo\/image\/\",\"url\":\"https:\/\/pistonaddict.com\/wp-content\/uploads\/2022\/07\/logo-6.png\",\"contentUrl\":\"https:\/\/pistonaddict.com\/wp-content\/uploads\/2022\/07\/logo-6.png\",\"width\":970,\"height\":200,\"caption\":\"Piston Addict\"},\"image\":{\"@id\":\"https:\/\/pistonaddict.com\/de\/#\/schema\/logo\/image\/\"}}]}<\/script>\n<!-- \/ Yoast SEO plugin. -->","yoast_head_json":{"title":"Auktion -","robots":{"index":"index","follow":"follow","max-snippet":"max-snippet:-1","max-image-preview":"max-image-preview:large","max-video-preview":"max-video-preview:-1"},"canonical":"https:\/\/pistonaddict.com\/de\/product\/alpin-a110\/","og_locale":"de_DE","og_type":"article","og_title":"Auktion -","og_description":"Der angesagteste Sportwagen der letzten Jahre ist nicht Ferrari, Lamborghini oder McLaren. Es ist die Alpine A110 mit einer ma\u00dfgeschneiderten, sehr leichten Karosserie, einem temperamentvollen Vierzylinder mit Turbolader und spritzigen Fahrleistungen. Dieser Zweisitzer erinnerte die Sportwagenfans daran, worauf es beim Fahren ankommt, und brachte die legend\u00e4re Marke triumphal zur\u00fcck auf den Markt. Heute sind wir stolz darauf, eines der besten Exemplare dieses einflussreichen Sportwagens zu pr\u00e4sentieren.","og_url":"https:\/\/pistonaddict.com\/de\/product\/alpin-a110\/","og_site_name":"Piston Addict","article_modified_time":"2024-03-20T08:42:42+00:00","og_image":[{"width":1440,"height":1080,"url":"https:\/\/pistonaddict.com\/wp-content\/uploads\/2023\/12\/4517LTW_01.jpg","type":"image\/jpeg"}],"twitter_card":"summary_large_image","twitter_misc":{"Gesch\u00e4tzte Lesezeit":"3\u00a0Minuten"},"schema":{"@context":"https:\/\/schema.org","@graph":[{"@type":"WebPage","@id":"https:\/\/pistonaddict.com\/de\/product\/alpin-a110\/","url":"https:\/\/pistonaddict.com\/de\/product\/alpin-a110\/","name":"Auktion -","isPartOf":{"@id":"https:\/\/pistonaddict.com\/de\/#website"},"primaryImageOfPage":{"@id":"https:\/\/pistonaddict.com\/de\/product\/alpin-a110\/#primaryimage"},"image":{"@id":"https:\/\/pistonaddict.com\/de\/product\/alpin-a110\/#primaryimage"},"thumbnailUrl":"https:\/\/pistonaddict.com\/wp-content\/uploads\/2023\/12\/4517LTW_01.jpg","datePublished":"2023-12-13T13:41:14+00:00","dateModified":"2024-03-20T08:42:42+00:00","breadcrumb":{"@id":"https:\/\/pistonaddict.com\/de\/product\/alpin-a110\/#breadcrumb"},"inLanguage":"de","potentialAction":[{"@type":"ReadAction","target":["https:\/\/pistonaddict.com\/de\/product\/alpin-a110\/"]}]},{"@type":"ImageObject","inLanguage":"de","@id":"https:\/\/pistonaddict.com\/de\/product\/alpin-a110\/#primaryimage","url":"https:\/\/pistonaddict.com\/wp-content\/uploads\/2023\/12\/4517LTW_01.jpg","contentUrl":"https:\/\/pistonaddict.com\/wp-content\/uploads\/2023\/12\/4517LTW_01.jpg","width":1440,"height":1080},{"@type":"BreadcrumbList","@id":"https:\/\/pistonaddict.com\/de\/product\/alpin-a110\/#breadcrumb","itemListElement":[{"@type":"ListItem","position":1,"name":"Startseite","item":"https:\/\/pistonaddict.com\/de\/homepage\/"},{"@type":"ListItem","position":2,"name":"Auctions","item":"https:\/\/pistonaddict.com\/auctions-listing\/"},{"@type":"ListItem","position":3,"name":"Alpine A110"}]},{"@type":"WebSite","@id":"https:\/\/pistonaddict.com\/de\/#website","url":"https:\/\/pistonaddict.com\/de\/","name":"Piston Addict","description":"Only interesting vehicles","publisher":{"@id":"https:\/\/pistonaddict.com\/de\/#organization"},"potentialAction":[{"@type":"SearchAction","target":{"@type":"EntryPoint","urlTemplate":"https:\/\/pistonaddict.com\/de\/?s={search_term_string}"},"query-input":"required name=search_term_string"}],"inLanguage":"de"},{"@type":"Organization","@id":"https:\/\/pistonaddict.com\/de\/#organization","name":"Piston Addict","url":"https:\/\/pistonaddict.com\/de\/","logo":{"@type":"ImageObject","inLanguage":"de","@id":"https:\/\/pistonaddict.com\/de\/#\/schema\/logo\/image\/","url":"https:\/\/pistonaddict.com\/wp-content\/uploads\/2022\/07\/logo-6.png","contentUrl":"https:\/\/pistonaddict.com\/wp-content\/uploads\/2022\/07\/logo-6.png","width":970,"height":200,"caption":"Piston Addict"},"image":{"@id":"https:\/\/pistonaddict.com\/de\/#\/schema\/logo\/image\/"}}]}},"_links":{"self":[{"href":"https:\/\/pistonaddict.com\/de\/wp-json\/wp\/v2\/product\/79053"}],"collection":[{"href":"https:\/\/pistonaddict.com\/de\/wp-json\/wp\/v2\/product"}],"about":[{"href":"https:\/\/pistonaddict.com\/de\/wp-json\/wp\/v2\/types\/product"}],"replies":[{"embeddable":true,"href":"https:\/\/pistonaddict.com\/de\/wp-json\/wp\/v2\/comments?post=79053"}],"wp:featuredmedia":[{"embeddable":true,"href":"https:\/\/pistonaddict.com\/de\/wp-json\/wp\/v2\/media\/78355"}],"wp:attachment":[{"href":"https:\/\/pistonaddict.com\/de\/wp-json\/wp\/v2\/media?parent=79053"}],"wp:term":[{"taxonomy":"product_cat","embeddable":true,"href":"https:\/\/pistonaddict.com\/de\/wp-json\/wp\/v2\/product_cat?post=79053"},{"taxonomy":"product_tag","embeddable":true,"href":"https:\/\/pistonaddict.com\/de\/wp-json\/wp\/v2\/product_tag?post=79053"}],"curies":[{"name":"wp","href":"https:\/\/api.w.org\/{rel}","templated":true}]}}