{"id":78324,"date":"2023-12-13T10:17:52","date_gmt":"2023-12-13T09:17:52","guid":{"rendered":"https:\/\/pistonaddict.com\/product\/fisker-karma-unterschrift-edition\/"},"modified":"2024-03-20T09:42:32","modified_gmt":"2024-03-20T08:42:32","slug":"fisker-karma-signatur-edition","status":"publish","type":"product","link":"https:\/\/pistonaddict.com\/de\/product\/fisker-karma-signatur-edition\/","title":{"rendered":"Fisker Karma Unterschrift Edition"},"content":{"rendered":"<p><strong>Auto-Geschichte<\/strong><\/p>\n<p>Bevor der Karma 2011 auf den Markt kam, waren Hybride ziemlich langweilige und unaufregende Fahrzeuge. Doch dann pr\u00e4sentierte Fisker den Karma mit einem auff\u00e4lligen Design, einer niedrigen Silhouette, einer muskul\u00f6sen Haltung und einzigartigen Formen. Es war und ist immer noch etwas Au\u00dfergew\u00f6hnliches. Unter der verf\u00fchrerischen Karosserie verbirgt sich eine Vielzahl innovativer Technologien. Der Hauptmotor ist ein turbogeladener 2,0-Liter-Motor von GM mit 260 PS und zwei Elektromotoren an der Hinterachse. Ein 20,1 kWh-Batteriepaket speist die Elektromotoren mit je 120 kW (403 PS).<\/p>\n<p>Interessanterweise befinden sich die Batterien in der Mitte des Fahrzeugs, was dem Karma einen niedrigen Schwerpunkt und eine hervorragende Stra\u00dfenlage verleiht. Auch das Arbeitsprinzip ist einzigartig. Das Fahrzeug mit Automatikgetriebe hatte eine Reichweite von etwa 80 km bei reinem Elektroantrieb. Wenn die Batterien jedoch leer sind, schaltet der Fahrer den Benzinmotor ein, der den Generator antreibt, der die Elektromotoren versorgt. Der Karma ist also ein Benzin-Elektro-Hybrid, wobei der Schwerpunkt auf dem elektrischen Teil liegt. Dieses Modell wurde an ein Mitglied der Fisker-Familie und einen der urspr\u00fcnglichen Investoren ausgeliefert, was es zu einem au\u00dfergew\u00f6hnlichen Teil der Unternehmensgeschichte macht.<\/p>\n<p><strong>Innenbereich<\/strong><\/p>\n<p>Der Innenraum dieses Exemplars ist mit einer Kombination aus schwarzem und hellbraunem Leder ausgestattet, was ihn zu einem charmanten Ort macht. Die Sitze haben keine Kratzer, und alles ist funktionst\u00fcchtig. Er ist mit einem optionalen Infotainment-System mit einem Display auf dem Armaturenbrett ausgestattet.<\/p>\n<p><strong>Zustand<\/strong><\/p>\n<p>Mit 80.000 km, kompletter Servicehistorie und nur einem Besitzer ist dieser Karma in einem idealen Zustand. Es gibt keine Unf\u00e4lle oder Sch\u00e4den, und die Innenausstattung ist in neuem Zustand. Interessanterweise ist der Karma mit einem Solarzellendach ausgestattet, das Sonnenenergie in Strom umwandelt und die Batterie bei Bedarf abschaltet. In diesem Beispiel ist das Solardach vorhanden und in perfektem Zustand. <strong>Dieses besondere Exemplar ist die Nummer 61 von 100, die mit dem Signature Edition-Paket hergestellt wurden<\/strong>, was wichtig ist, da seine Geschichte innerhalb der Fisker-Community verfolgt werden kann. Da dieses Exemplar von historischer Bedeutung ist, wurde es von einem der besten Fisker-Spezialisten der Welt gewartet, und es liegen regelm\u00e4\u00dfige Wartungsunterlagen vor. Die letzte Wartung und der letzte \u00d6lwechsel wurden im Oktober 2023 durchgef\u00fchrt, die Bremsen wurden erst vor wenigen Tagen im Dezember 2023 \u00fcberholt.<\/p>\n<p><strong>\u00c4u\u00dferes und R\u00e4der<\/strong><\/p>\n<p>Die einzigartige silberne Lackierung passt perfekt zur zweifarbigen Innenausstattung ohne Kratzer und Dellen. Der Wagen wird mit 21-Zoll-Winterreifen in perfektem Zustand ausgeliefert. 22-Zoll-R\u00e4der mit Sommerreifen sind aufpreispflichtig. Die Reifen sind aus dem Jahr 2023.<\/p>\n<p><strong>Dokumentation<\/strong><\/p>\n<p>Der private Verk\u00e4ufer verkauft dieses Fahrzeug mit entsprechender Dokumentation in Deutschland. Der <a href=\"https:\/\/pistonaddict.com\/wp-content\/uploads\/2023\/12\/FiskerKarma.pdf\">CarVertical-Bericht<\/a> ist sauber; es gibt keine Belege f\u00fcr Unf\u00e4lle, Unfallreparaturen, Eigentumsverh\u00e4ltnisse oder rechtliche Probleme. Es gibt Aufzeichnungen \u00fcber die regelm\u00e4\u00dfige Wartung, Verkaufsrechnungen und Quittungen. F\u00fcr dieses Modell gibt es keine Werksgarantie.<\/p>\n<p><strong><br \/>\nSehen Sie sich das Kaltstartvideo dieses sch\u00f6nen Fisker Karma silver Signature an:<\/strong><\/p>\n<p><iframe title=\"Cold Start Video of the Fisker Karma Signature for auction sale\" width=\"1200\" height=\"675\" src=\"https:\/\/www.youtube.com\/embed\/sOmYYpDT2U8?feature=oembed\" frameborder=\"0\" allow=\"accelerometer; autoplay; clipboard-write; encrypted-media; gyroscope; picture-in-picture; web-share\" allowfullscreen><\/iframe><\/p>\n","protected":false},"excerpt":{"rendered":"<p>Der Fisker Karma ist nicht nur ein revolution\u00e4rer Hybrid, sondern auch eines der coolsten Autos des 21. Jahrhunderts. Mit nur etwas mehr als 3000 Exemplaren ist sie sehr selten, aber dieses Exemplar ist noch seltener. Der silberne 2012er Karma, den wir heute anbieten, ist ein 1 von 100 Signature Edition-Modellen und wurde sogar von Henrik Fisker, dem Eigent\u00fcmer des Unternehmens, pers\u00f6nlich signiert. Wenn Sie auf der Suche nach einem Sammlertraum sind, dann ist es dieser.<\/p>\n","protected":false},"featured_media":77663,"comment_status":"open","ping_status":"closed","template":"","meta":{"inline_featured_image":false},"product_cat":[702],"product_tag":[2780,2781,901,1802,1799],"acf":[],"yoast_head":"<!-- This site is optimized with the Yoast SEO plugin v22.5 - https:\/\/yoast.com\/wordpress\/plugins\/seo\/ -->\n<title>Auktion -<\/title>\n<meta name=\"robots\" content=\"index, follow, max-snippet:-1, max-image-preview:large, max-video-preview:-1\" \/>\n<link rel=\"canonical\" href=\"https:\/\/pistonaddict.com\/de\/product\/fisker-karma-signatur-edition\/\" \/>\n<meta property=\"og:locale\" content=\"de_DE\" \/>\n<meta property=\"og:type\" content=\"article\" \/>\n<meta property=\"og:title\" content=\"Auktion -\" \/>\n<meta property=\"og:description\" content=\"Der Fisker Karma ist nicht nur ein revolution\u00e4rer Hybrid, sondern auch eines der coolsten Autos des 21. Jahrhunderts. Mit nur etwas mehr als 3000 Exemplaren ist sie sehr selten, aber dieses Exemplar ist noch seltener. Der silberne 2012er Karma, den wir heute anbieten, ist ein 1 von 100 Signature Edition-Modellen und wurde sogar von Henrik Fisker, dem Eigent\u00fcmer des Unternehmens, pers\u00f6nlich signiert. Wenn Sie auf der Suche nach einem Sammlertraum sind, dann ist es dieser.\" \/>\n<meta property=\"og:url\" content=\"https:\/\/pistonaddict.com\/de\/product\/fisker-karma-signatur-edition\/\" \/>\n<meta property=\"og:site_name\" content=\"Piston Addict\" \/>\n<meta property=\"article:modified_time\" content=\"2024-03-20T08:42:32+00:00\" \/>\n<meta property=\"og:image\" content=\"https:\/\/pistonaddict.com\/wp-content\/uploads\/2023\/12\/20210129_085341.jpg\" \/>\n\t<meta property=\"og:image:width\" content=\"1762\" \/>\n\t<meta property=\"og:image:height\" content=\"752\" \/>\n\t<meta property=\"og:image:type\" content=\"image\/jpeg\" \/>\n<meta name=\"twitter:card\" content=\"summary_large_image\" \/>\n<meta name=\"twitter:label1\" content=\"Gesch\u00e4tzte Lesezeit\" \/>\n\t<meta name=\"twitter:data1\" content=\"2\u00a0Minuten\" \/>\n<script type=\"application\/ld+json\" class=\"yoast-schema-graph\">{\"@context\":\"https:\/\/schema.org\",\"@graph\":[{\"@type\":\"WebPage\",\"@id\":\"https:\/\/pistonaddict.com\/de\/product\/fisker-karma-signatur-edition\/\",\"url\":\"https:\/\/pistonaddict.com\/de\/product\/fisker-karma-signatur-edition\/\",\"name\":\"Auktion -\",\"isPartOf\":{\"@id\":\"https:\/\/pistonaddict.com\/de\/#website\"},\"primaryImageOfPage\":{\"@id\":\"https:\/\/pistonaddict.com\/de\/product\/fisker-karma-signatur-edition\/#primaryimage\"},\"image\":{\"@id\":\"https:\/\/pistonaddict.com\/de\/product\/fisker-karma-signatur-edition\/#primaryimage\"},\"thumbnailUrl\":\"https:\/\/pistonaddict.com\/wp-content\/uploads\/2023\/12\/20210129_085341.jpg\",\"datePublished\":\"2023-12-13T09:17:52+00:00\",\"dateModified\":\"2024-03-20T08:42:32+00:00\",\"breadcrumb\":{\"@id\":\"https:\/\/pistonaddict.com\/de\/product\/fisker-karma-signatur-edition\/#breadcrumb\"},\"inLanguage\":\"de\",\"potentialAction\":[{\"@type\":\"ReadAction\",\"target\":[\"https:\/\/pistonaddict.com\/de\/product\/fisker-karma-signatur-edition\/\"]}]},{\"@type\":\"ImageObject\",\"inLanguage\":\"de\",\"@id\":\"https:\/\/pistonaddict.com\/de\/product\/fisker-karma-signatur-edition\/#primaryimage\",\"url\":\"https:\/\/pistonaddict.com\/wp-content\/uploads\/2023\/12\/20210129_085341.jpg\",\"contentUrl\":\"https:\/\/pistonaddict.com\/wp-content\/uploads\/2023\/12\/20210129_085341.jpg\",\"width\":1762,\"height\":752},{\"@type\":\"BreadcrumbList\",\"@id\":\"https:\/\/pistonaddict.com\/de\/product\/fisker-karma-signatur-edition\/#breadcrumb\",\"itemListElement\":[{\"@type\":\"ListItem\",\"position\":1,\"name\":\"Startseite\",\"item\":\"https:\/\/pistonaddict.com\/de\/homepage\/\"},{\"@type\":\"ListItem\",\"position\":2,\"name\":\"Auctions\",\"item\":\"https:\/\/pistonaddict.com\/auctions-listing\/\"},{\"@type\":\"ListItem\",\"position\":3,\"name\":\"Fisker Karma Unterschrift Edition\"}]},{\"@type\":\"WebSite\",\"@id\":\"https:\/\/pistonaddict.com\/de\/#website\",\"url\":\"https:\/\/pistonaddict.com\/de\/\",\"name\":\"Piston Addict\",\"description\":\"Only interesting vehicles\",\"publisher\":{\"@id\":\"https:\/\/pistonaddict.com\/de\/#organization\"},\"potentialAction\":[{\"@type\":\"SearchAction\",\"target\":{\"@type\":\"EntryPoint\",\"urlTemplate\":\"https:\/\/pistonaddict.com\/de\/?s={search_term_string}\"},\"query-input\":\"required name=search_term_string\"}],\"inLanguage\":\"de\"},{\"@type\":\"Organization\",\"@id\":\"https:\/\/pistonaddict.com\/de\/#organization\",\"name\":\"Piston Addict\",\"url\":\"https:\/\/pistonaddict.com\/de\/\",\"logo\":{\"@type\":\"ImageObject\",\"inLanguage\":\"de\",\"@id\":\"https:\/\/pistonaddict.com\/de\/#\/schema\/logo\/image\/\",\"url\":\"https:\/\/pistonaddict.com\/wp-content\/uploads\/2022\/07\/logo-6.png\",\"contentUrl\":\"https:\/\/pistonaddict.com\/wp-content\/uploads\/2022\/07\/logo-6.png\",\"width\":970,\"height\":200,\"caption\":\"Piston Addict\"},\"image\":{\"@id\":\"https:\/\/pistonaddict.com\/de\/#\/schema\/logo\/image\/\"}}]}<\/script>\n<!-- \/ Yoast SEO plugin. -->","yoast_head_json":{"title":"Auktion -","robots":{"index":"index","follow":"follow","max-snippet":"max-snippet:-1","max-image-preview":"max-image-preview:large","max-video-preview":"max-video-preview:-1"},"canonical":"https:\/\/pistonaddict.com\/de\/product\/fisker-karma-signatur-edition\/","og_locale":"de_DE","og_type":"article","og_title":"Auktion -","og_description":"Der Fisker Karma ist nicht nur ein revolution\u00e4rer Hybrid, sondern auch eines der coolsten Autos des 21. Jahrhunderts. Mit nur etwas mehr als 3000 Exemplaren ist sie sehr selten, aber dieses Exemplar ist noch seltener. Der silberne 2012er Karma, den wir heute anbieten, ist ein 1 von 100 Signature Edition-Modellen und wurde sogar von Henrik Fisker, dem Eigent\u00fcmer des Unternehmens, pers\u00f6nlich signiert. Wenn Sie auf der Suche nach einem Sammlertraum sind, dann ist es dieser.","og_url":"https:\/\/pistonaddict.com\/de\/product\/fisker-karma-signatur-edition\/","og_site_name":"Piston Addict","article_modified_time":"2024-03-20T08:42:32+00:00","og_image":[{"width":1762,"height":752,"url":"https:\/\/pistonaddict.com\/wp-content\/uploads\/2023\/12\/20210129_085341.jpg","type":"image\/jpeg"}],"twitter_card":"summary_large_image","twitter_misc":{"Gesch\u00e4tzte Lesezeit":"2\u00a0Minuten"},"schema":{"@context":"https:\/\/schema.org","@graph":[{"@type":"WebPage","@id":"https:\/\/pistonaddict.com\/de\/product\/fisker-karma-signatur-edition\/","url":"https:\/\/pistonaddict.com\/de\/product\/fisker-karma-signatur-edition\/","name":"Auktion -","isPartOf":{"@id":"https:\/\/pistonaddict.com\/de\/#website"},"primaryImageOfPage":{"@id":"https:\/\/pistonaddict.com\/de\/product\/fisker-karma-signatur-edition\/#primaryimage"},"image":{"@id":"https:\/\/pistonaddict.com\/de\/product\/fisker-karma-signatur-edition\/#primaryimage"},"thumbnailUrl":"https:\/\/pistonaddict.com\/wp-content\/uploads\/2023\/12\/20210129_085341.jpg","datePublished":"2023-12-13T09:17:52+00:00","dateModified":"2024-03-20T08:42:32+00:00","breadcrumb":{"@id":"https:\/\/pistonaddict.com\/de\/product\/fisker-karma-signatur-edition\/#breadcrumb"},"inLanguage":"de","potentialAction":[{"@type":"ReadAction","target":["https:\/\/pistonaddict.com\/de\/product\/fisker-karma-signatur-edition\/"]}]},{"@type":"ImageObject","inLanguage":"de","@id":"https:\/\/pistonaddict.com\/de\/product\/fisker-karma-signatur-edition\/#primaryimage","url":"https:\/\/pistonaddict.com\/wp-content\/uploads\/2023\/12\/20210129_085341.jpg","contentUrl":"https:\/\/pistonaddict.com\/wp-content\/uploads\/2023\/12\/20210129_085341.jpg","width":1762,"height":752},{"@type":"BreadcrumbList","@id":"https:\/\/pistonaddict.com\/de\/product\/fisker-karma-signatur-edition\/#breadcrumb","itemListElement":[{"@type":"ListItem","position":1,"name":"Startseite","item":"https:\/\/pistonaddict.com\/de\/homepage\/"},{"@type":"ListItem","position":2,"name":"Auctions","item":"https:\/\/pistonaddict.com\/auctions-listing\/"},{"@type":"ListItem","position":3,"name":"Fisker Karma Unterschrift Edition"}]},{"@type":"WebSite","@id":"https:\/\/pistonaddict.com\/de\/#website","url":"https:\/\/pistonaddict.com\/de\/","name":"Piston Addict","description":"Only interesting vehicles","publisher":{"@id":"https:\/\/pistonaddict.com\/de\/#organization"},"potentialAction":[{"@type":"SearchAction","target":{"@type":"EntryPoint","urlTemplate":"https:\/\/pistonaddict.com\/de\/?s={search_term_string}"},"query-input":"required name=search_term_string"}],"inLanguage":"de"},{"@type":"Organization","@id":"https:\/\/pistonaddict.com\/de\/#organization","name":"Piston Addict","url":"https:\/\/pistonaddict.com\/de\/","logo":{"@type":"ImageObject","inLanguage":"de","@id":"https:\/\/pistonaddict.com\/de\/#\/schema\/logo\/image\/","url":"https:\/\/pistonaddict.com\/wp-content\/uploads\/2022\/07\/logo-6.png","contentUrl":"https:\/\/pistonaddict.com\/wp-content\/uploads\/2022\/07\/logo-6.png","width":970,"height":200,"caption":"Piston Addict"},"image":{"@id":"https:\/\/pistonaddict.com\/de\/#\/schema\/logo\/image\/"}}]}},"_links":{"self":[{"href":"https:\/\/pistonaddict.com\/de\/wp-json\/wp\/v2\/product\/78324"}],"collection":[{"href":"https:\/\/pistonaddict.com\/de\/wp-json\/wp\/v2\/product"}],"about":[{"href":"https:\/\/pistonaddict.com\/de\/wp-json\/wp\/v2\/types\/product"}],"replies":[{"embeddable":true,"href":"https:\/\/pistonaddict.com\/de\/wp-json\/wp\/v2\/comments?post=78324"}],"wp:featuredmedia":[{"embeddable":true,"href":"https:\/\/pistonaddict.com\/de\/wp-json\/wp\/v2\/media\/77663"}],"wp:attachment":[{"href":"https:\/\/pistonaddict.com\/de\/wp-json\/wp\/v2\/media?parent=78324"}],"wp:term":[{"taxonomy":"product_cat","embeddable":true,"href":"https:\/\/pistonaddict.com\/de\/wp-json\/wp\/v2\/product_cat?post=78324"},{"taxonomy":"product_tag","embeddable":true,"href":"https:\/\/pistonaddict.com\/de\/wp-json\/wp\/v2\/product_tag?post=78324"}],"curies":[{"name":"wp","href":"https:\/\/api.w.org\/{rel}","templated":true}]}}